{"id":29745,"date":"2019-07-05T09:30:48","date_gmt":"2019-07-05T07:30:48","guid":{"rendered":"https:\/\/www.editorialjuventud.es\/narval-i-lludri-9788426146076\/"},"modified":"2025-01-22T12:53:20","modified_gmt":"2025-01-22T11:53:20","slug":"narval-i-lludri-9788426146076","status":"publish","type":"product","link":"https:\/\/www.editorialjuventud.es\/ca\/narval-i-lludri-9788426146076\/","title":{"rendered":"Narval i Lludri"},"content":{"rendered":"<p>Narval i Medu s\u00f3n el millor equip de tots els temps! Ning\u00fa pot interposar-se en el seu cam\u00ed! B\u00e9, aix\u00f2 fins que coneixen a Lludri, la superaventurera!&#8230; De sobte les coses no semblaven tan s\u00faper per a la Medu&#8230;<\/p>\n<p>Qu\u00e8 passa entre dos superbons amics quan coneixen un nou superamic? Pot la gelosia acabar amb una amistat? Narval i Medu tornen per explicar-nos la seva pr\u00f2pia experi\u00e8ncia amb grans dosis d&#8217;humor. Ja tenim aqu\u00ed el tercer t\u00edtol dels Llibres de Narval i Medu. Una magn\u00edfica s\u00e8rie perqu\u00e8 els petits comencin a ser lectors aut\u00f2noms, descobrint algunes de les infinites curiositats del mar i contagiant-se de la m\u00e0gia d&#8217;aquests entranyables personatges que no deixaran ning\u00fa indiferent.<\/p>\n","protected":false},"excerpt":{"rendered":"Narval i Medu s\u00f3n el millor equip de tots els temps! Ning\u00fa pot interposar-se en el seu cam\u00ed! B\u00e9, aix\u00f2 fins que coneixen a Lludri, la superaventurera!&#8230; De sobte les coses no semblaven tan s\u00faper per a la Medu&#8230; Qu\u00e8 [&hellip;]","protected":false},"featured_media":29746,"template":"","meta":{"_acf_changed":false,"_exactmetrics_skip_tracking":false,"_exactmetrics_sitenote_active":false,"_exactmetrics_sitenote_note":"","_exactmetrics_sitenote_category":0},"product_brand":[],"product_cat":[902,1121,1136,1138,1146,1127,1184,1193],"product_tag":[],"coleccion":[915,922,977],"class_list":{"0":"post-29745","1":"product","2":"type-product","3":"status-publish","4":"has-post-thumbnail","6":"product_cat-a-partir-de-7-anos","7":"product_cat-albumes-ilustrados","8":"product_cat-amistad","9":"product_cat-animales","10":"product_cat-celos","11":"product_cat-comic","12":"product_cat-humor","13":"product_cat-mar-oceano","14":"coleccion-catala","15":"coleccion-joventut-comic","16":"coleccion-llibres-de-narval-i-medu","18":"first","19":"instock","20":"taxable","21":"shipping-taxable","22":"purchasable","23":"product-type-simple"},"acf":{"indice":"","autor":"Clanton, Ben","codart":"4607","ediciones":"4","encuadernacion":"Carton\u00e9","fecha_de_publicacion":"01\/07\/2019","novedad":"0","paginas":"64","subtitulo":"","texto_web_adicional":"","autores-libros":[16284],"ilustradores-libros":[16284],"texto_web_novedad":"","orden":"999","portada":"0","texto_web_resaltado":"","traductores-libros":[17378],"descripcion_corta":"Narval i Medu s\u00f3n el millor equip de tots els temps! Ning\u00fa pot interposar-se en el seu cam\u00ed! B\u00e9, aix\u00f2 fins que coneixen a Lludri, la superaventurera!... De sobte les coses no semblaven tan s\u00faper per a la Medu...","recomendamos":"","mas_vendido":"","idioma-libro":"","color":false,"formato":"","mas_informacion_del_producto":false,"premios":false,"texto_enlace_cubierta":"","enlace_cubierta":{"ID":29798,"id":29798,"title":"cover NARVAL Y LA NUTRY.indd","filename":"Narval-i-Lludri_Cover_300px_CAT-1.jpg","filesize":618437,"url":"https:\/\/www.editorialjuventud.es\/wp-content\/uploads\/Narval-i-Lludri_Cover_300px_CAT-1.jpg","link":"https:\/\/www.editorialjuventud.es\/ca\/?attachment_id=29798","alt":"","author":"50","description":"","caption":"","name":"cover-narval-y-la-nutry-indd-2","status":"inherit","uploaded_to":29745,"date":"2019-07-08 10:14:07","modified":"2019-07-08 10:14:07","menu_order":0,"mime_type":"image\/jpeg","type":"image","subtype":"jpeg","icon":"https:\/\/www.editorialjuventud.es\/wp-includes\/images\/media\/default.png","width":1876,"height":2476,"sizes":{"thumbnail":"https:\/\/www.editorialjuventud.es\/wp-content\/uploads\/Narval-i-Lludri_Cover_300px_CAT-1-200x200.jpg","thumbnail-width":200,"thumbnail-height":200,"medium":"https:\/\/www.editorialjuventud.es\/wp-content\/uploads\/Narval-i-Lludri_Cover_300px_CAT-1.jpg","medium-width":1876,"medium-height":2476,"medium_large":"https:\/\/www.editorialjuventud.es\/wp-content\/uploads\/Narval-i-Lludri_Cover_300px_CAT-1-768x1014.jpg","medium_large-width":768,"medium_large-height":1014,"large":"https:\/\/www.editorialjuventud.es\/wp-content\/uploads\/Narval-i-Lludri_Cover_300px_CAT-1.jpg","large-width":1876,"large-height":2476,"1536x1536":"https:\/\/www.editorialjuventud.es\/wp-content\/uploads\/Narval-i-Lludri_Cover_300px_CAT-1.jpg","1536x1536-width":1164,"1536x1536-height":1536,"2048x2048":"https:\/\/www.editorialjuventud.es\/wp-content\/uploads\/Narval-i-Lludri_Cover_300px_CAT-1.jpg","2048x2048-width":1552,"2048x2048-height":2048,"woocommerce_thumbnail":"https:\/\/www.editorialjuventud.es\/wp-content\/uploads\/Narval-i-Lludri_Cover_300px_CAT-1-350x462.jpg","woocommerce_thumbnail-width":350,"woocommerce_thumbnail-height":462,"woocommerce_single":"https:\/\/www.editorialjuventud.es\/wp-content\/uploads\/Narval-i-Lludri_Cover_300px_CAT-1-900x1188.jpg","woocommerce_single-width":900,"woocommerce_single-height":1188,"woocommerce_gallery_thumbnail":"https:\/\/www.editorialjuventud.es\/wp-content\/uploads\/Narval-i-Lludri_Cover_300px_CAT-1-100x100.jpg","woocommerce_gallery_thumbnail-width":100,"woocommerce_gallery_thumbnail-height":100,"ppec_logo_image_size":"https:\/\/www.editorialjuventud.es\/wp-content\/uploads\/Narval-i-Lludri_Cover_300px_CAT-1.jpg","ppec_logo_image_size-width":45,"ppec_logo_image_size-height":60,"ppec_header_image_size":"https:\/\/www.editorialjuventud.es\/wp-content\/uploads\/Narval-i-Lludri_Cover_300px_CAT-1.jpg","ppec_header_image_size-width":68,"ppec_header_image_size-height":90}},"texto_enlace_ficha_tecnica":"","enlace_ficha_tecnica":{"ID":29794,"id":29794,"title":"Narval i Lludri_CAT_V4","filename":"Narval-i-Lludri_CAT_V4.pdf","filesize":1939861,"url":"https:\/\/www.editorialjuventud.es\/wp-content\/uploads\/Narval-i-Lludri_CAT_V4.pdf","link":"https:\/\/www.editorialjuventud.es\/ca\/?attachment_id=29794","alt":"","author":"50","description":"","caption":"","name":"narval-i-lludri_cat_v4","status":"inherit","uploaded_to":29745,"date":"2019-07-08 10:05:24","modified":"2019-07-08 10:05:24","menu_order":0,"mime_type":"application\/pdf","type":"application","subtype":"pdf","icon":"https:\/\/www.editorialjuventud.es\/wp-includes\/images\/media\/document.png"},"ficheros":false,"titulo-fr":"","texto-fr":"","fecha_de_reimpresion":"01\/06\/2023","deshabilitar_compra":[]},"yoast_head":"<!-- This site is optimized with the Yoast SEO plugin v27.3 - https:\/\/yoast.com\/product\/yoast-seo-wordpress\/ -->\n<title>Narval i Lludri - Editorial Juventud<\/title>\n<meta name=\"description\" content=\"Narval i Medu s\u00f3n el millor equip de tots els temps! Ning\u00fa pot interposar-se en el seu cam\u00ed! B\u00e9, aix\u00f2 fins que coneixen a Lludri, la superaventurera!... De sobte les coses no semblaven tan s\u00faper per a la Medu...\" \/>\n<meta name=\"robots\" content=\"index, follow, max-snippet:-1, max-image-preview:large, max-video-preview:-1\" \/>\n<link rel=\"canonical\" href=\"https:\/\/www.editorialjuventud.es\/narval-i-lludri-9788426146076\/\" \/>\n<meta property=\"og:locale\" content=\"ca_ES\" \/>\n<meta property=\"og:type\" content=\"article\" \/>\n<meta property=\"og:title\" content=\"Narval i Lludri - Editorial Juventud\" \/>\n<meta property=\"og:description\" content=\"Narval i Medu s\u00f3n el millor equip de tots els temps! Ning\u00fa pot interposar-se en el seu cam\u00ed! B\u00e9, aix\u00f2 fins que coneixen a Lludri, la superaventurera!... De sobte les coses no semblaven tan s\u00faper per a la Medu...\" \/>\n<meta property=\"og:url\" content=\"https:\/\/www.editorialjuventud.es\/narval-i-lludri-9788426146076\/\" \/>\n<meta property=\"og:site_name\" content=\"Editorial Juventud\" \/>\n<meta property=\"article:modified_time\" content=\"2025-01-22T11:53:20+00:00\" \/>\n<meta property=\"og:image\" content=\"https:\/\/www.editorialjuventud.es\/wp-content\/uploads\/9788426146076.jpg\" \/>\n\t<meta property=\"og:image:width\" content=\"425\" \/>\n\t<meta property=\"og:image:height\" content=\"561\" \/>\n\t<meta property=\"og:image:type\" content=\"image\/jpeg\" \/>\n<meta name=\"twitter:card\" content=\"summary_large_image\" \/>\n<meta name=\"twitter:label1\" content=\"Temps estimat de lectura\" \/>\n\t<meta name=\"twitter:data1\" content=\"1 minut\" \/>\n<script type=\"application\/ld+json\" class=\"yoast-schema-graph\">{\"@context\":\"https:\\\/\\\/schema.org\",\"@graph\":[{\"@type\":\"WebPage\",\"@id\":\"https:\\\/\\\/www.editorialjuventud.es\\\/narval-i-lludri-9788426146076\\\/\",\"url\":\"https:\\\/\\\/www.editorialjuventud.es\\\/narval-i-lludri-9788426146076\\\/\",\"name\":\"Narval i Lludri - Editorial Juventud\",\"isPartOf\":{\"@id\":\"https:\\\/\\\/www.editorialjuventud.es\\\/#website\"},\"primaryImageOfPage\":{\"@id\":\"https:\\\/\\\/www.editorialjuventud.es\\\/narval-i-lludri-9788426146076\\\/#primaryimage\"},\"image\":{\"@id\":\"https:\\\/\\\/www.editorialjuventud.es\\\/narval-i-lludri-9788426146076\\\/#primaryimage\"},\"thumbnailUrl\":\"https:\\\/\\\/www.editorialjuventud.es\\\/wp-content\\\/uploads\\\/9788426146076.jpg\",\"datePublished\":\"2019-07-05T07:30:48+00:00\",\"dateModified\":\"2025-01-22T11:53:20+00:00\",\"description\":\"Narval i Medu s\u00f3n el millor equip de tots els temps! Ning\u00fa pot interposar-se en el seu cam\u00ed! B\u00e9, aix\u00f2 fins que coneixen a Lludri, la superaventurera!... De sobte les coses no semblaven tan s\u00faper per a la Medu...\",\"breadcrumb\":{\"@id\":\"https:\\\/\\\/www.editorialjuventud.es\\\/narval-i-lludri-9788426146076\\\/#breadcrumb\"},\"inLanguage\":\"ca\",\"potentialAction\":[{\"@type\":\"ReadAction\",\"target\":[\"https:\\\/\\\/www.editorialjuventud.es\\\/narval-i-lludri-9788426146076\\\/\"]}]},{\"@type\":\"ImageObject\",\"inLanguage\":\"ca\",\"@id\":\"https:\\\/\\\/www.editorialjuventud.es\\\/narval-i-lludri-9788426146076\\\/#primaryimage\",\"url\":\"https:\\\/\\\/www.editorialjuventud.es\\\/wp-content\\\/uploads\\\/9788426146076.jpg\",\"contentUrl\":\"https:\\\/\\\/www.editorialjuventud.es\\\/wp-content\\\/uploads\\\/9788426146076.jpg\",\"width\":425,\"height\":561,\"caption\":\"9788426146076.jpg\"},{\"@type\":\"BreadcrumbList\",\"@id\":\"https:\\\/\\\/www.editorialjuventud.es\\\/narval-i-lludri-9788426146076\\\/#breadcrumb\",\"itemListElement\":[{\"@type\":\"ListItem\",\"position\":1,\"name\":\"Portada\",\"item\":\"https:\\\/\\\/www.editorialjuventud.es\\\/\"},{\"@type\":\"ListItem\",\"position\":2,\"name\":\"cat\u00e1logo\",\"item\":\"https:\\\/\\\/www.editorialjuventud.es\\\/coleccion\\\/catalogo\\\/\"},{\"@type\":\"ListItem\",\"position\":3,\"name\":\"catal\u00e0\",\"item\":\"https:\\\/\\\/www.editorialjuventud.es\\\/coleccion\\\/catala\\\/\"},{\"@type\":\"ListItem\",\"position\":4,\"name\":\"Joventut C\u00f2mic\",\"item\":\"https:\\\/\\\/www.editorialjuventud.es\\\/ca\\\/coleccion\\\/joventut-comic\\\/\"},{\"@type\":\"ListItem\",\"position\":5,\"name\":\"Llibres de Narval i Medu\",\"item\":\"https:\\\/\\\/www.editorialjuventud.es\\\/ca\\\/coleccion\\\/llibres-de-narval-i-medu\\\/\"},{\"@type\":\"ListItem\",\"position\":6,\"name\":\"Narval i Lludri\"}]},{\"@type\":\"WebSite\",\"@id\":\"https:\\\/\\\/www.editorialjuventud.es\\\/#website\",\"url\":\"https:\\\/\\\/www.editorialjuventud.es\\\/\",\"name\":\"Editorial Juventud\",\"description\":\"\",\"potentialAction\":[{\"@type\":\"SearchAction\",\"target\":{\"@type\":\"EntryPoint\",\"urlTemplate\":\"https:\\\/\\\/www.editorialjuventud.es\\\/?s={search_term_string}\"},\"query-input\":{\"@type\":\"PropertyValueSpecification\",\"valueRequired\":true,\"valueName\":\"search_term_string\"}}],\"inLanguage\":\"ca\"}]}<\/script>\n<!-- \/ Yoast SEO plugin. -->","yoast_head_json":{"title":"Narval i Lludri - Editorial Juventud","description":"Narval i Medu s\u00f3n el millor equip de tots els temps! Ning\u00fa pot interposar-se en el seu cam\u00ed! B\u00e9, aix\u00f2 fins que coneixen a Lludri, la superaventurera!... De sobte les coses no semblaven tan s\u00faper per a la Medu...","robots":{"index":"index","follow":"follow","max-snippet":"max-snippet:-1","max-image-preview":"max-image-preview:large","max-video-preview":"max-video-preview:-1"},"canonical":"https:\/\/www.editorialjuventud.es\/narval-i-lludri-9788426146076\/","og_locale":"ca_ES","og_type":"article","og_title":"Narval i Lludri - Editorial Juventud","og_description":"Narval i Medu s\u00f3n el millor equip de tots els temps! Ning\u00fa pot interposar-se en el seu cam\u00ed! B\u00e9, aix\u00f2 fins que coneixen a Lludri, la superaventurera!... De sobte les coses no semblaven tan s\u00faper per a la Medu...","og_url":"https:\/\/www.editorialjuventud.es\/narval-i-lludri-9788426146076\/","og_site_name":"Editorial Juventud","article_modified_time":"2025-01-22T11:53:20+00:00","og_image":[{"width":425,"height":561,"url":"https:\/\/www.editorialjuventud.es\/wp-content\/uploads\/9788426146076.jpg","type":"image\/jpeg"}],"twitter_card":"summary_large_image","twitter_misc":{"Temps estimat de lectura":"1 minut"},"schema":{"@context":"https:\/\/schema.org","@graph":[{"@type":"WebPage","@id":"https:\/\/www.editorialjuventud.es\/narval-i-lludri-9788426146076\/","url":"https:\/\/www.editorialjuventud.es\/narval-i-lludri-9788426146076\/","name":"Narval i Lludri - Editorial Juventud","isPartOf":{"@id":"https:\/\/www.editorialjuventud.es\/#website"},"primaryImageOfPage":{"@id":"https:\/\/www.editorialjuventud.es\/narval-i-lludri-9788426146076\/#primaryimage"},"image":{"@id":"https:\/\/www.editorialjuventud.es\/narval-i-lludri-9788426146076\/#primaryimage"},"thumbnailUrl":"https:\/\/www.editorialjuventud.es\/wp-content\/uploads\/9788426146076.jpg","datePublished":"2019-07-05T07:30:48+00:00","dateModified":"2025-01-22T11:53:20+00:00","description":"Narval i Medu s\u00f3n el millor equip de tots els temps! Ning\u00fa pot interposar-se en el seu cam\u00ed! B\u00e9, aix\u00f2 fins que coneixen a Lludri, la superaventurera!... De sobte les coses no semblaven tan s\u00faper per a la Medu...","breadcrumb":{"@id":"https:\/\/www.editorialjuventud.es\/narval-i-lludri-9788426146076\/#breadcrumb"},"inLanguage":"ca","potentialAction":[{"@type":"ReadAction","target":["https:\/\/www.editorialjuventud.es\/narval-i-lludri-9788426146076\/"]}]},{"@type":"ImageObject","inLanguage":"ca","@id":"https:\/\/www.editorialjuventud.es\/narval-i-lludri-9788426146076\/#primaryimage","url":"https:\/\/www.editorialjuventud.es\/wp-content\/uploads\/9788426146076.jpg","contentUrl":"https:\/\/www.editorialjuventud.es\/wp-content\/uploads\/9788426146076.jpg","width":425,"height":561,"caption":"9788426146076.jpg"},{"@type":"BreadcrumbList","@id":"https:\/\/www.editorialjuventud.es\/narval-i-lludri-9788426146076\/#breadcrumb","itemListElement":[{"@type":"ListItem","position":1,"name":"Portada","item":"https:\/\/www.editorialjuventud.es\/"},{"@type":"ListItem","position":2,"name":"cat\u00e1logo","item":"https:\/\/www.editorialjuventud.es\/coleccion\/catalogo\/"},{"@type":"ListItem","position":3,"name":"catal\u00e0","item":"https:\/\/www.editorialjuventud.es\/coleccion\/catala\/"},{"@type":"ListItem","position":4,"name":"Joventut C\u00f2mic","item":"https:\/\/www.editorialjuventud.es\/ca\/coleccion\/joventut-comic\/"},{"@type":"ListItem","position":5,"name":"Llibres de Narval i Medu","item":"https:\/\/www.editorialjuventud.es\/ca\/coleccion\/llibres-de-narval-i-medu\/"},{"@type":"ListItem","position":6,"name":"Narval i Lludri"}]},{"@type":"WebSite","@id":"https:\/\/www.editorialjuventud.es\/#website","url":"https:\/\/www.editorialjuventud.es\/","name":"Editorial Juventud","description":"","potentialAction":[{"@type":"SearchAction","target":{"@type":"EntryPoint","urlTemplate":"https:\/\/www.editorialjuventud.es\/?s={search_term_string}"},"query-input":{"@type":"PropertyValueSpecification","valueRequired":true,"valueName":"search_term_string"}}],"inLanguage":"ca"}]}},"_links":{"self":[{"href":"https:\/\/www.editorialjuventud.es\/ca\/wp-json\/wp\/v2\/product\/29745","targetHints":{"allow":["GET"]}}],"collection":[{"href":"https:\/\/www.editorialjuventud.es\/ca\/wp-json\/wp\/v2\/product"}],"about":[{"href":"https:\/\/www.editorialjuventud.es\/ca\/wp-json\/wp\/v2\/types\/product"}],"wp:featuredmedia":[{"embeddable":true,"href":"https:\/\/www.editorialjuventud.es\/ca\/wp-json\/wp\/v2\/media\/29746"}],"wp:attachment":[{"href":"https:\/\/www.editorialjuventud.es\/ca\/wp-json\/wp\/v2\/media?parent=29745"}],"wp:term":[{"taxonomy":"product_brand","embeddable":true,"href":"https:\/\/www.editorialjuventud.es\/ca\/wp-json\/wp\/v2\/product_brand?post=29745"},{"taxonomy":"product_cat","embeddable":true,"href":"https:\/\/www.editorialjuventud.es\/ca\/wp-json\/wp\/v2\/product_cat?post=29745"},{"taxonomy":"product_tag","embeddable":true,"href":"https:\/\/www.editorialjuventud.es\/ca\/wp-json\/wp\/v2\/product_tag?post=29745"},{"taxonomy":"coleccion","embeddable":true,"href":"https:\/\/www.editorialjuventud.es\/ca\/wp-json\/wp\/v2\/coleccion?post=29745"}],"curies":[{"name":"wp","href":"https:\/\/api.w.org\/{rel}","templated":true}]}}