{"id":27146,"date":"2019-06-19T14:28:26","date_gmt":"2019-06-19T10:28:26","guid":{"rendered":"https:\/\/www.editorialjuventud.es\/submarino-9788426110312\/"},"modified":"2024-01-31T14:37:06","modified_gmt":"2024-01-31T13:37:06","slug":"submarino-9788426110312","status":"publish","type":"product","link":"https:\/\/www.editorialjuventud.es\/ca\/submarino-9788426110312\/","title":{"rendered":"\u00a1Submarino&#8230;!"},"content":{"rendered":"<p>\u00c9sta es la historia del submarino Trigger y de los que en \u00e9l lucharon en aguas del oc\u00e9ano Pac\u00edfico. Entrelaz\u00e1ndose con la historia del Trigger figuran en este libro otros apasionantes relatos sobre submarinos, cuya acci\u00f3n en la \u00faltima gran guerra fue muy importante, as\u00ed como an\u00e9cdotas sobre oficiales y soldados que lucharon en los submarinos Tang, Wahoo, Sea Wolf, Harder y otros.<br \/>\n\u00a1Submarino&#8230;! es la historia \u00edntima de una aventura a vida o muerte. Describe la acci\u00f3n de los buques ocultos bajo las aguas buscando y persiguiendo al enemigo, los momentos de terror y de incertidumbre cuando los destructores se lanzan por la superficie acechando al submarino, e incluso la m\u00e1s peligrosa de las luchas: la que se desarrolla entre submarinos.<br \/>\nApasionante a veces, amargo o sentimental, \u00a1Submarino&#8230;! no deja en el lector la menor duda: as\u00ed ocurri\u00f3 realmente. Todas las fotograf\u00edas que representan barcos hundi\u00e9ndose fueron tomadas a trav\u00e9s del periscopio.<\/p>\n","protected":false},"excerpt":{"rendered":"\u00c9sta es la historia del submarino Trigger y de los que en \u00e9l lucharon en aguas del oc\u00e9ano Pac\u00edfico. Entrelaz\u00e1ndose con la historia del Trigger figuran en este libro otros apasionantes relatos sobre submarinos, cuya acci\u00f3n en la \u00faltima gran [&hellip;]","protected":false},"featured_media":27147,"template":"","meta":{"_acf_changed":false,"_exactmetrics_skip_tracking":false,"_exactmetrics_sitenote_active":false,"_exactmetrics_sitenote_note":"","_exactmetrics_sitenote_category":0},"product_brand":[],"product_cat":[905,892,1115,1180,1120,1117,1223,1128],"product_tag":[],"coleccion":[916,936,1363],"class_list":{"0":"post-27146","1":"product","2":"type-product","3":"status-publish","4":"has-post-thumbnail","6":"product_cat-adulto","7":"product_cat-edades","8":"product_cat-generos","9":"product_cat-guerra","10":"product_cat-nautica","11":"product_cat-no-ficcion-adulto","12":"product_cat-supervivencia","13":"product_cat-tematica","14":"coleccion-castellano","15":"coleccion-lecturas-en-torno-al-mar","16":"coleccion-viajes-aventuras-y-expediciones-lecturas-en-torno-al-mar","18":"first","19":"instock","20":"taxable","21":"shipping-taxable","22":"purchasable","23":"product-type-simple"},"acf":{"autores-libros":[27180],"traductores-libros":[77912]},"yoast_head":"<!-- This site is optimized with the Yoast SEO plugin v27.5 - https:\/\/yoast.com\/product\/yoast-seo-wordpress\/ -->\n<title>\u00a1Submarino...! - Editorial Juventud<\/title>\n<meta name=\"description\" content=\"\u00c9sta es la historia del submarino Trigger y de los que en \u00e9l lucharon en aguas del oc\u00e9ano Pac\u00edfico. Entrelaz\u00e1ndose con la historia del Trigger figuran en\" \/>\n<meta name=\"robots\" content=\"index, follow, max-snippet:-1, max-image-preview:large, max-video-preview:-1\" \/>\n<link rel=\"canonical\" href=\"https:\/\/www.editorialjuventud.es\/ca\/submarino-9788426110312\/\" \/>\n<meta property=\"og:locale\" content=\"ca_ES\" \/>\n<meta property=\"og:type\" content=\"article\" \/>\n<meta property=\"og:title\" content=\"\u00a1Submarino...! - Editorial Juventud\" \/>\n<meta property=\"og:description\" content=\"\u00c9sta es la historia del submarino Trigger y de los que en \u00e9l lucharon en aguas del oc\u00e9ano Pac\u00edfico. Entrelaz\u00e1ndose con la historia del Trigger figuran en\" \/>\n<meta property=\"og:url\" content=\"https:\/\/www.editorialjuventud.es\/ca\/submarino-9788426110312\/\" \/>\n<meta property=\"og:site_name\" content=\"Editorial Juventud\" \/>\n<meta property=\"article:modified_time\" content=\"2024-01-31T13:37:06+00:00\" \/>\n<meta property=\"og:image\" content=\"https:\/\/www.editorialjuventud.es\/wp-content\/uploads\/1031.jpg\" \/>\n\t<meta property=\"og:image:width\" content=\"295\" \/>\n\t<meta property=\"og:image:height\" content=\"450\" \/>\n\t<meta property=\"og:image:type\" content=\"image\/jpeg\" \/>\n<meta name=\"twitter:card\" content=\"summary_large_image\" \/>\n<meta name=\"twitter:label1\" content=\"Temps estimat de lectura\" \/>\n\t<meta name=\"twitter:data1\" content=\"1 minut\" \/>\n<script type=\"application\/ld+json\" class=\"yoast-schema-graph\">{\"@context\":\"https:\\\/\\\/schema.org\",\"@graph\":[{\"@type\":\"WebPage\",\"@id\":\"https:\\\/\\\/www.editorialjuventud.es\\\/ca\\\/submarino-9788426110312\\\/\",\"url\":\"https:\\\/\\\/www.editorialjuventud.es\\\/ca\\\/submarino-9788426110312\\\/\",\"name\":\"\u00a1Submarino...! - Editorial Juventud\",\"isPartOf\":{\"@id\":\"https:\\\/\\\/www.editorialjuventud.es\\\/#website\"},\"primaryImageOfPage\":{\"@id\":\"https:\\\/\\\/www.editorialjuventud.es\\\/ca\\\/submarino-9788426110312\\\/#primaryimage\"},\"image\":{\"@id\":\"https:\\\/\\\/www.editorialjuventud.es\\\/ca\\\/submarino-9788426110312\\\/#primaryimage\"},\"thumbnailUrl\":\"https:\\\/\\\/www.editorialjuventud.es\\\/wp-content\\\/uploads\\\/1031.jpg\",\"datePublished\":\"2019-06-19T10:28:26+00:00\",\"dateModified\":\"2024-01-31T13:37:06+00:00\",\"description\":\"\u00c9sta es la historia del submarino Trigger y de los que en \u00e9l lucharon en aguas del oc\u00e9ano Pac\u00edfico. Entrelaz\u00e1ndose con la historia del Trigger figuran en\",\"breadcrumb\":{\"@id\":\"https:\\\/\\\/www.editorialjuventud.es\\\/ca\\\/submarino-9788426110312\\\/#breadcrumb\"},\"inLanguage\":\"ca\",\"potentialAction\":[{\"@type\":\"ReadAction\",\"target\":[\"https:\\\/\\\/www.editorialjuventud.es\\\/ca\\\/submarino-9788426110312\\\/\"]}]},{\"@type\":\"ImageObject\",\"inLanguage\":\"ca\",\"@id\":\"https:\\\/\\\/www.editorialjuventud.es\\\/ca\\\/submarino-9788426110312\\\/#primaryimage\",\"url\":\"https:\\\/\\\/www.editorialjuventud.es\\\/wp-content\\\/uploads\\\/1031.jpg\",\"contentUrl\":\"https:\\\/\\\/www.editorialjuventud.es\\\/wp-content\\\/uploads\\\/1031.jpg\",\"width\":295,\"height\":450,\"caption\":\"1031.jpg\"},{\"@type\":\"BreadcrumbList\",\"@id\":\"https:\\\/\\\/www.editorialjuventud.es\\\/ca\\\/submarino-9788426110312\\\/#breadcrumb\",\"itemListElement\":[{\"@type\":\"ListItem\",\"position\":1,\"name\":\"Portada\",\"item\":\"https:\\\/\\\/www.editorialjuventud.es\\\/\"},{\"@type\":\"ListItem\",\"position\":2,\"name\":\"cat\u00e1logo\",\"item\":\"https:\\\/\\\/www.editorialjuventud.es\\\/coleccion\\\/catalogo\\\/\"},{\"@type\":\"ListItem\",\"position\":3,\"name\":\"castellano\",\"item\":\"https:\\\/\\\/www.editorialjuventud.es\\\/coleccion\\\/castellano\\\/\"},{\"@type\":\"ListItem\",\"position\":4,\"name\":\"Lecturas En torno al Mar\",\"item\":\"https:\\\/\\\/www.editorialjuventud.es\\\/coleccion\\\/lecturas-en-torno-al-mar\\\/\"},{\"@type\":\"ListItem\",\"position\":5,\"name\":\"Viajes, Aventuras y Expediciones\",\"item\":\"https:\\\/\\\/www.editorialjuventud.es\\\/coleccion\\\/viajes-aventuras-y-expediciones-lecturas-en-torno-al-mar\\\/\"},{\"@type\":\"ListItem\",\"position\":6,\"name\":\"\u00a1Submarino&#8230;!\"}]},{\"@type\":\"WebSite\",\"@id\":\"https:\\\/\\\/www.editorialjuventud.es\\\/#website\",\"url\":\"https:\\\/\\\/www.editorialjuventud.es\\\/\",\"name\":\"Editorial Juventud\",\"description\":\"\",\"potentialAction\":[{\"@type\":\"SearchAction\",\"target\":{\"@type\":\"EntryPoint\",\"urlTemplate\":\"https:\\\/\\\/www.editorialjuventud.es\\\/?s={search_term_string}\"},\"query-input\":{\"@type\":\"PropertyValueSpecification\",\"valueRequired\":true,\"valueName\":\"search_term_string\"}}],\"inLanguage\":\"ca\"}]}<\/script>\n<!-- \/ Yoast SEO plugin. -->","yoast_head_json":{"title":"\u00a1Submarino...! - Editorial Juventud","description":"\u00c9sta es la historia del submarino Trigger y de los que en \u00e9l lucharon en aguas del oc\u00e9ano Pac\u00edfico. Entrelaz\u00e1ndose con la historia del Trigger figuran en","robots":{"index":"index","follow":"follow","max-snippet":"max-snippet:-1","max-image-preview":"max-image-preview:large","max-video-preview":"max-video-preview:-1"},"canonical":"https:\/\/www.editorialjuventud.es\/ca\/submarino-9788426110312\/","og_locale":"ca_ES","og_type":"article","og_title":"\u00a1Submarino...! - Editorial Juventud","og_description":"\u00c9sta es la historia del submarino Trigger y de los que en \u00e9l lucharon en aguas del oc\u00e9ano Pac\u00edfico. Entrelaz\u00e1ndose con la historia del Trigger figuran en","og_url":"https:\/\/www.editorialjuventud.es\/ca\/submarino-9788426110312\/","og_site_name":"Editorial Juventud","article_modified_time":"2024-01-31T13:37:06+00:00","og_image":[{"width":295,"height":450,"url":"https:\/\/www.editorialjuventud.es\/wp-content\/uploads\/1031.jpg","type":"image\/jpeg"}],"twitter_card":"summary_large_image","twitter_misc":{"Temps estimat de lectura":"1 minut"},"schema":{"@context":"https:\/\/schema.org","@graph":[{"@type":"WebPage","@id":"https:\/\/www.editorialjuventud.es\/ca\/submarino-9788426110312\/","url":"https:\/\/www.editorialjuventud.es\/ca\/submarino-9788426110312\/","name":"\u00a1Submarino...! - Editorial Juventud","isPartOf":{"@id":"https:\/\/www.editorialjuventud.es\/#website"},"primaryImageOfPage":{"@id":"https:\/\/www.editorialjuventud.es\/ca\/submarino-9788426110312\/#primaryimage"},"image":{"@id":"https:\/\/www.editorialjuventud.es\/ca\/submarino-9788426110312\/#primaryimage"},"thumbnailUrl":"https:\/\/www.editorialjuventud.es\/wp-content\/uploads\/1031.jpg","datePublished":"2019-06-19T10:28:26+00:00","dateModified":"2024-01-31T13:37:06+00:00","description":"\u00c9sta es la historia del submarino Trigger y de los que en \u00e9l lucharon en aguas del oc\u00e9ano Pac\u00edfico. Entrelaz\u00e1ndose con la historia del Trigger figuran en","breadcrumb":{"@id":"https:\/\/www.editorialjuventud.es\/ca\/submarino-9788426110312\/#breadcrumb"},"inLanguage":"ca","potentialAction":[{"@type":"ReadAction","target":["https:\/\/www.editorialjuventud.es\/ca\/submarino-9788426110312\/"]}]},{"@type":"ImageObject","inLanguage":"ca","@id":"https:\/\/www.editorialjuventud.es\/ca\/submarino-9788426110312\/#primaryimage","url":"https:\/\/www.editorialjuventud.es\/wp-content\/uploads\/1031.jpg","contentUrl":"https:\/\/www.editorialjuventud.es\/wp-content\/uploads\/1031.jpg","width":295,"height":450,"caption":"1031.jpg"},{"@type":"BreadcrumbList","@id":"https:\/\/www.editorialjuventud.es\/ca\/submarino-9788426110312\/#breadcrumb","itemListElement":[{"@type":"ListItem","position":1,"name":"Portada","item":"https:\/\/www.editorialjuventud.es\/"},{"@type":"ListItem","position":2,"name":"cat\u00e1logo","item":"https:\/\/www.editorialjuventud.es\/coleccion\/catalogo\/"},{"@type":"ListItem","position":3,"name":"castellano","item":"https:\/\/www.editorialjuventud.es\/coleccion\/castellano\/"},{"@type":"ListItem","position":4,"name":"Lecturas En torno al Mar","item":"https:\/\/www.editorialjuventud.es\/coleccion\/lecturas-en-torno-al-mar\/"},{"@type":"ListItem","position":5,"name":"Viajes, Aventuras y Expediciones","item":"https:\/\/www.editorialjuventud.es\/coleccion\/viajes-aventuras-y-expediciones-lecturas-en-torno-al-mar\/"},{"@type":"ListItem","position":6,"name":"\u00a1Submarino&#8230;!"}]},{"@type":"WebSite","@id":"https:\/\/www.editorialjuventud.es\/#website","url":"https:\/\/www.editorialjuventud.es\/","name":"Editorial Juventud","description":"","potentialAction":[{"@type":"SearchAction","target":{"@type":"EntryPoint","urlTemplate":"https:\/\/www.editorialjuventud.es\/?s={search_term_string}"},"query-input":{"@type":"PropertyValueSpecification","valueRequired":true,"valueName":"search_term_string"}}],"inLanguage":"ca"}]}},"_links":{"self":[{"href":"https:\/\/www.editorialjuventud.es\/ca\/wp-json\/wp\/v2\/product\/27146","targetHints":{"allow":["GET"]}}],"collection":[{"href":"https:\/\/www.editorialjuventud.es\/ca\/wp-json\/wp\/v2\/product"}],"about":[{"href":"https:\/\/www.editorialjuventud.es\/ca\/wp-json\/wp\/v2\/types\/product"}],"wp:featuredmedia":[{"embeddable":true,"href":"https:\/\/www.editorialjuventud.es\/ca\/wp-json\/wp\/v2\/media\/27147"}],"wp:attachment":[{"href":"https:\/\/www.editorialjuventud.es\/ca\/wp-json\/wp\/v2\/media?parent=27146"}],"wp:term":[{"taxonomy":"product_brand","embeddable":true,"href":"https:\/\/www.editorialjuventud.es\/ca\/wp-json\/wp\/v2\/product_brand?post=27146"},{"taxonomy":"product_cat","embeddable":true,"href":"https:\/\/www.editorialjuventud.es\/ca\/wp-json\/wp\/v2\/product_cat?post=27146"},{"taxonomy":"product_tag","embeddable":true,"href":"https:\/\/www.editorialjuventud.es\/ca\/wp-json\/wp\/v2\/product_tag?post=27146"},{"taxonomy":"coleccion","embeddable":true,"href":"https:\/\/www.editorialjuventud.es\/ca\/wp-json\/wp\/v2\/coleccion?post=27146"}],"curies":[{"name":"wp","href":"https:\/\/api.w.org\/{rel}","templated":true}]}}