{"id":26376,"date":"2019-05-29T12:43:02","date_gmt":"2019-05-29T10:43:02","guid":{"rendered":"https:\/\/www.editorialjuventud.es\/siempre-conmigo-9788426146021\/"},"modified":"2025-01-22T12:53:44","modified_gmt":"2025-01-22T11:53:44","slug":"siempre-conmigo-9788426146021","status":"publish","type":"product","link":"https:\/\/www.editorialjuventud.es\/ca\/siempre-conmigo-9788426146021\/","title":{"rendered":"Siempre conmigo"},"content":{"rendered":"<p>Mi oso es especial,<br \/>es mi querido osito.<br \/>Vivimos mil aventuras en el pasado,<br \/>y no siempre sali\u00f3 bien parado&#8230;<br \/>Pero ahora ya no puede jugar.<br \/>\u00bfLo querr\u00e9 por eso menos&#8230; o m\u00e1s?<\/p>\n<p>Desc\u00fabrelo en esta tierna historia llena de acci\u00f3n sobre el v\u00ednculo de un ni\u00f1o con su oso favorito. Un maravilloso \u00e1lbum ilustrado creado por las galardonadas Teresa Heapy y Katie Cleminson.<\/p>\n<p>Una conmovedora historia que refleja el profundo afecto que tiene un ni\u00f1o por su osito de peluche, su fiel compa\u00f1ero de sue\u00f1os y aventuras, de las que no siempre salen ilesos&#8230; El texto escrito en rima, hace que sea ideal para compartir con cualquier ni\u00f1o, que f\u00e1cilmente se sentir\u00e1 identificado con las peripecias de los dos protagonistas. Adem\u00e1s, como tel\u00f3n de fondo, la historia transmite valores tan importantes como la aceptaci\u00f3n de la diferencia, pues el ni\u00f1o entiende que, aunque su osito ya no sea perfecto, no por eso lo dejar\u00e1 de querer.<\/p>\n","protected":false},"excerpt":{"rendered":"Mi oso es especial,es mi querido osito.Vivimos mil aventuras en el pasado,y no siempre sali\u00f3 bien parado&#8230;Pero ahora ya no puede jugar.\u00bfLo querr\u00e9 por eso menos&#8230; o m\u00e1s? Desc\u00fabrelo en esta tierna historia llena de acci\u00f3n sobre el v\u00ednculo de [&hellip;]","protected":false},"featured_media":26377,"template":"","meta":{"_acf_changed":false,"_exactmetrics_skip_tracking":false,"_exactmetrics_sitenote_active":false,"_exactmetrics_sitenote_note":"","_exactmetrics_sitenote_category":0},"product_brand":[],"product_cat":[899,1121,1136,1163,1211],"product_tag":[],"coleccion":[1235],"class_list":{"0":"post-26376","1":"product","2":"type-product","3":"status-publish","4":"has-post-thumbnail","6":"product_cat-a-partir-de-3-anos","7":"product_cat-albumes-ilustrados","8":"product_cat-amistad","9":"product_cat-discapacidad-diversidad-funcional","10":"product_cat-poesia-rimas","11":"coleccion-un-millon-de-amigos","13":"first","14":"instock","15":"taxable","16":"shipping-taxable","17":"purchasable","18":"product-type-simple"},"acf":{"indice":"","autor":"Heapy, Teresa","codart":"4602","ediciones":"1","encuadernacion":"Carton\u00e9","fecha_de_publicacion":"01\/06\/2019","novedad":"0","paginas":"32","subtitulo":"","texto_web_adicional":"","autores-libros":[26375],"ilustradores-libros":[16287],"texto_web_novedad":"","orden":"999","portada":"0","texto_web_resaltado":"","traductores-libros":[18265],"descripcion_corta":"Una conmovedora historia que refleja el profundo afecto que tiene un ni\u00f1o por su osito de peluche, su fiel compa\u00f1ero de sue\u00f1os y aventuras, de las que no siempre salen ilesos...","recomendamos":"","mas_vendido":"","idioma-libro":"","color":false,"formato":"","mas_informacion_del_producto":false,"premios":false,"texto_enlace_cubierta":"","enlace_cubierta":{"ID":26555,"id":26555,"title":"tapas SIEMPRE CONMIGO (2 idiomas).indd","filename":"Siempre-Conmigo_Cover_CAST.jpg","filesize":100088,"url":"https:\/\/www.editorialjuventud.es\/wp-content\/uploads\/Siempre-Conmigo_Cover_CAST.jpg","link":"https:\/\/www.editorialjuventud.es\/ca\/?attachment_id=26555","alt":"","author":"50","description":"","caption":"","name":"tapas-siempre-conmigo-2-idiomas-indd-4","status":"inherit","uploaded_to":26376,"date":"2019-05-30 18:29:37","modified":"2019-05-30 18:29:37","menu_order":0,"mime_type":"image\/jpeg","type":"image","subtype":"jpeg","icon":"https:\/\/www.editorialjuventud.es\/wp-includes\/images\/media\/default.png","width":576,"height":648,"sizes":{"thumbnail":"https:\/\/www.editorialjuventud.es\/wp-content\/uploads\/Siempre-Conmigo_Cover_CAST-200x200.jpg","thumbnail-width":200,"thumbnail-height":200,"medium":"https:\/\/www.editorialjuventud.es\/wp-content\/uploads\/Siempre-Conmigo_Cover_CAST.jpg","medium-width":576,"medium-height":648,"medium_large":"https:\/\/www.editorialjuventud.es\/wp-content\/uploads\/Siempre-Conmigo_Cover_CAST.jpg","medium_large-width":576,"medium_large-height":648,"large":"https:\/\/www.editorialjuventud.es\/wp-content\/uploads\/Siempre-Conmigo_Cover_CAST.jpg","large-width":576,"large-height":648,"1536x1536":"https:\/\/www.editorialjuventud.es\/wp-content\/uploads\/Siempre-Conmigo_Cover_CAST.jpg","1536x1536-width":576,"1536x1536-height":648,"2048x2048":"https:\/\/www.editorialjuventud.es\/wp-content\/uploads\/Siempre-Conmigo_Cover_CAST.jpg","2048x2048-width":576,"2048x2048-height":648,"woocommerce_thumbnail":"https:\/\/www.editorialjuventud.es\/wp-content\/uploads\/Siempre-Conmigo_Cover_CAST-350x394.jpg","woocommerce_thumbnail-width":350,"woocommerce_thumbnail-height":394,"woocommerce_single":"https:\/\/www.editorialjuventud.es\/wp-content\/uploads\/Siempre-Conmigo_Cover_CAST.jpg","woocommerce_single-width":576,"woocommerce_single-height":648,"woocommerce_gallery_thumbnail":"https:\/\/www.editorialjuventud.es\/wp-content\/uploads\/Siempre-Conmigo_Cover_CAST-100x100.jpg","woocommerce_gallery_thumbnail-width":100,"woocommerce_gallery_thumbnail-height":100,"ppec_logo_image_size":"https:\/\/www.editorialjuventud.es\/wp-content\/uploads\/Siempre-Conmigo_Cover_CAST.jpg","ppec_logo_image_size-width":53,"ppec_logo_image_size-height":60,"ppec_header_image_size":"https:\/\/www.editorialjuventud.es\/wp-content\/uploads\/Siempre-Conmigo_Cover_CAST.jpg","ppec_header_image_size-width":80,"ppec_header_image_size-height":90}},"texto_enlace_ficha_tecnica":"","enlace_ficha_tecnica":{"ID":26736,"id":26736,"title":"Siempre Conmigo_Ficha_CAST","filename":"Siempre-Conmigo_Ficha_CAST.pdf","filesize":1116984,"url":"https:\/\/www.editorialjuventud.es\/wp-content\/uploads\/Siempre-Conmigo_Ficha_CAST.pdf","link":"https:\/\/www.editorialjuventud.es\/ca\/?attachment_id=26736","alt":"","author":"50","description":"","caption":"","name":"siempre-conmigo_ficha_cast","status":"inherit","uploaded_to":26376,"date":"2019-06-03 08:47:33","modified":"2019-06-03 08:47:33","menu_order":0,"mime_type":"application\/pdf","type":"application","subtype":"pdf","icon":"https:\/\/www.editorialjuventud.es\/wp-includes\/images\/media\/document.png"},"ficheros":false,"titulo-fr":"","texto-fr":""},"yoast_head":"<!-- This site is optimized with the Yoast SEO plugin v27.5 - https:\/\/yoast.com\/product\/yoast-seo-wordpress\/ -->\n<title>Siempre conmigo - Editorial Juventud<\/title>\n<meta name=\"description\" content=\"Una conmovedora historia que refleja el profundo afecto que tiene un ni\u00f1o por su osito de peluche, su fiel compa\u00f1ero de sue\u00f1os y aventuras, de las que no siempre salen ilesos... El texto escrito en rima es ideal para compartir con cualquier ni\u00f1o, que f\u00e1cilmente se sentir\u00e1 identificado con los dos protagonistas.\" \/>\n<meta name=\"robots\" content=\"index, follow, max-snippet:-1, max-image-preview:large, max-video-preview:-1\" \/>\n<link rel=\"canonical\" href=\"https:\/\/www.editorialjuventud.es\/siempre-conmigo-9788426146021\/\" \/>\n<meta property=\"og:locale\" content=\"ca_ES\" \/>\n<meta property=\"og:type\" content=\"article\" \/>\n<meta property=\"og:title\" content=\"Siempre conmigo - Editorial Juventud\" \/>\n<meta property=\"og:description\" content=\"Una conmovedora historia que refleja el profundo afecto que tiene un ni\u00f1o por su osito de peluche, su fiel compa\u00f1ero de sue\u00f1os y aventuras, de las que no siempre salen ilesos... El texto escrito en rima es ideal para compartir con cualquier ni\u00f1o, que f\u00e1cilmente se sentir\u00e1 identificado con los dos protagonistas.\" \/>\n<meta property=\"og:url\" content=\"https:\/\/www.editorialjuventud.es\/siempre-conmigo-9788426146021\/\" \/>\n<meta property=\"og:site_name\" content=\"Editorial Juventud\" \/>\n<meta property=\"article:modified_time\" content=\"2025-01-22T11:53:44+00:00\" \/>\n<meta property=\"og:image\" content=\"https:\/\/www.editorialjuventud.es\/wp-content\/uploads\/9788426146021.jpg\" \/>\n\t<meta property=\"og:image:width\" content=\"1200\" \/>\n\t<meta property=\"og:image:height\" content=\"1350\" \/>\n\t<meta property=\"og:image:type\" content=\"image\/jpeg\" \/>\n<meta name=\"twitter:card\" content=\"summary_large_image\" \/>\n<meta name=\"twitter:label1\" content=\"Temps estimat de lectura\" \/>\n\t<meta name=\"twitter:data1\" content=\"1 minut\" \/>\n<script type=\"application\/ld+json\" class=\"yoast-schema-graph\">{\"@context\":\"https:\\\/\\\/schema.org\",\"@graph\":[{\"@type\":\"WebPage\",\"@id\":\"https:\\\/\\\/www.editorialjuventud.es\\\/siempre-conmigo-9788426146021\\\/\",\"url\":\"https:\\\/\\\/www.editorialjuventud.es\\\/siempre-conmigo-9788426146021\\\/\",\"name\":\"Siempre conmigo - Editorial Juventud\",\"isPartOf\":{\"@id\":\"https:\\\/\\\/www.editorialjuventud.es\\\/#website\"},\"primaryImageOfPage\":{\"@id\":\"https:\\\/\\\/www.editorialjuventud.es\\\/siempre-conmigo-9788426146021\\\/#primaryimage\"},\"image\":{\"@id\":\"https:\\\/\\\/www.editorialjuventud.es\\\/siempre-conmigo-9788426146021\\\/#primaryimage\"},\"thumbnailUrl\":\"https:\\\/\\\/www.editorialjuventud.es\\\/wp-content\\\/uploads\\\/9788426146021.jpg\",\"datePublished\":\"2019-05-29T10:43:02+00:00\",\"dateModified\":\"2025-01-22T11:53:44+00:00\",\"description\":\"Una conmovedora historia que refleja el profundo afecto que tiene un ni\u00f1o por su osito de peluche, su fiel compa\u00f1ero de sue\u00f1os y aventuras, de las que no siempre salen ilesos... El texto escrito en rima es ideal para compartir con cualquier ni\u00f1o, que f\u00e1cilmente se sentir\u00e1 identificado con los dos protagonistas.\",\"breadcrumb\":{\"@id\":\"https:\\\/\\\/www.editorialjuventud.es\\\/siempre-conmigo-9788426146021\\\/#breadcrumb\"},\"inLanguage\":\"ca\",\"potentialAction\":[{\"@type\":\"ReadAction\",\"target\":[\"https:\\\/\\\/www.editorialjuventud.es\\\/siempre-conmigo-9788426146021\\\/\"]}]},{\"@type\":\"ImageObject\",\"inLanguage\":\"ca\",\"@id\":\"https:\\\/\\\/www.editorialjuventud.es\\\/siempre-conmigo-9788426146021\\\/#primaryimage\",\"url\":\"https:\\\/\\\/www.editorialjuventud.es\\\/wp-content\\\/uploads\\\/9788426146021.jpg\",\"contentUrl\":\"https:\\\/\\\/www.editorialjuventud.es\\\/wp-content\\\/uploads\\\/9788426146021.jpg\",\"width\":1200,\"height\":1350,\"caption\":\"9788426146021.jpg\"},{\"@type\":\"BreadcrumbList\",\"@id\":\"https:\\\/\\\/www.editorialjuventud.es\\\/siempre-conmigo-9788426146021\\\/#breadcrumb\",\"itemListElement\":[{\"@type\":\"ListItem\",\"position\":1,\"name\":\"Portada\",\"item\":\"https:\\\/\\\/www.editorialjuventud.es\\\/\"},{\"@type\":\"ListItem\",\"position\":2,\"name\":\"cat\u00e1logo\",\"item\":\"https:\\\/\\\/www.editorialjuventud.es\\\/coleccion\\\/catalogo\\\/\"},{\"@type\":\"ListItem\",\"position\":3,\"name\":\"castellano\",\"item\":\"https:\\\/\\\/www.editorialjuventud.es\\\/coleccion\\\/castellano\\\/\"},{\"@type\":\"ListItem\",\"position\":4,\"name\":\"\u00c1lbumes Ilustrados\",\"item\":\"https:\\\/\\\/www.editorialjuventud.es\\\/coleccion\\\/albumes-ilustrados\\\/\"},{\"@type\":\"ListItem\",\"position\":5,\"name\":\"Un Mill\u00f3n de Amigos\",\"item\":\"https:\\\/\\\/www.editorialjuventud.es\\\/coleccion\\\/un-millon-de-amigos\\\/\"},{\"@type\":\"ListItem\",\"position\":6,\"name\":\"Siempre conmigo\"}]},{\"@type\":\"WebSite\",\"@id\":\"https:\\\/\\\/www.editorialjuventud.es\\\/#website\",\"url\":\"https:\\\/\\\/www.editorialjuventud.es\\\/\",\"name\":\"Editorial Juventud\",\"description\":\"\",\"potentialAction\":[{\"@type\":\"SearchAction\",\"target\":{\"@type\":\"EntryPoint\",\"urlTemplate\":\"https:\\\/\\\/www.editorialjuventud.es\\\/?s={search_term_string}\"},\"query-input\":{\"@type\":\"PropertyValueSpecification\",\"valueRequired\":true,\"valueName\":\"search_term_string\"}}],\"inLanguage\":\"ca\"}]}<\/script>\n<!-- \/ Yoast SEO plugin. -->","yoast_head_json":{"title":"Siempre conmigo - Editorial Juventud","description":"Una conmovedora historia que refleja el profundo afecto que tiene un ni\u00f1o por su osito de peluche, su fiel compa\u00f1ero de sue\u00f1os y aventuras, de las que no siempre salen ilesos... El texto escrito en rima es ideal para compartir con cualquier ni\u00f1o, que f\u00e1cilmente se sentir\u00e1 identificado con los dos protagonistas.","robots":{"index":"index","follow":"follow","max-snippet":"max-snippet:-1","max-image-preview":"max-image-preview:large","max-video-preview":"max-video-preview:-1"},"canonical":"https:\/\/www.editorialjuventud.es\/siempre-conmigo-9788426146021\/","og_locale":"ca_ES","og_type":"article","og_title":"Siempre conmigo - Editorial Juventud","og_description":"Una conmovedora historia que refleja el profundo afecto que tiene un ni\u00f1o por su osito de peluche, su fiel compa\u00f1ero de sue\u00f1os y aventuras, de las que no siempre salen ilesos... El texto escrito en rima es ideal para compartir con cualquier ni\u00f1o, que f\u00e1cilmente se sentir\u00e1 identificado con los dos protagonistas.","og_url":"https:\/\/www.editorialjuventud.es\/siempre-conmigo-9788426146021\/","og_site_name":"Editorial Juventud","article_modified_time":"2025-01-22T11:53:44+00:00","og_image":[{"width":1200,"height":1350,"url":"https:\/\/www.editorialjuventud.es\/wp-content\/uploads\/9788426146021.jpg","type":"image\/jpeg"}],"twitter_card":"summary_large_image","twitter_misc":{"Temps estimat de lectura":"1 minut"},"schema":{"@context":"https:\/\/schema.org","@graph":[{"@type":"WebPage","@id":"https:\/\/www.editorialjuventud.es\/siempre-conmigo-9788426146021\/","url":"https:\/\/www.editorialjuventud.es\/siempre-conmigo-9788426146021\/","name":"Siempre conmigo - Editorial Juventud","isPartOf":{"@id":"https:\/\/www.editorialjuventud.es\/#website"},"primaryImageOfPage":{"@id":"https:\/\/www.editorialjuventud.es\/siempre-conmigo-9788426146021\/#primaryimage"},"image":{"@id":"https:\/\/www.editorialjuventud.es\/siempre-conmigo-9788426146021\/#primaryimage"},"thumbnailUrl":"https:\/\/www.editorialjuventud.es\/wp-content\/uploads\/9788426146021.jpg","datePublished":"2019-05-29T10:43:02+00:00","dateModified":"2025-01-22T11:53:44+00:00","description":"Una conmovedora historia que refleja el profundo afecto que tiene un ni\u00f1o por su osito de peluche, su fiel compa\u00f1ero de sue\u00f1os y aventuras, de las que no siempre salen ilesos... El texto escrito en rima es ideal para compartir con cualquier ni\u00f1o, que f\u00e1cilmente se sentir\u00e1 identificado con los dos protagonistas.","breadcrumb":{"@id":"https:\/\/www.editorialjuventud.es\/siempre-conmigo-9788426146021\/#breadcrumb"},"inLanguage":"ca","potentialAction":[{"@type":"ReadAction","target":["https:\/\/www.editorialjuventud.es\/siempre-conmigo-9788426146021\/"]}]},{"@type":"ImageObject","inLanguage":"ca","@id":"https:\/\/www.editorialjuventud.es\/siempre-conmigo-9788426146021\/#primaryimage","url":"https:\/\/www.editorialjuventud.es\/wp-content\/uploads\/9788426146021.jpg","contentUrl":"https:\/\/www.editorialjuventud.es\/wp-content\/uploads\/9788426146021.jpg","width":1200,"height":1350,"caption":"9788426146021.jpg"},{"@type":"BreadcrumbList","@id":"https:\/\/www.editorialjuventud.es\/siempre-conmigo-9788426146021\/#breadcrumb","itemListElement":[{"@type":"ListItem","position":1,"name":"Portada","item":"https:\/\/www.editorialjuventud.es\/"},{"@type":"ListItem","position":2,"name":"cat\u00e1logo","item":"https:\/\/www.editorialjuventud.es\/coleccion\/catalogo\/"},{"@type":"ListItem","position":3,"name":"castellano","item":"https:\/\/www.editorialjuventud.es\/coleccion\/castellano\/"},{"@type":"ListItem","position":4,"name":"\u00c1lbumes Ilustrados","item":"https:\/\/www.editorialjuventud.es\/coleccion\/albumes-ilustrados\/"},{"@type":"ListItem","position":5,"name":"Un Mill\u00f3n de Amigos","item":"https:\/\/www.editorialjuventud.es\/coleccion\/un-millon-de-amigos\/"},{"@type":"ListItem","position":6,"name":"Siempre conmigo"}]},{"@type":"WebSite","@id":"https:\/\/www.editorialjuventud.es\/#website","url":"https:\/\/www.editorialjuventud.es\/","name":"Editorial Juventud","description":"","potentialAction":[{"@type":"SearchAction","target":{"@type":"EntryPoint","urlTemplate":"https:\/\/www.editorialjuventud.es\/?s={search_term_string}"},"query-input":{"@type":"PropertyValueSpecification","valueRequired":true,"valueName":"search_term_string"}}],"inLanguage":"ca"}]}},"_links":{"self":[{"href":"https:\/\/www.editorialjuventud.es\/ca\/wp-json\/wp\/v2\/product\/26376","targetHints":{"allow":["GET"]}}],"collection":[{"href":"https:\/\/www.editorialjuventud.es\/ca\/wp-json\/wp\/v2\/product"}],"about":[{"href":"https:\/\/www.editorialjuventud.es\/ca\/wp-json\/wp\/v2\/types\/product"}],"wp:featuredmedia":[{"embeddable":true,"href":"https:\/\/www.editorialjuventud.es\/ca\/wp-json\/wp\/v2\/media\/26377"}],"wp:attachment":[{"href":"https:\/\/www.editorialjuventud.es\/ca\/wp-json\/wp\/v2\/media?parent=26376"}],"wp:term":[{"taxonomy":"product_brand","embeddable":true,"href":"https:\/\/www.editorialjuventud.es\/ca\/wp-json\/wp\/v2\/product_brand?post=26376"},{"taxonomy":"product_cat","embeddable":true,"href":"https:\/\/www.editorialjuventud.es\/ca\/wp-json\/wp\/v2\/product_cat?post=26376"},{"taxonomy":"product_tag","embeddable":true,"href":"https:\/\/www.editorialjuventud.es\/ca\/wp-json\/wp\/v2\/product_tag?post=26376"},{"taxonomy":"coleccion","embeddable":true,"href":"https:\/\/www.editorialjuventud.es\/ca\/wp-json\/wp\/v2\/coleccion?post=26376"}],"curies":[{"name":"wp","href":"https:\/\/api.w.org\/{rel}","templated":true}]}}