{"id":24900,"date":"2019-05-02T13:16:20","date_gmt":"2019-05-02T09:16:20","guid":{"rendered":"https:\/\/www.editorialjuventud.es\/el-gran-llibre-dels-ocells-9788426145840\/"},"modified":"2023-05-04T17:27:54","modified_gmt":"2023-05-04T15:27:54","slug":"el-gran-llibre-dels-ocells-9788426145840","status":"publish","type":"product","link":"https:\/\/www.editorialjuventud.es\/ca\/el-gran-llibre-dels-ocells-9788426145840\/","title":{"rendered":"El gran llibre dels ocells"},"content":{"rendered":"<p>Tots els ocells volen?<br \/>\nPer qu\u00e8 el flamenc \u00e9s rosa?<br \/>\nEls lloros parlen?<\/p>\n<p>Troba en aquest llibre les respostes a aquestes i moltes altres preguntes, a m\u00e9s d\u2019informaci\u00f3 sobre com viuen, cacen i fan el fatxenda els diferents tipus d\u2019ocells de tot el m\u00f3n.<\/p>\n<p>Mentre descobreixes tot tipus de criatures emplomallades, multicolors i magn\u00edfiques, divertides i sorprenents, pots jugar a buscar i trobar a les imatges un ou especial. Els trobar\u00e0s tots?<\/p>\n<p>Seguint amb el gran \u00e8xit dels altres llibres de la mateixa s\u00e8rie, <em>El gran llibre dels ocells<\/em> \u00e9s un recorregut ple de dades de les criatures alades m\u00e9s meravelloses del m\u00f3n. Les il\u00b7lustracions distintives de Yuval Zommer mostren alguns dels ocells m\u00e9s colorits, extravagants, impressionants i esbojarrats. L\u2019encant dels \u00e0lbums il\u00b7lustrats es combina amb l\u2019aprenentatge dels llibres informatius per crear un bell t\u00edtol de gran format.<\/p>\n","protected":false},"excerpt":{"rendered":"Tots els ocells volen? Per qu\u00e8 el flamenc \u00e9s rosa? Els lloros parlen? Troba en aquest llibre les respostes a aquestes i moltes altres preguntes, a m\u00e9s d\u2019informaci\u00f3 sobre com viuen, cacen i fan el fatxenda els diferents tipus d\u2019ocells [&hellip;]","protected":false},"featured_media":24901,"template":"","meta":{"_acf_changed":false,"_exactmetrics_skip_tracking":false,"_exactmetrics_sitenote_active":false,"_exactmetrics_sitenote_note":"","_exactmetrics_sitenote_category":0},"product_brand":[],"product_cat":[900,1138,892,1115,1123,1201,893,1128],"product_tag":[],"coleccion":[917,915,946,1032],"class_list":{"0":"post-24900","1":"product","2":"type-product","3":"status-publish","4":"has-post-thumbnail","6":"product_cat-a-partir-de-5-anos","7":"product_cat-animales","8":"product_cat-edades","9":"product_cat-generos","10":"product_cat-libros-informativos-infantil","11":"product_cat-naturaleza-biodiversidad","12":"product_cat-novedades","13":"product_cat-tematica","14":"coleccion-albums-illustrats","15":"coleccion-catala","16":"coleccion-com-i-per-que","17":"coleccion-fauna-i-flora","19":"first","20":"instock","21":"taxable","22":"shipping-taxable","23":"purchasable","24":"product-type-simple"},"acf":{"indice":"","autor":"ZOMMER, YUVAL","codart":"4584","ediciones":"2","encuadernacion":"Carton\u00e9","fecha_de_publicacion":"01\/05\/2019","novedad":"0","paginas":"64","subtitulo":"","texto_web_adicional":"","autores-libros":[16700],"ilustradores-libros":[16700],"texto_web_novedad":"","orden":"999","portada":"0","texto_web_resaltado":"","traductores-libros":[18265],"descripcion_corta":"","recomendamos":"","mas_vendido":"","idioma-libro":"","color":false,"formato":"","mas_informacion_del_producto":false,"premios":false,"texto_enlace_cubierta":"","enlace_cubierta":{"ID":25062,"id":25062,"title":"portada_El_gran_llibre_dels_ocells","filename":"portada_El_gran_llibre_dels_ocells.jpg","filesize":368423,"url":"https:\/\/www.editorialjuventud.es\/wp-content\/uploads\/portada_El_gran_llibre_dels_ocells.jpg","link":"https:\/\/www.editorialjuventud.es\/ca\/?attachment_id=25062","alt":"","author":"47","description":"","caption":"","name":"portada_el_gran_llibre_dels_ocells","status":"inherit","uploaded_to":24900,"date":"2019-05-05 18:48:52","modified":"2019-05-05 18:48:52","menu_order":0,"mime_type":"image\/jpeg","type":"image","subtype":"jpeg","icon":"https:\/\/www.editorialjuventud.es\/wp-includes\/images\/media\/default.png","width":1098,"height":1606,"sizes":{"thumbnail":"https:\/\/www.editorialjuventud.es\/wp-content\/uploads\/portada_El_gran_llibre_dels_ocells-200x200.jpg","thumbnail-width":200,"thumbnail-height":200,"medium":"https:\/\/www.editorialjuventud.es\/wp-content\/uploads\/portada_El_gran_llibre_dels_ocells.jpg","medium-width":1098,"medium-height":1606,"medium_large":"https:\/\/www.editorialjuventud.es\/wp-content\/uploads\/portada_El_gran_llibre_dels_ocells-768x1123.jpg","medium_large-width":768,"medium_large-height":1123,"large":"https:\/\/www.editorialjuventud.es\/wp-content\/uploads\/portada_El_gran_llibre_dels_ocells.jpg","large-width":1098,"large-height":1606,"1536x1536":"https:\/\/www.editorialjuventud.es\/wp-content\/uploads\/portada_El_gran_llibre_dels_ocells.jpg","1536x1536-width":1050,"1536x1536-height":1536,"2048x2048":"https:\/\/www.editorialjuventud.es\/wp-content\/uploads\/portada_El_gran_llibre_dels_ocells.jpg","2048x2048-width":1098,"2048x2048-height":1606,"woocommerce_thumbnail":"https:\/\/www.editorialjuventud.es\/wp-content\/uploads\/portada_El_gran_llibre_dels_ocells-350x512.jpg","woocommerce_thumbnail-width":350,"woocommerce_thumbnail-height":512,"woocommerce_single":"https:\/\/www.editorialjuventud.es\/wp-content\/uploads\/portada_El_gran_llibre_dels_ocells-900x1316.jpg","woocommerce_single-width":900,"woocommerce_single-height":1316,"woocommerce_gallery_thumbnail":"https:\/\/www.editorialjuventud.es\/wp-content\/uploads\/portada_El_gran_llibre_dels_ocells-100x100.jpg","woocommerce_gallery_thumbnail-width":100,"woocommerce_gallery_thumbnail-height":100,"ppec_logo_image_size":"https:\/\/www.editorialjuventud.es\/wp-content\/uploads\/portada_El_gran_llibre_dels_ocells.jpg","ppec_logo_image_size-width":41,"ppec_logo_image_size-height":60,"ppec_header_image_size":"https:\/\/www.editorialjuventud.es\/wp-content\/uploads\/portada_El_gran_llibre_dels_ocells.jpg","ppec_header_image_size-width":62,"ppec_header_image_size-height":90}},"texto_enlace_ficha_tecnica":"","enlace_ficha_tecnica":{"ID":25064,"id":25064,"title":"Fitxa_el_gran_llibre_dels_ocells","filename":"Fitxa_el_gran_llibre_dels_ocells.pdf","filesize":507897,"url":"https:\/\/www.editorialjuventud.es\/wp-content\/uploads\/Fitxa_el_gran_llibre_dels_ocells.pdf","link":"https:\/\/www.editorialjuventud.es\/ca\/?attachment_id=25064","alt":"","author":"47","description":"","caption":"","name":"fitxa_el_gran_llibre_dels_ocells","status":"inherit","uploaded_to":24900,"date":"2019-05-05 18:49:16","modified":"2019-05-05 18:49:16","menu_order":0,"mime_type":"application\/pdf","type":"application","subtype":"pdf","icon":"https:\/\/www.editorialjuventud.es\/wp-includes\/images\/media\/document.png"},"ficheros":false,"titulo-fr":"","texto-fr":"","fecha_de_reimpresion":"01\/04\/2023","deshabilitar_compra":[]},"yoast_head":"<!-- This site is optimized with the Yoast SEO plugin v27.3 - https:\/\/yoast.com\/product\/yoast-seo-wordpress\/ -->\n<title>El gran llibre dels ocells - Editorial Juventud<\/title>\n<meta name=\"description\" content=\"El gran llibre dels ocells \u00e9s un recorregut ple de dades de les criatures alades m\u00e9s meravelloses del m\u00f3n. Les il\u00b7lustracions distintives de Yuval Zommer mostren alguns dels ocells m\u00e9s colorits, extravagants, impressionants i esbojarrats.\" \/>\n<meta name=\"robots\" content=\"index, follow, max-snippet:-1, max-image-preview:large, max-video-preview:-1\" \/>\n<link rel=\"canonical\" href=\"https:\/\/www.editorialjuventud.es\/ca\/el-gran-llibre-dels-ocells-9788426145840\/\" \/>\n<meta property=\"og:locale\" content=\"ca_ES\" \/>\n<meta property=\"og:type\" content=\"article\" \/>\n<meta property=\"og:title\" content=\"El gran llibre dels ocells - Editorial Juventud\" \/>\n<meta property=\"og:description\" content=\"El gran llibre dels ocells \u00e9s un recorregut ple de dades de les criatures alades m\u00e9s meravelloses del m\u00f3n. Les il\u00b7lustracions distintives de Yuval Zommer mostren alguns dels ocells m\u00e9s colorits, extravagants, impressionants i esbojarrats.\" \/>\n<meta property=\"og:url\" content=\"https:\/\/www.editorialjuventud.es\/ca\/el-gran-llibre-dels-ocells-9788426145840\/\" \/>\n<meta property=\"og:site_name\" content=\"Editorial Juventud\" \/>\n<meta property=\"article:modified_time\" content=\"2023-05-04T15:27:54+00:00\" \/>\n<meta property=\"og:image\" content=\"https:\/\/www.editorialjuventud.es\/wp-content\/uploads\/9788426145840.jpg\" \/>\n\t<meta property=\"og:image:width\" content=\"1098\" \/>\n\t<meta property=\"og:image:height\" content=\"1606\" \/>\n\t<meta property=\"og:image:type\" content=\"image\/jpeg\" \/>\n<meta name=\"twitter:card\" content=\"summary_large_image\" \/>\n<meta name=\"twitter:label1\" content=\"Temps estimat de lectura\" \/>\n\t<meta name=\"twitter:data1\" content=\"1 minut\" \/>\n<script type=\"application\/ld+json\" class=\"yoast-schema-graph\">{\"@context\":\"https:\\\/\\\/schema.org\",\"@graph\":[{\"@type\":\"WebPage\",\"@id\":\"https:\\\/\\\/www.editorialjuventud.es\\\/ca\\\/el-gran-llibre-dels-ocells-9788426145840\\\/\",\"url\":\"https:\\\/\\\/www.editorialjuventud.es\\\/ca\\\/el-gran-llibre-dels-ocells-9788426145840\\\/\",\"name\":\"El gran llibre dels ocells - Editorial Juventud\",\"isPartOf\":{\"@id\":\"https:\\\/\\\/www.editorialjuventud.es\\\/#website\"},\"primaryImageOfPage\":{\"@id\":\"https:\\\/\\\/www.editorialjuventud.es\\\/ca\\\/el-gran-llibre-dels-ocells-9788426145840\\\/#primaryimage\"},\"image\":{\"@id\":\"https:\\\/\\\/www.editorialjuventud.es\\\/ca\\\/el-gran-llibre-dels-ocells-9788426145840\\\/#primaryimage\"},\"thumbnailUrl\":\"https:\\\/\\\/www.editorialjuventud.es\\\/wp-content\\\/uploads\\\/9788426145840.jpg\",\"datePublished\":\"2019-05-02T09:16:20+00:00\",\"dateModified\":\"2023-05-04T15:27:54+00:00\",\"description\":\"El gran llibre dels ocells \u00e9s un recorregut ple de dades de les criatures alades m\u00e9s meravelloses del m\u00f3n. Les il\u00b7lustracions distintives de Yuval Zommer mostren alguns dels ocells m\u00e9s colorits, extravagants, impressionants i esbojarrats.\",\"breadcrumb\":{\"@id\":\"https:\\\/\\\/www.editorialjuventud.es\\\/ca\\\/el-gran-llibre-dels-ocells-9788426145840\\\/#breadcrumb\"},\"inLanguage\":\"ca\",\"potentialAction\":[{\"@type\":\"ReadAction\",\"target\":[\"https:\\\/\\\/www.editorialjuventud.es\\\/ca\\\/el-gran-llibre-dels-ocells-9788426145840\\\/\"]}]},{\"@type\":\"ImageObject\",\"inLanguage\":\"ca\",\"@id\":\"https:\\\/\\\/www.editorialjuventud.es\\\/ca\\\/el-gran-llibre-dels-ocells-9788426145840\\\/#primaryimage\",\"url\":\"https:\\\/\\\/www.editorialjuventud.es\\\/wp-content\\\/uploads\\\/9788426145840.jpg\",\"contentUrl\":\"https:\\\/\\\/www.editorialjuventud.es\\\/wp-content\\\/uploads\\\/9788426145840.jpg\",\"width\":1098,\"height\":1606,\"caption\":\"9788426145840.jpg\"},{\"@type\":\"BreadcrumbList\",\"@id\":\"https:\\\/\\\/www.editorialjuventud.es\\\/ca\\\/el-gran-llibre-dels-ocells-9788426145840\\\/#breadcrumb\",\"itemListElement\":[{\"@type\":\"ListItem\",\"position\":1,\"name\":\"Portada\",\"item\":\"https:\\\/\\\/www.editorialjuventud.es\\\/\"},{\"@type\":\"ListItem\",\"position\":2,\"name\":\"cat\u00e1logo\",\"item\":\"https:\\\/\\\/www.editorialjuventud.es\\\/coleccion\\\/catalogo\\\/\"},{\"@type\":\"ListItem\",\"position\":3,\"name\":\"catal\u00e0\",\"item\":\"https:\\\/\\\/www.editorialjuventud.es\\\/coleccion\\\/catala\\\/\"},{\"@type\":\"ListItem\",\"position\":4,\"name\":\"\u00c0lbums Il\u00b7lustrats\",\"item\":\"https:\\\/\\\/www.editorialjuventud.es\\\/coleccion\\\/albums-il%c2%b7lustrats\\\/\"},{\"@type\":\"ListItem\",\"position\":5,\"name\":\"Com i Per qu\u00e8\",\"item\":\"https:\\\/\\\/www.editorialjuventud.es\\\/coleccion\\\/com-i-per-que\\\/\"},{\"@type\":\"ListItem\",\"position\":6,\"name\":\"Fauna i Flora\",\"item\":\"https:\\\/\\\/www.editorialjuventud.es\\\/coleccion\\\/fauna-i-flora\\\/\"},{\"@type\":\"ListItem\",\"position\":7,\"name\":\"El gran llibre dels ocells\"}]},{\"@type\":\"WebSite\",\"@id\":\"https:\\\/\\\/www.editorialjuventud.es\\\/#website\",\"url\":\"https:\\\/\\\/www.editorialjuventud.es\\\/\",\"name\":\"Editorial Juventud\",\"description\":\"\",\"potentialAction\":[{\"@type\":\"SearchAction\",\"target\":{\"@type\":\"EntryPoint\",\"urlTemplate\":\"https:\\\/\\\/www.editorialjuventud.es\\\/?s={search_term_string}\"},\"query-input\":{\"@type\":\"PropertyValueSpecification\",\"valueRequired\":true,\"valueName\":\"search_term_string\"}}],\"inLanguage\":\"ca\"}]}<\/script>\n<!-- \/ Yoast SEO plugin. -->","yoast_head_json":{"title":"El gran llibre dels ocells - Editorial Juventud","description":"El gran llibre dels ocells \u00e9s un recorregut ple de dades de les criatures alades m\u00e9s meravelloses del m\u00f3n. Les il\u00b7lustracions distintives de Yuval Zommer mostren alguns dels ocells m\u00e9s colorits, extravagants, impressionants i esbojarrats.","robots":{"index":"index","follow":"follow","max-snippet":"max-snippet:-1","max-image-preview":"max-image-preview:large","max-video-preview":"max-video-preview:-1"},"canonical":"https:\/\/www.editorialjuventud.es\/ca\/el-gran-llibre-dels-ocells-9788426145840\/","og_locale":"ca_ES","og_type":"article","og_title":"El gran llibre dels ocells - Editorial Juventud","og_description":"El gran llibre dels ocells \u00e9s un recorregut ple de dades de les criatures alades m\u00e9s meravelloses del m\u00f3n. Les il\u00b7lustracions distintives de Yuval Zommer mostren alguns dels ocells m\u00e9s colorits, extravagants, impressionants i esbojarrats.","og_url":"https:\/\/www.editorialjuventud.es\/ca\/el-gran-llibre-dels-ocells-9788426145840\/","og_site_name":"Editorial Juventud","article_modified_time":"2023-05-04T15:27:54+00:00","og_image":[{"width":1098,"height":1606,"url":"https:\/\/www.editorialjuventud.es\/wp-content\/uploads\/9788426145840.jpg","type":"image\/jpeg"}],"twitter_card":"summary_large_image","twitter_misc":{"Temps estimat de lectura":"1 minut"},"schema":{"@context":"https:\/\/schema.org","@graph":[{"@type":"WebPage","@id":"https:\/\/www.editorialjuventud.es\/ca\/el-gran-llibre-dels-ocells-9788426145840\/","url":"https:\/\/www.editorialjuventud.es\/ca\/el-gran-llibre-dels-ocells-9788426145840\/","name":"El gran llibre dels ocells - Editorial Juventud","isPartOf":{"@id":"https:\/\/www.editorialjuventud.es\/#website"},"primaryImageOfPage":{"@id":"https:\/\/www.editorialjuventud.es\/ca\/el-gran-llibre-dels-ocells-9788426145840\/#primaryimage"},"image":{"@id":"https:\/\/www.editorialjuventud.es\/ca\/el-gran-llibre-dels-ocells-9788426145840\/#primaryimage"},"thumbnailUrl":"https:\/\/www.editorialjuventud.es\/wp-content\/uploads\/9788426145840.jpg","datePublished":"2019-05-02T09:16:20+00:00","dateModified":"2023-05-04T15:27:54+00:00","description":"El gran llibre dels ocells \u00e9s un recorregut ple de dades de les criatures alades m\u00e9s meravelloses del m\u00f3n. Les il\u00b7lustracions distintives de Yuval Zommer mostren alguns dels ocells m\u00e9s colorits, extravagants, impressionants i esbojarrats.","breadcrumb":{"@id":"https:\/\/www.editorialjuventud.es\/ca\/el-gran-llibre-dels-ocells-9788426145840\/#breadcrumb"},"inLanguage":"ca","potentialAction":[{"@type":"ReadAction","target":["https:\/\/www.editorialjuventud.es\/ca\/el-gran-llibre-dels-ocells-9788426145840\/"]}]},{"@type":"ImageObject","inLanguage":"ca","@id":"https:\/\/www.editorialjuventud.es\/ca\/el-gran-llibre-dels-ocells-9788426145840\/#primaryimage","url":"https:\/\/www.editorialjuventud.es\/wp-content\/uploads\/9788426145840.jpg","contentUrl":"https:\/\/www.editorialjuventud.es\/wp-content\/uploads\/9788426145840.jpg","width":1098,"height":1606,"caption":"9788426145840.jpg"},{"@type":"BreadcrumbList","@id":"https:\/\/www.editorialjuventud.es\/ca\/el-gran-llibre-dels-ocells-9788426145840\/#breadcrumb","itemListElement":[{"@type":"ListItem","position":1,"name":"Portada","item":"https:\/\/www.editorialjuventud.es\/"},{"@type":"ListItem","position":2,"name":"cat\u00e1logo","item":"https:\/\/www.editorialjuventud.es\/coleccion\/catalogo\/"},{"@type":"ListItem","position":3,"name":"catal\u00e0","item":"https:\/\/www.editorialjuventud.es\/coleccion\/catala\/"},{"@type":"ListItem","position":4,"name":"\u00c0lbums Il\u00b7lustrats","item":"https:\/\/www.editorialjuventud.es\/coleccion\/albums-il%c2%b7lustrats\/"},{"@type":"ListItem","position":5,"name":"Com i Per qu\u00e8","item":"https:\/\/www.editorialjuventud.es\/coleccion\/com-i-per-que\/"},{"@type":"ListItem","position":6,"name":"Fauna i Flora","item":"https:\/\/www.editorialjuventud.es\/coleccion\/fauna-i-flora\/"},{"@type":"ListItem","position":7,"name":"El gran llibre dels ocells"}]},{"@type":"WebSite","@id":"https:\/\/www.editorialjuventud.es\/#website","url":"https:\/\/www.editorialjuventud.es\/","name":"Editorial Juventud","description":"","potentialAction":[{"@type":"SearchAction","target":{"@type":"EntryPoint","urlTemplate":"https:\/\/www.editorialjuventud.es\/?s={search_term_string}"},"query-input":{"@type":"PropertyValueSpecification","valueRequired":true,"valueName":"search_term_string"}}],"inLanguage":"ca"}]}},"_links":{"self":[{"href":"https:\/\/www.editorialjuventud.es\/ca\/wp-json\/wp\/v2\/product\/24900","targetHints":{"allow":["GET"]}}],"collection":[{"href":"https:\/\/www.editorialjuventud.es\/ca\/wp-json\/wp\/v2\/product"}],"about":[{"href":"https:\/\/www.editorialjuventud.es\/ca\/wp-json\/wp\/v2\/types\/product"}],"wp:featuredmedia":[{"embeddable":true,"href":"https:\/\/www.editorialjuventud.es\/ca\/wp-json\/wp\/v2\/media\/24901"}],"wp:attachment":[{"href":"https:\/\/www.editorialjuventud.es\/ca\/wp-json\/wp\/v2\/media?parent=24900"}],"wp:term":[{"taxonomy":"product_brand","embeddable":true,"href":"https:\/\/www.editorialjuventud.es\/ca\/wp-json\/wp\/v2\/product_brand?post=24900"},{"taxonomy":"product_cat","embeddable":true,"href":"https:\/\/www.editorialjuventud.es\/ca\/wp-json\/wp\/v2\/product_cat?post=24900"},{"taxonomy":"product_tag","embeddable":true,"href":"https:\/\/www.editorialjuventud.es\/ca\/wp-json\/wp\/v2\/product_tag?post=24900"},{"taxonomy":"coleccion","embeddable":true,"href":"https:\/\/www.editorialjuventud.es\/ca\/wp-json\/wp\/v2\/coleccion?post=24900"}],"curies":[{"name":"wp","href":"https:\/\/api.w.org\/{rel}","templated":true}]}}