{"id":24891,"date":"2019-05-02T11:03:46","date_gmt":"2019-05-02T09:03:46","guid":{"rendered":"https:\/\/www.editorialjuventud.es\/des-de-la-finestra-vida-i-art-de-marc-chagall-9788426146007\/"},"modified":"2025-01-22T12:53:32","modified_gmt":"2025-01-22T11:53:32","slug":"des-de-la-finestra-vida-i-art-de-marc-chagall-9788426146007","status":"publish","type":"product","link":"https:\/\/www.editorialjuventud.es\/ca\/des-de-la-finestra-vida-i-art-de-marc-chagall-9788426146007\/","title":{"rendered":"Des de la finestra. Vida i art de Marc Chagall"},"content":{"rendered":"<p>Des de la finestra, l&#8217;estudiant veu&#8230;<br \/>El seu futur -carnisser, forner, ferrer-, per\u00f2 aparta la mirada.<br \/>Un estudiant copia una cara d&#8217;un llibre. Una idea floreix a la seva ment.<br \/>El poder de les imatges. Dibuixa i esborra, somia en color mentre el pare s&#8217;amo\u00efna.<br \/>Una carpeta plena d&#8217;esbossos sobre la taula d&#8217;un professor d&#8217;art.<br \/>La mare pregunta: &#8216;El noi t\u00e9 talent?&#8217;<br \/>S&#8217;arronsa d&#8217;espatlles, assenteix i dona la benvinguda a un nou artista.<br \/>El seu cor valent vola pels carrers, en un viatge desconegut.<\/p>\n<p>En aquest \u00e0lbum i en la seva narrativa l\u00edrica, inspirada en el llenguatge de la seva autobiografia, es mostren als lectors, vistes des de moltes finestres diferents, les experi\u00e8ncies de la inf\u00e0ncia i la guerra que van marcar la vida i l&#8217;art de Marc Chagall. Conegut tant per les seves enlluernadores pintures com per les seves vidrieres de colors, Marc Chagall va ascendir des dels seus humils or\u00edgens fins arribar a convertir-se en un dels artistes m\u00e9s famosos del m\u00f3n. Descobreix l&#8217;obra de Marc Chagall en aquest meravell\u00f3s \u00e0lbum de les creadores de El so dels colors, guardonat amb el premi Caldecott Honor.<\/p>\n","protected":false},"excerpt":{"rendered":"Des de la finestra, l&#8217;estudiant veu&#8230;El seu futur -carnisser, forner, ferrer-, per\u00f2 aparta la mirada.Un estudiant copia una cara d&#8217;un llibre. Una idea floreix a la seva ment.El poder de les imatges. Dibuixa i esborra, somia en color mentre el [&hellip;]","protected":false},"featured_media":24892,"template":"","meta":{"_acf_changed":false,"_exactmetrics_skip_tracking":false,"_exactmetrics_sitenote_active":false,"_exactmetrics_sitenote_note":"","_exactmetrics_sitenote_category":0},"product_brand":[],"product_cat":[904,1121,1125,1140,1207],"product_tag":[],"coleccion":[945],"class_list":{"0":"post-24891","1":"product","2":"type-product","3":"status-publish","4":"has-post-thumbnail","6":"product_cat-a-partir-de-9-anos","7":"product_cat-albumes-ilustrados","8":"product_cat-arte","9":"product_cat-arte-y-creatividad","10":"product_cat-personajes-reales","11":"coleccion-art-i-creativitat","13":"first","14":"instock","15":"taxable","16":"shipping-taxable","17":"purchasable","18":"product-type-simple"},"acf":{"indice":"","autor":"Rosenstock, Barb","codart":"4600","ediciones":"1","encuadernacion":"Carton\u00e9","fecha_de_publicacion":"01\/05\/2019","novedad":"0","paginas":"40","subtitulo":"","texto_web_adicional":"","autores-libros":[16589],"ilustradores-libros":[17721],"texto_web_novedad":"","orden":"999","portada":"0","texto_web_resaltado":"","traductores-libros":[24890],"descripcion_corta":"","recomendamos":"","mas_vendido":"","idioma-libro":"","color":false,"formato":"","mas_informacion_del_producto":false,"premios":[{"premio":"Sydney Taylor Book Award","anyo_del_premio":"2019","pais_del_premio":"EE.UU."}],"texto_enlace_cubierta":"","enlace_cubierta":{"ID":25032,"id":25032,"title":"portada_des_de_la_finestra","filename":"portada_des_de_la_finestra.jpg","filesize":314485,"url":"https:\/\/www.editorialjuventud.es\/wp-content\/uploads\/portada_des_de_la_finestra.jpg","link":"https:\/\/www.editorialjuventud.es\/ca\/?attachment_id=25032","alt":"","author":"47","description":"","caption":"","name":"portada_des_de_la_finestra","status":"inherit","uploaded_to":24891,"date":"2019-05-05 18:25:03","modified":"2019-05-05 18:25:03","menu_order":0,"mime_type":"image\/jpeg","type":"image","subtype":"jpeg","icon":"https:\/\/www.editorialjuventud.es\/wp-includes\/images\/media\/default.png","width":1024,"height":1324,"sizes":{"thumbnail":"https:\/\/www.editorialjuventud.es\/wp-content\/uploads\/portada_des_de_la_finestra-200x200.jpg","thumbnail-width":200,"thumbnail-height":200,"medium":"https:\/\/www.editorialjuventud.es\/wp-content\/uploads\/portada_des_de_la_finestra.jpg","medium-width":1024,"medium-height":1324,"medium_large":"https:\/\/www.editorialjuventud.es\/wp-content\/uploads\/portada_des_de_la_finestra-768x993.jpg","medium_large-width":768,"medium_large-height":993,"large":"https:\/\/www.editorialjuventud.es\/wp-content\/uploads\/portada_des_de_la_finestra.jpg","large-width":1024,"large-height":1324,"1536x1536":"https:\/\/www.editorialjuventud.es\/wp-content\/uploads\/portada_des_de_la_finestra.jpg","1536x1536-width":1024,"1536x1536-height":1324,"2048x2048":"https:\/\/www.editorialjuventud.es\/wp-content\/uploads\/portada_des_de_la_finestra.jpg","2048x2048-width":1024,"2048x2048-height":1324,"woocommerce_thumbnail":"https:\/\/www.editorialjuventud.es\/wp-content\/uploads\/portada_des_de_la_finestra-350x453.jpg","woocommerce_thumbnail-width":350,"woocommerce_thumbnail-height":453,"woocommerce_single":"https:\/\/www.editorialjuventud.es\/wp-content\/uploads\/portada_des_de_la_finestra-900x1164.jpg","woocommerce_single-width":900,"woocommerce_single-height":1164,"woocommerce_gallery_thumbnail":"https:\/\/www.editorialjuventud.es\/wp-content\/uploads\/portada_des_de_la_finestra-100x100.jpg","woocommerce_gallery_thumbnail-width":100,"woocommerce_gallery_thumbnail-height":100,"ppec_logo_image_size":"https:\/\/www.editorialjuventud.es\/wp-content\/uploads\/portada_des_de_la_finestra.jpg","ppec_logo_image_size-width":46,"ppec_logo_image_size-height":60,"ppec_header_image_size":"https:\/\/www.editorialjuventud.es\/wp-content\/uploads\/portada_des_de_la_finestra.jpg","ppec_header_image_size-width":70,"ppec_header_image_size-height":90}},"texto_enlace_ficha_tecnica":"","enlace_ficha_tecnica":{"ID":25034,"id":25034,"title":"Fitxa_des_de_la_finestra","filename":"Fitxa_des_de_la_finestra.pdf","filesize":486364,"url":"https:\/\/www.editorialjuventud.es\/wp-content\/uploads\/Fitxa_des_de_la_finestra.pdf","link":"https:\/\/www.editorialjuventud.es\/ca\/?attachment_id=25034","alt":"","author":"47","description":"","caption":"","name":"fitxa_des_de_la_finestra","status":"inherit","uploaded_to":24891,"date":"2019-05-05 18:25:36","modified":"2019-05-05 18:25:36","menu_order":0,"mime_type":"application\/pdf","type":"application","subtype":"pdf","icon":"https:\/\/www.editorialjuventud.es\/wp-includes\/images\/media\/document.png"},"ficheros":false,"titulo-fr":"","texto-fr":"","fecha_de_reimpresion":"","deshabilitar_compra":[]},"yoast_head":"<!-- This site is optimized with the Yoast SEO plugin v27.5 - https:\/\/yoast.com\/product\/yoast-seo-wordpress\/ -->\n<title>Des de la finestra. Vida i art de Marc Chagall - Editorial Juventud<\/title>\n<meta name=\"description\" content=\"En aquest \u00e0lbum i en la seva narrativa l\u00edrica, inspirada en el llenguatge de la seva autobiografia, es mostren als lectors, vistes des de moltes finestres diferents, les experi\u00e8ncies de la inf\u00e0ncia i la guerra que van marcar la vida i l&#039;art de Marc Chagall.\" \/>\n<meta name=\"robots\" content=\"index, follow, max-snippet:-1, max-image-preview:large, max-video-preview:-1\" \/>\n<link rel=\"canonical\" href=\"https:\/\/www.editorialjuventud.es\/des-de-la-finestra-vida-i-art-de-marc-chagall-9788426146007\/\" \/>\n<meta property=\"og:locale\" content=\"ca_ES\" \/>\n<meta property=\"og:type\" content=\"article\" \/>\n<meta property=\"og:title\" content=\"Des de la finestra. Vida i art de Marc Chagall - Editorial Juventud\" \/>\n<meta property=\"og:description\" content=\"En aquest \u00e0lbum i en la seva narrativa l\u00edrica, inspirada en el llenguatge de la seva autobiografia, es mostren als lectors, vistes des de moltes finestres diferents, les experi\u00e8ncies de la inf\u00e0ncia i la guerra que van marcar la vida i l&#039;art de Marc Chagall.\" \/>\n<meta property=\"og:url\" content=\"https:\/\/www.editorialjuventud.es\/des-de-la-finestra-vida-i-art-de-marc-chagall-9788426146007\/\" \/>\n<meta property=\"og:site_name\" content=\"Editorial Juventud\" \/>\n<meta property=\"article:modified_time\" content=\"2025-01-22T11:53:32+00:00\" \/>\n<meta property=\"og:image\" content=\"https:\/\/www.editorialjuventud.es\/wp-content\/uploads\/9788426146007.jpg\" \/>\n\t<meta property=\"og:image:width\" content=\"1024\" \/>\n\t<meta property=\"og:image:height\" content=\"1324\" \/>\n\t<meta property=\"og:image:type\" content=\"image\/jpeg\" \/>\n<meta name=\"twitter:card\" content=\"summary_large_image\" \/>\n<meta name=\"twitter:label1\" content=\"Temps estimat de lectura\" \/>\n\t<meta name=\"twitter:data1\" content=\"1 minut\" \/>\n<script type=\"application\/ld+json\" class=\"yoast-schema-graph\">{\"@context\":\"https:\\\/\\\/schema.org\",\"@graph\":[{\"@type\":\"WebPage\",\"@id\":\"https:\\\/\\\/www.editorialjuventud.es\\\/des-de-la-finestra-vida-i-art-de-marc-chagall-9788426146007\\\/\",\"url\":\"https:\\\/\\\/www.editorialjuventud.es\\\/des-de-la-finestra-vida-i-art-de-marc-chagall-9788426146007\\\/\",\"name\":\"Des de la finestra. Vida i art de Marc Chagall - Editorial Juventud\",\"isPartOf\":{\"@id\":\"https:\\\/\\\/www.editorialjuventud.es\\\/#website\"},\"primaryImageOfPage\":{\"@id\":\"https:\\\/\\\/www.editorialjuventud.es\\\/des-de-la-finestra-vida-i-art-de-marc-chagall-9788426146007\\\/#primaryimage\"},\"image\":{\"@id\":\"https:\\\/\\\/www.editorialjuventud.es\\\/des-de-la-finestra-vida-i-art-de-marc-chagall-9788426146007\\\/#primaryimage\"},\"thumbnailUrl\":\"https:\\\/\\\/www.editorialjuventud.es\\\/wp-content\\\/uploads\\\/9788426146007.jpg\",\"datePublished\":\"2019-05-02T09:03:46+00:00\",\"dateModified\":\"2025-01-22T11:53:32+00:00\",\"description\":\"En aquest \u00e0lbum i en la seva narrativa l\u00edrica, inspirada en el llenguatge de la seva autobiografia, es mostren als lectors, vistes des de moltes finestres diferents, les experi\u00e8ncies de la inf\u00e0ncia i la guerra que van marcar la vida i l'art de Marc Chagall.\",\"breadcrumb\":{\"@id\":\"https:\\\/\\\/www.editorialjuventud.es\\\/des-de-la-finestra-vida-i-art-de-marc-chagall-9788426146007\\\/#breadcrumb\"},\"inLanguage\":\"ca\",\"potentialAction\":[{\"@type\":\"ReadAction\",\"target\":[\"https:\\\/\\\/www.editorialjuventud.es\\\/des-de-la-finestra-vida-i-art-de-marc-chagall-9788426146007\\\/\"]}]},{\"@type\":\"ImageObject\",\"inLanguage\":\"ca\",\"@id\":\"https:\\\/\\\/www.editorialjuventud.es\\\/des-de-la-finestra-vida-i-art-de-marc-chagall-9788426146007\\\/#primaryimage\",\"url\":\"https:\\\/\\\/www.editorialjuventud.es\\\/wp-content\\\/uploads\\\/9788426146007.jpg\",\"contentUrl\":\"https:\\\/\\\/www.editorialjuventud.es\\\/wp-content\\\/uploads\\\/9788426146007.jpg\",\"width\":1024,\"height\":1324,\"caption\":\"9788426146007.jpg\"},{\"@type\":\"BreadcrumbList\",\"@id\":\"https:\\\/\\\/www.editorialjuventud.es\\\/des-de-la-finestra-vida-i-art-de-marc-chagall-9788426146007\\\/#breadcrumb\",\"itemListElement\":[{\"@type\":\"ListItem\",\"position\":1,\"name\":\"Portada\",\"item\":\"https:\\\/\\\/www.editorialjuventud.es\\\/\"},{\"@type\":\"ListItem\",\"position\":2,\"name\":\"cat\u00e1logo\",\"item\":\"https:\\\/\\\/www.editorialjuventud.es\\\/coleccion\\\/catalogo\\\/\"},{\"@type\":\"ListItem\",\"position\":3,\"name\":\"catal\u00e0\",\"item\":\"https:\\\/\\\/www.editorialjuventud.es\\\/coleccion\\\/catala\\\/\"},{\"@type\":\"ListItem\",\"position\":4,\"name\":\"\u00c0lbums Il\u00b7lustrats\",\"item\":\"https:\\\/\\\/www.editorialjuventud.es\\\/coleccion\\\/albums-il%c2%b7lustrats\\\/\"},{\"@type\":\"ListItem\",\"position\":5,\"name\":\"Art i Creativitat\",\"item\":\"https:\\\/\\\/www.editorialjuventud.es\\\/ca\\\/coleccion\\\/art-i-creativitat\\\/\"},{\"@type\":\"ListItem\",\"position\":6,\"name\":\"Des de la finestra. Vida i art de Marc Chagall\"}]},{\"@type\":\"WebSite\",\"@id\":\"https:\\\/\\\/www.editorialjuventud.es\\\/#website\",\"url\":\"https:\\\/\\\/www.editorialjuventud.es\\\/\",\"name\":\"Editorial Juventud\",\"description\":\"\",\"potentialAction\":[{\"@type\":\"SearchAction\",\"target\":{\"@type\":\"EntryPoint\",\"urlTemplate\":\"https:\\\/\\\/www.editorialjuventud.es\\\/?s={search_term_string}\"},\"query-input\":{\"@type\":\"PropertyValueSpecification\",\"valueRequired\":true,\"valueName\":\"search_term_string\"}}],\"inLanguage\":\"ca\"}]}<\/script>\n<!-- \/ Yoast SEO plugin. -->","yoast_head_json":{"title":"Des de la finestra. Vida i art de Marc Chagall - Editorial Juventud","description":"En aquest \u00e0lbum i en la seva narrativa l\u00edrica, inspirada en el llenguatge de la seva autobiografia, es mostren als lectors, vistes des de moltes finestres diferents, les experi\u00e8ncies de la inf\u00e0ncia i la guerra que van marcar la vida i l'art de Marc Chagall.","robots":{"index":"index","follow":"follow","max-snippet":"max-snippet:-1","max-image-preview":"max-image-preview:large","max-video-preview":"max-video-preview:-1"},"canonical":"https:\/\/www.editorialjuventud.es\/des-de-la-finestra-vida-i-art-de-marc-chagall-9788426146007\/","og_locale":"ca_ES","og_type":"article","og_title":"Des de la finestra. Vida i art de Marc Chagall - Editorial Juventud","og_description":"En aquest \u00e0lbum i en la seva narrativa l\u00edrica, inspirada en el llenguatge de la seva autobiografia, es mostren als lectors, vistes des de moltes finestres diferents, les experi\u00e8ncies de la inf\u00e0ncia i la guerra que van marcar la vida i l'art de Marc Chagall.","og_url":"https:\/\/www.editorialjuventud.es\/des-de-la-finestra-vida-i-art-de-marc-chagall-9788426146007\/","og_site_name":"Editorial Juventud","article_modified_time":"2025-01-22T11:53:32+00:00","og_image":[{"width":1024,"height":1324,"url":"https:\/\/www.editorialjuventud.es\/wp-content\/uploads\/9788426146007.jpg","type":"image\/jpeg"}],"twitter_card":"summary_large_image","twitter_misc":{"Temps estimat de lectura":"1 minut"},"schema":{"@context":"https:\/\/schema.org","@graph":[{"@type":"WebPage","@id":"https:\/\/www.editorialjuventud.es\/des-de-la-finestra-vida-i-art-de-marc-chagall-9788426146007\/","url":"https:\/\/www.editorialjuventud.es\/des-de-la-finestra-vida-i-art-de-marc-chagall-9788426146007\/","name":"Des de la finestra. Vida i art de Marc Chagall - Editorial Juventud","isPartOf":{"@id":"https:\/\/www.editorialjuventud.es\/#website"},"primaryImageOfPage":{"@id":"https:\/\/www.editorialjuventud.es\/des-de-la-finestra-vida-i-art-de-marc-chagall-9788426146007\/#primaryimage"},"image":{"@id":"https:\/\/www.editorialjuventud.es\/des-de-la-finestra-vida-i-art-de-marc-chagall-9788426146007\/#primaryimage"},"thumbnailUrl":"https:\/\/www.editorialjuventud.es\/wp-content\/uploads\/9788426146007.jpg","datePublished":"2019-05-02T09:03:46+00:00","dateModified":"2025-01-22T11:53:32+00:00","description":"En aquest \u00e0lbum i en la seva narrativa l\u00edrica, inspirada en el llenguatge de la seva autobiografia, es mostren als lectors, vistes des de moltes finestres diferents, les experi\u00e8ncies de la inf\u00e0ncia i la guerra que van marcar la vida i l'art de Marc Chagall.","breadcrumb":{"@id":"https:\/\/www.editorialjuventud.es\/des-de-la-finestra-vida-i-art-de-marc-chagall-9788426146007\/#breadcrumb"},"inLanguage":"ca","potentialAction":[{"@type":"ReadAction","target":["https:\/\/www.editorialjuventud.es\/des-de-la-finestra-vida-i-art-de-marc-chagall-9788426146007\/"]}]},{"@type":"ImageObject","inLanguage":"ca","@id":"https:\/\/www.editorialjuventud.es\/des-de-la-finestra-vida-i-art-de-marc-chagall-9788426146007\/#primaryimage","url":"https:\/\/www.editorialjuventud.es\/wp-content\/uploads\/9788426146007.jpg","contentUrl":"https:\/\/www.editorialjuventud.es\/wp-content\/uploads\/9788426146007.jpg","width":1024,"height":1324,"caption":"9788426146007.jpg"},{"@type":"BreadcrumbList","@id":"https:\/\/www.editorialjuventud.es\/des-de-la-finestra-vida-i-art-de-marc-chagall-9788426146007\/#breadcrumb","itemListElement":[{"@type":"ListItem","position":1,"name":"Portada","item":"https:\/\/www.editorialjuventud.es\/"},{"@type":"ListItem","position":2,"name":"cat\u00e1logo","item":"https:\/\/www.editorialjuventud.es\/coleccion\/catalogo\/"},{"@type":"ListItem","position":3,"name":"catal\u00e0","item":"https:\/\/www.editorialjuventud.es\/coleccion\/catala\/"},{"@type":"ListItem","position":4,"name":"\u00c0lbums Il\u00b7lustrats","item":"https:\/\/www.editorialjuventud.es\/coleccion\/albums-il%c2%b7lustrats\/"},{"@type":"ListItem","position":5,"name":"Art i Creativitat","item":"https:\/\/www.editorialjuventud.es\/ca\/coleccion\/art-i-creativitat\/"},{"@type":"ListItem","position":6,"name":"Des de la finestra. Vida i art de Marc Chagall"}]},{"@type":"WebSite","@id":"https:\/\/www.editorialjuventud.es\/#website","url":"https:\/\/www.editorialjuventud.es\/","name":"Editorial Juventud","description":"","potentialAction":[{"@type":"SearchAction","target":{"@type":"EntryPoint","urlTemplate":"https:\/\/www.editorialjuventud.es\/?s={search_term_string}"},"query-input":{"@type":"PropertyValueSpecification","valueRequired":true,"valueName":"search_term_string"}}],"inLanguage":"ca"}]}},"_links":{"self":[{"href":"https:\/\/www.editorialjuventud.es\/ca\/wp-json\/wp\/v2\/product\/24891","targetHints":{"allow":["GET"]}}],"collection":[{"href":"https:\/\/www.editorialjuventud.es\/ca\/wp-json\/wp\/v2\/product"}],"about":[{"href":"https:\/\/www.editorialjuventud.es\/ca\/wp-json\/wp\/v2\/types\/product"}],"wp:featuredmedia":[{"embeddable":true,"href":"https:\/\/www.editorialjuventud.es\/ca\/wp-json\/wp\/v2\/media\/24892"}],"wp:attachment":[{"href":"https:\/\/www.editorialjuventud.es\/ca\/wp-json\/wp\/v2\/media?parent=24891"}],"wp:term":[{"taxonomy":"product_brand","embeddable":true,"href":"https:\/\/www.editorialjuventud.es\/ca\/wp-json\/wp\/v2\/product_brand?post=24891"},{"taxonomy":"product_cat","embeddable":true,"href":"https:\/\/www.editorialjuventud.es\/ca\/wp-json\/wp\/v2\/product_cat?post=24891"},{"taxonomy":"product_tag","embeddable":true,"href":"https:\/\/www.editorialjuventud.es\/ca\/wp-json\/wp\/v2\/product_tag?post=24891"},{"taxonomy":"coleccion","embeddable":true,"href":"https:\/\/www.editorialjuventud.es\/ca\/wp-json\/wp\/v2\/coleccion?post=24891"}],"curies":[{"name":"wp","href":"https:\/\/api.w.org\/{rel}","templated":true}]}}