{"id":23496,"date":"2019-04-04T14:03:28","date_gmt":"2019-04-04T10:03:28","guid":{"rendered":"https:\/\/www.editorialjuventud.es\/mis-primeros-platos-9788426144942\/"},"modified":"2024-02-01T13:42:10","modified_gmt":"2024-02-01T12:42:10","slug":"mis-primeros-platos-9788426144942","status":"publish","type":"product","link":"https:\/\/www.editorialjuventud.es\/ca\/mis-primeros-platos-9788426144942\/","title":{"rendered":"Mis Primeros Platos"},"content":{"rendered":"<p>\u00a1Consigue un destete f\u00e1cil con Ella\u2019s Kitchen!<br \/>\nEl proceso del destete puede ser de lo m\u00e1s agradable, pero tambi\u00e9n una \u00e9poca de lo m\u00e1s frustrante y estresante, tanto para los adultos como para los ni\u00f1os. Al final solo tu instinto sabe lo que te funciona a ti y a tu beb\u00e9. Pero una cosa s\u00ed que es cierta: el destete es m\u00e1s f\u00e1cil cuando es divertido, desordenado y loco. Cuando comer se convierte en una extensi\u00f3n de jugar. Este libro contiene m\u00e1s de cien recetas riqu\u00edsimas que har\u00e1n hormiguear las papilas gustativas de los m\u00e1s peque\u00f1os. Desde pur\u00e9s a comidas familiares y fant\u00e1sticos bocaditos para guiar a tu beb\u00e9 paso a paso hasta la mesa de los mayores, con \u00fatiles consejos del equipo de expertos de Ella\u2019s, as\u00ed como de mam\u00e1s y pap\u00e1s reales. Un mont\u00f3n de trucos, t\u00e9cnicas y actividades imaginativas para ayudar a los m\u00e1s peque\u00f1os a aprender a amar la comida.<\/p>\n","protected":false},"excerpt":{"rendered":"\u00a1Consigue un destete f\u00e1cil con Ella\u2019s Kitchen! El proceso del destete puede ser de lo m\u00e1s agradable, pero tambi\u00e9n una \u00e9poca de lo m\u00e1s frustrante y estresante, tanto para los adultos como para los ni\u00f1os. Al final solo tu instinto [&hellip;]","protected":false},"featured_media":23497,"template":"","meta":{"_acf_changed":false,"_exactmetrics_skip_tracking":false,"_exactmetrics_sitenote_active":false,"_exactmetrics_sitenote_note":"","_exactmetrics_sitenote_category":0},"product_brand":[],"product_cat":[905,1153,892,1115,1181,1123,1128],"product_tag":[],"coleccion":[916,1002,933],"class_list":{"0":"post-23496","1":"product","2":"type-product","3":"status-publish","4":"has-post-thumbnail","6":"product_cat-adulto","7":"product_cat-comida-alimentacion","8":"product_cat-edades","9":"product_cat-generos","10":"product_cat-habitos","11":"product_cat-libros-informativos-infantil","12":"product_cat-tematica","13":"coleccion-castellano","14":"coleccion-cocina-saludable","15":"coleccion-gastronomia-y-reposteria","17":"first","18":"instock","19":"taxable","20":"shipping-taxable","21":"purchasable","22":"product-type-simple"},"acf":{"indice":"","autor":"Ella's Kitchen","codart":"4494","ediciones":"0","encuadernacion":"Carton\u00e9","fecha_de_publicacion":"01\/01\/2010","novedad":"0","paginas":"192","subtitulo":"","texto_web_adicional":"","autores-libros":[23502],"ilustradores-libros":[23502],"texto_web_novedad":"","orden":"999","portada":"0","texto_web_resaltado":"","traductores-libros":[18048],"descripcion_corta":"","recomendamos":"","mas_vendido":"","idioma-libro":"","color":false,"formato":"","mas_informacion_del_producto":false,"premios":false,"texto_enlace_cubierta":"","enlace_cubierta":false,"texto_enlace_ficha_tecnica":"","enlace_ficha_tecnica":false,"ficheros":false,"titulo-fr":"","texto-fr":""},"yoast_head":"<!-- This site is optimized with the Yoast SEO plugin v27.5 - https:\/\/yoast.com\/product\/yoast-seo-wordpress\/ -->\n<title>Mis Primeros Platos - Editorial Juventud<\/title>\n<meta name=\"description\" content=\"\u00a1Consigue un destete f\u00e1cil con Ella\u2019s Kitchen! El proceso del destete puede ser de lo m\u00e1s agradable, pero tambi\u00e9n una \u00e9poca de lo m\u00e1s frustrante y\" \/>\n<meta name=\"robots\" content=\"index, follow, max-snippet:-1, max-image-preview:large, max-video-preview:-1\" \/>\n<link rel=\"canonical\" href=\"https:\/\/www.editorialjuventud.es\/ca\/mis-primeros-platos-9788426144942\/\" \/>\n<meta property=\"og:locale\" content=\"ca_ES\" \/>\n<meta property=\"og:type\" content=\"article\" \/>\n<meta property=\"og:title\" content=\"Mis Primeros Platos - Editorial Juventud\" \/>\n<meta property=\"og:description\" content=\"\u00a1Consigue un destete f\u00e1cil con Ella\u2019s Kitchen! El proceso del destete puede ser de lo m\u00e1s agradable, pero tambi\u00e9n una \u00e9poca de lo m\u00e1s frustrante y\" \/>\n<meta property=\"og:url\" content=\"https:\/\/www.editorialjuventud.es\/ca\/mis-primeros-platos-9788426144942\/\" \/>\n<meta property=\"og:site_name\" content=\"Editorial Juventud\" \/>\n<meta property=\"article:modified_time\" content=\"2024-02-01T12:42:10+00:00\" \/>\n<meta property=\"og:image\" content=\"https:\/\/www.editorialjuventud.es\/wp-content\/uploads\/9788426144942.jpg\" \/>\n\t<meta property=\"og:image:width\" content=\"904\" \/>\n\t<meta property=\"og:image:height\" content=\"1200\" \/>\n\t<meta property=\"og:image:type\" content=\"image\/jpeg\" \/>\n<meta name=\"twitter:card\" content=\"summary_large_image\" \/>\n<meta name=\"twitter:label1\" content=\"Temps estimat de lectura\" \/>\n\t<meta name=\"twitter:data1\" content=\"1 minut\" \/>\n<script type=\"application\/ld+json\" class=\"yoast-schema-graph\">{\"@context\":\"https:\\\/\\\/schema.org\",\"@graph\":[{\"@type\":\"WebPage\",\"@id\":\"https:\\\/\\\/www.editorialjuventud.es\\\/ca\\\/mis-primeros-platos-9788426144942\\\/\",\"url\":\"https:\\\/\\\/www.editorialjuventud.es\\\/ca\\\/mis-primeros-platos-9788426144942\\\/\",\"name\":\"Mis Primeros Platos - Editorial Juventud\",\"isPartOf\":{\"@id\":\"https:\\\/\\\/www.editorialjuventud.es\\\/#website\"},\"primaryImageOfPage\":{\"@id\":\"https:\\\/\\\/www.editorialjuventud.es\\\/ca\\\/mis-primeros-platos-9788426144942\\\/#primaryimage\"},\"image\":{\"@id\":\"https:\\\/\\\/www.editorialjuventud.es\\\/ca\\\/mis-primeros-platos-9788426144942\\\/#primaryimage\"},\"thumbnailUrl\":\"https:\\\/\\\/www.editorialjuventud.es\\\/wp-content\\\/uploads\\\/9788426144942.jpg\",\"datePublished\":\"2019-04-04T10:03:28+00:00\",\"dateModified\":\"2024-02-01T12:42:10+00:00\",\"description\":\"\u00a1Consigue un destete f\u00e1cil con Ella\u2019s Kitchen! El proceso del destete puede ser de lo m\u00e1s agradable, pero tambi\u00e9n una \u00e9poca de lo m\u00e1s frustrante y\",\"breadcrumb\":{\"@id\":\"https:\\\/\\\/www.editorialjuventud.es\\\/ca\\\/mis-primeros-platos-9788426144942\\\/#breadcrumb\"},\"inLanguage\":\"ca\",\"potentialAction\":[{\"@type\":\"ReadAction\",\"target\":[\"https:\\\/\\\/www.editorialjuventud.es\\\/ca\\\/mis-primeros-platos-9788426144942\\\/\"]}]},{\"@type\":\"ImageObject\",\"inLanguage\":\"ca\",\"@id\":\"https:\\\/\\\/www.editorialjuventud.es\\\/ca\\\/mis-primeros-platos-9788426144942\\\/#primaryimage\",\"url\":\"https:\\\/\\\/www.editorialjuventud.es\\\/wp-content\\\/uploads\\\/9788426144942.jpg\",\"contentUrl\":\"https:\\\/\\\/www.editorialjuventud.es\\\/wp-content\\\/uploads\\\/9788426144942.jpg\",\"width\":904,\"height\":1200,\"caption\":\"9788426144942.jpg\"},{\"@type\":\"BreadcrumbList\",\"@id\":\"https:\\\/\\\/www.editorialjuventud.es\\\/ca\\\/mis-primeros-platos-9788426144942\\\/#breadcrumb\",\"itemListElement\":[{\"@type\":\"ListItem\",\"position\":1,\"name\":\"Portada\",\"item\":\"https:\\\/\\\/www.editorialjuventud.es\\\/\"},{\"@type\":\"ListItem\",\"position\":2,\"name\":\"cat\u00e1logo\",\"item\":\"https:\\\/\\\/www.editorialjuventud.es\\\/coleccion\\\/catalogo\\\/\"},{\"@type\":\"ListItem\",\"position\":3,\"name\":\"castellano\",\"item\":\"https:\\\/\\\/www.editorialjuventud.es\\\/coleccion\\\/castellano\\\/\"},{\"@type\":\"ListItem\",\"position\":4,\"name\":\"Gastronom\u00eda y Reposter\u00eda\",\"item\":\"https:\\\/\\\/www.editorialjuventud.es\\\/coleccion\\\/gastronomia-y-reposteria\\\/\"},{\"@type\":\"ListItem\",\"position\":5,\"name\":\"Cocina Saludable\",\"item\":\"https:\\\/\\\/www.editorialjuventud.es\\\/coleccion\\\/cocina-saludable\\\/\"},{\"@type\":\"ListItem\",\"position\":6,\"name\":\"Mis Primeros Platos\"}]},{\"@type\":\"WebSite\",\"@id\":\"https:\\\/\\\/www.editorialjuventud.es\\\/#website\",\"url\":\"https:\\\/\\\/www.editorialjuventud.es\\\/\",\"name\":\"Editorial Juventud\",\"description\":\"\",\"potentialAction\":[{\"@type\":\"SearchAction\",\"target\":{\"@type\":\"EntryPoint\",\"urlTemplate\":\"https:\\\/\\\/www.editorialjuventud.es\\\/?s={search_term_string}\"},\"query-input\":{\"@type\":\"PropertyValueSpecification\",\"valueRequired\":true,\"valueName\":\"search_term_string\"}}],\"inLanguage\":\"ca\"}]}<\/script>\n<!-- \/ Yoast SEO plugin. -->","yoast_head_json":{"title":"Mis Primeros Platos - Editorial Juventud","description":"\u00a1Consigue un destete f\u00e1cil con Ella\u2019s Kitchen! El proceso del destete puede ser de lo m\u00e1s agradable, pero tambi\u00e9n una \u00e9poca de lo m\u00e1s frustrante y","robots":{"index":"index","follow":"follow","max-snippet":"max-snippet:-1","max-image-preview":"max-image-preview:large","max-video-preview":"max-video-preview:-1"},"canonical":"https:\/\/www.editorialjuventud.es\/ca\/mis-primeros-platos-9788426144942\/","og_locale":"ca_ES","og_type":"article","og_title":"Mis Primeros Platos - Editorial Juventud","og_description":"\u00a1Consigue un destete f\u00e1cil con Ella\u2019s Kitchen! El proceso del destete puede ser de lo m\u00e1s agradable, pero tambi\u00e9n una \u00e9poca de lo m\u00e1s frustrante y","og_url":"https:\/\/www.editorialjuventud.es\/ca\/mis-primeros-platos-9788426144942\/","og_site_name":"Editorial Juventud","article_modified_time":"2024-02-01T12:42:10+00:00","og_image":[{"width":904,"height":1200,"url":"https:\/\/www.editorialjuventud.es\/wp-content\/uploads\/9788426144942.jpg","type":"image\/jpeg"}],"twitter_card":"summary_large_image","twitter_misc":{"Temps estimat de lectura":"1 minut"},"schema":{"@context":"https:\/\/schema.org","@graph":[{"@type":"WebPage","@id":"https:\/\/www.editorialjuventud.es\/ca\/mis-primeros-platos-9788426144942\/","url":"https:\/\/www.editorialjuventud.es\/ca\/mis-primeros-platos-9788426144942\/","name":"Mis Primeros Platos - Editorial Juventud","isPartOf":{"@id":"https:\/\/www.editorialjuventud.es\/#website"},"primaryImageOfPage":{"@id":"https:\/\/www.editorialjuventud.es\/ca\/mis-primeros-platos-9788426144942\/#primaryimage"},"image":{"@id":"https:\/\/www.editorialjuventud.es\/ca\/mis-primeros-platos-9788426144942\/#primaryimage"},"thumbnailUrl":"https:\/\/www.editorialjuventud.es\/wp-content\/uploads\/9788426144942.jpg","datePublished":"2019-04-04T10:03:28+00:00","dateModified":"2024-02-01T12:42:10+00:00","description":"\u00a1Consigue un destete f\u00e1cil con Ella\u2019s Kitchen! El proceso del destete puede ser de lo m\u00e1s agradable, pero tambi\u00e9n una \u00e9poca de lo m\u00e1s frustrante y","breadcrumb":{"@id":"https:\/\/www.editorialjuventud.es\/ca\/mis-primeros-platos-9788426144942\/#breadcrumb"},"inLanguage":"ca","potentialAction":[{"@type":"ReadAction","target":["https:\/\/www.editorialjuventud.es\/ca\/mis-primeros-platos-9788426144942\/"]}]},{"@type":"ImageObject","inLanguage":"ca","@id":"https:\/\/www.editorialjuventud.es\/ca\/mis-primeros-platos-9788426144942\/#primaryimage","url":"https:\/\/www.editorialjuventud.es\/wp-content\/uploads\/9788426144942.jpg","contentUrl":"https:\/\/www.editorialjuventud.es\/wp-content\/uploads\/9788426144942.jpg","width":904,"height":1200,"caption":"9788426144942.jpg"},{"@type":"BreadcrumbList","@id":"https:\/\/www.editorialjuventud.es\/ca\/mis-primeros-platos-9788426144942\/#breadcrumb","itemListElement":[{"@type":"ListItem","position":1,"name":"Portada","item":"https:\/\/www.editorialjuventud.es\/"},{"@type":"ListItem","position":2,"name":"cat\u00e1logo","item":"https:\/\/www.editorialjuventud.es\/coleccion\/catalogo\/"},{"@type":"ListItem","position":3,"name":"castellano","item":"https:\/\/www.editorialjuventud.es\/coleccion\/castellano\/"},{"@type":"ListItem","position":4,"name":"Gastronom\u00eda y Reposter\u00eda","item":"https:\/\/www.editorialjuventud.es\/coleccion\/gastronomia-y-reposteria\/"},{"@type":"ListItem","position":5,"name":"Cocina Saludable","item":"https:\/\/www.editorialjuventud.es\/coleccion\/cocina-saludable\/"},{"@type":"ListItem","position":6,"name":"Mis Primeros Platos"}]},{"@type":"WebSite","@id":"https:\/\/www.editorialjuventud.es\/#website","url":"https:\/\/www.editorialjuventud.es\/","name":"Editorial Juventud","description":"","potentialAction":[{"@type":"SearchAction","target":{"@type":"EntryPoint","urlTemplate":"https:\/\/www.editorialjuventud.es\/?s={search_term_string}"},"query-input":{"@type":"PropertyValueSpecification","valueRequired":true,"valueName":"search_term_string"}}],"inLanguage":"ca"}]}},"_links":{"self":[{"href":"https:\/\/www.editorialjuventud.es\/ca\/wp-json\/wp\/v2\/product\/23496","targetHints":{"allow":["GET"]}}],"collection":[{"href":"https:\/\/www.editorialjuventud.es\/ca\/wp-json\/wp\/v2\/product"}],"about":[{"href":"https:\/\/www.editorialjuventud.es\/ca\/wp-json\/wp\/v2\/types\/product"}],"wp:featuredmedia":[{"embeddable":true,"href":"https:\/\/www.editorialjuventud.es\/ca\/wp-json\/wp\/v2\/media\/23497"}],"wp:attachment":[{"href":"https:\/\/www.editorialjuventud.es\/ca\/wp-json\/wp\/v2\/media?parent=23496"}],"wp:term":[{"taxonomy":"product_brand","embeddable":true,"href":"https:\/\/www.editorialjuventud.es\/ca\/wp-json\/wp\/v2\/product_brand?post=23496"},{"taxonomy":"product_cat","embeddable":true,"href":"https:\/\/www.editorialjuventud.es\/ca\/wp-json\/wp\/v2\/product_cat?post=23496"},{"taxonomy":"product_tag","embeddable":true,"href":"https:\/\/www.editorialjuventud.es\/ca\/wp-json\/wp\/v2\/product_tag?post=23496"},{"taxonomy":"coleccion","embeddable":true,"href":"https:\/\/www.editorialjuventud.es\/ca\/wp-json\/wp\/v2\/coleccion?post=23496"}],"curies":[{"name":"wp","href":"https:\/\/api.w.org\/{rel}","templated":true}]}}