{"id":22907,"date":"2019-03-27T14:08:39","date_gmt":"2019-03-27T12:08:39","guid":{"rendered":"https:\/\/www.editorialjuventud.es\/armstrong-ee-9788426145895\/"},"modified":"2023-02-24T14:26:31","modified_gmt":"2023-02-24T13:26:31","slug":"edicio-especial-armstrong-lagosarat-viatge-dun-ratoli-a-la-lluna-9788426145895","status":"publish","type":"product","link":"https:\/\/www.editorialjuventud.es\/ca\/edicio-especial-armstrong-lagosarat-viatge-dun-ratoli-a-la-lluna-9788426145895\/","title":{"rendered":"(Edici\u00f3 Especial) ARMSTRONG   L&#8217;agosarat viatge d&#8217;un ratol\u00ed a la Lluna"},"content":{"rendered":"<p>El petit pas d&#8217;Armstrong va ser realment un gran pas per a la Humanitat, un pas que ja comptava amb un llarg cam\u00ed recorregut des de feia segles. I fins a quin punt no nom\u00e9s els \u00e9ssers humans, sin\u00f3 tamb\u00e9 altres habitants molt m\u00e9s petits tanmateix hi van jugar el seu paper, \u00e9s el que aquest llibre analitza. Fins i tot \u00e9s possible que aquest petit pas de l&#8217;home fos precedit per un petit pas d&#8217;un ratol\u00ed.<\/p>\n<p>Armstrong: l&#8217;agosarat viatge d&#8217;un ratol\u00ed a la Lluna, transporta els lectors fins a la Lluna i m\u00e9s enll\u00e0, on el l\u00edmit dels somnis nom\u00e9s el marca la pr\u00f2pia imaginaci\u00f3&#8230;<\/p>\n<p>Acompanya Armstrong en la fascinant aventura que empr\u00e8n per desmentir la resta de ratolins, que es pensa que la Lluna \u00e9s una bola de formatge enorme. Aquest petit heroi, seguint els consells del vell Lindbergh, haur\u00e0 d&#8217;endinsar-se en l&#8217;estudi de l&#8217;aeron\u00e0utica i de l&#8217;espai tot passant pel museu Smithsoni\u00e0 i la Universitat, posant a prova l&#8217;enginy amb els seus invents per viatjar a l&#8217;espai.<br \/>\nAquesta edici\u00f3 especial commemorativa del 50 aniversari de l&#8217;arribada a la Lluna t\u00e9 una <strong>nova coberta<\/strong> espectacular amb el segell inconfusible de Kuhlmann, i <strong>nou pr\u00f2leg<\/strong> que repassa les fites cient\u00edfiques que van fer possible que l&#8217;home arrib\u00e9s a la Lluna. A m\u00e9s, a les p\u00e0gines finals que repassen la hist\u00f2ria de la navegaci\u00f3 especial, podreu trobar <strong>continguts extra sobre el programa Apollo, el coet <em>Saturn V<\/em> o l&#8217;allunament<\/strong>.<\/p>\n","protected":false},"excerpt":{"rendered":"El petit pas d&#8217;Armstrong va ser realment un gran pas per a la Humanitat, un pas que ja comptava amb un llarg cam\u00ed recorregut des de feia segles. I fins a quin punt no nom\u00e9s els \u00e9ssers humans, sin\u00f3 tamb\u00e9 [&hellip;]","protected":false},"featured_media":22908,"template":"","meta":{"_acf_changed":false,"_exactmetrics_skip_tracking":false,"_exactmetrics_sitenote_active":false,"_exactmetrics_sitenote_note":"","_exactmetrics_sitenote_category":0},"product_brand":[],"product_cat":[904,1121,1149,892,1115,1207,1128,1228],"product_tag":[],"coleccion":[917,915,952,1247],"class_list":{"0":"post-22907","1":"product","2":"type-product","3":"status-publish","4":"has-post-thumbnail","6":"product_cat-a-partir-de-9-anos","7":"product_cat-albumes-ilustrados","8":"product_cat-ciencia","9":"product_cat-edades","10":"product_cat-generos","11":"product_cat-personajes-reales","12":"product_cat-tematica","13":"product_cat-universo-espacio","14":"coleccion-albums-illustrats","15":"coleccion-catala","16":"coleccion-ja-llegeixo-sol","17":"coleccion-ratolins-aventurers","19":"first","20":"instock","21":"taxable","22":"shipping-taxable","23":"purchasable","24":"product-type-simple"},"acf":{"indice":"","autor":"KUHLMANN, TORBEN","codart":"4589","ediciones":"1","encuadernacion":"Carton\u00e9","fecha_de_publicacion":"01\/04\/2019","novedad":"0","paginas":"128","subtitulo":"","texto_web_adicional":"","autores-libros":[16448],"ilustradores-libros":[16448],"texto_web_novedad":"","orden":"999","portada":"0","texto_web_resaltado":"","traductores-libros":[18265],"descripcion_corta":"","recomendamos":"","mas_vendido":"","idioma-libro":"","color":false,"formato":"","mas_informacion_del_producto":false,"premios":[{"premio":"Sel\u00b7leccionat per The Original Art, The Society Of Illustrators","anyo_del_premio":"","pais_del_premio":"Estats Units"},{"premio":"","anyo_del_premio":"","pais_del_premio":""}],"texto_enlace_cubierta":"","enlace_cubierta":{"ID":23330,"id":23330,"title":"ARMSTRONG","filename":"ARMSTRONG.jpg","filesize":281312,"url":"https:\/\/www.editorialjuventud.es\/wp-content\/uploads\/ARMSTRONG.jpg","link":"https:\/\/www.editorialjuventud.es\/ca\/?attachment_id=23330","alt":"","author":"47","description":"","caption":"","name":"armstrong","status":"inherit","uploaded_to":22907,"date":"2019-04-01 22:41:08","modified":"2019-04-01 22:41:08","menu_order":0,"mime_type":"image\/jpeg","type":"image","subtype":"jpeg","icon":"https:\/\/www.editorialjuventud.es\/wp-includes\/images\/media\/default.png","width":1204,"height":1646,"sizes":{"thumbnail":"https:\/\/www.editorialjuventud.es\/wp-content\/uploads\/ARMSTRONG-200x200.jpg","thumbnail-width":200,"thumbnail-height":200,"medium":"https:\/\/www.editorialjuventud.es\/wp-content\/uploads\/ARMSTRONG.jpg","medium-width":1204,"medium-height":1646,"medium_large":"https:\/\/www.editorialjuventud.es\/wp-content\/uploads\/ARMSTRONG-768x1050.jpg","medium_large-width":768,"medium_large-height":1050,"large":"https:\/\/www.editorialjuventud.es\/wp-content\/uploads\/ARMSTRONG.jpg","large-width":1204,"large-height":1646,"1536x1536":"https:\/\/www.editorialjuventud.es\/wp-content\/uploads\/ARMSTRONG.jpg","1536x1536-width":1124,"1536x1536-height":1536,"2048x2048":"https:\/\/www.editorialjuventud.es\/wp-content\/uploads\/ARMSTRONG.jpg","2048x2048-width":1204,"2048x2048-height":1646,"woocommerce_thumbnail":"https:\/\/www.editorialjuventud.es\/wp-content\/uploads\/ARMSTRONG-350x478.jpg","woocommerce_thumbnail-width":350,"woocommerce_thumbnail-height":478,"woocommerce_single":"https:\/\/www.editorialjuventud.es\/wp-content\/uploads\/ARMSTRONG-900x1230.jpg","woocommerce_single-width":900,"woocommerce_single-height":1230,"woocommerce_gallery_thumbnail":"https:\/\/www.editorialjuventud.es\/wp-content\/uploads\/ARMSTRONG-100x100.jpg","woocommerce_gallery_thumbnail-width":100,"woocommerce_gallery_thumbnail-height":100,"ppec_logo_image_size":"https:\/\/www.editorialjuventud.es\/wp-content\/uploads\/ARMSTRONG.jpg","ppec_logo_image_size-width":44,"ppec_logo_image_size-height":60,"ppec_header_image_size":"https:\/\/www.editorialjuventud.es\/wp-content\/uploads\/ARMSTRONG.jpg","ppec_header_image_size-width":66,"ppec_header_image_size-height":90}},"texto_enlace_ficha_tecnica":"","enlace_ficha_tecnica":{"ID":23371,"id":23371,"title":"(CAT)_Edicio Especial Armstrong_Fitxa","filename":"CAT_Edicio-Especial-Armstrong_Fitxa.pdf","filesize":570613,"url":"https:\/\/www.editorialjuventud.es\/wp-content\/uploads\/CAT_Edicio-Especial-Armstrong_Fitxa.pdf","link":"https:\/\/www.editorialjuventud.es\/ca\/?attachment_id=23371","alt":"","author":"47","description":"","caption":"","name":"cat_edicio-especial-armstrong_fitxa","status":"inherit","uploaded_to":22907,"date":"2019-04-02 13:01:25","modified":"2019-04-02 13:01:25","menu_order":0,"mime_type":"application\/pdf","type":"application","subtype":"pdf","icon":"https:\/\/www.editorialjuventud.es\/wp-includes\/images\/media\/document.png"},"ficheros":false,"titulo-fr":"","texto-fr":""},"yoast_head":"<!-- This site is optimized with the Yoast SEO plugin v27.3 - https:\/\/yoast.com\/product\/yoast-seo-wordpress\/ -->\n<title>(Edici\u00f3 Especial) ARMSTRONG  L&#039;agosarat viatge d&#039;un ratol\u00ed a la Lluna - Editorial Juventud<\/title>\n<meta name=\"description\" content=\"El petit pas d&#039;Armstrong va ser realment un gran pas per a la Humanitat, un pas que ja comptava amb un llarg cam\u00ed recorregut des de feia segles. I fins a quin punt no nom\u00e9s els \u00e9ssers humans, sin\u00f3 tamb\u00e9 altres habitants molt m\u00e9s petits tanmateix hi van jugar el seu paper, \u00e9s el que aquest llibre analitza.\" \/>\n<meta name=\"robots\" content=\"index, follow, max-snippet:-1, max-image-preview:large, max-video-preview:-1\" \/>\n<link rel=\"canonical\" href=\"https:\/\/www.editorialjuventud.es\/ca\/edicio-especial-armstrong-lagosarat-viatge-dun-ratoli-a-la-lluna-9788426145895\/\" \/>\n<meta property=\"og:locale\" content=\"ca_ES\" \/>\n<meta property=\"og:type\" content=\"article\" \/>\n<meta property=\"og:title\" content=\"(Edici\u00f3 Especial) ARMSTRONG  L&#039;agosarat viatge d&#039;un ratol\u00ed a la Lluna - Editorial Juventud\" \/>\n<meta property=\"og:description\" content=\"El petit pas d&#039;Armstrong va ser realment un gran pas per a la Humanitat, un pas que ja comptava amb un llarg cam\u00ed recorregut des de feia segles. I fins a quin punt no nom\u00e9s els \u00e9ssers humans, sin\u00f3 tamb\u00e9 altres habitants molt m\u00e9s petits tanmateix hi van jugar el seu paper, \u00e9s el que aquest llibre analitza.\" \/>\n<meta property=\"og:url\" content=\"https:\/\/www.editorialjuventud.es\/ca\/edicio-especial-armstrong-lagosarat-viatge-dun-ratoli-a-la-lluna-9788426145895\/\" \/>\n<meta property=\"og:site_name\" content=\"Editorial Juventud\" \/>\n<meta property=\"article:modified_time\" content=\"2023-02-24T13:26:31+00:00\" \/>\n<meta property=\"og:image\" content=\"https:\/\/www.editorialjuventud.es\/wp-content\/uploads\/9788426145895.jpg\" \/>\n\t<meta property=\"og:image:width\" content=\"1204\" \/>\n\t<meta property=\"og:image:height\" content=\"1646\" \/>\n\t<meta property=\"og:image:type\" content=\"image\/jpeg\" \/>\n<meta name=\"twitter:card\" content=\"summary_large_image\" \/>\n<meta name=\"twitter:label1\" content=\"Temps estimat de lectura\" \/>\n\t<meta name=\"twitter:data1\" content=\"1 minut\" \/>\n<script type=\"application\/ld+json\" class=\"yoast-schema-graph\">{\"@context\":\"https:\\\/\\\/schema.org\",\"@graph\":[{\"@type\":\"WebPage\",\"@id\":\"https:\\\/\\\/www.editorialjuventud.es\\\/ca\\\/edicio-especial-armstrong-lagosarat-viatge-dun-ratoli-a-la-lluna-9788426145895\\\/\",\"url\":\"https:\\\/\\\/www.editorialjuventud.es\\\/ca\\\/edicio-especial-armstrong-lagosarat-viatge-dun-ratoli-a-la-lluna-9788426145895\\\/\",\"name\":\"(Edici\u00f3 Especial) ARMSTRONG L'agosarat viatge d'un ratol\u00ed a la Lluna - Editorial Juventud\",\"isPartOf\":{\"@id\":\"https:\\\/\\\/www.editorialjuventud.es\\\/#website\"},\"primaryImageOfPage\":{\"@id\":\"https:\\\/\\\/www.editorialjuventud.es\\\/ca\\\/edicio-especial-armstrong-lagosarat-viatge-dun-ratoli-a-la-lluna-9788426145895\\\/#primaryimage\"},\"image\":{\"@id\":\"https:\\\/\\\/www.editorialjuventud.es\\\/ca\\\/edicio-especial-armstrong-lagosarat-viatge-dun-ratoli-a-la-lluna-9788426145895\\\/#primaryimage\"},\"thumbnailUrl\":\"https:\\\/\\\/www.editorialjuventud.es\\\/wp-content\\\/uploads\\\/9788426145895.jpg\",\"datePublished\":\"2019-03-27T12:08:39+00:00\",\"dateModified\":\"2023-02-24T13:26:31+00:00\",\"description\":\"El petit pas d'Armstrong va ser realment un gran pas per a la Humanitat, un pas que ja comptava amb un llarg cam\u00ed recorregut des de feia segles. I fins a quin punt no nom\u00e9s els \u00e9ssers humans, sin\u00f3 tamb\u00e9 altres habitants molt m\u00e9s petits tanmateix hi van jugar el seu paper, \u00e9s el que aquest llibre analitza.\",\"breadcrumb\":{\"@id\":\"https:\\\/\\\/www.editorialjuventud.es\\\/ca\\\/edicio-especial-armstrong-lagosarat-viatge-dun-ratoli-a-la-lluna-9788426145895\\\/#breadcrumb\"},\"inLanguage\":\"ca\",\"potentialAction\":[{\"@type\":\"ReadAction\",\"target\":[\"https:\\\/\\\/www.editorialjuventud.es\\\/ca\\\/edicio-especial-armstrong-lagosarat-viatge-dun-ratoli-a-la-lluna-9788426145895\\\/\"]}]},{\"@type\":\"ImageObject\",\"inLanguage\":\"ca\",\"@id\":\"https:\\\/\\\/www.editorialjuventud.es\\\/ca\\\/edicio-especial-armstrong-lagosarat-viatge-dun-ratoli-a-la-lluna-9788426145895\\\/#primaryimage\",\"url\":\"https:\\\/\\\/www.editorialjuventud.es\\\/wp-content\\\/uploads\\\/9788426145895.jpg\",\"contentUrl\":\"https:\\\/\\\/www.editorialjuventud.es\\\/wp-content\\\/uploads\\\/9788426145895.jpg\",\"width\":1204,\"height\":1646,\"caption\":\"9788426145895.jpg\"},{\"@type\":\"BreadcrumbList\",\"@id\":\"https:\\\/\\\/www.editorialjuventud.es\\\/ca\\\/edicio-especial-armstrong-lagosarat-viatge-dun-ratoli-a-la-lluna-9788426145895\\\/#breadcrumb\",\"itemListElement\":[{\"@type\":\"ListItem\",\"position\":1,\"name\":\"Portada\",\"item\":\"https:\\\/\\\/www.editorialjuventud.es\\\/\"},{\"@type\":\"ListItem\",\"position\":2,\"name\":\"cat\u00e1logo\",\"item\":\"https:\\\/\\\/www.editorialjuventud.es\\\/coleccion\\\/catalogo\\\/\"},{\"@type\":\"ListItem\",\"position\":3,\"name\":\"catal\u00e0\",\"item\":\"https:\\\/\\\/www.editorialjuventud.es\\\/coleccion\\\/catala\\\/\"},{\"@type\":\"ListItem\",\"position\":4,\"name\":\"\u00c0lbums Il\u00b7lustrats\",\"item\":\"https:\\\/\\\/www.editorialjuventud.es\\\/coleccion\\\/albums-il%c2%b7lustrats\\\/\"},{\"@type\":\"ListItem\",\"position\":5,\"name\":\"Ja Llegeixo Sol!\",\"item\":\"https:\\\/\\\/www.editorialjuventud.es\\\/coleccion\\\/ja-llegeixo-sol\\\/\"},{\"@type\":\"ListItem\",\"position\":6,\"name\":\"Ratolins Aventurers\",\"item\":\"https:\\\/\\\/www.editorialjuventud.es\\\/coleccion\\\/ratolins-aventurers\\\/\"},{\"@type\":\"ListItem\",\"position\":7,\"name\":\"(Edici\u00f3 Especial) ARMSTRONG L&#8217;agosarat viatge d&#8217;un ratol\u00ed a la Lluna\"}]},{\"@type\":\"WebSite\",\"@id\":\"https:\\\/\\\/www.editorialjuventud.es\\\/#website\",\"url\":\"https:\\\/\\\/www.editorialjuventud.es\\\/\",\"name\":\"Editorial Juventud\",\"description\":\"\",\"potentialAction\":[{\"@type\":\"SearchAction\",\"target\":{\"@type\":\"EntryPoint\",\"urlTemplate\":\"https:\\\/\\\/www.editorialjuventud.es\\\/?s={search_term_string}\"},\"query-input\":{\"@type\":\"PropertyValueSpecification\",\"valueRequired\":true,\"valueName\":\"search_term_string\"}}],\"inLanguage\":\"ca\"}]}<\/script>\n<!-- \/ Yoast SEO plugin. -->","yoast_head_json":{"title":"(Edici\u00f3 Especial) ARMSTRONG  L'agosarat viatge d'un ratol\u00ed a la Lluna - Editorial Juventud","description":"El petit pas d'Armstrong va ser realment un gran pas per a la Humanitat, un pas que ja comptava amb un llarg cam\u00ed recorregut des de feia segles. I fins a quin punt no nom\u00e9s els \u00e9ssers humans, sin\u00f3 tamb\u00e9 altres habitants molt m\u00e9s petits tanmateix hi van jugar el seu paper, \u00e9s el que aquest llibre analitza.","robots":{"index":"index","follow":"follow","max-snippet":"max-snippet:-1","max-image-preview":"max-image-preview:large","max-video-preview":"max-video-preview:-1"},"canonical":"https:\/\/www.editorialjuventud.es\/ca\/edicio-especial-armstrong-lagosarat-viatge-dun-ratoli-a-la-lluna-9788426145895\/","og_locale":"ca_ES","og_type":"article","og_title":"(Edici\u00f3 Especial) ARMSTRONG  L'agosarat viatge d'un ratol\u00ed a la Lluna - Editorial Juventud","og_description":"El petit pas d'Armstrong va ser realment un gran pas per a la Humanitat, un pas que ja comptava amb un llarg cam\u00ed recorregut des de feia segles. I fins a quin punt no nom\u00e9s els \u00e9ssers humans, sin\u00f3 tamb\u00e9 altres habitants molt m\u00e9s petits tanmateix hi van jugar el seu paper, \u00e9s el que aquest llibre analitza.","og_url":"https:\/\/www.editorialjuventud.es\/ca\/edicio-especial-armstrong-lagosarat-viatge-dun-ratoli-a-la-lluna-9788426145895\/","og_site_name":"Editorial Juventud","article_modified_time":"2023-02-24T13:26:31+00:00","og_image":[{"width":1204,"height":1646,"url":"https:\/\/www.editorialjuventud.es\/wp-content\/uploads\/9788426145895.jpg","type":"image\/jpeg"}],"twitter_card":"summary_large_image","twitter_misc":{"Temps estimat de lectura":"1 minut"},"schema":{"@context":"https:\/\/schema.org","@graph":[{"@type":"WebPage","@id":"https:\/\/www.editorialjuventud.es\/ca\/edicio-especial-armstrong-lagosarat-viatge-dun-ratoli-a-la-lluna-9788426145895\/","url":"https:\/\/www.editorialjuventud.es\/ca\/edicio-especial-armstrong-lagosarat-viatge-dun-ratoli-a-la-lluna-9788426145895\/","name":"(Edici\u00f3 Especial) ARMSTRONG L'agosarat viatge d'un ratol\u00ed a la Lluna - Editorial Juventud","isPartOf":{"@id":"https:\/\/www.editorialjuventud.es\/#website"},"primaryImageOfPage":{"@id":"https:\/\/www.editorialjuventud.es\/ca\/edicio-especial-armstrong-lagosarat-viatge-dun-ratoli-a-la-lluna-9788426145895\/#primaryimage"},"image":{"@id":"https:\/\/www.editorialjuventud.es\/ca\/edicio-especial-armstrong-lagosarat-viatge-dun-ratoli-a-la-lluna-9788426145895\/#primaryimage"},"thumbnailUrl":"https:\/\/www.editorialjuventud.es\/wp-content\/uploads\/9788426145895.jpg","datePublished":"2019-03-27T12:08:39+00:00","dateModified":"2023-02-24T13:26:31+00:00","description":"El petit pas d'Armstrong va ser realment un gran pas per a la Humanitat, un pas que ja comptava amb un llarg cam\u00ed recorregut des de feia segles. I fins a quin punt no nom\u00e9s els \u00e9ssers humans, sin\u00f3 tamb\u00e9 altres habitants molt m\u00e9s petits tanmateix hi van jugar el seu paper, \u00e9s el que aquest llibre analitza.","breadcrumb":{"@id":"https:\/\/www.editorialjuventud.es\/ca\/edicio-especial-armstrong-lagosarat-viatge-dun-ratoli-a-la-lluna-9788426145895\/#breadcrumb"},"inLanguage":"ca","potentialAction":[{"@type":"ReadAction","target":["https:\/\/www.editorialjuventud.es\/ca\/edicio-especial-armstrong-lagosarat-viatge-dun-ratoli-a-la-lluna-9788426145895\/"]}]},{"@type":"ImageObject","inLanguage":"ca","@id":"https:\/\/www.editorialjuventud.es\/ca\/edicio-especial-armstrong-lagosarat-viatge-dun-ratoli-a-la-lluna-9788426145895\/#primaryimage","url":"https:\/\/www.editorialjuventud.es\/wp-content\/uploads\/9788426145895.jpg","contentUrl":"https:\/\/www.editorialjuventud.es\/wp-content\/uploads\/9788426145895.jpg","width":1204,"height":1646,"caption":"9788426145895.jpg"},{"@type":"BreadcrumbList","@id":"https:\/\/www.editorialjuventud.es\/ca\/edicio-especial-armstrong-lagosarat-viatge-dun-ratoli-a-la-lluna-9788426145895\/#breadcrumb","itemListElement":[{"@type":"ListItem","position":1,"name":"Portada","item":"https:\/\/www.editorialjuventud.es\/"},{"@type":"ListItem","position":2,"name":"cat\u00e1logo","item":"https:\/\/www.editorialjuventud.es\/coleccion\/catalogo\/"},{"@type":"ListItem","position":3,"name":"catal\u00e0","item":"https:\/\/www.editorialjuventud.es\/coleccion\/catala\/"},{"@type":"ListItem","position":4,"name":"\u00c0lbums Il\u00b7lustrats","item":"https:\/\/www.editorialjuventud.es\/coleccion\/albums-il%c2%b7lustrats\/"},{"@type":"ListItem","position":5,"name":"Ja Llegeixo Sol!","item":"https:\/\/www.editorialjuventud.es\/coleccion\/ja-llegeixo-sol\/"},{"@type":"ListItem","position":6,"name":"Ratolins Aventurers","item":"https:\/\/www.editorialjuventud.es\/coleccion\/ratolins-aventurers\/"},{"@type":"ListItem","position":7,"name":"(Edici\u00f3 Especial) ARMSTRONG L&#8217;agosarat viatge d&#8217;un ratol\u00ed a la Lluna"}]},{"@type":"WebSite","@id":"https:\/\/www.editorialjuventud.es\/#website","url":"https:\/\/www.editorialjuventud.es\/","name":"Editorial Juventud","description":"","potentialAction":[{"@type":"SearchAction","target":{"@type":"EntryPoint","urlTemplate":"https:\/\/www.editorialjuventud.es\/?s={search_term_string}"},"query-input":{"@type":"PropertyValueSpecification","valueRequired":true,"valueName":"search_term_string"}}],"inLanguage":"ca"}]}},"_links":{"self":[{"href":"https:\/\/www.editorialjuventud.es\/ca\/wp-json\/wp\/v2\/product\/22907","targetHints":{"allow":["GET"]}}],"collection":[{"href":"https:\/\/www.editorialjuventud.es\/ca\/wp-json\/wp\/v2\/product"}],"about":[{"href":"https:\/\/www.editorialjuventud.es\/ca\/wp-json\/wp\/v2\/types\/product"}],"wp:featuredmedia":[{"embeddable":true,"href":"https:\/\/www.editorialjuventud.es\/ca\/wp-json\/wp\/v2\/media\/22908"}],"wp:attachment":[{"href":"https:\/\/www.editorialjuventud.es\/ca\/wp-json\/wp\/v2\/media?parent=22907"}],"wp:term":[{"taxonomy":"product_brand","embeddable":true,"href":"https:\/\/www.editorialjuventud.es\/ca\/wp-json\/wp\/v2\/product_brand?post=22907"},{"taxonomy":"product_cat","embeddable":true,"href":"https:\/\/www.editorialjuventud.es\/ca\/wp-json\/wp\/v2\/product_cat?post=22907"},{"taxonomy":"product_tag","embeddable":true,"href":"https:\/\/www.editorialjuventud.es\/ca\/wp-json\/wp\/v2\/product_tag?post=22907"},{"taxonomy":"coleccion","embeddable":true,"href":"https:\/\/www.editorialjuventud.es\/ca\/wp-json\/wp\/v2\/coleccion?post=22907"}],"curies":[{"name":"wp","href":"https:\/\/api.w.org\/{rel}","templated":true}]}}