{"id":22904,"date":"2019-03-27T13:00:05","date_gmt":"2019-03-27T12:00:05","guid":{"rendered":"https:\/\/www.editorialjuventud.es\/numeros-escondidos-9788426145734\/"},"modified":"2025-04-30T11:33:16","modified_gmt":"2025-04-30T09:33:16","slug":"numeros-escondidos-9788426145734","status":"publish","type":"product","link":"https:\/\/www.editorialjuventud.es\/ca\/numeros-escondidos-9788426145734\/","title":{"rendered":"N\u00fameros escondidos"},"content":{"rendered":"<p>N\u00daMEROS ESCONDIDOS es un juego visual para descubrir los n\u00fameros que esconden los animales.<br \/>\nPuedes cabalgar con el UNO, volar con el TRES, poner un huevo con el CUATRO.<br \/>\n\u00a1Desc\u00fabrelos y hazte amigo del caballo Bruno para contar hasta VEINTE!<\/p>\n<p>Este es el libro hermano de ABECEDARIO ESCONDIDO, y la autora usa el mismo recurso para que los ni\u00f1os aprendan los n\u00fameros a partir de las im\u00e1genes. Est\u00e1 escrito en letra de palo para facilitar la lectura a los m\u00e1s peque\u00f1os. Un libro para que aprendan a contar a la vez que estimulan su imaginaci\u00f3n y creatividad.<\/p>\n","protected":false},"excerpt":{"rendered":"N\u00daMEROS ESCONDIDOS es un juego visual para descubrir los n\u00fameros que esconden los animales. Puedes cabalgar con el UNO, volar con el TRES, poner un huevo con el CUATRO. \u00a1Desc\u00fabrelos y hazte amigo del caballo Bruno para contar hasta VEINTE! [&hellip;]","protected":false},"featured_media":22905,"template":"","meta":{"_acf_changed":false,"_exactmetrics_skip_tracking":false,"_exactmetrics_sitenote_active":false,"_exactmetrics_sitenote_note":"","_exactmetrics_sitenote_category":0},"product_brand":[],"product_cat":[899,1121,1138,892,1115,1291,1203,1128],"product_tag":[],"coleccion":[928,985,916],"class_list":{"0":"post-22904","1":"product","2":"type-product","3":"status-publish","4":"has-post-thumbnail","6":"product_cat-a-partir-de-3-anos","7":"product_cat-albumes-ilustrados","8":"product_cat-animales","9":"product_cat-edades","10":"product_cat-generos","11":"product_cat-libro-juego","12":"product_cat-numeros-contar","13":"product_cat-tematica","14":"coleccion-albumes-ilustrados","15":"coleccion-aprendiendo-a-leer","16":"coleccion-castellano","18":"first","19":"instock","20":"taxable","21":"shipping-taxable","22":"purchasable","23":"product-type-simple"},"acf":{"indice":"","autor":"Imapla","codart":"4573","ediciones":"1","encuadernacion":"Carton\u00e9","fecha_de_publicacion":"01\/04\/2019","novedad":"0","paginas":"48","subtitulo":"","texto_web_adicional":"","autores-libros":[16422],"ilustradores-libros":[16422],"texto_web_novedad":"","orden":"999","portada":"0","texto_web_resaltado":"","traductores-libros":"","descripcion_corta":"","recomendamos":"","mas_vendido":"","idioma-libro":"","color":false,"formato":"","mas_informacion_del_producto":false,"premios":false,"texto_enlace_cubierta":"","enlace_cubierta":{"ID":23310,"id":23310,"title":"NUMEROS_ESCONDIDOS","filename":"NUMEROS_ESCONDIDOS.jpg","filesize":68608,"url":"https:\/\/www.editorialjuventud.es\/wp-content\/uploads\/NUMEROS_ESCONDIDOS.jpg","link":"https:\/\/www.editorialjuventud.es\/ca\/?attachment_id=23310","alt":"","author":"47","description":"","caption":"","name":"numeros_escondidos","status":"inherit","uploaded_to":22904,"date":"2019-04-01 22:14:14","modified":"2019-04-01 22:14:14","menu_order":0,"mime_type":"image\/jpeg","type":"image","subtype":"jpeg","icon":"https:\/\/www.editorialjuventud.es\/wp-includes\/images\/media\/default.png","width":1078,"height":1520,"sizes":{"thumbnail":"https:\/\/www.editorialjuventud.es\/wp-content\/uploads\/NUMEROS_ESCONDIDOS-200x200.jpg","thumbnail-width":200,"thumbnail-height":200,"medium":"https:\/\/www.editorialjuventud.es\/wp-content\/uploads\/NUMEROS_ESCONDIDOS.jpg","medium-width":1078,"medium-height":1520,"medium_large":"https:\/\/www.editorialjuventud.es\/wp-content\/uploads\/NUMEROS_ESCONDIDOS-768x1083.jpg","medium_large-width":768,"medium_large-height":1083,"large":"https:\/\/www.editorialjuventud.es\/wp-content\/uploads\/NUMEROS_ESCONDIDOS.jpg","large-width":1078,"large-height":1520,"1536x1536":"https:\/\/www.editorialjuventud.es\/wp-content\/uploads\/NUMEROS_ESCONDIDOS.jpg","1536x1536-width":1078,"1536x1536-height":1520,"2048x2048":"https:\/\/www.editorialjuventud.es\/wp-content\/uploads\/NUMEROS_ESCONDIDOS.jpg","2048x2048-width":1078,"2048x2048-height":1520,"woocommerce_thumbnail":"https:\/\/www.editorialjuventud.es\/wp-content\/uploads\/NUMEROS_ESCONDIDOS-350x494.jpg","woocommerce_thumbnail-width":350,"woocommerce_thumbnail-height":494,"woocommerce_single":"https:\/\/www.editorialjuventud.es\/wp-content\/uploads\/NUMEROS_ESCONDIDOS-900x1269.jpg","woocommerce_single-width":900,"woocommerce_single-height":1269,"woocommerce_gallery_thumbnail":"https:\/\/www.editorialjuventud.es\/wp-content\/uploads\/NUMEROS_ESCONDIDOS-100x100.jpg","woocommerce_gallery_thumbnail-width":100,"woocommerce_gallery_thumbnail-height":100,"ppec_logo_image_size":"https:\/\/www.editorialjuventud.es\/wp-content\/uploads\/NUMEROS_ESCONDIDOS.jpg","ppec_logo_image_size-width":43,"ppec_logo_image_size-height":60,"ppec_header_image_size":"https:\/\/www.editorialjuventud.es\/wp-content\/uploads\/NUMEROS_ESCONDIDOS.jpg","ppec_header_image_size-width":64,"ppec_header_image_size-height":90}},"texto_enlace_ficha_tecnica":"","enlace_ficha_tecnica":{"ID":23373,"id":23373,"title":"Nu\u0301meros escondidos_Ficha","filename":"Nu\u0301meros-escondidos_Ficha.pdf","filesize":213390,"url":"https:\/\/www.editorialjuventud.es\/wp-content\/uploads\/Nu\u0301meros-escondidos_Ficha.pdf","link":"https:\/\/www.editorialjuventud.es\/ca\/?attachment_id=23373","alt":"","author":"47","description":"","caption":"","name":"numeros-escondidos_ficha","status":"inherit","uploaded_to":22904,"date":"2019-04-02 13:04:01","modified":"2019-04-02 13:04:01","menu_order":0,"mime_type":"application\/pdf","type":"application","subtype":"pdf","icon":"https:\/\/www.editorialjuventud.es\/wp-includes\/images\/media\/document.png"},"ficheros":false,"titulo-fr":"Hidden Numbers","texto-fr":"<h3><img loading=\"lazy\" decoding=\"async\" class=\"aligncenter wp-image-24704 size-full\" src=\"http:\/\/www.editorialjuventud.es\/wp-content\/uploads\/3.png\" alt=\"\" width=\"43\" height=\"43\" \/><\/h3>\n<p><strong>Find the numbers from 0 to 20<\/strong><\/p>\n<p class=\"p1\">This book is a visual game to discover the numbers hidden as animals. 0 is a fly with an opened mouth, 1 is a horse called Bruno, 2 is a duck that hops around<\/p>\n<p class=\"p1\">Discover all of them! Written in capital letters to make it easy for young readers to understand, this is a book for learning numbers through creativity and imagination.<\/p>\n<p><span style=\"color: #008080;\"><em>\u203a Rights sold: Italy and Brazil<\/em><\/span><\/p>\n<hr \/>\n<p><img loading=\"lazy\" decoding=\"async\" class=\"alignnone size-full wp-image-19115\" src=\"http:\/\/www.editorialjuventud.es\/wp-content\/uploads\/test-imapla.jpg\" alt=\"\" width=\"147\" height=\"157\" \/><\/p>\n<h2><strong>Imapla<\/strong><\/h2>\n<p>She studied Graphic Design at Elisava School in Barcelona. She learned to work with the image and to understand the graphic independently of the drawing. She began collaborating for different magazines and advertising media, which led her to combine different disciplines. She received the Apel.les Mestres Award in 1992 and that made her devote her life to illustration and later to start as an author. In 2007, she won the International Illustration Award of SM Foundation.<\/p>\n<hr \/>\n<h5>\u203a\u00a0<a href=\"http:\/\/www.editorialjuventud.es\/wp-content\/uploads\/hidden_numbers.pdf\"><strong>Fact Sheet<\/strong><\/a><\/h5>\n<p>&nbsp;<\/p>\n","fecha_de_reimpresion":"","deshabilitar_compra":[]},"yoast_head":"<!-- This site is optimized with the Yoast SEO plugin v27.3 - https:\/\/yoast.com\/product\/yoast-seo-wordpress\/ -->\n<title>N\u00fameros escondidos - Editorial Juventud<\/title>\n<meta name=\"description\" content=\"N\u00fameros escondidos es un juego visual para descubrir los n\u00fameros que esconden los animales. Puedes cabalgar con el UNO, volar con el TRES, poner un huevo con el CUATRO. \u00a1Desc\u00fabrelos y hazte amigo del caballo Bruno para contar hasta VEINTE!\" \/>\n<meta name=\"robots\" content=\"index, follow, max-snippet:-1, max-image-preview:large, max-video-preview:-1\" \/>\n<link rel=\"canonical\" href=\"https:\/\/www.editorialjuventud.es\/numeros-escondidos-9788426145734\/\" \/>\n<meta property=\"og:locale\" content=\"ca_ES\" \/>\n<meta property=\"og:type\" content=\"article\" \/>\n<meta property=\"og:title\" content=\"N\u00fameros escondidos - Editorial Juventud\" \/>\n<meta property=\"og:description\" content=\"N\u00fameros escondidos es un juego visual para descubrir los n\u00fameros que esconden los animales. Puedes cabalgar con el UNO, volar con el TRES, poner un huevo con el CUATRO. \u00a1Desc\u00fabrelos y hazte amigo del caballo Bruno para contar hasta VEINTE!\" \/>\n<meta property=\"og:url\" content=\"https:\/\/www.editorialjuventud.es\/numeros-escondidos-9788426145734\/\" \/>\n<meta property=\"og:site_name\" content=\"Editorial Juventud\" \/>\n<meta property=\"article:modified_time\" content=\"2025-04-30T09:33:16+00:00\" \/>\n<meta property=\"og:image\" content=\"https:\/\/www.editorialjuventud.es\/wp-content\/uploads\/9788426145734.jpg\" \/>\n\t<meta property=\"og:image:width\" content=\"1078\" \/>\n\t<meta property=\"og:image:height\" content=\"1520\" \/>\n\t<meta property=\"og:image:type\" content=\"image\/jpeg\" \/>\n<meta name=\"twitter:card\" content=\"summary_large_image\" \/>\n<meta name=\"twitter:label1\" content=\"Temps estimat de lectura\" \/>\n\t<meta name=\"twitter:data1\" content=\"1 minut\" \/>\n<script type=\"application\/ld+json\" class=\"yoast-schema-graph\">{\"@context\":\"https:\\\/\\\/schema.org\",\"@graph\":[{\"@type\":\"WebPage\",\"@id\":\"https:\\\/\\\/www.editorialjuventud.es\\\/numeros-escondidos-9788426145734\\\/\",\"url\":\"https:\\\/\\\/www.editorialjuventud.es\\\/numeros-escondidos-9788426145734\\\/\",\"name\":\"N\u00fameros escondidos - Editorial Juventud\",\"isPartOf\":{\"@id\":\"https:\\\/\\\/www.editorialjuventud.es\\\/#website\"},\"primaryImageOfPage\":{\"@id\":\"https:\\\/\\\/www.editorialjuventud.es\\\/numeros-escondidos-9788426145734\\\/#primaryimage\"},\"image\":{\"@id\":\"https:\\\/\\\/www.editorialjuventud.es\\\/numeros-escondidos-9788426145734\\\/#primaryimage\"},\"thumbnailUrl\":\"https:\\\/\\\/www.editorialjuventud.es\\\/wp-content\\\/uploads\\\/9788426145734.jpg\",\"datePublished\":\"2019-03-27T12:00:05+00:00\",\"dateModified\":\"2025-04-30T09:33:16+00:00\",\"description\":\"N\u00fameros escondidos es un juego visual para descubrir los n\u00fameros que esconden los animales. Puedes cabalgar con el UNO, volar con el TRES, poner un huevo con el CUATRO. \u00a1Desc\u00fabrelos y hazte amigo del caballo Bruno para contar hasta VEINTE!\",\"breadcrumb\":{\"@id\":\"https:\\\/\\\/www.editorialjuventud.es\\\/numeros-escondidos-9788426145734\\\/#breadcrumb\"},\"inLanguage\":\"ca\",\"potentialAction\":[{\"@type\":\"ReadAction\",\"target\":[\"https:\\\/\\\/www.editorialjuventud.es\\\/numeros-escondidos-9788426145734\\\/\"]}]},{\"@type\":\"ImageObject\",\"inLanguage\":\"ca\",\"@id\":\"https:\\\/\\\/www.editorialjuventud.es\\\/numeros-escondidos-9788426145734\\\/#primaryimage\",\"url\":\"https:\\\/\\\/www.editorialjuventud.es\\\/wp-content\\\/uploads\\\/9788426145734.jpg\",\"contentUrl\":\"https:\\\/\\\/www.editorialjuventud.es\\\/wp-content\\\/uploads\\\/9788426145734.jpg\",\"width\":1078,\"height\":1520,\"caption\":\"9788426145734.jpg\"},{\"@type\":\"BreadcrumbList\",\"@id\":\"https:\\\/\\\/www.editorialjuventud.es\\\/numeros-escondidos-9788426145734\\\/#breadcrumb\",\"itemListElement\":[{\"@type\":\"ListItem\",\"position\":1,\"name\":\"Portada\",\"item\":\"https:\\\/\\\/www.editorialjuventud.es\\\/\"},{\"@type\":\"ListItem\",\"position\":2,\"name\":\"cat\u00e1logo\",\"item\":\"https:\\\/\\\/www.editorialjuventud.es\\\/coleccion\\\/catalogo\\\/\"},{\"@type\":\"ListItem\",\"position\":3,\"name\":\"castellano\",\"item\":\"https:\\\/\\\/www.editorialjuventud.es\\\/coleccion\\\/castellano\\\/\"},{\"@type\":\"ListItem\",\"position\":4,\"name\":\"\u00c1lbumes Ilustrados\",\"item\":\"https:\\\/\\\/www.editorialjuventud.es\\\/coleccion\\\/albumes-ilustrados\\\/\"},{\"@type\":\"ListItem\",\"position\":5,\"name\":\"Aprendiendo a Leer\",\"item\":\"https:\\\/\\\/www.editorialjuventud.es\\\/coleccion\\\/aprendiendo-a-leer\\\/\"},{\"@type\":\"ListItem\",\"position\":6,\"name\":\"N\u00fameros escondidos\"}]},{\"@type\":\"WebSite\",\"@id\":\"https:\\\/\\\/www.editorialjuventud.es\\\/#website\",\"url\":\"https:\\\/\\\/www.editorialjuventud.es\\\/\",\"name\":\"Editorial Juventud\",\"description\":\"\",\"potentialAction\":[{\"@type\":\"SearchAction\",\"target\":{\"@type\":\"EntryPoint\",\"urlTemplate\":\"https:\\\/\\\/www.editorialjuventud.es\\\/?s={search_term_string}\"},\"query-input\":{\"@type\":\"PropertyValueSpecification\",\"valueRequired\":true,\"valueName\":\"search_term_string\"}}],\"inLanguage\":\"ca\"}]}<\/script>\n<!-- \/ Yoast SEO plugin. -->","yoast_head_json":{"title":"N\u00fameros escondidos - Editorial Juventud","description":"N\u00fameros escondidos es un juego visual para descubrir los n\u00fameros que esconden los animales. Puedes cabalgar con el UNO, volar con el TRES, poner un huevo con el CUATRO. \u00a1Desc\u00fabrelos y hazte amigo del caballo Bruno para contar hasta VEINTE!","robots":{"index":"index","follow":"follow","max-snippet":"max-snippet:-1","max-image-preview":"max-image-preview:large","max-video-preview":"max-video-preview:-1"},"canonical":"https:\/\/www.editorialjuventud.es\/numeros-escondidos-9788426145734\/","og_locale":"ca_ES","og_type":"article","og_title":"N\u00fameros escondidos - Editorial Juventud","og_description":"N\u00fameros escondidos es un juego visual para descubrir los n\u00fameros que esconden los animales. Puedes cabalgar con el UNO, volar con el TRES, poner un huevo con el CUATRO. \u00a1Desc\u00fabrelos y hazte amigo del caballo Bruno para contar hasta VEINTE!","og_url":"https:\/\/www.editorialjuventud.es\/numeros-escondidos-9788426145734\/","og_site_name":"Editorial Juventud","article_modified_time":"2025-04-30T09:33:16+00:00","og_image":[{"width":1078,"height":1520,"url":"https:\/\/www.editorialjuventud.es\/wp-content\/uploads\/9788426145734.jpg","type":"image\/jpeg"}],"twitter_card":"summary_large_image","twitter_misc":{"Temps estimat de lectura":"1 minut"},"schema":{"@context":"https:\/\/schema.org","@graph":[{"@type":"WebPage","@id":"https:\/\/www.editorialjuventud.es\/numeros-escondidos-9788426145734\/","url":"https:\/\/www.editorialjuventud.es\/numeros-escondidos-9788426145734\/","name":"N\u00fameros escondidos - Editorial Juventud","isPartOf":{"@id":"https:\/\/www.editorialjuventud.es\/#website"},"primaryImageOfPage":{"@id":"https:\/\/www.editorialjuventud.es\/numeros-escondidos-9788426145734\/#primaryimage"},"image":{"@id":"https:\/\/www.editorialjuventud.es\/numeros-escondidos-9788426145734\/#primaryimage"},"thumbnailUrl":"https:\/\/www.editorialjuventud.es\/wp-content\/uploads\/9788426145734.jpg","datePublished":"2019-03-27T12:00:05+00:00","dateModified":"2025-04-30T09:33:16+00:00","description":"N\u00fameros escondidos es un juego visual para descubrir los n\u00fameros que esconden los animales. Puedes cabalgar con el UNO, volar con el TRES, poner un huevo con el CUATRO. \u00a1Desc\u00fabrelos y hazte amigo del caballo Bruno para contar hasta VEINTE!","breadcrumb":{"@id":"https:\/\/www.editorialjuventud.es\/numeros-escondidos-9788426145734\/#breadcrumb"},"inLanguage":"ca","potentialAction":[{"@type":"ReadAction","target":["https:\/\/www.editorialjuventud.es\/numeros-escondidos-9788426145734\/"]}]},{"@type":"ImageObject","inLanguage":"ca","@id":"https:\/\/www.editorialjuventud.es\/numeros-escondidos-9788426145734\/#primaryimage","url":"https:\/\/www.editorialjuventud.es\/wp-content\/uploads\/9788426145734.jpg","contentUrl":"https:\/\/www.editorialjuventud.es\/wp-content\/uploads\/9788426145734.jpg","width":1078,"height":1520,"caption":"9788426145734.jpg"},{"@type":"BreadcrumbList","@id":"https:\/\/www.editorialjuventud.es\/numeros-escondidos-9788426145734\/#breadcrumb","itemListElement":[{"@type":"ListItem","position":1,"name":"Portada","item":"https:\/\/www.editorialjuventud.es\/"},{"@type":"ListItem","position":2,"name":"cat\u00e1logo","item":"https:\/\/www.editorialjuventud.es\/coleccion\/catalogo\/"},{"@type":"ListItem","position":3,"name":"castellano","item":"https:\/\/www.editorialjuventud.es\/coleccion\/castellano\/"},{"@type":"ListItem","position":4,"name":"\u00c1lbumes Ilustrados","item":"https:\/\/www.editorialjuventud.es\/coleccion\/albumes-ilustrados\/"},{"@type":"ListItem","position":5,"name":"Aprendiendo a Leer","item":"https:\/\/www.editorialjuventud.es\/coleccion\/aprendiendo-a-leer\/"},{"@type":"ListItem","position":6,"name":"N\u00fameros escondidos"}]},{"@type":"WebSite","@id":"https:\/\/www.editorialjuventud.es\/#website","url":"https:\/\/www.editorialjuventud.es\/","name":"Editorial Juventud","description":"","potentialAction":[{"@type":"SearchAction","target":{"@type":"EntryPoint","urlTemplate":"https:\/\/www.editorialjuventud.es\/?s={search_term_string}"},"query-input":{"@type":"PropertyValueSpecification","valueRequired":true,"valueName":"search_term_string"}}],"inLanguage":"ca"}]}},"_links":{"self":[{"href":"https:\/\/www.editorialjuventud.es\/ca\/wp-json\/wp\/v2\/product\/22904","targetHints":{"allow":["GET"]}}],"collection":[{"href":"https:\/\/www.editorialjuventud.es\/ca\/wp-json\/wp\/v2\/product"}],"about":[{"href":"https:\/\/www.editorialjuventud.es\/ca\/wp-json\/wp\/v2\/types\/product"}],"wp:featuredmedia":[{"embeddable":true,"href":"https:\/\/www.editorialjuventud.es\/ca\/wp-json\/wp\/v2\/media\/22905"}],"wp:attachment":[{"href":"https:\/\/www.editorialjuventud.es\/ca\/wp-json\/wp\/v2\/media?parent=22904"}],"wp:term":[{"taxonomy":"product_brand","embeddable":true,"href":"https:\/\/www.editorialjuventud.es\/ca\/wp-json\/wp\/v2\/product_brand?post=22904"},{"taxonomy":"product_cat","embeddable":true,"href":"https:\/\/www.editorialjuventud.es\/ca\/wp-json\/wp\/v2\/product_cat?post=22904"},{"taxonomy":"product_tag","embeddable":true,"href":"https:\/\/www.editorialjuventud.es\/ca\/wp-json\/wp\/v2\/product_tag?post=22904"},{"taxonomy":"coleccion","embeddable":true,"href":"https:\/\/www.editorialjuventud.es\/ca\/wp-json\/wp\/v2\/coleccion?post=22904"}],"curies":[{"name":"wp","href":"https:\/\/api.w.org\/{rel}","templated":true}]}}