{"id":22901,"date":"2019-03-27T12:57:04","date_gmt":"2019-03-27T11:57:04","guid":{"rendered":"https:\/\/www.editorialjuventud.es\/numeros-amagats-9788426145741\/"},"modified":"2025-01-22T12:55:11","modified_gmt":"2025-01-22T11:55:11","slug":"numeros-amagats-9788426145741","status":"publish","type":"product","link":"https:\/\/www.editorialjuventud.es\/ca\/numeros-amagats-9788426145741\/","title":{"rendered":"N\u00fameros amagats"},"content":{"rendered":"<p>N\u00daMEROS AMAGATS \u00e9s un joc visual per descobrir els n\u00fameros que s&#8217;amaguen en els animals.<br \/>Pots cavalcar amb el n\u00famero U, volar amb el TRES, pondre un ou amb el QUATRE&#8230;<br \/>Descobreix-los i fes-te amic del cavall Bru per a comptar fins a VINT!<\/p>\n<p>Aquest \u00e9s el llibre germ\u00e0 d&#8217;ABECEDARI AMAGAT, i l&#8217;autora fa servir el mateix recurs perqu\u00e8 els nens aprenguin els n\u00fameros a partir de les imatges. Est\u00e0 escrit en lletra de pal per a facilitar la lectura als m\u00e9s petits. Un llibre perqu\u00e8 aprenguin a comptar alhora que estimulen la seva imaginaci\u00f3 i creativitat.<\/p>\n","protected":false},"excerpt":{"rendered":"N\u00daMEROS AMAGATS \u00e9s un joc visual per descobrir els n\u00fameros que s&#8217;amaguen en els animals.Pots cavalcar amb el n\u00famero U, volar amb el TRES, pondre un ou amb el QUATRE&#8230;Descobreix-los i fes-te amic del cavall Bru per a comptar fins [&hellip;]","protected":false},"featured_media":22902,"template":"","meta":{"_acf_changed":false,"_exactmetrics_skip_tracking":false,"_exactmetrics_sitenote_active":false,"_exactmetrics_sitenote_note":"","_exactmetrics_sitenote_category":0},"product_brand":[],"product_cat":[899,1121,1138,892,1115,1291,1330,1203,1128],"product_tag":[],"coleccion":[917,944,915],"class_list":{"0":"post-22901","1":"product","2":"type-product","3":"status-publish","4":"has-post-thumbnail","6":"product_cat-a-partir-de-3-anos","7":"product_cat-albumes-ilustrados","8":"product_cat-animales","9":"product_cat-edades","10":"product_cat-generos","11":"product_cat-libro-juego","12":"product_cat-llibro-juego","13":"product_cat-numeros-contar","14":"product_cat-tematica","15":"coleccion-albums-illustrats","16":"coleccion-aprenent-a-llegir","17":"coleccion-catala","19":"first","20":"instock","21":"taxable","22":"shipping-taxable","23":"purchasable","24":"product-type-simple"},"acf":{"indice":"","autor":"Imapla","codart":"4574","ediciones":"1","encuadernacion":"Carton\u00e9","fecha_de_publicacion":"01\/04\/2019","novedad":"0","paginas":"48","subtitulo":"","texto_web_adicional":"","autores-libros":[16422],"ilustradores-libros":[16422],"texto_web_novedad":"","orden":"999","portada":"0","texto_web_resaltado":"","traductores-libros":"","descripcion_corta":"","recomendamos":"","mas_vendido":"","idioma-libro":"","color":false,"formato":"","mas_informacion_del_producto":false,"premios":false,"texto_enlace_cubierta":"","enlace_cubierta":{"ID":23320,"id":23320,"title":"NUMEROS_AMAGAT","filename":"NUMEROS_AMAGAT.jpg","filesize":67142,"url":"https:\/\/www.editorialjuventud.es\/wp-content\/uploads\/NUMEROS_AMAGAT.jpg","link":"https:\/\/www.editorialjuventud.es\/ca\/?attachment_id=23320","alt":"","author":"47","description":"","caption":"","name":"numeros_amagat","status":"inherit","uploaded_to":22901,"date":"2019-04-01 22:16:23","modified":"2019-04-01 22:16:23","menu_order":0,"mime_type":"image\/jpeg","type":"image","subtype":"jpeg","icon":"https:\/\/www.editorialjuventud.es\/wp-includes\/images\/media\/default.png","width":1080,"height":1518,"sizes":{"thumbnail":"https:\/\/www.editorialjuventud.es\/wp-content\/uploads\/NUMEROS_AMAGAT-200x200.jpg","thumbnail-width":200,"thumbnail-height":200,"medium":"https:\/\/www.editorialjuventud.es\/wp-content\/uploads\/NUMEROS_AMAGAT.jpg","medium-width":1080,"medium-height":1518,"medium_large":"https:\/\/www.editorialjuventud.es\/wp-content\/uploads\/NUMEROS_AMAGAT-768x1079.jpg","medium_large-width":768,"medium_large-height":1079,"large":"https:\/\/www.editorialjuventud.es\/wp-content\/uploads\/NUMEROS_AMAGAT.jpg","large-width":1080,"large-height":1518,"1536x1536":"https:\/\/www.editorialjuventud.es\/wp-content\/uploads\/NUMEROS_AMAGAT.jpg","1536x1536-width":1080,"1536x1536-height":1518,"2048x2048":"https:\/\/www.editorialjuventud.es\/wp-content\/uploads\/NUMEROS_AMAGAT.jpg","2048x2048-width":1080,"2048x2048-height":1518,"woocommerce_thumbnail":"https:\/\/www.editorialjuventud.es\/wp-content\/uploads\/NUMEROS_AMAGAT-350x492.jpg","woocommerce_thumbnail-width":350,"woocommerce_thumbnail-height":492,"woocommerce_single":"https:\/\/www.editorialjuventud.es\/wp-content\/uploads\/NUMEROS_AMAGAT-900x1265.jpg","woocommerce_single-width":900,"woocommerce_single-height":1265,"woocommerce_gallery_thumbnail":"https:\/\/www.editorialjuventud.es\/wp-content\/uploads\/NUMEROS_AMAGAT-100x100.jpg","woocommerce_gallery_thumbnail-width":100,"woocommerce_gallery_thumbnail-height":100,"ppec_logo_image_size":"https:\/\/www.editorialjuventud.es\/wp-content\/uploads\/NUMEROS_AMAGAT.jpg","ppec_logo_image_size-width":43,"ppec_logo_image_size-height":60,"ppec_header_image_size":"https:\/\/www.editorialjuventud.es\/wp-content\/uploads\/NUMEROS_AMAGAT.jpg","ppec_header_image_size-width":64,"ppec_header_image_size-height":90}},"texto_enlace_ficha_tecnica":"","enlace_ficha_tecnica":{"ID":23375,"id":23375,"title":"(CAT)_Nu\u0301meros amagats_Fitxa","filename":"CAT_Nu\u0301meros-amagats_Fitxa.pdf","filesize":240580,"url":"https:\/\/www.editorialjuventud.es\/wp-content\/uploads\/CAT_Nu\u0301meros-amagats_Fitxa.pdf","link":"https:\/\/www.editorialjuventud.es\/ca\/?attachment_id=23375","alt":"","author":"47","description":"","caption":"","name":"cat_numeros-amagats_fitxa","status":"inherit","uploaded_to":22901,"date":"2019-04-02 13:07:19","modified":"2019-04-02 13:07:19","menu_order":0,"mime_type":"application\/pdf","type":"application","subtype":"pdf","icon":"https:\/\/www.editorialjuventud.es\/wp-includes\/images\/media\/document.png"},"ficheros":false,"titulo-fr":"","texto-fr":""},"yoast_head":"<!-- This site is optimized with the Yoast SEO plugin v27.5 - https:\/\/yoast.com\/product\/yoast-seo-wordpress\/ -->\n<title>N\u00fameros amagats - Editorial Juventud<\/title>\n<meta name=\"description\" content=\"N\u00fameros amagats \u00e9s un joc visual per descobrir els n\u00fameros que s&#039;amaguen en els animals. Pots cavalcar amb el n\u00famero U, volar amb el TRES, pondre un ou amb el QUATRE... Descobreix-los i fes-te amic del cavall Bru per a comptar fins a VINT!\" \/>\n<meta name=\"robots\" content=\"index, follow, max-snippet:-1, max-image-preview:large, max-video-preview:-1\" \/>\n<link rel=\"canonical\" href=\"https:\/\/www.editorialjuventud.es\/numeros-amagats-9788426145741\/\" \/>\n<meta property=\"og:locale\" content=\"ca_ES\" \/>\n<meta property=\"og:type\" content=\"article\" \/>\n<meta property=\"og:title\" content=\"N\u00fameros amagats - Editorial Juventud\" \/>\n<meta property=\"og:description\" content=\"N\u00fameros amagats \u00e9s un joc visual per descobrir els n\u00fameros que s&#039;amaguen en els animals. Pots cavalcar amb el n\u00famero U, volar amb el TRES, pondre un ou amb el QUATRE... Descobreix-los i fes-te amic del cavall Bru per a comptar fins a VINT!\" \/>\n<meta property=\"og:url\" content=\"https:\/\/www.editorialjuventud.es\/numeros-amagats-9788426145741\/\" \/>\n<meta property=\"og:site_name\" content=\"Editorial Juventud\" \/>\n<meta property=\"article:modified_time\" content=\"2025-01-22T11:55:11+00:00\" \/>\n<meta property=\"og:image\" content=\"https:\/\/www.editorialjuventud.es\/wp-content\/uploads\/9788426145741.jpg\" \/>\n\t<meta property=\"og:image:width\" content=\"1080\" \/>\n\t<meta property=\"og:image:height\" content=\"1518\" \/>\n\t<meta property=\"og:image:type\" content=\"image\/jpeg\" \/>\n<meta name=\"twitter:card\" content=\"summary_large_image\" \/>\n<meta name=\"twitter:label1\" content=\"Temps estimat de lectura\" \/>\n\t<meta name=\"twitter:data1\" content=\"1 minut\" \/>\n<script type=\"application\/ld+json\" class=\"yoast-schema-graph\">{\"@context\":\"https:\\\/\\\/schema.org\",\"@graph\":[{\"@type\":\"WebPage\",\"@id\":\"https:\\\/\\\/www.editorialjuventud.es\\\/numeros-amagats-9788426145741\\\/\",\"url\":\"https:\\\/\\\/www.editorialjuventud.es\\\/numeros-amagats-9788426145741\\\/\",\"name\":\"N\u00fameros amagats - Editorial Juventud\",\"isPartOf\":{\"@id\":\"https:\\\/\\\/www.editorialjuventud.es\\\/#website\"},\"primaryImageOfPage\":{\"@id\":\"https:\\\/\\\/www.editorialjuventud.es\\\/numeros-amagats-9788426145741\\\/#primaryimage\"},\"image\":{\"@id\":\"https:\\\/\\\/www.editorialjuventud.es\\\/numeros-amagats-9788426145741\\\/#primaryimage\"},\"thumbnailUrl\":\"https:\\\/\\\/www.editorialjuventud.es\\\/wp-content\\\/uploads\\\/9788426145741.jpg\",\"datePublished\":\"2019-03-27T11:57:04+00:00\",\"dateModified\":\"2025-01-22T11:55:11+00:00\",\"description\":\"N\u00fameros amagats \u00e9s un joc visual per descobrir els n\u00fameros que s'amaguen en els animals. Pots cavalcar amb el n\u00famero U, volar amb el TRES, pondre un ou amb el QUATRE... Descobreix-los i fes-te amic del cavall Bru per a comptar fins a VINT!\",\"breadcrumb\":{\"@id\":\"https:\\\/\\\/www.editorialjuventud.es\\\/numeros-amagats-9788426145741\\\/#breadcrumb\"},\"inLanguage\":\"ca\",\"potentialAction\":[{\"@type\":\"ReadAction\",\"target\":[\"https:\\\/\\\/www.editorialjuventud.es\\\/numeros-amagats-9788426145741\\\/\"]}]},{\"@type\":\"ImageObject\",\"inLanguage\":\"ca\",\"@id\":\"https:\\\/\\\/www.editorialjuventud.es\\\/numeros-amagats-9788426145741\\\/#primaryimage\",\"url\":\"https:\\\/\\\/www.editorialjuventud.es\\\/wp-content\\\/uploads\\\/9788426145741.jpg\",\"contentUrl\":\"https:\\\/\\\/www.editorialjuventud.es\\\/wp-content\\\/uploads\\\/9788426145741.jpg\",\"width\":1080,\"height\":1518,\"caption\":\"9788426145741.jpg\"},{\"@type\":\"BreadcrumbList\",\"@id\":\"https:\\\/\\\/www.editorialjuventud.es\\\/numeros-amagats-9788426145741\\\/#breadcrumb\",\"itemListElement\":[{\"@type\":\"ListItem\",\"position\":1,\"name\":\"Portada\",\"item\":\"https:\\\/\\\/www.editorialjuventud.es\\\/\"},{\"@type\":\"ListItem\",\"position\":2,\"name\":\"cat\u00e1logo\",\"item\":\"https:\\\/\\\/www.editorialjuventud.es\\\/coleccion\\\/catalogo\\\/\"},{\"@type\":\"ListItem\",\"position\":3,\"name\":\"catal\u00e0\",\"item\":\"https:\\\/\\\/www.editorialjuventud.es\\\/coleccion\\\/catala\\\/\"},{\"@type\":\"ListItem\",\"position\":4,\"name\":\"N\u00fameros amagats\"}]},{\"@type\":\"WebSite\",\"@id\":\"https:\\\/\\\/www.editorialjuventud.es\\\/#website\",\"url\":\"https:\\\/\\\/www.editorialjuventud.es\\\/\",\"name\":\"Editorial Juventud\",\"description\":\"\",\"potentialAction\":[{\"@type\":\"SearchAction\",\"target\":{\"@type\":\"EntryPoint\",\"urlTemplate\":\"https:\\\/\\\/www.editorialjuventud.es\\\/?s={search_term_string}\"},\"query-input\":{\"@type\":\"PropertyValueSpecification\",\"valueRequired\":true,\"valueName\":\"search_term_string\"}}],\"inLanguage\":\"ca\"}]}<\/script>\n<!-- \/ Yoast SEO plugin. -->","yoast_head_json":{"title":"N\u00fameros amagats - Editorial Juventud","description":"N\u00fameros amagats \u00e9s un joc visual per descobrir els n\u00fameros que s'amaguen en els animals. Pots cavalcar amb el n\u00famero U, volar amb el TRES, pondre un ou amb el QUATRE... Descobreix-los i fes-te amic del cavall Bru per a comptar fins a VINT!","robots":{"index":"index","follow":"follow","max-snippet":"max-snippet:-1","max-image-preview":"max-image-preview:large","max-video-preview":"max-video-preview:-1"},"canonical":"https:\/\/www.editorialjuventud.es\/numeros-amagats-9788426145741\/","og_locale":"ca_ES","og_type":"article","og_title":"N\u00fameros amagats - Editorial Juventud","og_description":"N\u00fameros amagats \u00e9s un joc visual per descobrir els n\u00fameros que s'amaguen en els animals. Pots cavalcar amb el n\u00famero U, volar amb el TRES, pondre un ou amb el QUATRE... Descobreix-los i fes-te amic del cavall Bru per a comptar fins a VINT!","og_url":"https:\/\/www.editorialjuventud.es\/numeros-amagats-9788426145741\/","og_site_name":"Editorial Juventud","article_modified_time":"2025-01-22T11:55:11+00:00","og_image":[{"width":1080,"height":1518,"url":"https:\/\/www.editorialjuventud.es\/wp-content\/uploads\/9788426145741.jpg","type":"image\/jpeg"}],"twitter_card":"summary_large_image","twitter_misc":{"Temps estimat de lectura":"1 minut"},"schema":{"@context":"https:\/\/schema.org","@graph":[{"@type":"WebPage","@id":"https:\/\/www.editorialjuventud.es\/numeros-amagats-9788426145741\/","url":"https:\/\/www.editorialjuventud.es\/numeros-amagats-9788426145741\/","name":"N\u00fameros amagats - Editorial Juventud","isPartOf":{"@id":"https:\/\/www.editorialjuventud.es\/#website"},"primaryImageOfPage":{"@id":"https:\/\/www.editorialjuventud.es\/numeros-amagats-9788426145741\/#primaryimage"},"image":{"@id":"https:\/\/www.editorialjuventud.es\/numeros-amagats-9788426145741\/#primaryimage"},"thumbnailUrl":"https:\/\/www.editorialjuventud.es\/wp-content\/uploads\/9788426145741.jpg","datePublished":"2019-03-27T11:57:04+00:00","dateModified":"2025-01-22T11:55:11+00:00","description":"N\u00fameros amagats \u00e9s un joc visual per descobrir els n\u00fameros que s'amaguen en els animals. Pots cavalcar amb el n\u00famero U, volar amb el TRES, pondre un ou amb el QUATRE... Descobreix-los i fes-te amic del cavall Bru per a comptar fins a VINT!","breadcrumb":{"@id":"https:\/\/www.editorialjuventud.es\/numeros-amagats-9788426145741\/#breadcrumb"},"inLanguage":"ca","potentialAction":[{"@type":"ReadAction","target":["https:\/\/www.editorialjuventud.es\/numeros-amagats-9788426145741\/"]}]},{"@type":"ImageObject","inLanguage":"ca","@id":"https:\/\/www.editorialjuventud.es\/numeros-amagats-9788426145741\/#primaryimage","url":"https:\/\/www.editorialjuventud.es\/wp-content\/uploads\/9788426145741.jpg","contentUrl":"https:\/\/www.editorialjuventud.es\/wp-content\/uploads\/9788426145741.jpg","width":1080,"height":1518,"caption":"9788426145741.jpg"},{"@type":"BreadcrumbList","@id":"https:\/\/www.editorialjuventud.es\/numeros-amagats-9788426145741\/#breadcrumb","itemListElement":[{"@type":"ListItem","position":1,"name":"Portada","item":"https:\/\/www.editorialjuventud.es\/"},{"@type":"ListItem","position":2,"name":"cat\u00e1logo","item":"https:\/\/www.editorialjuventud.es\/coleccion\/catalogo\/"},{"@type":"ListItem","position":3,"name":"catal\u00e0","item":"https:\/\/www.editorialjuventud.es\/coleccion\/catala\/"},{"@type":"ListItem","position":4,"name":"N\u00fameros amagats"}]},{"@type":"WebSite","@id":"https:\/\/www.editorialjuventud.es\/#website","url":"https:\/\/www.editorialjuventud.es\/","name":"Editorial Juventud","description":"","potentialAction":[{"@type":"SearchAction","target":{"@type":"EntryPoint","urlTemplate":"https:\/\/www.editorialjuventud.es\/?s={search_term_string}"},"query-input":{"@type":"PropertyValueSpecification","valueRequired":true,"valueName":"search_term_string"}}],"inLanguage":"ca"}]}},"_links":{"self":[{"href":"https:\/\/www.editorialjuventud.es\/ca\/wp-json\/wp\/v2\/product\/22901","targetHints":{"allow":["GET"]}}],"collection":[{"href":"https:\/\/www.editorialjuventud.es\/ca\/wp-json\/wp\/v2\/product"}],"about":[{"href":"https:\/\/www.editorialjuventud.es\/ca\/wp-json\/wp\/v2\/types\/product"}],"wp:featuredmedia":[{"embeddable":true,"href":"https:\/\/www.editorialjuventud.es\/ca\/wp-json\/wp\/v2\/media\/22902"}],"wp:attachment":[{"href":"https:\/\/www.editorialjuventud.es\/ca\/wp-json\/wp\/v2\/media?parent=22901"}],"wp:term":[{"taxonomy":"product_brand","embeddable":true,"href":"https:\/\/www.editorialjuventud.es\/ca\/wp-json\/wp\/v2\/product_brand?post=22901"},{"taxonomy":"product_cat","embeddable":true,"href":"https:\/\/www.editorialjuventud.es\/ca\/wp-json\/wp\/v2\/product_cat?post=22901"},{"taxonomy":"product_tag","embeddable":true,"href":"https:\/\/www.editorialjuventud.es\/ca\/wp-json\/wp\/v2\/product_tag?post=22901"},{"taxonomy":"coleccion","embeddable":true,"href":"https:\/\/www.editorialjuventud.es\/ca\/wp-json\/wp\/v2\/coleccion?post=22901"}],"curies":[{"name":"wp","href":"https:\/\/api.w.org\/{rel}","templated":true}]}}