{"id":22896,"date":"2019-03-27T12:21:14","date_gmt":"2019-03-27T11:21:14","guid":{"rendered":"https:\/\/www.editorialjuventud.es\/el-pato-granjero-9788426145710\/"},"modified":"2026-04-30T08:05:17","modified_gmt":"2026-04-30T06:05:17","slug":"el-pato-granjero-9788426145710","status":"publish","type":"product","link":"https:\/\/www.editorialjuventud.es\/ca\/el-pato-granjero-9788426145710\/","title":{"rendered":"El pato granjero"},"content":{"rendered":"<p>Hab\u00eda una vez un pato que ten\u00eda la mala suerte de vivir con un viejo granjero muy, pero que muy perezoso.<br \/>Mientras el pato hac\u00eda todo el trabajo, el granjero se pasaba el d\u00eda en la cama&#8230;<br \/>\u00a1Hasta que un d\u00eda, el resto de los animales de la granja decidieron entrar en acci\u00f3n!<\/p>\n<p>De la mano de dos de los creadores brit\u00e1nicos de libros ilustrados m\u00e1s reconocidos, esta f\u00e1bula, con varios ingredientes de la Rebeli\u00f3n en la granja de Orwell, es una obra maestra en todos los sentidos. Las ilustraciones de Oxenbury est\u00e1n tan integradas en la historia como las palabras de Waddell; pues hacen que, con las simples onomatopeyas de los sonidos de los animales, se entienda a la perfecci\u00f3n esta oda al trabajo en equipo que reivindica los frutos de lo que se cosecha para aquellos que lo cultivan, y no para aquellos glotones perezosos que en nada participan del trabajo de una granja. Un libro sencillo y lleno de humor, que ofrece una magn\u00edfica lectura a muchos niveles.<\/p>\n","protected":false},"excerpt":{"rendered":"Hab\u00eda una vez un pato que ten\u00eda la mala suerte de vivir con un viejo granjero muy, pero que muy perezoso.Mientras el pato hac\u00eda todo el trabajo, el granjero se pasaba el d\u00eda en la cama&#8230;\u00a1Hasta que un d\u00eda, el [&hellip;]","protected":false},"featured_media":101906,"template":"","meta":{"_acf_changed":false,"_exactmetrics_skip_tracking":false,"_exactmetrics_sitenote_active":false,"_exactmetrics_sitenote_note":"","_exactmetrics_sitenote_category":0},"product_brand":[],"product_cat":[899,1121,1138,1156,1158,1175,1179],"product_tag":[],"coleccion":[988],"class_list":{"0":"post-22896","1":"product","2":"type-product","3":"status-publish","4":"has-post-thumbnail","6":"product_cat-a-partir-de-3-anos","7":"product_cat-albumes-ilustrados","8":"product_cat-animales","9":"product_cat-cooperacion","10":"product_cat-critica-social","11":"product_cat-fabulas","12":"product_cat-granja","13":"coleccion-convivencia-y-multiculturalidad","15":"first","16":"instock","17":"taxable","18":"shipping-taxable","19":"purchasable","20":"product-type-simple"},"acf":{"indice":"","autor":"Waddell, Martin","codart":"4571","ediciones":"1","encuadernacion":"Carton\u00e9","fecha_de_publicacion":"01\/04\/2019","novedad":"0","paginas":"32","subtitulo":"","texto_web_adicional":"","autores-libros":[22895],"ilustradores-libros":[16533],"texto_web_novedad":"","orden":"999","portada":"0","texto_web_resaltado":"","traductores-libros":[18265],"descripcion_corta":"","recomendamos":"","mas_vendido":"","idioma-libro":"","color":false,"formato":"","mas_informacion_del_producto":false,"premios":[{"premio":"Ganador del Smarties Book Prize","anyo_del_premio":"","pais_del_premio":"UK"},{"premio":"Ganador del British Books Awards","anyo_del_premio":"","pais_del_premio":"UK"},{"premio":"Menci\u00f3n de honor de la Medalla Kate Greenaway","anyo_del_premio":"","pais_del_premio":""}],"texto_enlace_cubierta":"","enlace_cubierta":{"ID":23280,"id":23280,"title":"EL_PATO_GRANJERO","filename":"EL_PATO_GRANJERO.jpg","filesize":366900,"url":"https:\/\/www.editorialjuventud.es\/wp-content\/uploads\/EL_PATO_GRANJERO.jpg","link":"https:\/\/www.editorialjuventud.es\/ca\/?attachment_id=23280","alt":"","author":"47","description":"","caption":"","name":"el_pato_granjero","status":"inherit","uploaded_to":22896,"date":"2019-04-01 22:08:12","modified":"2019-04-01 22:08:12","menu_order":0,"mime_type":"image\/jpeg","type":"image","subtype":"jpeg","icon":"https:\/\/www.editorialjuventud.es\/wp-includes\/images\/media\/default.png","width":1082,"height":1182,"sizes":{"thumbnail":"https:\/\/www.editorialjuventud.es\/wp-content\/uploads\/EL_PATO_GRANJERO-200x200.jpg","thumbnail-width":200,"thumbnail-height":200,"medium":"https:\/\/www.editorialjuventud.es\/wp-content\/uploads\/EL_PATO_GRANJERO.jpg","medium-width":1082,"medium-height":1182,"medium_large":"https:\/\/www.editorialjuventud.es\/wp-content\/uploads\/EL_PATO_GRANJERO-768x839.jpg","medium_large-width":768,"medium_large-height":839,"large":"https:\/\/www.editorialjuventud.es\/wp-content\/uploads\/EL_PATO_GRANJERO.jpg","large-width":1082,"large-height":1182,"1536x1536":"https:\/\/www.editorialjuventud.es\/wp-content\/uploads\/EL_PATO_GRANJERO.jpg","1536x1536-width":1082,"1536x1536-height":1182,"2048x2048":"https:\/\/www.editorialjuventud.es\/wp-content\/uploads\/EL_PATO_GRANJERO.jpg","2048x2048-width":1082,"2048x2048-height":1182,"woocommerce_thumbnail":"https:\/\/www.editorialjuventud.es\/wp-content\/uploads\/EL_PATO_GRANJERO-350x382.jpg","woocommerce_thumbnail-width":350,"woocommerce_thumbnail-height":382,"woocommerce_single":"https:\/\/www.editorialjuventud.es\/wp-content\/uploads\/EL_PATO_GRANJERO-900x983.jpg","woocommerce_single-width":900,"woocommerce_single-height":983,"woocommerce_gallery_thumbnail":"https:\/\/www.editorialjuventud.es\/wp-content\/uploads\/EL_PATO_GRANJERO-100x100.jpg","woocommerce_gallery_thumbnail-width":100,"woocommerce_gallery_thumbnail-height":100,"ppec_logo_image_size":"https:\/\/www.editorialjuventud.es\/wp-content\/uploads\/EL_PATO_GRANJERO.jpg","ppec_logo_image_size-width":55,"ppec_logo_image_size-height":60,"ppec_header_image_size":"https:\/\/www.editorialjuventud.es\/wp-content\/uploads\/EL_PATO_GRANJERO.jpg","ppec_header_image_size-width":82,"ppec_header_image_size-height":90}},"texto_enlace_ficha_tecnica":"","enlace_ficha_tecnica":{"ID":23377,"id":23377,"title":"El pato granjero_Ficha","filename":"El-pato-granjero_Ficha.pdf","filesize":430926,"url":"https:\/\/www.editorialjuventud.es\/wp-content\/uploads\/El-pato-granjero_Ficha.pdf","link":"https:\/\/www.editorialjuventud.es\/ca\/?attachment_id=23377","alt":"","author":"47","description":"","caption":"","name":"el-pato-granjero_ficha","status":"inherit","uploaded_to":22896,"date":"2019-04-02 13:09:41","modified":"2019-04-02 13:09:41","menu_order":0,"mime_type":"application\/pdf","type":"application","subtype":"pdf","icon":"https:\/\/www.editorialjuventud.es\/wp-includes\/images\/media\/document.png"},"ficheros":false,"titulo-fr":"","texto-fr":""},"yoast_head":"<!-- This site is optimized with the Yoast SEO plugin v27.5 - https:\/\/yoast.com\/product\/yoast-seo-wordpress\/ -->\n<title>El pato granjero - Editorial Juventud<\/title>\n<meta name=\"description\" content=\"Hab\u00eda una vez un pato que ten\u00eda la mala suerte de vivir con un viejo granjero muy, pero que muy perezoso. Mientras el pato hac\u00eda todo el trabajo, el granjero se pasaba el d\u00eda en la cama... \u00a1Hasta que un d\u00eda, el resto de los animales de la granja decidieron entrar en acci\u00f3n!\" \/>\n<meta name=\"robots\" content=\"index, follow, max-snippet:-1, max-image-preview:large, max-video-preview:-1\" \/>\n<link rel=\"canonical\" href=\"https:\/\/www.editorialjuventud.es\/el-pato-granjero-9788426145710\/\" \/>\n<meta property=\"og:locale\" content=\"ca_ES\" \/>\n<meta property=\"og:type\" content=\"article\" \/>\n<meta property=\"og:title\" content=\"El pato granjero - Editorial Juventud\" \/>\n<meta property=\"og:description\" content=\"Hab\u00eda una vez un pato que ten\u00eda la mala suerte de vivir con un viejo granjero muy, pero que muy perezoso. Mientras el pato hac\u00eda todo el trabajo, el granjero se pasaba el d\u00eda en la cama... \u00a1Hasta que un d\u00eda, el resto de los animales de la granja decidieron entrar en acci\u00f3n!\" \/>\n<meta property=\"og:url\" content=\"https:\/\/www.editorialjuventud.es\/el-pato-granjero-9788426145710\/\" \/>\n<meta property=\"og:site_name\" content=\"Editorial Juventud\" \/>\n<meta property=\"article:modified_time\" content=\"2026-04-30T06:05:17+00:00\" \/>\n<meta property=\"og:image\" content=\"https:\/\/www.editorialjuventud.es\/wp-content\/uploads\/9788426145710-1.jpg\" \/>\n\t<meta property=\"og:image:width\" content=\"1082\" \/>\n\t<meta property=\"og:image:height\" content=\"1182\" \/>\n\t<meta property=\"og:image:type\" content=\"image\/jpeg\" \/>\n<meta name=\"twitter:card\" content=\"summary_large_image\" \/>\n<meta name=\"twitter:label1\" content=\"Temps estimat de lectura\" \/>\n\t<meta name=\"twitter:data1\" content=\"1 minut\" \/>\n<script type=\"application\/ld+json\" class=\"yoast-schema-graph\">{\"@context\":\"https:\\\/\\\/schema.org\",\"@graph\":[{\"@type\":\"WebPage\",\"@id\":\"https:\\\/\\\/www.editorialjuventud.es\\\/el-pato-granjero-9788426145710\\\/\",\"url\":\"https:\\\/\\\/www.editorialjuventud.es\\\/el-pato-granjero-9788426145710\\\/\",\"name\":\"El pato granjero - Editorial Juventud\",\"isPartOf\":{\"@id\":\"https:\\\/\\\/www.editorialjuventud.es\\\/#website\"},\"primaryImageOfPage\":{\"@id\":\"https:\\\/\\\/www.editorialjuventud.es\\\/el-pato-granjero-9788426145710\\\/#primaryimage\"},\"image\":{\"@id\":\"https:\\\/\\\/www.editorialjuventud.es\\\/el-pato-granjero-9788426145710\\\/#primaryimage\"},\"thumbnailUrl\":\"https:\\\/\\\/www.editorialjuventud.es\\\/wp-content\\\/uploads\\\/9788426145710-1.jpg\",\"datePublished\":\"2019-03-27T11:21:14+00:00\",\"dateModified\":\"2026-04-30T06:05:17+00:00\",\"description\":\"Hab\u00eda una vez un pato que ten\u00eda la mala suerte de vivir con un viejo granjero muy, pero que muy perezoso. Mientras el pato hac\u00eda todo el trabajo, el granjero se pasaba el d\u00eda en la cama... \u00a1Hasta que un d\u00eda, el resto de los animales de la granja decidieron entrar en acci\u00f3n!\",\"breadcrumb\":{\"@id\":\"https:\\\/\\\/www.editorialjuventud.es\\\/el-pato-granjero-9788426145710\\\/#breadcrumb\"},\"inLanguage\":\"ca\",\"potentialAction\":[{\"@type\":\"ReadAction\",\"target\":[\"https:\\\/\\\/www.editorialjuventud.es\\\/el-pato-granjero-9788426145710\\\/\"]}]},{\"@type\":\"ImageObject\",\"inLanguage\":\"ca\",\"@id\":\"https:\\\/\\\/www.editorialjuventud.es\\\/el-pato-granjero-9788426145710\\\/#primaryimage\",\"url\":\"https:\\\/\\\/www.editorialjuventud.es\\\/wp-content\\\/uploads\\\/9788426145710-1.jpg\",\"contentUrl\":\"https:\\\/\\\/www.editorialjuventud.es\\\/wp-content\\\/uploads\\\/9788426145710-1.jpg\",\"width\":1082,\"height\":1182,\"caption\":\"9788426145710.jpg\"},{\"@type\":\"BreadcrumbList\",\"@id\":\"https:\\\/\\\/www.editorialjuventud.es\\\/el-pato-granjero-9788426145710\\\/#breadcrumb\",\"itemListElement\":[{\"@type\":\"ListItem\",\"position\":1,\"name\":\"Portada\",\"item\":\"https:\\\/\\\/www.editorialjuventud.es\\\/\"},{\"@type\":\"ListItem\",\"position\":2,\"name\":\"cat\u00e1logo\",\"item\":\"https:\\\/\\\/www.editorialjuventud.es\\\/coleccion\\\/catalogo\\\/\"},{\"@type\":\"ListItem\",\"position\":3,\"name\":\"castellano\",\"item\":\"https:\\\/\\\/www.editorialjuventud.es\\\/coleccion\\\/castellano\\\/\"},{\"@type\":\"ListItem\",\"position\":4,\"name\":\"\u00c1lbumes Ilustrados\",\"item\":\"https:\\\/\\\/www.editorialjuventud.es\\\/coleccion\\\/albumes-ilustrados\\\/\"},{\"@type\":\"ListItem\",\"position\":5,\"name\":\"Convivencia y Multiculturalidad\",\"item\":\"https:\\\/\\\/www.editorialjuventud.es\\\/coleccion\\\/convivencia-y-multiculturalidad\\\/\"},{\"@type\":\"ListItem\",\"position\":6,\"name\":\"El pato granjero\"}]},{\"@type\":\"WebSite\",\"@id\":\"https:\\\/\\\/www.editorialjuventud.es\\\/#website\",\"url\":\"https:\\\/\\\/www.editorialjuventud.es\\\/\",\"name\":\"Editorial Juventud\",\"description\":\"\",\"potentialAction\":[{\"@type\":\"SearchAction\",\"target\":{\"@type\":\"EntryPoint\",\"urlTemplate\":\"https:\\\/\\\/www.editorialjuventud.es\\\/?s={search_term_string}\"},\"query-input\":{\"@type\":\"PropertyValueSpecification\",\"valueRequired\":true,\"valueName\":\"search_term_string\"}}],\"inLanguage\":\"ca\"}]}<\/script>\n<!-- \/ Yoast SEO plugin. -->","yoast_head_json":{"title":"El pato granjero - Editorial Juventud","description":"Hab\u00eda una vez un pato que ten\u00eda la mala suerte de vivir con un viejo granjero muy, pero que muy perezoso. Mientras el pato hac\u00eda todo el trabajo, el granjero se pasaba el d\u00eda en la cama... \u00a1Hasta que un d\u00eda, el resto de los animales de la granja decidieron entrar en acci\u00f3n!","robots":{"index":"index","follow":"follow","max-snippet":"max-snippet:-1","max-image-preview":"max-image-preview:large","max-video-preview":"max-video-preview:-1"},"canonical":"https:\/\/www.editorialjuventud.es\/el-pato-granjero-9788426145710\/","og_locale":"ca_ES","og_type":"article","og_title":"El pato granjero - Editorial Juventud","og_description":"Hab\u00eda una vez un pato que ten\u00eda la mala suerte de vivir con un viejo granjero muy, pero que muy perezoso. Mientras el pato hac\u00eda todo el trabajo, el granjero se pasaba el d\u00eda en la cama... \u00a1Hasta que un d\u00eda, el resto de los animales de la granja decidieron entrar en acci\u00f3n!","og_url":"https:\/\/www.editorialjuventud.es\/el-pato-granjero-9788426145710\/","og_site_name":"Editorial Juventud","article_modified_time":"2026-04-30T06:05:17+00:00","og_image":[{"width":1082,"height":1182,"url":"https:\/\/www.editorialjuventud.es\/wp-content\/uploads\/9788426145710-1.jpg","type":"image\/jpeg"}],"twitter_card":"summary_large_image","twitter_misc":{"Temps estimat de lectura":"1 minut"},"schema":{"@context":"https:\/\/schema.org","@graph":[{"@type":"WebPage","@id":"https:\/\/www.editorialjuventud.es\/el-pato-granjero-9788426145710\/","url":"https:\/\/www.editorialjuventud.es\/el-pato-granjero-9788426145710\/","name":"El pato granjero - Editorial Juventud","isPartOf":{"@id":"https:\/\/www.editorialjuventud.es\/#website"},"primaryImageOfPage":{"@id":"https:\/\/www.editorialjuventud.es\/el-pato-granjero-9788426145710\/#primaryimage"},"image":{"@id":"https:\/\/www.editorialjuventud.es\/el-pato-granjero-9788426145710\/#primaryimage"},"thumbnailUrl":"https:\/\/www.editorialjuventud.es\/wp-content\/uploads\/9788426145710-1.jpg","datePublished":"2019-03-27T11:21:14+00:00","dateModified":"2026-04-30T06:05:17+00:00","description":"Hab\u00eda una vez un pato que ten\u00eda la mala suerte de vivir con un viejo granjero muy, pero que muy perezoso. Mientras el pato hac\u00eda todo el trabajo, el granjero se pasaba el d\u00eda en la cama... \u00a1Hasta que un d\u00eda, el resto de los animales de la granja decidieron entrar en acci\u00f3n!","breadcrumb":{"@id":"https:\/\/www.editorialjuventud.es\/el-pato-granjero-9788426145710\/#breadcrumb"},"inLanguage":"ca","potentialAction":[{"@type":"ReadAction","target":["https:\/\/www.editorialjuventud.es\/el-pato-granjero-9788426145710\/"]}]},{"@type":"ImageObject","inLanguage":"ca","@id":"https:\/\/www.editorialjuventud.es\/el-pato-granjero-9788426145710\/#primaryimage","url":"https:\/\/www.editorialjuventud.es\/wp-content\/uploads\/9788426145710-1.jpg","contentUrl":"https:\/\/www.editorialjuventud.es\/wp-content\/uploads\/9788426145710-1.jpg","width":1082,"height":1182,"caption":"9788426145710.jpg"},{"@type":"BreadcrumbList","@id":"https:\/\/www.editorialjuventud.es\/el-pato-granjero-9788426145710\/#breadcrumb","itemListElement":[{"@type":"ListItem","position":1,"name":"Portada","item":"https:\/\/www.editorialjuventud.es\/"},{"@type":"ListItem","position":2,"name":"cat\u00e1logo","item":"https:\/\/www.editorialjuventud.es\/coleccion\/catalogo\/"},{"@type":"ListItem","position":3,"name":"castellano","item":"https:\/\/www.editorialjuventud.es\/coleccion\/castellano\/"},{"@type":"ListItem","position":4,"name":"\u00c1lbumes Ilustrados","item":"https:\/\/www.editorialjuventud.es\/coleccion\/albumes-ilustrados\/"},{"@type":"ListItem","position":5,"name":"Convivencia y Multiculturalidad","item":"https:\/\/www.editorialjuventud.es\/coleccion\/convivencia-y-multiculturalidad\/"},{"@type":"ListItem","position":6,"name":"El pato granjero"}]},{"@type":"WebSite","@id":"https:\/\/www.editorialjuventud.es\/#website","url":"https:\/\/www.editorialjuventud.es\/","name":"Editorial Juventud","description":"","potentialAction":[{"@type":"SearchAction","target":{"@type":"EntryPoint","urlTemplate":"https:\/\/www.editorialjuventud.es\/?s={search_term_string}"},"query-input":{"@type":"PropertyValueSpecification","valueRequired":true,"valueName":"search_term_string"}}],"inLanguage":"ca"}]}},"_links":{"self":[{"href":"https:\/\/www.editorialjuventud.es\/ca\/wp-json\/wp\/v2\/product\/22896","targetHints":{"allow":["GET"]}}],"collection":[{"href":"https:\/\/www.editorialjuventud.es\/ca\/wp-json\/wp\/v2\/product"}],"about":[{"href":"https:\/\/www.editorialjuventud.es\/ca\/wp-json\/wp\/v2\/types\/product"}],"wp:featuredmedia":[{"embeddable":true,"href":"https:\/\/www.editorialjuventud.es\/ca\/wp-json\/wp\/v2\/media\/101906"}],"wp:attachment":[{"href":"https:\/\/www.editorialjuventud.es\/ca\/wp-json\/wp\/v2\/media?parent=22896"}],"wp:term":[{"taxonomy":"product_brand","embeddable":true,"href":"https:\/\/www.editorialjuventud.es\/ca\/wp-json\/wp\/v2\/product_brand?post=22896"},{"taxonomy":"product_cat","embeddable":true,"href":"https:\/\/www.editorialjuventud.es\/ca\/wp-json\/wp\/v2\/product_cat?post=22896"},{"taxonomy":"product_tag","embeddable":true,"href":"https:\/\/www.editorialjuventud.es\/ca\/wp-json\/wp\/v2\/product_tag?post=22896"},{"taxonomy":"coleccion","embeddable":true,"href":"https:\/\/www.editorialjuventud.es\/ca\/wp-json\/wp\/v2\/coleccion?post=22896"}],"curies":[{"name":"wp","href":"https:\/\/api.w.org\/{rel}","templated":true}]}}