{"id":22892,"date":"2019-03-27T12:08:44","date_gmt":"2019-03-27T11:08:44","guid":{"rendered":"https:\/\/www.editorialjuventud.es\/el-cami-de-la-muntanya-9788426145291\/"},"modified":"2025-01-22T12:58:17","modified_gmt":"2025-01-22T11:58:17","slug":"el-cami-de-la-muntanya-9788426145291","status":"publish","type":"product","link":"https:\/\/www.editorialjuventud.es\/ca\/el-cami-de-la-muntanya-9788426145291\/","title":{"rendered":"El cam\u00ed de la muntanya"},"content":{"rendered":"<p>La senyora Teix\u00f3 \u00e9s molt vella.<br \/>Ha vist moltes coses.<br \/>En t\u00e9 unes quantes a la cuina.<br \/>La seva casa \u00e9s al peu d&#8217;una petita muntanya.<br \/>Tots els diumenges agafa el sender\u00f3 del fons del jard\u00ed i camina fins a arribar al cim.<br \/>Pel cam\u00ed, cull bolets, ajuda els seus amics i, a vegades, troba companyia&#8230;<\/p>\n<p>La talentosa Marianne Dubuc torna a contagiar-nos la seva tendresa amb el seu nou llibre. Aquesta vegada a trav\u00e9s de la relaci\u00f3 que sorgeix entre la senyora Teix\u00f3 i el jove Leo, qui l&#8217;acompanyar\u00e0 en les seves ascensions pel cam\u00ed de la muntanya mentre ella compartir\u00e0 amb el petit\u00f3 els seus secrets per a apreciar la vida, la natura i el moment present.<br \/>Una hist\u00f2ria que ens convida a gaudir de les alegries senzilles del nostre dia a dia i que ens ensenya la import\u00e0ncia de prendre&#8217;s el temps per a gaudir-les. Una oda a la resili\u00e8ncia i a la transmissi\u00f3 del coneixement entre generacions. Aquest llibre, ple d&#8217;afecte i significat, pot llegir-se una vegada i una altra sense esgotar mai les seves possibilitats.<\/p>\n","protected":false},"excerpt":{"rendered":"La senyora Teix\u00f3 \u00e9s molt vella.Ha vist moltes coses.En t\u00e9 unes quantes a la cuina.La seva casa \u00e9s al peu d&#8217;una petita muntanya.Tots els diumenges agafa el sender\u00f3 del fons del jard\u00ed i camina fins a arribar al cim.Pel cam\u00ed, [&hellip;]","protected":false},"featured_media":22893,"template":"","meta":{"_acf_changed":false,"_exactmetrics_skip_tracking":false,"_exactmetrics_sitenote_active":false,"_exactmetrics_sitenote_note":"","_exactmetrics_sitenote_category":0},"product_brand":[],"product_cat":[902,1121,1136,1281,1220,1157,1222],"product_tag":[],"coleccion":[948],"class_list":{"0":"post-22892","1":"product","2":"type-product","3":"status-publish","4":"has-post-thumbnail","6":"product_cat-a-partir-de-7-anos","7":"product_cat-albumes-ilustrados","8":"product_cat-amistad","9":"product_cat-aprendizaje","10":"product_cat-convivencia-relaciones-interculturales","11":"product_cat-crecer","12":"product_cat-superacion","13":"coleccion-convivencia-i-multiculturalitat","15":"first","16":"instock","17":"taxable","18":"shipping-taxable","19":"purchasable","20":"product-type-simple"},"acf":{"indice":"","autor":"Dubuc, Marianne","codart":"4529","ediciones":"1","encuadernacion":"Carton\u00e9","fecha_de_publicacion":"01\/04\/2019","novedad":"0","paginas":"76","subtitulo":"","texto_web_adicional":"","autores-libros":[16332],"ilustradores-libros":[16332],"texto_web_novedad":"","orden":"999","portada":"0","texto_web_resaltado":"","traductores-libros":[17928],"descripcion_corta":"","recomendamos":"","mas_vendido":"","idioma-libro":"","color":false,"formato":"","mas_informacion_del_producto":false,"premios":[{"premio":"Prix litt\u00e9raire du Gouverneur G\u00e9n\u00e9ral, livre illustr\u00e9","anyo_del_premio":" 2018","pais_del_premio":"Canad\u00e0"},{"premio":"Prix TD de litt\u00e9rature jeunesse","anyo_del_premio":"2018","pais_del_premio":"Canad\u00e0"},{"premio":"Prix Harry Black","anyo_del_premio":"2018","pais_del_premio":"Canad\u00e0"},{"premio":"Prix du public Radio Canada","anyo_del_premio":"2018","pais_del_premio":"Canad\u00e0"},{"premio":"Prix jeunesse des biblioth\u00e8ques du Qu\u00e9bec","anyo_del_premio":"2018","pais_del_premio":"Canad\u00e0"},{"premio":"Nominat a les Medalles Carnegie i Kate Greenaway","anyo_del_premio":"2018","pais_del_premio":"Regne Unit"},{"premio":"Premi de El Banco del Libro. Els Millors Llibres.","anyo_del_premio":"2020","pais_del_premio":"Vene\u00e7uela"},{"premio":"","anyo_del_premio":"","pais_del_premio":""}],"texto_enlace_cubierta":"","enlace_cubierta":{"ID":23256,"id":23256,"title":"portada_e_c_m copia","filename":"portada_e_c_m-copia.jpg","filesize":224192,"url":"https:\/\/www.editorialjuventud.es\/wp-content\/uploads\/portada_e_c_m-copia.jpg","link":"https:\/\/www.editorialjuventud.es\/ca\/?attachment_id=23256","alt":"","author":"47","description":"","caption":"","name":"portada_e_c_m-copia","status":"inherit","uploaded_to":22892,"date":"2019-04-01 21:56:55","modified":"2019-04-01 21:56:55","menu_order":0,"mime_type":"image\/jpeg","type":"image","subtype":"jpeg","icon":"https:\/\/www.editorialjuventud.es\/wp-includes\/images\/media\/default.png","width":1036,"height":1348,"sizes":{"thumbnail":"https:\/\/www.editorialjuventud.es\/wp-content\/uploads\/portada_e_c_m-copia-200x200.jpg","thumbnail-width":200,"thumbnail-height":200,"medium":"https:\/\/www.editorialjuventud.es\/wp-content\/uploads\/portada_e_c_m-copia.jpg","medium-width":1036,"medium-height":1348,"medium_large":"https:\/\/www.editorialjuventud.es\/wp-content\/uploads\/portada_e_c_m-copia-768x999.jpg","medium_large-width":768,"medium_large-height":999,"large":"https:\/\/www.editorialjuventud.es\/wp-content\/uploads\/portada_e_c_m-copia.jpg","large-width":1036,"large-height":1348,"1536x1536":"https:\/\/www.editorialjuventud.es\/wp-content\/uploads\/portada_e_c_m-copia.jpg","1536x1536-width":1036,"1536x1536-height":1348,"2048x2048":"https:\/\/www.editorialjuventud.es\/wp-content\/uploads\/portada_e_c_m-copia.jpg","2048x2048-width":1036,"2048x2048-height":1348,"woocommerce_thumbnail":"https:\/\/www.editorialjuventud.es\/wp-content\/uploads\/portada_e_c_m-copia-350x455.jpg","woocommerce_thumbnail-width":350,"woocommerce_thumbnail-height":455,"woocommerce_single":"https:\/\/www.editorialjuventud.es\/wp-content\/uploads\/portada_e_c_m-copia-900x1171.jpg","woocommerce_single-width":900,"woocommerce_single-height":1171,"woocommerce_gallery_thumbnail":"https:\/\/www.editorialjuventud.es\/wp-content\/uploads\/portada_e_c_m-copia-100x100.jpg","woocommerce_gallery_thumbnail-width":100,"woocommerce_gallery_thumbnail-height":100,"ppec_logo_image_size":"https:\/\/www.editorialjuventud.es\/wp-content\/uploads\/portada_e_c_m-copia.jpg","ppec_logo_image_size-width":46,"ppec_logo_image_size-height":60,"ppec_header_image_size":"https:\/\/www.editorialjuventud.es\/wp-content\/uploads\/portada_e_c_m-copia.jpg","ppec_header_image_size-width":69,"ppec_header_image_size-height":90}},"texto_enlace_ficha_tecnica":"","enlace_ficha_tecnica":{"ID":23379,"id":23379,"title":"(CAT)_El cami\u0301 de la muntanya_Fitxa","filename":"CAT_El-cami\u0301-de-la-muntanya_Fitxa.pdf","filesize":374134,"url":"https:\/\/www.editorialjuventud.es\/wp-content\/uploads\/CAT_El-cami\u0301-de-la-muntanya_Fitxa.pdf","link":"https:\/\/www.editorialjuventud.es\/ca\/?attachment_id=23379","alt":"","author":"47","description":"","caption":"","name":"cat_el-cami-de-la-muntanya_fitxa","status":"inherit","uploaded_to":22892,"date":"2019-04-02 13:11:07","modified":"2019-04-02 13:11:07","menu_order":0,"mime_type":"application\/pdf","type":"application","subtype":"pdf","icon":"https:\/\/www.editorialjuventud.es\/wp-includes\/images\/media\/document.png"},"ficheros":false,"titulo-fr":"","texto-fr":"","fecha_de_reimpresion":"","deshabilitar_compra":["deshabilitar"]},"yoast_head":"<!-- This site is optimized with the Yoast SEO plugin v27.5 - https:\/\/yoast.com\/product\/yoast-seo-wordpress\/ -->\n<title>El cam\u00ed de la muntanya - Editorial Juventud<\/title>\n<meta name=\"description\" content=\"La talentosa Marianne Dubuc torna a contagiar-nos la seva tendresa amb el seu nou llibre. Aquesta vegada a trav\u00e9s de la relaci\u00f3 que sorgeix entre la senyora Teix\u00f3 i el jove Leo, qui l&#039;acompanyar\u00e0 en les seves ascensions pel cam\u00ed de la muntanya mentre ella compartir\u00e0 amb el petit\u00f3 els seus secrets per a apreciar la vida\" \/>\n<meta name=\"robots\" content=\"index, follow, max-snippet:-1, max-image-preview:large, max-video-preview:-1\" \/>\n<link rel=\"canonical\" href=\"https:\/\/www.editorialjuventud.es\/el-cami-de-la-muntanya-9788426145291\/\" \/>\n<meta property=\"og:locale\" content=\"ca_ES\" \/>\n<meta property=\"og:type\" content=\"article\" \/>\n<meta property=\"og:title\" content=\"El cam\u00ed de la muntanya - Editorial Juventud\" \/>\n<meta property=\"og:description\" content=\"La talentosa Marianne Dubuc torna a contagiar-nos la seva tendresa amb el seu nou llibre. Aquesta vegada a trav\u00e9s de la relaci\u00f3 que sorgeix entre la senyora Teix\u00f3 i el jove Leo, qui l&#039;acompanyar\u00e0 en les seves ascensions pel cam\u00ed de la muntanya mentre ella compartir\u00e0 amb el petit\u00f3 els seus secrets per a apreciar la vida\" \/>\n<meta property=\"og:url\" content=\"https:\/\/www.editorialjuventud.es\/el-cami-de-la-muntanya-9788426145291\/\" \/>\n<meta property=\"og:site_name\" content=\"Editorial Juventud\" \/>\n<meta property=\"article:modified_time\" content=\"2025-01-22T11:58:17+00:00\" \/>\n<meta property=\"og:image\" content=\"https:\/\/www.editorialjuventud.es\/wp-content\/uploads\/9788426145291.jpg\" \/>\n\t<meta property=\"og:image:width\" content=\"927\" \/>\n\t<meta property=\"og:image:height\" content=\"1200\" \/>\n\t<meta property=\"og:image:type\" content=\"image\/jpeg\" \/>\n<meta name=\"twitter:card\" content=\"summary_large_image\" \/>\n<meta name=\"twitter:label1\" content=\"Temps estimat de lectura\" \/>\n\t<meta name=\"twitter:data1\" content=\"2 minuts\" \/>\n<script type=\"application\/ld+json\" class=\"yoast-schema-graph\">{\"@context\":\"https:\\\/\\\/schema.org\",\"@graph\":[{\"@type\":\"WebPage\",\"@id\":\"https:\\\/\\\/www.editorialjuventud.es\\\/el-cami-de-la-muntanya-9788426145291\\\/\",\"url\":\"https:\\\/\\\/www.editorialjuventud.es\\\/el-cami-de-la-muntanya-9788426145291\\\/\",\"name\":\"El cam\u00ed de la muntanya - Editorial Juventud\",\"isPartOf\":{\"@id\":\"https:\\\/\\\/www.editorialjuventud.es\\\/#website\"},\"primaryImageOfPage\":{\"@id\":\"https:\\\/\\\/www.editorialjuventud.es\\\/el-cami-de-la-muntanya-9788426145291\\\/#primaryimage\"},\"image\":{\"@id\":\"https:\\\/\\\/www.editorialjuventud.es\\\/el-cami-de-la-muntanya-9788426145291\\\/#primaryimage\"},\"thumbnailUrl\":\"https:\\\/\\\/www.editorialjuventud.es\\\/wp-content\\\/uploads\\\/9788426145291.jpg\",\"datePublished\":\"2019-03-27T11:08:44+00:00\",\"dateModified\":\"2025-01-22T11:58:17+00:00\",\"description\":\"La talentosa Marianne Dubuc torna a contagiar-nos la seva tendresa amb el seu nou llibre. Aquesta vegada a trav\u00e9s de la relaci\u00f3 que sorgeix entre la senyora Teix\u00f3 i el jove Leo, qui l'acompanyar\u00e0 en les seves ascensions pel cam\u00ed de la muntanya mentre ella compartir\u00e0 amb el petit\u00f3 els seus secrets per a apreciar la vida\",\"breadcrumb\":{\"@id\":\"https:\\\/\\\/www.editorialjuventud.es\\\/el-cami-de-la-muntanya-9788426145291\\\/#breadcrumb\"},\"inLanguage\":\"ca\",\"potentialAction\":[{\"@type\":\"ReadAction\",\"target\":[\"https:\\\/\\\/www.editorialjuventud.es\\\/el-cami-de-la-muntanya-9788426145291\\\/\"]}]},{\"@type\":\"ImageObject\",\"inLanguage\":\"ca\",\"@id\":\"https:\\\/\\\/www.editorialjuventud.es\\\/el-cami-de-la-muntanya-9788426145291\\\/#primaryimage\",\"url\":\"https:\\\/\\\/www.editorialjuventud.es\\\/wp-content\\\/uploads\\\/9788426145291.jpg\",\"contentUrl\":\"https:\\\/\\\/www.editorialjuventud.es\\\/wp-content\\\/uploads\\\/9788426145291.jpg\",\"width\":927,\"height\":1200,\"caption\":\"9788426145291.jpg\"},{\"@type\":\"BreadcrumbList\",\"@id\":\"https:\\\/\\\/www.editorialjuventud.es\\\/el-cami-de-la-muntanya-9788426145291\\\/#breadcrumb\",\"itemListElement\":[{\"@type\":\"ListItem\",\"position\":1,\"name\":\"Portada\",\"item\":\"https:\\\/\\\/www.editorialjuventud.es\\\/\"},{\"@type\":\"ListItem\",\"position\":2,\"name\":\"cat\u00e1logo\",\"item\":\"https:\\\/\\\/www.editorialjuventud.es\\\/coleccion\\\/catalogo\\\/\"},{\"@type\":\"ListItem\",\"position\":3,\"name\":\"catal\u00e0\",\"item\":\"https:\\\/\\\/www.editorialjuventud.es\\\/coleccion\\\/catala\\\/\"},{\"@type\":\"ListItem\",\"position\":4,\"name\":\"\u00c0lbums Il\u00b7lustrats\",\"item\":\"https:\\\/\\\/www.editorialjuventud.es\\\/coleccion\\\/albums-il%c2%b7lustrats\\\/\"},{\"@type\":\"ListItem\",\"position\":5,\"name\":\"Conviv\u00e8ncia i Multiculturalitat\",\"item\":\"https:\\\/\\\/www.editorialjuventud.es\\\/coleccion\\\/convivencia-i-multiculturalitat\\\/\"},{\"@type\":\"ListItem\",\"position\":6,\"name\":\"El cam\u00ed de la muntanya\"}]},{\"@type\":\"WebSite\",\"@id\":\"https:\\\/\\\/www.editorialjuventud.es\\\/#website\",\"url\":\"https:\\\/\\\/www.editorialjuventud.es\\\/\",\"name\":\"Editorial Juventud\",\"description\":\"\",\"potentialAction\":[{\"@type\":\"SearchAction\",\"target\":{\"@type\":\"EntryPoint\",\"urlTemplate\":\"https:\\\/\\\/www.editorialjuventud.es\\\/?s={search_term_string}\"},\"query-input\":{\"@type\":\"PropertyValueSpecification\",\"valueRequired\":true,\"valueName\":\"search_term_string\"}}],\"inLanguage\":\"ca\"}]}<\/script>\n<!-- \/ Yoast SEO plugin. -->","yoast_head_json":{"title":"El cam\u00ed de la muntanya - Editorial Juventud","description":"La talentosa Marianne Dubuc torna a contagiar-nos la seva tendresa amb el seu nou llibre. Aquesta vegada a trav\u00e9s de la relaci\u00f3 que sorgeix entre la senyora Teix\u00f3 i el jove Leo, qui l'acompanyar\u00e0 en les seves ascensions pel cam\u00ed de la muntanya mentre ella compartir\u00e0 amb el petit\u00f3 els seus secrets per a apreciar la vida","robots":{"index":"index","follow":"follow","max-snippet":"max-snippet:-1","max-image-preview":"max-image-preview:large","max-video-preview":"max-video-preview:-1"},"canonical":"https:\/\/www.editorialjuventud.es\/el-cami-de-la-muntanya-9788426145291\/","og_locale":"ca_ES","og_type":"article","og_title":"El cam\u00ed de la muntanya - Editorial Juventud","og_description":"La talentosa Marianne Dubuc torna a contagiar-nos la seva tendresa amb el seu nou llibre. Aquesta vegada a trav\u00e9s de la relaci\u00f3 que sorgeix entre la senyora Teix\u00f3 i el jove Leo, qui l'acompanyar\u00e0 en les seves ascensions pel cam\u00ed de la muntanya mentre ella compartir\u00e0 amb el petit\u00f3 els seus secrets per a apreciar la vida","og_url":"https:\/\/www.editorialjuventud.es\/el-cami-de-la-muntanya-9788426145291\/","og_site_name":"Editorial Juventud","article_modified_time":"2025-01-22T11:58:17+00:00","og_image":[{"width":927,"height":1200,"url":"https:\/\/www.editorialjuventud.es\/wp-content\/uploads\/9788426145291.jpg","type":"image\/jpeg"}],"twitter_card":"summary_large_image","twitter_misc":{"Temps estimat de lectura":"2 minuts"},"schema":{"@context":"https:\/\/schema.org","@graph":[{"@type":"WebPage","@id":"https:\/\/www.editorialjuventud.es\/el-cami-de-la-muntanya-9788426145291\/","url":"https:\/\/www.editorialjuventud.es\/el-cami-de-la-muntanya-9788426145291\/","name":"El cam\u00ed de la muntanya - Editorial Juventud","isPartOf":{"@id":"https:\/\/www.editorialjuventud.es\/#website"},"primaryImageOfPage":{"@id":"https:\/\/www.editorialjuventud.es\/el-cami-de-la-muntanya-9788426145291\/#primaryimage"},"image":{"@id":"https:\/\/www.editorialjuventud.es\/el-cami-de-la-muntanya-9788426145291\/#primaryimage"},"thumbnailUrl":"https:\/\/www.editorialjuventud.es\/wp-content\/uploads\/9788426145291.jpg","datePublished":"2019-03-27T11:08:44+00:00","dateModified":"2025-01-22T11:58:17+00:00","description":"La talentosa Marianne Dubuc torna a contagiar-nos la seva tendresa amb el seu nou llibre. Aquesta vegada a trav\u00e9s de la relaci\u00f3 que sorgeix entre la senyora Teix\u00f3 i el jove Leo, qui l'acompanyar\u00e0 en les seves ascensions pel cam\u00ed de la muntanya mentre ella compartir\u00e0 amb el petit\u00f3 els seus secrets per a apreciar la vida","breadcrumb":{"@id":"https:\/\/www.editorialjuventud.es\/el-cami-de-la-muntanya-9788426145291\/#breadcrumb"},"inLanguage":"ca","potentialAction":[{"@type":"ReadAction","target":["https:\/\/www.editorialjuventud.es\/el-cami-de-la-muntanya-9788426145291\/"]}]},{"@type":"ImageObject","inLanguage":"ca","@id":"https:\/\/www.editorialjuventud.es\/el-cami-de-la-muntanya-9788426145291\/#primaryimage","url":"https:\/\/www.editorialjuventud.es\/wp-content\/uploads\/9788426145291.jpg","contentUrl":"https:\/\/www.editorialjuventud.es\/wp-content\/uploads\/9788426145291.jpg","width":927,"height":1200,"caption":"9788426145291.jpg"},{"@type":"BreadcrumbList","@id":"https:\/\/www.editorialjuventud.es\/el-cami-de-la-muntanya-9788426145291\/#breadcrumb","itemListElement":[{"@type":"ListItem","position":1,"name":"Portada","item":"https:\/\/www.editorialjuventud.es\/"},{"@type":"ListItem","position":2,"name":"cat\u00e1logo","item":"https:\/\/www.editorialjuventud.es\/coleccion\/catalogo\/"},{"@type":"ListItem","position":3,"name":"catal\u00e0","item":"https:\/\/www.editorialjuventud.es\/coleccion\/catala\/"},{"@type":"ListItem","position":4,"name":"\u00c0lbums Il\u00b7lustrats","item":"https:\/\/www.editorialjuventud.es\/coleccion\/albums-il%c2%b7lustrats\/"},{"@type":"ListItem","position":5,"name":"Conviv\u00e8ncia i Multiculturalitat","item":"https:\/\/www.editorialjuventud.es\/coleccion\/convivencia-i-multiculturalitat\/"},{"@type":"ListItem","position":6,"name":"El cam\u00ed de la muntanya"}]},{"@type":"WebSite","@id":"https:\/\/www.editorialjuventud.es\/#website","url":"https:\/\/www.editorialjuventud.es\/","name":"Editorial Juventud","description":"","potentialAction":[{"@type":"SearchAction","target":{"@type":"EntryPoint","urlTemplate":"https:\/\/www.editorialjuventud.es\/?s={search_term_string}"},"query-input":{"@type":"PropertyValueSpecification","valueRequired":true,"valueName":"search_term_string"}}],"inLanguage":"ca"}]}},"_links":{"self":[{"href":"https:\/\/www.editorialjuventud.es\/ca\/wp-json\/wp\/v2\/product\/22892","targetHints":{"allow":["GET"]}}],"collection":[{"href":"https:\/\/www.editorialjuventud.es\/ca\/wp-json\/wp\/v2\/product"}],"about":[{"href":"https:\/\/www.editorialjuventud.es\/ca\/wp-json\/wp\/v2\/types\/product"}],"wp:featuredmedia":[{"embeddable":true,"href":"https:\/\/www.editorialjuventud.es\/ca\/wp-json\/wp\/v2\/media\/22893"}],"wp:attachment":[{"href":"https:\/\/www.editorialjuventud.es\/ca\/wp-json\/wp\/v2\/media?parent=22892"}],"wp:term":[{"taxonomy":"product_brand","embeddable":true,"href":"https:\/\/www.editorialjuventud.es\/ca\/wp-json\/wp\/v2\/product_brand?post=22892"},{"taxonomy":"product_cat","embeddable":true,"href":"https:\/\/www.editorialjuventud.es\/ca\/wp-json\/wp\/v2\/product_cat?post=22892"},{"taxonomy":"product_tag","embeddable":true,"href":"https:\/\/www.editorialjuventud.es\/ca\/wp-json\/wp\/v2\/product_tag?post=22892"},{"taxonomy":"coleccion","embeddable":true,"href":"https:\/\/www.editorialjuventud.es\/ca\/wp-json\/wp\/v2\/coleccion?post=22892"}],"curies":[{"name":"wp","href":"https:\/\/api.w.org\/{rel}","templated":true}]}}