{"id":22889,"date":"2019-03-27T11:59:42","date_gmt":"2019-03-27T10:59:42","guid":{"rendered":"https:\/\/www.editorialjuventud.es\/el-camino-de-la-montana-9788426145284\/"},"modified":"2025-05-28T11:55:07","modified_gmt":"2025-05-28T09:55:07","slug":"el-camino-de-la-montana-9788426145284","status":"publish","type":"product","link":"https:\/\/www.editorialjuventud.es\/ca\/el-camino-de-la-montana-9788426145284\/","title":{"rendered":"El camino de la monta\u00f1a"},"content":{"rendered":"<p>La se\u00f1ora Tej\u00f3n es muy mayor.<br \/>Ha visto muchas cosas.<br \/>Algunas est\u00e1n en su cocina.<br \/>Su casa se encuentra al pie de una peque\u00f1a monta\u00f1a.<br \/>Todos los domingos, la se\u00f1ora Tej\u00f3n toma el sendero de detr\u00e1s de su jard\u00edn y camina hasta la cima.<br \/>Por el camino, recoge setas, ayuda a sus amigos y, a veces, encuentra compa\u00f1\u00eda&#8230;<\/p>\n<p>La talentosa Marianne Dubuc vuelve a contagiarnos su ternura en este nuevo libro. Esta vez a trav\u00e9s de la relaci\u00f3n que surge entre la se\u00f1ora Tej\u00f3n y el joven Leo, quien la acompa\u00f1ar\u00e1 en sus ascensiones por el camino de la monta\u00f1a mientras ella compartir\u00e1 con el peque\u00f1o sus secretos para apreciar la vida, la naturaleza y el momento presente.<\/p>\n<p>Una historia que nos invita a disfrutar de las sencillas alegr\u00edas de nuestro d\u00eda a d\u00eda y que nos ense\u00f1a la importancia de tomarse el tiempo para disfrutarlas. Una oda a la resiliencia y a la transmisi\u00f3n del conocimiento entre generaciones. Este libro, lleno de cari\u00f1o y significado, puede leerse una y otra vez sin agotar nunca sus posibilidades.<\/p>\n","protected":false},"excerpt":{"rendered":"La se\u00f1ora Tej\u00f3n es muy mayor.Ha visto muchas cosas.Algunas est\u00e1n en su cocina.Su casa se encuentra al pie de una peque\u00f1a monta\u00f1a.Todos los domingos, la se\u00f1ora Tej\u00f3n toma el sendero de detr\u00e1s de su jard\u00edn y camina hasta la cima.Por [&hellip;]","protected":false},"featured_media":22890,"template":"","meta":{"_acf_changed":false,"_exactmetrics_skip_tracking":false,"_exactmetrics_sitenote_active":false,"_exactmetrics_sitenote_note":"","_exactmetrics_sitenote_category":0},"product_brand":[],"product_cat":[902,1121,1136,1281,1220,1157,1222],"product_tag":[],"coleccion":[984,928],"class_list":{"0":"post-22889","1":"product","2":"type-product","3":"status-publish","4":"has-post-thumbnail","6":"product_cat-a-partir-de-7-anos","7":"product_cat-albumes-ilustrados","8":"product_cat-amistad","9":"product_cat-aprendizaje","10":"product_cat-convivencia-relaciones-interculturales","11":"product_cat-crecer","12":"product_cat-superacion","13":"coleccion-ya-leo-solo","14":"coleccion-albumes-ilustrados","16":"first","17":"instock","18":"taxable","19":"shipping-taxable","20":"purchasable","21":"product-type-simple"},"acf":{"indice":"","autor":"Dubuc, Marianne","codart":"4528","ediciones":"1","encuadernacion":"Carton\u00e9","fecha_de_publicacion":"01\/04\/2019","novedad":"0","paginas":"76","subtitulo":"","texto_web_adicional":"","autores-libros":[16332],"ilustradores-libros":[16332],"texto_web_novedad":"","orden":"999","portada":"0","texto_web_resaltado":"","traductores-libros":[22888],"descripcion_corta":"","recomendamos":"","mas_vendido":"","idioma-libro":"","color":false,"formato":"","mas_informacion_del_producto":false,"premios":[{"premio":"Prix litt\u00e9raire du Gouverneur G\u00e9n\u00e9ral","anyo_del_premio":"2018","pais_del_premio":"Canad\u00e1"},{"premio":"Prix TD de litt\u00e9rature jeunesse ","anyo_del_premio":"2018","pais_del_premio":"Canad\u00e1"},{"premio":"Prix Harry Black","anyo_del_premio":"2018","pais_del_premio":"Canad\u00e1"},{"premio":"Prix du public Radio Canada","anyo_del_premio":"2018","pais_del_premio":"Canad\u00e1"},{"premio":"Prix jeunesse des biblioth\u00e8ques du Qu\u00e9bec","anyo_del_premio":"2018","pais_del_premio":"Canad\u00e1"},{"premio":"Nominado a las Medallas Carnegie y Kate Greenaway ","anyo_del_premio":"2018","pais_del_premio":"Reino Unido"},{"premio":"Premio del Banco del Libro a Los Mejores Libros","anyo_del_premio":"2020","pais_del_premio":"Venezuela"},{"premio":"","anyo_del_premio":"","pais_del_premio":""}],"texto_enlace_cubierta":"","enlace_cubierta":{"ID":23248,"id":23248,"title":"portada_ecm copia","filename":"portada_ecm-copia.jpg","filesize":225182,"url":"https:\/\/www.editorialjuventud.es\/wp-content\/uploads\/portada_ecm-copia.jpg","link":"https:\/\/www.editorialjuventud.es\/ca\/?attachment_id=23248","alt":"","author":"47","description":"","caption":"","name":"portada_ecm-copia","status":"inherit","uploaded_to":22889,"date":"2019-04-01 21:52:12","modified":"2019-04-01 21:52:12","menu_order":0,"mime_type":"image\/jpeg","type":"image","subtype":"jpeg","icon":"https:\/\/www.editorialjuventud.es\/wp-includes\/images\/media\/default.png","width":1038,"height":1348,"sizes":{"thumbnail":"https:\/\/www.editorialjuventud.es\/wp-content\/uploads\/portada_ecm-copia-200x200.jpg","thumbnail-width":200,"thumbnail-height":200,"medium":"https:\/\/www.editorialjuventud.es\/wp-content\/uploads\/portada_ecm-copia.jpg","medium-width":1038,"medium-height":1348,"medium_large":"https:\/\/www.editorialjuventud.es\/wp-content\/uploads\/portada_ecm-copia-768x997.jpg","medium_large-width":768,"medium_large-height":997,"large":"https:\/\/www.editorialjuventud.es\/wp-content\/uploads\/portada_ecm-copia.jpg","large-width":1038,"large-height":1348,"1536x1536":"https:\/\/www.editorialjuventud.es\/wp-content\/uploads\/portada_ecm-copia.jpg","1536x1536-width":1038,"1536x1536-height":1348,"2048x2048":"https:\/\/www.editorialjuventud.es\/wp-content\/uploads\/portada_ecm-copia.jpg","2048x2048-width":1038,"2048x2048-height":1348,"woocommerce_thumbnail":"https:\/\/www.editorialjuventud.es\/wp-content\/uploads\/portada_ecm-copia-350x455.jpg","woocommerce_thumbnail-width":350,"woocommerce_thumbnail-height":455,"woocommerce_single":"https:\/\/www.editorialjuventud.es\/wp-content\/uploads\/portada_ecm-copia-900x1169.jpg","woocommerce_single-width":900,"woocommerce_single-height":1169,"woocommerce_gallery_thumbnail":"https:\/\/www.editorialjuventud.es\/wp-content\/uploads\/portada_ecm-copia-100x100.jpg","woocommerce_gallery_thumbnail-width":100,"woocommerce_gallery_thumbnail-height":100,"ppec_logo_image_size":"https:\/\/www.editorialjuventud.es\/wp-content\/uploads\/portada_ecm-copia.jpg","ppec_logo_image_size-width":46,"ppec_logo_image_size-height":60,"ppec_header_image_size":"https:\/\/www.editorialjuventud.es\/wp-content\/uploads\/portada_ecm-copia.jpg","ppec_header_image_size-width":69,"ppec_header_image_size-height":90}},"texto_enlace_ficha_tecnica":"","enlace_ficha_tecnica":{"ID":23381,"id":23381,"title":"El camino a la montan\u0303a_Ficha","filename":"El-camino-a-la-montan\u0303a_Ficha.pdf","filesize":349931,"url":"https:\/\/www.editorialjuventud.es\/wp-content\/uploads\/El-camino-a-la-montan\u0303a_Ficha.pdf","link":"https:\/\/www.editorialjuventud.es\/ca\/?attachment_id=23381","alt":"","author":"47","description":"","caption":"","name":"el-camino-a-la-montan%cc%83a_ficha","status":"inherit","uploaded_to":22889,"date":"2019-04-02 13:11:55","modified":"2019-04-02 13:11:55","menu_order":0,"mime_type":"application\/pdf","type":"application","subtype":"pdf","icon":"https:\/\/www.editorialjuventud.es\/wp-includes\/images\/media\/document.png"},"ficheros":false,"titulo-fr":"","texto-fr":"","fecha_de_reimpresion":"","deshabilitar_compra":[]},"yoast_head":"<!-- This site is optimized with the Yoast SEO plugin v27.5 - https:\/\/yoast.com\/product\/yoast-seo-wordpress\/ -->\n<title>El camino de la monta\u00f1a - Editorial Juventud<\/title>\n<meta name=\"description\" content=\"Marianne Dubuc vuelve a contagiarnos su ternura en este nuevo libro. Esta vez a trav\u00e9s de la relaci\u00f3n que surge entre la se\u00f1ora Tej\u00f3n y el joven Leo, quien la acompa\u00f1ar\u00e1 en sus ascensiones por el camino de la monta\u00f1a mientras ella compartir\u00e1 con el peque\u00f1o sus secretos para apreciar la vida.\" \/>\n<meta name=\"robots\" content=\"index, follow, max-snippet:-1, max-image-preview:large, max-video-preview:-1\" \/>\n<link rel=\"canonical\" href=\"https:\/\/www.editorialjuventud.es\/el-camino-de-la-montana-9788426145284\/\" \/>\n<meta property=\"og:locale\" content=\"ca_ES\" \/>\n<meta property=\"og:type\" content=\"article\" \/>\n<meta property=\"og:title\" content=\"El camino de la monta\u00f1a - Editorial Juventud\" \/>\n<meta property=\"og:description\" content=\"Marianne Dubuc vuelve a contagiarnos su ternura en este nuevo libro. Esta vez a trav\u00e9s de la relaci\u00f3n que surge entre la se\u00f1ora Tej\u00f3n y el joven Leo, quien la acompa\u00f1ar\u00e1 en sus ascensiones por el camino de la monta\u00f1a mientras ella compartir\u00e1 con el peque\u00f1o sus secretos para apreciar la vida.\" \/>\n<meta property=\"og:url\" content=\"https:\/\/www.editorialjuventud.es\/el-camino-de-la-montana-9788426145284\/\" \/>\n<meta property=\"og:site_name\" content=\"Editorial Juventud\" \/>\n<meta property=\"article:modified_time\" content=\"2025-05-28T09:55:07+00:00\" \/>\n<meta property=\"og:image\" content=\"https:\/\/www.editorialjuventud.es\/wp-content\/uploads\/9788426145284.jpg\" \/>\n\t<meta property=\"og:image:width\" content=\"923\" \/>\n\t<meta property=\"og:image:height\" content=\"1200\" \/>\n\t<meta property=\"og:image:type\" content=\"image\/jpeg\" \/>\n<meta name=\"twitter:card\" content=\"summary_large_image\" \/>\n<meta name=\"twitter:label1\" content=\"Temps estimat de lectura\" \/>\n\t<meta name=\"twitter:data1\" content=\"1 minut\" \/>\n<script type=\"application\/ld+json\" class=\"yoast-schema-graph\">{\"@context\":\"https:\\\/\\\/schema.org\",\"@graph\":[{\"@type\":\"WebPage\",\"@id\":\"https:\\\/\\\/www.editorialjuventud.es\\\/el-camino-de-la-montana-9788426145284\\\/\",\"url\":\"https:\\\/\\\/www.editorialjuventud.es\\\/el-camino-de-la-montana-9788426145284\\\/\",\"name\":\"El camino de la monta\u00f1a - Editorial Juventud\",\"isPartOf\":{\"@id\":\"https:\\\/\\\/www.editorialjuventud.es\\\/#website\"},\"primaryImageOfPage\":{\"@id\":\"https:\\\/\\\/www.editorialjuventud.es\\\/el-camino-de-la-montana-9788426145284\\\/#primaryimage\"},\"image\":{\"@id\":\"https:\\\/\\\/www.editorialjuventud.es\\\/el-camino-de-la-montana-9788426145284\\\/#primaryimage\"},\"thumbnailUrl\":\"https:\\\/\\\/www.editorialjuventud.es\\\/wp-content\\\/uploads\\\/9788426145284.jpg\",\"datePublished\":\"2019-03-27T10:59:42+00:00\",\"dateModified\":\"2025-05-28T09:55:07+00:00\",\"description\":\"Marianne Dubuc vuelve a contagiarnos su ternura en este nuevo libro. Esta vez a trav\u00e9s de la relaci\u00f3n que surge entre la se\u00f1ora Tej\u00f3n y el joven Leo, quien la acompa\u00f1ar\u00e1 en sus ascensiones por el camino de la monta\u00f1a mientras ella compartir\u00e1 con el peque\u00f1o sus secretos para apreciar la vida.\",\"breadcrumb\":{\"@id\":\"https:\\\/\\\/www.editorialjuventud.es\\\/el-camino-de-la-montana-9788426145284\\\/#breadcrumb\"},\"inLanguage\":\"ca\",\"potentialAction\":[{\"@type\":\"ReadAction\",\"target\":[\"https:\\\/\\\/www.editorialjuventud.es\\\/el-camino-de-la-montana-9788426145284\\\/\"]}]},{\"@type\":\"ImageObject\",\"inLanguage\":\"ca\",\"@id\":\"https:\\\/\\\/www.editorialjuventud.es\\\/el-camino-de-la-montana-9788426145284\\\/#primaryimage\",\"url\":\"https:\\\/\\\/www.editorialjuventud.es\\\/wp-content\\\/uploads\\\/9788426145284.jpg\",\"contentUrl\":\"https:\\\/\\\/www.editorialjuventud.es\\\/wp-content\\\/uploads\\\/9788426145284.jpg\",\"width\":923,\"height\":1200,\"caption\":\"9788426145284.jpg\"},{\"@type\":\"BreadcrumbList\",\"@id\":\"https:\\\/\\\/www.editorialjuventud.es\\\/el-camino-de-la-montana-9788426145284\\\/#breadcrumb\",\"itemListElement\":[{\"@type\":\"ListItem\",\"position\":1,\"name\":\"Portada\",\"item\":\"https:\\\/\\\/www.editorialjuventud.es\\\/\"},{\"@type\":\"ListItem\",\"position\":2,\"name\":\"cat\u00e1logo\",\"item\":\"https:\\\/\\\/www.editorialjuventud.es\\\/coleccion\\\/catalogo\\\/\"},{\"@type\":\"ListItem\",\"position\":3,\"name\":\"castellano\",\"item\":\"https:\\\/\\\/www.editorialjuventud.es\\\/coleccion\\\/castellano\\\/\"},{\"@type\":\"ListItem\",\"position\":4,\"name\":\"\u00c1lbumes Ilustrados\",\"item\":\"https:\\\/\\\/www.editorialjuventud.es\\\/coleccion\\\/albumes-ilustrados\\\/\"},{\"@type\":\"ListItem\",\"position\":5,\"name\":\"Convivencia y Multiculturalidad\",\"item\":\"https:\\\/\\\/www.editorialjuventud.es\\\/coleccion\\\/convivencia-y-multiculturalidad\\\/\"},{\"@type\":\"ListItem\",\"position\":6,\"name\":\"El camino de la monta\u00f1a\"}]},{\"@type\":\"WebSite\",\"@id\":\"https:\\\/\\\/www.editorialjuventud.es\\\/#website\",\"url\":\"https:\\\/\\\/www.editorialjuventud.es\\\/\",\"name\":\"Editorial Juventud\",\"description\":\"\",\"potentialAction\":[{\"@type\":\"SearchAction\",\"target\":{\"@type\":\"EntryPoint\",\"urlTemplate\":\"https:\\\/\\\/www.editorialjuventud.es\\\/?s={search_term_string}\"},\"query-input\":{\"@type\":\"PropertyValueSpecification\",\"valueRequired\":true,\"valueName\":\"search_term_string\"}}],\"inLanguage\":\"ca\"}]}<\/script>\n<!-- \/ Yoast SEO plugin. -->","yoast_head_json":{"title":"El camino de la monta\u00f1a - Editorial Juventud","description":"Marianne Dubuc vuelve a contagiarnos su ternura en este nuevo libro. Esta vez a trav\u00e9s de la relaci\u00f3n que surge entre la se\u00f1ora Tej\u00f3n y el joven Leo, quien la acompa\u00f1ar\u00e1 en sus ascensiones por el camino de la monta\u00f1a mientras ella compartir\u00e1 con el peque\u00f1o sus secretos para apreciar la vida.","robots":{"index":"index","follow":"follow","max-snippet":"max-snippet:-1","max-image-preview":"max-image-preview:large","max-video-preview":"max-video-preview:-1"},"canonical":"https:\/\/www.editorialjuventud.es\/el-camino-de-la-montana-9788426145284\/","og_locale":"ca_ES","og_type":"article","og_title":"El camino de la monta\u00f1a - Editorial Juventud","og_description":"Marianne Dubuc vuelve a contagiarnos su ternura en este nuevo libro. Esta vez a trav\u00e9s de la relaci\u00f3n que surge entre la se\u00f1ora Tej\u00f3n y el joven Leo, quien la acompa\u00f1ar\u00e1 en sus ascensiones por el camino de la monta\u00f1a mientras ella compartir\u00e1 con el peque\u00f1o sus secretos para apreciar la vida.","og_url":"https:\/\/www.editorialjuventud.es\/el-camino-de-la-montana-9788426145284\/","og_site_name":"Editorial Juventud","article_modified_time":"2025-05-28T09:55:07+00:00","og_image":[{"width":923,"height":1200,"url":"https:\/\/www.editorialjuventud.es\/wp-content\/uploads\/9788426145284.jpg","type":"image\/jpeg"}],"twitter_card":"summary_large_image","twitter_misc":{"Temps estimat de lectura":"1 minut"},"schema":{"@context":"https:\/\/schema.org","@graph":[{"@type":"WebPage","@id":"https:\/\/www.editorialjuventud.es\/el-camino-de-la-montana-9788426145284\/","url":"https:\/\/www.editorialjuventud.es\/el-camino-de-la-montana-9788426145284\/","name":"El camino de la monta\u00f1a - Editorial Juventud","isPartOf":{"@id":"https:\/\/www.editorialjuventud.es\/#website"},"primaryImageOfPage":{"@id":"https:\/\/www.editorialjuventud.es\/el-camino-de-la-montana-9788426145284\/#primaryimage"},"image":{"@id":"https:\/\/www.editorialjuventud.es\/el-camino-de-la-montana-9788426145284\/#primaryimage"},"thumbnailUrl":"https:\/\/www.editorialjuventud.es\/wp-content\/uploads\/9788426145284.jpg","datePublished":"2019-03-27T10:59:42+00:00","dateModified":"2025-05-28T09:55:07+00:00","description":"Marianne Dubuc vuelve a contagiarnos su ternura en este nuevo libro. Esta vez a trav\u00e9s de la relaci\u00f3n que surge entre la se\u00f1ora Tej\u00f3n y el joven Leo, quien la acompa\u00f1ar\u00e1 en sus ascensiones por el camino de la monta\u00f1a mientras ella compartir\u00e1 con el peque\u00f1o sus secretos para apreciar la vida.","breadcrumb":{"@id":"https:\/\/www.editorialjuventud.es\/el-camino-de-la-montana-9788426145284\/#breadcrumb"},"inLanguage":"ca","potentialAction":[{"@type":"ReadAction","target":["https:\/\/www.editorialjuventud.es\/el-camino-de-la-montana-9788426145284\/"]}]},{"@type":"ImageObject","inLanguage":"ca","@id":"https:\/\/www.editorialjuventud.es\/el-camino-de-la-montana-9788426145284\/#primaryimage","url":"https:\/\/www.editorialjuventud.es\/wp-content\/uploads\/9788426145284.jpg","contentUrl":"https:\/\/www.editorialjuventud.es\/wp-content\/uploads\/9788426145284.jpg","width":923,"height":1200,"caption":"9788426145284.jpg"},{"@type":"BreadcrumbList","@id":"https:\/\/www.editorialjuventud.es\/el-camino-de-la-montana-9788426145284\/#breadcrumb","itemListElement":[{"@type":"ListItem","position":1,"name":"Portada","item":"https:\/\/www.editorialjuventud.es\/"},{"@type":"ListItem","position":2,"name":"cat\u00e1logo","item":"https:\/\/www.editorialjuventud.es\/coleccion\/catalogo\/"},{"@type":"ListItem","position":3,"name":"castellano","item":"https:\/\/www.editorialjuventud.es\/coleccion\/castellano\/"},{"@type":"ListItem","position":4,"name":"\u00c1lbumes Ilustrados","item":"https:\/\/www.editorialjuventud.es\/coleccion\/albumes-ilustrados\/"},{"@type":"ListItem","position":5,"name":"Convivencia y Multiculturalidad","item":"https:\/\/www.editorialjuventud.es\/coleccion\/convivencia-y-multiculturalidad\/"},{"@type":"ListItem","position":6,"name":"El camino de la monta\u00f1a"}]},{"@type":"WebSite","@id":"https:\/\/www.editorialjuventud.es\/#website","url":"https:\/\/www.editorialjuventud.es\/","name":"Editorial Juventud","description":"","potentialAction":[{"@type":"SearchAction","target":{"@type":"EntryPoint","urlTemplate":"https:\/\/www.editorialjuventud.es\/?s={search_term_string}"},"query-input":{"@type":"PropertyValueSpecification","valueRequired":true,"valueName":"search_term_string"}}],"inLanguage":"ca"}]}},"_links":{"self":[{"href":"https:\/\/www.editorialjuventud.es\/ca\/wp-json\/wp\/v2\/product\/22889","targetHints":{"allow":["GET"]}}],"collection":[{"href":"https:\/\/www.editorialjuventud.es\/ca\/wp-json\/wp\/v2\/product"}],"about":[{"href":"https:\/\/www.editorialjuventud.es\/ca\/wp-json\/wp\/v2\/types\/product"}],"wp:featuredmedia":[{"embeddable":true,"href":"https:\/\/www.editorialjuventud.es\/ca\/wp-json\/wp\/v2\/media\/22890"}],"wp:attachment":[{"href":"https:\/\/www.editorialjuventud.es\/ca\/wp-json\/wp\/v2\/media?parent=22889"}],"wp:term":[{"taxonomy":"product_brand","embeddable":true,"href":"https:\/\/www.editorialjuventud.es\/ca\/wp-json\/wp\/v2\/product_brand?post=22889"},{"taxonomy":"product_cat","embeddable":true,"href":"https:\/\/www.editorialjuventud.es\/ca\/wp-json\/wp\/v2\/product_cat?post=22889"},{"taxonomy":"product_tag","embeddable":true,"href":"https:\/\/www.editorialjuventud.es\/ca\/wp-json\/wp\/v2\/product_tag?post=22889"},{"taxonomy":"coleccion","embeddable":true,"href":"https:\/\/www.editorialjuventud.es\/ca\/wp-json\/wp\/v2\/coleccion?post=22889"}],"curies":[{"name":"wp","href":"https:\/\/api.w.org\/{rel}","templated":true}]}}