{"id":21582,"date":"2019-02-27T13:38:47","date_gmt":"2019-02-27T12:38:47","guid":{"rendered":"https:\/\/www.editorialjuventud.es\/bjorn-i-lample-mon-9788426145888\/"},"modified":"2025-01-22T12:54:42","modified_gmt":"2025-01-22T11:54:42","slug":"bjorn-i-lample-mon-9788426145888","status":"publish","type":"product","link":"https:\/\/www.editorialjuventud.es\/ca\/bjorn-i-lample-mon-9788426145888\/","title":{"rendered":"Bj\u00f6rn i l&#8217;ample m\u00f3n"},"content":{"rendered":"<p>Bj\u00f6rn \u00e9s un os. Un os que a la primavera es desperta despr\u00e9s d&#8217;haver dormit uns quants mesos. T\u00e9 la llengua pastosa i un aspecte esprimatxat per\u00f2 despr\u00e9s de rentar-se una mica ja no ho sembla.<br \/>En sortir de la seva cova es retroba amb la llebre, el teix\u00f3 i els altres amics del bosc. Despr\u00e9s repr\u00e8n les seves activitats habituals: gaudir d&#8217;un corrent d&#8217;aire, rebre una carta, seure sobre la molsa. Per\u00f2 aquesta primavera tamb\u00e9 pren un autob\u00fas, troba un tel\u00e8fon m\u00f2bil i el conviden a anar a la piscina. <br \/>L&#8217;ample m\u00f3n \u00e9s el convidat d&#8217;aquestes sis noves hist\u00f2ries de Bj\u00f6rn, un os que sap gaudir de la felicitat que donen les petites coses de la vida. <\/p>\n<p>Aquest \u00e0lbum, escrit en lletra de pal per facilitar la lectura als primers lectors, \u00e9s un homenatge a la serenor, la natura i l&#8217;amistat. En el primer volum, Bj\u00f6rn: sis hist\u00f2ries d&#8217;un os, premiat internacionalment, aquest os ja ens va robar el cor ensenyant-nos la seva filosofia de vida, amb la qual les coses quotidianes esdevenen extraordin\u00e0ries. En aquest segon volum tornem a trobar sis hist\u00f2ries curtes, divertides, que tenen un cert regust de haiku i que ens parlen de l&#8217;ess\u00e8ncia de la vida d&#8217;una manera simple i sense entrebancs. Perqu\u00e8 en el fons, la vida pot ser senzilla i la felicitat est\u00e0 m\u00e9s a prop del que pensem: en les sorpreses inesperades, en els plaers quotidians, en la contemplaci\u00f3 d&#8217;una posta de sol, i a vegades un passeig amb autob\u00fas resulta molt m\u00e9s divertit del que es podria esperar<\/p>\n","protected":false},"excerpt":{"rendered":"Bj\u00f6rn \u00e9s un os. Un os que a la primavera es desperta despr\u00e9s d&#8217;haver dormit uns quants mesos. T\u00e9 la llengua pastosa i un aspecte esprimatxat per\u00f2 despr\u00e9s de rentar-se una mica ja no ho sembla.En sortir de la seva [&hellip;]","protected":false},"featured_media":21583,"template":"","meta":{"_acf_changed":false,"_exactmetrics_skip_tracking":false,"_exactmetrics_sitenote_active":false,"_exactmetrics_sitenote_note":"","_exactmetrics_sitenote_category":0},"product_brand":[],"product_cat":[902,1121,1136,1220,1184,1201],"product_tag":[],"coleccion":[952],"class_list":{"0":"post-21582","1":"product","2":"type-product","3":"status-publish","4":"has-post-thumbnail","6":"product_cat-a-partir-de-7-anos","7":"product_cat-albumes-ilustrados","8":"product_cat-amistad","9":"product_cat-convivencia-relaciones-interculturales","10":"product_cat-humor","11":"product_cat-naturaleza-biodiversidad","12":"coleccion-ja-llegeixo-sol","14":"first","15":"instock","16":"taxable","17":"shipping-taxable","18":"purchasable","19":"product-type-simple"},"acf":{"indice":"","autor":"Perret, Delphine","codart":"4588","ediciones":"1","encuadernacion":"Carton\u00e9","fecha_de_publicacion":"01\/03\/2019","novedad":"0","paginas":"64","subtitulo":"","texto_web_adicional":"","autores-libros":[16548],"ilustradores-libros":[16548],"texto_web_novedad":"","orden":"999","portada":"0","texto_web_resaltado":"","traductores-libros":[17515],"descripcion_corta":"","recomendamos":"","mas_vendido":"","idioma-libro":"","color":false,"formato":"","mas_informacion_del_producto":false,"premios":false,"texto_enlace_cubierta":"","enlace_cubierta":{"ID":21826,"id":21826,"title":"portada","filename":"portada-1.png","filesize":88026,"url":"https:\/\/www.editorialjuventud.es\/wp-content\/uploads\/portada-1.png","link":"https:\/\/www.editorialjuventud.es\/ca\/?attachment_id=21826","alt":"","author":"47","description":"","caption":"","name":"portada-2","status":"inherit","uploaded_to":21582,"date":"2019-03-06 09:39:39","modified":"2019-03-06 09:39:39","menu_order":0,"mime_type":"image\/png","type":"image","subtype":"png","icon":"https:\/\/www.editorialjuventud.es\/wp-includes\/images\/media\/default.png","width":1068,"height":1478,"sizes":{"thumbnail":"https:\/\/www.editorialjuventud.es\/wp-content\/uploads\/portada-1-200x200.png","thumbnail-width":200,"thumbnail-height":200,"medium":"https:\/\/www.editorialjuventud.es\/wp-content\/uploads\/portada-1.png","medium-width":1068,"medium-height":1478,"medium_large":"https:\/\/www.editorialjuventud.es\/wp-content\/uploads\/portada-1-768x1063.png","medium_large-width":768,"medium_large-height":1063,"large":"https:\/\/www.editorialjuventud.es\/wp-content\/uploads\/portada-1.png","large-width":1068,"large-height":1478,"1536x1536":"https:\/\/www.editorialjuventud.es\/wp-content\/uploads\/portada-1.png","1536x1536-width":1068,"1536x1536-height":1478,"2048x2048":"https:\/\/www.editorialjuventud.es\/wp-content\/uploads\/portada-1.png","2048x2048-width":1068,"2048x2048-height":1478,"woocommerce_thumbnail":"https:\/\/www.editorialjuventud.es\/wp-content\/uploads\/portada-1-350x484.png","woocommerce_thumbnail-width":350,"woocommerce_thumbnail-height":484,"woocommerce_single":"https:\/\/www.editorialjuventud.es\/wp-content\/uploads\/portada-1-900x1246.png","woocommerce_single-width":900,"woocommerce_single-height":1246,"woocommerce_gallery_thumbnail":"https:\/\/www.editorialjuventud.es\/wp-content\/uploads\/portada-1-100x100.png","woocommerce_gallery_thumbnail-width":100,"woocommerce_gallery_thumbnail-height":100,"ppec_logo_image_size":"https:\/\/www.editorialjuventud.es\/wp-content\/uploads\/portada-1.png","ppec_logo_image_size-width":43,"ppec_logo_image_size-height":60,"ppec_header_image_size":"https:\/\/www.editorialjuventud.es\/wp-content\/uploads\/portada-1.png","ppec_header_image_size-width":65,"ppec_header_image_size-height":90}},"texto_enlace_ficha_tecnica":"","enlace_ficha_tecnica":{"ID":21829,"id":21829,"title":"CAT_Bjo\u0308rn i l'ample mo\u0301n_Fitxa","filename":"CAT_Bjo\u0308rn-i-lample-mo\u0301n_Fitxa-1.pdf","filesize":2045769,"url":"https:\/\/www.editorialjuventud.es\/wp-content\/uploads\/CAT_Bjo\u0308rn-i-lample-mo\u0301n_Fitxa-1.pdf","link":"https:\/\/www.editorialjuventud.es\/ca\/?attachment_id=21829","alt":"","author":"47","description":"","caption":"","name":"cat_bjo%cc%88rn-i-lample-mon_fitxa-2","status":"inherit","uploaded_to":21582,"date":"2019-03-06 09:51:20","modified":"2019-03-06 09:51:20","menu_order":0,"mime_type":"application\/pdf","type":"application","subtype":"pdf","icon":"https:\/\/www.editorialjuventud.es\/wp-includes\/images\/media\/document.png"},"ficheros":false,"titulo-fr":"","texto-fr":"","fecha_de_reimpresion":"","deshabilitar_compra":[]},"yoast_head":"<!-- This site is optimized with the Yoast SEO plugin v27.5 - https:\/\/yoast.com\/product\/yoast-seo-wordpress\/ -->\n<title>Bj\u00f6rn i l&#039;ample m\u00f3n - Editorial Joventut - \u00c0lbum il\u00b7lustrat<\/title>\n<meta name=\"description\" content=\"Bj\u00f6rn \u00e9s un os. Un os que a la primavera es desperta despr\u00e9s d&#039;haver dormit uns quants mesos. T\u00e9 la llengua pastosa i un aspecte esprimatxat per\u00f2 despr\u00e9s de rentar-se una mica ja no ho sembla.\" \/>\n<meta name=\"robots\" content=\"index, follow, max-snippet:-1, max-image-preview:large, max-video-preview:-1\" \/>\n<link rel=\"canonical\" href=\"https:\/\/www.editorialjuventud.es\/bjorn-i-lample-mon-9788426145888\/\" \/>\n<meta property=\"og:locale\" content=\"ca_ES\" \/>\n<meta property=\"og:type\" content=\"article\" \/>\n<meta property=\"og:title\" content=\"Bj\u00f6rn i l&#039;ample m\u00f3n - Editorial Joventut - \u00c0lbum il\u00b7lustrat\" \/>\n<meta property=\"og:description\" content=\"Bj\u00f6rn \u00e9s un os. Un os que a la primavera es desperta despr\u00e9s d&#039;haver dormit uns quants mesos. T\u00e9 la llengua pastosa i un aspecte esprimatxat per\u00f2 despr\u00e9s de rentar-se una mica ja no ho sembla.\" \/>\n<meta property=\"og:url\" content=\"https:\/\/www.editorialjuventud.es\/bjorn-i-lample-mon-9788426145888\/\" \/>\n<meta property=\"og:site_name\" content=\"Editorial Juventud\" \/>\n<meta property=\"article:modified_time\" content=\"2025-01-22T11:54:42+00:00\" \/>\n<meta property=\"og:image\" content=\"https:\/\/www.editorialjuventud.es\/wp-content\/uploads\/9788426145888.png\" \/>\n\t<meta property=\"og:image:width\" content=\"1068\" \/>\n\t<meta property=\"og:image:height\" content=\"1478\" \/>\n\t<meta property=\"og:image:type\" content=\"image\/png\" \/>\n<meta name=\"twitter:card\" content=\"summary_large_image\" \/>\n<meta name=\"twitter:label1\" content=\"Temps estimat de lectura\" \/>\n\t<meta name=\"twitter:data1\" content=\"1 minut\" \/>\n<script type=\"application\/ld+json\" class=\"yoast-schema-graph\">{\"@context\":\"https:\\\/\\\/schema.org\",\"@graph\":[{\"@type\":\"WebPage\",\"@id\":\"https:\\\/\\\/www.editorialjuventud.es\\\/bjorn-i-lample-mon-9788426145888\\\/\",\"url\":\"https:\\\/\\\/www.editorialjuventud.es\\\/bjorn-i-lample-mon-9788426145888\\\/\",\"name\":\"Bj\u00f6rn i l'ample m\u00f3n - Editorial Joventut - \u00c0lbum il\u00b7lustrat\",\"isPartOf\":{\"@id\":\"https:\\\/\\\/www.editorialjuventud.es\\\/#website\"},\"primaryImageOfPage\":{\"@id\":\"https:\\\/\\\/www.editorialjuventud.es\\\/bjorn-i-lample-mon-9788426145888\\\/#primaryimage\"},\"image\":{\"@id\":\"https:\\\/\\\/www.editorialjuventud.es\\\/bjorn-i-lample-mon-9788426145888\\\/#primaryimage\"},\"thumbnailUrl\":\"https:\\\/\\\/www.editorialjuventud.es\\\/wp-content\\\/uploads\\\/9788426145888.png\",\"datePublished\":\"2019-02-27T12:38:47+00:00\",\"dateModified\":\"2025-01-22T11:54:42+00:00\",\"description\":\"Bj\u00f6rn \u00e9s un os. Un os que a la primavera es desperta despr\u00e9s d'haver dormit uns quants mesos. T\u00e9 la llengua pastosa i un aspecte esprimatxat per\u00f2 despr\u00e9s de rentar-se una mica ja no ho sembla.\",\"breadcrumb\":{\"@id\":\"https:\\\/\\\/www.editorialjuventud.es\\\/bjorn-i-lample-mon-9788426145888\\\/#breadcrumb\"},\"inLanguage\":\"ca\",\"potentialAction\":[{\"@type\":\"ReadAction\",\"target\":[\"https:\\\/\\\/www.editorialjuventud.es\\\/bjorn-i-lample-mon-9788426145888\\\/\"]}]},{\"@type\":\"ImageObject\",\"inLanguage\":\"ca\",\"@id\":\"https:\\\/\\\/www.editorialjuventud.es\\\/bjorn-i-lample-mon-9788426145888\\\/#primaryimage\",\"url\":\"https:\\\/\\\/www.editorialjuventud.es\\\/wp-content\\\/uploads\\\/9788426145888.png\",\"contentUrl\":\"https:\\\/\\\/www.editorialjuventud.es\\\/wp-content\\\/uploads\\\/9788426145888.png\",\"width\":1068,\"height\":1478,\"caption\":\"9788426145888.png\"},{\"@type\":\"BreadcrumbList\",\"@id\":\"https:\\\/\\\/www.editorialjuventud.es\\\/bjorn-i-lample-mon-9788426145888\\\/#breadcrumb\",\"itemListElement\":[{\"@type\":\"ListItem\",\"position\":1,\"name\":\"Portada\",\"item\":\"https:\\\/\\\/www.editorialjuventud.es\\\/\"},{\"@type\":\"ListItem\",\"position\":2,\"name\":\"cat\u00e1logo\",\"item\":\"https:\\\/\\\/www.editorialjuventud.es\\\/coleccion\\\/catalogo\\\/\"},{\"@type\":\"ListItem\",\"position\":3,\"name\":\"catal\u00e0\",\"item\":\"https:\\\/\\\/www.editorialjuventud.es\\\/coleccion\\\/catala\\\/\"},{\"@type\":\"ListItem\",\"position\":4,\"name\":\"Bj\u00f6rn i l'ample m\u00f3n\"}]},{\"@type\":\"WebSite\",\"@id\":\"https:\\\/\\\/www.editorialjuventud.es\\\/#website\",\"url\":\"https:\\\/\\\/www.editorialjuventud.es\\\/\",\"name\":\"Editorial Juventud\",\"description\":\"\",\"potentialAction\":[{\"@type\":\"SearchAction\",\"target\":{\"@type\":\"EntryPoint\",\"urlTemplate\":\"https:\\\/\\\/www.editorialjuventud.es\\\/?s={search_term_string}\"},\"query-input\":{\"@type\":\"PropertyValueSpecification\",\"valueRequired\":true,\"valueName\":\"search_term_string\"}}],\"inLanguage\":\"ca\"}]}<\/script>\n<!-- \/ Yoast SEO plugin. -->","yoast_head_json":{"title":"Bj\u00f6rn i l'ample m\u00f3n - Editorial Joventut - \u00c0lbum il\u00b7lustrat","description":"Bj\u00f6rn \u00e9s un os. Un os que a la primavera es desperta despr\u00e9s d'haver dormit uns quants mesos. T\u00e9 la llengua pastosa i un aspecte esprimatxat per\u00f2 despr\u00e9s de rentar-se una mica ja no ho sembla.","robots":{"index":"index","follow":"follow","max-snippet":"max-snippet:-1","max-image-preview":"max-image-preview:large","max-video-preview":"max-video-preview:-1"},"canonical":"https:\/\/www.editorialjuventud.es\/bjorn-i-lample-mon-9788426145888\/","og_locale":"ca_ES","og_type":"article","og_title":"Bj\u00f6rn i l'ample m\u00f3n - Editorial Joventut - \u00c0lbum il\u00b7lustrat","og_description":"Bj\u00f6rn \u00e9s un os. Un os que a la primavera es desperta despr\u00e9s d'haver dormit uns quants mesos. T\u00e9 la llengua pastosa i un aspecte esprimatxat per\u00f2 despr\u00e9s de rentar-se una mica ja no ho sembla.","og_url":"https:\/\/www.editorialjuventud.es\/bjorn-i-lample-mon-9788426145888\/","og_site_name":"Editorial Juventud","article_modified_time":"2025-01-22T11:54:42+00:00","og_image":[{"width":1068,"height":1478,"url":"https:\/\/www.editorialjuventud.es\/wp-content\/uploads\/9788426145888.png","type":"image\/png"}],"twitter_card":"summary_large_image","twitter_misc":{"Temps estimat de lectura":"1 minut"},"schema":{"@context":"https:\/\/schema.org","@graph":[{"@type":"WebPage","@id":"https:\/\/www.editorialjuventud.es\/bjorn-i-lample-mon-9788426145888\/","url":"https:\/\/www.editorialjuventud.es\/bjorn-i-lample-mon-9788426145888\/","name":"Bj\u00f6rn i l'ample m\u00f3n - Editorial Joventut - \u00c0lbum il\u00b7lustrat","isPartOf":{"@id":"https:\/\/www.editorialjuventud.es\/#website"},"primaryImageOfPage":{"@id":"https:\/\/www.editorialjuventud.es\/bjorn-i-lample-mon-9788426145888\/#primaryimage"},"image":{"@id":"https:\/\/www.editorialjuventud.es\/bjorn-i-lample-mon-9788426145888\/#primaryimage"},"thumbnailUrl":"https:\/\/www.editorialjuventud.es\/wp-content\/uploads\/9788426145888.png","datePublished":"2019-02-27T12:38:47+00:00","dateModified":"2025-01-22T11:54:42+00:00","description":"Bj\u00f6rn \u00e9s un os. Un os que a la primavera es desperta despr\u00e9s d'haver dormit uns quants mesos. T\u00e9 la llengua pastosa i un aspecte esprimatxat per\u00f2 despr\u00e9s de rentar-se una mica ja no ho sembla.","breadcrumb":{"@id":"https:\/\/www.editorialjuventud.es\/bjorn-i-lample-mon-9788426145888\/#breadcrumb"},"inLanguage":"ca","potentialAction":[{"@type":"ReadAction","target":["https:\/\/www.editorialjuventud.es\/bjorn-i-lample-mon-9788426145888\/"]}]},{"@type":"ImageObject","inLanguage":"ca","@id":"https:\/\/www.editorialjuventud.es\/bjorn-i-lample-mon-9788426145888\/#primaryimage","url":"https:\/\/www.editorialjuventud.es\/wp-content\/uploads\/9788426145888.png","contentUrl":"https:\/\/www.editorialjuventud.es\/wp-content\/uploads\/9788426145888.png","width":1068,"height":1478,"caption":"9788426145888.png"},{"@type":"BreadcrumbList","@id":"https:\/\/www.editorialjuventud.es\/bjorn-i-lample-mon-9788426145888\/#breadcrumb","itemListElement":[{"@type":"ListItem","position":1,"name":"Portada","item":"https:\/\/www.editorialjuventud.es\/"},{"@type":"ListItem","position":2,"name":"cat\u00e1logo","item":"https:\/\/www.editorialjuventud.es\/coleccion\/catalogo\/"},{"@type":"ListItem","position":3,"name":"catal\u00e0","item":"https:\/\/www.editorialjuventud.es\/coleccion\/catala\/"},{"@type":"ListItem","position":4,"name":"Bj\u00f6rn i l'ample m\u00f3n"}]},{"@type":"WebSite","@id":"https:\/\/www.editorialjuventud.es\/#website","url":"https:\/\/www.editorialjuventud.es\/","name":"Editorial Juventud","description":"","potentialAction":[{"@type":"SearchAction","target":{"@type":"EntryPoint","urlTemplate":"https:\/\/www.editorialjuventud.es\/?s={search_term_string}"},"query-input":{"@type":"PropertyValueSpecification","valueRequired":true,"valueName":"search_term_string"}}],"inLanguage":"ca"}]}},"_links":{"self":[{"href":"https:\/\/www.editorialjuventud.es\/ca\/wp-json\/wp\/v2\/product\/21582","targetHints":{"allow":["GET"]}}],"collection":[{"href":"https:\/\/www.editorialjuventud.es\/ca\/wp-json\/wp\/v2\/product"}],"about":[{"href":"https:\/\/www.editorialjuventud.es\/ca\/wp-json\/wp\/v2\/types\/product"}],"wp:featuredmedia":[{"embeddable":true,"href":"https:\/\/www.editorialjuventud.es\/ca\/wp-json\/wp\/v2\/media\/21583"}],"wp:attachment":[{"href":"https:\/\/www.editorialjuventud.es\/ca\/wp-json\/wp\/v2\/media?parent=21582"}],"wp:term":[{"taxonomy":"product_brand","embeddable":true,"href":"https:\/\/www.editorialjuventud.es\/ca\/wp-json\/wp\/v2\/product_brand?post=21582"},{"taxonomy":"product_cat","embeddable":true,"href":"https:\/\/www.editorialjuventud.es\/ca\/wp-json\/wp\/v2\/product_cat?post=21582"},{"taxonomy":"product_tag","embeddable":true,"href":"https:\/\/www.editorialjuventud.es\/ca\/wp-json\/wp\/v2\/product_tag?post=21582"},{"taxonomy":"coleccion","embeddable":true,"href":"https:\/\/www.editorialjuventud.es\/ca\/wp-json\/wp\/v2\/coleccion?post=21582"}],"curies":[{"name":"wp","href":"https:\/\/api.w.org\/{rel}","templated":true}]}}