{"id":21579,"date":"2019-02-27T13:37:48","date_gmt":"2019-02-27T12:37:48","guid":{"rendered":"https:\/\/www.editorialjuventud.es\/bjorn-y-el-ancho-mundo-9788426145871\/"},"modified":"2025-01-22T12:54:36","modified_gmt":"2025-01-22T11:54:36","slug":"bjorn-y-el-ancho-mundo-9788426145871","status":"publish","type":"product","link":"https:\/\/www.editorialjuventud.es\/ca\/bjorn-y-el-ancho-mundo-9788426145871\/","title":{"rendered":"Bj\u00f6rn y el ancho mundo"},"content":{"rendered":"<p>Bj\u00f6rn es un oso. Un oso que se despierta en primavera tras haber dormido varios meses. Tiene la lengua pastosa y parece delgaducho, pero despu\u00e9s de asearse un poco ya se ve mejor.<\/p>\n<p>Al salir de su cueva se reencuentra con la liebre, el tej\u00f3n y los dem\u00e1s amigos del bosque. Despu\u00e9s reemprende sus actividades habituales: disfrutar de una corriente de aire, recibir una carta, sentarse sobre el musgo. Pero esta primavera tambi\u00e9n toma un autob\u00fas, encuentra un tel\u00e9fono m\u00f3vil y lo invitan a ir a la piscina.<\/p>\n<p>El ancho mundo es el invitado de estas seis nuevas historias de Bj\u00f6rn, un oso que sabe disfrutar de la felicidad que dan las peque\u00f1as cosas de la vida.<\/p>\n<p>Este \u00e1lbum, escrito en letra de palo para facilitar la lectura a los primeros lectores, es un homenaje a la serenidad, a la naturaleza y a la amistad. En el primer volumen, Bj\u00f6rn: seis historias de un oso, premiado internacionalmente, este oso ya nos rob\u00f3 el coraz\u00f3n ense\u00f1\u00e1ndonos su filosof\u00eda de vida, con la que las cosas cotidianas se conviertan en extraordinarias. En este segundo volumen volvemos a encontrar seis historias cortas y divertidas, que tienen cierto sabor a haiku y que nos hablan de la esencia de la vida de una manera simple y sin complicaciones. Porque en el fondo, la vida puede ser sencilla y la felicidad est\u00e1 m\u00e1s cerca de lo que creemos: en las sorpresas inesperadas, en los placeres cotidianos, en la contemplaci\u00f3n de una puesta de sol, y a veces un paseo en autob\u00fas resulta ser mucho m\u00e1s divertido de lo que cabr\u00eda esperar.<\/p>\n","protected":false},"excerpt":{"rendered":"Bj\u00f6rn es un oso. Un oso que se despierta en primavera tras haber dormido varios meses. Tiene la lengua pastosa y parece delgaducho, pero despu\u00e9s de asearse un poco ya se ve mejor. Al salir de su cueva se reencuentra [&hellip;]","protected":false},"featured_media":21580,"template":"","meta":{"_acf_changed":false,"_exactmetrics_skip_tracking":false,"_exactmetrics_sitenote_active":false,"_exactmetrics_sitenote_note":"","_exactmetrics_sitenote_category":0},"product_brand":[],"product_cat":[902,1121,1136,1220,1172,1184,1201],"product_tag":[],"coleccion":[984],"class_list":{"0":"post-21579","1":"product","2":"type-product","3":"status-publish","4":"has-post-thumbnail","6":"product_cat-a-partir-de-7-anos","7":"product_cat-albumes-ilustrados","8":"product_cat-amistad","9":"product_cat-convivencia-relaciones-interculturales","10":"product_cat-emociones","11":"product_cat-humor","12":"product_cat-naturaleza-biodiversidad","13":"coleccion-ya-leo-solo","15":"first","16":"instock","17":"taxable","18":"shipping-taxable","19":"purchasable","20":"product-type-simple"},"acf":{"indice":"","autor":"Perret, Delphine","codart":"4587","ediciones":"1","encuadernacion":"Carton\u00e9","fecha_de_publicacion":"01\/03\/2019","novedad":"0","paginas":"64","subtitulo":"","texto_web_adicional":"","autores-libros":[16548],"ilustradores-libros":[16548],"texto_web_novedad":"","orden":"999","portada":"0","texto_web_resaltado":"","traductores-libros":[58416],"descripcion_corta":"","recomendamos":"","mas_vendido":"","idioma-libro":"","color":false,"formato":"","mas_informacion_del_producto":false,"premios":false,"texto_enlace_cubierta":"","enlace_cubierta":{"ID":21822,"id":21822,"title":"portada","filename":"portada.png","filesize":87309,"url":"https:\/\/www.editorialjuventud.es\/wp-content\/uploads\/portada.png","link":"https:\/\/www.editorialjuventud.es\/ca\/?attachment_id=21822","alt":"","author":"47","description":"","caption":"","name":"portada","status":"inherit","uploaded_to":21579,"date":"2019-03-06 09:33:38","modified":"2019-03-06 09:33:38","menu_order":0,"mime_type":"image\/png","type":"image","subtype":"png","icon":"https:\/\/www.editorialjuventud.es\/wp-includes\/images\/media\/default.png","width":1066,"height":1494,"sizes":{"thumbnail":"https:\/\/www.editorialjuventud.es\/wp-content\/uploads\/portada-200x200.png","thumbnail-width":200,"thumbnail-height":200,"medium":"https:\/\/www.editorialjuventud.es\/wp-content\/uploads\/portada.png","medium-width":1066,"medium-height":1494,"medium_large":"https:\/\/www.editorialjuventud.es\/wp-content\/uploads\/portada-768x1076.png","medium_large-width":768,"medium_large-height":1076,"large":"https:\/\/www.editorialjuventud.es\/wp-content\/uploads\/portada.png","large-width":1066,"large-height":1494,"1536x1536":"https:\/\/www.editorialjuventud.es\/wp-content\/uploads\/portada.png","1536x1536-width":1066,"1536x1536-height":1494,"2048x2048":"https:\/\/www.editorialjuventud.es\/wp-content\/uploads\/portada.png","2048x2048-width":1066,"2048x2048-height":1494,"woocommerce_thumbnail":"https:\/\/www.editorialjuventud.es\/wp-content\/uploads\/portada-350x491.png","woocommerce_thumbnail-width":350,"woocommerce_thumbnail-height":491,"woocommerce_single":"https:\/\/www.editorialjuventud.es\/wp-content\/uploads\/portada-900x1261.png","woocommerce_single-width":900,"woocommerce_single-height":1261,"woocommerce_gallery_thumbnail":"https:\/\/www.editorialjuventud.es\/wp-content\/uploads\/portada-100x100.png","woocommerce_gallery_thumbnail-width":100,"woocommerce_gallery_thumbnail-height":100,"ppec_logo_image_size":"https:\/\/www.editorialjuventud.es\/wp-content\/uploads\/portada.png","ppec_logo_image_size-width":43,"ppec_logo_image_size-height":60,"ppec_header_image_size":"https:\/\/www.editorialjuventud.es\/wp-content\/uploads\/portada.png","ppec_header_image_size-width":64,"ppec_header_image_size-height":90}},"texto_enlace_ficha_tecnica":"","enlace_ficha_tecnica":{"ID":21820,"id":21820,"title":"Bjo\u0308rn y el ancho mundo_Ficha","filename":"Bjo\u0308rn-y-el-ancho-mundo_Ficha.pdf","filesize":1975101,"url":"https:\/\/www.editorialjuventud.es\/wp-content\/uploads\/Bjo\u0308rn-y-el-ancho-mundo_Ficha.pdf","link":"https:\/\/www.editorialjuventud.es\/ca\/?attachment_id=21820","alt":"","author":"47","description":"","caption":"","name":"bjo%cc%88rn-y-el-ancho-mundo_ficha","status":"inherit","uploaded_to":21579,"date":"2019-03-06 09:32:43","modified":"2019-03-06 09:32:43","menu_order":0,"mime_type":"application\/pdf","type":"application","subtype":"pdf","icon":"https:\/\/www.editorialjuventud.es\/wp-includes\/images\/media\/document.png"},"ficheros":false,"titulo-fr":"","texto-fr":"","fecha_de_reimpresion":"","deshabilitar_compra":[]},"yoast_head":"<!-- This site is optimized with the Yoast SEO plugin v27.5 - https:\/\/yoast.com\/product\/yoast-seo-wordpress\/ -->\n<title>Bj\u00f6rn y el ancho mundo - Editorial Juventud - \u00c1lbum Ilustrado<\/title>\n<meta name=\"description\" content=\"Bj\u00f6rn es un oso. Un oso que se despierta en primavera tras haber dormido varios meses. Tiene la lengua pastosa y parece delgaducho, pero despu\u00e9s de asearse un poco ya se ve mejor.\" \/>\n<meta name=\"robots\" content=\"index, follow, max-snippet:-1, max-image-preview:large, max-video-preview:-1\" \/>\n<link rel=\"canonical\" href=\"https:\/\/www.editorialjuventud.es\/bjorn-y-el-ancho-mundo-9788426145871\/\" \/>\n<meta property=\"og:locale\" content=\"ca_ES\" \/>\n<meta property=\"og:type\" content=\"article\" \/>\n<meta property=\"og:title\" content=\"Bj\u00f6rn y el ancho mundo - Editorial Juventud - \u00c1lbum Ilustrado\" \/>\n<meta property=\"og:description\" content=\"Bj\u00f6rn es un oso. Un oso que se despierta en primavera tras haber dormido varios meses. Tiene la lengua pastosa y parece delgaducho, pero despu\u00e9s de asearse un poco ya se ve mejor.\" \/>\n<meta property=\"og:url\" content=\"https:\/\/www.editorialjuventud.es\/bjorn-y-el-ancho-mundo-9788426145871\/\" \/>\n<meta property=\"og:site_name\" content=\"Editorial Juventud\" \/>\n<meta property=\"article:modified_time\" content=\"2025-01-22T11:54:36+00:00\" \/>\n<meta property=\"og:image\" content=\"https:\/\/www.editorialjuventud.es\/wp-content\/uploads\/9788426145871.png\" \/>\n\t<meta property=\"og:image:width\" content=\"1066\" \/>\n\t<meta property=\"og:image:height\" content=\"1494\" \/>\n\t<meta property=\"og:image:type\" content=\"image\/png\" \/>\n<meta name=\"twitter:card\" content=\"summary_large_image\" \/>\n<meta name=\"twitter:label1\" content=\"Temps estimat de lectura\" \/>\n\t<meta name=\"twitter:data1\" content=\"2 minuts\" \/>\n<script type=\"application\/ld+json\" class=\"yoast-schema-graph\">{\"@context\":\"https:\\\/\\\/schema.org\",\"@graph\":[{\"@type\":\"WebPage\",\"@id\":\"https:\\\/\\\/www.editorialjuventud.es\\\/bjorn-y-el-ancho-mundo-9788426145871\\\/\",\"url\":\"https:\\\/\\\/www.editorialjuventud.es\\\/bjorn-y-el-ancho-mundo-9788426145871\\\/\",\"name\":\"Bj\u00f6rn y el ancho mundo - Editorial Juventud - \u00c1lbum Ilustrado\",\"isPartOf\":{\"@id\":\"https:\\\/\\\/www.editorialjuventud.es\\\/#website\"},\"primaryImageOfPage\":{\"@id\":\"https:\\\/\\\/www.editorialjuventud.es\\\/bjorn-y-el-ancho-mundo-9788426145871\\\/#primaryimage\"},\"image\":{\"@id\":\"https:\\\/\\\/www.editorialjuventud.es\\\/bjorn-y-el-ancho-mundo-9788426145871\\\/#primaryimage\"},\"thumbnailUrl\":\"https:\\\/\\\/www.editorialjuventud.es\\\/wp-content\\\/uploads\\\/9788426145871.png\",\"datePublished\":\"2019-02-27T12:37:48+00:00\",\"dateModified\":\"2025-01-22T11:54:36+00:00\",\"description\":\"Bj\u00f6rn es un oso. Un oso que se despierta en primavera tras haber dormido varios meses. Tiene la lengua pastosa y parece delgaducho, pero despu\u00e9s de asearse un poco ya se ve mejor.\",\"breadcrumb\":{\"@id\":\"https:\\\/\\\/www.editorialjuventud.es\\\/bjorn-y-el-ancho-mundo-9788426145871\\\/#breadcrumb\"},\"inLanguage\":\"ca\",\"potentialAction\":[{\"@type\":\"ReadAction\",\"target\":[\"https:\\\/\\\/www.editorialjuventud.es\\\/bjorn-y-el-ancho-mundo-9788426145871\\\/\"]}]},{\"@type\":\"ImageObject\",\"inLanguage\":\"ca\",\"@id\":\"https:\\\/\\\/www.editorialjuventud.es\\\/bjorn-y-el-ancho-mundo-9788426145871\\\/#primaryimage\",\"url\":\"https:\\\/\\\/www.editorialjuventud.es\\\/wp-content\\\/uploads\\\/9788426145871.png\",\"contentUrl\":\"https:\\\/\\\/www.editorialjuventud.es\\\/wp-content\\\/uploads\\\/9788426145871.png\",\"width\":1066,\"height\":1494,\"caption\":\"9788426145871.png\"},{\"@type\":\"BreadcrumbList\",\"@id\":\"https:\\\/\\\/www.editorialjuventud.es\\\/bjorn-y-el-ancho-mundo-9788426145871\\\/#breadcrumb\",\"itemListElement\":[{\"@type\":\"ListItem\",\"position\":1,\"name\":\"Portada\",\"item\":\"https:\\\/\\\/www.editorialjuventud.es\\\/\"},{\"@type\":\"ListItem\",\"position\":2,\"name\":\"cat\u00e1logo\",\"item\":\"https:\\\/\\\/www.editorialjuventud.es\\\/coleccion\\\/catalogo\\\/\"},{\"@type\":\"ListItem\",\"position\":3,\"name\":\"castellano\",\"item\":\"https:\\\/\\\/www.editorialjuventud.es\\\/coleccion\\\/castellano\\\/\"},{\"@type\":\"ListItem\",\"position\":4,\"name\":\"\u00c1lbumes Ilustrados\",\"item\":\"https:\\\/\\\/www.editorialjuventud.es\\\/coleccion\\\/albumes-ilustrados\\\/\"},{\"@type\":\"ListItem\",\"position\":5,\"name\":\"\u00a1Ya Leo Solo!\",\"item\":\"https:\\\/\\\/www.editorialjuventud.es\\\/coleccion\\\/ya-leo-solo\\\/\"},{\"@type\":\"ListItem\",\"position\":6,\"name\":\"Bj\u00f6rn y el ancho mundo\"}]},{\"@type\":\"WebSite\",\"@id\":\"https:\\\/\\\/www.editorialjuventud.es\\\/#website\",\"url\":\"https:\\\/\\\/www.editorialjuventud.es\\\/\",\"name\":\"Editorial Juventud\",\"description\":\"\",\"potentialAction\":[{\"@type\":\"SearchAction\",\"target\":{\"@type\":\"EntryPoint\",\"urlTemplate\":\"https:\\\/\\\/www.editorialjuventud.es\\\/?s={search_term_string}\"},\"query-input\":{\"@type\":\"PropertyValueSpecification\",\"valueRequired\":true,\"valueName\":\"search_term_string\"}}],\"inLanguage\":\"ca\"}]}<\/script>\n<!-- \/ Yoast SEO plugin. -->","yoast_head_json":{"title":"Bj\u00f6rn y el ancho mundo - Editorial Juventud - \u00c1lbum Ilustrado","description":"Bj\u00f6rn es un oso. Un oso que se despierta en primavera tras haber dormido varios meses. Tiene la lengua pastosa y parece delgaducho, pero despu\u00e9s de asearse un poco ya se ve mejor.","robots":{"index":"index","follow":"follow","max-snippet":"max-snippet:-1","max-image-preview":"max-image-preview:large","max-video-preview":"max-video-preview:-1"},"canonical":"https:\/\/www.editorialjuventud.es\/bjorn-y-el-ancho-mundo-9788426145871\/","og_locale":"ca_ES","og_type":"article","og_title":"Bj\u00f6rn y el ancho mundo - Editorial Juventud - \u00c1lbum Ilustrado","og_description":"Bj\u00f6rn es un oso. Un oso que se despierta en primavera tras haber dormido varios meses. Tiene la lengua pastosa y parece delgaducho, pero despu\u00e9s de asearse un poco ya se ve mejor.","og_url":"https:\/\/www.editorialjuventud.es\/bjorn-y-el-ancho-mundo-9788426145871\/","og_site_name":"Editorial Juventud","article_modified_time":"2025-01-22T11:54:36+00:00","og_image":[{"width":1066,"height":1494,"url":"https:\/\/www.editorialjuventud.es\/wp-content\/uploads\/9788426145871.png","type":"image\/png"}],"twitter_card":"summary_large_image","twitter_misc":{"Temps estimat de lectura":"2 minuts"},"schema":{"@context":"https:\/\/schema.org","@graph":[{"@type":"WebPage","@id":"https:\/\/www.editorialjuventud.es\/bjorn-y-el-ancho-mundo-9788426145871\/","url":"https:\/\/www.editorialjuventud.es\/bjorn-y-el-ancho-mundo-9788426145871\/","name":"Bj\u00f6rn y el ancho mundo - Editorial Juventud - \u00c1lbum Ilustrado","isPartOf":{"@id":"https:\/\/www.editorialjuventud.es\/#website"},"primaryImageOfPage":{"@id":"https:\/\/www.editorialjuventud.es\/bjorn-y-el-ancho-mundo-9788426145871\/#primaryimage"},"image":{"@id":"https:\/\/www.editorialjuventud.es\/bjorn-y-el-ancho-mundo-9788426145871\/#primaryimage"},"thumbnailUrl":"https:\/\/www.editorialjuventud.es\/wp-content\/uploads\/9788426145871.png","datePublished":"2019-02-27T12:37:48+00:00","dateModified":"2025-01-22T11:54:36+00:00","description":"Bj\u00f6rn es un oso. Un oso que se despierta en primavera tras haber dormido varios meses. Tiene la lengua pastosa y parece delgaducho, pero despu\u00e9s de asearse un poco ya se ve mejor.","breadcrumb":{"@id":"https:\/\/www.editorialjuventud.es\/bjorn-y-el-ancho-mundo-9788426145871\/#breadcrumb"},"inLanguage":"ca","potentialAction":[{"@type":"ReadAction","target":["https:\/\/www.editorialjuventud.es\/bjorn-y-el-ancho-mundo-9788426145871\/"]}]},{"@type":"ImageObject","inLanguage":"ca","@id":"https:\/\/www.editorialjuventud.es\/bjorn-y-el-ancho-mundo-9788426145871\/#primaryimage","url":"https:\/\/www.editorialjuventud.es\/wp-content\/uploads\/9788426145871.png","contentUrl":"https:\/\/www.editorialjuventud.es\/wp-content\/uploads\/9788426145871.png","width":1066,"height":1494,"caption":"9788426145871.png"},{"@type":"BreadcrumbList","@id":"https:\/\/www.editorialjuventud.es\/bjorn-y-el-ancho-mundo-9788426145871\/#breadcrumb","itemListElement":[{"@type":"ListItem","position":1,"name":"Portada","item":"https:\/\/www.editorialjuventud.es\/"},{"@type":"ListItem","position":2,"name":"cat\u00e1logo","item":"https:\/\/www.editorialjuventud.es\/coleccion\/catalogo\/"},{"@type":"ListItem","position":3,"name":"castellano","item":"https:\/\/www.editorialjuventud.es\/coleccion\/castellano\/"},{"@type":"ListItem","position":4,"name":"\u00c1lbumes Ilustrados","item":"https:\/\/www.editorialjuventud.es\/coleccion\/albumes-ilustrados\/"},{"@type":"ListItem","position":5,"name":"\u00a1Ya Leo Solo!","item":"https:\/\/www.editorialjuventud.es\/coleccion\/ya-leo-solo\/"},{"@type":"ListItem","position":6,"name":"Bj\u00f6rn y el ancho mundo"}]},{"@type":"WebSite","@id":"https:\/\/www.editorialjuventud.es\/#website","url":"https:\/\/www.editorialjuventud.es\/","name":"Editorial Juventud","description":"","potentialAction":[{"@type":"SearchAction","target":{"@type":"EntryPoint","urlTemplate":"https:\/\/www.editorialjuventud.es\/?s={search_term_string}"},"query-input":{"@type":"PropertyValueSpecification","valueRequired":true,"valueName":"search_term_string"}}],"inLanguage":"ca"}]}},"_links":{"self":[{"href":"https:\/\/www.editorialjuventud.es\/ca\/wp-json\/wp\/v2\/product\/21579","targetHints":{"allow":["GET"]}}],"collection":[{"href":"https:\/\/www.editorialjuventud.es\/ca\/wp-json\/wp\/v2\/product"}],"about":[{"href":"https:\/\/www.editorialjuventud.es\/ca\/wp-json\/wp\/v2\/types\/product"}],"wp:featuredmedia":[{"embeddable":true,"href":"https:\/\/www.editorialjuventud.es\/ca\/wp-json\/wp\/v2\/media\/21580"}],"wp:attachment":[{"href":"https:\/\/www.editorialjuventud.es\/ca\/wp-json\/wp\/v2\/media?parent=21579"}],"wp:term":[{"taxonomy":"product_brand","embeddable":true,"href":"https:\/\/www.editorialjuventud.es\/ca\/wp-json\/wp\/v2\/product_brand?post=21579"},{"taxonomy":"product_cat","embeddable":true,"href":"https:\/\/www.editorialjuventud.es\/ca\/wp-json\/wp\/v2\/product_cat?post=21579"},{"taxonomy":"product_tag","embeddable":true,"href":"https:\/\/www.editorialjuventud.es\/ca\/wp-json\/wp\/v2\/product_tag?post=21579"},{"taxonomy":"coleccion","embeddable":true,"href":"https:\/\/www.editorialjuventud.es\/ca\/wp-json\/wp\/v2\/coleccion?post=21579"}],"curies":[{"name":"wp","href":"https:\/\/api.w.org\/{rel}","templated":true}]}}