{"id":21576,"date":"2019-02-27T13:36:40","date_gmt":"2019-02-27T12:36:40","guid":{"rendered":"https:\/\/www.editorialjuventud.es\/el-viatge-del-calligraf-9788426145864\/"},"modified":"2025-01-22T12:54:31","modified_gmt":"2025-01-22T11:54:31","slug":"el-viatge-del-calligraf-9788426145864","status":"publish","type":"product","link":"https:\/\/www.editorialjuventud.es\/ca\/el-viatge-del-calligraf-9788426145864\/","title":{"rendered":"El viatge del cal\u00b7l\u00edgraf"},"content":{"rendered":"<p>El cal\u00b7l\u00edgraf sospitava que m\u00e9s enll\u00e0 de la vall, a l&#8217;altra banda de les muntanyes hi devia haver altres valls i altres muntanyes, i somiava que duia als uns les hist\u00f2ries dels altres. Aix\u00ed que un mat\u00ed, en lloc de seure al seu escriptori, va preparar un farcell amb quatre coses i es va endinsar en l&#8217;espessor del bosc. Va ser aix\u00ed com el cal\u00b7l\u00edgraf va comen\u00e7ar a tra\u00e7ar camins, i les persones van descobrir que no estaven soles.<\/p>\n<p>Aquest \u00e0lbum vol transmetre els valors que aporten els viatges: la transformaci\u00f3 d&#8217;un mateix, la capacitat de saber acollir l&#8217;altre, el desig d&#8217;aventura i de descobriment&#8230; No tan sols els viatges que es realitzen al voltant del m\u00f3n, sin\u00f3 tamb\u00e9 aquells a on ens condueixen les paraules, les imatges i la imaginaci\u00f3. Per ajudar-nos a traslladar-nos a aquest m\u00f3n creatiu, l&#8217;autora ha volgut col\u00b7laborar amb l&#8217;il\u00b7lustrador i dissenyador colombi\u00e0 Samuel Casta\u00f1o, qui t\u00e9 el do de saber plasmar la m\u00e0gia de tot el que ens envolta d&#8217;una manera senzilla per\u00f2 fascinant: mitjan\u00e7ant la t\u00e8cnica del collage, incorpora diaris vells o teles i altres elements de la natura (fulles, branques&#8230;), que donen cos i color a les seves il\u00b7lustracions.<\/p>\n","protected":false},"excerpt":{"rendered":"El cal\u00b7l\u00edgraf sospitava que m\u00e9s enll\u00e0 de la vall, a l&#8217;altra banda de les muntanyes hi devia haver altres valls i altres muntanyes, i somiava que duia als uns les hist\u00f2ries dels altres. Aix\u00ed que un mat\u00ed, en lloc de [&hellip;]","protected":false},"featured_media":21577,"template":"","meta":{"_acf_changed":false,"_exactmetrics_skip_tracking":false,"_exactmetrics_sitenote_active":false,"_exactmetrics_sitenote_note":"","_exactmetrics_sitenote_category":0},"product_brand":[],"product_cat":[902,1121,1220,1172],"product_tag":[],"coleccion":[948],"class_list":{"0":"post-21576","1":"product","2":"type-product","3":"status-publish","4":"has-post-thumbnail","6":"product_cat-a-partir-de-7-anos","7":"product_cat-albumes-ilustrados","8":"product_cat-convivencia-relaciones-interculturales","9":"product_cat-emociones","10":"coleccion-convivencia-i-multiculturalitat","12":"first","13":"instock","14":"taxable","15":"shipping-taxable","16":"purchasable","17":"product-type-simple"},"acf":{"indice":"","autor":"Squilloni, Arianna","codart":"4586","ediciones":"1","encuadernacion":"Carton\u00e9","fecha_de_publicacion":"01\/03\/2019","novedad":"0","paginas":"40","subtitulo":"","texto_web_adicional":"","autores-libros":[18185],"ilustradores-libros":[21552],"texto_web_novedad":"","orden":"999","portada":"0","texto_web_resaltado":"","traductores-libros":[21553],"descripcion_corta":"","recomendamos":"","mas_vendido":"","idioma-libro":"","color":false,"formato":"","mas_informacion_del_producto":false,"premios":[{"premio":"Premi Livre Vivent","anyo_del_premio":"2020","pais_del_premio":"Fran\u00e7a"}],"texto_enlace_cubierta":"","enlace_cubierta":{"ID":21833,"id":21833,"title":"portada","filename":"portada-2.png","filesize":288520,"url":"https:\/\/www.editorialjuventud.es\/wp-content\/uploads\/portada-2.png","link":"https:\/\/www.editorialjuventud.es\/ca\/?attachment_id=21833","alt":"","author":"47","description":"","caption":"","name":"portada-3","status":"inherit","uploaded_to":21576,"date":"2019-03-06 10:01:53","modified":"2019-03-06 10:01:53","menu_order":0,"mime_type":"image\/png","type":"image","subtype":"png","icon":"https:\/\/www.editorialjuventud.es\/wp-includes\/images\/media\/default.png","width":1350,"height":1136,"sizes":{"thumbnail":"https:\/\/www.editorialjuventud.es\/wp-content\/uploads\/portada-2-200x200.png","thumbnail-width":200,"thumbnail-height":200,"medium":"https:\/\/www.editorialjuventud.es\/wp-content\/uploads\/portada-2.png","medium-width":1350,"medium-height":1136,"medium_large":"https:\/\/www.editorialjuventud.es\/wp-content\/uploads\/portada-2-768x646.png","medium_large-width":768,"medium_large-height":646,"large":"https:\/\/www.editorialjuventud.es\/wp-content\/uploads\/portada-2.png","large-width":1350,"large-height":1136,"1536x1536":"https:\/\/www.editorialjuventud.es\/wp-content\/uploads\/portada-2.png","1536x1536-width":1350,"1536x1536-height":1136,"2048x2048":"https:\/\/www.editorialjuventud.es\/wp-content\/uploads\/portada-2.png","2048x2048-width":1350,"2048x2048-height":1136,"woocommerce_thumbnail":"https:\/\/www.editorialjuventud.es\/wp-content\/uploads\/portada-2-350x295.png","woocommerce_thumbnail-width":350,"woocommerce_thumbnail-height":295,"woocommerce_single":"https:\/\/www.editorialjuventud.es\/wp-content\/uploads\/portada-2-900x757.png","woocommerce_single-width":900,"woocommerce_single-height":757,"woocommerce_gallery_thumbnail":"https:\/\/www.editorialjuventud.es\/wp-content\/uploads\/portada-2-100x100.png","woocommerce_gallery_thumbnail-width":100,"woocommerce_gallery_thumbnail-height":100,"ppec_logo_image_size":"https:\/\/www.editorialjuventud.es\/wp-content\/uploads\/portada-2.png","ppec_logo_image_size-width":71,"ppec_logo_image_size-height":60,"ppec_header_image_size":"https:\/\/www.editorialjuventud.es\/wp-content\/uploads\/portada-2.png","ppec_header_image_size-width":107,"ppec_header_image_size-height":90}},"texto_enlace_ficha_tecnica":"","enlace_ficha_tecnica":{"ID":21831,"id":21831,"title":"CAT_El viatje del cal\u00b7li\u0301graf_Fitxa","filename":"CAT_El-viatje-del-cal\u00b7li\u0301graf_Fitxa.pdf","filesize":1855552,"url":"https:\/\/www.editorialjuventud.es\/wp-content\/uploads\/CAT_El-viatje-del-cal\u00b7li\u0301graf_Fitxa.pdf","link":"https:\/\/www.editorialjuventud.es\/ca\/?attachment_id=21831","alt":"","author":"47","description":"","caption":"","name":"cat_el-viatje-del-cal%c2%b7ligraf_fitxa","status":"inherit","uploaded_to":21576,"date":"2019-03-06 10:01:27","modified":"2019-03-06 10:01:27","menu_order":0,"mime_type":"application\/pdf","type":"application","subtype":"pdf","icon":"https:\/\/www.editorialjuventud.es\/wp-includes\/images\/media\/document.png"},"ficheros":false,"titulo-fr":"","texto-fr":"","fecha_de_reimpresion":"","deshabilitar_compra":[]},"yoast_head":"<!-- This site is optimized with the Yoast SEO plugin v27.5 - https:\/\/yoast.com\/product\/yoast-seo-wordpress\/ -->\n<title>El viatge del cal\u00b7l\u00edgraf - Editorial Joventut . \u00c0lbum il\u00b7lustrat<\/title>\n<meta name=\"description\" content=\"El cal\u00b7l\u00edgraf sospitava que m\u00e9s enll\u00e0 de la vall, a l&#039;altra banda de les muntanyes hi devia haver altres valls i altres muntanyes, i somiava que duia als uns les hist\u00f2ries dels altres. Aix\u00ed que un mat\u00ed, en lloc de seure al seu escriptori, va preparar un farcell amb quatre coses i es va endinsar en l&#039;espessor del bosc.\" \/>\n<meta name=\"robots\" content=\"index, follow, max-snippet:-1, max-image-preview:large, max-video-preview:-1\" \/>\n<link rel=\"canonical\" href=\"https:\/\/www.editorialjuventud.es\/el-viatge-del-calligraf-9788426145864\/\" \/>\n<meta property=\"og:locale\" content=\"ca_ES\" \/>\n<meta property=\"og:type\" content=\"article\" \/>\n<meta property=\"og:title\" content=\"El viatge del cal\u00b7l\u00edgraf - Editorial Joventut . \u00c0lbum il\u00b7lustrat\" \/>\n<meta property=\"og:description\" content=\"El cal\u00b7l\u00edgraf sospitava que m\u00e9s enll\u00e0 de la vall, a l&#039;altra banda de les muntanyes hi devia haver altres valls i altres muntanyes, i somiava que duia als uns les hist\u00f2ries dels altres. Aix\u00ed que un mat\u00ed, en lloc de seure al seu escriptori, va preparar un farcell amb quatre coses i es va endinsar en l&#039;espessor del bosc.\" \/>\n<meta property=\"og:url\" content=\"https:\/\/www.editorialjuventud.es\/el-viatge-del-calligraf-9788426145864\/\" \/>\n<meta property=\"og:site_name\" content=\"Editorial Juventud\" \/>\n<meta property=\"article:modified_time\" content=\"2025-01-22T11:54:31+00:00\" \/>\n<meta property=\"og:image\" content=\"https:\/\/www.editorialjuventud.es\/wp-content\/uploads\/9788426145864.jpg\" \/>\n\t<meta property=\"og:image:width\" content=\"1200\" \/>\n\t<meta property=\"og:image:height\" content=\"1010\" \/>\n\t<meta property=\"og:image:type\" content=\"image\/jpeg\" \/>\n<meta name=\"twitter:card\" content=\"summary_large_image\" \/>\n<meta name=\"twitter:label1\" content=\"Temps estimat de lectura\" \/>\n\t<meta name=\"twitter:data1\" content=\"1 minut\" \/>\n<script type=\"application\/ld+json\" class=\"yoast-schema-graph\">{\"@context\":\"https:\\\/\\\/schema.org\",\"@graph\":[{\"@type\":\"WebPage\",\"@id\":\"https:\\\/\\\/www.editorialjuventud.es\\\/el-viatge-del-calligraf-9788426145864\\\/\",\"url\":\"https:\\\/\\\/www.editorialjuventud.es\\\/el-viatge-del-calligraf-9788426145864\\\/\",\"name\":\"El viatge del cal\u00b7l\u00edgraf - Editorial Joventut . \u00c0lbum il\u00b7lustrat\",\"isPartOf\":{\"@id\":\"https:\\\/\\\/www.editorialjuventud.es\\\/#website\"},\"primaryImageOfPage\":{\"@id\":\"https:\\\/\\\/www.editorialjuventud.es\\\/el-viatge-del-calligraf-9788426145864\\\/#primaryimage\"},\"image\":{\"@id\":\"https:\\\/\\\/www.editorialjuventud.es\\\/el-viatge-del-calligraf-9788426145864\\\/#primaryimage\"},\"thumbnailUrl\":\"https:\\\/\\\/www.editorialjuventud.es\\\/wp-content\\\/uploads\\\/9788426145864.jpg\",\"datePublished\":\"2019-02-27T12:36:40+00:00\",\"dateModified\":\"2025-01-22T11:54:31+00:00\",\"description\":\"El cal\u00b7l\u00edgraf sospitava que m\u00e9s enll\u00e0 de la vall, a l'altra banda de les muntanyes hi devia haver altres valls i altres muntanyes, i somiava que duia als uns les hist\u00f2ries dels altres. Aix\u00ed que un mat\u00ed, en lloc de seure al seu escriptori, va preparar un farcell amb quatre coses i es va endinsar en l'espessor del bosc.\",\"breadcrumb\":{\"@id\":\"https:\\\/\\\/www.editorialjuventud.es\\\/el-viatge-del-calligraf-9788426145864\\\/#breadcrumb\"},\"inLanguage\":\"ca\",\"potentialAction\":[{\"@type\":\"ReadAction\",\"target\":[\"https:\\\/\\\/www.editorialjuventud.es\\\/el-viatge-del-calligraf-9788426145864\\\/\"]}]},{\"@type\":\"ImageObject\",\"inLanguage\":\"ca\",\"@id\":\"https:\\\/\\\/www.editorialjuventud.es\\\/el-viatge-del-calligraf-9788426145864\\\/#primaryimage\",\"url\":\"https:\\\/\\\/www.editorialjuventud.es\\\/wp-content\\\/uploads\\\/9788426145864.jpg\",\"contentUrl\":\"https:\\\/\\\/www.editorialjuventud.es\\\/wp-content\\\/uploads\\\/9788426145864.jpg\",\"width\":1200,\"height\":1010,\"caption\":\"9788426145864.jpg\"},{\"@type\":\"BreadcrumbList\",\"@id\":\"https:\\\/\\\/www.editorialjuventud.es\\\/el-viatge-del-calligraf-9788426145864\\\/#breadcrumb\",\"itemListElement\":[{\"@type\":\"ListItem\",\"position\":1,\"name\":\"Portada\",\"item\":\"https:\\\/\\\/www.editorialjuventud.es\\\/\"},{\"@type\":\"ListItem\",\"position\":2,\"name\":\"cat\u00e1logo\",\"item\":\"https:\\\/\\\/www.editorialjuventud.es\\\/coleccion\\\/catalogo\\\/\"},{\"@type\":\"ListItem\",\"position\":3,\"name\":\"catal\u00e0\",\"item\":\"https:\\\/\\\/www.editorialjuventud.es\\\/coleccion\\\/catala\\\/\"},{\"@type\":\"ListItem\",\"position\":4,\"name\":\"\u00c0lbums Il\u00b7lustrats\",\"item\":\"https:\\\/\\\/www.editorialjuventud.es\\\/coleccion\\\/albums-il%c2%b7lustrats\\\/\"},{\"@type\":\"ListItem\",\"position\":5,\"name\":\"Conviv\u00e8ncia i Multiculturalitat\",\"item\":\"https:\\\/\\\/www.editorialjuventud.es\\\/coleccion\\\/convivencia-i-multiculturalitat\\\/\"},{\"@type\":\"ListItem\",\"position\":6,\"name\":\"El viatge del cal\u00b7l\u00edgraf\"}]},{\"@type\":\"WebSite\",\"@id\":\"https:\\\/\\\/www.editorialjuventud.es\\\/#website\",\"url\":\"https:\\\/\\\/www.editorialjuventud.es\\\/\",\"name\":\"Editorial Juventud\",\"description\":\"\",\"potentialAction\":[{\"@type\":\"SearchAction\",\"target\":{\"@type\":\"EntryPoint\",\"urlTemplate\":\"https:\\\/\\\/www.editorialjuventud.es\\\/?s={search_term_string}\"},\"query-input\":{\"@type\":\"PropertyValueSpecification\",\"valueRequired\":true,\"valueName\":\"search_term_string\"}}],\"inLanguage\":\"ca\"}]}<\/script>\n<!-- \/ Yoast SEO plugin. -->","yoast_head_json":{"title":"El viatge del cal\u00b7l\u00edgraf - Editorial Joventut . \u00c0lbum il\u00b7lustrat","description":"El cal\u00b7l\u00edgraf sospitava que m\u00e9s enll\u00e0 de la vall, a l'altra banda de les muntanyes hi devia haver altres valls i altres muntanyes, i somiava que duia als uns les hist\u00f2ries dels altres. Aix\u00ed que un mat\u00ed, en lloc de seure al seu escriptori, va preparar un farcell amb quatre coses i es va endinsar en l'espessor del bosc.","robots":{"index":"index","follow":"follow","max-snippet":"max-snippet:-1","max-image-preview":"max-image-preview:large","max-video-preview":"max-video-preview:-1"},"canonical":"https:\/\/www.editorialjuventud.es\/el-viatge-del-calligraf-9788426145864\/","og_locale":"ca_ES","og_type":"article","og_title":"El viatge del cal\u00b7l\u00edgraf - Editorial Joventut . \u00c0lbum il\u00b7lustrat","og_description":"El cal\u00b7l\u00edgraf sospitava que m\u00e9s enll\u00e0 de la vall, a l'altra banda de les muntanyes hi devia haver altres valls i altres muntanyes, i somiava que duia als uns les hist\u00f2ries dels altres. Aix\u00ed que un mat\u00ed, en lloc de seure al seu escriptori, va preparar un farcell amb quatre coses i es va endinsar en l'espessor del bosc.","og_url":"https:\/\/www.editorialjuventud.es\/el-viatge-del-calligraf-9788426145864\/","og_site_name":"Editorial Juventud","article_modified_time":"2025-01-22T11:54:31+00:00","og_image":[{"width":1200,"height":1010,"url":"https:\/\/www.editorialjuventud.es\/wp-content\/uploads\/9788426145864.jpg","type":"image\/jpeg"}],"twitter_card":"summary_large_image","twitter_misc":{"Temps estimat de lectura":"1 minut"},"schema":{"@context":"https:\/\/schema.org","@graph":[{"@type":"WebPage","@id":"https:\/\/www.editorialjuventud.es\/el-viatge-del-calligraf-9788426145864\/","url":"https:\/\/www.editorialjuventud.es\/el-viatge-del-calligraf-9788426145864\/","name":"El viatge del cal\u00b7l\u00edgraf - Editorial Joventut . \u00c0lbum il\u00b7lustrat","isPartOf":{"@id":"https:\/\/www.editorialjuventud.es\/#website"},"primaryImageOfPage":{"@id":"https:\/\/www.editorialjuventud.es\/el-viatge-del-calligraf-9788426145864\/#primaryimage"},"image":{"@id":"https:\/\/www.editorialjuventud.es\/el-viatge-del-calligraf-9788426145864\/#primaryimage"},"thumbnailUrl":"https:\/\/www.editorialjuventud.es\/wp-content\/uploads\/9788426145864.jpg","datePublished":"2019-02-27T12:36:40+00:00","dateModified":"2025-01-22T11:54:31+00:00","description":"El cal\u00b7l\u00edgraf sospitava que m\u00e9s enll\u00e0 de la vall, a l'altra banda de les muntanyes hi devia haver altres valls i altres muntanyes, i somiava que duia als uns les hist\u00f2ries dels altres. Aix\u00ed que un mat\u00ed, en lloc de seure al seu escriptori, va preparar un farcell amb quatre coses i es va endinsar en l'espessor del bosc.","breadcrumb":{"@id":"https:\/\/www.editorialjuventud.es\/el-viatge-del-calligraf-9788426145864\/#breadcrumb"},"inLanguage":"ca","potentialAction":[{"@type":"ReadAction","target":["https:\/\/www.editorialjuventud.es\/el-viatge-del-calligraf-9788426145864\/"]}]},{"@type":"ImageObject","inLanguage":"ca","@id":"https:\/\/www.editorialjuventud.es\/el-viatge-del-calligraf-9788426145864\/#primaryimage","url":"https:\/\/www.editorialjuventud.es\/wp-content\/uploads\/9788426145864.jpg","contentUrl":"https:\/\/www.editorialjuventud.es\/wp-content\/uploads\/9788426145864.jpg","width":1200,"height":1010,"caption":"9788426145864.jpg"},{"@type":"BreadcrumbList","@id":"https:\/\/www.editorialjuventud.es\/el-viatge-del-calligraf-9788426145864\/#breadcrumb","itemListElement":[{"@type":"ListItem","position":1,"name":"Portada","item":"https:\/\/www.editorialjuventud.es\/"},{"@type":"ListItem","position":2,"name":"cat\u00e1logo","item":"https:\/\/www.editorialjuventud.es\/coleccion\/catalogo\/"},{"@type":"ListItem","position":3,"name":"catal\u00e0","item":"https:\/\/www.editorialjuventud.es\/coleccion\/catala\/"},{"@type":"ListItem","position":4,"name":"\u00c0lbums Il\u00b7lustrats","item":"https:\/\/www.editorialjuventud.es\/coleccion\/albums-il%c2%b7lustrats\/"},{"@type":"ListItem","position":5,"name":"Conviv\u00e8ncia i Multiculturalitat","item":"https:\/\/www.editorialjuventud.es\/coleccion\/convivencia-i-multiculturalitat\/"},{"@type":"ListItem","position":6,"name":"El viatge del cal\u00b7l\u00edgraf"}]},{"@type":"WebSite","@id":"https:\/\/www.editorialjuventud.es\/#website","url":"https:\/\/www.editorialjuventud.es\/","name":"Editorial Juventud","description":"","potentialAction":[{"@type":"SearchAction","target":{"@type":"EntryPoint","urlTemplate":"https:\/\/www.editorialjuventud.es\/?s={search_term_string}"},"query-input":{"@type":"PropertyValueSpecification","valueRequired":true,"valueName":"search_term_string"}}],"inLanguage":"ca"}]}},"_links":{"self":[{"href":"https:\/\/www.editorialjuventud.es\/ca\/wp-json\/wp\/v2\/product\/21576","targetHints":{"allow":["GET"]}}],"collection":[{"href":"https:\/\/www.editorialjuventud.es\/ca\/wp-json\/wp\/v2\/product"}],"about":[{"href":"https:\/\/www.editorialjuventud.es\/ca\/wp-json\/wp\/v2\/types\/product"}],"wp:featuredmedia":[{"embeddable":true,"href":"https:\/\/www.editorialjuventud.es\/ca\/wp-json\/wp\/v2\/media\/21577"}],"wp:attachment":[{"href":"https:\/\/www.editorialjuventud.es\/ca\/wp-json\/wp\/v2\/media?parent=21576"}],"wp:term":[{"taxonomy":"product_brand","embeddable":true,"href":"https:\/\/www.editorialjuventud.es\/ca\/wp-json\/wp\/v2\/product_brand?post=21576"},{"taxonomy":"product_cat","embeddable":true,"href":"https:\/\/www.editorialjuventud.es\/ca\/wp-json\/wp\/v2\/product_cat?post=21576"},{"taxonomy":"product_tag","embeddable":true,"href":"https:\/\/www.editorialjuventud.es\/ca\/wp-json\/wp\/v2\/product_tag?post=21576"},{"taxonomy":"coleccion","embeddable":true,"href":"https:\/\/www.editorialjuventud.es\/ca\/wp-json\/wp\/v2\/coleccion?post=21576"}],"curies":[{"name":"wp","href":"https:\/\/api.w.org\/{rel}","templated":true}]}}