{"id":21573,"date":"2019-02-27T13:35:43","date_gmt":"2019-02-27T12:35:43","guid":{"rendered":"https:\/\/www.editorialjuventud.es\/el-viaje-del-caligrafo-9788426145857\/"},"modified":"2025-04-30T11:42:25","modified_gmt":"2025-04-30T09:42:25","slug":"el-viaje-del-caligrafo-9788426145857","status":"publish","type":"product","link":"https:\/\/www.editorialjuventud.es\/ca\/el-viaje-del-caligrafo-9788426145857\/","title":{"rendered":"El viaje del cal\u00edgrafo"},"content":{"rendered":"<p>El cal\u00edgrafo intu\u00eda que m\u00e1s all\u00e1 del valle y de las monta\u00f1as hab\u00eda otros valles y otras monta\u00f1as, y so\u00f1aba con contar a unos las historias de otros. As\u00ed que un d\u00eda, en lugar de sentarse a su escritorio, envolvi\u00f3 cuatro cosas y se adentr\u00f3 en el espeso bosque. Fue as\u00ed como el cal\u00edgrafo empez\u00f3 a trazar caminos y las gentes descubrieron que no estaban solas.<\/p>\n<p>Este \u00e1lbum quiere transmitir los valores que aportan los viajes: la transformaci\u00f3n de uno mismo, la capacidad de saber acoger al otro, el deseo de aventura y de descubrimiento&#8230; No tan solo los viajes que se realizan a trav\u00e9s del mundo, sino aquellos a donde nos llevan las palabras, las im\u00e1genes y la imaginaci\u00f3n. Para ayudarnos a trasladarnos a este mundo creativo, la autora ha querido colaborar con el ilustrador y dise\u00f1ador colombiano Samuel Casta\u00f1o, quien tiene el don de saber plasmar la magia que todo lo que nos rodea de una manera sencilla pero fascinante: mediante la t\u00e9cnica le collage, incorpora peri\u00f3dicos viejos, telas y otros elementos de la naturaleza (hojas, ramas&#8230;), que dan vida, cuerpo y color a sus ilustraciones.<\/p>\n","protected":false},"excerpt":{"rendered":"El cal\u00edgrafo intu\u00eda que m\u00e1s all\u00e1 del valle y de las monta\u00f1as hab\u00eda otros valles y otras monta\u00f1as, y so\u00f1aba con contar a unos las historias de otros. As\u00ed que un d\u00eda, en lugar de sentarse a su escritorio, envolvi\u00f3 [&hellip;]","protected":false},"featured_media":21574,"template":"","meta":{"_acf_changed":false,"_exactmetrics_skip_tracking":false,"_exactmetrics_sitenote_active":false,"_exactmetrics_sitenote_note":"","_exactmetrics_sitenote_category":0},"product_brand":[],"product_cat":[902,1121,1220,1172,1229],"product_tag":[],"coleccion":[988],"class_list":{"0":"post-21573","1":"product","2":"type-product","3":"status-publish","4":"has-post-thumbnail","6":"product_cat-a-partir-de-7-anos","7":"product_cat-albumes-ilustrados","8":"product_cat-convivencia-relaciones-interculturales","9":"product_cat-emociones","10":"product_cat-vacaciones-viajes","11":"coleccion-convivencia-y-multiculturalidad","13":"first","14":"instock","15":"taxable","16":"shipping-taxable","17":"purchasable","18":"product-type-simple"},"acf":{"indice":"","autor":"Squilloni, Arianna","codart":"4585","ediciones":"2","encuadernacion":"Carton\u00e9","fecha_de_publicacion":"01\/03\/2019","novedad":"0","paginas":"40","subtitulo":"","texto_web_adicional":"","autores-libros":[18185],"ilustradores-libros":[21552],"texto_web_novedad":"","orden":"999","portada":"0","texto_web_resaltado":"","traductores-libros":"","descripcion_corta":"","recomendamos":"","mas_vendido":"","idioma-libro":"","color":false,"formato":"","mas_informacion_del_producto":false,"premios":[{"premio":"Premi Livre Vivent","anyo_del_premio":"2020","pais_del_premio":"Francia"}],"texto_enlace_cubierta":"","enlace_cubierta":{"ID":21837,"id":21837,"title":"cover definitiva EL CALIGRAFO.indd","filename":"cover_EL_VIAJE_DEL_CALIGRAFO.jpg","filesize":526743,"url":"https:\/\/www.editorialjuventud.es\/wp-content\/uploads\/cover_EL_VIAJE_DEL_CALIGRAFO.jpg","link":"https:\/\/www.editorialjuventud.es\/ca\/?attachment_id=21837","alt":"","author":"47","description":"","caption":"","name":"cover-definitiva-el-caligrafo-indd-2","status":"inherit","uploaded_to":21573,"date":"2019-03-06 10:07:49","modified":"2019-03-06 10:07:49","menu_order":0,"mime_type":"image\/jpeg","type":"image","subtype":"jpeg","icon":"https:\/\/www.editorialjuventud.es\/wp-includes\/images\/media\/default.png","width":2899,"height":2385,"sizes":{"thumbnail":"https:\/\/www.editorialjuventud.es\/wp-content\/uploads\/cover_EL_VIAJE_DEL_CALIGRAFO-200x200.jpg","thumbnail-width":200,"thumbnail-height":200,"medium":"https:\/\/www.editorialjuventud.es\/wp-content\/uploads\/cover_EL_VIAJE_DEL_CALIGRAFO.jpg","medium-width":2899,"medium-height":2385,"medium_large":"https:\/\/www.editorialjuventud.es\/wp-content\/uploads\/cover_EL_VIAJE_DEL_CALIGRAFO-768x632.jpg","medium_large-width":768,"medium_large-height":632,"large":"https:\/\/www.editorialjuventud.es\/wp-content\/uploads\/cover_EL_VIAJE_DEL_CALIGRAFO.jpg","large-width":2899,"large-height":2385,"1536x1536":"https:\/\/www.editorialjuventud.es\/wp-content\/uploads\/cover_EL_VIAJE_DEL_CALIGRAFO.jpg","1536x1536-width":1536,"1536x1536-height":1264,"2048x2048":"https:\/\/www.editorialjuventud.es\/wp-content\/uploads\/cover_EL_VIAJE_DEL_CALIGRAFO.jpg","2048x2048-width":2048,"2048x2048-height":1685,"woocommerce_thumbnail":"https:\/\/www.editorialjuventud.es\/wp-content\/uploads\/cover_EL_VIAJE_DEL_CALIGRAFO-350x288.jpg","woocommerce_thumbnail-width":350,"woocommerce_thumbnail-height":288,"woocommerce_single":"https:\/\/www.editorialjuventud.es\/wp-content\/uploads\/cover_EL_VIAJE_DEL_CALIGRAFO-900x740.jpg","woocommerce_single-width":900,"woocommerce_single-height":740,"woocommerce_gallery_thumbnail":"https:\/\/www.editorialjuventud.es\/wp-content\/uploads\/cover_EL_VIAJE_DEL_CALIGRAFO-100x100.jpg","woocommerce_gallery_thumbnail-width":100,"woocommerce_gallery_thumbnail-height":100,"ppec_logo_image_size":"https:\/\/www.editorialjuventud.es\/wp-content\/uploads\/cover_EL_VIAJE_DEL_CALIGRAFO.jpg","ppec_logo_image_size-width":73,"ppec_logo_image_size-height":60,"ppec_header_image_size":"https:\/\/www.editorialjuventud.es\/wp-content\/uploads\/cover_EL_VIAJE_DEL_CALIGRAFO.jpg","ppec_header_image_size-width":109,"ppec_header_image_size-height":90}},"texto_enlace_ficha_tecnica":"","enlace_ficha_tecnica":{"ID":21835,"id":21835,"title":"El viaje del cali\u0301grafo_Ficha","filename":"El-viaje-del-cali\u0301grafo_Ficha.pdf","filesize":1801862,"url":"https:\/\/www.editorialjuventud.es\/wp-content\/uploads\/El-viaje-del-cali\u0301grafo_Ficha.pdf","link":"https:\/\/www.editorialjuventud.es\/ca\/?attachment_id=21835","alt":"","author":"47","description":"","caption":"","name":"el-viaje-del-caligrafo_ficha","status":"inherit","uploaded_to":21573,"date":"2019-03-06 10:07:13","modified":"2019-03-06 10:07:13","menu_order":0,"mime_type":"application\/pdf","type":"application","subtype":"pdf","icon":"https:\/\/www.editorialjuventud.es\/wp-includes\/images\/media\/document.png"},"ficheros":false,"titulo-fr":"The calligrapher\u2019s journey ","texto-fr":"<h1><img loading=\"lazy\" decoding=\"async\" class=\"aligncenter wp-image-24683 size-full\" src=\"http:\/\/www.editorialjuventud.es\/wp-content\/uploads\/7-1.png\" alt=\"\" width=\"43\" height=\"43\" \/><\/h1>\n<p>&nbsp;<\/p>\n<p>A poetic text about journeys, displacements, migrations\u2026 A tale with an Asian touch about how the maps of the world have been drawn. A story that conveys the values we can acquire trough a journey:\u00a0 self-transformation, the ability to embrace others, the desire of adventure and discovery. No just the journeys across the world, also the ones where words and imagination take us.<\/p>\n<p><span style=\"color: #008080;\"><em>\u203a Rights sold: Brazil<\/em><\/span><\/p>\n<hr \/>\n<h6><\/h6>\n<p><img loading=\"lazy\" decoding=\"async\" class=\"aligncenter wp-image-24685\" src=\"http:\/\/www.editorialjuventud.es\/wp-content\/uploads\/Captura-de-pantalla-2019-04-25-a-las-12.18.17-200x200.png\" alt=\"\" width=\"175\" height=\"131\" srcset=\"https:\/\/www.editorialjuventud.es\/wp-content\/uploads\/Captura-de-pantalla-2019-04-25-a-las-12.18.17-350x262.png 350w, https:\/\/www.editorialjuventud.es\/wp-content\/uploads\/Captura-de-pantalla-2019-04-25-a-las-12.18.17.png 566w\" sizes=\"auto, (max-width: 175px) 100vw, 175px\" \/><\/p>\n<h4><strong>Arianna Squilloni<\/strong><\/h4>\n<p class=\"p1\">was born in Milan, where she studied classical languages. Now she lives in Barcelona, where she has learned other languages such as Spanish, Catalan and Chinese. She says that thinking in different languages offers you a new way to look at the world. Probably the idea of the calligrapher is born of her passion for languages, writing and travel. Although, she publishes picture books, teaches editing and writing courses and writes articles for children\u2019s and youth literature magazines.<\/p>\n<hr \/>\n<h5>\u203a\u00a0<a href=\"http:\/\/www.editorialjuventud.es\/wp-content\/uploads\/the_calligraphers_journey.pdf\"><strong>Fact Sheet<\/strong><\/a><\/h5>\n<p>&nbsp;<\/p>\n","fecha_de_reimpresion":"01\/09\/2021","deshabilitar_compra":[]},"yoast_head":"<!-- This site is optimized with the Yoast SEO plugin v27.3 - https:\/\/yoast.com\/product\/yoast-seo-wordpress\/ -->\n<title>El viaje del cal\u00edgrafo - Editorial Juventud - \u00c1lbum Ilustrado<\/title>\n<meta name=\"description\" content=\"El cal\u00edgrafo intu\u00eda que m\u00e1s all\u00e1 del valle y de las monta\u00f1as hab\u00eda otros valles y otras monta\u00f1as, y so\u00f1aba con contar a unos las historias de los otros. As\u00ed que un d\u00eda, en lugar de sentarse a su escritorio, envolvi\u00f3 cuatro cosas y se adentr\u00f3 en el espeso bosque. Fue as\u00ed como el cal\u00edgrafo empez\u00f3 a trazar caminos.\" \/>\n<meta name=\"robots\" content=\"index, follow, max-snippet:-1, max-image-preview:large, max-video-preview:-1\" \/>\n<link rel=\"canonical\" href=\"https:\/\/www.editorialjuventud.es\/el-viaje-del-caligrafo-9788426145857\/\" \/>\n<meta property=\"og:locale\" content=\"ca_ES\" \/>\n<meta property=\"og:type\" content=\"article\" \/>\n<meta property=\"og:title\" content=\"El viaje del cal\u00edgrafo - Editorial Juventud - \u00c1lbum Ilustrado\" \/>\n<meta property=\"og:description\" content=\"El cal\u00edgrafo intu\u00eda que m\u00e1s all\u00e1 del valle y de las monta\u00f1as hab\u00eda otros valles y otras monta\u00f1as, y so\u00f1aba con contar a unos las historias de los otros. As\u00ed que un d\u00eda, en lugar de sentarse a su escritorio, envolvi\u00f3 cuatro cosas y se adentr\u00f3 en el espeso bosque. Fue as\u00ed como el cal\u00edgrafo empez\u00f3 a trazar caminos.\" \/>\n<meta property=\"og:url\" content=\"https:\/\/www.editorialjuventud.es\/el-viaje-del-caligrafo-9788426145857\/\" \/>\n<meta property=\"og:site_name\" content=\"Editorial Juventud\" \/>\n<meta property=\"article:modified_time\" content=\"2025-04-30T09:42:25+00:00\" \/>\n<meta property=\"og:image\" content=\"https:\/\/www.editorialjuventud.es\/wp-content\/uploads\/9788426145857.jpg\" \/>\n\t<meta property=\"og:image:width\" content=\"2899\" \/>\n\t<meta property=\"og:image:height\" content=\"2385\" \/>\n\t<meta property=\"og:image:type\" content=\"image\/jpeg\" \/>\n<meta name=\"twitter:card\" content=\"summary_large_image\" \/>\n<meta name=\"twitter:label1\" content=\"Temps estimat de lectura\" \/>\n\t<meta name=\"twitter:data1\" content=\"2 minuts\" \/>\n<script type=\"application\/ld+json\" class=\"yoast-schema-graph\">{\"@context\":\"https:\\\/\\\/schema.org\",\"@graph\":[{\"@type\":\"WebPage\",\"@id\":\"https:\\\/\\\/www.editorialjuventud.es\\\/el-viaje-del-caligrafo-9788426145857\\\/\",\"url\":\"https:\\\/\\\/www.editorialjuventud.es\\\/el-viaje-del-caligrafo-9788426145857\\\/\",\"name\":\"El viaje del cal\u00edgrafo - Editorial Juventud - \u00c1lbum Ilustrado\",\"isPartOf\":{\"@id\":\"https:\\\/\\\/www.editorialjuventud.es\\\/#website\"},\"primaryImageOfPage\":{\"@id\":\"https:\\\/\\\/www.editorialjuventud.es\\\/el-viaje-del-caligrafo-9788426145857\\\/#primaryimage\"},\"image\":{\"@id\":\"https:\\\/\\\/www.editorialjuventud.es\\\/el-viaje-del-caligrafo-9788426145857\\\/#primaryimage\"},\"thumbnailUrl\":\"https:\\\/\\\/www.editorialjuventud.es\\\/wp-content\\\/uploads\\\/9788426145857.jpg\",\"datePublished\":\"2019-02-27T12:35:43+00:00\",\"dateModified\":\"2025-04-30T09:42:25+00:00\",\"description\":\"El cal\u00edgrafo intu\u00eda que m\u00e1s all\u00e1 del valle y de las monta\u00f1as hab\u00eda otros valles y otras monta\u00f1as, y so\u00f1aba con contar a unos las historias de los otros. As\u00ed que un d\u00eda, en lugar de sentarse a su escritorio, envolvi\u00f3 cuatro cosas y se adentr\u00f3 en el espeso bosque. Fue as\u00ed como el cal\u00edgrafo empez\u00f3 a trazar caminos.\",\"breadcrumb\":{\"@id\":\"https:\\\/\\\/www.editorialjuventud.es\\\/el-viaje-del-caligrafo-9788426145857\\\/#breadcrumb\"},\"inLanguage\":\"ca\",\"potentialAction\":[{\"@type\":\"ReadAction\",\"target\":[\"https:\\\/\\\/www.editorialjuventud.es\\\/el-viaje-del-caligrafo-9788426145857\\\/\"]}]},{\"@type\":\"ImageObject\",\"inLanguage\":\"ca\",\"@id\":\"https:\\\/\\\/www.editorialjuventud.es\\\/el-viaje-del-caligrafo-9788426145857\\\/#primaryimage\",\"url\":\"https:\\\/\\\/www.editorialjuventud.es\\\/wp-content\\\/uploads\\\/9788426145857.jpg\",\"contentUrl\":\"https:\\\/\\\/www.editorialjuventud.es\\\/wp-content\\\/uploads\\\/9788426145857.jpg\",\"width\":2899,\"height\":2385,\"caption\":\"9788426145857.jpg\"},{\"@type\":\"BreadcrumbList\",\"@id\":\"https:\\\/\\\/www.editorialjuventud.es\\\/el-viaje-del-caligrafo-9788426145857\\\/#breadcrumb\",\"itemListElement\":[{\"@type\":\"ListItem\",\"position\":1,\"name\":\"Portada\",\"item\":\"https:\\\/\\\/www.editorialjuventud.es\\\/\"},{\"@type\":\"ListItem\",\"position\":2,\"name\":\"cat\u00e1logo\",\"item\":\"https:\\\/\\\/www.editorialjuventud.es\\\/coleccion\\\/catalogo\\\/\"},{\"@type\":\"ListItem\",\"position\":3,\"name\":\"castellano\",\"item\":\"https:\\\/\\\/www.editorialjuventud.es\\\/coleccion\\\/castellano\\\/\"},{\"@type\":\"ListItem\",\"position\":4,\"name\":\"\u00c1lbumes Ilustrados\",\"item\":\"https:\\\/\\\/www.editorialjuventud.es\\\/coleccion\\\/albumes-ilustrados\\\/\"},{\"@type\":\"ListItem\",\"position\":5,\"name\":\"Convivencia y Multiculturalidad\",\"item\":\"https:\\\/\\\/www.editorialjuventud.es\\\/coleccion\\\/convivencia-y-multiculturalidad\\\/\"},{\"@type\":\"ListItem\",\"position\":6,\"name\":\"El viaje del cal\u00edgrafo\"}]},{\"@type\":\"WebSite\",\"@id\":\"https:\\\/\\\/www.editorialjuventud.es\\\/#website\",\"url\":\"https:\\\/\\\/www.editorialjuventud.es\\\/\",\"name\":\"Editorial Juventud\",\"description\":\"\",\"potentialAction\":[{\"@type\":\"SearchAction\",\"target\":{\"@type\":\"EntryPoint\",\"urlTemplate\":\"https:\\\/\\\/www.editorialjuventud.es\\\/?s={search_term_string}\"},\"query-input\":{\"@type\":\"PropertyValueSpecification\",\"valueRequired\":true,\"valueName\":\"search_term_string\"}}],\"inLanguage\":\"ca\"}]}<\/script>\n<!-- \/ Yoast SEO plugin. -->","yoast_head_json":{"title":"El viaje del cal\u00edgrafo - Editorial Juventud - \u00c1lbum Ilustrado","description":"El cal\u00edgrafo intu\u00eda que m\u00e1s all\u00e1 del valle y de las monta\u00f1as hab\u00eda otros valles y otras monta\u00f1as, y so\u00f1aba con contar a unos las historias de los otros. As\u00ed que un d\u00eda, en lugar de sentarse a su escritorio, envolvi\u00f3 cuatro cosas y se adentr\u00f3 en el espeso bosque. Fue as\u00ed como el cal\u00edgrafo empez\u00f3 a trazar caminos.","robots":{"index":"index","follow":"follow","max-snippet":"max-snippet:-1","max-image-preview":"max-image-preview:large","max-video-preview":"max-video-preview:-1"},"canonical":"https:\/\/www.editorialjuventud.es\/el-viaje-del-caligrafo-9788426145857\/","og_locale":"ca_ES","og_type":"article","og_title":"El viaje del cal\u00edgrafo - Editorial Juventud - \u00c1lbum Ilustrado","og_description":"El cal\u00edgrafo intu\u00eda que m\u00e1s all\u00e1 del valle y de las monta\u00f1as hab\u00eda otros valles y otras monta\u00f1as, y so\u00f1aba con contar a unos las historias de los otros. As\u00ed que un d\u00eda, en lugar de sentarse a su escritorio, envolvi\u00f3 cuatro cosas y se adentr\u00f3 en el espeso bosque. Fue as\u00ed como el cal\u00edgrafo empez\u00f3 a trazar caminos.","og_url":"https:\/\/www.editorialjuventud.es\/el-viaje-del-caligrafo-9788426145857\/","og_site_name":"Editorial Juventud","article_modified_time":"2025-04-30T09:42:25+00:00","og_image":[{"width":2899,"height":2385,"url":"https:\/\/www.editorialjuventud.es\/wp-content\/uploads\/9788426145857.jpg","type":"image\/jpeg"}],"twitter_card":"summary_large_image","twitter_misc":{"Temps estimat de lectura":"2 minuts"},"schema":{"@context":"https:\/\/schema.org","@graph":[{"@type":"WebPage","@id":"https:\/\/www.editorialjuventud.es\/el-viaje-del-caligrafo-9788426145857\/","url":"https:\/\/www.editorialjuventud.es\/el-viaje-del-caligrafo-9788426145857\/","name":"El viaje del cal\u00edgrafo - Editorial Juventud - \u00c1lbum Ilustrado","isPartOf":{"@id":"https:\/\/www.editorialjuventud.es\/#website"},"primaryImageOfPage":{"@id":"https:\/\/www.editorialjuventud.es\/el-viaje-del-caligrafo-9788426145857\/#primaryimage"},"image":{"@id":"https:\/\/www.editorialjuventud.es\/el-viaje-del-caligrafo-9788426145857\/#primaryimage"},"thumbnailUrl":"https:\/\/www.editorialjuventud.es\/wp-content\/uploads\/9788426145857.jpg","datePublished":"2019-02-27T12:35:43+00:00","dateModified":"2025-04-30T09:42:25+00:00","description":"El cal\u00edgrafo intu\u00eda que m\u00e1s all\u00e1 del valle y de las monta\u00f1as hab\u00eda otros valles y otras monta\u00f1as, y so\u00f1aba con contar a unos las historias de los otros. As\u00ed que un d\u00eda, en lugar de sentarse a su escritorio, envolvi\u00f3 cuatro cosas y se adentr\u00f3 en el espeso bosque. Fue as\u00ed como el cal\u00edgrafo empez\u00f3 a trazar caminos.","breadcrumb":{"@id":"https:\/\/www.editorialjuventud.es\/el-viaje-del-caligrafo-9788426145857\/#breadcrumb"},"inLanguage":"ca","potentialAction":[{"@type":"ReadAction","target":["https:\/\/www.editorialjuventud.es\/el-viaje-del-caligrafo-9788426145857\/"]}]},{"@type":"ImageObject","inLanguage":"ca","@id":"https:\/\/www.editorialjuventud.es\/el-viaje-del-caligrafo-9788426145857\/#primaryimage","url":"https:\/\/www.editorialjuventud.es\/wp-content\/uploads\/9788426145857.jpg","contentUrl":"https:\/\/www.editorialjuventud.es\/wp-content\/uploads\/9788426145857.jpg","width":2899,"height":2385,"caption":"9788426145857.jpg"},{"@type":"BreadcrumbList","@id":"https:\/\/www.editorialjuventud.es\/el-viaje-del-caligrafo-9788426145857\/#breadcrumb","itemListElement":[{"@type":"ListItem","position":1,"name":"Portada","item":"https:\/\/www.editorialjuventud.es\/"},{"@type":"ListItem","position":2,"name":"cat\u00e1logo","item":"https:\/\/www.editorialjuventud.es\/coleccion\/catalogo\/"},{"@type":"ListItem","position":3,"name":"castellano","item":"https:\/\/www.editorialjuventud.es\/coleccion\/castellano\/"},{"@type":"ListItem","position":4,"name":"\u00c1lbumes Ilustrados","item":"https:\/\/www.editorialjuventud.es\/coleccion\/albumes-ilustrados\/"},{"@type":"ListItem","position":5,"name":"Convivencia y Multiculturalidad","item":"https:\/\/www.editorialjuventud.es\/coleccion\/convivencia-y-multiculturalidad\/"},{"@type":"ListItem","position":6,"name":"El viaje del cal\u00edgrafo"}]},{"@type":"WebSite","@id":"https:\/\/www.editorialjuventud.es\/#website","url":"https:\/\/www.editorialjuventud.es\/","name":"Editorial Juventud","description":"","potentialAction":[{"@type":"SearchAction","target":{"@type":"EntryPoint","urlTemplate":"https:\/\/www.editorialjuventud.es\/?s={search_term_string}"},"query-input":{"@type":"PropertyValueSpecification","valueRequired":true,"valueName":"search_term_string"}}],"inLanguage":"ca"}]}},"_links":{"self":[{"href":"https:\/\/www.editorialjuventud.es\/ca\/wp-json\/wp\/v2\/product\/21573","targetHints":{"allow":["GET"]}}],"collection":[{"href":"https:\/\/www.editorialjuventud.es\/ca\/wp-json\/wp\/v2\/product"}],"about":[{"href":"https:\/\/www.editorialjuventud.es\/ca\/wp-json\/wp\/v2\/types\/product"}],"wp:featuredmedia":[{"embeddable":true,"href":"https:\/\/www.editorialjuventud.es\/ca\/wp-json\/wp\/v2\/media\/21574"}],"wp:attachment":[{"href":"https:\/\/www.editorialjuventud.es\/ca\/wp-json\/wp\/v2\/media?parent=21573"}],"wp:term":[{"taxonomy":"product_brand","embeddable":true,"href":"https:\/\/www.editorialjuventud.es\/ca\/wp-json\/wp\/v2\/product_brand?post=21573"},{"taxonomy":"product_cat","embeddable":true,"href":"https:\/\/www.editorialjuventud.es\/ca\/wp-json\/wp\/v2\/product_cat?post=21573"},{"taxonomy":"product_tag","embeddable":true,"href":"https:\/\/www.editorialjuventud.es\/ca\/wp-json\/wp\/v2\/product_tag?post=21573"},{"taxonomy":"coleccion","embeddable":true,"href":"https:\/\/www.editorialjuventud.es\/ca\/wp-json\/wp\/v2\/coleccion?post=21573"}],"curies":[{"name":"wp","href":"https:\/\/api.w.org\/{rel}","templated":true}]}}