{"id":21567,"date":"2019-02-27T13:33:16","date_gmt":"2019-02-27T12:33:16","guid":{"rendered":"https:\/\/www.editorialjuventud.es\/la-ballena-se-bana-9788426145772\/"},"modified":"2025-01-22T12:54:54","modified_gmt":"2025-01-22T11:54:54","slug":"la-ballena-se-bana-9788426145772","status":"publish","type":"product","link":"https:\/\/www.editorialjuventud.es\/ca\/la-ballena-se-bana-9788426145772\/","title":{"rendered":"La ballena se ba\u00f1a"},"content":{"rendered":"<p>La ballena se est\u00e1 ba\u00f1ando. \u00a1Fant\u00e1stico!<br \/>En la puerta del ba\u00f1o aparece la tortuga. <br \/>&#8216;\u00bfPuedo meterme en la ba\u00f1era?&#8217;.<br \/>\u00a1CHIP, CHAP! Ya est\u00e1 en el agua&#8230;<br \/>\u00bfQui\u00e9n m\u00e1s vendr\u00e1?<br \/>Una divertida historia de ba\u00f1o para los m\u00e1s peque\u00f1os.<\/p>\n<p>Susanne Stra\u00dfer nos ofrece una nueva entrega de la colecci\u00f3n &#8216;Mejor con Amigos&#8217;, siguiendo el patr\u00f3n de cuento acumulativo que gusta tanto a los ni\u00f1os de estas edades, con un trazo en l\u00ednea clara (monotipo) y colores vivos. En este caso, se ubica en el cuarto de ba\u00f1o, donde la ballena est\u00e1 feliz en la ba\u00f1era hasta que es interrumpida una y otra vez por otros animales que tambi\u00e9n quieren ba\u00f1arse. Llega la tortuga, el castor, el flamenco, el oso polar\u2026 y la expresi\u00f3n facial de la ballena va cambiando a cada p\u00e1gina, provocando en el lector cada vez m\u00e1s suspense por lo que va a ocurrir al final&#8230; Un cuento tan divertido como los anteriores. Sus onomatopeyas y su texto r\u00edtmico lo hacen a\u00fan m\u00e1s divertido al leerlo en voz alta. <\/p>\n","protected":false},"excerpt":{"rendered":"La ballena se est\u00e1 ba\u00f1ando. \u00a1Fant\u00e1stico!En la puerta del ba\u00f1o aparece la tortuga. &#8216;\u00bfPuedo meterme en la ba\u00f1era?&#8217;.\u00a1CHIP, CHAP! Ya est\u00e1 en el agua&#8230;\u00bfQui\u00e9n m\u00e1s vendr\u00e1?Una divertida historia de ba\u00f1o para los m\u00e1s peque\u00f1os. Susanne Stra\u00dfer nos ofrece una nueva [&hellip;]","protected":false},"featured_media":21568,"template":"","meta":{"_acf_changed":false,"_exactmetrics_skip_tracking":false,"_exactmetrics_sitenote_active":false,"_exactmetrics_sitenote_note":"","_exactmetrics_sitenote_category":0},"product_brand":[],"product_cat":[898,1136,907,1181,1184,1122],"product_tag":[],"coleccion":[916,1322,1296],"class_list":{"0":"post-21567","1":"product","2":"type-product","3":"status-publish","4":"has-post-thumbnail","6":"product_cat-a-partir-de-2-anos","7":"product_cat-amistad","8":"product_cat-de-0-a-2-anos","9":"product_cat-habitos","10":"product_cat-humor","11":"product_cat-libros-de-carton","12":"coleccion-castellano","13":"coleccion-mejor-con-amigos","14":"coleccion-mis-primeros-libros","16":"first","17":"instock","18":"taxable","19":"shipping-taxable","20":"purchasable","21":"product-type-simple"},"acf":{"indice":"","autor":"Stra\u00dfer, Susanne","codart":"4577","ediciones":"1","encuadernacion":"Cart\u00f3n","fecha_de_publicacion":"01\/03\/2019","novedad":"0","paginas":"22","subtitulo":"","texto_web_adicional":"","autores-libros":[16631],"ilustradores-libros":[16631],"texto_web_novedad":"","orden":"999","portada":"0","texto_web_resaltado":"","traductores-libros":[18265],"descripcion_corta":"","recomendamos":"","mas_vendido":"","idioma-libro":"","color":false,"formato":"","mas_informacion_del_producto":false,"premios":false,"texto_enlace_cubierta":"","enlace_cubierta":{"ID":21843,"id":21843,"title":"portada","filename":"portada-4.png","filesize":530953,"url":"https:\/\/www.editorialjuventud.es\/wp-content\/uploads\/portada-4.png","link":"https:\/\/www.editorialjuventud.es\/ca\/?attachment_id=21843","alt":"","author":"47","description":"","caption":"","name":"portada-5","status":"inherit","uploaded_to":21567,"date":"2019-03-06 10:24:58","modified":"2019-03-06 10:24:58","menu_order":0,"mime_type":"image\/png","type":"image","subtype":"png","icon":"https:\/\/www.editorialjuventud.es\/wp-includes\/images\/media\/default.png","width":1174,"height":1234,"sizes":{"thumbnail":"https:\/\/www.editorialjuventud.es\/wp-content\/uploads\/portada-4-200x200.png","thumbnail-width":200,"thumbnail-height":200,"medium":"https:\/\/www.editorialjuventud.es\/wp-content\/uploads\/portada-4.png","medium-width":1174,"medium-height":1234,"medium_large":"https:\/\/www.editorialjuventud.es\/wp-content\/uploads\/portada-4-768x807.png","medium_large-width":768,"medium_large-height":807,"large":"https:\/\/www.editorialjuventud.es\/wp-content\/uploads\/portada-4.png","large-width":1174,"large-height":1234,"1536x1536":"https:\/\/www.editorialjuventud.es\/wp-content\/uploads\/portada-4.png","1536x1536-width":1174,"1536x1536-height":1234,"2048x2048":"https:\/\/www.editorialjuventud.es\/wp-content\/uploads\/portada-4.png","2048x2048-width":1174,"2048x2048-height":1234,"woocommerce_thumbnail":"https:\/\/www.editorialjuventud.es\/wp-content\/uploads\/portada-4-350x368.png","woocommerce_thumbnail-width":350,"woocommerce_thumbnail-height":368,"woocommerce_single":"https:\/\/www.editorialjuventud.es\/wp-content\/uploads\/portada-4-900x946.png","woocommerce_single-width":900,"woocommerce_single-height":946,"woocommerce_gallery_thumbnail":"https:\/\/www.editorialjuventud.es\/wp-content\/uploads\/portada-4-100x100.png","woocommerce_gallery_thumbnail-width":100,"woocommerce_gallery_thumbnail-height":100,"ppec_logo_image_size":"https:\/\/www.editorialjuventud.es\/wp-content\/uploads\/portada-4.png","ppec_logo_image_size-width":57,"ppec_logo_image_size-height":60,"ppec_header_image_size":"https:\/\/www.editorialjuventud.es\/wp-content\/uploads\/portada-4.png","ppec_header_image_size-width":86,"ppec_header_image_size-height":90}},"texto_enlace_ficha_tecnica":"","enlace_ficha_tecnica":{"ID":21764,"id":21764,"title":"La ballena se ba\u00f1a_Ficha","filename":"La-ballena-se-ba\u00f1a_Ficha.pdf","filesize":1973739,"url":"https:\/\/www.editorialjuventud.es\/wp-content\/uploads\/La-ballena-se-ba\u00f1a_Ficha.pdf","link":"https:\/\/www.editorialjuventud.es\/ca\/?attachment_id=21764","alt":"","author":"47","description":"","caption":"","name":"la-ballena-se-bana_ficha","status":"inherit","uploaded_to":21567,"date":"2019-03-04 12:30:18","modified":"2019-03-04 12:30:18","menu_order":0,"mime_type":"application\/pdf","type":"application","subtype":"pdf","icon":"https:\/\/www.editorialjuventud.es\/wp-includes\/images\/media\/document.png"},"ficheros":false,"titulo-fr":"","texto-fr":"","fecha_de_reimpresion":"","deshabilitar_compra":["deshabilitar"]},"yoast_head":"<!-- This site is optimized with the Yoast SEO plugin v27.5 - https:\/\/yoast.com\/product\/yoast-seo-wordpress\/ -->\n<title>La ballena se ba\u00f1a - Editorial Juventud - Mis primeros libros de cart\u00f3n<\/title>\n<meta name=\"description\" content=\"La ballena se est\u00e1 ba\u00f1ando. \u00a1Fant\u00e1stico! En la puerta del ba\u00f1o aparece la tortuga. &quot;\u00bfPuedo meterme en la ba\u00f1era?&quot;. \u00a1CHIP, CHAP! Ya est\u00e1 en el agua... \u00bfQui\u00e9n m\u00e1s vendr\u00e1? Una divertida historia de ba\u00f1o para los m\u00e1s peque\u00f1os.\" \/>\n<meta name=\"robots\" content=\"index, follow, max-snippet:-1, max-image-preview:large, max-video-preview:-1\" \/>\n<link rel=\"canonical\" href=\"https:\/\/www.editorialjuventud.es\/la-ballena-se-bana-9788426145772\/\" \/>\n<meta property=\"og:locale\" content=\"ca_ES\" \/>\n<meta property=\"og:type\" content=\"article\" \/>\n<meta property=\"og:title\" content=\"La ballena se ba\u00f1a - Editorial Juventud - Mis primeros libros de cart\u00f3n\" \/>\n<meta property=\"og:description\" content=\"La ballena se est\u00e1 ba\u00f1ando. \u00a1Fant\u00e1stico! En la puerta del ba\u00f1o aparece la tortuga. &quot;\u00bfPuedo meterme en la ba\u00f1era?&quot;. \u00a1CHIP, CHAP! Ya est\u00e1 en el agua... \u00bfQui\u00e9n m\u00e1s vendr\u00e1? Una divertida historia de ba\u00f1o para los m\u00e1s peque\u00f1os.\" \/>\n<meta property=\"og:url\" content=\"https:\/\/www.editorialjuventud.es\/la-ballena-se-bana-9788426145772\/\" \/>\n<meta property=\"og:site_name\" content=\"Editorial Juventud\" \/>\n<meta property=\"article:modified_time\" content=\"2025-01-22T11:54:54+00:00\" \/>\n<meta property=\"og:image\" content=\"https:\/\/www.editorialjuventud.es\/wp-content\/uploads\/9788426145772.png\" \/>\n\t<meta property=\"og:image:width\" content=\"856\" \/>\n\t<meta property=\"og:image:height\" content=\"900\" \/>\n\t<meta property=\"og:image:type\" content=\"image\/png\" \/>\n<meta name=\"twitter:card\" content=\"summary_large_image\" \/>\n<meta name=\"twitter:label1\" content=\"Temps estimat de lectura\" \/>\n\t<meta name=\"twitter:data1\" content=\"1 minut\" \/>\n<script type=\"application\/ld+json\" class=\"yoast-schema-graph\">{\"@context\":\"https:\\\/\\\/schema.org\",\"@graph\":[{\"@type\":\"WebPage\",\"@id\":\"https:\\\/\\\/www.editorialjuventud.es\\\/la-ballena-se-bana-9788426145772\\\/\",\"url\":\"https:\\\/\\\/www.editorialjuventud.es\\\/la-ballena-se-bana-9788426145772\\\/\",\"name\":\"La ballena se ba\u00f1a - Editorial Juventud - Mis primeros libros de cart\u00f3n\",\"isPartOf\":{\"@id\":\"https:\\\/\\\/www.editorialjuventud.es\\\/#website\"},\"primaryImageOfPage\":{\"@id\":\"https:\\\/\\\/www.editorialjuventud.es\\\/la-ballena-se-bana-9788426145772\\\/#primaryimage\"},\"image\":{\"@id\":\"https:\\\/\\\/www.editorialjuventud.es\\\/la-ballena-se-bana-9788426145772\\\/#primaryimage\"},\"thumbnailUrl\":\"https:\\\/\\\/www.editorialjuventud.es\\\/wp-content\\\/uploads\\\/9788426145772.png\",\"datePublished\":\"2019-02-27T12:33:16+00:00\",\"dateModified\":\"2025-01-22T11:54:54+00:00\",\"description\":\"La ballena se est\u00e1 ba\u00f1ando. \u00a1Fant\u00e1stico! En la puerta del ba\u00f1o aparece la tortuga. \\\"\u00bfPuedo meterme en la ba\u00f1era?\\\". \u00a1CHIP, CHAP! Ya est\u00e1 en el agua... \u00bfQui\u00e9n m\u00e1s vendr\u00e1? Una divertida historia de ba\u00f1o para los m\u00e1s peque\u00f1os.\",\"breadcrumb\":{\"@id\":\"https:\\\/\\\/www.editorialjuventud.es\\\/la-ballena-se-bana-9788426145772\\\/#breadcrumb\"},\"inLanguage\":\"ca\",\"potentialAction\":[{\"@type\":\"ReadAction\",\"target\":[\"https:\\\/\\\/www.editorialjuventud.es\\\/la-ballena-se-bana-9788426145772\\\/\"]}]},{\"@type\":\"ImageObject\",\"inLanguage\":\"ca\",\"@id\":\"https:\\\/\\\/www.editorialjuventud.es\\\/la-ballena-se-bana-9788426145772\\\/#primaryimage\",\"url\":\"https:\\\/\\\/www.editorialjuventud.es\\\/wp-content\\\/uploads\\\/9788426145772.png\",\"contentUrl\":\"https:\\\/\\\/www.editorialjuventud.es\\\/wp-content\\\/uploads\\\/9788426145772.png\",\"width\":856,\"height\":900,\"caption\":\"9788426145772.png\"},{\"@type\":\"BreadcrumbList\",\"@id\":\"https:\\\/\\\/www.editorialjuventud.es\\\/la-ballena-se-bana-9788426145772\\\/#breadcrumb\",\"itemListElement\":[{\"@type\":\"ListItem\",\"position\":1,\"name\":\"Portada\",\"item\":\"https:\\\/\\\/www.editorialjuventud.es\\\/\"},{\"@type\":\"ListItem\",\"position\":2,\"name\":\"cat\u00e1logo\",\"item\":\"https:\\\/\\\/www.editorialjuventud.es\\\/coleccion\\\/catalogo\\\/\"},{\"@type\":\"ListItem\",\"position\":3,\"name\":\"castellano\",\"item\":\"https:\\\/\\\/www.editorialjuventud.es\\\/coleccion\\\/castellano\\\/\"},{\"@type\":\"ListItem\",\"position\":4,\"name\":\"Mis Primeros Libros\",\"item\":\"https:\\\/\\\/www.editorialjuventud.es\\\/coleccion\\\/mis-primeros-libros\\\/\"},{\"@type\":\"ListItem\",\"position\":5,\"name\":\"Mejor con Amigos\",\"item\":\"https:\\\/\\\/www.editorialjuventud.es\\\/ca\\\/coleccion\\\/mejor-con-amigos\\\/\"},{\"@type\":\"ListItem\",\"position\":6,\"name\":\"La ballena se ba\u00f1a\"}]},{\"@type\":\"WebSite\",\"@id\":\"https:\\\/\\\/www.editorialjuventud.es\\\/#website\",\"url\":\"https:\\\/\\\/www.editorialjuventud.es\\\/\",\"name\":\"Editorial Juventud\",\"description\":\"\",\"potentialAction\":[{\"@type\":\"SearchAction\",\"target\":{\"@type\":\"EntryPoint\",\"urlTemplate\":\"https:\\\/\\\/www.editorialjuventud.es\\\/?s={search_term_string}\"},\"query-input\":{\"@type\":\"PropertyValueSpecification\",\"valueRequired\":true,\"valueName\":\"search_term_string\"}}],\"inLanguage\":\"ca\"}]}<\/script>\n<!-- \/ Yoast SEO plugin. -->","yoast_head_json":{"title":"La ballena se ba\u00f1a - Editorial Juventud - Mis primeros libros de cart\u00f3n","description":"La ballena se est\u00e1 ba\u00f1ando. \u00a1Fant\u00e1stico! En la puerta del ba\u00f1o aparece la tortuga. \"\u00bfPuedo meterme en la ba\u00f1era?\". \u00a1CHIP, CHAP! Ya est\u00e1 en el agua... \u00bfQui\u00e9n m\u00e1s vendr\u00e1? Una divertida historia de ba\u00f1o para los m\u00e1s peque\u00f1os.","robots":{"index":"index","follow":"follow","max-snippet":"max-snippet:-1","max-image-preview":"max-image-preview:large","max-video-preview":"max-video-preview:-1"},"canonical":"https:\/\/www.editorialjuventud.es\/la-ballena-se-bana-9788426145772\/","og_locale":"ca_ES","og_type":"article","og_title":"La ballena se ba\u00f1a - Editorial Juventud - Mis primeros libros de cart\u00f3n","og_description":"La ballena se est\u00e1 ba\u00f1ando. \u00a1Fant\u00e1stico! En la puerta del ba\u00f1o aparece la tortuga. \"\u00bfPuedo meterme en la ba\u00f1era?\". \u00a1CHIP, CHAP! Ya est\u00e1 en el agua... \u00bfQui\u00e9n m\u00e1s vendr\u00e1? Una divertida historia de ba\u00f1o para los m\u00e1s peque\u00f1os.","og_url":"https:\/\/www.editorialjuventud.es\/la-ballena-se-bana-9788426145772\/","og_site_name":"Editorial Juventud","article_modified_time":"2025-01-22T11:54:54+00:00","og_image":[{"width":856,"height":900,"url":"https:\/\/www.editorialjuventud.es\/wp-content\/uploads\/9788426145772.png","type":"image\/png"}],"twitter_card":"summary_large_image","twitter_misc":{"Temps estimat de lectura":"1 minut"},"schema":{"@context":"https:\/\/schema.org","@graph":[{"@type":"WebPage","@id":"https:\/\/www.editorialjuventud.es\/la-ballena-se-bana-9788426145772\/","url":"https:\/\/www.editorialjuventud.es\/la-ballena-se-bana-9788426145772\/","name":"La ballena se ba\u00f1a - Editorial Juventud - Mis primeros libros de cart\u00f3n","isPartOf":{"@id":"https:\/\/www.editorialjuventud.es\/#website"},"primaryImageOfPage":{"@id":"https:\/\/www.editorialjuventud.es\/la-ballena-se-bana-9788426145772\/#primaryimage"},"image":{"@id":"https:\/\/www.editorialjuventud.es\/la-ballena-se-bana-9788426145772\/#primaryimage"},"thumbnailUrl":"https:\/\/www.editorialjuventud.es\/wp-content\/uploads\/9788426145772.png","datePublished":"2019-02-27T12:33:16+00:00","dateModified":"2025-01-22T11:54:54+00:00","description":"La ballena se est\u00e1 ba\u00f1ando. \u00a1Fant\u00e1stico! En la puerta del ba\u00f1o aparece la tortuga. \"\u00bfPuedo meterme en la ba\u00f1era?\". \u00a1CHIP, CHAP! Ya est\u00e1 en el agua... \u00bfQui\u00e9n m\u00e1s vendr\u00e1? Una divertida historia de ba\u00f1o para los m\u00e1s peque\u00f1os.","breadcrumb":{"@id":"https:\/\/www.editorialjuventud.es\/la-ballena-se-bana-9788426145772\/#breadcrumb"},"inLanguage":"ca","potentialAction":[{"@type":"ReadAction","target":["https:\/\/www.editorialjuventud.es\/la-ballena-se-bana-9788426145772\/"]}]},{"@type":"ImageObject","inLanguage":"ca","@id":"https:\/\/www.editorialjuventud.es\/la-ballena-se-bana-9788426145772\/#primaryimage","url":"https:\/\/www.editorialjuventud.es\/wp-content\/uploads\/9788426145772.png","contentUrl":"https:\/\/www.editorialjuventud.es\/wp-content\/uploads\/9788426145772.png","width":856,"height":900,"caption":"9788426145772.png"},{"@type":"BreadcrumbList","@id":"https:\/\/www.editorialjuventud.es\/la-ballena-se-bana-9788426145772\/#breadcrumb","itemListElement":[{"@type":"ListItem","position":1,"name":"Portada","item":"https:\/\/www.editorialjuventud.es\/"},{"@type":"ListItem","position":2,"name":"cat\u00e1logo","item":"https:\/\/www.editorialjuventud.es\/coleccion\/catalogo\/"},{"@type":"ListItem","position":3,"name":"castellano","item":"https:\/\/www.editorialjuventud.es\/coleccion\/castellano\/"},{"@type":"ListItem","position":4,"name":"Mis Primeros Libros","item":"https:\/\/www.editorialjuventud.es\/coleccion\/mis-primeros-libros\/"},{"@type":"ListItem","position":5,"name":"Mejor con Amigos","item":"https:\/\/www.editorialjuventud.es\/ca\/coleccion\/mejor-con-amigos\/"},{"@type":"ListItem","position":6,"name":"La ballena se ba\u00f1a"}]},{"@type":"WebSite","@id":"https:\/\/www.editorialjuventud.es\/#website","url":"https:\/\/www.editorialjuventud.es\/","name":"Editorial Juventud","description":"","potentialAction":[{"@type":"SearchAction","target":{"@type":"EntryPoint","urlTemplate":"https:\/\/www.editorialjuventud.es\/?s={search_term_string}"},"query-input":{"@type":"PropertyValueSpecification","valueRequired":true,"valueName":"search_term_string"}}],"inLanguage":"ca"}]}},"_links":{"self":[{"href":"https:\/\/www.editorialjuventud.es\/ca\/wp-json\/wp\/v2\/product\/21567","targetHints":{"allow":["GET"]}}],"collection":[{"href":"https:\/\/www.editorialjuventud.es\/ca\/wp-json\/wp\/v2\/product"}],"about":[{"href":"https:\/\/www.editorialjuventud.es\/ca\/wp-json\/wp\/v2\/types\/product"}],"wp:featuredmedia":[{"embeddable":true,"href":"https:\/\/www.editorialjuventud.es\/ca\/wp-json\/wp\/v2\/media\/21568"}],"wp:attachment":[{"href":"https:\/\/www.editorialjuventud.es\/ca\/wp-json\/wp\/v2\/media?parent=21567"}],"wp:term":[{"taxonomy":"product_brand","embeddable":true,"href":"https:\/\/www.editorialjuventud.es\/ca\/wp-json\/wp\/v2\/product_brand?post=21567"},{"taxonomy":"product_cat","embeddable":true,"href":"https:\/\/www.editorialjuventud.es\/ca\/wp-json\/wp\/v2\/product_cat?post=21567"},{"taxonomy":"product_tag","embeddable":true,"href":"https:\/\/www.editorialjuventud.es\/ca\/wp-json\/wp\/v2\/product_tag?post=21567"},{"taxonomy":"coleccion","embeddable":true,"href":"https:\/\/www.editorialjuventud.es\/ca\/wp-json\/wp\/v2\/coleccion?post=21567"}],"curies":[{"name":"wp","href":"https:\/\/api.w.org\/{rel}","templated":true}]}}