{"id":21558,"date":"2019-02-27T13:29:43","date_gmt":"2019-02-27T12:29:43","guid":{"rendered":"https:\/\/www.editorialjuventud.es\/la-sillita-azul-9788426145307\/"},"modified":"2025-01-22T12:57:38","modified_gmt":"2025-01-22T11:57:38","slug":"la-sillita-azul-9788426145307","status":"publish","type":"product","link":"https:\/\/www.editorialjuventud.es\/ca\/la-sillita-azul-9788426145307\/","title":{"rendered":"La sillita azul"},"content":{"rendered":"<p>La silla favorita de Nico es peque\u00f1a y azul. Se sienta en ella para comer, monta una tienda de campa\u00f1a alrededor de ella y \u00a1hasta se duerme encima de ella!<br \/>Pero Nico crece y su silla se le queda peque\u00f1a. La sillita azul pasar\u00e1 de manos en manos y tendr\u00e1 muchos usos diferentes, hasta que muchos a\u00f1os m\u00e1s tarde volver\u00e1 a un lugar familiar&#8230;<\/p>\n<p>En este cuento circular, Cary Fagan ha querido resaltar el valor personal de una sillita azul de madera. En la infancia, alg\u00fan objeto especial suele adquirir un valor importante para el ni\u00f1o y este recuerdo se perpet\u00faa en la memoria del adulto. \u00bfQui\u00e9n no recuerda con cari\u00f1o alg\u00fan objeto que le ha acompa\u00f1ado durante a\u00f1os? En este caso, la sillita azul se convierte en el personaje principal de este cuento, adquiriendo diferentes usos seg\u00fan su propietario. Una excusa para viajar a trav\u00e9s del mundo, conocer culturas y lugares distintos, y jugar a imaginar los usos diferentes que puede tener una silla. Destacan tambi\u00e9n en este \u00e1lbum otros valores, como la generosidad de compartir con los dem\u00e1s, el reciclaje, y la voluntad de dar una nueva vida a los objetos viejos, en vez de usarlos y desecharlos&#8230;<\/p>\n<p>&#8216;Esta es, en el fondo, una historia rom\u00e1ntica: una excelente oportunidad para encontrar valor y utilidad en los art\u00edculos de segunda mano y para compartirlos cuando ya no son necesarios&#8217;<\/p>\n","protected":false},"excerpt":{"rendered":"La silla favorita de Nico es peque\u00f1a y azul. Se sienta en ella para comer, monta una tienda de campa\u00f1a alrededor de ella y \u00a1hasta se duerme encima de ella!Pero Nico crece y su silla se le queda peque\u00f1a. La [&hellip;]","protected":false},"featured_media":21559,"template":"","meta":{"_acf_changed":false,"_exactmetrics_skip_tracking":false,"_exactmetrics_sitenote_active":false,"_exactmetrics_sitenote_note":"","_exactmetrics_sitenote_category":0},"product_brand":[],"product_cat":[900,1121,1220,1172,1218],"product_tag":[],"coleccion":[988],"class_list":{"0":"post-21558","1":"product","2":"type-product","3":"status-publish","4":"has-post-thumbnail","6":"product_cat-a-partir-de-5-anos","7":"product_cat-albumes-ilustrados","8":"product_cat-convivencia-relaciones-interculturales","9":"product_cat-emociones","10":"product_cat-reciclaje","11":"coleccion-convivencia-y-multiculturalidad","13":"first","14":"instock","15":"taxable","16":"shipping-taxable","17":"purchasable","18":"product-type-simple"},"acf":{"indice":"","autor":"Fagan, Cary","codart":"4530","ediciones":"1","encuadernacion":"Carton\u00e9","fecha_de_publicacion":"01\/03\/2019","novedad":"0","paginas":"40","subtitulo":"","texto_web_adicional":"","autores-libros":[21549],"ilustradores-libros":[21550],"texto_web_novedad":"","orden":"999","portada":"0","texto_web_resaltado":"","traductores-libros":[26642],"descripcion_corta":"","recomendamos":"","mas_vendido":"","idioma-libro":"","color":false,"formato":"","mas_informacion_del_producto":false,"premios":[{"premio":"Menci\u00f3n entra\u00f1able, categor\u00eda Infantil, Banco del Libro, ","anyo_del_premio":"2021","pais_del_premio":"Venezuela"},{"premio":"May Cutler award","anyo_del_premio":"2017","pais_del_premio":"Canad\u00e1"}],"texto_enlace_cubierta":"","enlace_cubierta":{"ID":21853,"id":21853,"title":"PORTADA copia","filename":"PORTADA-copia.jpg","filesize":155949,"url":"https:\/\/www.editorialjuventud.es\/wp-content\/uploads\/PORTADA-copia.jpg","link":"https:\/\/www.editorialjuventud.es\/ca\/?attachment_id=21853","alt":"","author":"47","description":"","caption":"","name":"portada-copia-2","status":"inherit","uploaded_to":21558,"date":"2019-03-06 10:41:02","modified":"2019-03-06 10:41:02","menu_order":0,"mime_type":"image\/jpeg","type":"image","subtype":"jpeg","icon":"https:\/\/www.editorialjuventud.es\/wp-includes\/images\/media\/default.png","width":1264,"height":1078,"sizes":{"thumbnail":"https:\/\/www.editorialjuventud.es\/wp-content\/uploads\/PORTADA-copia-200x200.jpg","thumbnail-width":200,"thumbnail-height":200,"medium":"https:\/\/www.editorialjuventud.es\/wp-content\/uploads\/PORTADA-copia.jpg","medium-width":1264,"medium-height":1078,"medium_large":"https:\/\/www.editorialjuventud.es\/wp-content\/uploads\/PORTADA-copia-768x655.jpg","medium_large-width":768,"medium_large-height":655,"large":"https:\/\/www.editorialjuventud.es\/wp-content\/uploads\/PORTADA-copia.jpg","large-width":1264,"large-height":1078,"1536x1536":"https:\/\/www.editorialjuventud.es\/wp-content\/uploads\/PORTADA-copia.jpg","1536x1536-width":1264,"1536x1536-height":1078,"2048x2048":"https:\/\/www.editorialjuventud.es\/wp-content\/uploads\/PORTADA-copia.jpg","2048x2048-width":1264,"2048x2048-height":1078,"woocommerce_thumbnail":"https:\/\/www.editorialjuventud.es\/wp-content\/uploads\/PORTADA-copia-350x298.jpg","woocommerce_thumbnail-width":350,"woocommerce_thumbnail-height":298,"woocommerce_single":"https:\/\/www.editorialjuventud.es\/wp-content\/uploads\/PORTADA-copia-900x768.jpg","woocommerce_single-width":900,"woocommerce_single-height":768,"woocommerce_gallery_thumbnail":"https:\/\/www.editorialjuventud.es\/wp-content\/uploads\/PORTADA-copia-100x100.jpg","woocommerce_gallery_thumbnail-width":100,"woocommerce_gallery_thumbnail-height":100,"ppec_logo_image_size":"https:\/\/www.editorialjuventud.es\/wp-content\/uploads\/PORTADA-copia.jpg","ppec_logo_image_size-width":70,"ppec_logo_image_size-height":60,"ppec_header_image_size":"https:\/\/www.editorialjuventud.es\/wp-content\/uploads\/PORTADA-copia.jpg","ppec_header_image_size-width":106,"ppec_header_image_size-height":90}},"texto_enlace_ficha_tecnica":"","enlace_ficha_tecnica":{"ID":21851,"id":21851,"title":"La sillita azul_Ficha","filename":"La-sillita-azul_Ficha.pdf","filesize":774703,"url":"https:\/\/www.editorialjuventud.es\/wp-content\/uploads\/La-sillita-azul_Ficha.pdf","link":"https:\/\/www.editorialjuventud.es\/ca\/?attachment_id=21851","alt":"","author":"47","description":"","caption":"","name":"la-sillita-azul_ficha","status":"inherit","uploaded_to":21558,"date":"2019-03-06 10:40:04","modified":"2019-03-06 10:40:04","menu_order":0,"mime_type":"application\/pdf","type":"application","subtype":"pdf","icon":"https:\/\/www.editorialjuventud.es\/wp-includes\/images\/media\/document.png"},"ficheros":false,"titulo-fr":"","texto-fr":"","fecha_de_reimpresion":"","deshabilitar_compra":[]},"yoast_head":"<!-- This site is optimized with the Yoast SEO plugin v27.5 - https:\/\/yoast.com\/product\/yoast-seo-wordpress\/ -->\n<title>La sillita azul - Editorial Juventud - \u00c0lbum ilustrado<\/title>\n<meta name=\"description\" content=\"La silla favorita de Nico es peque\u00f1a y azul. Se sienta en ella para comer, monta una tienda de campa\u00f1a alrededor de ella y \u00a1hasta se duerme encima de ella!\" \/>\n<meta name=\"robots\" content=\"index, follow, max-snippet:-1, max-image-preview:large, max-video-preview:-1\" \/>\n<link rel=\"canonical\" href=\"https:\/\/www.editorialjuventud.es\/la-sillita-azul-9788426145307\/\" \/>\n<meta property=\"og:locale\" content=\"ca_ES\" \/>\n<meta property=\"og:type\" content=\"article\" \/>\n<meta property=\"og:title\" content=\"La sillita azul - Editorial Juventud - \u00c0lbum ilustrado\" \/>\n<meta property=\"og:description\" content=\"La silla favorita de Nico es peque\u00f1a y azul. Se sienta en ella para comer, monta una tienda de campa\u00f1a alrededor de ella y \u00a1hasta se duerme encima de ella!\" \/>\n<meta property=\"og:url\" content=\"https:\/\/www.editorialjuventud.es\/la-sillita-azul-9788426145307\/\" \/>\n<meta property=\"og:site_name\" content=\"Editorial Juventud\" \/>\n<meta property=\"article:modified_time\" content=\"2025-01-22T11:57:38+00:00\" \/>\n<meta property=\"og:image\" content=\"https:\/\/www.editorialjuventud.es\/wp-content\/uploads\/9788426145307.jpg\" \/>\n\t<meta property=\"og:image:width\" content=\"1200\" \/>\n\t<meta property=\"og:image:height\" content=\"1023\" \/>\n\t<meta property=\"og:image:type\" content=\"image\/jpeg\" \/>\n<meta name=\"twitter:card\" content=\"summary_large_image\" \/>\n<meta name=\"twitter:label1\" content=\"Temps estimat de lectura\" \/>\n\t<meta name=\"twitter:data1\" content=\"1 minut\" \/>\n<script type=\"application\/ld+json\" class=\"yoast-schema-graph\">{\"@context\":\"https:\\\/\\\/schema.org\",\"@graph\":[{\"@type\":\"WebPage\",\"@id\":\"https:\\\/\\\/www.editorialjuventud.es\\\/la-sillita-azul-9788426145307\\\/\",\"url\":\"https:\\\/\\\/www.editorialjuventud.es\\\/la-sillita-azul-9788426145307\\\/\",\"name\":\"La sillita azul - Editorial Juventud - \u00c0lbum ilustrado\",\"isPartOf\":{\"@id\":\"https:\\\/\\\/www.editorialjuventud.es\\\/#website\"},\"primaryImageOfPage\":{\"@id\":\"https:\\\/\\\/www.editorialjuventud.es\\\/la-sillita-azul-9788426145307\\\/#primaryimage\"},\"image\":{\"@id\":\"https:\\\/\\\/www.editorialjuventud.es\\\/la-sillita-azul-9788426145307\\\/#primaryimage\"},\"thumbnailUrl\":\"https:\\\/\\\/www.editorialjuventud.es\\\/wp-content\\\/uploads\\\/9788426145307.jpg\",\"datePublished\":\"2019-02-27T12:29:43+00:00\",\"dateModified\":\"2025-01-22T11:57:38+00:00\",\"description\":\"La silla favorita de Nico es peque\u00f1a y azul. Se sienta en ella para comer, monta una tienda de campa\u00f1a alrededor de ella y \u00a1hasta se duerme encima de ella!\",\"breadcrumb\":{\"@id\":\"https:\\\/\\\/www.editorialjuventud.es\\\/la-sillita-azul-9788426145307\\\/#breadcrumb\"},\"inLanguage\":\"ca\",\"potentialAction\":[{\"@type\":\"ReadAction\",\"target\":[\"https:\\\/\\\/www.editorialjuventud.es\\\/la-sillita-azul-9788426145307\\\/\"]}]},{\"@type\":\"ImageObject\",\"inLanguage\":\"ca\",\"@id\":\"https:\\\/\\\/www.editorialjuventud.es\\\/la-sillita-azul-9788426145307\\\/#primaryimage\",\"url\":\"https:\\\/\\\/www.editorialjuventud.es\\\/wp-content\\\/uploads\\\/9788426145307.jpg\",\"contentUrl\":\"https:\\\/\\\/www.editorialjuventud.es\\\/wp-content\\\/uploads\\\/9788426145307.jpg\",\"width\":1200,\"height\":1023,\"caption\":\"9788426145307.jpg\"},{\"@type\":\"BreadcrumbList\",\"@id\":\"https:\\\/\\\/www.editorialjuventud.es\\\/la-sillita-azul-9788426145307\\\/#breadcrumb\",\"itemListElement\":[{\"@type\":\"ListItem\",\"position\":1,\"name\":\"Portada\",\"item\":\"https:\\\/\\\/www.editorialjuventud.es\\\/\"},{\"@type\":\"ListItem\",\"position\":2,\"name\":\"cat\u00e1logo\",\"item\":\"https:\\\/\\\/www.editorialjuventud.es\\\/coleccion\\\/catalogo\\\/\"},{\"@type\":\"ListItem\",\"position\":3,\"name\":\"castellano\",\"item\":\"https:\\\/\\\/www.editorialjuventud.es\\\/coleccion\\\/castellano\\\/\"},{\"@type\":\"ListItem\",\"position\":4,\"name\":\"\u00c1lbumes Ilustrados\",\"item\":\"https:\\\/\\\/www.editorialjuventud.es\\\/coleccion\\\/albumes-ilustrados\\\/\"},{\"@type\":\"ListItem\",\"position\":5,\"name\":\"Convivencia y Multiculturalidad\",\"item\":\"https:\\\/\\\/www.editorialjuventud.es\\\/coleccion\\\/convivencia-y-multiculturalidad\\\/\"},{\"@type\":\"ListItem\",\"position\":6,\"name\":\"La sillita azul\"}]},{\"@type\":\"WebSite\",\"@id\":\"https:\\\/\\\/www.editorialjuventud.es\\\/#website\",\"url\":\"https:\\\/\\\/www.editorialjuventud.es\\\/\",\"name\":\"Editorial Juventud\",\"description\":\"\",\"potentialAction\":[{\"@type\":\"SearchAction\",\"target\":{\"@type\":\"EntryPoint\",\"urlTemplate\":\"https:\\\/\\\/www.editorialjuventud.es\\\/?s={search_term_string}\"},\"query-input\":{\"@type\":\"PropertyValueSpecification\",\"valueRequired\":true,\"valueName\":\"search_term_string\"}}],\"inLanguage\":\"ca\"}]}<\/script>\n<!-- \/ Yoast SEO plugin. -->","yoast_head_json":{"title":"La sillita azul - Editorial Juventud - \u00c0lbum ilustrado","description":"La silla favorita de Nico es peque\u00f1a y azul. Se sienta en ella para comer, monta una tienda de campa\u00f1a alrededor de ella y \u00a1hasta se duerme encima de ella!","robots":{"index":"index","follow":"follow","max-snippet":"max-snippet:-1","max-image-preview":"max-image-preview:large","max-video-preview":"max-video-preview:-1"},"canonical":"https:\/\/www.editorialjuventud.es\/la-sillita-azul-9788426145307\/","og_locale":"ca_ES","og_type":"article","og_title":"La sillita azul - Editorial Juventud - \u00c0lbum ilustrado","og_description":"La silla favorita de Nico es peque\u00f1a y azul. Se sienta en ella para comer, monta una tienda de campa\u00f1a alrededor de ella y \u00a1hasta se duerme encima de ella!","og_url":"https:\/\/www.editorialjuventud.es\/la-sillita-azul-9788426145307\/","og_site_name":"Editorial Juventud","article_modified_time":"2025-01-22T11:57:38+00:00","og_image":[{"width":1200,"height":1023,"url":"https:\/\/www.editorialjuventud.es\/wp-content\/uploads\/9788426145307.jpg","type":"image\/jpeg"}],"twitter_card":"summary_large_image","twitter_misc":{"Temps estimat de lectura":"1 minut"},"schema":{"@context":"https:\/\/schema.org","@graph":[{"@type":"WebPage","@id":"https:\/\/www.editorialjuventud.es\/la-sillita-azul-9788426145307\/","url":"https:\/\/www.editorialjuventud.es\/la-sillita-azul-9788426145307\/","name":"La sillita azul - Editorial Juventud - \u00c0lbum ilustrado","isPartOf":{"@id":"https:\/\/www.editorialjuventud.es\/#website"},"primaryImageOfPage":{"@id":"https:\/\/www.editorialjuventud.es\/la-sillita-azul-9788426145307\/#primaryimage"},"image":{"@id":"https:\/\/www.editorialjuventud.es\/la-sillita-azul-9788426145307\/#primaryimage"},"thumbnailUrl":"https:\/\/www.editorialjuventud.es\/wp-content\/uploads\/9788426145307.jpg","datePublished":"2019-02-27T12:29:43+00:00","dateModified":"2025-01-22T11:57:38+00:00","description":"La silla favorita de Nico es peque\u00f1a y azul. Se sienta en ella para comer, monta una tienda de campa\u00f1a alrededor de ella y \u00a1hasta se duerme encima de ella!","breadcrumb":{"@id":"https:\/\/www.editorialjuventud.es\/la-sillita-azul-9788426145307\/#breadcrumb"},"inLanguage":"ca","potentialAction":[{"@type":"ReadAction","target":["https:\/\/www.editorialjuventud.es\/la-sillita-azul-9788426145307\/"]}]},{"@type":"ImageObject","inLanguage":"ca","@id":"https:\/\/www.editorialjuventud.es\/la-sillita-azul-9788426145307\/#primaryimage","url":"https:\/\/www.editorialjuventud.es\/wp-content\/uploads\/9788426145307.jpg","contentUrl":"https:\/\/www.editorialjuventud.es\/wp-content\/uploads\/9788426145307.jpg","width":1200,"height":1023,"caption":"9788426145307.jpg"},{"@type":"BreadcrumbList","@id":"https:\/\/www.editorialjuventud.es\/la-sillita-azul-9788426145307\/#breadcrumb","itemListElement":[{"@type":"ListItem","position":1,"name":"Portada","item":"https:\/\/www.editorialjuventud.es\/"},{"@type":"ListItem","position":2,"name":"cat\u00e1logo","item":"https:\/\/www.editorialjuventud.es\/coleccion\/catalogo\/"},{"@type":"ListItem","position":3,"name":"castellano","item":"https:\/\/www.editorialjuventud.es\/coleccion\/castellano\/"},{"@type":"ListItem","position":4,"name":"\u00c1lbumes Ilustrados","item":"https:\/\/www.editorialjuventud.es\/coleccion\/albumes-ilustrados\/"},{"@type":"ListItem","position":5,"name":"Convivencia y Multiculturalidad","item":"https:\/\/www.editorialjuventud.es\/coleccion\/convivencia-y-multiculturalidad\/"},{"@type":"ListItem","position":6,"name":"La sillita azul"}]},{"@type":"WebSite","@id":"https:\/\/www.editorialjuventud.es\/#website","url":"https:\/\/www.editorialjuventud.es\/","name":"Editorial Juventud","description":"","potentialAction":[{"@type":"SearchAction","target":{"@type":"EntryPoint","urlTemplate":"https:\/\/www.editorialjuventud.es\/?s={search_term_string}"},"query-input":{"@type":"PropertyValueSpecification","valueRequired":true,"valueName":"search_term_string"}}],"inLanguage":"ca"}]}},"_links":{"self":[{"href":"https:\/\/www.editorialjuventud.es\/ca\/wp-json\/wp\/v2\/product\/21558","targetHints":{"allow":["GET"]}}],"collection":[{"href":"https:\/\/www.editorialjuventud.es\/ca\/wp-json\/wp\/v2\/product"}],"about":[{"href":"https:\/\/www.editorialjuventud.es\/ca\/wp-json\/wp\/v2\/types\/product"}],"wp:featuredmedia":[{"embeddable":true,"href":"https:\/\/www.editorialjuventud.es\/ca\/wp-json\/wp\/v2\/media\/21559"}],"wp:attachment":[{"href":"https:\/\/www.editorialjuventud.es\/ca\/wp-json\/wp\/v2\/media?parent=21558"}],"wp:term":[{"taxonomy":"product_brand","embeddable":true,"href":"https:\/\/www.editorialjuventud.es\/ca\/wp-json\/wp\/v2\/product_brand?post=21558"},{"taxonomy":"product_cat","embeddable":true,"href":"https:\/\/www.editorialjuventud.es\/ca\/wp-json\/wp\/v2\/product_cat?post=21558"},{"taxonomy":"product_tag","embeddable":true,"href":"https:\/\/www.editorialjuventud.es\/ca\/wp-json\/wp\/v2\/product_tag?post=21558"},{"taxonomy":"coleccion","embeddable":true,"href":"https:\/\/www.editorialjuventud.es\/ca\/wp-json\/wp\/v2\/coleccion?post=21558"}],"curies":[{"name":"wp","href":"https:\/\/api.w.org\/{rel}","templated":true}]}}