{"id":21555,"date":"2019-02-27T14:29:00","date_gmt":"2019-02-27T12:29:00","guid":{"rendered":"https:\/\/www.editorialjuventud.es\/z-oliver-twist-9788426143723\/"},"modified":"2024-01-31T14:40:09","modified_gmt":"2024-01-31T13:40:09","slug":"oliver-twist-9788426143723","status":"publish","type":"product","link":"https:\/\/www.editorialjuventud.es\/ca\/oliver-twist-9788426143723\/","title":{"rendered":"Oliver Twist"},"content":{"rendered":"<p>Cuando leemos Oliver Twist \u2013escribi\u00f3 el acad\u00e9mico Guillermo D\u00edaz Plaja\u2013, todo el fondo de recuerdos que nos ha dejado la infancia revive y se alza, palpitante y fuerte. Para hacer un elogio de este libro podr\u00eda decirse que es uno de los libros m\u00e1s exactamente humanos que se hayan escrito jam\u00e1s\u00bb.<br \/>\nDickens, como cronista de una sociedad y de una \u00e9poca, dibuja con admirable precisi\u00f3n las figuras y los caracteres.<br \/>\n Sus novelas constituyen el marco de la vida inglesa en uno de sus per\u00edodos m\u00e1s brillantes.<\/p>\n","protected":false},"excerpt":{"rendered":"Cuando leemos Oliver Twist \u2013escribi\u00f3 el acad\u00e9mico Guillermo D\u00edaz Plaja\u2013, todo el fondo de recuerdos que nos ha dejado la infancia revive y se alza, palpitante y fuerte. Para hacer un elogio de este libro podr\u00eda decirse que es uno [&hellip;]","protected":false},"featured_media":68065,"template":"","meta":{"_acf_changed":false,"_exactmetrics_skip_tracking":false,"_exactmetrics_sitenote_active":false,"_exactmetrics_sitenote_note":"","_exactmetrics_sitenote_category":0},"product_brand":[],"product_cat":[905,892,1115,1118,1128],"product_tag":[],"coleccion":[916,1007,938,1085],"class_list":{"0":"post-21555","1":"product","2":"type-product","3":"status-publish","4":"has-post-thumbnail","6":"product_cat-adulto","7":"product_cat-edades","8":"product_cat-generos","9":"product_cat-literatura-clasica","10":"product_cat-tematica","11":"coleccion-castellano","12":"coleccion-coleccion-z","13":"coleccion-libros-de-bolsillo","14":"coleccion-novela","16":"first","17":"instock","18":"taxable","19":"shipping-taxable","20":"purchasable","21":"product-type-simple"},"acf":{"autores-libros":[16326],"traductores-libros":[77913]},"yoast_head":"<!-- This site is optimized with the Yoast SEO plugin v27.5 - https:\/\/yoast.com\/product\/yoast-seo-wordpress\/ -->\n<title>Oliver Twist - Editorial Juventud<\/title>\n<meta name=\"description\" content=\"Cuando leemos Oliver Twist \u2013escribi\u00f3 el acad\u00e9mico Guillermo D\u00edaz Plaja\u2013, todo el fondo de recuerdos que nos ha dejado la infancia revive y se alza,\" \/>\n<meta name=\"robots\" content=\"index, follow, max-snippet:-1, max-image-preview:large, max-video-preview:-1\" \/>\n<link rel=\"canonical\" href=\"https:\/\/www.editorialjuventud.es\/oliver-twist-9788426143723\/\" \/>\n<meta property=\"og:locale\" content=\"ca_ES\" \/>\n<meta property=\"og:type\" content=\"article\" \/>\n<meta property=\"og:title\" content=\"Oliver Twist - Editorial Juventud\" \/>\n<meta property=\"og:description\" content=\"Cuando leemos Oliver Twist \u2013escribi\u00f3 el acad\u00e9mico Guillermo D\u00edaz Plaja\u2013, todo el fondo de recuerdos que nos ha dejado la infancia revive y se alza,\" \/>\n<meta property=\"og:url\" content=\"https:\/\/www.editorialjuventud.es\/oliver-twist-9788426143723\/\" \/>\n<meta property=\"og:site_name\" content=\"Editorial Juventud\" \/>\n<meta property=\"article:modified_time\" content=\"2024-01-31T13:40:09+00:00\" \/>\n<meta property=\"og:image\" content=\"https:\/\/www.editorialjuventud.es\/wp-content\/uploads\/9788426143723.jpg\" \/>\n\t<meta property=\"og:image:width\" content=\"1348\" \/>\n\t<meta property=\"og:image:height\" content=\"2069\" \/>\n\t<meta property=\"og:image:type\" content=\"image\/jpeg\" \/>\n<meta name=\"twitter:card\" content=\"summary_large_image\" \/>\n<script type=\"application\/ld+json\" class=\"yoast-schema-graph\">{\"@context\":\"https:\\\/\\\/schema.org\",\"@graph\":[{\"@type\":\"WebPage\",\"@id\":\"https:\\\/\\\/www.editorialjuventud.es\\\/oliver-twist-9788426143723\\\/\",\"url\":\"https:\\\/\\\/www.editorialjuventud.es\\\/oliver-twist-9788426143723\\\/\",\"name\":\"Oliver Twist - Editorial Juventud\",\"isPartOf\":{\"@id\":\"https:\\\/\\\/www.editorialjuventud.es\\\/#website\"},\"primaryImageOfPage\":{\"@id\":\"https:\\\/\\\/www.editorialjuventud.es\\\/oliver-twist-9788426143723\\\/#primaryimage\"},\"image\":{\"@id\":\"https:\\\/\\\/www.editorialjuventud.es\\\/oliver-twist-9788426143723\\\/#primaryimage\"},\"thumbnailUrl\":\"https:\\\/\\\/www.editorialjuventud.es\\\/wp-content\\\/uploads\\\/9788426143723.jpg\",\"datePublished\":\"2019-02-27T12:29:00+00:00\",\"dateModified\":\"2024-01-31T13:40:09+00:00\",\"description\":\"Cuando leemos Oliver Twist \u2013escribi\u00f3 el acad\u00e9mico Guillermo D\u00edaz Plaja\u2013, todo el fondo de recuerdos que nos ha dejado la infancia revive y se alza,\",\"breadcrumb\":{\"@id\":\"https:\\\/\\\/www.editorialjuventud.es\\\/oliver-twist-9788426143723\\\/#breadcrumb\"},\"inLanguage\":\"ca\",\"potentialAction\":[{\"@type\":\"ReadAction\",\"target\":[\"https:\\\/\\\/www.editorialjuventud.es\\\/oliver-twist-9788426143723\\\/\"]}]},{\"@type\":\"ImageObject\",\"inLanguage\":\"ca\",\"@id\":\"https:\\\/\\\/www.editorialjuventud.es\\\/oliver-twist-9788426143723\\\/#primaryimage\",\"url\":\"https:\\\/\\\/www.editorialjuventud.es\\\/wp-content\\\/uploads\\\/9788426143723.jpg\",\"contentUrl\":\"https:\\\/\\\/www.editorialjuventud.es\\\/wp-content\\\/uploads\\\/9788426143723.jpg\",\"width\":1348,\"height\":2069,\"caption\":\"9788426143723.jpg\"},{\"@type\":\"BreadcrumbList\",\"@id\":\"https:\\\/\\\/www.editorialjuventud.es\\\/oliver-twist-9788426143723\\\/#breadcrumb\",\"itemListElement\":[{\"@type\":\"ListItem\",\"position\":1,\"name\":\"Portada\",\"item\":\"https:\\\/\\\/www.editorialjuventud.es\\\/\"},{\"@type\":\"ListItem\",\"position\":2,\"name\":\"cat\u00e1logo\",\"item\":\"https:\\\/\\\/www.editorialjuventud.es\\\/coleccion\\\/catalogo\\\/\"},{\"@type\":\"ListItem\",\"position\":3,\"name\":\"castellano\",\"item\":\"https:\\\/\\\/www.editorialjuventud.es\\\/coleccion\\\/castellano\\\/\"},{\"@type\":\"ListItem\",\"position\":4,\"name\":\"Libros de Bolsillo\",\"item\":\"https:\\\/\\\/www.editorialjuventud.es\\\/coleccion\\\/libros-de-bolsillo\\\/\"},{\"@type\":\"ListItem\",\"position\":5,\"name\":\"Colecci\u00f3n Z\",\"item\":\"https:\\\/\\\/www.editorialjuventud.es\\\/coleccion\\\/coleccion-z\\\/\"},{\"@type\":\"ListItem\",\"position\":6,\"name\":\"Novela\",\"item\":\"https:\\\/\\\/www.editorialjuventud.es\\\/coleccion\\\/novela\\\/\"},{\"@type\":\"ListItem\",\"position\":7,\"name\":\"Oliver Twist\"}]},{\"@type\":\"WebSite\",\"@id\":\"https:\\\/\\\/www.editorialjuventud.es\\\/#website\",\"url\":\"https:\\\/\\\/www.editorialjuventud.es\\\/\",\"name\":\"Editorial Juventud\",\"description\":\"\",\"potentialAction\":[{\"@type\":\"SearchAction\",\"target\":{\"@type\":\"EntryPoint\",\"urlTemplate\":\"https:\\\/\\\/www.editorialjuventud.es\\\/?s={search_term_string}\"},\"query-input\":{\"@type\":\"PropertyValueSpecification\",\"valueRequired\":true,\"valueName\":\"search_term_string\"}}],\"inLanguage\":\"ca\"}]}<\/script>\n<!-- \/ Yoast SEO plugin. -->","yoast_head_json":{"title":"Oliver Twist - Editorial Juventud","description":"Cuando leemos Oliver Twist \u2013escribi\u00f3 el acad\u00e9mico Guillermo D\u00edaz Plaja\u2013, todo el fondo de recuerdos que nos ha dejado la infancia revive y se alza,","robots":{"index":"index","follow":"follow","max-snippet":"max-snippet:-1","max-image-preview":"max-image-preview:large","max-video-preview":"max-video-preview:-1"},"canonical":"https:\/\/www.editorialjuventud.es\/oliver-twist-9788426143723\/","og_locale":"ca_ES","og_type":"article","og_title":"Oliver Twist - Editorial Juventud","og_description":"Cuando leemos Oliver Twist \u2013escribi\u00f3 el acad\u00e9mico Guillermo D\u00edaz Plaja\u2013, todo el fondo de recuerdos que nos ha dejado la infancia revive y se alza,","og_url":"https:\/\/www.editorialjuventud.es\/oliver-twist-9788426143723\/","og_site_name":"Editorial Juventud","article_modified_time":"2024-01-31T13:40:09+00:00","og_image":[{"width":1348,"height":2069,"url":"https:\/\/www.editorialjuventud.es\/wp-content\/uploads\/9788426143723.jpg","type":"image\/jpeg"}],"twitter_card":"summary_large_image","schema":{"@context":"https:\/\/schema.org","@graph":[{"@type":"WebPage","@id":"https:\/\/www.editorialjuventud.es\/oliver-twist-9788426143723\/","url":"https:\/\/www.editorialjuventud.es\/oliver-twist-9788426143723\/","name":"Oliver Twist - Editorial Juventud","isPartOf":{"@id":"https:\/\/www.editorialjuventud.es\/#website"},"primaryImageOfPage":{"@id":"https:\/\/www.editorialjuventud.es\/oliver-twist-9788426143723\/#primaryimage"},"image":{"@id":"https:\/\/www.editorialjuventud.es\/oliver-twist-9788426143723\/#primaryimage"},"thumbnailUrl":"https:\/\/www.editorialjuventud.es\/wp-content\/uploads\/9788426143723.jpg","datePublished":"2019-02-27T12:29:00+00:00","dateModified":"2024-01-31T13:40:09+00:00","description":"Cuando leemos Oliver Twist \u2013escribi\u00f3 el acad\u00e9mico Guillermo D\u00edaz Plaja\u2013, todo el fondo de recuerdos que nos ha dejado la infancia revive y se alza,","breadcrumb":{"@id":"https:\/\/www.editorialjuventud.es\/oliver-twist-9788426143723\/#breadcrumb"},"inLanguage":"ca","potentialAction":[{"@type":"ReadAction","target":["https:\/\/www.editorialjuventud.es\/oliver-twist-9788426143723\/"]}]},{"@type":"ImageObject","inLanguage":"ca","@id":"https:\/\/www.editorialjuventud.es\/oliver-twist-9788426143723\/#primaryimage","url":"https:\/\/www.editorialjuventud.es\/wp-content\/uploads\/9788426143723.jpg","contentUrl":"https:\/\/www.editorialjuventud.es\/wp-content\/uploads\/9788426143723.jpg","width":1348,"height":2069,"caption":"9788426143723.jpg"},{"@type":"BreadcrumbList","@id":"https:\/\/www.editorialjuventud.es\/oliver-twist-9788426143723\/#breadcrumb","itemListElement":[{"@type":"ListItem","position":1,"name":"Portada","item":"https:\/\/www.editorialjuventud.es\/"},{"@type":"ListItem","position":2,"name":"cat\u00e1logo","item":"https:\/\/www.editorialjuventud.es\/coleccion\/catalogo\/"},{"@type":"ListItem","position":3,"name":"castellano","item":"https:\/\/www.editorialjuventud.es\/coleccion\/castellano\/"},{"@type":"ListItem","position":4,"name":"Libros de Bolsillo","item":"https:\/\/www.editorialjuventud.es\/coleccion\/libros-de-bolsillo\/"},{"@type":"ListItem","position":5,"name":"Colecci\u00f3n Z","item":"https:\/\/www.editorialjuventud.es\/coleccion\/coleccion-z\/"},{"@type":"ListItem","position":6,"name":"Novela","item":"https:\/\/www.editorialjuventud.es\/coleccion\/novela\/"},{"@type":"ListItem","position":7,"name":"Oliver Twist"}]},{"@type":"WebSite","@id":"https:\/\/www.editorialjuventud.es\/#website","url":"https:\/\/www.editorialjuventud.es\/","name":"Editorial Juventud","description":"","potentialAction":[{"@type":"SearchAction","target":{"@type":"EntryPoint","urlTemplate":"https:\/\/www.editorialjuventud.es\/?s={search_term_string}"},"query-input":{"@type":"PropertyValueSpecification","valueRequired":true,"valueName":"search_term_string"}}],"inLanguage":"ca"}]}},"_links":{"self":[{"href":"https:\/\/www.editorialjuventud.es\/ca\/wp-json\/wp\/v2\/product\/21555","targetHints":{"allow":["GET"]}}],"collection":[{"href":"https:\/\/www.editorialjuventud.es\/ca\/wp-json\/wp\/v2\/product"}],"about":[{"href":"https:\/\/www.editorialjuventud.es\/ca\/wp-json\/wp\/v2\/types\/product"}],"wp:featuredmedia":[{"embeddable":true,"href":"https:\/\/www.editorialjuventud.es\/ca\/wp-json\/wp\/v2\/media\/68065"}],"wp:attachment":[{"href":"https:\/\/www.editorialjuventud.es\/ca\/wp-json\/wp\/v2\/media?parent=21555"}],"wp:term":[{"taxonomy":"product_brand","embeddable":true,"href":"https:\/\/www.editorialjuventud.es\/ca\/wp-json\/wp\/v2\/product_brand?post=21555"},{"taxonomy":"product_cat","embeddable":true,"href":"https:\/\/www.editorialjuventud.es\/ca\/wp-json\/wp\/v2\/product_cat?post=21555"},{"taxonomy":"product_tag","embeddable":true,"href":"https:\/\/www.editorialjuventud.es\/ca\/wp-json\/wp\/v2\/product_tag?post=21555"},{"taxonomy":"coleccion","embeddable":true,"href":"https:\/\/www.editorialjuventud.es\/ca\/wp-json\/wp\/v2\/coleccion?post=21555"}],"curies":[{"name":"wp","href":"https:\/\/api.w.org\/{rel}","templated":true}]}}