{"id":21437,"date":"2019-02-21T13:48:08","date_gmt":"2019-02-21T12:48:08","guid":{"rendered":"https:\/\/www.editorialjuventud.es\/uma-la-petita-deesa-9788426135988\/"},"modified":"2025-07-22T14:42:37","modified_gmt":"2025-07-22T12:42:37","slug":"uma-la-petita-deessa-9788426135988","status":"publish","type":"product","link":"https:\/\/www.editorialjuventud.es\/ca\/uma-la-petita-deessa-9788426135988\/","title":{"rendered":"Uma, la petita deessa"},"content":{"rendered":"<p>Uma \u00e9s escollida pels sacerdots per a ser la nova deessa viva, com ho requereix la tradici\u00f3 \u00edndia. Quan comen\u00e7a una guerra, ha de fugir del seu santuari segur i comen\u00e7a per a ella un viatge ple d&#8217;aventures. Amb l&#8217;ajuda del D\u00e9u de l&#8217;Aigua, de l&#8217;orgull\u00f3s mico Ramesh, d&#8217;un arbre que parla, i de tigres famolencs, l\u2019Uma, que mai havia vist el m\u00f3n exterior, viatjar\u00e0 per terres llunyanes per a trobar la seva fam\u00edlia i la seva veritable identitat. A partir de 7 anys.<\/p>\n<p>\u00b7 Un \u00e0lbum fascinant per les seves espectaculars il\u00b7lustracions<br \/>\u00b7 Una hist\u00f2ria de ficci\u00f3 per a descobrir l&#8217;\u00cdndia, i la import\u00e0ncia de ser un mateix.<\/p>\n","protected":false},"excerpt":{"rendered":"Uma \u00e9s escollida pels sacerdots per a ser la nova deessa viva, com ho requereix la tradici\u00f3 \u00edndia. Quan comen\u00e7a una guerra, ha de fugir del seu santuari segur i comen\u00e7a per a ella un viatge ple d&#8217;aventures. Amb l&#8217;ajuda [&hellip;]","protected":false},"featured_media":21438,"template":"","meta":{"_acf_changed":false,"_exactmetrics_skip_tracking":false,"_exactmetrics_sitenote_active":false,"_exactmetrics_sitenote_note":"","_exactmetrics_sitenote_category":0},"product_brand":[],"product_cat":[902,1121,1180,1128],"product_tag":[],"coleccion":[952],"class_list":{"0":"post-21437","1":"product","2":"type-product","3":"status-publish","4":"has-post-thumbnail","6":"product_cat-a-partir-de-7-anos","7":"product_cat-albumes-ilustrados","8":"product_cat-guerra","9":"product_cat-tematica","10":"coleccion-ja-llegeixo-sol","12":"first","13":"instock","14":"taxable","15":"shipping-taxable","16":"purchasable","17":"product-type-simple"},"acf":{"indice":"","autor":"Bernard, Fred","codart":"3598","ediciones":"1","encuadernacion":"Carton\u00e9","fecha_de_publicacion":"01\/01\/2010","novedad":"0","paginas":"40","subtitulo":"","texto_web_adicional":"","autores-libros":[16226],"ilustradores-libros":[18056],"texto_web_novedad":"","orden":"999","portada":"0","texto_web_resaltado":"","traductores-libros":[17891],"descripcion_corta":"","recomendamos":"","mas_vendido":"","idioma-libro":"","color":false,"formato":"","mas_informacion_del_producto":false,"premios":false,"texto_enlace_cubierta":"","enlace_cubierta":false,"texto_enlace_ficha_tecnica":"","enlace_ficha_tecnica":false,"ficheros":false,"titulo-fr":"","texto-fr":""},"yoast_head":"<!-- This site is optimized with the Yoast SEO plugin v27.3 - https:\/\/yoast.com\/product\/yoast-seo-wordpress\/ -->\n<title>Uma, la petita deessa - Editorial Juventud<\/title>\n<meta name=\"description\" content=\"Uma \u00e9s escollida pels sacerdots per a ser la nova deessa viva, com ho requereix la tradici\u00f3 \u00edndia. Quan comen\u00e7a una guerra, ha de fugir del seu santuari\" \/>\n<meta name=\"robots\" content=\"index, follow, max-snippet:-1, max-image-preview:large, max-video-preview:-1\" \/>\n<link rel=\"canonical\" href=\"https:\/\/www.editorialjuventud.es\/uma-la-petita-deessa-9788426135988\/\" \/>\n<meta property=\"og:locale\" content=\"ca_ES\" \/>\n<meta property=\"og:type\" content=\"article\" \/>\n<meta property=\"og:title\" content=\"Uma, la petita deessa - Editorial Juventud\" \/>\n<meta property=\"og:description\" content=\"Uma \u00e9s escollida pels sacerdots per a ser la nova deessa viva, com ho requereix la tradici\u00f3 \u00edndia. Quan comen\u00e7a una guerra, ha de fugir del seu santuari\" \/>\n<meta property=\"og:url\" content=\"https:\/\/www.editorialjuventud.es\/uma-la-petita-deessa-9788426135988\/\" \/>\n<meta property=\"og:site_name\" content=\"Editorial Juventud\" \/>\n<meta property=\"article:modified_time\" content=\"2025-07-22T12:42:37+00:00\" \/>\n<meta property=\"og:image\" content=\"https:\/\/www.editorialjuventud.es\/wp-content\/uploads\/3598.jpg\" \/>\n\t<meta property=\"og:image:width\" content=\"359\" \/>\n\t<meta property=\"og:image:height\" content=\"450\" \/>\n\t<meta property=\"og:image:type\" content=\"image\/jpeg\" \/>\n<meta name=\"twitter:card\" content=\"summary_large_image\" \/>\n<meta name=\"twitter:label1\" content=\"Temps estimat de lectura\" \/>\n\t<meta name=\"twitter:data1\" content=\"1 minut\" \/>\n<script type=\"application\/ld+json\" class=\"yoast-schema-graph\">{\"@context\":\"https:\\\/\\\/schema.org\",\"@graph\":[{\"@type\":\"WebPage\",\"@id\":\"https:\\\/\\\/www.editorialjuventud.es\\\/uma-la-petita-deessa-9788426135988\\\/\",\"url\":\"https:\\\/\\\/www.editorialjuventud.es\\\/uma-la-petita-deessa-9788426135988\\\/\",\"name\":\"Uma, la petita deessa - Editorial Juventud\",\"isPartOf\":{\"@id\":\"https:\\\/\\\/www.editorialjuventud.es\\\/#website\"},\"primaryImageOfPage\":{\"@id\":\"https:\\\/\\\/www.editorialjuventud.es\\\/uma-la-petita-deessa-9788426135988\\\/#primaryimage\"},\"image\":{\"@id\":\"https:\\\/\\\/www.editorialjuventud.es\\\/uma-la-petita-deessa-9788426135988\\\/#primaryimage\"},\"thumbnailUrl\":\"https:\\\/\\\/www.editorialjuventud.es\\\/wp-content\\\/uploads\\\/3598.jpg\",\"datePublished\":\"2019-02-21T12:48:08+00:00\",\"dateModified\":\"2025-07-22T12:42:37+00:00\",\"description\":\"Uma \u00e9s escollida pels sacerdots per a ser la nova deessa viva, com ho requereix la tradici\u00f3 \u00edndia. Quan comen\u00e7a una guerra, ha de fugir del seu santuari\",\"breadcrumb\":{\"@id\":\"https:\\\/\\\/www.editorialjuventud.es\\\/uma-la-petita-deessa-9788426135988\\\/#breadcrumb\"},\"inLanguage\":\"ca\",\"potentialAction\":[{\"@type\":\"ReadAction\",\"target\":[\"https:\\\/\\\/www.editorialjuventud.es\\\/uma-la-petita-deessa-9788426135988\\\/\"]}]},{\"@type\":\"ImageObject\",\"inLanguage\":\"ca\",\"@id\":\"https:\\\/\\\/www.editorialjuventud.es\\\/uma-la-petita-deessa-9788426135988\\\/#primaryimage\",\"url\":\"https:\\\/\\\/www.editorialjuventud.es\\\/wp-content\\\/uploads\\\/3598.jpg\",\"contentUrl\":\"https:\\\/\\\/www.editorialjuventud.es\\\/wp-content\\\/uploads\\\/3598.jpg\",\"width\":359,\"height\":450,\"caption\":\"3598.jpg\"},{\"@type\":\"BreadcrumbList\",\"@id\":\"https:\\\/\\\/www.editorialjuventud.es\\\/uma-la-petita-deessa-9788426135988\\\/#breadcrumb\",\"itemListElement\":[{\"@type\":\"ListItem\",\"position\":1,\"name\":\"Portada\",\"item\":\"https:\\\/\\\/www.editorialjuventud.es\\\/\"},{\"@type\":\"ListItem\",\"position\":2,\"name\":\"cat\u00e1logo\",\"item\":\"https:\\\/\\\/www.editorialjuventud.es\\\/coleccion\\\/catalogo\\\/\"},{\"@type\":\"ListItem\",\"position\":3,\"name\":\"catal\u00e0\",\"item\":\"https:\\\/\\\/www.editorialjuventud.es\\\/coleccion\\\/catala\\\/\"},{\"@type\":\"ListItem\",\"position\":4,\"name\":\"\u00c0lbums Il\u00b7lustrats\",\"item\":\"https:\\\/\\\/www.editorialjuventud.es\\\/coleccion\\\/albums-il%c2%b7lustrats\\\/\"},{\"@type\":\"ListItem\",\"position\":5,\"name\":\"Ja Llegeixo Sol!\",\"item\":\"https:\\\/\\\/www.editorialjuventud.es\\\/coleccion\\\/ja-llegeixo-sol\\\/\"},{\"@type\":\"ListItem\",\"position\":6,\"name\":\"Uma, la petita deessa\"}]},{\"@type\":\"WebSite\",\"@id\":\"https:\\\/\\\/www.editorialjuventud.es\\\/#website\",\"url\":\"https:\\\/\\\/www.editorialjuventud.es\\\/\",\"name\":\"Editorial Juventud\",\"description\":\"\",\"potentialAction\":[{\"@type\":\"SearchAction\",\"target\":{\"@type\":\"EntryPoint\",\"urlTemplate\":\"https:\\\/\\\/www.editorialjuventud.es\\\/?s={search_term_string}\"},\"query-input\":{\"@type\":\"PropertyValueSpecification\",\"valueRequired\":true,\"valueName\":\"search_term_string\"}}],\"inLanguage\":\"ca\"}]}<\/script>\n<!-- \/ Yoast SEO plugin. -->","yoast_head_json":{"title":"Uma, la petita deessa - Editorial Juventud","description":"Uma \u00e9s escollida pels sacerdots per a ser la nova deessa viva, com ho requereix la tradici\u00f3 \u00edndia. Quan comen\u00e7a una guerra, ha de fugir del seu santuari","robots":{"index":"index","follow":"follow","max-snippet":"max-snippet:-1","max-image-preview":"max-image-preview:large","max-video-preview":"max-video-preview:-1"},"canonical":"https:\/\/www.editorialjuventud.es\/uma-la-petita-deessa-9788426135988\/","og_locale":"ca_ES","og_type":"article","og_title":"Uma, la petita deessa - Editorial Juventud","og_description":"Uma \u00e9s escollida pels sacerdots per a ser la nova deessa viva, com ho requereix la tradici\u00f3 \u00edndia. Quan comen\u00e7a una guerra, ha de fugir del seu santuari","og_url":"https:\/\/www.editorialjuventud.es\/uma-la-petita-deessa-9788426135988\/","og_site_name":"Editorial Juventud","article_modified_time":"2025-07-22T12:42:37+00:00","og_image":[{"width":359,"height":450,"url":"https:\/\/www.editorialjuventud.es\/wp-content\/uploads\/3598.jpg","type":"image\/jpeg"}],"twitter_card":"summary_large_image","twitter_misc":{"Temps estimat de lectura":"1 minut"},"schema":{"@context":"https:\/\/schema.org","@graph":[{"@type":"WebPage","@id":"https:\/\/www.editorialjuventud.es\/uma-la-petita-deessa-9788426135988\/","url":"https:\/\/www.editorialjuventud.es\/uma-la-petita-deessa-9788426135988\/","name":"Uma, la petita deessa - Editorial Juventud","isPartOf":{"@id":"https:\/\/www.editorialjuventud.es\/#website"},"primaryImageOfPage":{"@id":"https:\/\/www.editorialjuventud.es\/uma-la-petita-deessa-9788426135988\/#primaryimage"},"image":{"@id":"https:\/\/www.editorialjuventud.es\/uma-la-petita-deessa-9788426135988\/#primaryimage"},"thumbnailUrl":"https:\/\/www.editorialjuventud.es\/wp-content\/uploads\/3598.jpg","datePublished":"2019-02-21T12:48:08+00:00","dateModified":"2025-07-22T12:42:37+00:00","description":"Uma \u00e9s escollida pels sacerdots per a ser la nova deessa viva, com ho requereix la tradici\u00f3 \u00edndia. Quan comen\u00e7a una guerra, ha de fugir del seu santuari","breadcrumb":{"@id":"https:\/\/www.editorialjuventud.es\/uma-la-petita-deessa-9788426135988\/#breadcrumb"},"inLanguage":"ca","potentialAction":[{"@type":"ReadAction","target":["https:\/\/www.editorialjuventud.es\/uma-la-petita-deessa-9788426135988\/"]}]},{"@type":"ImageObject","inLanguage":"ca","@id":"https:\/\/www.editorialjuventud.es\/uma-la-petita-deessa-9788426135988\/#primaryimage","url":"https:\/\/www.editorialjuventud.es\/wp-content\/uploads\/3598.jpg","contentUrl":"https:\/\/www.editorialjuventud.es\/wp-content\/uploads\/3598.jpg","width":359,"height":450,"caption":"3598.jpg"},{"@type":"BreadcrumbList","@id":"https:\/\/www.editorialjuventud.es\/uma-la-petita-deessa-9788426135988\/#breadcrumb","itemListElement":[{"@type":"ListItem","position":1,"name":"Portada","item":"https:\/\/www.editorialjuventud.es\/"},{"@type":"ListItem","position":2,"name":"cat\u00e1logo","item":"https:\/\/www.editorialjuventud.es\/coleccion\/catalogo\/"},{"@type":"ListItem","position":3,"name":"catal\u00e0","item":"https:\/\/www.editorialjuventud.es\/coleccion\/catala\/"},{"@type":"ListItem","position":4,"name":"\u00c0lbums Il\u00b7lustrats","item":"https:\/\/www.editorialjuventud.es\/coleccion\/albums-il%c2%b7lustrats\/"},{"@type":"ListItem","position":5,"name":"Ja Llegeixo Sol!","item":"https:\/\/www.editorialjuventud.es\/coleccion\/ja-llegeixo-sol\/"},{"@type":"ListItem","position":6,"name":"Uma, la petita deessa"}]},{"@type":"WebSite","@id":"https:\/\/www.editorialjuventud.es\/#website","url":"https:\/\/www.editorialjuventud.es\/","name":"Editorial Juventud","description":"","potentialAction":[{"@type":"SearchAction","target":{"@type":"EntryPoint","urlTemplate":"https:\/\/www.editorialjuventud.es\/?s={search_term_string}"},"query-input":{"@type":"PropertyValueSpecification","valueRequired":true,"valueName":"search_term_string"}}],"inLanguage":"ca"}]}},"_links":{"self":[{"href":"https:\/\/www.editorialjuventud.es\/ca\/wp-json\/wp\/v2\/product\/21437","targetHints":{"allow":["GET"]}}],"collection":[{"href":"https:\/\/www.editorialjuventud.es\/ca\/wp-json\/wp\/v2\/product"}],"about":[{"href":"https:\/\/www.editorialjuventud.es\/ca\/wp-json\/wp\/v2\/types\/product"}],"wp:featuredmedia":[{"embeddable":true,"href":"https:\/\/www.editorialjuventud.es\/ca\/wp-json\/wp\/v2\/media\/21438"}],"wp:attachment":[{"href":"https:\/\/www.editorialjuventud.es\/ca\/wp-json\/wp\/v2\/media?parent=21437"}],"wp:term":[{"taxonomy":"product_brand","embeddable":true,"href":"https:\/\/www.editorialjuventud.es\/ca\/wp-json\/wp\/v2\/product_brand?post=21437"},{"taxonomy":"product_cat","embeddable":true,"href":"https:\/\/www.editorialjuventud.es\/ca\/wp-json\/wp\/v2\/product_cat?post=21437"},{"taxonomy":"product_tag","embeddable":true,"href":"https:\/\/www.editorialjuventud.es\/ca\/wp-json\/wp\/v2\/product_tag?post=21437"},{"taxonomy":"coleccion","embeddable":true,"href":"https:\/\/www.editorialjuventud.es\/ca\/wp-json\/wp\/v2\/coleccion?post=21437"}],"curies":[{"name":"wp","href":"https:\/\/api.w.org\/{rel}","templated":true}]}}