{"id":21365,"date":"2019-02-19T11:49:52","date_gmt":"2019-02-19T10:49:52","guid":{"rendered":"https:\/\/www.editorialjuventud.es\/el-petit-dodo-9788426136862\/"},"modified":"2022-04-11T17:08:30","modified_gmt":"2022-04-11T15:08:30","slug":"el-petit-dodo-9788426136862","status":"publish","type":"product","link":"https:\/\/www.editorialjuventud.es\/ca\/el-petit-dodo-9788426136862\/","title":{"rendered":"El Petit Dod\u00f3"},"content":{"rendered":"<p>El capit\u00e0 L\u00fcttich troba a la vora del riu un ou enorme amb unes taques estranyes: pertany a un ocell extingit!<br \/>\nAix\u00ed comen\u00e7a la fant\u00e0stica aventura del capit\u00e0 L\u00fcttich i els seus nois, que els portar\u00e0 fins all\u00e0 on els raigs de sol, un cop a l&#8217;any, cauen en vertical: l&#8217;illa Maurici.<\/p>\n","protected":false},"excerpt":{"rendered":"El capit\u00e0 L\u00fcttich troba a la vora del riu un ou enorme amb unes taques estranyes: pertany a un ocell extingit! Aix\u00ed comen\u00e7a la fant\u00e0stica aventura del capit\u00e0 L\u00fcttich i els seus nois, que els portar\u00e0 fins all\u00e0 on els [&hellip;]","protected":false},"featured_media":21366,"template":"","meta":{"_acf_changed":false,"_exactmetrics_skip_tracking":false,"_exactmetrics_sitenote_active":false,"_exactmetrics_sitenote_note":"","_exactmetrics_sitenote_category":0},"product_brand":[],"product_cat":[900,1121,1143,892,1115,1193,1205,1128],"product_tag":[],"coleccion":[917,915,953],"class_list":{"0":"post-21365","1":"product","2":"type-product","3":"status-publish","4":"has-post-thumbnail","6":"product_cat-a-partir-de-5-anos","7":"product_cat-albumes-ilustrados","8":"product_cat-barcos","9":"product_cat-edades","10":"product_cat-generos","11":"product_cat-mar-oceano","12":"product_cat-padres","13":"product_cat-tematica","14":"coleccion-albums-illustrats","15":"coleccion-catala","16":"coleccion-larca-dels-contes","18":"first","19":"instock","20":"taxable","21":"shipping-taxable","22":"purchasable","23":"product-type-simple"},"acf":{"indice":"","autor":"SCH\u00d6SSOW, PETER","codart":"3686","ediciones":"1","encuadernacion":"Carton\u00e9","fecha_de_publicacion":"01\/01\/2010","novedad":"0","paginas":"32","subtitulo":"","texto_web_adicional":"","autores-libros":"","ilustradores-libros":"","texto_web_novedad":"","orden":"999","portada":"0","texto_web_resaltado":"","traductores-libros":"","descripcion_corta":"","recomendamos":"","mas_vendido":"","idioma-libro":"","color":false,"formato":"","mas_informacion_del_producto":false,"premios":false,"texto_enlace_cubierta":"","enlace_cubierta":false,"texto_enlace_ficha_tecnica":"","enlace_ficha_tecnica":false,"ficheros":false,"titulo-fr":"","texto-fr":""},"yoast_head":"<!-- This site is optimized with the Yoast SEO plugin v27.5 - https:\/\/yoast.com\/product\/yoast-seo-wordpress\/ -->\n<title>El Petit Dod\u00f3 - Editorial Juventud<\/title>\n<meta name=\"description\" content=\"El capit\u00e0 L\u00fcttich troba a la vora del riu un ou enorme amb unes taques estranyes: pertany a un ocell extingit! Aix\u00ed comen\u00e7a la fant\u00e0stica aventura del\" \/>\n<meta name=\"robots\" content=\"index, follow, max-snippet:-1, max-image-preview:large, max-video-preview:-1\" \/>\n<link rel=\"canonical\" href=\"https:\/\/www.editorialjuventud.es\/el-petit-dodo-9788426136862\/\" \/>\n<meta property=\"og:locale\" content=\"ca_ES\" \/>\n<meta property=\"og:type\" content=\"article\" \/>\n<meta property=\"og:title\" content=\"El Petit Dod\u00f3 - Editorial Juventud\" \/>\n<meta property=\"og:description\" content=\"El capit\u00e0 L\u00fcttich troba a la vora del riu un ou enorme amb unes taques estranyes: pertany a un ocell extingit! Aix\u00ed comen\u00e7a la fant\u00e0stica aventura del\" \/>\n<meta property=\"og:url\" content=\"https:\/\/www.editorialjuventud.es\/el-petit-dodo-9788426136862\/\" \/>\n<meta property=\"og:site_name\" content=\"Editorial Juventud\" \/>\n<meta property=\"article:modified_time\" content=\"2022-04-11T15:08:30+00:00\" \/>\n<meta property=\"og:image\" content=\"https:\/\/www.editorialjuventud.es\/wp-content\/uploads\/3686.jpg\" \/>\n\t<meta property=\"og:image:width\" content=\"493\" \/>\n\t<meta property=\"og:image:height\" content=\"400\" \/>\n\t<meta property=\"og:image:type\" content=\"image\/jpeg\" \/>\n<meta name=\"twitter:card\" content=\"summary_large_image\" \/>\n<script type=\"application\/ld+json\" class=\"yoast-schema-graph\">{\"@context\":\"https:\\\/\\\/schema.org\",\"@graph\":[{\"@type\":\"WebPage\",\"@id\":\"https:\\\/\\\/www.editorialjuventud.es\\\/el-petit-dodo-9788426136862\\\/\",\"url\":\"https:\\\/\\\/www.editorialjuventud.es\\\/el-petit-dodo-9788426136862\\\/\",\"name\":\"El Petit Dod\u00f3 - Editorial Juventud\",\"isPartOf\":{\"@id\":\"https:\\\/\\\/www.editorialjuventud.es\\\/#website\"},\"primaryImageOfPage\":{\"@id\":\"https:\\\/\\\/www.editorialjuventud.es\\\/el-petit-dodo-9788426136862\\\/#primaryimage\"},\"image\":{\"@id\":\"https:\\\/\\\/www.editorialjuventud.es\\\/el-petit-dodo-9788426136862\\\/#primaryimage\"},\"thumbnailUrl\":\"https:\\\/\\\/www.editorialjuventud.es\\\/wp-content\\\/uploads\\\/3686.jpg\",\"datePublished\":\"2019-02-19T10:49:52+00:00\",\"dateModified\":\"2022-04-11T15:08:30+00:00\",\"description\":\"El capit\u00e0 L\u00fcttich troba a la vora del riu un ou enorme amb unes taques estranyes: pertany a un ocell extingit! Aix\u00ed comen\u00e7a la fant\u00e0stica aventura del\",\"breadcrumb\":{\"@id\":\"https:\\\/\\\/www.editorialjuventud.es\\\/el-petit-dodo-9788426136862\\\/#breadcrumb\"},\"inLanguage\":\"ca\",\"potentialAction\":[{\"@type\":\"ReadAction\",\"target\":[\"https:\\\/\\\/www.editorialjuventud.es\\\/el-petit-dodo-9788426136862\\\/\"]}]},{\"@type\":\"ImageObject\",\"inLanguage\":\"ca\",\"@id\":\"https:\\\/\\\/www.editorialjuventud.es\\\/el-petit-dodo-9788426136862\\\/#primaryimage\",\"url\":\"https:\\\/\\\/www.editorialjuventud.es\\\/wp-content\\\/uploads\\\/3686.jpg\",\"contentUrl\":\"https:\\\/\\\/www.editorialjuventud.es\\\/wp-content\\\/uploads\\\/3686.jpg\",\"width\":493,\"height\":400,\"caption\":\"3686.jpg\"},{\"@type\":\"BreadcrumbList\",\"@id\":\"https:\\\/\\\/www.editorialjuventud.es\\\/el-petit-dodo-9788426136862\\\/#breadcrumb\",\"itemListElement\":[{\"@type\":\"ListItem\",\"position\":1,\"name\":\"Portada\",\"item\":\"https:\\\/\\\/www.editorialjuventud.es\\\/\"},{\"@type\":\"ListItem\",\"position\":2,\"name\":\"cat\u00e1logo\",\"item\":\"https:\\\/\\\/www.editorialjuventud.es\\\/coleccion\\\/catalogo\\\/\"},{\"@type\":\"ListItem\",\"position\":3,\"name\":\"catal\u00e0\",\"item\":\"https:\\\/\\\/www.editorialjuventud.es\\\/coleccion\\\/catala\\\/\"},{\"@type\":\"ListItem\",\"position\":4,\"name\":\"\u00c0lbums Il\u00b7lustrats\",\"item\":\"https:\\\/\\\/www.editorialjuventud.es\\\/coleccion\\\/albums-il%c2%b7lustrats\\\/\"},{\"@type\":\"ListItem\",\"position\":5,\"name\":\"L'Arca dels Contes\",\"item\":\"https:\\\/\\\/www.editorialjuventud.es\\\/coleccion\\\/larca-dels-contes\\\/\"},{\"@type\":\"ListItem\",\"position\":6,\"name\":\"El Petit Dod\u00f3\"}]},{\"@type\":\"WebSite\",\"@id\":\"https:\\\/\\\/www.editorialjuventud.es\\\/#website\",\"url\":\"https:\\\/\\\/www.editorialjuventud.es\\\/\",\"name\":\"Editorial Juventud\",\"description\":\"\",\"potentialAction\":[{\"@type\":\"SearchAction\",\"target\":{\"@type\":\"EntryPoint\",\"urlTemplate\":\"https:\\\/\\\/www.editorialjuventud.es\\\/?s={search_term_string}\"},\"query-input\":{\"@type\":\"PropertyValueSpecification\",\"valueRequired\":true,\"valueName\":\"search_term_string\"}}],\"inLanguage\":\"ca\"}]}<\/script>\n<!-- \/ Yoast SEO plugin. -->","yoast_head_json":{"title":"El Petit Dod\u00f3 - Editorial Juventud","description":"El capit\u00e0 L\u00fcttich troba a la vora del riu un ou enorme amb unes taques estranyes: pertany a un ocell extingit! Aix\u00ed comen\u00e7a la fant\u00e0stica aventura del","robots":{"index":"index","follow":"follow","max-snippet":"max-snippet:-1","max-image-preview":"max-image-preview:large","max-video-preview":"max-video-preview:-1"},"canonical":"https:\/\/www.editorialjuventud.es\/el-petit-dodo-9788426136862\/","og_locale":"ca_ES","og_type":"article","og_title":"El Petit Dod\u00f3 - Editorial Juventud","og_description":"El capit\u00e0 L\u00fcttich troba a la vora del riu un ou enorme amb unes taques estranyes: pertany a un ocell extingit! Aix\u00ed comen\u00e7a la fant\u00e0stica aventura del","og_url":"https:\/\/www.editorialjuventud.es\/el-petit-dodo-9788426136862\/","og_site_name":"Editorial Juventud","article_modified_time":"2022-04-11T15:08:30+00:00","og_image":[{"width":493,"height":400,"url":"https:\/\/www.editorialjuventud.es\/wp-content\/uploads\/3686.jpg","type":"image\/jpeg"}],"twitter_card":"summary_large_image","schema":{"@context":"https:\/\/schema.org","@graph":[{"@type":"WebPage","@id":"https:\/\/www.editorialjuventud.es\/el-petit-dodo-9788426136862\/","url":"https:\/\/www.editorialjuventud.es\/el-petit-dodo-9788426136862\/","name":"El Petit Dod\u00f3 - Editorial Juventud","isPartOf":{"@id":"https:\/\/www.editorialjuventud.es\/#website"},"primaryImageOfPage":{"@id":"https:\/\/www.editorialjuventud.es\/el-petit-dodo-9788426136862\/#primaryimage"},"image":{"@id":"https:\/\/www.editorialjuventud.es\/el-petit-dodo-9788426136862\/#primaryimage"},"thumbnailUrl":"https:\/\/www.editorialjuventud.es\/wp-content\/uploads\/3686.jpg","datePublished":"2019-02-19T10:49:52+00:00","dateModified":"2022-04-11T15:08:30+00:00","description":"El capit\u00e0 L\u00fcttich troba a la vora del riu un ou enorme amb unes taques estranyes: pertany a un ocell extingit! Aix\u00ed comen\u00e7a la fant\u00e0stica aventura del","breadcrumb":{"@id":"https:\/\/www.editorialjuventud.es\/el-petit-dodo-9788426136862\/#breadcrumb"},"inLanguage":"ca","potentialAction":[{"@type":"ReadAction","target":["https:\/\/www.editorialjuventud.es\/el-petit-dodo-9788426136862\/"]}]},{"@type":"ImageObject","inLanguage":"ca","@id":"https:\/\/www.editorialjuventud.es\/el-petit-dodo-9788426136862\/#primaryimage","url":"https:\/\/www.editorialjuventud.es\/wp-content\/uploads\/3686.jpg","contentUrl":"https:\/\/www.editorialjuventud.es\/wp-content\/uploads\/3686.jpg","width":493,"height":400,"caption":"3686.jpg"},{"@type":"BreadcrumbList","@id":"https:\/\/www.editorialjuventud.es\/el-petit-dodo-9788426136862\/#breadcrumb","itemListElement":[{"@type":"ListItem","position":1,"name":"Portada","item":"https:\/\/www.editorialjuventud.es\/"},{"@type":"ListItem","position":2,"name":"cat\u00e1logo","item":"https:\/\/www.editorialjuventud.es\/coleccion\/catalogo\/"},{"@type":"ListItem","position":3,"name":"catal\u00e0","item":"https:\/\/www.editorialjuventud.es\/coleccion\/catala\/"},{"@type":"ListItem","position":4,"name":"\u00c0lbums Il\u00b7lustrats","item":"https:\/\/www.editorialjuventud.es\/coleccion\/albums-il%c2%b7lustrats\/"},{"@type":"ListItem","position":5,"name":"L'Arca dels Contes","item":"https:\/\/www.editorialjuventud.es\/coleccion\/larca-dels-contes\/"},{"@type":"ListItem","position":6,"name":"El Petit Dod\u00f3"}]},{"@type":"WebSite","@id":"https:\/\/www.editorialjuventud.es\/#website","url":"https:\/\/www.editorialjuventud.es\/","name":"Editorial Juventud","description":"","potentialAction":[{"@type":"SearchAction","target":{"@type":"EntryPoint","urlTemplate":"https:\/\/www.editorialjuventud.es\/?s={search_term_string}"},"query-input":{"@type":"PropertyValueSpecification","valueRequired":true,"valueName":"search_term_string"}}],"inLanguage":"ca"}]}},"_links":{"self":[{"href":"https:\/\/www.editorialjuventud.es\/ca\/wp-json\/wp\/v2\/product\/21365","targetHints":{"allow":["GET"]}}],"collection":[{"href":"https:\/\/www.editorialjuventud.es\/ca\/wp-json\/wp\/v2\/product"}],"about":[{"href":"https:\/\/www.editorialjuventud.es\/ca\/wp-json\/wp\/v2\/types\/product"}],"wp:featuredmedia":[{"embeddable":true,"href":"https:\/\/www.editorialjuventud.es\/ca\/wp-json\/wp\/v2\/media\/21366"}],"wp:attachment":[{"href":"https:\/\/www.editorialjuventud.es\/ca\/wp-json\/wp\/v2\/media?parent=21365"}],"wp:term":[{"taxonomy":"product_brand","embeddable":true,"href":"https:\/\/www.editorialjuventud.es\/ca\/wp-json\/wp\/v2\/product_brand?post=21365"},{"taxonomy":"product_cat","embeddable":true,"href":"https:\/\/www.editorialjuventud.es\/ca\/wp-json\/wp\/v2\/product_cat?post=21365"},{"taxonomy":"product_tag","embeddable":true,"href":"https:\/\/www.editorialjuventud.es\/ca\/wp-json\/wp\/v2\/product_tag?post=21365"},{"taxonomy":"coleccion","embeddable":true,"href":"https:\/\/www.editorialjuventud.es\/ca\/wp-json\/wp\/v2\/coleccion?post=21365"}],"curies":[{"name":"wp","href":"https:\/\/api.w.org\/{rel}","templated":true}]}}