{"id":21359,"date":"2019-02-19T11:21:27","date_gmt":"2019-02-19T10:21:27","guid":{"rendered":"https:\/\/www.editorialjuventud.es\/qui-mha-llencat-la-caca-9788426135940\/"},"modified":"2025-01-22T13:37:21","modified_gmt":"2025-01-22T12:37:21","slug":"qui-mha-llencat-la-caca-9788426135940","status":"publish","type":"product","link":"https:\/\/www.editorialjuventud.es\/ca\/qui-mha-llencat-la-caca-9788426135940\/","title":{"rendered":"Qui m&#8217;ha llen\u00e7at? la caca?"},"content":{"rendered":"<p>Alg\u00fa li ha fet una broma a en Furley que no li ha fet cap gr\u00e0cia. Est\u00e0 molt empipat i surt a buscar un culpable. \u2013Qui m&#8217;ha llen\u00e7at la caca? \u2013pregunta en to acusador a tots els animals que va trobant. En Furley sospita de tothom. Poc s&#8217;imagina que el veritable culpable el t\u00e9 tan a prop.<br \/>\u00b7 Un \u00e0lbum en clau d&#8217;humor sobre el comportament dels animals<br \/>\u00b7 Un conte escatol\u00f2gic per a riure amb els m\u00e9s petits<br \/>\u00b7 L&#8217;expressivitat de les il\u00b7lustracions afegix un toc d&#8217;humor al conte<\/p>\n","protected":false},"excerpt":{"rendered":"Alg\u00fa li ha fet una broma a en Furley que no li ha fet cap gr\u00e0cia. Est\u00e0 molt empipat i surt a buscar un culpable. \u2013Qui m&#8217;ha llen\u00e7at la caca? \u2013pregunta en to acusador a tots els animals que va [&hellip;]","protected":false},"featured_media":21360,"template":"","meta":{"_acf_changed":false,"_exactmetrics_skip_tracking":false,"_exactmetrics_sitenote_active":false,"_exactmetrics_sitenote_note":"","_exactmetrics_sitenote_category":0},"product_brand":[],"product_cat":[900,1121,1138,1184],"product_tag":[],"coleccion":[917,915,954],"class_list":{"0":"post-21359","1":"product","2":"type-product","3":"status-publish","4":"has-post-thumbnail","6":"product_cat-a-partir-de-5-anos","7":"product_cat-albumes-ilustrados","8":"product_cat-animales","9":"product_cat-humor","10":"coleccion-albums-illustrats","11":"coleccion-catala","12":"coleccion-llegir-entre-rialles","14":"first","15":"instock","16":"taxable","17":"shipping-taxable","18":"purchasable","19":"product-type-simple"},"acf":{"indice":"","autor":"Redlich, Ben","codart":"3594","ediciones":"0","encuadernacion":"Carton\u00e9","fecha_de_publicacion":"01\/01\/2010","novedad":"0","paginas":"32","subtitulo":"","texto_web_adicional":"","autores-libros":[16578],"ilustradores-libros":[16578],"texto_web_novedad":"","orden":"999","portada":"0","texto_web_resaltado":"","traductores-libros":"","descripcion_corta":"","recomendamos":"","mas_vendido":"","idioma-libro":"","color":false,"formato":"","mas_informacion_del_producto":false,"premios":false,"texto_enlace_cubierta":"","enlace_cubierta":{"ID":23880,"id":23880,"title":"cover3594","filename":"cover3594.jpg","filesize":30094,"url":"https:\/\/www.editorialjuventud.es\/wp-content\/uploads\/cover3594.jpg","link":"https:\/\/www.editorialjuventud.es\/ca\/?attachment_id=23880","alt":"","author":"47","description":"","caption":"","name":"cover3594","status":"inherit","uploaded_to":21359,"date":"2019-04-11 07:26:51","modified":"2019-04-11 07:26:51","menu_order":0,"mime_type":"image\/jpeg","type":"image","subtype":"jpeg","icon":"https:\/\/www.editorialjuventud.es\/wp-includes\/images\/media\/default.png","width":383,"height":400,"sizes":{"thumbnail":"https:\/\/www.editorialjuventud.es\/wp-content\/uploads\/cover3594-200x200.jpg","thumbnail-width":200,"thumbnail-height":200,"medium":"https:\/\/www.editorialjuventud.es\/wp-content\/uploads\/cover3594.jpg","medium-width":383,"medium-height":400,"medium_large":"https:\/\/www.editorialjuventud.es\/wp-content\/uploads\/cover3594.jpg","medium_large-width":383,"medium_large-height":400,"large":"https:\/\/www.editorialjuventud.es\/wp-content\/uploads\/cover3594.jpg","large-width":383,"large-height":400,"1536x1536":"https:\/\/www.editorialjuventud.es\/wp-content\/uploads\/cover3594.jpg","1536x1536-width":383,"1536x1536-height":400,"2048x2048":"https:\/\/www.editorialjuventud.es\/wp-content\/uploads\/cover3594.jpg","2048x2048-width":383,"2048x2048-height":400,"woocommerce_thumbnail":"https:\/\/www.editorialjuventud.es\/wp-content\/uploads\/cover3594-350x366.jpg","woocommerce_thumbnail-width":350,"woocommerce_thumbnail-height":366,"woocommerce_single":"https:\/\/www.editorialjuventud.es\/wp-content\/uploads\/cover3594.jpg","woocommerce_single-width":383,"woocommerce_single-height":400,"woocommerce_gallery_thumbnail":"https:\/\/www.editorialjuventud.es\/wp-content\/uploads\/cover3594-100x100.jpg","woocommerce_gallery_thumbnail-width":100,"woocommerce_gallery_thumbnail-height":100,"ppec_logo_image_size":"https:\/\/www.editorialjuventud.es\/wp-content\/uploads\/cover3594.jpg","ppec_logo_image_size-width":57,"ppec_logo_image_size-height":60,"ppec_header_image_size":"https:\/\/www.editorialjuventud.es\/wp-content\/uploads\/cover3594.jpg","ppec_header_image_size-width":86,"ppec_header_image_size-height":90}},"texto_enlace_ficha_tecnica":"","enlace_ficha_tecnica":false,"ficheros":false,"titulo-fr":"","texto-fr":"","fecha_de_reimpresion":"","deshabilitar_compra":["deshabilitar"]},"yoast_head":"<!-- This site is optimized with the Yoast SEO plugin v27.5 - https:\/\/yoast.com\/product\/yoast-seo-wordpress\/ -->\n<title>Qui m&#039;ha llen\u00e7at? la caca? - Editorial Juventud<\/title>\n<meta name=\"description\" content=\"Alg\u00fa li ha fet una broma a en Furley que no li ha fet cap gr\u00e0cia. Est\u00e0 molt empipat i surt a buscar un culpable. \u2013Qui m&#039;ha llen\u00e7at la caca? \u2013pregunta en\" \/>\n<meta name=\"robots\" content=\"index, follow, max-snippet:-1, max-image-preview:large, max-video-preview:-1\" \/>\n<link rel=\"canonical\" href=\"https:\/\/www.editorialjuventud.es\/qui-mha-llencat-la-caca-9788426135940\/\" \/>\n<meta property=\"og:locale\" content=\"ca_ES\" \/>\n<meta property=\"og:type\" content=\"article\" \/>\n<meta property=\"og:title\" content=\"Qui m&#039;ha llen\u00e7at? la caca? - Editorial Juventud\" \/>\n<meta property=\"og:description\" content=\"Alg\u00fa li ha fet una broma a en Furley que no li ha fet cap gr\u00e0cia. Est\u00e0 molt empipat i surt a buscar un culpable. \u2013Qui m&#039;ha llen\u00e7at la caca? \u2013pregunta en\" \/>\n<meta property=\"og:url\" content=\"https:\/\/www.editorialjuventud.es\/qui-mha-llencat-la-caca-9788426135940\/\" \/>\n<meta property=\"og:site_name\" content=\"Editorial Juventud\" \/>\n<meta property=\"article:modified_time\" content=\"2025-01-22T12:37:21+00:00\" \/>\n<meta property=\"og:image\" content=\"https:\/\/www.editorialjuventud.es\/wp-content\/uploads\/3594.jpg\" \/>\n\t<meta property=\"og:image:width\" content=\"383\" \/>\n\t<meta property=\"og:image:height\" content=\"400\" \/>\n\t<meta property=\"og:image:type\" content=\"image\/jpeg\" \/>\n<meta name=\"twitter:card\" content=\"summary_large_image\" \/>\n<script type=\"application\/ld+json\" class=\"yoast-schema-graph\">{\"@context\":\"https:\\\/\\\/schema.org\",\"@graph\":[{\"@type\":\"WebPage\",\"@id\":\"https:\\\/\\\/www.editorialjuventud.es\\\/qui-mha-llencat-la-caca-9788426135940\\\/\",\"url\":\"https:\\\/\\\/www.editorialjuventud.es\\\/qui-mha-llencat-la-caca-9788426135940\\\/\",\"name\":\"Qui m'ha llen\u00e7at? la caca? - Editorial Juventud\",\"isPartOf\":{\"@id\":\"https:\\\/\\\/www.editorialjuventud.es\\\/#website\"},\"primaryImageOfPage\":{\"@id\":\"https:\\\/\\\/www.editorialjuventud.es\\\/qui-mha-llencat-la-caca-9788426135940\\\/#primaryimage\"},\"image\":{\"@id\":\"https:\\\/\\\/www.editorialjuventud.es\\\/qui-mha-llencat-la-caca-9788426135940\\\/#primaryimage\"},\"thumbnailUrl\":\"https:\\\/\\\/www.editorialjuventud.es\\\/wp-content\\\/uploads\\\/3594.jpg\",\"datePublished\":\"2019-02-19T10:21:27+00:00\",\"dateModified\":\"2025-01-22T12:37:21+00:00\",\"description\":\"Alg\u00fa li ha fet una broma a en Furley que no li ha fet cap gr\u00e0cia. Est\u00e0 molt empipat i surt a buscar un culpable. \u2013Qui m'ha llen\u00e7at la caca? \u2013pregunta en\",\"breadcrumb\":{\"@id\":\"https:\\\/\\\/www.editorialjuventud.es\\\/qui-mha-llencat-la-caca-9788426135940\\\/#breadcrumb\"},\"inLanguage\":\"ca\",\"potentialAction\":[{\"@type\":\"ReadAction\",\"target\":[\"https:\\\/\\\/www.editorialjuventud.es\\\/qui-mha-llencat-la-caca-9788426135940\\\/\"]}]},{\"@type\":\"ImageObject\",\"inLanguage\":\"ca\",\"@id\":\"https:\\\/\\\/www.editorialjuventud.es\\\/qui-mha-llencat-la-caca-9788426135940\\\/#primaryimage\",\"url\":\"https:\\\/\\\/www.editorialjuventud.es\\\/wp-content\\\/uploads\\\/3594.jpg\",\"contentUrl\":\"https:\\\/\\\/www.editorialjuventud.es\\\/wp-content\\\/uploads\\\/3594.jpg\",\"width\":383,\"height\":400,\"caption\":\"3594.jpg\"},{\"@type\":\"BreadcrumbList\",\"@id\":\"https:\\\/\\\/www.editorialjuventud.es\\\/qui-mha-llencat-la-caca-9788426135940\\\/#breadcrumb\",\"itemListElement\":[{\"@type\":\"ListItem\",\"position\":1,\"name\":\"Portada\",\"item\":\"https:\\\/\\\/www.editorialjuventud.es\\\/\"},{\"@type\":\"ListItem\",\"position\":2,\"name\":\"cat\u00e1logo\",\"item\":\"https:\\\/\\\/www.editorialjuventud.es\\\/coleccion\\\/catalogo\\\/\"},{\"@type\":\"ListItem\",\"position\":3,\"name\":\"catal\u00e0\",\"item\":\"https:\\\/\\\/www.editorialjuventud.es\\\/coleccion\\\/catala\\\/\"},{\"@type\":\"ListItem\",\"position\":4,\"name\":\"\u00c0lbums Il\u00b7lustrats\",\"item\":\"https:\\\/\\\/www.editorialjuventud.es\\\/coleccion\\\/albums-il%c2%b7lustrats\\\/\"},{\"@type\":\"ListItem\",\"position\":5,\"name\":\"Llegir entre Rialles\",\"item\":\"https:\\\/\\\/www.editorialjuventud.es\\\/coleccion\\\/llegir-entre-rialles\\\/\"},{\"@type\":\"ListItem\",\"position\":6,\"name\":\"Qui m'ha llen\u00e7at? la caca?\"}]},{\"@type\":\"WebSite\",\"@id\":\"https:\\\/\\\/www.editorialjuventud.es\\\/#website\",\"url\":\"https:\\\/\\\/www.editorialjuventud.es\\\/\",\"name\":\"Editorial Juventud\",\"description\":\"\",\"potentialAction\":[{\"@type\":\"SearchAction\",\"target\":{\"@type\":\"EntryPoint\",\"urlTemplate\":\"https:\\\/\\\/www.editorialjuventud.es\\\/?s={search_term_string}\"},\"query-input\":{\"@type\":\"PropertyValueSpecification\",\"valueRequired\":true,\"valueName\":\"search_term_string\"}}],\"inLanguage\":\"ca\"}]}<\/script>\n<!-- \/ Yoast SEO plugin. -->","yoast_head_json":{"title":"Qui m'ha llen\u00e7at? la caca? - Editorial Juventud","description":"Alg\u00fa li ha fet una broma a en Furley que no li ha fet cap gr\u00e0cia. Est\u00e0 molt empipat i surt a buscar un culpable. \u2013Qui m'ha llen\u00e7at la caca? \u2013pregunta en","robots":{"index":"index","follow":"follow","max-snippet":"max-snippet:-1","max-image-preview":"max-image-preview:large","max-video-preview":"max-video-preview:-1"},"canonical":"https:\/\/www.editorialjuventud.es\/qui-mha-llencat-la-caca-9788426135940\/","og_locale":"ca_ES","og_type":"article","og_title":"Qui m'ha llen\u00e7at? la caca? - Editorial Juventud","og_description":"Alg\u00fa li ha fet una broma a en Furley que no li ha fet cap gr\u00e0cia. Est\u00e0 molt empipat i surt a buscar un culpable. \u2013Qui m'ha llen\u00e7at la caca? \u2013pregunta en","og_url":"https:\/\/www.editorialjuventud.es\/qui-mha-llencat-la-caca-9788426135940\/","og_site_name":"Editorial Juventud","article_modified_time":"2025-01-22T12:37:21+00:00","og_image":[{"width":383,"height":400,"url":"https:\/\/www.editorialjuventud.es\/wp-content\/uploads\/3594.jpg","type":"image\/jpeg"}],"twitter_card":"summary_large_image","schema":{"@context":"https:\/\/schema.org","@graph":[{"@type":"WebPage","@id":"https:\/\/www.editorialjuventud.es\/qui-mha-llencat-la-caca-9788426135940\/","url":"https:\/\/www.editorialjuventud.es\/qui-mha-llencat-la-caca-9788426135940\/","name":"Qui m'ha llen\u00e7at? la caca? - Editorial Juventud","isPartOf":{"@id":"https:\/\/www.editorialjuventud.es\/#website"},"primaryImageOfPage":{"@id":"https:\/\/www.editorialjuventud.es\/qui-mha-llencat-la-caca-9788426135940\/#primaryimage"},"image":{"@id":"https:\/\/www.editorialjuventud.es\/qui-mha-llencat-la-caca-9788426135940\/#primaryimage"},"thumbnailUrl":"https:\/\/www.editorialjuventud.es\/wp-content\/uploads\/3594.jpg","datePublished":"2019-02-19T10:21:27+00:00","dateModified":"2025-01-22T12:37:21+00:00","description":"Alg\u00fa li ha fet una broma a en Furley que no li ha fet cap gr\u00e0cia. Est\u00e0 molt empipat i surt a buscar un culpable. \u2013Qui m'ha llen\u00e7at la caca? \u2013pregunta en","breadcrumb":{"@id":"https:\/\/www.editorialjuventud.es\/qui-mha-llencat-la-caca-9788426135940\/#breadcrumb"},"inLanguage":"ca","potentialAction":[{"@type":"ReadAction","target":["https:\/\/www.editorialjuventud.es\/qui-mha-llencat-la-caca-9788426135940\/"]}]},{"@type":"ImageObject","inLanguage":"ca","@id":"https:\/\/www.editorialjuventud.es\/qui-mha-llencat-la-caca-9788426135940\/#primaryimage","url":"https:\/\/www.editorialjuventud.es\/wp-content\/uploads\/3594.jpg","contentUrl":"https:\/\/www.editorialjuventud.es\/wp-content\/uploads\/3594.jpg","width":383,"height":400,"caption":"3594.jpg"},{"@type":"BreadcrumbList","@id":"https:\/\/www.editorialjuventud.es\/qui-mha-llencat-la-caca-9788426135940\/#breadcrumb","itemListElement":[{"@type":"ListItem","position":1,"name":"Portada","item":"https:\/\/www.editorialjuventud.es\/"},{"@type":"ListItem","position":2,"name":"cat\u00e1logo","item":"https:\/\/www.editorialjuventud.es\/coleccion\/catalogo\/"},{"@type":"ListItem","position":3,"name":"catal\u00e0","item":"https:\/\/www.editorialjuventud.es\/coleccion\/catala\/"},{"@type":"ListItem","position":4,"name":"\u00c0lbums Il\u00b7lustrats","item":"https:\/\/www.editorialjuventud.es\/coleccion\/albums-il%c2%b7lustrats\/"},{"@type":"ListItem","position":5,"name":"Llegir entre Rialles","item":"https:\/\/www.editorialjuventud.es\/coleccion\/llegir-entre-rialles\/"},{"@type":"ListItem","position":6,"name":"Qui m'ha llen\u00e7at? la caca?"}]},{"@type":"WebSite","@id":"https:\/\/www.editorialjuventud.es\/#website","url":"https:\/\/www.editorialjuventud.es\/","name":"Editorial Juventud","description":"","potentialAction":[{"@type":"SearchAction","target":{"@type":"EntryPoint","urlTemplate":"https:\/\/www.editorialjuventud.es\/?s={search_term_string}"},"query-input":{"@type":"PropertyValueSpecification","valueRequired":true,"valueName":"search_term_string"}}],"inLanguage":"ca"}]}},"_links":{"self":[{"href":"https:\/\/www.editorialjuventud.es\/ca\/wp-json\/wp\/v2\/product\/21359","targetHints":{"allow":["GET"]}}],"collection":[{"href":"https:\/\/www.editorialjuventud.es\/ca\/wp-json\/wp\/v2\/product"}],"about":[{"href":"https:\/\/www.editorialjuventud.es\/ca\/wp-json\/wp\/v2\/types\/product"}],"wp:featuredmedia":[{"embeddable":true,"href":"https:\/\/www.editorialjuventud.es\/ca\/wp-json\/wp\/v2\/media\/21360"}],"wp:attachment":[{"href":"https:\/\/www.editorialjuventud.es\/ca\/wp-json\/wp\/v2\/media?parent=21359"}],"wp:term":[{"taxonomy":"product_brand","embeddable":true,"href":"https:\/\/www.editorialjuventud.es\/ca\/wp-json\/wp\/v2\/product_brand?post=21359"},{"taxonomy":"product_cat","embeddable":true,"href":"https:\/\/www.editorialjuventud.es\/ca\/wp-json\/wp\/v2\/product_cat?post=21359"},{"taxonomy":"product_tag","embeddable":true,"href":"https:\/\/www.editorialjuventud.es\/ca\/wp-json\/wp\/v2\/product_tag?post=21359"},{"taxonomy":"coleccion","embeddable":true,"href":"https:\/\/www.editorialjuventud.es\/ca\/wp-json\/wp\/v2\/coleccion?post=21359"}],"curies":[{"name":"wp","href":"https:\/\/api.w.org\/{rel}","templated":true}]}}