{"id":21337,"date":"2019-02-18T11:20:16","date_gmt":"2019-02-18T10:20:16","guid":{"rendered":"https:\/\/www.editorialjuventud.es\/formes-9788426140623\/"},"modified":"2019-12-02T19:12:51","modified_gmt":"2019-12-02T18:12:51","slug":"formes-9788426140623","status":"publish","type":"product","link":"https:\/\/www.editorialjuventud.es\/ca\/formes-9788426140623\/","title":{"rendered":"Formes"},"content":{"rendered":"<p>Segueix la misteriosa caixa vermella a trav\u00e9s del seu viatge per aire, terra i mar, de nit i de dia, en un viatge a trav\u00e9s de les formes&#8230; Nom\u00e9s has de girar els fulls transparents endavant i endarrere per descobrir les diferents formes i veure com canvien les imatges sota les transpar\u00e8ncies&#8230;<br \/>\nUn llibre amb un plantejament gr\u00e0fic nou per llegir amb els m\u00e9s petits, per estimular la conversa i la interacci\u00f3 visual a cada p\u00e0gina.<\/p>\n","protected":false},"excerpt":{"rendered":"Segueix la misteriosa caixa vermella a trav\u00e9s del seu viatge per aire, terra i mar, de nit i de dia, en un viatge a trav\u00e9s de les formes&#8230; Nom\u00e9s has de girar els fulls transparents endavant i endarrere per descobrir [&hellip;]","protected":false},"featured_media":21338,"template":"","meta":{"_acf_changed":false,"_exactmetrics_skip_tracking":false,"_exactmetrics_sitenote_active":false,"_exactmetrics_sitenote_note":"","_exactmetrics_sitenote_category":0},"product_brand":[],"product_cat":[899,1121,892,1115,1123,1213,1128],"product_tag":[],"coleccion":[915,962,920],"class_list":{"0":"post-21337","1":"product","2":"type-product","3":"status-publish","4":"has-post-thumbnail","6":"product_cat-a-partir-de-3-anos","7":"product_cat-albumes-ilustrados","8":"product_cat-edades","9":"product_cat-generos","10":"product_cat-libros-informativos-infantil","11":"product_cat-primeros-conceptos","12":"product_cat-tematica","13":"coleccion-catala","14":"coleccion-els-meus-primers-conceptes","15":"coleccion-els-meus-primers-llibres","17":"first","18":"instock","19":"taxable","20":"shipping-taxable","21":"purchasable","22":"product-type-simple"},"acf":{"indice":"","autor":"PATRICKGEORGE","codart":"4062","ediciones":"1","encuadernacion":"Carton\u00e9","fecha_de_publicacion":"05\/05\/2014","novedad":"0","paginas":"33","subtitulo":"","texto_web_adicional":"","autores-libros":[17699],"ilustradores-libros":[17699],"texto_web_novedad":"","orden":"999","portada":"0","texto_web_resaltado":"","traductores-libros":"","descripcion_corta":"","recomendamos":"","mas_vendido":"","idioma-libro":"","color":false,"formato":"","mas_informacion_del_producto":false,"premios":false,"texto_enlace_cubierta":"","enlace_cubierta":{"ID":24288,"id":24288,"title":"formes-cover","filename":"formes-cover.jpg","filesize":130226,"url":"https:\/\/www.editorialjuventud.es\/wp-content\/uploads\/formes-cover.jpg","link":"https:\/\/www.editorialjuventud.es\/ca\/?attachment_id=24288","alt":"","author":"47","description":"","caption":"","name":"formes-cover","status":"inherit","uploaded_to":21337,"date":"2019-04-16 06:40:53","modified":"2019-04-16 06:40:53","menu_order":0,"mime_type":"image\/jpeg","type":"image","subtype":"jpeg","icon":"https:\/\/www.editorialjuventud.es\/wp-includes\/images\/media\/default.png","width":2036,"height":1876,"sizes":{"thumbnail":"https:\/\/www.editorialjuventud.es\/wp-content\/uploads\/formes-cover-200x200.jpg","thumbnail-width":200,"thumbnail-height":200,"medium":"https:\/\/www.editorialjuventud.es\/wp-content\/uploads\/formes-cover.jpg","medium-width":2036,"medium-height":1876,"medium_large":"https:\/\/www.editorialjuventud.es\/wp-content\/uploads\/formes-cover-768x708.jpg","medium_large-width":768,"medium_large-height":708,"large":"https:\/\/www.editorialjuventud.es\/wp-content\/uploads\/formes-cover.jpg","large-width":2036,"large-height":1876,"1536x1536":"https:\/\/www.editorialjuventud.es\/wp-content\/uploads\/formes-cover.jpg","1536x1536-width":1536,"1536x1536-height":1415,"2048x2048":"https:\/\/www.editorialjuventud.es\/wp-content\/uploads\/formes-cover.jpg","2048x2048-width":2036,"2048x2048-height":1876,"woocommerce_thumbnail":"https:\/\/www.editorialjuventud.es\/wp-content\/uploads\/formes-cover-350x322.jpg","woocommerce_thumbnail-width":350,"woocommerce_thumbnail-height":322,"woocommerce_single":"https:\/\/www.editorialjuventud.es\/wp-content\/uploads\/formes-cover-900x829.jpg","woocommerce_single-width":900,"woocommerce_single-height":829,"woocommerce_gallery_thumbnail":"https:\/\/www.editorialjuventud.es\/wp-content\/uploads\/formes-cover-100x100.jpg","woocommerce_gallery_thumbnail-width":100,"woocommerce_gallery_thumbnail-height":100,"ppec_logo_image_size":"https:\/\/www.editorialjuventud.es\/wp-content\/uploads\/formes-cover.jpg","ppec_logo_image_size-width":65,"ppec_logo_image_size-height":60,"ppec_header_image_size":"https:\/\/www.editorialjuventud.es\/wp-content\/uploads\/formes-cover.jpg","ppec_header_image_size-width":98,"ppec_header_image_size-height":90}},"texto_enlace_ficha_tecnica":"","enlace_ficha_tecnica":false,"ficheros":false,"titulo-fr":"","texto-fr":""},"yoast_head":"<!-- This site is optimized with the Yoast SEO plugin v27.5 - https:\/\/yoast.com\/product\/yoast-seo-wordpress\/ -->\n<title>Formes - Editorial Juventud<\/title>\n<meta name=\"description\" content=\"Segueix la misteriosa caixa vermella a trav\u00e9s del seu viatge per aire, terra i mar, de nit i de dia, en un viatge a trav\u00e9s de les formes... Nom\u00e9s has de\" \/>\n<meta name=\"robots\" content=\"index, follow, max-snippet:-1, max-image-preview:large, max-video-preview:-1\" \/>\n<link rel=\"canonical\" href=\"https:\/\/www.editorialjuventud.es\/ca\/formes-9788426140623\/\" \/>\n<meta property=\"og:locale\" content=\"ca_ES\" \/>\n<meta property=\"og:type\" content=\"article\" \/>\n<meta property=\"og:title\" content=\"Formes - Editorial Juventud\" \/>\n<meta property=\"og:description\" content=\"Segueix la misteriosa caixa vermella a trav\u00e9s del seu viatge per aire, terra i mar, de nit i de dia, en un viatge a trav\u00e9s de les formes... Nom\u00e9s has de\" \/>\n<meta property=\"og:url\" content=\"https:\/\/www.editorialjuventud.es\/ca\/formes-9788426140623\/\" \/>\n<meta property=\"og:site_name\" content=\"Editorial Juventud\" \/>\n<meta property=\"article:modified_time\" content=\"2019-12-02T18:12:51+00:00\" \/>\n<meta property=\"og:image\" content=\"https:\/\/www.editorialjuventud.es\/wp-content\/uploads\/4062.jpg\" \/>\n\t<meta property=\"og:image:width\" content=\"489\" \/>\n\t<meta property=\"og:image:height\" content=\"450\" \/>\n\t<meta property=\"og:image:type\" content=\"image\/jpeg\" \/>\n<meta name=\"twitter:card\" content=\"summary_large_image\" \/>\n<script type=\"application\/ld+json\" class=\"yoast-schema-graph\">{\"@context\":\"https:\\\/\\\/schema.org\",\"@graph\":[{\"@type\":\"WebPage\",\"@id\":\"https:\\\/\\\/www.editorialjuventud.es\\\/ca\\\/formes-9788426140623\\\/\",\"url\":\"https:\\\/\\\/www.editorialjuventud.es\\\/ca\\\/formes-9788426140623\\\/\",\"name\":\"Formes - Editorial Juventud\",\"isPartOf\":{\"@id\":\"https:\\\/\\\/www.editorialjuventud.es\\\/#website\"},\"primaryImageOfPage\":{\"@id\":\"https:\\\/\\\/www.editorialjuventud.es\\\/ca\\\/formes-9788426140623\\\/#primaryimage\"},\"image\":{\"@id\":\"https:\\\/\\\/www.editorialjuventud.es\\\/ca\\\/formes-9788426140623\\\/#primaryimage\"},\"thumbnailUrl\":\"https:\\\/\\\/www.editorialjuventud.es\\\/wp-content\\\/uploads\\\/4062.jpg\",\"datePublished\":\"2019-02-18T10:20:16+00:00\",\"dateModified\":\"2019-12-02T18:12:51+00:00\",\"description\":\"Segueix la misteriosa caixa vermella a trav\u00e9s del seu viatge per aire, terra i mar, de nit i de dia, en un viatge a trav\u00e9s de les formes... Nom\u00e9s has de\",\"breadcrumb\":{\"@id\":\"https:\\\/\\\/www.editorialjuventud.es\\\/ca\\\/formes-9788426140623\\\/#breadcrumb\"},\"inLanguage\":\"ca\",\"potentialAction\":[{\"@type\":\"ReadAction\",\"target\":[\"https:\\\/\\\/www.editorialjuventud.es\\\/ca\\\/formes-9788426140623\\\/\"]}]},{\"@type\":\"ImageObject\",\"inLanguage\":\"ca\",\"@id\":\"https:\\\/\\\/www.editorialjuventud.es\\\/ca\\\/formes-9788426140623\\\/#primaryimage\",\"url\":\"https:\\\/\\\/www.editorialjuventud.es\\\/wp-content\\\/uploads\\\/4062.jpg\",\"contentUrl\":\"https:\\\/\\\/www.editorialjuventud.es\\\/wp-content\\\/uploads\\\/4062.jpg\",\"width\":489,\"height\":450,\"caption\":\"4062.jpg\"},{\"@type\":\"BreadcrumbList\",\"@id\":\"https:\\\/\\\/www.editorialjuventud.es\\\/ca\\\/formes-9788426140623\\\/#breadcrumb\",\"itemListElement\":[{\"@type\":\"ListItem\",\"position\":1,\"name\":\"Portada\",\"item\":\"https:\\\/\\\/www.editorialjuventud.es\\\/\"},{\"@type\":\"ListItem\",\"position\":2,\"name\":\"cat\u00e1logo\",\"item\":\"https:\\\/\\\/www.editorialjuventud.es\\\/coleccion\\\/catalogo\\\/\"},{\"@type\":\"ListItem\",\"position\":3,\"name\":\"catal\u00e0\",\"item\":\"https:\\\/\\\/www.editorialjuventud.es\\\/coleccion\\\/catala\\\/\"},{\"@type\":\"ListItem\",\"position\":4,\"name\":\"Els Meus Primers Llibres\",\"item\":\"https:\\\/\\\/www.editorialjuventud.es\\\/ca\\\/coleccion\\\/els-meus-primers-llibres\\\/\"},{\"@type\":\"ListItem\",\"position\":5,\"name\":\"Els Meus Primers Conceptes\",\"item\":\"https:\\\/\\\/www.editorialjuventud.es\\\/coleccion\\\/els-meus-primers-conceptes\\\/\"},{\"@type\":\"ListItem\",\"position\":6,\"name\":\"Formes\"}]},{\"@type\":\"WebSite\",\"@id\":\"https:\\\/\\\/www.editorialjuventud.es\\\/#website\",\"url\":\"https:\\\/\\\/www.editorialjuventud.es\\\/\",\"name\":\"Editorial Juventud\",\"description\":\"\",\"potentialAction\":[{\"@type\":\"SearchAction\",\"target\":{\"@type\":\"EntryPoint\",\"urlTemplate\":\"https:\\\/\\\/www.editorialjuventud.es\\\/?s={search_term_string}\"},\"query-input\":{\"@type\":\"PropertyValueSpecification\",\"valueRequired\":true,\"valueName\":\"search_term_string\"}}],\"inLanguage\":\"ca\"}]}<\/script>\n<!-- \/ Yoast SEO plugin. -->","yoast_head_json":{"title":"Formes - Editorial Juventud","description":"Segueix la misteriosa caixa vermella a trav\u00e9s del seu viatge per aire, terra i mar, de nit i de dia, en un viatge a trav\u00e9s de les formes... Nom\u00e9s has de","robots":{"index":"index","follow":"follow","max-snippet":"max-snippet:-1","max-image-preview":"max-image-preview:large","max-video-preview":"max-video-preview:-1"},"canonical":"https:\/\/www.editorialjuventud.es\/ca\/formes-9788426140623\/","og_locale":"ca_ES","og_type":"article","og_title":"Formes - Editorial Juventud","og_description":"Segueix la misteriosa caixa vermella a trav\u00e9s del seu viatge per aire, terra i mar, de nit i de dia, en un viatge a trav\u00e9s de les formes... Nom\u00e9s has de","og_url":"https:\/\/www.editorialjuventud.es\/ca\/formes-9788426140623\/","og_site_name":"Editorial Juventud","article_modified_time":"2019-12-02T18:12:51+00:00","og_image":[{"width":489,"height":450,"url":"https:\/\/www.editorialjuventud.es\/wp-content\/uploads\/4062.jpg","type":"image\/jpeg"}],"twitter_card":"summary_large_image","schema":{"@context":"https:\/\/schema.org","@graph":[{"@type":"WebPage","@id":"https:\/\/www.editorialjuventud.es\/ca\/formes-9788426140623\/","url":"https:\/\/www.editorialjuventud.es\/ca\/formes-9788426140623\/","name":"Formes - Editorial Juventud","isPartOf":{"@id":"https:\/\/www.editorialjuventud.es\/#website"},"primaryImageOfPage":{"@id":"https:\/\/www.editorialjuventud.es\/ca\/formes-9788426140623\/#primaryimage"},"image":{"@id":"https:\/\/www.editorialjuventud.es\/ca\/formes-9788426140623\/#primaryimage"},"thumbnailUrl":"https:\/\/www.editorialjuventud.es\/wp-content\/uploads\/4062.jpg","datePublished":"2019-02-18T10:20:16+00:00","dateModified":"2019-12-02T18:12:51+00:00","description":"Segueix la misteriosa caixa vermella a trav\u00e9s del seu viatge per aire, terra i mar, de nit i de dia, en un viatge a trav\u00e9s de les formes... Nom\u00e9s has de","breadcrumb":{"@id":"https:\/\/www.editorialjuventud.es\/ca\/formes-9788426140623\/#breadcrumb"},"inLanguage":"ca","potentialAction":[{"@type":"ReadAction","target":["https:\/\/www.editorialjuventud.es\/ca\/formes-9788426140623\/"]}]},{"@type":"ImageObject","inLanguage":"ca","@id":"https:\/\/www.editorialjuventud.es\/ca\/formes-9788426140623\/#primaryimage","url":"https:\/\/www.editorialjuventud.es\/wp-content\/uploads\/4062.jpg","contentUrl":"https:\/\/www.editorialjuventud.es\/wp-content\/uploads\/4062.jpg","width":489,"height":450,"caption":"4062.jpg"},{"@type":"BreadcrumbList","@id":"https:\/\/www.editorialjuventud.es\/ca\/formes-9788426140623\/#breadcrumb","itemListElement":[{"@type":"ListItem","position":1,"name":"Portada","item":"https:\/\/www.editorialjuventud.es\/"},{"@type":"ListItem","position":2,"name":"cat\u00e1logo","item":"https:\/\/www.editorialjuventud.es\/coleccion\/catalogo\/"},{"@type":"ListItem","position":3,"name":"catal\u00e0","item":"https:\/\/www.editorialjuventud.es\/coleccion\/catala\/"},{"@type":"ListItem","position":4,"name":"Els Meus Primers Llibres","item":"https:\/\/www.editorialjuventud.es\/ca\/coleccion\/els-meus-primers-llibres\/"},{"@type":"ListItem","position":5,"name":"Els Meus Primers Conceptes","item":"https:\/\/www.editorialjuventud.es\/coleccion\/els-meus-primers-conceptes\/"},{"@type":"ListItem","position":6,"name":"Formes"}]},{"@type":"WebSite","@id":"https:\/\/www.editorialjuventud.es\/#website","url":"https:\/\/www.editorialjuventud.es\/","name":"Editorial Juventud","description":"","potentialAction":[{"@type":"SearchAction","target":{"@type":"EntryPoint","urlTemplate":"https:\/\/www.editorialjuventud.es\/?s={search_term_string}"},"query-input":{"@type":"PropertyValueSpecification","valueRequired":true,"valueName":"search_term_string"}}],"inLanguage":"ca"}]}},"_links":{"self":[{"href":"https:\/\/www.editorialjuventud.es\/ca\/wp-json\/wp\/v2\/product\/21337","targetHints":{"allow":["GET"]}}],"collection":[{"href":"https:\/\/www.editorialjuventud.es\/ca\/wp-json\/wp\/v2\/product"}],"about":[{"href":"https:\/\/www.editorialjuventud.es\/ca\/wp-json\/wp\/v2\/types\/product"}],"wp:featuredmedia":[{"embeddable":true,"href":"https:\/\/www.editorialjuventud.es\/ca\/wp-json\/wp\/v2\/media\/21338"}],"wp:attachment":[{"href":"https:\/\/www.editorialjuventud.es\/ca\/wp-json\/wp\/v2\/media?parent=21337"}],"wp:term":[{"taxonomy":"product_brand","embeddable":true,"href":"https:\/\/www.editorialjuventud.es\/ca\/wp-json\/wp\/v2\/product_brand?post=21337"},{"taxonomy":"product_cat","embeddable":true,"href":"https:\/\/www.editorialjuventud.es\/ca\/wp-json\/wp\/v2\/product_cat?post=21337"},{"taxonomy":"product_tag","embeddable":true,"href":"https:\/\/www.editorialjuventud.es\/ca\/wp-json\/wp\/v2\/product_tag?post=21337"},{"taxonomy":"coleccion","embeddable":true,"href":"https:\/\/www.editorialjuventud.es\/ca\/wp-json\/wp\/v2\/coleccion?post=21337"}],"curies":[{"name":"wp","href":"https:\/\/api.w.org\/{rel}","templated":true}]}}