{"id":20745,"date":"2019-02-04T13:39:14","date_gmt":"2019-02-04T12:39:14","guid":{"rendered":"https:\/\/www.editorialjuventud.es\/el-bolet-9788426144188\/"},"modified":"2021-10-22T14:33:32","modified_gmt":"2021-10-22T12:33:32","slug":"el-bolet-9788426144188","status":"publish","type":"product","link":"https:\/\/www.editorialjuventud.es\/ca\/el-bolet-9788426144188\/","title":{"rendered":"El bolet"},"content":{"rendered":"<p>Aquest petit \u00e0lbum documental \u00e9s el segon t\u00edtol de la s\u00e8rie dissenyada per Bernadette Gervais. L\u2019autora proposa observar la natura centrant-se en un sol element, familiar per al nen. En aquest llibre ens revela els secrets dels bolets i, a trav\u00e9s d\u2019ells, ens adonem de la diversitat, els recursos i els perills que comporta la natura.<\/p>\n<p>Com es reconeix un bolet verin\u00f3s? Qui menja bolets? Com neix un fong? Perqu\u00e8 TOTS aprenguin i comprenguin aquesta meravella de la natura, l\u2019autora ha dissenyat solapes que s\u2019aixequen per descobrir l\u2019evoluci\u00f3 d\u2019un fenomen, o revelar qu\u00e8 hi ha darrere d\u2019un amagatall&#8230; Al final del llibre hi trobarem el cl\u00e0ssic joc dels set errors, recurs que se suma als de la resta del llibre, i que fan que sigui una divertida manera d\u2019aprendre jugant.<\/p>\n","protected":false},"excerpt":{"rendered":"Aquest petit \u00e0lbum documental \u00e9s el segon t\u00edtol de la s\u00e8rie dissenyada per Bernadette Gervais. L\u2019autora proposa observar la natura centrant-se en un sol element, familiar per al nen. En aquest llibre ens revela els secrets dels bolets i, a [&hellip;]","protected":false},"featured_media":20746,"template":"","meta":{"_acf_changed":false,"_exactmetrics_skip_tracking":false,"_exactmetrics_sitenote_active":false,"_exactmetrics_sitenote_note":"","_exactmetrics_sitenote_category":0},"product_brand":[],"product_cat":[900,1121,1147,892,1115,1123,1201,1128],"product_tag":[],"coleccion":[917,915,946,1041],"class_list":{"0":"post-20745","1":"product","2":"type-product","3":"status-publish","4":"has-post-thumbnail","6":"product_cat-a-partir-de-5-anos","7":"product_cat-albumes-ilustrados","8":"product_cat-ciclo-de-la-vida","9":"product_cat-edades","10":"product_cat-generos","11":"product_cat-libros-informativos-infantil","12":"product_cat-naturaleza-biodiversidad","13":"product_cat-tematica","14":"coleccion-albums-illustrats","15":"coleccion-catala","16":"coleccion-com-i-per-que","17":"coleccion-meravelles-de-la-natura","19":"first","20":"instock","21":"taxable","22":"shipping-taxable","23":"purchasable","24":"product-type-simple"},"acf":{"indice":"","autor":"GERVAIS, BERNADETTE","codart":"4418","ediciones":"1","encuadernacion":"POP UPS","fecha_de_publicacion":"01\/07\/2017","novedad":"0","paginas":"24","subtitulo":"","texto_web_adicional":"","autores-libros":[16367],"ilustradores-libros":[16367],"texto_web_novedad":"","orden":"999","portada":"0","texto_web_resaltado":"","traductores-libros":[30410],"descripcion_corta":"","recomendamos":"","mas_vendido":"","idioma-libro":"","color":false,"formato":"","mas_informacion_del_producto":false,"premios":false,"texto_enlace_cubierta":"","enlace_cubierta":false,"texto_enlace_ficha_tecnica":"","enlace_ficha_tecnica":{"ID":30411,"id":30411,"title":"El bolet Fitxa","filename":"El-bolet-Fitxa.pdf","filesize":330875,"url":"https:\/\/www.editorialjuventud.es\/wp-content\/uploads\/El-bolet-Fitxa.pdf","link":"https:\/\/www.editorialjuventud.es\/ca\/?attachment_id=30411","alt":"","author":"47","description":"","caption":"","name":"el-bolet-fitxa","status":"inherit","uploaded_to":20745,"date":"2019-07-24 08:25:59","modified":"2019-07-24 08:25:59","menu_order":0,"mime_type":"application\/pdf","type":"application","subtype":"pdf","icon":"https:\/\/www.editorialjuventud.es\/wp-includes\/images\/media\/document.png"},"ficheros":false,"titulo-fr":"","texto-fr":""},"yoast_head":"<!-- This site is optimized with the Yoast SEO plugin v27.5 - https:\/\/yoast.com\/product\/yoast-seo-wordpress\/ -->\n<title>El bolet - Editorial Juventud<\/title>\n<meta name=\"description\" content=\"Aquest petit \u00e0lbum documental \u00e9s el segon t\u00edtol de la s\u00e8rie dissenyada per Bernadette Gervais. L\u2019autora proposa observar la natura centrant-se en un sol\" \/>\n<meta name=\"robots\" content=\"index, follow, max-snippet:-1, max-image-preview:large, max-video-preview:-1\" \/>\n<link rel=\"canonical\" href=\"https:\/\/www.editorialjuventud.es\/ca\/el-bolet-9788426144188\/\" \/>\n<meta property=\"og:locale\" content=\"ca_ES\" \/>\n<meta property=\"og:type\" content=\"article\" \/>\n<meta property=\"og:title\" content=\"El bolet - Editorial Juventud\" \/>\n<meta property=\"og:description\" content=\"Aquest petit \u00e0lbum documental \u00e9s el segon t\u00edtol de la s\u00e8rie dissenyada per Bernadette Gervais. L\u2019autora proposa observar la natura centrant-se en un sol\" \/>\n<meta property=\"og:url\" content=\"https:\/\/www.editorialjuventud.es\/ca\/el-bolet-9788426144188\/\" \/>\n<meta property=\"og:site_name\" content=\"Editorial Juventud\" \/>\n<meta property=\"article:modified_time\" content=\"2021-10-22T12:33:32+00:00\" \/>\n<meta property=\"og:image\" content=\"https:\/\/www.editorialjuventud.es\/wp-content\/uploads\/9788426144188.jpg\" \/>\n\t<meta property=\"og:image:width\" content=\"1125\" \/>\n\t<meta property=\"og:image:height\" content=\"1200\" \/>\n\t<meta property=\"og:image:type\" content=\"image\/jpeg\" \/>\n<meta name=\"twitter:card\" content=\"summary_large_image\" \/>\n<meta name=\"twitter:label1\" content=\"Temps estimat de lectura\" \/>\n\t<meta name=\"twitter:data1\" content=\"1 minut\" \/>\n<script type=\"application\/ld+json\" class=\"yoast-schema-graph\">{\"@context\":\"https:\\\/\\\/schema.org\",\"@graph\":[{\"@type\":\"WebPage\",\"@id\":\"https:\\\/\\\/www.editorialjuventud.es\\\/ca\\\/el-bolet-9788426144188\\\/\",\"url\":\"https:\\\/\\\/www.editorialjuventud.es\\\/ca\\\/el-bolet-9788426144188\\\/\",\"name\":\"El bolet - Editorial Juventud\",\"isPartOf\":{\"@id\":\"https:\\\/\\\/www.editorialjuventud.es\\\/#website\"},\"primaryImageOfPage\":{\"@id\":\"https:\\\/\\\/www.editorialjuventud.es\\\/ca\\\/el-bolet-9788426144188\\\/#primaryimage\"},\"image\":{\"@id\":\"https:\\\/\\\/www.editorialjuventud.es\\\/ca\\\/el-bolet-9788426144188\\\/#primaryimage\"},\"thumbnailUrl\":\"https:\\\/\\\/www.editorialjuventud.es\\\/wp-content\\\/uploads\\\/9788426144188.jpg\",\"datePublished\":\"2019-02-04T12:39:14+00:00\",\"dateModified\":\"2021-10-22T12:33:32+00:00\",\"description\":\"Aquest petit \u00e0lbum documental \u00e9s el segon t\u00edtol de la s\u00e8rie dissenyada per Bernadette Gervais. L\u2019autora proposa observar la natura centrant-se en un sol\",\"breadcrumb\":{\"@id\":\"https:\\\/\\\/www.editorialjuventud.es\\\/ca\\\/el-bolet-9788426144188\\\/#breadcrumb\"},\"inLanguage\":\"ca\",\"potentialAction\":[{\"@type\":\"ReadAction\",\"target\":[\"https:\\\/\\\/www.editorialjuventud.es\\\/ca\\\/el-bolet-9788426144188\\\/\"]}]},{\"@type\":\"ImageObject\",\"inLanguage\":\"ca\",\"@id\":\"https:\\\/\\\/www.editorialjuventud.es\\\/ca\\\/el-bolet-9788426144188\\\/#primaryimage\",\"url\":\"https:\\\/\\\/www.editorialjuventud.es\\\/wp-content\\\/uploads\\\/9788426144188.jpg\",\"contentUrl\":\"https:\\\/\\\/www.editorialjuventud.es\\\/wp-content\\\/uploads\\\/9788426144188.jpg\",\"width\":1125,\"height\":1200,\"caption\":\"9788426144188.jpg\"},{\"@type\":\"BreadcrumbList\",\"@id\":\"https:\\\/\\\/www.editorialjuventud.es\\\/ca\\\/el-bolet-9788426144188\\\/#breadcrumb\",\"itemListElement\":[{\"@type\":\"ListItem\",\"position\":1,\"name\":\"Portada\",\"item\":\"https:\\\/\\\/www.editorialjuventud.es\\\/\"},{\"@type\":\"ListItem\",\"position\":2,\"name\":\"cat\u00e1logo\",\"item\":\"https:\\\/\\\/www.editorialjuventud.es\\\/coleccion\\\/catalogo\\\/\"},{\"@type\":\"ListItem\",\"position\":3,\"name\":\"catal\u00e0\",\"item\":\"https:\\\/\\\/www.editorialjuventud.es\\\/coleccion\\\/catala\\\/\"},{\"@type\":\"ListItem\",\"position\":4,\"name\":\"\u00c0lbums Il\u00b7lustrats\",\"item\":\"https:\\\/\\\/www.editorialjuventud.es\\\/coleccion\\\/albums-il%c2%b7lustrats\\\/\"},{\"@type\":\"ListItem\",\"position\":5,\"name\":\"Com i Per qu\u00e8\",\"item\":\"https:\\\/\\\/www.editorialjuventud.es\\\/coleccion\\\/com-i-per-que\\\/\"},{\"@type\":\"ListItem\",\"position\":6,\"name\":\"Meravelles de la Natura\",\"item\":\"https:\\\/\\\/www.editorialjuventud.es\\\/coleccion\\\/meravelles-de-la-natura\\\/\"},{\"@type\":\"ListItem\",\"position\":7,\"name\":\"El bolet\"}]},{\"@type\":\"WebSite\",\"@id\":\"https:\\\/\\\/www.editorialjuventud.es\\\/#website\",\"url\":\"https:\\\/\\\/www.editorialjuventud.es\\\/\",\"name\":\"Editorial Juventud\",\"description\":\"\",\"potentialAction\":[{\"@type\":\"SearchAction\",\"target\":{\"@type\":\"EntryPoint\",\"urlTemplate\":\"https:\\\/\\\/www.editorialjuventud.es\\\/?s={search_term_string}\"},\"query-input\":{\"@type\":\"PropertyValueSpecification\",\"valueRequired\":true,\"valueName\":\"search_term_string\"}}],\"inLanguage\":\"ca\"}]}<\/script>\n<!-- \/ Yoast SEO plugin. -->","yoast_head_json":{"title":"El bolet - Editorial Juventud","description":"Aquest petit \u00e0lbum documental \u00e9s el segon t\u00edtol de la s\u00e8rie dissenyada per Bernadette Gervais. L\u2019autora proposa observar la natura centrant-se en un sol","robots":{"index":"index","follow":"follow","max-snippet":"max-snippet:-1","max-image-preview":"max-image-preview:large","max-video-preview":"max-video-preview:-1"},"canonical":"https:\/\/www.editorialjuventud.es\/ca\/el-bolet-9788426144188\/","og_locale":"ca_ES","og_type":"article","og_title":"El bolet - Editorial Juventud","og_description":"Aquest petit \u00e0lbum documental \u00e9s el segon t\u00edtol de la s\u00e8rie dissenyada per Bernadette Gervais. L\u2019autora proposa observar la natura centrant-se en un sol","og_url":"https:\/\/www.editorialjuventud.es\/ca\/el-bolet-9788426144188\/","og_site_name":"Editorial Juventud","article_modified_time":"2021-10-22T12:33:32+00:00","og_image":[{"width":1125,"height":1200,"url":"https:\/\/www.editorialjuventud.es\/wp-content\/uploads\/9788426144188.jpg","type":"image\/jpeg"}],"twitter_card":"summary_large_image","twitter_misc":{"Temps estimat de lectura":"1 minut"},"schema":{"@context":"https:\/\/schema.org","@graph":[{"@type":"WebPage","@id":"https:\/\/www.editorialjuventud.es\/ca\/el-bolet-9788426144188\/","url":"https:\/\/www.editorialjuventud.es\/ca\/el-bolet-9788426144188\/","name":"El bolet - Editorial Juventud","isPartOf":{"@id":"https:\/\/www.editorialjuventud.es\/#website"},"primaryImageOfPage":{"@id":"https:\/\/www.editorialjuventud.es\/ca\/el-bolet-9788426144188\/#primaryimage"},"image":{"@id":"https:\/\/www.editorialjuventud.es\/ca\/el-bolet-9788426144188\/#primaryimage"},"thumbnailUrl":"https:\/\/www.editorialjuventud.es\/wp-content\/uploads\/9788426144188.jpg","datePublished":"2019-02-04T12:39:14+00:00","dateModified":"2021-10-22T12:33:32+00:00","description":"Aquest petit \u00e0lbum documental \u00e9s el segon t\u00edtol de la s\u00e8rie dissenyada per Bernadette Gervais. L\u2019autora proposa observar la natura centrant-se en un sol","breadcrumb":{"@id":"https:\/\/www.editorialjuventud.es\/ca\/el-bolet-9788426144188\/#breadcrumb"},"inLanguage":"ca","potentialAction":[{"@type":"ReadAction","target":["https:\/\/www.editorialjuventud.es\/ca\/el-bolet-9788426144188\/"]}]},{"@type":"ImageObject","inLanguage":"ca","@id":"https:\/\/www.editorialjuventud.es\/ca\/el-bolet-9788426144188\/#primaryimage","url":"https:\/\/www.editorialjuventud.es\/wp-content\/uploads\/9788426144188.jpg","contentUrl":"https:\/\/www.editorialjuventud.es\/wp-content\/uploads\/9788426144188.jpg","width":1125,"height":1200,"caption":"9788426144188.jpg"},{"@type":"BreadcrumbList","@id":"https:\/\/www.editorialjuventud.es\/ca\/el-bolet-9788426144188\/#breadcrumb","itemListElement":[{"@type":"ListItem","position":1,"name":"Portada","item":"https:\/\/www.editorialjuventud.es\/"},{"@type":"ListItem","position":2,"name":"cat\u00e1logo","item":"https:\/\/www.editorialjuventud.es\/coleccion\/catalogo\/"},{"@type":"ListItem","position":3,"name":"catal\u00e0","item":"https:\/\/www.editorialjuventud.es\/coleccion\/catala\/"},{"@type":"ListItem","position":4,"name":"\u00c0lbums Il\u00b7lustrats","item":"https:\/\/www.editorialjuventud.es\/coleccion\/albums-il%c2%b7lustrats\/"},{"@type":"ListItem","position":5,"name":"Com i Per qu\u00e8","item":"https:\/\/www.editorialjuventud.es\/coleccion\/com-i-per-que\/"},{"@type":"ListItem","position":6,"name":"Meravelles de la Natura","item":"https:\/\/www.editorialjuventud.es\/coleccion\/meravelles-de-la-natura\/"},{"@type":"ListItem","position":7,"name":"El bolet"}]},{"@type":"WebSite","@id":"https:\/\/www.editorialjuventud.es\/#website","url":"https:\/\/www.editorialjuventud.es\/","name":"Editorial Juventud","description":"","potentialAction":[{"@type":"SearchAction","target":{"@type":"EntryPoint","urlTemplate":"https:\/\/www.editorialjuventud.es\/?s={search_term_string}"},"query-input":{"@type":"PropertyValueSpecification","valueRequired":true,"valueName":"search_term_string"}}],"inLanguage":"ca"}]}},"_links":{"self":[{"href":"https:\/\/www.editorialjuventud.es\/ca\/wp-json\/wp\/v2\/product\/20745","targetHints":{"allow":["GET"]}}],"collection":[{"href":"https:\/\/www.editorialjuventud.es\/ca\/wp-json\/wp\/v2\/product"}],"about":[{"href":"https:\/\/www.editorialjuventud.es\/ca\/wp-json\/wp\/v2\/types\/product"}],"wp:featuredmedia":[{"embeddable":true,"href":"https:\/\/www.editorialjuventud.es\/ca\/wp-json\/wp\/v2\/media\/20746"}],"wp:attachment":[{"href":"https:\/\/www.editorialjuventud.es\/ca\/wp-json\/wp\/v2\/media?parent=20745"}],"wp:term":[{"taxonomy":"product_brand","embeddable":true,"href":"https:\/\/www.editorialjuventud.es\/ca\/wp-json\/wp\/v2\/product_brand?post=20745"},{"taxonomy":"product_cat","embeddable":true,"href":"https:\/\/www.editorialjuventud.es\/ca\/wp-json\/wp\/v2\/product_cat?post=20745"},{"taxonomy":"product_tag","embeddable":true,"href":"https:\/\/www.editorialjuventud.es\/ca\/wp-json\/wp\/v2\/product_tag?post=20745"},{"taxonomy":"coleccion","embeddable":true,"href":"https:\/\/www.editorialjuventud.es\/ca\/wp-json\/wp\/v2\/coleccion?post=20745"}],"curies":[{"name":"wp","href":"https:\/\/api.w.org\/{rel}","templated":true}]}}