{"id":20742,"date":"2019-02-04T13:35:55","date_gmt":"2019-02-04T12:35:55","guid":{"rendered":"https:\/\/www.editorialjuventud.es\/123-ja-9788426144775\/"},"modified":"2019-11-29T15:36:33","modified_gmt":"2019-11-29T14:36:33","slug":"123-ja-9788426144775","status":"publish","type":"product","link":"https:\/\/www.editorialjuventud.es\/ca\/123-ja-9788426144775\/","title":{"rendered":"1.2.3&#8230; JA!"},"content":{"rendered":"<p>El puma pot fer un salt de fins a 5 metres, l&#8217;equivalent a 3 vegades la seva grand\u00e0ria. L&#8217;estru\u00e7 afric\u00e0 pot c\u00f3rrer en esprint a 70 km\/h. El pop pot fer contorsions i ficar-se en un forat de 8 cent\u00edmetres. Salt d&#8217;al\u00e7ada, carrera de fons, gimn\u00e0stica, escalada, halterof\u00edlia&#8230; Hi ha tantes proves esportives en qu\u00e8 els animals sobresurten!<\/p>\n<p>Perfectament equipats i entrenats per c\u00f3rrer, nedar, saltar, volar o bussejar, alguns fins i tot poden batre r\u00e8cords gr\u00e0cies a les seves extraordin\u00e0ries aptituds f\u00edsiques. Aquests atletes d&#8217;alt nivell, d&#8217;or\u00edgens molt diversos, competiran aqu\u00ed, cadascun en la seva disciplina esportiva. Obriu pas als campions!<\/p>\n","protected":false},"excerpt":{"rendered":"El puma pot fer un salt de fins a 5 metres, l&#8217;equivalent a 3 vegades la seva grand\u00e0ria. L&#8217;estru\u00e7 afric\u00e0 pot c\u00f3rrer en esprint a 70 km\/h. El pop pot fer contorsions i ficar-se en un forat de 8 cent\u00edmetres. [&hellip;]","protected":false},"featured_media":20743,"template":"","meta":{"_acf_changed":false,"_exactmetrics_skip_tracking":false,"_exactmetrics_sitenote_active":false,"_exactmetrics_sitenote_note":"","_exactmetrics_sitenote_category":0},"product_brand":[],"product_cat":[900,1121,1138,892,1115,1123,1128],"product_tag":[],"coleccion":[917,915,946],"class_list":{"0":"post-20742","1":"product","2":"type-product","3":"status-publish","4":"has-post-thumbnail","6":"product_cat-a-partir-de-5-anos","7":"product_cat-albumes-ilustrados","8":"product_cat-animales","9":"product_cat-edades","10":"product_cat-generos","11":"product_cat-libros-informativos-infantil","12":"product_cat-tematica","13":"coleccion-albums-illustrats","14":"coleccion-catala","15":"coleccion-com-i-per-que","17":"first","18":"instock","19":"taxable","20":"shipping-taxable","21":"purchasable","22":"product-type-simple"},"acf":{"indice":"","autor":"H\u00e9delin, Pascale","codart":"4477","ediciones":"1","encuadernacion":"Carton\u00e9","fecha_de_publicacion":"01\/10\/2017","novedad":"0","paginas":"48","subtitulo":"","texto_web_adicional":"","autores-libros":[16400],"ilustradores-libros":[17522],"texto_web_novedad":"","orden":"999","portada":"0","texto_web_resaltado":"","traductores-libros":"","descripcion_corta":"","recomendamos":"","mas_vendido":"","idioma-libro":"","color":false,"formato":"","mas_informacion_del_producto":false,"premios":false,"texto_enlace_cubierta":"","enlace_cubierta":false,"texto_enlace_ficha_tecnica":"","enlace_ficha_tecnica":{"ID":26077,"id":26077,"title":"1 2 3 JA Fitxa","filename":"1-2-3-JA-Fitxa.pdf","filesize":195682,"url":"https:\/\/www.editorialjuventud.es\/wp-content\/uploads\/1-2-3-JA-Fitxa.pdf","link":"https:\/\/www.editorialjuventud.es\/ca\/?attachment_id=26077","alt":"","author":"47","description":"","caption":"","name":"1-2-3-ja-fitxa","status":"inherit","uploaded_to":20742,"date":"2019-05-23 11:51:43","modified":"2019-05-23 11:51:43","menu_order":0,"mime_type":"application\/pdf","type":"application","subtype":"pdf","icon":"https:\/\/www.editorialjuventud.es\/wp-includes\/images\/media\/document.png"},"ficheros":false,"titulo-fr":"","texto-fr":""},"yoast_head":"<!-- This site is optimized with the Yoast SEO plugin v27.3 - https:\/\/yoast.com\/product\/yoast-seo-wordpress\/ -->\n<title>1.2.3... JA! - Editorial Juventud<\/title>\n<meta name=\"description\" content=\"El puma pot fer un salt de fins a 5 metres, l&#039;equivalent a 3 vegades la seva grand\u00e0ria. L&#039;estru\u00e7 afric\u00e0 pot c\u00f3rrer en esprint a 70 km\/h. El pop pot fer\" \/>\n<meta name=\"robots\" content=\"index, follow, max-snippet:-1, max-image-preview:large, max-video-preview:-1\" \/>\n<link rel=\"canonical\" href=\"https:\/\/www.editorialjuventud.es\/123-ja-9788426144775\/\" \/>\n<meta property=\"og:locale\" content=\"ca_ES\" \/>\n<meta property=\"og:type\" content=\"article\" \/>\n<meta property=\"og:title\" content=\"1.2.3... JA! - Editorial Juventud\" \/>\n<meta property=\"og:description\" content=\"El puma pot fer un salt de fins a 5 metres, l&#039;equivalent a 3 vegades la seva grand\u00e0ria. L&#039;estru\u00e7 afric\u00e0 pot c\u00f3rrer en esprint a 70 km\/h. El pop pot fer\" \/>\n<meta property=\"og:url\" content=\"https:\/\/www.editorialjuventud.es\/123-ja-9788426144775\/\" \/>\n<meta property=\"og:site_name\" content=\"Editorial Juventud\" \/>\n<meta property=\"article:modified_time\" content=\"2019-11-29T14:36:33+00:00\" \/>\n<meta property=\"og:image\" content=\"https:\/\/www.editorialjuventud.es\/wp-content\/uploads\/9788426144775.jpg\" \/>\n\t<meta property=\"og:image:width\" content=\"720\" \/>\n\t<meta property=\"og:image:height\" content=\"1200\" \/>\n\t<meta property=\"og:image:type\" content=\"image\/jpeg\" \/>\n<meta name=\"twitter:card\" content=\"summary_large_image\" \/>\n<meta name=\"twitter:label1\" content=\"Temps estimat de lectura\" \/>\n\t<meta name=\"twitter:data1\" content=\"1 minut\" \/>\n<script type=\"application\/ld+json\" class=\"yoast-schema-graph\">{\"@context\":\"https:\\\/\\\/schema.org\",\"@graph\":[{\"@type\":\"WebPage\",\"@id\":\"https:\\\/\\\/www.editorialjuventud.es\\\/123-ja-9788426144775\\\/\",\"url\":\"https:\\\/\\\/www.editorialjuventud.es\\\/123-ja-9788426144775\\\/\",\"name\":\"1.2.3... JA! - Editorial Juventud\",\"isPartOf\":{\"@id\":\"https:\\\/\\\/www.editorialjuventud.es\\\/#website\"},\"primaryImageOfPage\":{\"@id\":\"https:\\\/\\\/www.editorialjuventud.es\\\/123-ja-9788426144775\\\/#primaryimage\"},\"image\":{\"@id\":\"https:\\\/\\\/www.editorialjuventud.es\\\/123-ja-9788426144775\\\/#primaryimage\"},\"thumbnailUrl\":\"https:\\\/\\\/www.editorialjuventud.es\\\/wp-content\\\/uploads\\\/9788426144775.jpg\",\"datePublished\":\"2019-02-04T12:35:55+00:00\",\"dateModified\":\"2019-11-29T14:36:33+00:00\",\"description\":\"El puma pot fer un salt de fins a 5 metres, l'equivalent a 3 vegades la seva grand\u00e0ria. L'estru\u00e7 afric\u00e0 pot c\u00f3rrer en esprint a 70 km\\\/h. El pop pot fer\",\"breadcrumb\":{\"@id\":\"https:\\\/\\\/www.editorialjuventud.es\\\/123-ja-9788426144775\\\/#breadcrumb\"},\"inLanguage\":\"ca\",\"potentialAction\":[{\"@type\":\"ReadAction\",\"target\":[\"https:\\\/\\\/www.editorialjuventud.es\\\/123-ja-9788426144775\\\/\"]}]},{\"@type\":\"ImageObject\",\"inLanguage\":\"ca\",\"@id\":\"https:\\\/\\\/www.editorialjuventud.es\\\/123-ja-9788426144775\\\/#primaryimage\",\"url\":\"https:\\\/\\\/www.editorialjuventud.es\\\/wp-content\\\/uploads\\\/9788426144775.jpg\",\"contentUrl\":\"https:\\\/\\\/www.editorialjuventud.es\\\/wp-content\\\/uploads\\\/9788426144775.jpg\",\"width\":720,\"height\":1200,\"caption\":\"9788426144775.jpg\"},{\"@type\":\"BreadcrumbList\",\"@id\":\"https:\\\/\\\/www.editorialjuventud.es\\\/123-ja-9788426144775\\\/#breadcrumb\",\"itemListElement\":[{\"@type\":\"ListItem\",\"position\":1,\"name\":\"Portada\",\"item\":\"https:\\\/\\\/www.editorialjuventud.es\\\/\"},{\"@type\":\"ListItem\",\"position\":2,\"name\":\"cat\u00e1logo\",\"item\":\"https:\\\/\\\/www.editorialjuventud.es\\\/coleccion\\\/catalogo\\\/\"},{\"@type\":\"ListItem\",\"position\":3,\"name\":\"catal\u00e0\",\"item\":\"https:\\\/\\\/www.editorialjuventud.es\\\/coleccion\\\/catala\\\/\"},{\"@type\":\"ListItem\",\"position\":4,\"name\":\"\u00c0lbums Il\u00b7lustrats\",\"item\":\"https:\\\/\\\/www.editorialjuventud.es\\\/coleccion\\\/albums-il%c2%b7lustrats\\\/\"},{\"@type\":\"ListItem\",\"position\":5,\"name\":\"Com i Per qu\u00e8\",\"item\":\"https:\\\/\\\/www.editorialjuventud.es\\\/coleccion\\\/com-i-per-que\\\/\"},{\"@type\":\"ListItem\",\"position\":6,\"name\":\"1.2.3&#8230; JA!\"}]},{\"@type\":\"WebSite\",\"@id\":\"https:\\\/\\\/www.editorialjuventud.es\\\/#website\",\"url\":\"https:\\\/\\\/www.editorialjuventud.es\\\/\",\"name\":\"Editorial Juventud\",\"description\":\"\",\"potentialAction\":[{\"@type\":\"SearchAction\",\"target\":{\"@type\":\"EntryPoint\",\"urlTemplate\":\"https:\\\/\\\/www.editorialjuventud.es\\\/?s={search_term_string}\"},\"query-input\":{\"@type\":\"PropertyValueSpecification\",\"valueRequired\":true,\"valueName\":\"search_term_string\"}}],\"inLanguage\":\"ca\"}]}<\/script>\n<!-- \/ Yoast SEO plugin. -->","yoast_head_json":{"title":"1.2.3... JA! - Editorial Juventud","description":"El puma pot fer un salt de fins a 5 metres, l'equivalent a 3 vegades la seva grand\u00e0ria. L'estru\u00e7 afric\u00e0 pot c\u00f3rrer en esprint a 70 km\/h. El pop pot fer","robots":{"index":"index","follow":"follow","max-snippet":"max-snippet:-1","max-image-preview":"max-image-preview:large","max-video-preview":"max-video-preview:-1"},"canonical":"https:\/\/www.editorialjuventud.es\/123-ja-9788426144775\/","og_locale":"ca_ES","og_type":"article","og_title":"1.2.3... JA! - Editorial Juventud","og_description":"El puma pot fer un salt de fins a 5 metres, l'equivalent a 3 vegades la seva grand\u00e0ria. L'estru\u00e7 afric\u00e0 pot c\u00f3rrer en esprint a 70 km\/h. El pop pot fer","og_url":"https:\/\/www.editorialjuventud.es\/123-ja-9788426144775\/","og_site_name":"Editorial Juventud","article_modified_time":"2019-11-29T14:36:33+00:00","og_image":[{"width":720,"height":1200,"url":"https:\/\/www.editorialjuventud.es\/wp-content\/uploads\/9788426144775.jpg","type":"image\/jpeg"}],"twitter_card":"summary_large_image","twitter_misc":{"Temps estimat de lectura":"1 minut"},"schema":{"@context":"https:\/\/schema.org","@graph":[{"@type":"WebPage","@id":"https:\/\/www.editorialjuventud.es\/123-ja-9788426144775\/","url":"https:\/\/www.editorialjuventud.es\/123-ja-9788426144775\/","name":"1.2.3... JA! - Editorial Juventud","isPartOf":{"@id":"https:\/\/www.editorialjuventud.es\/#website"},"primaryImageOfPage":{"@id":"https:\/\/www.editorialjuventud.es\/123-ja-9788426144775\/#primaryimage"},"image":{"@id":"https:\/\/www.editorialjuventud.es\/123-ja-9788426144775\/#primaryimage"},"thumbnailUrl":"https:\/\/www.editorialjuventud.es\/wp-content\/uploads\/9788426144775.jpg","datePublished":"2019-02-04T12:35:55+00:00","dateModified":"2019-11-29T14:36:33+00:00","description":"El puma pot fer un salt de fins a 5 metres, l'equivalent a 3 vegades la seva grand\u00e0ria. L'estru\u00e7 afric\u00e0 pot c\u00f3rrer en esprint a 70 km\/h. El pop pot fer","breadcrumb":{"@id":"https:\/\/www.editorialjuventud.es\/123-ja-9788426144775\/#breadcrumb"},"inLanguage":"ca","potentialAction":[{"@type":"ReadAction","target":["https:\/\/www.editorialjuventud.es\/123-ja-9788426144775\/"]}]},{"@type":"ImageObject","inLanguage":"ca","@id":"https:\/\/www.editorialjuventud.es\/123-ja-9788426144775\/#primaryimage","url":"https:\/\/www.editorialjuventud.es\/wp-content\/uploads\/9788426144775.jpg","contentUrl":"https:\/\/www.editorialjuventud.es\/wp-content\/uploads\/9788426144775.jpg","width":720,"height":1200,"caption":"9788426144775.jpg"},{"@type":"BreadcrumbList","@id":"https:\/\/www.editorialjuventud.es\/123-ja-9788426144775\/#breadcrumb","itemListElement":[{"@type":"ListItem","position":1,"name":"Portada","item":"https:\/\/www.editorialjuventud.es\/"},{"@type":"ListItem","position":2,"name":"cat\u00e1logo","item":"https:\/\/www.editorialjuventud.es\/coleccion\/catalogo\/"},{"@type":"ListItem","position":3,"name":"catal\u00e0","item":"https:\/\/www.editorialjuventud.es\/coleccion\/catala\/"},{"@type":"ListItem","position":4,"name":"\u00c0lbums Il\u00b7lustrats","item":"https:\/\/www.editorialjuventud.es\/coleccion\/albums-il%c2%b7lustrats\/"},{"@type":"ListItem","position":5,"name":"Com i Per qu\u00e8","item":"https:\/\/www.editorialjuventud.es\/coleccion\/com-i-per-que\/"},{"@type":"ListItem","position":6,"name":"1.2.3&#8230; JA!"}]},{"@type":"WebSite","@id":"https:\/\/www.editorialjuventud.es\/#website","url":"https:\/\/www.editorialjuventud.es\/","name":"Editorial Juventud","description":"","potentialAction":[{"@type":"SearchAction","target":{"@type":"EntryPoint","urlTemplate":"https:\/\/www.editorialjuventud.es\/?s={search_term_string}"},"query-input":{"@type":"PropertyValueSpecification","valueRequired":true,"valueName":"search_term_string"}}],"inLanguage":"ca"}]}},"_links":{"self":[{"href":"https:\/\/www.editorialjuventud.es\/ca\/wp-json\/wp\/v2\/product\/20742","targetHints":{"allow":["GET"]}}],"collection":[{"href":"https:\/\/www.editorialjuventud.es\/ca\/wp-json\/wp\/v2\/product"}],"about":[{"href":"https:\/\/www.editorialjuventud.es\/ca\/wp-json\/wp\/v2\/types\/product"}],"wp:featuredmedia":[{"embeddable":true,"href":"https:\/\/www.editorialjuventud.es\/ca\/wp-json\/wp\/v2\/media\/20743"}],"wp:attachment":[{"href":"https:\/\/www.editorialjuventud.es\/ca\/wp-json\/wp\/v2\/media?parent=20742"}],"wp:term":[{"taxonomy":"product_brand","embeddable":true,"href":"https:\/\/www.editorialjuventud.es\/ca\/wp-json\/wp\/v2\/product_brand?post=20742"},{"taxonomy":"product_cat","embeddable":true,"href":"https:\/\/www.editorialjuventud.es\/ca\/wp-json\/wp\/v2\/product_cat?post=20742"},{"taxonomy":"product_tag","embeddable":true,"href":"https:\/\/www.editorialjuventud.es\/ca\/wp-json\/wp\/v2\/product_tag?post=20742"},{"taxonomy":"coleccion","embeddable":true,"href":"https:\/\/www.editorialjuventud.es\/ca\/wp-json\/wp\/v2\/coleccion?post=20742"}],"curies":[{"name":"wp","href":"https:\/\/api.w.org\/{rel}","templated":true}]}}