{"id":20670,"date":"2019-02-01T10:52:08","date_gmt":"2019-02-01T09:52:08","guid":{"rendered":"https:\/\/www.editorialjuventud.es\/el-caragol\/"},"modified":"2021-07-26T11:03:29","modified_gmt":"2021-07-26T09:03:29","slug":"el-caragol-9788426145680","status":"publish","type":"product","link":"https:\/\/www.editorialjuventud.es\/ca\/el-caragol-9788426145680\/","title":{"rendered":"El caragol"},"content":{"rendered":"<p>Per a qu\u00e8 serveix la closca del caragol? I els seus tentacles? Hibernen els caragols? Quins depredadors tenen? Amb aquest llibre educatiu trobar\u00e0s les respostes a aquestes preguntes i t&#8217;endinsar\u00e0s en la fascinant vida del caragol!<\/p>\n<p>Aquest petit \u00e0lbum informatiu \u00e9s el quart t\u00edtol de la <a href=\"https:\/\/www.editorialjuventud.es\/ca\/titols\/?fwp_colecciones=catala%2C4c8735bf009502bcc258fcd3cf89c5b3%2Ccom-i-per-que%2Cmeravelles-de-la-natura\">s\u00e8rie dissenyada<\/a> per Bernadette Gervais.L&#8217;autora proposa observar la natura centrant-se en un sol element amb el qual el petit lector pugui familiaritzar-se. En aquest llibre ens revela els secrets del caragol i, a trav\u00e9s d&#8217;ell, ens adonem de la diversitat, els recursos i els perills que comporta la natura.<\/p>\n<p>Per poder comprendre i aprendre d&#8217;aquesta meravella de la natura, l&#8217;autora ha dissenyat solapes que s&#8217;aixequen per a descobrir l&#8217;evoluci\u00f3 d&#8217;un fenomen, o revelar qu\u00e8 hi ha darrere d&#8217;un amagatall&#8230;<\/p>\n<p>Al final del llibre trobarem el cl\u00e0ssic joc de les set difer\u00e8ncies, recurs que se suma als de la resta del llibre convertint-lo en una divertida manera d&#8217;aprendre jugant.<\/p>\n","protected":false},"excerpt":{"rendered":"Per a qu\u00e8 serveix la closca del caragol? I els seus tentacles? Hibernen els caragols? Quins depredadors tenen? Amb aquest llibre educatiu trobar\u00e0s les respostes a aquestes preguntes i t&#8217;endinsar\u00e0s en la fascinant vida del caragol! Aquest petit \u00e0lbum informatiu [&hellip;]","protected":false},"featured_media":20671,"template":"","meta":{"_acf_changed":false,"_exactmetrics_skip_tracking":false,"_exactmetrics_sitenote_active":false,"_exactmetrics_sitenote_note":"","_exactmetrics_sitenote_category":0},"product_brand":[],"product_cat":[900,1121,1138,1147,1149,892,1115,1187,1123,1201,1128],"product_tag":[],"coleccion":[917,915,946,1041],"class_list":{"0":"post-20670","1":"product","2":"type-product","3":"status-publish","4":"has-post-thumbnail","6":"product_cat-a-partir-de-5-anos","7":"product_cat-albumes-ilustrados","8":"product_cat-animales","9":"product_cat-ciclo-de-la-vida","10":"product_cat-ciencia","11":"product_cat-edades","12":"product_cat-generos","13":"product_cat-insectos","14":"product_cat-libros-informativos-infantil","15":"product_cat-naturaleza-biodiversidad","16":"product_cat-tematica","17":"coleccion-albums-illustrats","18":"coleccion-catala","19":"coleccion-com-i-per-que","20":"coleccion-meravelles-de-la-natura","22":"first","23":"instock","24":"taxable","25":"shipping-taxable","26":"purchasable","27":"product-type-simple"},"acf":{"indice":"","autor":"GERVAIS, BERNADETTE","codart":"4568","ediciones":"1","encuadernacion":"POP UPS","fecha_de_publicacion":"01\/02\/2019","novedad":"0","paginas":"24","subtitulo":"","texto_web_adicional":"","autores-libros":[16367],"ilustradores-libros":[16367],"texto_web_novedad":"","orden":"999","portada":"0","texto_web_resaltado":"","traductores-libros":[18265],"descripcion_corta":"","recomendamos":"","mas_vendido":"","idioma-libro":"","color":false,"formato":"","mas_informacion_del_producto":false,"premios":false,"texto_enlace_cubierta":"","enlace_cubierta":{"ID":21104,"id":21104,"title":"Escargot exterior v3-print CMYK.indd","filename":"portada_EL-CARAGOL.jpg","filesize":788860,"url":"https:\/\/www.editorialjuventud.es\/wp-content\/uploads\/portada_EL-CARAGOL.jpg","link":"https:\/\/www.editorialjuventud.es\/ca\/?attachment_id=21104","alt":"","author":"47","description":"","caption":"","name":"escargot-exterior-v3-print-cmyk-indd-2","status":"inherit","uploaded_to":20670,"date":"2019-02-10 22:37:56","modified":"2019-02-10 22:37:56","menu_order":0,"mime_type":"image\/jpeg","type":"image","subtype":"jpeg","icon":"https:\/\/www.editorialjuventud.es\/wp-includes\/images\/media\/default.png","width":2491,"height":2711,"sizes":{"thumbnail":"https:\/\/www.editorialjuventud.es\/wp-content\/uploads\/portada_EL-CARAGOL-200x200.jpg","thumbnail-width":200,"thumbnail-height":200,"medium":"https:\/\/www.editorialjuventud.es\/wp-content\/uploads\/portada_EL-CARAGOL.jpg","medium-width":2491,"medium-height":2711,"medium_large":"https:\/\/www.editorialjuventud.es\/wp-content\/uploads\/portada_EL-CARAGOL-768x836.jpg","medium_large-width":768,"medium_large-height":836,"large":"https:\/\/www.editorialjuventud.es\/wp-content\/uploads\/portada_EL-CARAGOL.jpg","large-width":2491,"large-height":2711,"1536x1536":"https:\/\/www.editorialjuventud.es\/wp-content\/uploads\/portada_EL-CARAGOL.jpg","1536x1536-width":1411,"1536x1536-height":1536,"2048x2048":"https:\/\/www.editorialjuventud.es\/wp-content\/uploads\/portada_EL-CARAGOL.jpg","2048x2048-width":1882,"2048x2048-height":2048,"woocommerce_thumbnail":"https:\/\/www.editorialjuventud.es\/wp-content\/uploads\/portada_EL-CARAGOL-350x381.jpg","woocommerce_thumbnail-width":350,"woocommerce_thumbnail-height":381,"woocommerce_single":"https:\/\/www.editorialjuventud.es\/wp-content\/uploads\/portada_EL-CARAGOL-900x979.jpg","woocommerce_single-width":900,"woocommerce_single-height":979,"woocommerce_gallery_thumbnail":"https:\/\/www.editorialjuventud.es\/wp-content\/uploads\/portada_EL-CARAGOL-100x100.jpg","woocommerce_gallery_thumbnail-width":100,"woocommerce_gallery_thumbnail-height":100,"ppec_logo_image_size":"https:\/\/www.editorialjuventud.es\/wp-content\/uploads\/portada_EL-CARAGOL.jpg","ppec_logo_image_size-width":55,"ppec_logo_image_size-height":60,"ppec_header_image_size":"https:\/\/www.editorialjuventud.es\/wp-content\/uploads\/portada_EL-CARAGOL.jpg","ppec_header_image_size-width":83,"ppec_header_image_size-height":90}},"texto_enlace_ficha_tecnica":"Descarregar fitxa t\u00e8cnica","enlace_ficha_tecnica":{"ID":20774,"id":20774,"title":"El_caragol_","filename":"El_caragol_.pdf","filesize":324276,"url":"https:\/\/www.editorialjuventud.es\/wp-content\/uploads\/El_caragol_.pdf","link":"https:\/\/www.editorialjuventud.es\/ca\/?attachment_id=20774","alt":"","author":"47","description":"","caption":"","name":"el_caragol_","status":"inherit","uploaded_to":20670,"date":"2019-02-05 10:47:13","modified":"2019-02-05 10:47:13","menu_order":0,"mime_type":"application\/pdf","type":"application","subtype":"pdf","icon":"https:\/\/www.editorialjuventud.es\/wp-includes\/images\/media\/document.png"},"ficheros":false,"titulo-fr":"","texto-fr":""},"yoast_head":"<!-- This site is optimized with the Yoast SEO plugin v27.3 - https:\/\/yoast.com\/product\/yoast-seo-wordpress\/ -->\n<title>El caragol - Editorial Juventud - Llibre educatiu<\/title>\n<meta name=\"description\" content=\"Per a qu\u00e8 serveix la closca del caragol? I els seus tentacles? Hibernen els caragols? Quins depredadors tenen? Amb aquest llibre educatiu trobar\u00e0s les respostes a aquestes preguntes i t&#039;endinsar\u00e0s en la fascinant vida del caragol! Aquest petit \u00e0lbum \u00e9s el quart t\u00edtol de la s\u00e8rie dissenyada per Bernadette Gervais.\" \/>\n<meta name=\"robots\" content=\"index, follow, max-snippet:-1, max-image-preview:large, max-video-preview:-1\" \/>\n<link rel=\"canonical\" href=\"https:\/\/www.editorialjuventud.es\/ca\/el-caragol-9788426145680\/\" \/>\n<meta property=\"og:locale\" content=\"ca_ES\" \/>\n<meta property=\"og:type\" content=\"article\" \/>\n<meta property=\"og:title\" content=\"El caragol - Editorial Juventud - Llibre educatiu\" \/>\n<meta property=\"og:description\" content=\"Per a qu\u00e8 serveix la closca del caragol? I els seus tentacles? Hibernen els caragols? Quins depredadors tenen? Amb aquest llibre educatiu trobar\u00e0s les respostes a aquestes preguntes i t&#039;endinsar\u00e0s en la fascinant vida del caragol! Aquest petit \u00e0lbum \u00e9s el quart t\u00edtol de la s\u00e8rie dissenyada per Bernadette Gervais.\" \/>\n<meta property=\"og:url\" content=\"https:\/\/www.editorialjuventud.es\/ca\/el-caragol-9788426145680\/\" \/>\n<meta property=\"og:site_name\" content=\"Editorial Juventud\" \/>\n<meta property=\"article:modified_time\" content=\"2021-07-26T09:03:29+00:00\" \/>\n<meta property=\"og:image\" content=\"https:\/\/www.editorialjuventud.es\/wp-content\/uploads\/9788426145680.jpg\" \/>\n\t<meta property=\"og:image:width\" content=\"1093\" \/>\n\t<meta property=\"og:image:height\" content=\"1200\" \/>\n\t<meta property=\"og:image:type\" content=\"image\/jpeg\" \/>\n<meta name=\"twitter:card\" content=\"summary_large_image\" \/>\n<meta name=\"twitter:label1\" content=\"Temps estimat de lectura\" \/>\n\t<meta name=\"twitter:data1\" content=\"1 minut\" \/>\n<script type=\"application\/ld+json\" class=\"yoast-schema-graph\">{\"@context\":\"https:\\\/\\\/schema.org\",\"@graph\":[{\"@type\":\"WebPage\",\"@id\":\"https:\\\/\\\/www.editorialjuventud.es\\\/ca\\\/el-caragol-9788426145680\\\/\",\"url\":\"https:\\\/\\\/www.editorialjuventud.es\\\/ca\\\/el-caragol-9788426145680\\\/\",\"name\":\"El caragol - Editorial Juventud - Llibre educatiu\",\"isPartOf\":{\"@id\":\"https:\\\/\\\/www.editorialjuventud.es\\\/#website\"},\"primaryImageOfPage\":{\"@id\":\"https:\\\/\\\/www.editorialjuventud.es\\\/ca\\\/el-caragol-9788426145680\\\/#primaryimage\"},\"image\":{\"@id\":\"https:\\\/\\\/www.editorialjuventud.es\\\/ca\\\/el-caragol-9788426145680\\\/#primaryimage\"},\"thumbnailUrl\":\"https:\\\/\\\/www.editorialjuventud.es\\\/wp-content\\\/uploads\\\/9788426145680.jpg\",\"datePublished\":\"2019-02-01T09:52:08+00:00\",\"dateModified\":\"2021-07-26T09:03:29+00:00\",\"description\":\"Per a qu\u00e8 serveix la closca del caragol? I els seus tentacles? Hibernen els caragols? Quins depredadors tenen? Amb aquest llibre educatiu trobar\u00e0s les respostes a aquestes preguntes i t'endinsar\u00e0s en la fascinant vida del caragol! Aquest petit \u00e0lbum \u00e9s el quart t\u00edtol de la s\u00e8rie dissenyada per Bernadette Gervais.\",\"breadcrumb\":{\"@id\":\"https:\\\/\\\/www.editorialjuventud.es\\\/ca\\\/el-caragol-9788426145680\\\/#breadcrumb\"},\"inLanguage\":\"ca\",\"potentialAction\":[{\"@type\":\"ReadAction\",\"target\":[\"https:\\\/\\\/www.editorialjuventud.es\\\/ca\\\/el-caragol-9788426145680\\\/\"]}]},{\"@type\":\"ImageObject\",\"inLanguage\":\"ca\",\"@id\":\"https:\\\/\\\/www.editorialjuventud.es\\\/ca\\\/el-caragol-9788426145680\\\/#primaryimage\",\"url\":\"https:\\\/\\\/www.editorialjuventud.es\\\/wp-content\\\/uploads\\\/9788426145680.jpg\",\"contentUrl\":\"https:\\\/\\\/www.editorialjuventud.es\\\/wp-content\\\/uploads\\\/9788426145680.jpg\",\"width\":1093,\"height\":1200,\"caption\":\"9788426145680.jpg\"},{\"@type\":\"BreadcrumbList\",\"@id\":\"https:\\\/\\\/www.editorialjuventud.es\\\/ca\\\/el-caragol-9788426145680\\\/#breadcrumb\",\"itemListElement\":[{\"@type\":\"ListItem\",\"position\":1,\"name\":\"Portada\",\"item\":\"https:\\\/\\\/www.editorialjuventud.es\\\/\"},{\"@type\":\"ListItem\",\"position\":2,\"name\":\"cat\u00e1logo\",\"item\":\"https:\\\/\\\/www.editorialjuventud.es\\\/coleccion\\\/catalogo\\\/\"},{\"@type\":\"ListItem\",\"position\":3,\"name\":\"catal\u00e0\",\"item\":\"https:\\\/\\\/www.editorialjuventud.es\\\/coleccion\\\/catala\\\/\"},{\"@type\":\"ListItem\",\"position\":4,\"name\":\"\u00c0lbums Il\u00b7lustrats\",\"item\":\"https:\\\/\\\/www.editorialjuventud.es\\\/coleccion\\\/albums-il%c2%b7lustrats\\\/\"},{\"@type\":\"ListItem\",\"position\":5,\"name\":\"Com i Per qu\u00e8\",\"item\":\"https:\\\/\\\/www.editorialjuventud.es\\\/coleccion\\\/com-i-per-que\\\/\"},{\"@type\":\"ListItem\",\"position\":6,\"name\":\"Meravelles de la Natura\",\"item\":\"https:\\\/\\\/www.editorialjuventud.es\\\/coleccion\\\/meravelles-de-la-natura\\\/\"},{\"@type\":\"ListItem\",\"position\":7,\"name\":\"El caragol\"}]},{\"@type\":\"WebSite\",\"@id\":\"https:\\\/\\\/www.editorialjuventud.es\\\/#website\",\"url\":\"https:\\\/\\\/www.editorialjuventud.es\\\/\",\"name\":\"Editorial Juventud\",\"description\":\"\",\"potentialAction\":[{\"@type\":\"SearchAction\",\"target\":{\"@type\":\"EntryPoint\",\"urlTemplate\":\"https:\\\/\\\/www.editorialjuventud.es\\\/?s={search_term_string}\"},\"query-input\":{\"@type\":\"PropertyValueSpecification\",\"valueRequired\":true,\"valueName\":\"search_term_string\"}}],\"inLanguage\":\"ca\"}]}<\/script>\n<!-- \/ Yoast SEO plugin. -->","yoast_head_json":{"title":"El caragol - Editorial Juventud - Llibre educatiu","description":"Per a qu\u00e8 serveix la closca del caragol? I els seus tentacles? Hibernen els caragols? Quins depredadors tenen? Amb aquest llibre educatiu trobar\u00e0s les respostes a aquestes preguntes i t'endinsar\u00e0s en la fascinant vida del caragol! Aquest petit \u00e0lbum \u00e9s el quart t\u00edtol de la s\u00e8rie dissenyada per Bernadette Gervais.","robots":{"index":"index","follow":"follow","max-snippet":"max-snippet:-1","max-image-preview":"max-image-preview:large","max-video-preview":"max-video-preview:-1"},"canonical":"https:\/\/www.editorialjuventud.es\/ca\/el-caragol-9788426145680\/","og_locale":"ca_ES","og_type":"article","og_title":"El caragol - Editorial Juventud - Llibre educatiu","og_description":"Per a qu\u00e8 serveix la closca del caragol? I els seus tentacles? Hibernen els caragols? Quins depredadors tenen? Amb aquest llibre educatiu trobar\u00e0s les respostes a aquestes preguntes i t'endinsar\u00e0s en la fascinant vida del caragol! Aquest petit \u00e0lbum \u00e9s el quart t\u00edtol de la s\u00e8rie dissenyada per Bernadette Gervais.","og_url":"https:\/\/www.editorialjuventud.es\/ca\/el-caragol-9788426145680\/","og_site_name":"Editorial Juventud","article_modified_time":"2021-07-26T09:03:29+00:00","og_image":[{"width":1093,"height":1200,"url":"https:\/\/www.editorialjuventud.es\/wp-content\/uploads\/9788426145680.jpg","type":"image\/jpeg"}],"twitter_card":"summary_large_image","twitter_misc":{"Temps estimat de lectura":"1 minut"},"schema":{"@context":"https:\/\/schema.org","@graph":[{"@type":"WebPage","@id":"https:\/\/www.editorialjuventud.es\/ca\/el-caragol-9788426145680\/","url":"https:\/\/www.editorialjuventud.es\/ca\/el-caragol-9788426145680\/","name":"El caragol - Editorial Juventud - Llibre educatiu","isPartOf":{"@id":"https:\/\/www.editorialjuventud.es\/#website"},"primaryImageOfPage":{"@id":"https:\/\/www.editorialjuventud.es\/ca\/el-caragol-9788426145680\/#primaryimage"},"image":{"@id":"https:\/\/www.editorialjuventud.es\/ca\/el-caragol-9788426145680\/#primaryimage"},"thumbnailUrl":"https:\/\/www.editorialjuventud.es\/wp-content\/uploads\/9788426145680.jpg","datePublished":"2019-02-01T09:52:08+00:00","dateModified":"2021-07-26T09:03:29+00:00","description":"Per a qu\u00e8 serveix la closca del caragol? I els seus tentacles? Hibernen els caragols? Quins depredadors tenen? Amb aquest llibre educatiu trobar\u00e0s les respostes a aquestes preguntes i t'endinsar\u00e0s en la fascinant vida del caragol! Aquest petit \u00e0lbum \u00e9s el quart t\u00edtol de la s\u00e8rie dissenyada per Bernadette Gervais.","breadcrumb":{"@id":"https:\/\/www.editorialjuventud.es\/ca\/el-caragol-9788426145680\/#breadcrumb"},"inLanguage":"ca","potentialAction":[{"@type":"ReadAction","target":["https:\/\/www.editorialjuventud.es\/ca\/el-caragol-9788426145680\/"]}]},{"@type":"ImageObject","inLanguage":"ca","@id":"https:\/\/www.editorialjuventud.es\/ca\/el-caragol-9788426145680\/#primaryimage","url":"https:\/\/www.editorialjuventud.es\/wp-content\/uploads\/9788426145680.jpg","contentUrl":"https:\/\/www.editorialjuventud.es\/wp-content\/uploads\/9788426145680.jpg","width":1093,"height":1200,"caption":"9788426145680.jpg"},{"@type":"BreadcrumbList","@id":"https:\/\/www.editorialjuventud.es\/ca\/el-caragol-9788426145680\/#breadcrumb","itemListElement":[{"@type":"ListItem","position":1,"name":"Portada","item":"https:\/\/www.editorialjuventud.es\/"},{"@type":"ListItem","position":2,"name":"cat\u00e1logo","item":"https:\/\/www.editorialjuventud.es\/coleccion\/catalogo\/"},{"@type":"ListItem","position":3,"name":"catal\u00e0","item":"https:\/\/www.editorialjuventud.es\/coleccion\/catala\/"},{"@type":"ListItem","position":4,"name":"\u00c0lbums Il\u00b7lustrats","item":"https:\/\/www.editorialjuventud.es\/coleccion\/albums-il%c2%b7lustrats\/"},{"@type":"ListItem","position":5,"name":"Com i Per qu\u00e8","item":"https:\/\/www.editorialjuventud.es\/coleccion\/com-i-per-que\/"},{"@type":"ListItem","position":6,"name":"Meravelles de la Natura","item":"https:\/\/www.editorialjuventud.es\/coleccion\/meravelles-de-la-natura\/"},{"@type":"ListItem","position":7,"name":"El caragol"}]},{"@type":"WebSite","@id":"https:\/\/www.editorialjuventud.es\/#website","url":"https:\/\/www.editorialjuventud.es\/","name":"Editorial Juventud","description":"","potentialAction":[{"@type":"SearchAction","target":{"@type":"EntryPoint","urlTemplate":"https:\/\/www.editorialjuventud.es\/?s={search_term_string}"},"query-input":{"@type":"PropertyValueSpecification","valueRequired":true,"valueName":"search_term_string"}}],"inLanguage":"ca"}]}},"_links":{"self":[{"href":"https:\/\/www.editorialjuventud.es\/ca\/wp-json\/wp\/v2\/product\/20670","targetHints":{"allow":["GET"]}}],"collection":[{"href":"https:\/\/www.editorialjuventud.es\/ca\/wp-json\/wp\/v2\/product"}],"about":[{"href":"https:\/\/www.editorialjuventud.es\/ca\/wp-json\/wp\/v2\/types\/product"}],"wp:featuredmedia":[{"embeddable":true,"href":"https:\/\/www.editorialjuventud.es\/ca\/wp-json\/wp\/v2\/media\/20671"}],"wp:attachment":[{"href":"https:\/\/www.editorialjuventud.es\/ca\/wp-json\/wp\/v2\/media?parent=20670"}],"wp:term":[{"taxonomy":"product_brand","embeddable":true,"href":"https:\/\/www.editorialjuventud.es\/ca\/wp-json\/wp\/v2\/product_brand?post=20670"},{"taxonomy":"product_cat","embeddable":true,"href":"https:\/\/www.editorialjuventud.es\/ca\/wp-json\/wp\/v2\/product_cat?post=20670"},{"taxonomy":"product_tag","embeddable":true,"href":"https:\/\/www.editorialjuventud.es\/ca\/wp-json\/wp\/v2\/product_tag?post=20670"},{"taxonomy":"coleccion","embeddable":true,"href":"https:\/\/www.editorialjuventud.es\/ca\/wp-json\/wp\/v2\/coleccion?post=20670"}],"curies":[{"name":"wp","href":"https:\/\/api.w.org\/{rel}","templated":true}]}}