{"id":20667,"date":"2019-02-01T10:44:46","date_gmt":"2019-02-01T09:44:46","guid":{"rendered":"https:\/\/www.editorialjuventud.es\/el-caracol-9788426145673\/"},"modified":"2021-07-26T11:03:01","modified_gmt":"2021-07-26T09:03:01","slug":"el-caracol-9788426145673","status":"publish","type":"product","link":"https:\/\/www.editorialjuventud.es\/ca\/el-caracol-9788426145673\/","title":{"rendered":"El caracol"},"content":{"rendered":"<p>\u00bfPara qu\u00e9 sirve el caparaz\u00f3n del caracol? \u00bfY sus tent\u00e1culos? \u00bfHibernan los caracoles? \u00bfQu\u00e9 depredadores tienen? \u00a1Con este libro educativo encontrar\u00e1s las respuestas a estas preguntas y te adentrar\u00e1s en la fascinante vida del caracol!<\/p>\n<p>Este peque\u00f1o \u00e1lbum informativo es el cuarto t\u00edtulo de la <a href=\"https:\/\/www.editorialjuventud.es\/titulos\/?fwp_colecciones=castellano%2Calbumes-ilustrados%2Cconocer-y-comprender%2Cmaravillas-de-la-naturaleza\">serie dise\u00f1ada<\/a> por Bernadette Gervais. La autora propone observar la naturaleza centr\u00e1ndose en un solo elemento con el que el peque\u00f1o lector pueda familiarizarse. En este libro nos desvela los secretos del caracol y, a trav\u00e9s de \u00e9l, nos damos cuenta de la diversidad, los recursos y los peligros que entra\u00f1a la naturaleza.<\/p>\n<p>Para que TODOS aprendan y comprendan esta maravilla de la naturaleza, la autora ha dise\u00f1ado solapas que se levantan para descubrir la evoluci\u00f3n de un fen\u00f3meno, o desvelar qu\u00e9 hay tras un escondite&#8230; Al final del libro encontraremos el cl\u00e1sico juego de las siete diferencias, recurso que se suma a los del resto del libro y que hacen del mismo una divertida manera de aprender jugando.<\/p>\n","protected":false},"excerpt":{"rendered":"\u00bfPara qu\u00e9 sirve el caparaz\u00f3n del caracol? \u00bfY sus tent\u00e1culos? \u00bfHibernan los caracoles? \u00bfQu\u00e9 depredadores tienen? \u00a1Con este libro educativo encontrar\u00e1s las respuestas a estas preguntas y te adentrar\u00e1s en la fascinante vida del caracol! Este peque\u00f1o \u00e1lbum informativo es [&hellip;]","protected":false},"featured_media":20668,"template":"","meta":{"_acf_changed":false,"_exactmetrics_skip_tracking":false,"_exactmetrics_sitenote_active":false,"_exactmetrics_sitenote_note":"","_exactmetrics_sitenote_category":0},"product_brand":[],"product_cat":[900,1121,1138,1147,1149,892,1115,1187,1201,1128],"product_tag":[],"coleccion":[928,916,987,1064],"class_list":{"0":"post-20667","1":"product","2":"type-product","3":"status-publish","4":"has-post-thumbnail","6":"product_cat-a-partir-de-5-anos","7":"product_cat-albumes-ilustrados","8":"product_cat-animales","9":"product_cat-ciclo-de-la-vida","10":"product_cat-ciencia","11":"product_cat-edades","12":"product_cat-generos","13":"product_cat-insectos","14":"product_cat-naturaleza-biodiversidad","15":"product_cat-tematica","16":"coleccion-albumes-ilustrados","17":"coleccion-castellano","18":"coleccion-conocer-y-comprender","19":"coleccion-maravillas-de-la-naturaleza","21":"first","22":"instock","23":"taxable","24":"shipping-taxable","25":"purchasable","26":"product-type-simple"},"acf":{"indice":"","autor":"GERVAIS, BERNADETTE","codart":"4567","ediciones":"1","encuadernacion":"POP UPS","fecha_de_publicacion":"01\/02\/2019","novedad":"0","paginas":"24","subtitulo":"","texto_web_adicional":"","autores-libros":[16367],"ilustradores-libros":[16367],"texto_web_novedad":"","orden":"999","portada":"0","texto_web_resaltado":"","traductores-libros":[18265],"descripcion_corta":"","recomendamos":"","mas_vendido":"","idioma-libro":"","color":false,"formato":"","mas_informacion_del_producto":false,"premios":false,"texto_enlace_cubierta":"","enlace_cubierta":{"ID":21102,"id":21102,"title":"Escargot exterior v3-print CMYK.indd","filename":"portada_EL-CARACOL.jpg","filesize":765927,"url":"https:\/\/www.editorialjuventud.es\/wp-content\/uploads\/portada_EL-CARACOL.jpg","link":"https:\/\/www.editorialjuventud.es\/ca\/?attachment_id=21102","alt":"","author":"47","description":"","caption":"","name":"escargot-exterior-v3-print-cmyk-indd","status":"inherit","uploaded_to":20667,"date":"2019-02-10 22:33:55","modified":"2019-02-10 22:33:55","menu_order":0,"mime_type":"image\/jpeg","type":"image","subtype":"jpeg","icon":"https:\/\/www.editorialjuventud.es\/wp-includes\/images\/media\/default.png","width":2491,"height":2711,"sizes":{"thumbnail":"https:\/\/www.editorialjuventud.es\/wp-content\/uploads\/portada_EL-CARACOL-200x200.jpg","thumbnail-width":200,"thumbnail-height":200,"medium":"https:\/\/www.editorialjuventud.es\/wp-content\/uploads\/portada_EL-CARACOL.jpg","medium-width":2491,"medium-height":2711,"medium_large":"https:\/\/www.editorialjuventud.es\/wp-content\/uploads\/portada_EL-CARACOL-768x836.jpg","medium_large-width":768,"medium_large-height":836,"large":"https:\/\/www.editorialjuventud.es\/wp-content\/uploads\/portada_EL-CARACOL.jpg","large-width":2491,"large-height":2711,"1536x1536":"https:\/\/www.editorialjuventud.es\/wp-content\/uploads\/portada_EL-CARACOL.jpg","1536x1536-width":1411,"1536x1536-height":1536,"2048x2048":"https:\/\/www.editorialjuventud.es\/wp-content\/uploads\/portada_EL-CARACOL.jpg","2048x2048-width":1882,"2048x2048-height":2048,"woocommerce_thumbnail":"https:\/\/www.editorialjuventud.es\/wp-content\/uploads\/portada_EL-CARACOL-350x381.jpg","woocommerce_thumbnail-width":350,"woocommerce_thumbnail-height":381,"woocommerce_single":"https:\/\/www.editorialjuventud.es\/wp-content\/uploads\/portada_EL-CARACOL-900x979.jpg","woocommerce_single-width":900,"woocommerce_single-height":979,"woocommerce_gallery_thumbnail":"https:\/\/www.editorialjuventud.es\/wp-content\/uploads\/portada_EL-CARACOL-100x100.jpg","woocommerce_gallery_thumbnail-width":100,"woocommerce_gallery_thumbnail-height":100,"ppec_logo_image_size":"https:\/\/www.editorialjuventud.es\/wp-content\/uploads\/portada_EL-CARACOL.jpg","ppec_logo_image_size-width":55,"ppec_logo_image_size-height":60,"ppec_header_image_size":"https:\/\/www.editorialjuventud.es\/wp-content\/uploads\/portada_EL-CARACOL.jpg","ppec_header_image_size-width":83,"ppec_header_image_size-height":90}},"texto_enlace_ficha_tecnica":"Descargar ficha t\u00e9cnica","enlace_ficha_tecnica":{"ID":20776,"id":20776,"title":"El_caracol_","filename":"El_caracol_.pdf","filesize":370272,"url":"https:\/\/www.editorialjuventud.es\/wp-content\/uploads\/El_caracol_.pdf","link":"https:\/\/www.editorialjuventud.es\/ca\/?attachment_id=20776","alt":"","author":"47","description":"","caption":"","name":"el_caracol_","status":"inherit","uploaded_to":20667,"date":"2019-02-05 10:49:55","modified":"2019-02-05 10:49:55","menu_order":0,"mime_type":"application\/pdf","type":"application","subtype":"pdf","icon":"https:\/\/www.editorialjuventud.es\/wp-includes\/images\/media\/document.png"},"ficheros":false,"titulo-fr":"","texto-fr":""},"yoast_head":"<!-- This site is optimized with the Yoast SEO plugin v27.3 - https:\/\/yoast.com\/product\/yoast-seo-wordpress\/ -->\n<title>El caracol - Editorial Juventud - Libro Educativo<\/title>\n<meta name=\"description\" content=\"\u00bfPara qu\u00e9 sirve el caparaz\u00f3n del caracol? \u00bfY sus tent\u00e1culos? \u00bfHibernan los caracoles? \u00bfQu\u00e9 depredadores tienen? \u00a1Con este libro educativo encontrar\u00e1s las respuestas a estas preguntas y te adentrar\u00e1s en la fascinante vida del caracol! Este peque\u00f1o \u00e1lbum es el cuarto t\u00edtulo de la serie dise\u00f1ada por Bernadette Gervais.\" \/>\n<meta name=\"robots\" content=\"index, follow, max-snippet:-1, max-image-preview:large, max-video-preview:-1\" \/>\n<link rel=\"canonical\" href=\"https:\/\/www.editorialjuventud.es\/el-caracol-9788426145673\/\" \/>\n<meta property=\"og:locale\" content=\"ca_ES\" \/>\n<meta property=\"og:type\" content=\"article\" \/>\n<meta property=\"og:title\" content=\"El caracol - Editorial Juventud - Libro Educativo\" \/>\n<meta property=\"og:description\" content=\"\u00bfPara qu\u00e9 sirve el caparaz\u00f3n del caracol? \u00bfY sus tent\u00e1culos? \u00bfHibernan los caracoles? \u00bfQu\u00e9 depredadores tienen? \u00a1Con este libro educativo encontrar\u00e1s las respuestas a estas preguntas y te adentrar\u00e1s en la fascinante vida del caracol! Este peque\u00f1o \u00e1lbum es el cuarto t\u00edtulo de la serie dise\u00f1ada por Bernadette Gervais.\" \/>\n<meta property=\"og:url\" content=\"https:\/\/www.editorialjuventud.es\/el-caracol-9788426145673\/\" \/>\n<meta property=\"og:site_name\" content=\"Editorial Juventud\" \/>\n<meta property=\"article:modified_time\" content=\"2021-07-26T09:03:01+00:00\" \/>\n<meta property=\"og:image\" content=\"https:\/\/www.editorialjuventud.es\/wp-content\/uploads\/9788426145673.jpg\" \/>\n\t<meta property=\"og:image:width\" content=\"1094\" \/>\n\t<meta property=\"og:image:height\" content=\"1200\" \/>\n\t<meta property=\"og:image:type\" content=\"image\/jpeg\" \/>\n<meta name=\"twitter:card\" content=\"summary_large_image\" \/>\n<meta name=\"twitter:label1\" content=\"Temps estimat de lectura\" \/>\n\t<meta name=\"twitter:data1\" content=\"1 minut\" \/>\n<script type=\"application\/ld+json\" class=\"yoast-schema-graph\">{\"@context\":\"https:\\\/\\\/schema.org\",\"@graph\":[{\"@type\":\"WebPage\",\"@id\":\"https:\\\/\\\/www.editorialjuventud.es\\\/el-caracol-9788426145673\\\/\",\"url\":\"https:\\\/\\\/www.editorialjuventud.es\\\/el-caracol-9788426145673\\\/\",\"name\":\"El caracol - Editorial Juventud - Libro Educativo\",\"isPartOf\":{\"@id\":\"https:\\\/\\\/www.editorialjuventud.es\\\/#website\"},\"primaryImageOfPage\":{\"@id\":\"https:\\\/\\\/www.editorialjuventud.es\\\/el-caracol-9788426145673\\\/#primaryimage\"},\"image\":{\"@id\":\"https:\\\/\\\/www.editorialjuventud.es\\\/el-caracol-9788426145673\\\/#primaryimage\"},\"thumbnailUrl\":\"https:\\\/\\\/www.editorialjuventud.es\\\/wp-content\\\/uploads\\\/9788426145673.jpg\",\"datePublished\":\"2019-02-01T09:44:46+00:00\",\"dateModified\":\"2021-07-26T09:03:01+00:00\",\"description\":\"\u00bfPara qu\u00e9 sirve el caparaz\u00f3n del caracol? \u00bfY sus tent\u00e1culos? \u00bfHibernan los caracoles? \u00bfQu\u00e9 depredadores tienen? \u00a1Con este libro educativo encontrar\u00e1s las respuestas a estas preguntas y te adentrar\u00e1s en la fascinante vida del caracol! Este peque\u00f1o \u00e1lbum es el cuarto t\u00edtulo de la serie dise\u00f1ada por Bernadette Gervais.\",\"breadcrumb\":{\"@id\":\"https:\\\/\\\/www.editorialjuventud.es\\\/el-caracol-9788426145673\\\/#breadcrumb\"},\"inLanguage\":\"ca\",\"potentialAction\":[{\"@type\":\"ReadAction\",\"target\":[\"https:\\\/\\\/www.editorialjuventud.es\\\/el-caracol-9788426145673\\\/\"]}]},{\"@type\":\"ImageObject\",\"inLanguage\":\"ca\",\"@id\":\"https:\\\/\\\/www.editorialjuventud.es\\\/el-caracol-9788426145673\\\/#primaryimage\",\"url\":\"https:\\\/\\\/www.editorialjuventud.es\\\/wp-content\\\/uploads\\\/9788426145673.jpg\",\"contentUrl\":\"https:\\\/\\\/www.editorialjuventud.es\\\/wp-content\\\/uploads\\\/9788426145673.jpg\",\"width\":1094,\"height\":1200,\"caption\":\"9788426145673.jpg\"},{\"@type\":\"BreadcrumbList\",\"@id\":\"https:\\\/\\\/www.editorialjuventud.es\\\/el-caracol-9788426145673\\\/#breadcrumb\",\"itemListElement\":[{\"@type\":\"ListItem\",\"position\":1,\"name\":\"Portada\",\"item\":\"https:\\\/\\\/www.editorialjuventud.es\\\/\"},{\"@type\":\"ListItem\",\"position\":2,\"name\":\"cat\u00e1logo\",\"item\":\"https:\\\/\\\/www.editorialjuventud.es\\\/coleccion\\\/catalogo\\\/\"},{\"@type\":\"ListItem\",\"position\":3,\"name\":\"castellano\",\"item\":\"https:\\\/\\\/www.editorialjuventud.es\\\/coleccion\\\/castellano\\\/\"},{\"@type\":\"ListItem\",\"position\":4,\"name\":\"\u00c1lbumes Ilustrados\",\"item\":\"https:\\\/\\\/www.editorialjuventud.es\\\/coleccion\\\/albumes-ilustrados\\\/\"},{\"@type\":\"ListItem\",\"position\":5,\"name\":\"Conocer y Comprender\",\"item\":\"https:\\\/\\\/www.editorialjuventud.es\\\/coleccion\\\/conocer-y-comprender\\\/\"},{\"@type\":\"ListItem\",\"position\":6,\"name\":\"Maravillas de la Naturaleza\",\"item\":\"https:\\\/\\\/www.editorialjuventud.es\\\/coleccion\\\/maravillas-de-la-naturaleza\\\/\"},{\"@type\":\"ListItem\",\"position\":7,\"name\":\"El caracol\"}]},{\"@type\":\"WebSite\",\"@id\":\"https:\\\/\\\/www.editorialjuventud.es\\\/#website\",\"url\":\"https:\\\/\\\/www.editorialjuventud.es\\\/\",\"name\":\"Editorial Juventud\",\"description\":\"\",\"potentialAction\":[{\"@type\":\"SearchAction\",\"target\":{\"@type\":\"EntryPoint\",\"urlTemplate\":\"https:\\\/\\\/www.editorialjuventud.es\\\/?s={search_term_string}\"},\"query-input\":{\"@type\":\"PropertyValueSpecification\",\"valueRequired\":true,\"valueName\":\"search_term_string\"}}],\"inLanguage\":\"ca\"}]}<\/script>\n<!-- \/ Yoast SEO plugin. -->","yoast_head_json":{"title":"El caracol - Editorial Juventud - Libro Educativo","description":"\u00bfPara qu\u00e9 sirve el caparaz\u00f3n del caracol? \u00bfY sus tent\u00e1culos? \u00bfHibernan los caracoles? \u00bfQu\u00e9 depredadores tienen? \u00a1Con este libro educativo encontrar\u00e1s las respuestas a estas preguntas y te adentrar\u00e1s en la fascinante vida del caracol! Este peque\u00f1o \u00e1lbum es el cuarto t\u00edtulo de la serie dise\u00f1ada por Bernadette Gervais.","robots":{"index":"index","follow":"follow","max-snippet":"max-snippet:-1","max-image-preview":"max-image-preview:large","max-video-preview":"max-video-preview:-1"},"canonical":"https:\/\/www.editorialjuventud.es\/el-caracol-9788426145673\/","og_locale":"ca_ES","og_type":"article","og_title":"El caracol - Editorial Juventud - Libro Educativo","og_description":"\u00bfPara qu\u00e9 sirve el caparaz\u00f3n del caracol? \u00bfY sus tent\u00e1culos? \u00bfHibernan los caracoles? \u00bfQu\u00e9 depredadores tienen? \u00a1Con este libro educativo encontrar\u00e1s las respuestas a estas preguntas y te adentrar\u00e1s en la fascinante vida del caracol! Este peque\u00f1o \u00e1lbum es el cuarto t\u00edtulo de la serie dise\u00f1ada por Bernadette Gervais.","og_url":"https:\/\/www.editorialjuventud.es\/el-caracol-9788426145673\/","og_site_name":"Editorial Juventud","article_modified_time":"2021-07-26T09:03:01+00:00","og_image":[{"width":1094,"height":1200,"url":"https:\/\/www.editorialjuventud.es\/wp-content\/uploads\/9788426145673.jpg","type":"image\/jpeg"}],"twitter_card":"summary_large_image","twitter_misc":{"Temps estimat de lectura":"1 minut"},"schema":{"@context":"https:\/\/schema.org","@graph":[{"@type":"WebPage","@id":"https:\/\/www.editorialjuventud.es\/el-caracol-9788426145673\/","url":"https:\/\/www.editorialjuventud.es\/el-caracol-9788426145673\/","name":"El caracol - Editorial Juventud - Libro Educativo","isPartOf":{"@id":"https:\/\/www.editorialjuventud.es\/#website"},"primaryImageOfPage":{"@id":"https:\/\/www.editorialjuventud.es\/el-caracol-9788426145673\/#primaryimage"},"image":{"@id":"https:\/\/www.editorialjuventud.es\/el-caracol-9788426145673\/#primaryimage"},"thumbnailUrl":"https:\/\/www.editorialjuventud.es\/wp-content\/uploads\/9788426145673.jpg","datePublished":"2019-02-01T09:44:46+00:00","dateModified":"2021-07-26T09:03:01+00:00","description":"\u00bfPara qu\u00e9 sirve el caparaz\u00f3n del caracol? \u00bfY sus tent\u00e1culos? \u00bfHibernan los caracoles? \u00bfQu\u00e9 depredadores tienen? \u00a1Con este libro educativo encontrar\u00e1s las respuestas a estas preguntas y te adentrar\u00e1s en la fascinante vida del caracol! Este peque\u00f1o \u00e1lbum es el cuarto t\u00edtulo de la serie dise\u00f1ada por Bernadette Gervais.","breadcrumb":{"@id":"https:\/\/www.editorialjuventud.es\/el-caracol-9788426145673\/#breadcrumb"},"inLanguage":"ca","potentialAction":[{"@type":"ReadAction","target":["https:\/\/www.editorialjuventud.es\/el-caracol-9788426145673\/"]}]},{"@type":"ImageObject","inLanguage":"ca","@id":"https:\/\/www.editorialjuventud.es\/el-caracol-9788426145673\/#primaryimage","url":"https:\/\/www.editorialjuventud.es\/wp-content\/uploads\/9788426145673.jpg","contentUrl":"https:\/\/www.editorialjuventud.es\/wp-content\/uploads\/9788426145673.jpg","width":1094,"height":1200,"caption":"9788426145673.jpg"},{"@type":"BreadcrumbList","@id":"https:\/\/www.editorialjuventud.es\/el-caracol-9788426145673\/#breadcrumb","itemListElement":[{"@type":"ListItem","position":1,"name":"Portada","item":"https:\/\/www.editorialjuventud.es\/"},{"@type":"ListItem","position":2,"name":"cat\u00e1logo","item":"https:\/\/www.editorialjuventud.es\/coleccion\/catalogo\/"},{"@type":"ListItem","position":3,"name":"castellano","item":"https:\/\/www.editorialjuventud.es\/coleccion\/castellano\/"},{"@type":"ListItem","position":4,"name":"\u00c1lbumes Ilustrados","item":"https:\/\/www.editorialjuventud.es\/coleccion\/albumes-ilustrados\/"},{"@type":"ListItem","position":5,"name":"Conocer y Comprender","item":"https:\/\/www.editorialjuventud.es\/coleccion\/conocer-y-comprender\/"},{"@type":"ListItem","position":6,"name":"Maravillas de la Naturaleza","item":"https:\/\/www.editorialjuventud.es\/coleccion\/maravillas-de-la-naturaleza\/"},{"@type":"ListItem","position":7,"name":"El caracol"}]},{"@type":"WebSite","@id":"https:\/\/www.editorialjuventud.es\/#website","url":"https:\/\/www.editorialjuventud.es\/","name":"Editorial Juventud","description":"","potentialAction":[{"@type":"SearchAction","target":{"@type":"EntryPoint","urlTemplate":"https:\/\/www.editorialjuventud.es\/?s={search_term_string}"},"query-input":{"@type":"PropertyValueSpecification","valueRequired":true,"valueName":"search_term_string"}}],"inLanguage":"ca"}]}},"_links":{"self":[{"href":"https:\/\/www.editorialjuventud.es\/ca\/wp-json\/wp\/v2\/product\/20667","targetHints":{"allow":["GET"]}}],"collection":[{"href":"https:\/\/www.editorialjuventud.es\/ca\/wp-json\/wp\/v2\/product"}],"about":[{"href":"https:\/\/www.editorialjuventud.es\/ca\/wp-json\/wp\/v2\/types\/product"}],"wp:featuredmedia":[{"embeddable":true,"href":"https:\/\/www.editorialjuventud.es\/ca\/wp-json\/wp\/v2\/media\/20668"}],"wp:attachment":[{"href":"https:\/\/www.editorialjuventud.es\/ca\/wp-json\/wp\/v2\/media?parent=20667"}],"wp:term":[{"taxonomy":"product_brand","embeddable":true,"href":"https:\/\/www.editorialjuventud.es\/ca\/wp-json\/wp\/v2\/product_brand?post=20667"},{"taxonomy":"product_cat","embeddable":true,"href":"https:\/\/www.editorialjuventud.es\/ca\/wp-json\/wp\/v2\/product_cat?post=20667"},{"taxonomy":"product_tag","embeddable":true,"href":"https:\/\/www.editorialjuventud.es\/ca\/wp-json\/wp\/v2\/product_tag?post=20667"},{"taxonomy":"coleccion","embeddable":true,"href":"https:\/\/www.editorialjuventud.es\/ca\/wp-json\/wp\/v2\/coleccion?post=20667"}],"curies":[{"name":"wp","href":"https:\/\/api.w.org\/{rel}","templated":true}]}}