{"id":20408,"date":"2019-01-17T10:00:08","date_gmt":"2019-01-17T09:00:08","guid":{"rendered":"https:\/\/www.editorialjuventud.es\/azadah-catala-9788426144577\/"},"modified":"2025-01-22T13:01:12","modified_gmt":"2025-01-22T12:01:12","slug":"azadah-9788426144577","status":"publish","type":"product","link":"https:\/\/www.editorialjuventud.es\/ca\/azadah-9788426144577\/","title":{"rendered":"Azadah"},"content":{"rendered":"<p>Azadah, una petita nena afganesa, t\u00e9 la sort de con\u00e8ixer a una fot\u00f2grafa alemanya. En el moment en qu\u00e8 la seva amiga ha de marxar de tornada a casa, la nena li demana que la porti amb ella, doncs vol descobrir el m\u00f3n, les arts, la literatura&#8230;, totes aquelles coses sobre les quals la fot\u00f2grafa li ha parlat. Azadah, si es queda al seu pa\u00eds, sap de sobres quin ser\u00e0 el seu futur&#8230;<\/p>\n<p>Aquest \u00e0lbum de poc text (tan sols el necessari per posar-nos en situaci\u00f3) es revela a trav\u00e9s de les magn\u00edfiques il\u00b7lustracions que conviden el lector a descobrir no nom\u00e9s la sinceritat de la relaci\u00f3 entre les dues amigues sin\u00f3 les moltes possibilitats que ofereix el m\u00f3n, tantes vegades silenciades per les armes o per unes lleis i pol\u00edtiques sense sentit. Aquest \u00e9s el particular homenatge que Jacques Goldstyn va voler fer a la fotoperiodista Anja Niedringhaus, assassinada el 2014 a l\u2019Afganistan. Tot i que m\u00e9s que la figura de la fot\u00f2grafa es destaca en el llibre la set de coneixement i llibertat que sent Azadah. L\u2019autor \u00e9s un mestre en l\u2019art de recrear dures i captivadores realitats submergint-se en el cor dels seus personatges que li donen a les seves hist\u00f2ries un aire vibrant i esperan\u00e7ador.<\/p>\n","protected":false},"excerpt":{"rendered":"Azadah, una petita nena afganesa, t\u00e9 la sort de con\u00e8ixer a una fot\u00f2grafa alemanya. En el moment en qu\u00e8 la seva amiga ha de marxar de tornada a casa, la nena li demana que la porti amb ella, doncs vol [&hellip;]","protected":false},"featured_media":20409,"template":"","meta":{"_acf_changed":false,"_exactmetrics_skip_tracking":false,"_exactmetrics_sitenote_active":false,"_exactmetrics_sitenote_note":"","_exactmetrics_sitenote_category":0},"product_brand":[],"product_cat":[904,1121,1180,1190,1219],"product_tag":[],"coleccion":[915,948],"class_list":{"0":"post-20408","1":"product","2":"type-product","3":"status-publish","4":"has-post-thumbnail","6":"product_cat-a-partir-de-9-anos","7":"product_cat-albumes-ilustrados","8":"product_cat-guerra","9":"product_cat-libertad","10":"product_cat-refugiados","11":"coleccion-catala","12":"coleccion-convivencia-i-multiculturalitat","14":"first","15":"instock","16":"taxable","17":"shipping-taxable","18":"purchasable","19":"product-type-simple"},"acf":{"indice":"","autor":"Goldstyn, Jacques","codart":"4457","ediciones":"1","encuadernacion":"Carton\u00e9","fecha_de_publicacion":"01\/10\/2017","novedad":"0","paginas":"56","subtitulo":"","texto_web_adicional":"","autores-libros":[16371],"ilustradores-libros":[16371],"texto_web_novedad":"","orden":"999","portada":"0","texto_web_resaltado":"","traductores-libros":[58416],"descripcion_corta":"","recomendamos":"","mas_vendido":"","idioma-libro":"","color":false,"formato":"","mas_informacion_del_producto":false,"premios":[{"premio":"Premi literari del Governador general","anyo_del_premio":"2017","pais_del_premio":"Montr\u00e9al - CANAD\u00c0"},{"premio":"Premi al llibre infantil de les biblioteques","anyo_del_premio":"2017","pais_del_premio":"Montr\u00e9al - CANAD\u00c0"}],"texto_enlace_cubierta":"","enlace_cubierta":false,"texto_enlace_ficha_tecnica":"","enlace_ficha_tecnica":{"ID":25695,"id":25695,"title":"Azadah cat Fitxa","filename":"Azadah-cat-Fitxa.pdf","filesize":221763,"url":"https:\/\/www.editorialjuventud.es\/wp-content\/uploads\/Azadah-cat-Fitxa.pdf","link":"https:\/\/www.editorialjuventud.es\/ca\/?attachment_id=25695","alt":"","author":"47","description":"","caption":"","name":"azadah-cat-fitxa","status":"inherit","uploaded_to":20408,"date":"2019-05-20 09:13:10","modified":"2019-05-20 09:13:10","menu_order":0,"mime_type":"application\/pdf","type":"application","subtype":"pdf","icon":"https:\/\/www.editorialjuventud.es\/wp-includes\/images\/media\/document.png"},"ficheros":false,"titulo-fr":"","texto-fr":"","fecha_de_reimpresion":"","deshabilitar_compra":[]},"yoast_head":"<!-- This site is optimized with the Yoast SEO plugin v27.5 - https:\/\/yoast.com\/product\/yoast-seo-wordpress\/ -->\n<title>Azadah - Editorial Juventud<\/title>\n<meta name=\"description\" content=\"Azadah, una petita nena afganesa, t\u00e9 la sort de con\u00e8ixer a una fot\u00f2grafa alemanya. En el moment en qu\u00e8 la seva amiga ha de marxar de tornada a casa, la\" \/>\n<meta name=\"robots\" content=\"index, follow, max-snippet:-1, max-image-preview:large, max-video-preview:-1\" \/>\n<link rel=\"canonical\" href=\"https:\/\/www.editorialjuventud.es\/azadah-9788426144577\/\" \/>\n<meta property=\"og:locale\" content=\"ca_ES\" \/>\n<meta property=\"og:type\" content=\"article\" \/>\n<meta property=\"og:title\" content=\"Azadah - Editorial Juventud\" \/>\n<meta property=\"og:description\" content=\"Azadah, una petita nena afganesa, t\u00e9 la sort de con\u00e8ixer a una fot\u00f2grafa alemanya. En el moment en qu\u00e8 la seva amiga ha de marxar de tornada a casa, la\" \/>\n<meta property=\"og:url\" content=\"https:\/\/www.editorialjuventud.es\/azadah-9788426144577\/\" \/>\n<meta property=\"og:site_name\" content=\"Editorial Juventud\" \/>\n<meta property=\"article:modified_time\" content=\"2025-01-22T12:01:12+00:00\" \/>\n<meta property=\"og:image\" content=\"https:\/\/www.editorialjuventud.es\/wp-content\/uploads\/9788426144577.jpg\" \/>\n\t<meta property=\"og:image:width\" content=\"951\" \/>\n\t<meta property=\"og:image:height\" content=\"1200\" \/>\n\t<meta property=\"og:image:type\" content=\"image\/jpeg\" \/>\n<meta name=\"twitter:card\" content=\"summary_large_image\" \/>\n<meta name=\"twitter:label1\" content=\"Temps estimat de lectura\" \/>\n\t<meta name=\"twitter:data1\" content=\"1 minut\" \/>\n<script type=\"application\/ld+json\" class=\"yoast-schema-graph\">{\"@context\":\"https:\\\/\\\/schema.org\",\"@graph\":[{\"@type\":\"WebPage\",\"@id\":\"https:\\\/\\\/www.editorialjuventud.es\\\/azadah-9788426144577\\\/\",\"url\":\"https:\\\/\\\/www.editorialjuventud.es\\\/azadah-9788426144577\\\/\",\"name\":\"Azadah - Editorial Juventud\",\"isPartOf\":{\"@id\":\"https:\\\/\\\/www.editorialjuventud.es\\\/#website\"},\"primaryImageOfPage\":{\"@id\":\"https:\\\/\\\/www.editorialjuventud.es\\\/azadah-9788426144577\\\/#primaryimage\"},\"image\":{\"@id\":\"https:\\\/\\\/www.editorialjuventud.es\\\/azadah-9788426144577\\\/#primaryimage\"},\"thumbnailUrl\":\"https:\\\/\\\/www.editorialjuventud.es\\\/wp-content\\\/uploads\\\/9788426144577.jpg\",\"datePublished\":\"2019-01-17T09:00:08+00:00\",\"dateModified\":\"2025-01-22T12:01:12+00:00\",\"description\":\"Azadah, una petita nena afganesa, t\u00e9 la sort de con\u00e8ixer a una fot\u00f2grafa alemanya. En el moment en qu\u00e8 la seva amiga ha de marxar de tornada a casa, la\",\"breadcrumb\":{\"@id\":\"https:\\\/\\\/www.editorialjuventud.es\\\/azadah-9788426144577\\\/#breadcrumb\"},\"inLanguage\":\"ca\",\"potentialAction\":[{\"@type\":\"ReadAction\",\"target\":[\"https:\\\/\\\/www.editorialjuventud.es\\\/azadah-9788426144577\\\/\"]}]},{\"@type\":\"ImageObject\",\"inLanguage\":\"ca\",\"@id\":\"https:\\\/\\\/www.editorialjuventud.es\\\/azadah-9788426144577\\\/#primaryimage\",\"url\":\"https:\\\/\\\/www.editorialjuventud.es\\\/wp-content\\\/uploads\\\/9788426144577.jpg\",\"contentUrl\":\"https:\\\/\\\/www.editorialjuventud.es\\\/wp-content\\\/uploads\\\/9788426144577.jpg\",\"width\":951,\"height\":1200,\"caption\":\"9788426144577.jpg\"},{\"@type\":\"BreadcrumbList\",\"@id\":\"https:\\\/\\\/www.editorialjuventud.es\\\/azadah-9788426144577\\\/#breadcrumb\",\"itemListElement\":[{\"@type\":\"ListItem\",\"position\":1,\"name\":\"Portada\",\"item\":\"https:\\\/\\\/www.editorialjuventud.es\\\/\"},{\"@type\":\"ListItem\",\"position\":2,\"name\":\"cat\u00e1logo\",\"item\":\"https:\\\/\\\/www.editorialjuventud.es\\\/coleccion\\\/catalogo\\\/\"},{\"@type\":\"ListItem\",\"position\":3,\"name\":\"catal\u00e0\",\"item\":\"https:\\\/\\\/www.editorialjuventud.es\\\/coleccion\\\/catala\\\/\"},{\"@type\":\"ListItem\",\"position\":4,\"name\":\"\u00c0lbums Il\u00b7lustrats\",\"item\":\"https:\\\/\\\/www.editorialjuventud.es\\\/coleccion\\\/albums-il%c2%b7lustrats\\\/\"},{\"@type\":\"ListItem\",\"position\":5,\"name\":\"Conviv\u00e8ncia i Multiculturalitat\",\"item\":\"https:\\\/\\\/www.editorialjuventud.es\\\/coleccion\\\/convivencia-i-multiculturalitat\\\/\"},{\"@type\":\"ListItem\",\"position\":6,\"name\":\"Azadah\"}]},{\"@type\":\"WebSite\",\"@id\":\"https:\\\/\\\/www.editorialjuventud.es\\\/#website\",\"url\":\"https:\\\/\\\/www.editorialjuventud.es\\\/\",\"name\":\"Editorial Juventud\",\"description\":\"\",\"potentialAction\":[{\"@type\":\"SearchAction\",\"target\":{\"@type\":\"EntryPoint\",\"urlTemplate\":\"https:\\\/\\\/www.editorialjuventud.es\\\/?s={search_term_string}\"},\"query-input\":{\"@type\":\"PropertyValueSpecification\",\"valueRequired\":true,\"valueName\":\"search_term_string\"}}],\"inLanguage\":\"ca\"}]}<\/script>\n<!-- \/ Yoast SEO plugin. -->","yoast_head_json":{"title":"Azadah - Editorial Juventud","description":"Azadah, una petita nena afganesa, t\u00e9 la sort de con\u00e8ixer a una fot\u00f2grafa alemanya. En el moment en qu\u00e8 la seva amiga ha de marxar de tornada a casa, la","robots":{"index":"index","follow":"follow","max-snippet":"max-snippet:-1","max-image-preview":"max-image-preview:large","max-video-preview":"max-video-preview:-1"},"canonical":"https:\/\/www.editorialjuventud.es\/azadah-9788426144577\/","og_locale":"ca_ES","og_type":"article","og_title":"Azadah - Editorial Juventud","og_description":"Azadah, una petita nena afganesa, t\u00e9 la sort de con\u00e8ixer a una fot\u00f2grafa alemanya. En el moment en qu\u00e8 la seva amiga ha de marxar de tornada a casa, la","og_url":"https:\/\/www.editorialjuventud.es\/azadah-9788426144577\/","og_site_name":"Editorial Juventud","article_modified_time":"2025-01-22T12:01:12+00:00","og_image":[{"width":951,"height":1200,"url":"https:\/\/www.editorialjuventud.es\/wp-content\/uploads\/9788426144577.jpg","type":"image\/jpeg"}],"twitter_card":"summary_large_image","twitter_misc":{"Temps estimat de lectura":"1 minut"},"schema":{"@context":"https:\/\/schema.org","@graph":[{"@type":"WebPage","@id":"https:\/\/www.editorialjuventud.es\/azadah-9788426144577\/","url":"https:\/\/www.editorialjuventud.es\/azadah-9788426144577\/","name":"Azadah - Editorial Juventud","isPartOf":{"@id":"https:\/\/www.editorialjuventud.es\/#website"},"primaryImageOfPage":{"@id":"https:\/\/www.editorialjuventud.es\/azadah-9788426144577\/#primaryimage"},"image":{"@id":"https:\/\/www.editorialjuventud.es\/azadah-9788426144577\/#primaryimage"},"thumbnailUrl":"https:\/\/www.editorialjuventud.es\/wp-content\/uploads\/9788426144577.jpg","datePublished":"2019-01-17T09:00:08+00:00","dateModified":"2025-01-22T12:01:12+00:00","description":"Azadah, una petita nena afganesa, t\u00e9 la sort de con\u00e8ixer a una fot\u00f2grafa alemanya. En el moment en qu\u00e8 la seva amiga ha de marxar de tornada a casa, la","breadcrumb":{"@id":"https:\/\/www.editorialjuventud.es\/azadah-9788426144577\/#breadcrumb"},"inLanguage":"ca","potentialAction":[{"@type":"ReadAction","target":["https:\/\/www.editorialjuventud.es\/azadah-9788426144577\/"]}]},{"@type":"ImageObject","inLanguage":"ca","@id":"https:\/\/www.editorialjuventud.es\/azadah-9788426144577\/#primaryimage","url":"https:\/\/www.editorialjuventud.es\/wp-content\/uploads\/9788426144577.jpg","contentUrl":"https:\/\/www.editorialjuventud.es\/wp-content\/uploads\/9788426144577.jpg","width":951,"height":1200,"caption":"9788426144577.jpg"},{"@type":"BreadcrumbList","@id":"https:\/\/www.editorialjuventud.es\/azadah-9788426144577\/#breadcrumb","itemListElement":[{"@type":"ListItem","position":1,"name":"Portada","item":"https:\/\/www.editorialjuventud.es\/"},{"@type":"ListItem","position":2,"name":"cat\u00e1logo","item":"https:\/\/www.editorialjuventud.es\/coleccion\/catalogo\/"},{"@type":"ListItem","position":3,"name":"catal\u00e0","item":"https:\/\/www.editorialjuventud.es\/coleccion\/catala\/"},{"@type":"ListItem","position":4,"name":"\u00c0lbums Il\u00b7lustrats","item":"https:\/\/www.editorialjuventud.es\/coleccion\/albums-il%c2%b7lustrats\/"},{"@type":"ListItem","position":5,"name":"Conviv\u00e8ncia i Multiculturalitat","item":"https:\/\/www.editorialjuventud.es\/coleccion\/convivencia-i-multiculturalitat\/"},{"@type":"ListItem","position":6,"name":"Azadah"}]},{"@type":"WebSite","@id":"https:\/\/www.editorialjuventud.es\/#website","url":"https:\/\/www.editorialjuventud.es\/","name":"Editorial Juventud","description":"","potentialAction":[{"@type":"SearchAction","target":{"@type":"EntryPoint","urlTemplate":"https:\/\/www.editorialjuventud.es\/?s={search_term_string}"},"query-input":{"@type":"PropertyValueSpecification","valueRequired":true,"valueName":"search_term_string"}}],"inLanguage":"ca"}]}},"_links":{"self":[{"href":"https:\/\/www.editorialjuventud.es\/ca\/wp-json\/wp\/v2\/product\/20408","targetHints":{"allow":["GET"]}}],"collection":[{"href":"https:\/\/www.editorialjuventud.es\/ca\/wp-json\/wp\/v2\/product"}],"about":[{"href":"https:\/\/www.editorialjuventud.es\/ca\/wp-json\/wp\/v2\/types\/product"}],"wp:featuredmedia":[{"embeddable":true,"href":"https:\/\/www.editorialjuventud.es\/ca\/wp-json\/wp\/v2\/media\/20409"}],"wp:attachment":[{"href":"https:\/\/www.editorialjuventud.es\/ca\/wp-json\/wp\/v2\/media?parent=20408"}],"wp:term":[{"taxonomy":"product_brand","embeddable":true,"href":"https:\/\/www.editorialjuventud.es\/ca\/wp-json\/wp\/v2\/product_brand?post=20408"},{"taxonomy":"product_cat","embeddable":true,"href":"https:\/\/www.editorialjuventud.es\/ca\/wp-json\/wp\/v2\/product_cat?post=20408"},{"taxonomy":"product_tag","embeddable":true,"href":"https:\/\/www.editorialjuventud.es\/ca\/wp-json\/wp\/v2\/product_tag?post=20408"},{"taxonomy":"coleccion","embeddable":true,"href":"https:\/\/www.editorialjuventud.es\/ca\/wp-json\/wp\/v2\/coleccion?post=20408"}],"curies":[{"name":"wp","href":"https:\/\/api.w.org\/{rel}","templated":true}]}}