{"id":20263,"date":"2019-01-09T10:46:01","date_gmt":"2019-01-09T09:46:01","guid":{"rendered":"http:\/\/www.editorialjuventud.es\/mi-elefante-no-quiere-irse-a-la-cama-9788426145499\/"},"modified":"2025-01-22T12:56:58","modified_gmt":"2025-01-22T11:56:58","slug":"mi-elefante-no-quiere-irse-a-la-cama-9788426145499","status":"publish","type":"product","link":"https:\/\/www.editorialjuventud.es\/ca\/mi-elefante-no-quiere-irse-a-la-cama-9788426145499\/","title":{"rendered":"Mi elefante no quiere irse a la cama"},"content":{"rendered":"<p>Ana tiene que irse a la cama&#8230; \u00a1pero no quiere ir sin su querido elefante! El pap\u00e1 enseguida se da cuenta de que no es f\u00e1cil acostar a un elefante. Si un elefante tiene sed antes de irse a dormir, \u00a1se bebe una ba\u00f1era entera! Y para lavar sus enormes colmillos no basta con un cepillo de dientes. \u00bfY qu\u00e9 pasa si el elefante tiene caca?&#8230;<br \/>Una simp\u00e1tica y alegre oda a las t\u00e1cticas dilatorias de todos aquellos ni\u00f1os que siempre tienen excusas geniales para posponer el momento de ir a la cama; y a sus pap\u00e1s, que con paciencia y ternura saben encaminar la desbordante imaginaci\u00f3n de sus hijos para que tengan unos dulces sue\u00f1os.<\/p>\n","protected":false},"excerpt":{"rendered":"Ana tiene que irse a la cama&#8230; \u00a1pero no quiere ir sin su querido elefante! El pap\u00e1 enseguida se da cuenta de que no es f\u00e1cil acostar a un elefante. Si un elefante tiene sed antes de irse a dormir, [&hellip;]","protected":false},"featured_media":20264,"template":"","meta":{"_acf_changed":false,"_exactmetrics_skip_tracking":false,"_exactmetrics_sitenote_active":false,"_exactmetrics_sitenote_note":"","_exactmetrics_sitenote_category":0},"product_brand":[],"product_cat":[899,1121,1136,1165,1205],"product_tag":[],"coleccion":[990],"class_list":{"0":"post-20263","1":"product","2":"type-product","3":"status-publish","4":"has-post-thumbnail","6":"product_cat-a-partir-de-3-anos","7":"product_cat-albumes-ilustrados","8":"product_cat-amistad","9":"product_cat-dormir-sueno","10":"product_cat-padres","11":"coleccion-cuentos-para-ir-a-la-cama","13":"first","14":"instock","15":"taxable","16":"shipping-taxable","17":"purchasable","18":"product-type-simple"},"acf":{"indice":"","autor":"Neudert, Cee","codart":"4549","ediciones":"1","encuadernacion":"Carton\u00e9","fecha_de_publicacion":"01\/01\/2019","novedad":"0","paginas":"32","subtitulo":"","texto_web_adicional":"","autores-libros":[20314],"ilustradores-libros":[20315],"texto_web_novedad":"","orden":"999","portada":"0","texto_web_resaltado":"","traductores-libros":[18265],"descripcion_corta":"Ana tiene que irse a la cama... \u00a1pero no quiere ir sin su querido elefante! El pap\u00e1 enseguida se da cuenta de que no es f\u00e1cil acostar a un elefante.","recomendamos":"","mas_vendido":"","titulo-fr":"","texto-fr":"","idioma-libro":[20266],"color":false,"formato":"","mas_informacion_del_producto":false,"premios":false,"texto_enlace_cubierta":"","enlace_cubierta":false,"texto_enlace_ficha_tecnica":"","enlace_ficha_tecnica":{"ID":33836,"id":33836,"title":"Mi elefante no quiere irse a la cama Ficha","filename":"Mi-elefante-no-quiere-irse-a-la-cama-Ficha.pdf","filesize":230729,"url":"https:\/\/www.editorialjuventud.es\/wp-content\/uploads\/Mi-elefante-no-quiere-irse-a-la-cama-Ficha.pdf","link":"https:\/\/www.editorialjuventud.es\/ca\/?attachment_id=33836","alt":"","author":"47","description":"","caption":"","name":"mi-elefante-no-quiere-irse-a-la-cama-ficha","status":"inherit","uploaded_to":20263,"date":"2019-10-30 11:09:24","modified":"2019-10-30 11:09:24","menu_order":0,"mime_type":"application\/pdf","type":"application","subtype":"pdf","icon":"https:\/\/www.editorialjuventud.es\/wp-includes\/images\/media\/document.png"},"ficheros":false,"fecha_de_reimpresion":"","deshabilitar_compra":[]},"yoast_head":"<!-- This site is optimized with the Yoast SEO plugin v27.5 - https:\/\/yoast.com\/product\/yoast-seo-wordpress\/ -->\n<title>Mi elefante no quiere irse a la cama - Editorial Juventud<\/title>\n<meta name=\"description\" content=\"Ana tiene que irse a la cama... \u00a1pero no quiere ir sin su querido elefante! El pap\u00e1 enseguida se da cuenta de que no es f\u00e1cil acostar a un elefante. Si un\" \/>\n<meta name=\"robots\" content=\"index, follow, max-snippet:-1, max-image-preview:large, max-video-preview:-1\" \/>\n<link rel=\"canonical\" href=\"https:\/\/www.editorialjuventud.es\/mi-elefante-no-quiere-irse-a-la-cama-9788426145499\/\" \/>\n<meta property=\"og:locale\" content=\"ca_ES\" \/>\n<meta property=\"og:type\" content=\"article\" \/>\n<meta property=\"og:title\" content=\"Mi elefante no quiere irse a la cama - Editorial Juventud\" \/>\n<meta property=\"og:description\" content=\"Ana tiene que irse a la cama... \u00a1pero no quiere ir sin su querido elefante! El pap\u00e1 enseguida se da cuenta de que no es f\u00e1cil acostar a un elefante. Si un\" \/>\n<meta property=\"og:url\" content=\"https:\/\/www.editorialjuventud.es\/mi-elefante-no-quiere-irse-a-la-cama-9788426145499\/\" \/>\n<meta property=\"og:site_name\" content=\"Editorial Juventud\" \/>\n<meta property=\"article:modified_time\" content=\"2025-01-22T11:56:58+00:00\" \/>\n<meta property=\"og:image\" content=\"https:\/\/www.editorialjuventud.es\/wp-content\/uploads\/9788426145499.jpg\" \/>\n\t<meta property=\"og:image:width\" content=\"928\" \/>\n\t<meta property=\"og:image:height\" content=\"1200\" \/>\n\t<meta property=\"og:image:type\" content=\"image\/jpeg\" \/>\n<meta name=\"twitter:card\" content=\"summary_large_image\" \/>\n<meta name=\"twitter:label1\" content=\"Temps estimat de lectura\" \/>\n\t<meta name=\"twitter:data1\" content=\"1 minut\" \/>\n<script type=\"application\/ld+json\" class=\"yoast-schema-graph\">{\"@context\":\"https:\\\/\\\/schema.org\",\"@graph\":[{\"@type\":\"WebPage\",\"@id\":\"https:\\\/\\\/www.editorialjuventud.es\\\/mi-elefante-no-quiere-irse-a-la-cama-9788426145499\\\/\",\"url\":\"https:\\\/\\\/www.editorialjuventud.es\\\/mi-elefante-no-quiere-irse-a-la-cama-9788426145499\\\/\",\"name\":\"Mi elefante no quiere irse a la cama - Editorial Juventud\",\"isPartOf\":{\"@id\":\"https:\\\/\\\/www.editorialjuventud.es\\\/#website\"},\"primaryImageOfPage\":{\"@id\":\"https:\\\/\\\/www.editorialjuventud.es\\\/mi-elefante-no-quiere-irse-a-la-cama-9788426145499\\\/#primaryimage\"},\"image\":{\"@id\":\"https:\\\/\\\/www.editorialjuventud.es\\\/mi-elefante-no-quiere-irse-a-la-cama-9788426145499\\\/#primaryimage\"},\"thumbnailUrl\":\"https:\\\/\\\/www.editorialjuventud.es\\\/wp-content\\\/uploads\\\/9788426145499.jpg\",\"datePublished\":\"2019-01-09T09:46:01+00:00\",\"dateModified\":\"2025-01-22T11:56:58+00:00\",\"description\":\"Ana tiene que irse a la cama... \u00a1pero no quiere ir sin su querido elefante! El pap\u00e1 enseguida se da cuenta de que no es f\u00e1cil acostar a un elefante. Si un\",\"breadcrumb\":{\"@id\":\"https:\\\/\\\/www.editorialjuventud.es\\\/mi-elefante-no-quiere-irse-a-la-cama-9788426145499\\\/#breadcrumb\"},\"inLanguage\":\"ca\",\"potentialAction\":[{\"@type\":\"ReadAction\",\"target\":[\"https:\\\/\\\/www.editorialjuventud.es\\\/mi-elefante-no-quiere-irse-a-la-cama-9788426145499\\\/\"]}]},{\"@type\":\"ImageObject\",\"inLanguage\":\"ca\",\"@id\":\"https:\\\/\\\/www.editorialjuventud.es\\\/mi-elefante-no-quiere-irse-a-la-cama-9788426145499\\\/#primaryimage\",\"url\":\"https:\\\/\\\/www.editorialjuventud.es\\\/wp-content\\\/uploads\\\/9788426145499.jpg\",\"contentUrl\":\"https:\\\/\\\/www.editorialjuventud.es\\\/wp-content\\\/uploads\\\/9788426145499.jpg\",\"width\":928,\"height\":1200,\"caption\":\"9788426145499.jpg\"},{\"@type\":\"BreadcrumbList\",\"@id\":\"https:\\\/\\\/www.editorialjuventud.es\\\/mi-elefante-no-quiere-irse-a-la-cama-9788426145499\\\/#breadcrumb\",\"itemListElement\":[{\"@type\":\"ListItem\",\"position\":1,\"name\":\"Portada\",\"item\":\"https:\\\/\\\/www.editorialjuventud.es\\\/\"},{\"@type\":\"ListItem\",\"position\":2,\"name\":\"cat\u00e1logo\",\"item\":\"https:\\\/\\\/www.editorialjuventud.es\\\/coleccion\\\/catalogo\\\/\"},{\"@type\":\"ListItem\",\"position\":3,\"name\":\"castellano\",\"item\":\"https:\\\/\\\/www.editorialjuventud.es\\\/coleccion\\\/castellano\\\/\"},{\"@type\":\"ListItem\",\"position\":4,\"name\":\"\u00c1lbumes Ilustrados\",\"item\":\"https:\\\/\\\/www.editorialjuventud.es\\\/coleccion\\\/albumes-ilustrados\\\/\"},{\"@type\":\"ListItem\",\"position\":5,\"name\":\"Cuentos para Ir a la Cama\",\"item\":\"https:\\\/\\\/www.editorialjuventud.es\\\/coleccion\\\/cuentos-para-ir-a-la-cama\\\/\"},{\"@type\":\"ListItem\",\"position\":6,\"name\":\"Mi elefante no quiere irse a la cama\"}]},{\"@type\":\"WebSite\",\"@id\":\"https:\\\/\\\/www.editorialjuventud.es\\\/#website\",\"url\":\"https:\\\/\\\/www.editorialjuventud.es\\\/\",\"name\":\"Editorial Juventud\",\"description\":\"\",\"potentialAction\":[{\"@type\":\"SearchAction\",\"target\":{\"@type\":\"EntryPoint\",\"urlTemplate\":\"https:\\\/\\\/www.editorialjuventud.es\\\/?s={search_term_string}\"},\"query-input\":{\"@type\":\"PropertyValueSpecification\",\"valueRequired\":true,\"valueName\":\"search_term_string\"}}],\"inLanguage\":\"ca\"}]}<\/script>\n<!-- \/ Yoast SEO plugin. -->","yoast_head_json":{"title":"Mi elefante no quiere irse a la cama - Editorial Juventud","description":"Ana tiene que irse a la cama... \u00a1pero no quiere ir sin su querido elefante! El pap\u00e1 enseguida se da cuenta de que no es f\u00e1cil acostar a un elefante. Si un","robots":{"index":"index","follow":"follow","max-snippet":"max-snippet:-1","max-image-preview":"max-image-preview:large","max-video-preview":"max-video-preview:-1"},"canonical":"https:\/\/www.editorialjuventud.es\/mi-elefante-no-quiere-irse-a-la-cama-9788426145499\/","og_locale":"ca_ES","og_type":"article","og_title":"Mi elefante no quiere irse a la cama - Editorial Juventud","og_description":"Ana tiene que irse a la cama... \u00a1pero no quiere ir sin su querido elefante! El pap\u00e1 enseguida se da cuenta de que no es f\u00e1cil acostar a un elefante. Si un","og_url":"https:\/\/www.editorialjuventud.es\/mi-elefante-no-quiere-irse-a-la-cama-9788426145499\/","og_site_name":"Editorial Juventud","article_modified_time":"2025-01-22T11:56:58+00:00","og_image":[{"width":928,"height":1200,"url":"https:\/\/www.editorialjuventud.es\/wp-content\/uploads\/9788426145499.jpg","type":"image\/jpeg"}],"twitter_card":"summary_large_image","twitter_misc":{"Temps estimat de lectura":"1 minut"},"schema":{"@context":"https:\/\/schema.org","@graph":[{"@type":"WebPage","@id":"https:\/\/www.editorialjuventud.es\/mi-elefante-no-quiere-irse-a-la-cama-9788426145499\/","url":"https:\/\/www.editorialjuventud.es\/mi-elefante-no-quiere-irse-a-la-cama-9788426145499\/","name":"Mi elefante no quiere irse a la cama - Editorial Juventud","isPartOf":{"@id":"https:\/\/www.editorialjuventud.es\/#website"},"primaryImageOfPage":{"@id":"https:\/\/www.editorialjuventud.es\/mi-elefante-no-quiere-irse-a-la-cama-9788426145499\/#primaryimage"},"image":{"@id":"https:\/\/www.editorialjuventud.es\/mi-elefante-no-quiere-irse-a-la-cama-9788426145499\/#primaryimage"},"thumbnailUrl":"https:\/\/www.editorialjuventud.es\/wp-content\/uploads\/9788426145499.jpg","datePublished":"2019-01-09T09:46:01+00:00","dateModified":"2025-01-22T11:56:58+00:00","description":"Ana tiene que irse a la cama... \u00a1pero no quiere ir sin su querido elefante! El pap\u00e1 enseguida se da cuenta de que no es f\u00e1cil acostar a un elefante. Si un","breadcrumb":{"@id":"https:\/\/www.editorialjuventud.es\/mi-elefante-no-quiere-irse-a-la-cama-9788426145499\/#breadcrumb"},"inLanguage":"ca","potentialAction":[{"@type":"ReadAction","target":["https:\/\/www.editorialjuventud.es\/mi-elefante-no-quiere-irse-a-la-cama-9788426145499\/"]}]},{"@type":"ImageObject","inLanguage":"ca","@id":"https:\/\/www.editorialjuventud.es\/mi-elefante-no-quiere-irse-a-la-cama-9788426145499\/#primaryimage","url":"https:\/\/www.editorialjuventud.es\/wp-content\/uploads\/9788426145499.jpg","contentUrl":"https:\/\/www.editorialjuventud.es\/wp-content\/uploads\/9788426145499.jpg","width":928,"height":1200,"caption":"9788426145499.jpg"},{"@type":"BreadcrumbList","@id":"https:\/\/www.editorialjuventud.es\/mi-elefante-no-quiere-irse-a-la-cama-9788426145499\/#breadcrumb","itemListElement":[{"@type":"ListItem","position":1,"name":"Portada","item":"https:\/\/www.editorialjuventud.es\/"},{"@type":"ListItem","position":2,"name":"cat\u00e1logo","item":"https:\/\/www.editorialjuventud.es\/coleccion\/catalogo\/"},{"@type":"ListItem","position":3,"name":"castellano","item":"https:\/\/www.editorialjuventud.es\/coleccion\/castellano\/"},{"@type":"ListItem","position":4,"name":"\u00c1lbumes Ilustrados","item":"https:\/\/www.editorialjuventud.es\/coleccion\/albumes-ilustrados\/"},{"@type":"ListItem","position":5,"name":"Cuentos para Ir a la Cama","item":"https:\/\/www.editorialjuventud.es\/coleccion\/cuentos-para-ir-a-la-cama\/"},{"@type":"ListItem","position":6,"name":"Mi elefante no quiere irse a la cama"}]},{"@type":"WebSite","@id":"https:\/\/www.editorialjuventud.es\/#website","url":"https:\/\/www.editorialjuventud.es\/","name":"Editorial Juventud","description":"","potentialAction":[{"@type":"SearchAction","target":{"@type":"EntryPoint","urlTemplate":"https:\/\/www.editorialjuventud.es\/?s={search_term_string}"},"query-input":{"@type":"PropertyValueSpecification","valueRequired":true,"valueName":"search_term_string"}}],"inLanguage":"ca"}]}},"_links":{"self":[{"href":"https:\/\/www.editorialjuventud.es\/ca\/wp-json\/wp\/v2\/product\/20263","targetHints":{"allow":["GET"]}}],"collection":[{"href":"https:\/\/www.editorialjuventud.es\/ca\/wp-json\/wp\/v2\/product"}],"about":[{"href":"https:\/\/www.editorialjuventud.es\/ca\/wp-json\/wp\/v2\/types\/product"}],"wp:featuredmedia":[{"embeddable":true,"href":"https:\/\/www.editorialjuventud.es\/ca\/wp-json\/wp\/v2\/media\/20264"}],"wp:attachment":[{"href":"https:\/\/www.editorialjuventud.es\/ca\/wp-json\/wp\/v2\/media?parent=20263"}],"wp:term":[{"taxonomy":"product_brand","embeddable":true,"href":"https:\/\/www.editorialjuventud.es\/ca\/wp-json\/wp\/v2\/product_brand?post=20263"},{"taxonomy":"product_cat","embeddable":true,"href":"https:\/\/www.editorialjuventud.es\/ca\/wp-json\/wp\/v2\/product_cat?post=20263"},{"taxonomy":"product_tag","embeddable":true,"href":"https:\/\/www.editorialjuventud.es\/ca\/wp-json\/wp\/v2\/product_tag?post=20263"},{"taxonomy":"coleccion","embeddable":true,"href":"https:\/\/www.editorialjuventud.es\/ca\/wp-json\/wp\/v2\/coleccion?post=20263"}],"curies":[{"name":"wp","href":"https:\/\/api.w.org\/{rel}","templated":true}]}}