{"id":20257,"date":"2019-01-09T14:45:06","date_gmt":"2019-01-09T13:45:06","guid":{"rendered":"http:\/\/www.editorialjuventud.es\/el-pato-enfurrunado-9788426145437\/"},"modified":"2021-11-17T11:38:52","modified_gmt":"2021-11-17T10:38:52","slug":"el-pato-enfurrunado-9788426145437","status":"publish","type":"product","link":"https:\/\/www.editorialjuventud.es\/ca\/el-pato-enfurrunado-9788426145437\/","title":{"rendered":"El Pato enfurru\u00f1ado"},"content":{"rendered":"<p>\u00a1El Pato est\u00e1 enfurru\u00f1ado! El estanque est\u00e1 seco y, lo que es peor, una peque\u00f1a nube gris lo sigue por todas partes. \u00bfQu\u00e9 pueden hacer los amigos del Pato para animarlo?<\/p>\n<p>Todo el mundo tiene d\u00edas en los que nada parece ir bien y esta hermosa historia va de como los amigos de Pato tratan de animarlo. Pero tambi\u00e9n nos cuenta c\u00f3mo de contagiosas pueden ser las emociones, con esa nube gris que va extendi\u00e9ndose sobre todos y haciendo que todos est\u00e9n enfurru\u00f1ados.<\/p>\n<p>Un cuento sobre la amistad con final feliz, con las tiernas y divertidas palabras de<br \/>\nJoyce Dunbar y el inimitable estilo de las ilustraciones de Hor\u00e1cek.<\/p>\n<p>&nbsp;<\/p>\n<p>Este libro ha sido publicado con el apoyo de:<\/p>\n<div id=\"ficha-libro\">\n<p><img decoding=\"async\" src=\"http:\/\/www.editorialjuventud.es\/wp-content\/uploads\/0.png\" \/><\/p>\n<\/div>\n","protected":false},"excerpt":{"rendered":"\u00a1El Pato est\u00e1 enfurru\u00f1ado! El estanque est\u00e1 seco y, lo que es peor, una peque\u00f1a nube gris lo sigue por todas partes. \u00bfQu\u00e9 pueden hacer los amigos del Pato para animarlo? Todo el mundo tiene d\u00edas en los que nada [&hellip;]","protected":false},"featured_media":20258,"template":"","meta":{"_acf_changed":false,"_exactmetrics_skip_tracking":false,"_exactmetrics_sitenote_active":false,"_exactmetrics_sitenote_note":"","_exactmetrics_sitenote_category":0},"product_brand":[],"product_cat":[899,1121,1136,1155,892,1172,1115,1128],"product_tag":[],"coleccion":[928,916,989],"class_list":{"0":"post-20257","1":"product","2":"type-product","3":"status-publish","4":"has-post-thumbnail","6":"product_cat-a-partir-de-3-anos","7":"product_cat-albumes-ilustrados","8":"product_cat-amistad","9":"product_cat-conflictos","10":"product_cat-edades","11":"product_cat-emociones","12":"product_cat-generos","13":"product_cat-tematica","14":"coleccion-albumes-ilustrados","15":"coleccion-castellano","16":"coleccion-crecer-en-valores","18":"first","19":"instock","20":"taxable","21":"shipping-taxable","22":"purchasable","23":"product-type-simple"},"acf":{"indice":"","autor":"DUNBAR, JOYCE","codart":"4543","ediciones":"1","encuadernacion":"Carton\u00e9","fecha_de_publicacion":"01\/01\/2019","novedad":"0","paginas":"32","subtitulo":"","texto_web_adicional":"","autores-libros":[20316],"ilustradores-libros":[20256],"texto_web_novedad":"","orden":"999","portada":"0","texto_web_resaltado":"","traductores-libros":[17685],"descripcion_corta":"","recomendamos":"","mas_vendido":"","idioma-libro":"","color":false,"formato":"","mas_informacion_del_producto":false,"premios":[{"premio":"Mejores Libros por el Banco del Libro ","anyo_del_premio":"2021","pais_del_premio":"Venezuela"},{"premio":"Ganador Traducciones categor\u00eda infantil por el Banco del Libro ","anyo_del_premio":"2021","pais_del_premio":"Venezuela"},{"premio":"\u00c1lbum ilustrado del a\u00f1o","anyo_del_premio":"2020","pais_del_premio":"Holanda"}],"texto_enlace_cubierta":"","enlace_cubierta":false,"texto_enlace_ficha_tecnica":"","enlace_ficha_tecnica":{"ID":33841,"id":33841,"title":"El Pato Enfurru\u00f1ado Ficha","filename":"El-Pato-Enfurru\u00f1ado-Ficha.pdf","filesize":247500,"url":"https:\/\/www.editorialjuventud.es\/wp-content\/uploads\/El-Pato-Enfurru\u00f1ado-Ficha.pdf","link":"https:\/\/www.editorialjuventud.es\/ca\/?attachment_id=33841","alt":"","author":"47","description":"","caption":"","name":"el-pato-enfurrunado-ficha","status":"inherit","uploaded_to":20257,"date":"2019-10-30 11:15:44","modified":"2019-10-30 11:15:44","menu_order":0,"mime_type":"application\/pdf","type":"application","subtype":"pdf","icon":"https:\/\/www.editorialjuventud.es\/wp-includes\/images\/media\/document.png"},"ficheros":false,"titulo-fr":"","texto-fr":"","fecha_de_reimpresion":"","deshabilitar_compra":[]},"yoast_head":"<!-- This site is optimized with the Yoast SEO plugin v27.5 - https:\/\/yoast.com\/product\/yoast-seo-wordpress\/ -->\n<title>El Pato enfurru\u00f1ado - Editorial Juventud<\/title>\n<meta name=\"description\" content=\"\u00a1El Pato est\u00e1 enfurru\u00f1ado! El estanque est\u00e1 seco y, lo que es peor, una peque\u00f1a nube gris lo sigue por todas partes. \u00bfQu\u00e9 pueden hacer los amigos del Pato\" \/>\n<meta name=\"robots\" content=\"index, follow, max-snippet:-1, max-image-preview:large, max-video-preview:-1\" \/>\n<link rel=\"canonical\" href=\"https:\/\/www.editorialjuventud.es\/ca\/el-pato-enfurrunado-9788426145437\/\" \/>\n<meta property=\"og:locale\" content=\"ca_ES\" \/>\n<meta property=\"og:type\" content=\"article\" \/>\n<meta property=\"og:title\" content=\"El Pato enfurru\u00f1ado - Editorial Juventud\" \/>\n<meta property=\"og:description\" content=\"\u00a1El Pato est\u00e1 enfurru\u00f1ado! El estanque est\u00e1 seco y, lo que es peor, una peque\u00f1a nube gris lo sigue por todas partes. \u00bfQu\u00e9 pueden hacer los amigos del Pato\" \/>\n<meta property=\"og:url\" content=\"https:\/\/www.editorialjuventud.es\/ca\/el-pato-enfurrunado-9788426145437\/\" \/>\n<meta property=\"og:site_name\" content=\"Editorial Juventud\" \/>\n<meta property=\"article:modified_time\" content=\"2021-11-17T10:38:52+00:00\" \/>\n<meta property=\"og:image\" content=\"https:\/\/www.editorialjuventud.es\/wp-content\/uploads\/9788426145437.jpg\" \/>\n\t<meta property=\"og:image:width\" content=\"1081\" \/>\n\t<meta property=\"og:image:height\" content=\"1200\" \/>\n\t<meta property=\"og:image:type\" content=\"image\/jpeg\" \/>\n<meta name=\"twitter:card\" content=\"summary_large_image\" \/>\n<meta name=\"twitter:label1\" content=\"Temps estimat de lectura\" \/>\n\t<meta name=\"twitter:data1\" content=\"1 minut\" \/>\n<script type=\"application\/ld+json\" class=\"yoast-schema-graph\">{\"@context\":\"https:\\\/\\\/schema.org\",\"@graph\":[{\"@type\":\"WebPage\",\"@id\":\"https:\\\/\\\/www.editorialjuventud.es\\\/ca\\\/el-pato-enfurrunado-9788426145437\\\/\",\"url\":\"https:\\\/\\\/www.editorialjuventud.es\\\/ca\\\/el-pato-enfurrunado-9788426145437\\\/\",\"name\":\"El Pato enfurru\u00f1ado - Editorial Juventud\",\"isPartOf\":{\"@id\":\"https:\\\/\\\/www.editorialjuventud.es\\\/#website\"},\"primaryImageOfPage\":{\"@id\":\"https:\\\/\\\/www.editorialjuventud.es\\\/ca\\\/el-pato-enfurrunado-9788426145437\\\/#primaryimage\"},\"image\":{\"@id\":\"https:\\\/\\\/www.editorialjuventud.es\\\/ca\\\/el-pato-enfurrunado-9788426145437\\\/#primaryimage\"},\"thumbnailUrl\":\"https:\\\/\\\/www.editorialjuventud.es\\\/wp-content\\\/uploads\\\/9788426145437.jpg\",\"datePublished\":\"2019-01-09T13:45:06+00:00\",\"dateModified\":\"2021-11-17T10:38:52+00:00\",\"description\":\"\u00a1El Pato est\u00e1 enfurru\u00f1ado! El estanque est\u00e1 seco y, lo que es peor, una peque\u00f1a nube gris lo sigue por todas partes. \u00bfQu\u00e9 pueden hacer los amigos del Pato\",\"breadcrumb\":{\"@id\":\"https:\\\/\\\/www.editorialjuventud.es\\\/ca\\\/el-pato-enfurrunado-9788426145437\\\/#breadcrumb\"},\"inLanguage\":\"ca\",\"potentialAction\":[{\"@type\":\"ReadAction\",\"target\":[\"https:\\\/\\\/www.editorialjuventud.es\\\/ca\\\/el-pato-enfurrunado-9788426145437\\\/\"]}]},{\"@type\":\"ImageObject\",\"inLanguage\":\"ca\",\"@id\":\"https:\\\/\\\/www.editorialjuventud.es\\\/ca\\\/el-pato-enfurrunado-9788426145437\\\/#primaryimage\",\"url\":\"https:\\\/\\\/www.editorialjuventud.es\\\/wp-content\\\/uploads\\\/9788426145437.jpg\",\"contentUrl\":\"https:\\\/\\\/www.editorialjuventud.es\\\/wp-content\\\/uploads\\\/9788426145437.jpg\",\"width\":1081,\"height\":1200,\"caption\":\"9788426145437.jpg\"},{\"@type\":\"BreadcrumbList\",\"@id\":\"https:\\\/\\\/www.editorialjuventud.es\\\/ca\\\/el-pato-enfurrunado-9788426145437\\\/#breadcrumb\",\"itemListElement\":[{\"@type\":\"ListItem\",\"position\":1,\"name\":\"Portada\",\"item\":\"https:\\\/\\\/www.editorialjuventud.es\\\/\"},{\"@type\":\"ListItem\",\"position\":2,\"name\":\"cat\u00e1logo\",\"item\":\"https:\\\/\\\/www.editorialjuventud.es\\\/coleccion\\\/catalogo\\\/\"},{\"@type\":\"ListItem\",\"position\":3,\"name\":\"castellano\",\"item\":\"https:\\\/\\\/www.editorialjuventud.es\\\/coleccion\\\/castellano\\\/\"},{\"@type\":\"ListItem\",\"position\":4,\"name\":\"\u00c1lbumes Ilustrados\",\"item\":\"https:\\\/\\\/www.editorialjuventud.es\\\/coleccion\\\/albumes-ilustrados\\\/\"},{\"@type\":\"ListItem\",\"position\":5,\"name\":\"Crecer en Valores\",\"item\":\"https:\\\/\\\/www.editorialjuventud.es\\\/coleccion\\\/crecer-en-valores\\\/\"},{\"@type\":\"ListItem\",\"position\":6,\"name\":\"El Pato enfurru\u00f1ado\"}]},{\"@type\":\"WebSite\",\"@id\":\"https:\\\/\\\/www.editorialjuventud.es\\\/#website\",\"url\":\"https:\\\/\\\/www.editorialjuventud.es\\\/\",\"name\":\"Editorial Juventud\",\"description\":\"\",\"potentialAction\":[{\"@type\":\"SearchAction\",\"target\":{\"@type\":\"EntryPoint\",\"urlTemplate\":\"https:\\\/\\\/www.editorialjuventud.es\\\/?s={search_term_string}\"},\"query-input\":{\"@type\":\"PropertyValueSpecification\",\"valueRequired\":true,\"valueName\":\"search_term_string\"}}],\"inLanguage\":\"ca\"}]}<\/script>\n<!-- \/ Yoast SEO plugin. -->","yoast_head_json":{"title":"El Pato enfurru\u00f1ado - Editorial Juventud","description":"\u00a1El Pato est\u00e1 enfurru\u00f1ado! El estanque est\u00e1 seco y, lo que es peor, una peque\u00f1a nube gris lo sigue por todas partes. \u00bfQu\u00e9 pueden hacer los amigos del Pato","robots":{"index":"index","follow":"follow","max-snippet":"max-snippet:-1","max-image-preview":"max-image-preview:large","max-video-preview":"max-video-preview:-1"},"canonical":"https:\/\/www.editorialjuventud.es\/ca\/el-pato-enfurrunado-9788426145437\/","og_locale":"ca_ES","og_type":"article","og_title":"El Pato enfurru\u00f1ado - Editorial Juventud","og_description":"\u00a1El Pato est\u00e1 enfurru\u00f1ado! El estanque est\u00e1 seco y, lo que es peor, una peque\u00f1a nube gris lo sigue por todas partes. \u00bfQu\u00e9 pueden hacer los amigos del Pato","og_url":"https:\/\/www.editorialjuventud.es\/ca\/el-pato-enfurrunado-9788426145437\/","og_site_name":"Editorial Juventud","article_modified_time":"2021-11-17T10:38:52+00:00","og_image":[{"width":1081,"height":1200,"url":"https:\/\/www.editorialjuventud.es\/wp-content\/uploads\/9788426145437.jpg","type":"image\/jpeg"}],"twitter_card":"summary_large_image","twitter_misc":{"Temps estimat de lectura":"1 minut"},"schema":{"@context":"https:\/\/schema.org","@graph":[{"@type":"WebPage","@id":"https:\/\/www.editorialjuventud.es\/ca\/el-pato-enfurrunado-9788426145437\/","url":"https:\/\/www.editorialjuventud.es\/ca\/el-pato-enfurrunado-9788426145437\/","name":"El Pato enfurru\u00f1ado - Editorial Juventud","isPartOf":{"@id":"https:\/\/www.editorialjuventud.es\/#website"},"primaryImageOfPage":{"@id":"https:\/\/www.editorialjuventud.es\/ca\/el-pato-enfurrunado-9788426145437\/#primaryimage"},"image":{"@id":"https:\/\/www.editorialjuventud.es\/ca\/el-pato-enfurrunado-9788426145437\/#primaryimage"},"thumbnailUrl":"https:\/\/www.editorialjuventud.es\/wp-content\/uploads\/9788426145437.jpg","datePublished":"2019-01-09T13:45:06+00:00","dateModified":"2021-11-17T10:38:52+00:00","description":"\u00a1El Pato est\u00e1 enfurru\u00f1ado! El estanque est\u00e1 seco y, lo que es peor, una peque\u00f1a nube gris lo sigue por todas partes. \u00bfQu\u00e9 pueden hacer los amigos del Pato","breadcrumb":{"@id":"https:\/\/www.editorialjuventud.es\/ca\/el-pato-enfurrunado-9788426145437\/#breadcrumb"},"inLanguage":"ca","potentialAction":[{"@type":"ReadAction","target":["https:\/\/www.editorialjuventud.es\/ca\/el-pato-enfurrunado-9788426145437\/"]}]},{"@type":"ImageObject","inLanguage":"ca","@id":"https:\/\/www.editorialjuventud.es\/ca\/el-pato-enfurrunado-9788426145437\/#primaryimage","url":"https:\/\/www.editorialjuventud.es\/wp-content\/uploads\/9788426145437.jpg","contentUrl":"https:\/\/www.editorialjuventud.es\/wp-content\/uploads\/9788426145437.jpg","width":1081,"height":1200,"caption":"9788426145437.jpg"},{"@type":"BreadcrumbList","@id":"https:\/\/www.editorialjuventud.es\/ca\/el-pato-enfurrunado-9788426145437\/#breadcrumb","itemListElement":[{"@type":"ListItem","position":1,"name":"Portada","item":"https:\/\/www.editorialjuventud.es\/"},{"@type":"ListItem","position":2,"name":"cat\u00e1logo","item":"https:\/\/www.editorialjuventud.es\/coleccion\/catalogo\/"},{"@type":"ListItem","position":3,"name":"castellano","item":"https:\/\/www.editorialjuventud.es\/coleccion\/castellano\/"},{"@type":"ListItem","position":4,"name":"\u00c1lbumes Ilustrados","item":"https:\/\/www.editorialjuventud.es\/coleccion\/albumes-ilustrados\/"},{"@type":"ListItem","position":5,"name":"Crecer en Valores","item":"https:\/\/www.editorialjuventud.es\/coleccion\/crecer-en-valores\/"},{"@type":"ListItem","position":6,"name":"El Pato enfurru\u00f1ado"}]},{"@type":"WebSite","@id":"https:\/\/www.editorialjuventud.es\/#website","url":"https:\/\/www.editorialjuventud.es\/","name":"Editorial Juventud","description":"","potentialAction":[{"@type":"SearchAction","target":{"@type":"EntryPoint","urlTemplate":"https:\/\/www.editorialjuventud.es\/?s={search_term_string}"},"query-input":{"@type":"PropertyValueSpecification","valueRequired":true,"valueName":"search_term_string"}}],"inLanguage":"ca"}]}},"_links":{"self":[{"href":"https:\/\/www.editorialjuventud.es\/ca\/wp-json\/wp\/v2\/product\/20257","targetHints":{"allow":["GET"]}}],"collection":[{"href":"https:\/\/www.editorialjuventud.es\/ca\/wp-json\/wp\/v2\/product"}],"about":[{"href":"https:\/\/www.editorialjuventud.es\/ca\/wp-json\/wp\/v2\/types\/product"}],"wp:featuredmedia":[{"embeddable":true,"href":"https:\/\/www.editorialjuventud.es\/ca\/wp-json\/wp\/v2\/media\/20258"}],"wp:attachment":[{"href":"https:\/\/www.editorialjuventud.es\/ca\/wp-json\/wp\/v2\/media?parent=20257"}],"wp:term":[{"taxonomy":"product_brand","embeddable":true,"href":"https:\/\/www.editorialjuventud.es\/ca\/wp-json\/wp\/v2\/product_brand?post=20257"},{"taxonomy":"product_cat","embeddable":true,"href":"https:\/\/www.editorialjuventud.es\/ca\/wp-json\/wp\/v2\/product_cat?post=20257"},{"taxonomy":"product_tag","embeddable":true,"href":"https:\/\/www.editorialjuventud.es\/ca\/wp-json\/wp\/v2\/product_tag?post=20257"},{"taxonomy":"coleccion","embeddable":true,"href":"https:\/\/www.editorialjuventud.es\/ca\/wp-json\/wp\/v2\/coleccion?post=20257"}],"curies":[{"name":"wp","href":"https:\/\/api.w.org\/{rel}","templated":true}]}}