{"id":20214,"date":"2018-12-21T10:19:42","date_gmt":"2018-12-21T09:19:42","guid":{"rendered":"http:\/\/www.editorialjuventud.es\/imaginat-un-mon-9788426145161\/"},"modified":"2025-01-22T12:58:45","modified_gmt":"2025-01-22T11:58:45","slug":"imaginat-un-mon-9788426145161","status":"publish","type":"product","link":"https:\/\/www.editorialjuventud.es\/ca\/imaginat-un-mon-9788426145161\/","title":{"rendered":"Imagina&#8217;t un m\u00f3n"},"content":{"rendered":"<p>Rob Gonsalves, mestre del realisme m\u00e0gic, ens presenta una altra obra fascinant de la seva col\u00b7lecci\u00f3 Imagina&#8230; que ens estimula la imaginaci\u00f3 i ens trasllada a un m\u00f3n m\u00e0gic. Imagina un m\u00f3n on les fulles que cauen a la tardor emprenen el vol transformades en papallones, on les llums fugen de la ciutat per il\u00b7luminar el teu cam\u00ed, on tot el que ens envolta es converteix en extraordinari; un m\u00f3n il\u00b7limitat i d?infinites possibilitats. Aquest \u00e9s el m\u00f3n que Rob Gonsalves ha creat per compartir la seva visi\u00f3 inspiradora i sorprenent de tot el que ens envolta. Aquest \u00e0lbum ens trasllada a un m\u00f3n ple de possibilitats gr\u00e0cies als murals trompe l?oeil de l?artista, sovint comparat amb Escher.<\/p>\n","protected":false},"excerpt":{"rendered":"Rob Gonsalves, mestre del realisme m\u00e0gic, ens presenta una altra obra fascinant de la seva col\u00b7lecci\u00f3 Imagina&#8230; que ens estimula la imaginaci\u00f3 i ens trasllada a un m\u00f3n m\u00e0gic. Imagina un m\u00f3n on les fulles que cauen a la tardor [&hellip;]","protected":false},"featured_media":20215,"template":"","meta":{"_acf_changed":false,"_exactmetrics_skip_tracking":false,"_exactmetrics_sitenote_active":false,"_exactmetrics_sitenote_note":"","_exactmetrics_sitenote_category":0},"product_brand":[],"product_cat":[902,1121,1125,1140],"product_tag":[],"coleccion":[945,1031],"class_list":{"0":"post-20214","1":"product","2":"type-product","3":"status-publish","4":"has-post-thumbnail","6":"product_cat-a-partir-de-7-anos","7":"product_cat-albumes-ilustrados","8":"product_cat-arte","9":"product_cat-arte-y-creatividad","10":"coleccion-art-i-creativitat","11":"coleccion-imagina","13":"first","14":"instock","15":"taxable","16":"shipping-taxable","17":"purchasable","18":"product-type-simple"},"acf":{"indice":"","autor":"Gonsalves, Rob","codart":"4516","ediciones":"1","encuadernacion":"Carton\u00e9","fecha_de_publicacion":"01\/11\/2018","novedad":"0","paginas":"48","subtitulo":"","texto_web_adicional":"","autores-libros":[17717],"ilustradores-libros":[17717],"texto_web_novedad":"","orden":"999","portada":"0","texto_web_resaltado":"","traductores-libros":"","descripcion_corta":"","recomendamos":"","mas_vendido":"","color":false,"formato":"","mas_informacion_del_producto":false,"premios":false,"texto_enlace_cubierta":"","enlace_cubierta":false,"texto_enlace_ficha_tecnica":"","enlace_ficha_tecnica":{"ID":33675,"id":33675,"title":"Fitxa Imagina't un m\u00f3n","filename":"Fitxa-Imaginat-un-m\u00f3n-2.pdf","filesize":531698,"url":"https:\/\/www.editorialjuventud.es\/wp-content\/uploads\/Fitxa-Imaginat-un-m\u00f3n-2.pdf","link":"https:\/\/www.editorialjuventud.es\/ca\/?attachment_id=33675","alt":"","author":"47","description":"","caption":"","name":"fitxa-imaginat-un-mon-3","status":"inherit","uploaded_to":20214,"date":"2019-10-28 11:22:11","modified":"2019-10-28 11:22:11","menu_order":0,"mime_type":"application\/pdf","type":"application","subtype":"pdf","icon":"https:\/\/www.editorialjuventud.es\/wp-includes\/images\/media\/document.png"},"ficheros":false,"titulo-fr":"","texto-fr":"","idioma-libro":"","fecha_de_reimpresion":""},"yoast_head":"<!-- This site is optimized with the Yoast SEO plugin v27.5 - https:\/\/yoast.com\/product\/yoast-seo-wordpress\/ -->\n<title>Imagina&#039;t un M\u00f3n, Rob Gonsalves - Editorial Juventud<\/title>\n<meta name=\"description\" content=\"Rob Gonsalves, mestre del realisme m\u00e0gic, ens presenta una altra obra fascinant de la seva col\u00b7lecci\u00f3 Imagina... que ens estimula la imaginaci\u00f3 i ens trasllada a un m\u00f3n m\u00e0gic.\" \/>\n<meta name=\"robots\" content=\"index, follow, max-snippet:-1, max-image-preview:large, max-video-preview:-1\" \/>\n<link rel=\"canonical\" href=\"https:\/\/www.editorialjuventud.es\/imaginat-un-mon-9788426145161\/\" \/>\n<meta property=\"og:locale\" content=\"ca_ES\" \/>\n<meta property=\"og:type\" content=\"article\" \/>\n<meta property=\"og:title\" content=\"Imagina&#039;t un M\u00f3n, Rob Gonsalves - Editorial Juventud\" \/>\n<meta property=\"og:description\" content=\"Rob Gonsalves, mestre del realisme m\u00e0gic, ens presenta una altra obra fascinant de la seva col\u00b7lecci\u00f3 Imagina... que ens estimula la imaginaci\u00f3 i ens trasllada a un m\u00f3n m\u00e0gic.\" \/>\n<meta property=\"og:url\" content=\"https:\/\/www.editorialjuventud.es\/imaginat-un-mon-9788426145161\/\" \/>\n<meta property=\"og:site_name\" content=\"Editorial Juventud\" \/>\n<meta property=\"article:modified_time\" content=\"2025-01-22T11:58:45+00:00\" \/>\n<meta property=\"og:image\" content=\"https:\/\/www.editorialjuventud.es\/wp-content\/uploads\/9788426145161.jpg\" \/>\n\t<meta property=\"og:image:width\" content=\"709\" \/>\n\t<meta property=\"og:image:height\" content=\"709\" \/>\n\t<meta property=\"og:image:type\" content=\"image\/jpeg\" \/>\n<meta name=\"twitter:card\" content=\"summary_large_image\" \/>\n<meta name=\"twitter:label1\" content=\"Temps estimat de lectura\" \/>\n\t<meta name=\"twitter:data1\" content=\"1 minut\" \/>\n<script type=\"application\/ld+json\" class=\"yoast-schema-graph\">{\"@context\":\"https:\\\/\\\/schema.org\",\"@graph\":[{\"@type\":\"WebPage\",\"@id\":\"https:\\\/\\\/www.editorialjuventud.es\\\/imaginat-un-mon-9788426145161\\\/\",\"url\":\"https:\\\/\\\/www.editorialjuventud.es\\\/imaginat-un-mon-9788426145161\\\/\",\"name\":\"Imagina't un M\u00f3n, Rob Gonsalves - Editorial Juventud\",\"isPartOf\":{\"@id\":\"https:\\\/\\\/www.editorialjuventud.es\\\/#website\"},\"primaryImageOfPage\":{\"@id\":\"https:\\\/\\\/www.editorialjuventud.es\\\/imaginat-un-mon-9788426145161\\\/#primaryimage\"},\"image\":{\"@id\":\"https:\\\/\\\/www.editorialjuventud.es\\\/imaginat-un-mon-9788426145161\\\/#primaryimage\"},\"thumbnailUrl\":\"https:\\\/\\\/www.editorialjuventud.es\\\/wp-content\\\/uploads\\\/9788426145161.jpg\",\"datePublished\":\"2018-12-21T09:19:42+00:00\",\"dateModified\":\"2025-01-22T11:58:45+00:00\",\"description\":\"Rob Gonsalves, mestre del realisme m\u00e0gic, ens presenta una altra obra fascinant de la seva col\u00b7lecci\u00f3 Imagina... que ens estimula la imaginaci\u00f3 i ens trasllada a un m\u00f3n m\u00e0gic.\",\"breadcrumb\":{\"@id\":\"https:\\\/\\\/www.editorialjuventud.es\\\/imaginat-un-mon-9788426145161\\\/#breadcrumb\"},\"inLanguage\":\"ca\",\"potentialAction\":[{\"@type\":\"ReadAction\",\"target\":[\"https:\\\/\\\/www.editorialjuventud.es\\\/imaginat-un-mon-9788426145161\\\/\"]}]},{\"@type\":\"ImageObject\",\"inLanguage\":\"ca\",\"@id\":\"https:\\\/\\\/www.editorialjuventud.es\\\/imaginat-un-mon-9788426145161\\\/#primaryimage\",\"url\":\"https:\\\/\\\/www.editorialjuventud.es\\\/wp-content\\\/uploads\\\/9788426145161.jpg\",\"contentUrl\":\"https:\\\/\\\/www.editorialjuventud.es\\\/wp-content\\\/uploads\\\/9788426145161.jpg\",\"width\":709,\"height\":709,\"caption\":\"9788426145161.jpg\"},{\"@type\":\"BreadcrumbList\",\"@id\":\"https:\\\/\\\/www.editorialjuventud.es\\\/imaginat-un-mon-9788426145161\\\/#breadcrumb\",\"itemListElement\":[{\"@type\":\"ListItem\",\"position\":1,\"name\":\"Portada\",\"item\":\"https:\\\/\\\/www.editorialjuventud.es\\\/\"},{\"@type\":\"ListItem\",\"position\":2,\"name\":\"cat\u00e1logo\",\"item\":\"https:\\\/\\\/www.editorialjuventud.es\\\/coleccion\\\/catalogo\\\/\"},{\"@type\":\"ListItem\",\"position\":3,\"name\":\"catal\u00e0\",\"item\":\"https:\\\/\\\/www.editorialjuventud.es\\\/coleccion\\\/catala\\\/\"},{\"@type\":\"ListItem\",\"position\":4,\"name\":\"\u00c0lbums Il\u00b7lustrats\",\"item\":\"https:\\\/\\\/www.editorialjuventud.es\\\/coleccion\\\/albums-il%c2%b7lustrats\\\/\"},{\"@type\":\"ListItem\",\"position\":5,\"name\":\"Art i Creativitat\",\"item\":\"https:\\\/\\\/www.editorialjuventud.es\\\/ca\\\/coleccion\\\/art-i-creativitat\\\/\"},{\"@type\":\"ListItem\",\"position\":6,\"name\":\"Imagina\u2026\",\"item\":\"https:\\\/\\\/www.editorialjuventud.es\\\/coleccion\\\/imagina\\\/\"},{\"@type\":\"ListItem\",\"position\":7,\"name\":\"Imagina't un m\u00f3n\"}]},{\"@type\":\"WebSite\",\"@id\":\"https:\\\/\\\/www.editorialjuventud.es\\\/#website\",\"url\":\"https:\\\/\\\/www.editorialjuventud.es\\\/\",\"name\":\"Editorial Juventud\",\"description\":\"\",\"potentialAction\":[{\"@type\":\"SearchAction\",\"target\":{\"@type\":\"EntryPoint\",\"urlTemplate\":\"https:\\\/\\\/www.editorialjuventud.es\\\/?s={search_term_string}\"},\"query-input\":{\"@type\":\"PropertyValueSpecification\",\"valueRequired\":true,\"valueName\":\"search_term_string\"}}],\"inLanguage\":\"ca\"}]}<\/script>\n<!-- \/ Yoast SEO plugin. -->","yoast_head_json":{"title":"Imagina't un M\u00f3n, Rob Gonsalves - Editorial Juventud","description":"Rob Gonsalves, mestre del realisme m\u00e0gic, ens presenta una altra obra fascinant de la seva col\u00b7lecci\u00f3 Imagina... que ens estimula la imaginaci\u00f3 i ens trasllada a un m\u00f3n m\u00e0gic.","robots":{"index":"index","follow":"follow","max-snippet":"max-snippet:-1","max-image-preview":"max-image-preview:large","max-video-preview":"max-video-preview:-1"},"canonical":"https:\/\/www.editorialjuventud.es\/imaginat-un-mon-9788426145161\/","og_locale":"ca_ES","og_type":"article","og_title":"Imagina't un M\u00f3n, Rob Gonsalves - Editorial Juventud","og_description":"Rob Gonsalves, mestre del realisme m\u00e0gic, ens presenta una altra obra fascinant de la seva col\u00b7lecci\u00f3 Imagina... que ens estimula la imaginaci\u00f3 i ens trasllada a un m\u00f3n m\u00e0gic.","og_url":"https:\/\/www.editorialjuventud.es\/imaginat-un-mon-9788426145161\/","og_site_name":"Editorial Juventud","article_modified_time":"2025-01-22T11:58:45+00:00","og_image":[{"width":709,"height":709,"url":"https:\/\/www.editorialjuventud.es\/wp-content\/uploads\/9788426145161.jpg","type":"image\/jpeg"}],"twitter_card":"summary_large_image","twitter_misc":{"Temps estimat de lectura":"1 minut"},"schema":{"@context":"https:\/\/schema.org","@graph":[{"@type":"WebPage","@id":"https:\/\/www.editorialjuventud.es\/imaginat-un-mon-9788426145161\/","url":"https:\/\/www.editorialjuventud.es\/imaginat-un-mon-9788426145161\/","name":"Imagina't un M\u00f3n, Rob Gonsalves - Editorial Juventud","isPartOf":{"@id":"https:\/\/www.editorialjuventud.es\/#website"},"primaryImageOfPage":{"@id":"https:\/\/www.editorialjuventud.es\/imaginat-un-mon-9788426145161\/#primaryimage"},"image":{"@id":"https:\/\/www.editorialjuventud.es\/imaginat-un-mon-9788426145161\/#primaryimage"},"thumbnailUrl":"https:\/\/www.editorialjuventud.es\/wp-content\/uploads\/9788426145161.jpg","datePublished":"2018-12-21T09:19:42+00:00","dateModified":"2025-01-22T11:58:45+00:00","description":"Rob Gonsalves, mestre del realisme m\u00e0gic, ens presenta una altra obra fascinant de la seva col\u00b7lecci\u00f3 Imagina... que ens estimula la imaginaci\u00f3 i ens trasllada a un m\u00f3n m\u00e0gic.","breadcrumb":{"@id":"https:\/\/www.editorialjuventud.es\/imaginat-un-mon-9788426145161\/#breadcrumb"},"inLanguage":"ca","potentialAction":[{"@type":"ReadAction","target":["https:\/\/www.editorialjuventud.es\/imaginat-un-mon-9788426145161\/"]}]},{"@type":"ImageObject","inLanguage":"ca","@id":"https:\/\/www.editorialjuventud.es\/imaginat-un-mon-9788426145161\/#primaryimage","url":"https:\/\/www.editorialjuventud.es\/wp-content\/uploads\/9788426145161.jpg","contentUrl":"https:\/\/www.editorialjuventud.es\/wp-content\/uploads\/9788426145161.jpg","width":709,"height":709,"caption":"9788426145161.jpg"},{"@type":"BreadcrumbList","@id":"https:\/\/www.editorialjuventud.es\/imaginat-un-mon-9788426145161\/#breadcrumb","itemListElement":[{"@type":"ListItem","position":1,"name":"Portada","item":"https:\/\/www.editorialjuventud.es\/"},{"@type":"ListItem","position":2,"name":"cat\u00e1logo","item":"https:\/\/www.editorialjuventud.es\/coleccion\/catalogo\/"},{"@type":"ListItem","position":3,"name":"catal\u00e0","item":"https:\/\/www.editorialjuventud.es\/coleccion\/catala\/"},{"@type":"ListItem","position":4,"name":"\u00c0lbums Il\u00b7lustrats","item":"https:\/\/www.editorialjuventud.es\/coleccion\/albums-il%c2%b7lustrats\/"},{"@type":"ListItem","position":5,"name":"Art i Creativitat","item":"https:\/\/www.editorialjuventud.es\/ca\/coleccion\/art-i-creativitat\/"},{"@type":"ListItem","position":6,"name":"Imagina\u2026","item":"https:\/\/www.editorialjuventud.es\/coleccion\/imagina\/"},{"@type":"ListItem","position":7,"name":"Imagina't un m\u00f3n"}]},{"@type":"WebSite","@id":"https:\/\/www.editorialjuventud.es\/#website","url":"https:\/\/www.editorialjuventud.es\/","name":"Editorial Juventud","description":"","potentialAction":[{"@type":"SearchAction","target":{"@type":"EntryPoint","urlTemplate":"https:\/\/www.editorialjuventud.es\/?s={search_term_string}"},"query-input":{"@type":"PropertyValueSpecification","valueRequired":true,"valueName":"search_term_string"}}],"inLanguage":"ca"}]}},"_links":{"self":[{"href":"https:\/\/www.editorialjuventud.es\/ca\/wp-json\/wp\/v2\/product\/20214","targetHints":{"allow":["GET"]}}],"collection":[{"href":"https:\/\/www.editorialjuventud.es\/ca\/wp-json\/wp\/v2\/product"}],"about":[{"href":"https:\/\/www.editorialjuventud.es\/ca\/wp-json\/wp\/v2\/types\/product"}],"wp:featuredmedia":[{"embeddable":true,"href":"https:\/\/www.editorialjuventud.es\/ca\/wp-json\/wp\/v2\/media\/20215"}],"wp:attachment":[{"href":"https:\/\/www.editorialjuventud.es\/ca\/wp-json\/wp\/v2\/media?parent=20214"}],"wp:term":[{"taxonomy":"product_brand","embeddable":true,"href":"https:\/\/www.editorialjuventud.es\/ca\/wp-json\/wp\/v2\/product_brand?post=20214"},{"taxonomy":"product_cat","embeddable":true,"href":"https:\/\/www.editorialjuventud.es\/ca\/wp-json\/wp\/v2\/product_cat?post=20214"},{"taxonomy":"product_tag","embeddable":true,"href":"https:\/\/www.editorialjuventud.es\/ca\/wp-json\/wp\/v2\/product_tag?post=20214"},{"taxonomy":"coleccion","embeddable":true,"href":"https:\/\/www.editorialjuventud.es\/ca\/wp-json\/wp\/v2\/coleccion?post=20214"}],"curies":[{"name":"wp","href":"https:\/\/api.w.org\/{rel}","templated":true}]}}