{"id":20208,"date":"2018-12-20T21:37:54","date_gmt":"2018-12-20T19:37:54","guid":{"rendered":"http:\/\/www.editorialjuventud.es\/edison-9788426145796\/"},"modified":"2023-06-19T13:15:09","modified_gmt":"2023-06-19T11:15:09","slug":"edison-dos-ratones-en-busca-de-un-tesoro-9788426145796","status":"publish","type":"product","link":"https:\/\/www.editorialjuventud.es\/ca\/edison-dos-ratones-en-busca-de-un-tesoro-9788426145796\/","title":{"rendered":"EDISON  Dos ratones en busca de un tesoro"},"content":{"rendered":"<p>Motivado por una antigua historia familiar, Pablo busca la ayuda de un profesor de la Universidad de los Ratones para inventar un aparato capaz de sumergirse hasta las profundidades del oc\u00e9ano Atl\u00e1ntico. Juntos iniciar\u00e1n un laborioso proceso de estudio que les llevar\u00e1 a encontrar un arca perdida en el mar con una sorpresa en su interior: el diario de un antepasado de Pablo, que lo relacionar\u00e1 con uno de los inventores m\u00e1s importantes de la historia. Como en las dos anteriores obras de la serie Ratones Aventureros, Kuhlmann consigue sumergir al lector en un apasionante viaje entre la historia y la fantas\u00eda. Al final del libro encontramos una breve biograf\u00eda de Thomas Edison con otras referencias de inventores que contribuyeron a la aparici\u00f3n de la primera bombilla.<\/p>\n<p>&nbsp;<\/p>\n<p>Este libro ha sido publicado con el apoyo de:<\/p>\n<p><img loading=\"lazy\" decoding=\"async\" class=\"alignnone size-full wp-image-33299 lazyloaded\" src=\"http:\/\/www.editorialjuventud.es\/wp-content\/uploads\/0.png\" alt=\"\" width=\"198\" height=\"57\" data-lazy-src=\"http:\/\/www.editorialjuventud.es\/wp-content\/uploads\/0.png\" \/><\/p>\n","protected":false},"excerpt":{"rendered":"Motivado por una antigua historia familiar, Pablo busca la ayuda de un profesor de la Universidad de los Ratones para inventar un aparato capaz de sumergirse hasta las profundidades del oc\u00e9ano Atl\u00e1ntico. Juntos iniciar\u00e1n un laborioso proceso de estudio que [&hellip;]","protected":false},"featured_media":20209,"template":"","meta":{"_acf_changed":false,"_exactmetrics_skip_tracking":false,"_exactmetrics_sitenote_active":false,"_exactmetrics_sitenote_note":"","_exactmetrics_sitenote_category":0},"product_brand":[],"product_cat":[904,1121,1138,1142,892,1115,1193,1207,1128],"product_tag":[],"coleccion":[984,928,916,1248],"class_list":{"0":"post-20208","1":"product","2":"type-product","3":"status-publish","4":"has-post-thumbnail","6":"product_cat-a-partir-de-9-anos","7":"product_cat-albumes-ilustrados","8":"product_cat-animales","9":"product_cat-aventura","10":"product_cat-edades","11":"product_cat-generos","12":"product_cat-mar-oceano","13":"product_cat-personajes-reales","14":"product_cat-tematica","15":"coleccion-ya-leo-solo","16":"coleccion-albumes-ilustrados","17":"coleccion-castellano","18":"coleccion-ratones-aventureros","20":"first","21":"instock","22":"taxable","23":"shipping-taxable","24":"purchasable","25":"product-type-simple"},"acf":{"indice":"","autor":"KUHLMANN, TORBEN","codart":"4579","ediciones":"1","encuadernacion":"Carton\u00e9","fecha_de_publicacion":"01\/11\/2018","novedad":"0","paginas":"112","subtitulo":"","texto_web_adicional":"","autores-libros":[16448],"ilustradores-libros":[16448],"texto_web_novedad":"","orden":"999","portada":"0","texto_web_resaltado":"","traductores-libros":[18265],"descripcion_corta":"","recomendamos":"","mas_vendido":"","idioma-libro":"","color":false,"formato":"","mas_informacion_del_producto":false,"premios":false,"texto_enlace_cubierta":"","enlace_cubierta":{"ID":23828,"id":23828,"title":"cover9788426145796","filename":"cover9788426145796.jpg","filesize":94744,"url":"https:\/\/www.editorialjuventud.es\/wp-content\/uploads\/cover9788426145796.jpg","link":"https:\/\/www.editorialjuventud.es\/ca\/?attachment_id=23828","alt":"","author":"47","description":"","caption":"","name":"cover9788426145796","status":"inherit","uploaded_to":20208,"date":"2019-04-10 18:05:01","modified":"2019-04-10 18:05:01","menu_order":0,"mime_type":"image\/jpeg","type":"image","subtype":"jpeg","icon":"https:\/\/www.editorialjuventud.es\/wp-includes\/images\/media\/default.png","width":526,"height":680,"sizes":{"thumbnail":"https:\/\/www.editorialjuventud.es\/wp-content\/uploads\/cover9788426145796-200x200.jpg","thumbnail-width":200,"thumbnail-height":200,"medium":"https:\/\/www.editorialjuventud.es\/wp-content\/uploads\/cover9788426145796.jpg","medium-width":526,"medium-height":680,"medium_large":"https:\/\/www.editorialjuventud.es\/wp-content\/uploads\/cover9788426145796.jpg","medium_large-width":526,"medium_large-height":680,"large":"https:\/\/www.editorialjuventud.es\/wp-content\/uploads\/cover9788426145796.jpg","large-width":526,"large-height":680,"1536x1536":"https:\/\/www.editorialjuventud.es\/wp-content\/uploads\/cover9788426145796.jpg","1536x1536-width":526,"1536x1536-height":680,"2048x2048":"https:\/\/www.editorialjuventud.es\/wp-content\/uploads\/cover9788426145796.jpg","2048x2048-width":526,"2048x2048-height":680,"woocommerce_thumbnail":"https:\/\/www.editorialjuventud.es\/wp-content\/uploads\/cover9788426145796-350x452.jpg","woocommerce_thumbnail-width":350,"woocommerce_thumbnail-height":452,"woocommerce_single":"https:\/\/www.editorialjuventud.es\/wp-content\/uploads\/cover9788426145796.jpg","woocommerce_single-width":526,"woocommerce_single-height":680,"woocommerce_gallery_thumbnail":"https:\/\/www.editorialjuventud.es\/wp-content\/uploads\/cover9788426145796-100x100.jpg","woocommerce_gallery_thumbnail-width":100,"woocommerce_gallery_thumbnail-height":100,"ppec_logo_image_size":"https:\/\/www.editorialjuventud.es\/wp-content\/uploads\/cover9788426145796.jpg","ppec_logo_image_size-width":46,"ppec_logo_image_size-height":60,"ppec_header_image_size":"https:\/\/www.editorialjuventud.es\/wp-content\/uploads\/cover9788426145796.jpg","ppec_header_image_size-width":70,"ppec_header_image_size-height":90}},"texto_enlace_ficha_tecnica":"","enlace_ficha_tecnica":{"ID":33465,"id":33465,"title":"Ficha-Edison.-Dos-ratones-en-busca-de-un-tesoro","filename":"Ficha-Edison.-Dos-ratones-en-busca-de-un-tesoro-1.pdf","filesize":522236,"url":"https:\/\/www.editorialjuventud.es\/wp-content\/uploads\/Ficha-Edison.-Dos-ratones-en-busca-de-un-tesoro-1.pdf","link":"https:\/\/www.editorialjuventud.es\/ca\/?attachment_id=33465","alt":"","author":"49","description":"","caption":"","name":"ficha-edison-dos-ratones-en-busca-de-un-tesoro-2","status":"inherit","uploaded_to":20208,"date":"2019-10-21 11:36:54","modified":"2019-10-21 11:36:54","menu_order":0,"mime_type":"application\/pdf","type":"application","subtype":"pdf","icon":"https:\/\/www.editorialjuventud.es\/wp-includes\/images\/media\/document.png"},"ficheros":false,"titulo-fr":"","texto-fr":"","fecha_de_reimpresion":"","deshabilitar_compra":["deshabilitar"]},"yoast_head":"<!-- This site is optimized with the Yoast SEO plugin v27.3 - https:\/\/yoast.com\/product\/yoast-seo-wordpress\/ -->\n<title>EDISON Dos ratones en busca de un tesoro - Editorial Juventud<\/title>\n<meta name=\"description\" content=\"Motivado por una antigua historia familiar, Pablo busca la ayuda de un profesor de la Universidad de los Ratones para inventar un aparato capaz de\" \/>\n<meta name=\"robots\" content=\"index, follow, max-snippet:-1, max-image-preview:large, max-video-preview:-1\" \/>\n<link rel=\"canonical\" href=\"https:\/\/www.editorialjuventud.es\/edison-dos-ratones-en-busca-de-un-tesoro-9788426145796\/\" \/>\n<meta property=\"og:locale\" content=\"ca_ES\" \/>\n<meta property=\"og:type\" content=\"article\" \/>\n<meta property=\"og:title\" content=\"EDISON Dos ratones en busca de un tesoro - Editorial Juventud\" \/>\n<meta property=\"og:description\" content=\"Motivado por una antigua historia familiar, Pablo busca la ayuda de un profesor de la Universidad de los Ratones para inventar un aparato capaz de\" \/>\n<meta property=\"og:url\" content=\"https:\/\/www.editorialjuventud.es\/edison-dos-ratones-en-busca-de-un-tesoro-9788426145796\/\" \/>\n<meta property=\"og:site_name\" content=\"Editorial Juventud\" \/>\n<meta property=\"article:modified_time\" content=\"2023-06-19T11:15:09+00:00\" \/>\n<meta property=\"og:image\" content=\"https:\/\/www.editorialjuventud.es\/wp-content\/uploads\/9788426145796.jpg\" \/>\n\t<meta property=\"og:image:width\" content=\"526\" \/>\n\t<meta property=\"og:image:height\" content=\"680\" \/>\n\t<meta property=\"og:image:type\" content=\"image\/jpeg\" \/>\n<meta name=\"twitter:card\" content=\"summary_large_image\" \/>\n<meta name=\"twitter:label1\" content=\"Temps estimat de lectura\" \/>\n\t<meta name=\"twitter:data1\" content=\"1 minut\" \/>\n<script type=\"application\/ld+json\" class=\"yoast-schema-graph\">{\"@context\":\"https:\\\/\\\/schema.org\",\"@graph\":[{\"@type\":\"WebPage\",\"@id\":\"https:\\\/\\\/www.editorialjuventud.es\\\/edison-dos-ratones-en-busca-de-un-tesoro-9788426145796\\\/\",\"url\":\"https:\\\/\\\/www.editorialjuventud.es\\\/edison-dos-ratones-en-busca-de-un-tesoro-9788426145796\\\/\",\"name\":\"EDISON Dos ratones en busca de un tesoro - Editorial Juventud\",\"isPartOf\":{\"@id\":\"https:\\\/\\\/www.editorialjuventud.es\\\/#website\"},\"primaryImageOfPage\":{\"@id\":\"https:\\\/\\\/www.editorialjuventud.es\\\/edison-dos-ratones-en-busca-de-un-tesoro-9788426145796\\\/#primaryimage\"},\"image\":{\"@id\":\"https:\\\/\\\/www.editorialjuventud.es\\\/edison-dos-ratones-en-busca-de-un-tesoro-9788426145796\\\/#primaryimage\"},\"thumbnailUrl\":\"https:\\\/\\\/www.editorialjuventud.es\\\/wp-content\\\/uploads\\\/9788426145796.jpg\",\"datePublished\":\"2018-12-20T19:37:54+00:00\",\"dateModified\":\"2023-06-19T11:15:09+00:00\",\"description\":\"Motivado por una antigua historia familiar, Pablo busca la ayuda de un profesor de la Universidad de los Ratones para inventar un aparato capaz de\",\"breadcrumb\":{\"@id\":\"https:\\\/\\\/www.editorialjuventud.es\\\/edison-dos-ratones-en-busca-de-un-tesoro-9788426145796\\\/#breadcrumb\"},\"inLanguage\":\"ca\",\"potentialAction\":[{\"@type\":\"ReadAction\",\"target\":[\"https:\\\/\\\/www.editorialjuventud.es\\\/edison-dos-ratones-en-busca-de-un-tesoro-9788426145796\\\/\"]}]},{\"@type\":\"ImageObject\",\"inLanguage\":\"ca\",\"@id\":\"https:\\\/\\\/www.editorialjuventud.es\\\/edison-dos-ratones-en-busca-de-un-tesoro-9788426145796\\\/#primaryimage\",\"url\":\"https:\\\/\\\/www.editorialjuventud.es\\\/wp-content\\\/uploads\\\/9788426145796.jpg\",\"contentUrl\":\"https:\\\/\\\/www.editorialjuventud.es\\\/wp-content\\\/uploads\\\/9788426145796.jpg\",\"width\":526,\"height\":680,\"caption\":\"9788426145796.jpg\"},{\"@type\":\"BreadcrumbList\",\"@id\":\"https:\\\/\\\/www.editorialjuventud.es\\\/edison-dos-ratones-en-busca-de-un-tesoro-9788426145796\\\/#breadcrumb\",\"itemListElement\":[{\"@type\":\"ListItem\",\"position\":1,\"name\":\"Portada\",\"item\":\"https:\\\/\\\/www.editorialjuventud.es\\\/\"},{\"@type\":\"ListItem\",\"position\":2,\"name\":\"cat\u00e1logo\",\"item\":\"https:\\\/\\\/www.editorialjuventud.es\\\/coleccion\\\/catalogo\\\/\"},{\"@type\":\"ListItem\",\"position\":3,\"name\":\"castellano\",\"item\":\"https:\\\/\\\/www.editorialjuventud.es\\\/coleccion\\\/castellano\\\/\"},{\"@type\":\"ListItem\",\"position\":4,\"name\":\"\u00c1lbumes Ilustrados\",\"item\":\"https:\\\/\\\/www.editorialjuventud.es\\\/coleccion\\\/albumes-ilustrados\\\/\"},{\"@type\":\"ListItem\",\"position\":5,\"name\":\"\u00a1Ya Leo Solo!\",\"item\":\"https:\\\/\\\/www.editorialjuventud.es\\\/coleccion\\\/ya-leo-solo\\\/\"},{\"@type\":\"ListItem\",\"position\":6,\"name\":\"Ratones Aventureros\",\"item\":\"https:\\\/\\\/www.editorialjuventud.es\\\/coleccion\\\/ratones-aventureros\\\/\"},{\"@type\":\"ListItem\",\"position\":7,\"name\":\"EDISON Dos ratones en busca de un tesoro\"}]},{\"@type\":\"WebSite\",\"@id\":\"https:\\\/\\\/www.editorialjuventud.es\\\/#website\",\"url\":\"https:\\\/\\\/www.editorialjuventud.es\\\/\",\"name\":\"Editorial Juventud\",\"description\":\"\",\"potentialAction\":[{\"@type\":\"SearchAction\",\"target\":{\"@type\":\"EntryPoint\",\"urlTemplate\":\"https:\\\/\\\/www.editorialjuventud.es\\\/?s={search_term_string}\"},\"query-input\":{\"@type\":\"PropertyValueSpecification\",\"valueRequired\":true,\"valueName\":\"search_term_string\"}}],\"inLanguage\":\"ca\"}]}<\/script>\n<!-- \/ Yoast SEO plugin. -->","yoast_head_json":{"title":"EDISON Dos ratones en busca de un tesoro - Editorial Juventud","description":"Motivado por una antigua historia familiar, Pablo busca la ayuda de un profesor de la Universidad de los Ratones para inventar un aparato capaz de","robots":{"index":"index","follow":"follow","max-snippet":"max-snippet:-1","max-image-preview":"max-image-preview:large","max-video-preview":"max-video-preview:-1"},"canonical":"https:\/\/www.editorialjuventud.es\/edison-dos-ratones-en-busca-de-un-tesoro-9788426145796\/","og_locale":"ca_ES","og_type":"article","og_title":"EDISON Dos ratones en busca de un tesoro - Editorial Juventud","og_description":"Motivado por una antigua historia familiar, Pablo busca la ayuda de un profesor de la Universidad de los Ratones para inventar un aparato capaz de","og_url":"https:\/\/www.editorialjuventud.es\/edison-dos-ratones-en-busca-de-un-tesoro-9788426145796\/","og_site_name":"Editorial Juventud","article_modified_time":"2023-06-19T11:15:09+00:00","og_image":[{"width":526,"height":680,"url":"https:\/\/www.editorialjuventud.es\/wp-content\/uploads\/9788426145796.jpg","type":"image\/jpeg"}],"twitter_card":"summary_large_image","twitter_misc":{"Temps estimat de lectura":"1 minut"},"schema":{"@context":"https:\/\/schema.org","@graph":[{"@type":"WebPage","@id":"https:\/\/www.editorialjuventud.es\/edison-dos-ratones-en-busca-de-un-tesoro-9788426145796\/","url":"https:\/\/www.editorialjuventud.es\/edison-dos-ratones-en-busca-de-un-tesoro-9788426145796\/","name":"EDISON Dos ratones en busca de un tesoro - Editorial Juventud","isPartOf":{"@id":"https:\/\/www.editorialjuventud.es\/#website"},"primaryImageOfPage":{"@id":"https:\/\/www.editorialjuventud.es\/edison-dos-ratones-en-busca-de-un-tesoro-9788426145796\/#primaryimage"},"image":{"@id":"https:\/\/www.editorialjuventud.es\/edison-dos-ratones-en-busca-de-un-tesoro-9788426145796\/#primaryimage"},"thumbnailUrl":"https:\/\/www.editorialjuventud.es\/wp-content\/uploads\/9788426145796.jpg","datePublished":"2018-12-20T19:37:54+00:00","dateModified":"2023-06-19T11:15:09+00:00","description":"Motivado por una antigua historia familiar, Pablo busca la ayuda de un profesor de la Universidad de los Ratones para inventar un aparato capaz de","breadcrumb":{"@id":"https:\/\/www.editorialjuventud.es\/edison-dos-ratones-en-busca-de-un-tesoro-9788426145796\/#breadcrumb"},"inLanguage":"ca","potentialAction":[{"@type":"ReadAction","target":["https:\/\/www.editorialjuventud.es\/edison-dos-ratones-en-busca-de-un-tesoro-9788426145796\/"]}]},{"@type":"ImageObject","inLanguage":"ca","@id":"https:\/\/www.editorialjuventud.es\/edison-dos-ratones-en-busca-de-un-tesoro-9788426145796\/#primaryimage","url":"https:\/\/www.editorialjuventud.es\/wp-content\/uploads\/9788426145796.jpg","contentUrl":"https:\/\/www.editorialjuventud.es\/wp-content\/uploads\/9788426145796.jpg","width":526,"height":680,"caption":"9788426145796.jpg"},{"@type":"BreadcrumbList","@id":"https:\/\/www.editorialjuventud.es\/edison-dos-ratones-en-busca-de-un-tesoro-9788426145796\/#breadcrumb","itemListElement":[{"@type":"ListItem","position":1,"name":"Portada","item":"https:\/\/www.editorialjuventud.es\/"},{"@type":"ListItem","position":2,"name":"cat\u00e1logo","item":"https:\/\/www.editorialjuventud.es\/coleccion\/catalogo\/"},{"@type":"ListItem","position":3,"name":"castellano","item":"https:\/\/www.editorialjuventud.es\/coleccion\/castellano\/"},{"@type":"ListItem","position":4,"name":"\u00c1lbumes Ilustrados","item":"https:\/\/www.editorialjuventud.es\/coleccion\/albumes-ilustrados\/"},{"@type":"ListItem","position":5,"name":"\u00a1Ya Leo Solo!","item":"https:\/\/www.editorialjuventud.es\/coleccion\/ya-leo-solo\/"},{"@type":"ListItem","position":6,"name":"Ratones Aventureros","item":"https:\/\/www.editorialjuventud.es\/coleccion\/ratones-aventureros\/"},{"@type":"ListItem","position":7,"name":"EDISON Dos ratones en busca de un tesoro"}]},{"@type":"WebSite","@id":"https:\/\/www.editorialjuventud.es\/#website","url":"https:\/\/www.editorialjuventud.es\/","name":"Editorial Juventud","description":"","potentialAction":[{"@type":"SearchAction","target":{"@type":"EntryPoint","urlTemplate":"https:\/\/www.editorialjuventud.es\/?s={search_term_string}"},"query-input":{"@type":"PropertyValueSpecification","valueRequired":true,"valueName":"search_term_string"}}],"inLanguage":"ca"}]}},"_links":{"self":[{"href":"https:\/\/www.editorialjuventud.es\/ca\/wp-json\/wp\/v2\/product\/20208","targetHints":{"allow":["GET"]}}],"collection":[{"href":"https:\/\/www.editorialjuventud.es\/ca\/wp-json\/wp\/v2\/product"}],"about":[{"href":"https:\/\/www.editorialjuventud.es\/ca\/wp-json\/wp\/v2\/types\/product"}],"wp:featuredmedia":[{"embeddable":true,"href":"https:\/\/www.editorialjuventud.es\/ca\/wp-json\/wp\/v2\/media\/20209"}],"wp:attachment":[{"href":"https:\/\/www.editorialjuventud.es\/ca\/wp-json\/wp\/v2\/media?parent=20208"}],"wp:term":[{"taxonomy":"product_brand","embeddable":true,"href":"https:\/\/www.editorialjuventud.es\/ca\/wp-json\/wp\/v2\/product_brand?post=20208"},{"taxonomy":"product_cat","embeddable":true,"href":"https:\/\/www.editorialjuventud.es\/ca\/wp-json\/wp\/v2\/product_cat?post=20208"},{"taxonomy":"product_tag","embeddable":true,"href":"https:\/\/www.editorialjuventud.es\/ca\/wp-json\/wp\/v2\/product_tag?post=20208"},{"taxonomy":"coleccion","embeddable":true,"href":"https:\/\/www.editorialjuventud.es\/ca\/wp-json\/wp\/v2\/coleccion?post=20208"}],"curies":[{"name":"wp","href":"https:\/\/api.w.org\/{rel}","templated":true}]}}