{"id":20205,"date":"2018-12-20T18:37:37","date_gmt":"2018-12-20T17:37:37","guid":{"rendered":"http:\/\/www.editorialjuventud.es\/el-meu-primer-llibre-de-la-relativitat-9788426145628\/"},"modified":"2026-03-24T12:54:05","modified_gmt":"2026-03-24T11:54:05","slug":"el-meu-primer-llibre-de-relativitat-9788426145628","status":"publish","type":"product","link":"https:\/\/www.editorialjuventud.es\/ca\/el-meu-primer-llibre-de-relativitat-9788426145628\/","title":{"rendered":"El meu primer llibre de Relativitat"},"content":{"rendered":"<p>Quan caminem pel carrer ens sembla que el temps \u00e9s el mateix per a tots: per a nosaltres, per a la ve\u00efna que ens creuem, per als habitants de Moscou o per a les roques de Mart. Per\u00f2 fa m\u00e9s de cent anys, Albert Einstein es va adonar que el temps no transcorre igual a tot arreu i que \u00e9s diferent depenent de la velocitat a la qual ens desplacem. Aix\u00ed, si pogu\u00e9ssim viatjar gaireb\u00e9 a la velocitat de la llum, veur\u00edem que succeeixen coses incre\u00efbles amb l?espai i el temps. Comen\u00e7a a descobrir el fascinant m\u00f3n de la Relativitat amb l?ajuda del Dr. Albert, de la m\u00e0 dels mateixos autors que El meu primer llibre de F\u00edsica Qu\u00e0ntica. Un primer llibre perfecte per explicar q\u00fcestions aparentment complexes com la dilataci\u00f3 del temps, la contracci\u00f3 de longituds.<\/p>\n","protected":false},"excerpt":{"rendered":"Quan caminem pel carrer ens sembla que el temps \u00e9s el mateix per a tots: per a nosaltres, per a la ve\u00efna que ens creuem, per als habitants de Moscou o per a les roques de Mart. Per\u00f2 fa m\u00e9s [&hellip;]","protected":false},"featured_media":20206,"template":"","meta":{"_acf_changed":false,"_exactmetrics_skip_tracking":false,"_exactmetrics_sitenote_active":false,"_exactmetrics_sitenote_note":"","_exactmetrics_sitenote_category":0},"product_brand":[],"product_cat":[904,1121,1149,1123,1226],"product_tag":[],"coleccion":[946,1318],"class_list":{"0":"post-20205","1":"product","2":"type-product","3":"status-publish","4":"has-post-thumbnail","6":"product_cat-a-partir-de-9-anos","7":"product_cat-albumes-ilustrados","8":"product_cat-ciencia","9":"product_cat-libros-informativos-infantil","10":"product_cat-tiempo","11":"coleccion-com-i-per-que","12":"coleccion-dr-albert","14":"first","15":"instock","16":"taxable","17":"shipping-taxable","18":"purchasable","19":"product-type-simple"},"acf":{"indice":"","autor":"Kaid-Salah Ferr\u00f3n, Sheddad","codart":"4562","ediciones":"1","encuadernacion":"Carton\u00e9","fecha_de_publicacion":"01\/11\/2018","novedad":"0","paginas":"48","subtitulo":"","texto_web_adicional":"","autores-libros":[16442],"ilustradores-libros":[17344],"texto_web_novedad":"","orden":"999","portada":"0","texto_web_resaltado":"","traductores-libros":"","descripcion_corta":"","recomendamos":"","mas_vendido":"","idioma-libro":"","color":false,"formato":"","mas_informacion_del_producto":false,"premios":[{"premio":"Premi \"Science se livre\" categoria adolescent - Votacions realitzades per 4 instituts","anyo_del_premio":"2019","pais_del_premio":"Haute de Seine - Fran\u00e7a"}],"texto_enlace_cubierta":"","enlace_cubierta":{"ID":24270,"id":24270,"title":"cover RELATIVIDAD (2 idiomas).indd","filename":"Cover-Relativitat-ALTA.jpg","filesize":229369,"url":"https:\/\/www.editorialjuventud.es\/wp-content\/uploads\/Cover-Relativitat-ALTA.jpg","link":"https:\/\/www.editorialjuventud.es\/ca\/?attachment_id=24270","alt":"","author":"47","description":"","caption":"","name":"cover-relatividad-2-idiomas-indd-3","status":"inherit","uploaded_to":20205,"date":"2019-04-15 18:45:43","modified":"2019-04-15 18:45:43","menu_order":0,"mime_type":"image\/jpeg","type":"image","subtype":"jpeg","icon":"https:\/\/www.editorialjuventud.es\/wp-includes\/images\/media\/default.png","width":1418,"height":1417,"sizes":{"thumbnail":"https:\/\/www.editorialjuventud.es\/wp-content\/uploads\/Cover-Relativitat-ALTA-200x200.jpg","thumbnail-width":200,"thumbnail-height":200,"medium":"https:\/\/www.editorialjuventud.es\/wp-content\/uploads\/Cover-Relativitat-ALTA.jpg","medium-width":1418,"medium-height":1417,"medium_large":"https:\/\/www.editorialjuventud.es\/wp-content\/uploads\/Cover-Relativitat-ALTA-768x767.jpg","medium_large-width":768,"medium_large-height":767,"large":"https:\/\/www.editorialjuventud.es\/wp-content\/uploads\/Cover-Relativitat-ALTA.jpg","large-width":1418,"large-height":1417,"1536x1536":"https:\/\/www.editorialjuventud.es\/wp-content\/uploads\/Cover-Relativitat-ALTA.jpg","1536x1536-width":1418,"1536x1536-height":1417,"2048x2048":"https:\/\/www.editorialjuventud.es\/wp-content\/uploads\/Cover-Relativitat-ALTA.jpg","2048x2048-width":1418,"2048x2048-height":1417,"woocommerce_thumbnail":"https:\/\/www.editorialjuventud.es\/wp-content\/uploads\/Cover-Relativitat-ALTA-350x350.jpg","woocommerce_thumbnail-width":350,"woocommerce_thumbnail-height":350,"woocommerce_single":"https:\/\/www.editorialjuventud.es\/wp-content\/uploads\/Cover-Relativitat-ALTA-900x899.jpg","woocommerce_single-width":900,"woocommerce_single-height":899,"woocommerce_gallery_thumbnail":"https:\/\/www.editorialjuventud.es\/wp-content\/uploads\/Cover-Relativitat-ALTA-100x100.jpg","woocommerce_gallery_thumbnail-width":100,"woocommerce_gallery_thumbnail-height":100,"ppec_logo_image_size":"https:\/\/www.editorialjuventud.es\/wp-content\/uploads\/Cover-Relativitat-ALTA.jpg","ppec_logo_image_size-width":60,"ppec_logo_image_size-height":60,"ppec_header_image_size":"https:\/\/www.editorialjuventud.es\/wp-content\/uploads\/Cover-Relativitat-ALTA.jpg","ppec_header_image_size-width":90,"ppec_header_image_size-height":90}},"texto_enlace_ficha_tecnica":"","enlace_ficha_tecnica":{"ID":24272,"id":24272,"title":"Fitxa El meu primer llibre de Relativitat","filename":"Fitxa-El-meu-primer-llibre-de-Relativitat.pdf","filesize":469932,"url":"https:\/\/www.editorialjuventud.es\/wp-content\/uploads\/Fitxa-El-meu-primer-llibre-de-Relativitat.pdf","link":"https:\/\/www.editorialjuventud.es\/ca\/?attachment_id=24272","alt":"","author":"47","description":"","caption":"","name":"fitxa-el-meu-primer-llibre-de-relativitat","status":"inherit","uploaded_to":20205,"date":"2019-04-15 18:46:15","modified":"2019-04-15 18:46:15","menu_order":0,"mime_type":"application\/pdf","type":"application","subtype":"pdf","icon":"https:\/\/www.editorialjuventud.es\/wp-includes\/images\/media\/document.png"},"ficheros":false,"titulo-fr":"","texto-fr":"","fecha_de_reimpresion":"","deshabilitar_compra":["deshabilitar"]},"yoast_head":"<!-- This site is optimized with the Yoast SEO plugin v27.3 - https:\/\/yoast.com\/product\/yoast-seo-wordpress\/ -->\n<title>El meu primer llibre de Relativitat - Editorial Juventud<\/title>\n<meta name=\"description\" content=\"Quan caminem pel carrer ens sembla que el temps \u00e9s el mateix per a tots: per a nosaltres, per a la ve\u00efna que ens creuem, per als habitants de Moscou o per\" \/>\n<meta name=\"robots\" content=\"index, follow, max-snippet:-1, max-image-preview:large, max-video-preview:-1\" \/>\n<link rel=\"canonical\" href=\"https:\/\/www.editorialjuventud.es\/el-meu-primer-llibre-de-relativitat-9788426145628\/\" \/>\n<meta property=\"og:locale\" content=\"ca_ES\" \/>\n<meta property=\"og:type\" content=\"article\" \/>\n<meta property=\"og:title\" content=\"El meu primer llibre de Relativitat - Editorial Juventud\" \/>\n<meta property=\"og:description\" content=\"Quan caminem pel carrer ens sembla que el temps \u00e9s el mateix per a tots: per a nosaltres, per a la ve\u00efna que ens creuem, per als habitants de Moscou o per\" \/>\n<meta property=\"og:url\" content=\"https:\/\/www.editorialjuventud.es\/el-meu-primer-llibre-de-relativitat-9788426145628\/\" \/>\n<meta property=\"og:site_name\" content=\"Editorial Juventud\" \/>\n<meta property=\"article:modified_time\" content=\"2026-03-24T11:54:05+00:00\" \/>\n<meta property=\"og:image\" content=\"https:\/\/www.editorialjuventud.es\/wp-content\/uploads\/9788426145628.jpg\" \/>\n\t<meta property=\"og:image:width\" content=\"680\" \/>\n\t<meta property=\"og:image:height\" content=\"680\" \/>\n\t<meta property=\"og:image:type\" content=\"image\/jpeg\" \/>\n<meta name=\"twitter:card\" content=\"summary_large_image\" \/>\n<meta name=\"twitter:label1\" content=\"Temps estimat de lectura\" \/>\n\t<meta name=\"twitter:data1\" content=\"1 minut\" \/>\n<script type=\"application\/ld+json\" class=\"yoast-schema-graph\">{\"@context\":\"https:\\\/\\\/schema.org\",\"@graph\":[{\"@type\":\"WebPage\",\"@id\":\"https:\\\/\\\/www.editorialjuventud.es\\\/el-meu-primer-llibre-de-relativitat-9788426145628\\\/\",\"url\":\"https:\\\/\\\/www.editorialjuventud.es\\\/el-meu-primer-llibre-de-relativitat-9788426145628\\\/\",\"name\":\"El meu primer llibre de Relativitat - Editorial Juventud\",\"isPartOf\":{\"@id\":\"https:\\\/\\\/www.editorialjuventud.es\\\/#website\"},\"primaryImageOfPage\":{\"@id\":\"https:\\\/\\\/www.editorialjuventud.es\\\/el-meu-primer-llibre-de-relativitat-9788426145628\\\/#primaryimage\"},\"image\":{\"@id\":\"https:\\\/\\\/www.editorialjuventud.es\\\/el-meu-primer-llibre-de-relativitat-9788426145628\\\/#primaryimage\"},\"thumbnailUrl\":\"https:\\\/\\\/www.editorialjuventud.es\\\/wp-content\\\/uploads\\\/9788426145628.jpg\",\"datePublished\":\"2018-12-20T17:37:37+00:00\",\"dateModified\":\"2026-03-24T11:54:05+00:00\",\"description\":\"Quan caminem pel carrer ens sembla que el temps \u00e9s el mateix per a tots: per a nosaltres, per a la ve\u00efna que ens creuem, per als habitants de Moscou o per\",\"breadcrumb\":{\"@id\":\"https:\\\/\\\/www.editorialjuventud.es\\\/el-meu-primer-llibre-de-relativitat-9788426145628\\\/#breadcrumb\"},\"inLanguage\":\"ca\",\"potentialAction\":[{\"@type\":\"ReadAction\",\"target\":[\"https:\\\/\\\/www.editorialjuventud.es\\\/el-meu-primer-llibre-de-relativitat-9788426145628\\\/\"]}]},{\"@type\":\"ImageObject\",\"inLanguage\":\"ca\",\"@id\":\"https:\\\/\\\/www.editorialjuventud.es\\\/el-meu-primer-llibre-de-relativitat-9788426145628\\\/#primaryimage\",\"url\":\"https:\\\/\\\/www.editorialjuventud.es\\\/wp-content\\\/uploads\\\/9788426145628.jpg\",\"contentUrl\":\"https:\\\/\\\/www.editorialjuventud.es\\\/wp-content\\\/uploads\\\/9788426145628.jpg\",\"width\":680,\"height\":680,\"caption\":\"9788426145628.jpg\"},{\"@type\":\"BreadcrumbList\",\"@id\":\"https:\\\/\\\/www.editorialjuventud.es\\\/el-meu-primer-llibre-de-relativitat-9788426145628\\\/#breadcrumb\",\"itemListElement\":[{\"@type\":\"ListItem\",\"position\":1,\"name\":\"Portada\",\"item\":\"https:\\\/\\\/www.editorialjuventud.es\\\/\"},{\"@type\":\"ListItem\",\"position\":2,\"name\":\"cat\u00e1logo\",\"item\":\"https:\\\/\\\/www.editorialjuventud.es\\\/coleccion\\\/catalogo\\\/\"},{\"@type\":\"ListItem\",\"position\":3,\"name\":\"catal\u00e0\",\"item\":\"https:\\\/\\\/www.editorialjuventud.es\\\/coleccion\\\/catala\\\/\"},{\"@type\":\"ListItem\",\"position\":4,\"name\":\"\u00c0lbums Il\u00b7lustrats\",\"item\":\"https:\\\/\\\/www.editorialjuventud.es\\\/coleccion\\\/albums-il%c2%b7lustrats\\\/\"},{\"@type\":\"ListItem\",\"position\":5,\"name\":\"Com i Per qu\u00e8\",\"item\":\"https:\\\/\\\/www.editorialjuventud.es\\\/coleccion\\\/com-i-per-que\\\/\"},{\"@type\":\"ListItem\",\"position\":6,\"name\":\"Dr. Albert\",\"item\":\"https:\\\/\\\/www.editorialjuventud.es\\\/coleccion\\\/dr-albert\\\/\"},{\"@type\":\"ListItem\",\"position\":7,\"name\":\"El meu primer llibre de Relativitat\"}]},{\"@type\":\"WebSite\",\"@id\":\"https:\\\/\\\/www.editorialjuventud.es\\\/#website\",\"url\":\"https:\\\/\\\/www.editorialjuventud.es\\\/\",\"name\":\"Editorial Juventud\",\"description\":\"\",\"potentialAction\":[{\"@type\":\"SearchAction\",\"target\":{\"@type\":\"EntryPoint\",\"urlTemplate\":\"https:\\\/\\\/www.editorialjuventud.es\\\/?s={search_term_string}\"},\"query-input\":{\"@type\":\"PropertyValueSpecification\",\"valueRequired\":true,\"valueName\":\"search_term_string\"}}],\"inLanguage\":\"ca\"}]}<\/script>\n<!-- \/ Yoast SEO plugin. -->","yoast_head_json":{"title":"El meu primer llibre de Relativitat - Editorial Juventud","description":"Quan caminem pel carrer ens sembla que el temps \u00e9s el mateix per a tots: per a nosaltres, per a la ve\u00efna que ens creuem, per als habitants de Moscou o per","robots":{"index":"index","follow":"follow","max-snippet":"max-snippet:-1","max-image-preview":"max-image-preview:large","max-video-preview":"max-video-preview:-1"},"canonical":"https:\/\/www.editorialjuventud.es\/el-meu-primer-llibre-de-relativitat-9788426145628\/","og_locale":"ca_ES","og_type":"article","og_title":"El meu primer llibre de Relativitat - Editorial Juventud","og_description":"Quan caminem pel carrer ens sembla que el temps \u00e9s el mateix per a tots: per a nosaltres, per a la ve\u00efna que ens creuem, per als habitants de Moscou o per","og_url":"https:\/\/www.editorialjuventud.es\/el-meu-primer-llibre-de-relativitat-9788426145628\/","og_site_name":"Editorial Juventud","article_modified_time":"2026-03-24T11:54:05+00:00","og_image":[{"width":680,"height":680,"url":"https:\/\/www.editorialjuventud.es\/wp-content\/uploads\/9788426145628.jpg","type":"image\/jpeg"}],"twitter_card":"summary_large_image","twitter_misc":{"Temps estimat de lectura":"1 minut"},"schema":{"@context":"https:\/\/schema.org","@graph":[{"@type":"WebPage","@id":"https:\/\/www.editorialjuventud.es\/el-meu-primer-llibre-de-relativitat-9788426145628\/","url":"https:\/\/www.editorialjuventud.es\/el-meu-primer-llibre-de-relativitat-9788426145628\/","name":"El meu primer llibre de Relativitat - Editorial Juventud","isPartOf":{"@id":"https:\/\/www.editorialjuventud.es\/#website"},"primaryImageOfPage":{"@id":"https:\/\/www.editorialjuventud.es\/el-meu-primer-llibre-de-relativitat-9788426145628\/#primaryimage"},"image":{"@id":"https:\/\/www.editorialjuventud.es\/el-meu-primer-llibre-de-relativitat-9788426145628\/#primaryimage"},"thumbnailUrl":"https:\/\/www.editorialjuventud.es\/wp-content\/uploads\/9788426145628.jpg","datePublished":"2018-12-20T17:37:37+00:00","dateModified":"2026-03-24T11:54:05+00:00","description":"Quan caminem pel carrer ens sembla que el temps \u00e9s el mateix per a tots: per a nosaltres, per a la ve\u00efna que ens creuem, per als habitants de Moscou o per","breadcrumb":{"@id":"https:\/\/www.editorialjuventud.es\/el-meu-primer-llibre-de-relativitat-9788426145628\/#breadcrumb"},"inLanguage":"ca","potentialAction":[{"@type":"ReadAction","target":["https:\/\/www.editorialjuventud.es\/el-meu-primer-llibre-de-relativitat-9788426145628\/"]}]},{"@type":"ImageObject","inLanguage":"ca","@id":"https:\/\/www.editorialjuventud.es\/el-meu-primer-llibre-de-relativitat-9788426145628\/#primaryimage","url":"https:\/\/www.editorialjuventud.es\/wp-content\/uploads\/9788426145628.jpg","contentUrl":"https:\/\/www.editorialjuventud.es\/wp-content\/uploads\/9788426145628.jpg","width":680,"height":680,"caption":"9788426145628.jpg"},{"@type":"BreadcrumbList","@id":"https:\/\/www.editorialjuventud.es\/el-meu-primer-llibre-de-relativitat-9788426145628\/#breadcrumb","itemListElement":[{"@type":"ListItem","position":1,"name":"Portada","item":"https:\/\/www.editorialjuventud.es\/"},{"@type":"ListItem","position":2,"name":"cat\u00e1logo","item":"https:\/\/www.editorialjuventud.es\/coleccion\/catalogo\/"},{"@type":"ListItem","position":3,"name":"catal\u00e0","item":"https:\/\/www.editorialjuventud.es\/coleccion\/catala\/"},{"@type":"ListItem","position":4,"name":"\u00c0lbums Il\u00b7lustrats","item":"https:\/\/www.editorialjuventud.es\/coleccion\/albums-il%c2%b7lustrats\/"},{"@type":"ListItem","position":5,"name":"Com i Per qu\u00e8","item":"https:\/\/www.editorialjuventud.es\/coleccion\/com-i-per-que\/"},{"@type":"ListItem","position":6,"name":"Dr. Albert","item":"https:\/\/www.editorialjuventud.es\/coleccion\/dr-albert\/"},{"@type":"ListItem","position":7,"name":"El meu primer llibre de Relativitat"}]},{"@type":"WebSite","@id":"https:\/\/www.editorialjuventud.es\/#website","url":"https:\/\/www.editorialjuventud.es\/","name":"Editorial Juventud","description":"","potentialAction":[{"@type":"SearchAction","target":{"@type":"EntryPoint","urlTemplate":"https:\/\/www.editorialjuventud.es\/?s={search_term_string}"},"query-input":{"@type":"PropertyValueSpecification","valueRequired":true,"valueName":"search_term_string"}}],"inLanguage":"ca"}]}},"_links":{"self":[{"href":"https:\/\/www.editorialjuventud.es\/ca\/wp-json\/wp\/v2\/product\/20205","targetHints":{"allow":["GET"]}}],"collection":[{"href":"https:\/\/www.editorialjuventud.es\/ca\/wp-json\/wp\/v2\/product"}],"about":[{"href":"https:\/\/www.editorialjuventud.es\/ca\/wp-json\/wp\/v2\/types\/product"}],"wp:featuredmedia":[{"embeddable":true,"href":"https:\/\/www.editorialjuventud.es\/ca\/wp-json\/wp\/v2\/media\/20206"}],"wp:attachment":[{"href":"https:\/\/www.editorialjuventud.es\/ca\/wp-json\/wp\/v2\/media?parent=20205"}],"wp:term":[{"taxonomy":"product_brand","embeddable":true,"href":"https:\/\/www.editorialjuventud.es\/ca\/wp-json\/wp\/v2\/product_brand?post=20205"},{"taxonomy":"product_cat","embeddable":true,"href":"https:\/\/www.editorialjuventud.es\/ca\/wp-json\/wp\/v2\/product_cat?post=20205"},{"taxonomy":"product_tag","embeddable":true,"href":"https:\/\/www.editorialjuventud.es\/ca\/wp-json\/wp\/v2\/product_tag?post=20205"},{"taxonomy":"coleccion","embeddable":true,"href":"https:\/\/www.editorialjuventud.es\/ca\/wp-json\/wp\/v2\/coleccion?post=20205"}],"curies":[{"name":"wp","href":"https:\/\/api.w.org\/{rel}","templated":true}]}}