{"id":20199,"date":"2018-12-20T18:37:04","date_gmt":"2018-12-20T17:37:04","guid":{"rendered":"http:\/\/www.editorialjuventud.es\/atlas-como-funciona-el-mundo-9788426145598\/"},"modified":"2025-01-22T12:55:59","modified_gmt":"2025-01-22T11:55:59","slug":"atlas-como-funciona-el-mundo-9788426145598","status":"publish","type":"product","link":"https:\/\/www.editorialjuventud.es\/ca\/atlas-como-funciona-el-mundo-9788426145598\/","title":{"rendered":"Atlas \u00bfC\u00f3mo funciona el mundo?"},"content":{"rendered":"<p>\u00bfPor qu\u00e9 hay gente que deja su propio pa\u00eds para ir a vivir a otro? \u00bfEn todas partes hay agua potable? \u00bfC\u00f3mo podemos proteger la naturaleza? \u00bfExisten pa\u00edses pobres y pa\u00edses ricos? \u00bfAd\u00f3nde va nuestra basura? Las respuestas a todas estas preguntas se encuentran en los 22 mapas rebosantes de detalles de este gran atlas multicolor en el que descubriremos el planeta Tierra y sus habitantes, los peligros que los amenazan, as\u00ed como las iniciativas esperanzadoras. Un atlas de gran formato estructurado en tres partes  (Nuestro mundo hoy, Los estilos de vida y El porvenir del Planeta), que nos presenta las principales cuestiones pol\u00edticas, econ\u00f3micas, sociales, culturales y ambientales.<\/p>\n","protected":false},"excerpt":{"rendered":"\u00bfPor qu\u00e9 hay gente que deja su propio pa\u00eds para ir a vivir a otro? \u00bfEn todas partes hay agua potable? \u00bfC\u00f3mo podemos proteger la naturaleza? \u00bfExisten pa\u00edses pobres y pa\u00edses ricos? \u00bfAd\u00f3nde va nuestra basura? Las respuestas a todas [&hellip;]","protected":false},"featured_media":25114,"template":"","meta":{"_acf_changed":false,"_exactmetrics_skip_tracking":false,"_exactmetrics_sitenote_active":false,"_exactmetrics_sitenote_note":"","_exactmetrics_sitenote_category":0},"product_brand":[],"product_cat":[894,1132,1121,1134,1135,1282,1328,1158,1161,1167,1176,1178,1183,1123],"product_tag":[],"coleccion":[987],"class_list":{"0":"post-20199","1":"product","2":"type-product","3":"status-publish","4":"has-post-thumbnail","6":"product_cat-a-partir-de-10-anos","7":"product_cat-africa","8":"product_cat-albumes-ilustrados","9":"product_cat-america-del-norte","10":"product_cat-america-latina","11":"product_cat-asia","12":"product_cat-cambio-climatico","13":"product_cat-critica-social","14":"product_cat-derechos-humanos","15":"product_cat-ecologia-medio-ambiente","16":"product_cat-fronteras","17":"product_cat-geografia","18":"product_cat-historia","19":"product_cat-libros-informativos-infantil","20":"coleccion-conocer-y-comprender","22":"first","23":"instock","24":"taxable","25":"shipping-taxable","26":"purchasable","27":"product-type-simple"},"acf":{"indice":"","autor":"Flavigny, Laure; Magana, Jessie; Assous, S\u00e9verine; Boissi\u00e8re, Aur\u00e9lie; Hern\u00e1ndez","codart":"4559","ediciones":"2","encuadernacion":"Carton\u00e9","fecha_de_publicacion":"01\/11\/2018","novedad":"0","paginas":"56","subtitulo":"","texto_web_adicional":"","autores-libros":[20189,20190],"ilustradores-libros":[20191,20192],"texto_web_novedad":"","orden":"999","portada":"0","texto_web_resaltado":"","traductores-libros":[17773],"descripcion_corta":"","recomendamos":"","mas_vendido":"","color":false,"formato":"","mas_informacion_del_producto":false,"premios":false,"texto_enlace_cubierta":"","enlace_cubierta":{"ID":25112,"id":25112,"title":"9788426145598-alta","filename":"9788426145598-alta.jpg","filesize":1216346,"url":"https:\/\/www.editorialjuventud.es\/wp-content\/uploads\/9788426145598-alta.jpg","link":"https:\/\/www.editorialjuventud.es\/ca\/?attachment_id=25112","alt":"","author":"47","description":"","caption":"","name":"9788426145598-alta","status":"inherit","uploaded_to":20199,"date":"2019-05-06 09:01:18","modified":"2019-05-06 09:01:18","menu_order":0,"mime_type":"image\/jpeg","type":"image","subtype":"jpeg","icon":"https:\/\/www.editorialjuventud.es\/wp-includes\/images\/media\/default.png","width":4957,"height":3504,"sizes":{"thumbnail":"https:\/\/www.editorialjuventud.es\/wp-content\/uploads\/9788426145598-alta-200x200.jpg","thumbnail-width":200,"thumbnail-height":200,"medium":"https:\/\/www.editorialjuventud.es\/wp-content\/uploads\/9788426145598-alta.jpg","medium-width":4957,"medium-height":3504,"medium_large":"https:\/\/www.editorialjuventud.es\/wp-content\/uploads\/9788426145598-alta-768x543.jpg","medium_large-width":768,"medium_large-height":543,"large":"https:\/\/www.editorialjuventud.es\/wp-content\/uploads\/9788426145598-alta.jpg","large-width":4957,"large-height":3504,"1536x1536":"https:\/\/www.editorialjuventud.es\/wp-content\/uploads\/9788426145598-alta.jpg","1536x1536-width":1536,"1536x1536-height":1086,"2048x2048":"https:\/\/www.editorialjuventud.es\/wp-content\/uploads\/9788426145598-alta.jpg","2048x2048-width":2048,"2048x2048-height":1448,"woocommerce_thumbnail":"https:\/\/www.editorialjuventud.es\/wp-content\/uploads\/9788426145598-alta-350x247.jpg","woocommerce_thumbnail-width":350,"woocommerce_thumbnail-height":247,"woocommerce_single":"https:\/\/www.editorialjuventud.es\/wp-content\/uploads\/9788426145598-alta-900x636.jpg","woocommerce_single-width":900,"woocommerce_single-height":636,"woocommerce_gallery_thumbnail":"https:\/\/www.editorialjuventud.es\/wp-content\/uploads\/9788426145598-alta-100x100.jpg","woocommerce_gallery_thumbnail-width":100,"woocommerce_gallery_thumbnail-height":100,"ppec_logo_image_size":"https:\/\/www.editorialjuventud.es\/wp-content\/uploads\/9788426145598-alta.jpg","ppec_logo_image_size-width":85,"ppec_logo_image_size-height":60,"ppec_header_image_size":"https:\/\/www.editorialjuventud.es\/wp-content\/uploads\/9788426145598-alta.jpg","ppec_header_image_size-width":127,"ppec_header_image_size-height":90}},"texto_enlace_ficha_tecnica":"","enlace_ficha_tecnica":{"ID":23786,"id":23786,"title":"Ficha Atlas. C\u00a2mo funciona el mundo","filename":"Ficha-Atlas.-C\u00a2mo-funciona-el-mundo.pdf","filesize":487910,"url":"https:\/\/www.editorialjuventud.es\/wp-content\/uploads\/Ficha-Atlas.-C\u00a2mo-funciona-el-mundo.pdf","link":"https:\/\/www.editorialjuventud.es\/ca\/?attachment_id=23786","alt":"","author":"47","description":"","caption":"","name":"ficha-atlas-c%c2%a2mo-funciona-el-mundo","status":"inherit","uploaded_to":20199,"date":"2019-04-10 11:01:56","modified":"2019-04-10 11:01:56","menu_order":0,"mime_type":"application\/pdf","type":"application","subtype":"pdf","icon":"https:\/\/www.editorialjuventud.es\/wp-includes\/images\/media\/document.png"},"ficheros":false,"titulo-fr":"","texto-fr":"","idioma-libro":"","fecha_de_reimpresion":"01\/06\/2019","deshabilitar_compra":["deshabilitar"]},"yoast_head":"<!-- This site is optimized with the Yoast SEO plugin v27.5 - https:\/\/yoast.com\/product\/yoast-seo-wordpress\/ -->\n<title>Atlas \u00bfC\u00f3mo funciona el mundo? - Editorial Juventud<\/title>\n<meta name=\"description\" content=\"\u00bfPor qu\u00e9 hay gente que deja su propio pa\u00eds para ir a vivir a otro? \u00bfEn todas partes hay agua potable? \u00bfExisten pa\u00edses pobres y pa\u00edses ricos? \u00bfAd\u00f3nde va la basura? Las respuestas a todas estas preguntas se encuentran en los 22 mapas de este gran atlas multicolor en el que descubriremos el planeta Tierra.\" \/>\n<meta name=\"robots\" content=\"index, follow, max-snippet:-1, max-image-preview:large, max-video-preview:-1\" \/>\n<link rel=\"canonical\" href=\"https:\/\/www.editorialjuventud.es\/atlas-como-funciona-el-mundo-9788426145598\/\" \/>\n<meta property=\"og:locale\" content=\"ca_ES\" \/>\n<meta property=\"og:type\" content=\"article\" \/>\n<meta property=\"og:title\" content=\"Atlas \u00bfC\u00f3mo funciona el mundo? - Editorial Juventud\" \/>\n<meta property=\"og:description\" content=\"\u00bfPor qu\u00e9 hay gente que deja su propio pa\u00eds para ir a vivir a otro? \u00bfEn todas partes hay agua potable? \u00bfExisten pa\u00edses pobres y pa\u00edses ricos? \u00bfAd\u00f3nde va la basura? Las respuestas a todas estas preguntas se encuentran en los 22 mapas de este gran atlas multicolor en el que descubriremos el planeta Tierra.\" \/>\n<meta property=\"og:url\" content=\"https:\/\/www.editorialjuventud.es\/atlas-como-funciona-el-mundo-9788426145598\/\" \/>\n<meta property=\"og:site_name\" content=\"Editorial Juventud\" \/>\n<meta property=\"article:modified_time\" content=\"2025-01-22T11:55:59+00:00\" \/>\n<meta property=\"og:image\" content=\"https:\/\/www.editorialjuventud.es\/wp-content\/uploads\/atlas-baixa.jpg\" \/>\n\t<meta property=\"og:image:width\" content=\"1190\" \/>\n\t<meta property=\"og:image:height\" content=\"841\" \/>\n\t<meta property=\"og:image:type\" content=\"image\/jpeg\" \/>\n<meta name=\"twitter:card\" content=\"summary_large_image\" \/>\n<meta name=\"twitter:label1\" content=\"Temps estimat de lectura\" \/>\n\t<meta name=\"twitter:data1\" content=\"1 minut\" \/>\n<script type=\"application\/ld+json\" class=\"yoast-schema-graph\">{\"@context\":\"https:\\\/\\\/schema.org\",\"@graph\":[{\"@type\":\"WebPage\",\"@id\":\"https:\\\/\\\/www.editorialjuventud.es\\\/atlas-como-funciona-el-mundo-9788426145598\\\/\",\"url\":\"https:\\\/\\\/www.editorialjuventud.es\\\/atlas-como-funciona-el-mundo-9788426145598\\\/\",\"name\":\"Atlas \u00bfC\u00f3mo funciona el mundo? - Editorial Juventud\",\"isPartOf\":{\"@id\":\"https:\\\/\\\/www.editorialjuventud.es\\\/#website\"},\"primaryImageOfPage\":{\"@id\":\"https:\\\/\\\/www.editorialjuventud.es\\\/atlas-como-funciona-el-mundo-9788426145598\\\/#primaryimage\"},\"image\":{\"@id\":\"https:\\\/\\\/www.editorialjuventud.es\\\/atlas-como-funciona-el-mundo-9788426145598\\\/#primaryimage\"},\"thumbnailUrl\":\"https:\\\/\\\/www.editorialjuventud.es\\\/wp-content\\\/uploads\\\/atlas-baixa.jpg\",\"datePublished\":\"2018-12-20T17:37:04+00:00\",\"dateModified\":\"2025-01-22T11:55:59+00:00\",\"description\":\"\u00bfPor qu\u00e9 hay gente que deja su propio pa\u00eds para ir a vivir a otro? \u00bfEn todas partes hay agua potable? \u00bfExisten pa\u00edses pobres y pa\u00edses ricos? \u00bfAd\u00f3nde va la basura? Las respuestas a todas estas preguntas se encuentran en los 22 mapas de este gran atlas multicolor en el que descubriremos el planeta Tierra.\",\"breadcrumb\":{\"@id\":\"https:\\\/\\\/www.editorialjuventud.es\\\/atlas-como-funciona-el-mundo-9788426145598\\\/#breadcrumb\"},\"inLanguage\":\"ca\",\"potentialAction\":[{\"@type\":\"ReadAction\",\"target\":[\"https:\\\/\\\/www.editorialjuventud.es\\\/atlas-como-funciona-el-mundo-9788426145598\\\/\"]}]},{\"@type\":\"ImageObject\",\"inLanguage\":\"ca\",\"@id\":\"https:\\\/\\\/www.editorialjuventud.es\\\/atlas-como-funciona-el-mundo-9788426145598\\\/#primaryimage\",\"url\":\"https:\\\/\\\/www.editorialjuventud.es\\\/wp-content\\\/uploads\\\/atlas-baixa.jpg\",\"contentUrl\":\"https:\\\/\\\/www.editorialjuventud.es\\\/wp-content\\\/uploads\\\/atlas-baixa.jpg\",\"width\":1190,\"height\":841},{\"@type\":\"BreadcrumbList\",\"@id\":\"https:\\\/\\\/www.editorialjuventud.es\\\/atlas-como-funciona-el-mundo-9788426145598\\\/#breadcrumb\",\"itemListElement\":[{\"@type\":\"ListItem\",\"position\":1,\"name\":\"Portada\",\"item\":\"https:\\\/\\\/www.editorialjuventud.es\\\/\"},{\"@type\":\"ListItem\",\"position\":2,\"name\":\"cat\u00e1logo\",\"item\":\"https:\\\/\\\/www.editorialjuventud.es\\\/coleccion\\\/catalogo\\\/\"},{\"@type\":\"ListItem\",\"position\":3,\"name\":\"castellano\",\"item\":\"https:\\\/\\\/www.editorialjuventud.es\\\/coleccion\\\/castellano\\\/\"},{\"@type\":\"ListItem\",\"position\":4,\"name\":\"Atlas \u00bfC\u00f3mo funciona el mundo?\"}]},{\"@type\":\"WebSite\",\"@id\":\"https:\\\/\\\/www.editorialjuventud.es\\\/#website\",\"url\":\"https:\\\/\\\/www.editorialjuventud.es\\\/\",\"name\":\"Editorial Juventud\",\"description\":\"\",\"potentialAction\":[{\"@type\":\"SearchAction\",\"target\":{\"@type\":\"EntryPoint\",\"urlTemplate\":\"https:\\\/\\\/www.editorialjuventud.es\\\/?s={search_term_string}\"},\"query-input\":{\"@type\":\"PropertyValueSpecification\",\"valueRequired\":true,\"valueName\":\"search_term_string\"}}],\"inLanguage\":\"ca\"}]}<\/script>\n<!-- \/ Yoast SEO plugin. -->","yoast_head_json":{"title":"Atlas \u00bfC\u00f3mo funciona el mundo? - Editorial Juventud","description":"\u00bfPor qu\u00e9 hay gente que deja su propio pa\u00eds para ir a vivir a otro? \u00bfEn todas partes hay agua potable? \u00bfExisten pa\u00edses pobres y pa\u00edses ricos? \u00bfAd\u00f3nde va la basura? Las respuestas a todas estas preguntas se encuentran en los 22 mapas de este gran atlas multicolor en el que descubriremos el planeta Tierra.","robots":{"index":"index","follow":"follow","max-snippet":"max-snippet:-1","max-image-preview":"max-image-preview:large","max-video-preview":"max-video-preview:-1"},"canonical":"https:\/\/www.editorialjuventud.es\/atlas-como-funciona-el-mundo-9788426145598\/","og_locale":"ca_ES","og_type":"article","og_title":"Atlas \u00bfC\u00f3mo funciona el mundo? - Editorial Juventud","og_description":"\u00bfPor qu\u00e9 hay gente que deja su propio pa\u00eds para ir a vivir a otro? \u00bfEn todas partes hay agua potable? \u00bfExisten pa\u00edses pobres y pa\u00edses ricos? \u00bfAd\u00f3nde va la basura? Las respuestas a todas estas preguntas se encuentran en los 22 mapas de este gran atlas multicolor en el que descubriremos el planeta Tierra.","og_url":"https:\/\/www.editorialjuventud.es\/atlas-como-funciona-el-mundo-9788426145598\/","og_site_name":"Editorial Juventud","article_modified_time":"2025-01-22T11:55:59+00:00","og_image":[{"width":1190,"height":841,"url":"https:\/\/www.editorialjuventud.es\/wp-content\/uploads\/atlas-baixa.jpg","type":"image\/jpeg"}],"twitter_card":"summary_large_image","twitter_misc":{"Temps estimat de lectura":"1 minut"},"schema":{"@context":"https:\/\/schema.org","@graph":[{"@type":"WebPage","@id":"https:\/\/www.editorialjuventud.es\/atlas-como-funciona-el-mundo-9788426145598\/","url":"https:\/\/www.editorialjuventud.es\/atlas-como-funciona-el-mundo-9788426145598\/","name":"Atlas \u00bfC\u00f3mo funciona el mundo? - Editorial Juventud","isPartOf":{"@id":"https:\/\/www.editorialjuventud.es\/#website"},"primaryImageOfPage":{"@id":"https:\/\/www.editorialjuventud.es\/atlas-como-funciona-el-mundo-9788426145598\/#primaryimage"},"image":{"@id":"https:\/\/www.editorialjuventud.es\/atlas-como-funciona-el-mundo-9788426145598\/#primaryimage"},"thumbnailUrl":"https:\/\/www.editorialjuventud.es\/wp-content\/uploads\/atlas-baixa.jpg","datePublished":"2018-12-20T17:37:04+00:00","dateModified":"2025-01-22T11:55:59+00:00","description":"\u00bfPor qu\u00e9 hay gente que deja su propio pa\u00eds para ir a vivir a otro? \u00bfEn todas partes hay agua potable? \u00bfExisten pa\u00edses pobres y pa\u00edses ricos? \u00bfAd\u00f3nde va la basura? Las respuestas a todas estas preguntas se encuentran en los 22 mapas de este gran atlas multicolor en el que descubriremos el planeta Tierra.","breadcrumb":{"@id":"https:\/\/www.editorialjuventud.es\/atlas-como-funciona-el-mundo-9788426145598\/#breadcrumb"},"inLanguage":"ca","potentialAction":[{"@type":"ReadAction","target":["https:\/\/www.editorialjuventud.es\/atlas-como-funciona-el-mundo-9788426145598\/"]}]},{"@type":"ImageObject","inLanguage":"ca","@id":"https:\/\/www.editorialjuventud.es\/atlas-como-funciona-el-mundo-9788426145598\/#primaryimage","url":"https:\/\/www.editorialjuventud.es\/wp-content\/uploads\/atlas-baixa.jpg","contentUrl":"https:\/\/www.editorialjuventud.es\/wp-content\/uploads\/atlas-baixa.jpg","width":1190,"height":841},{"@type":"BreadcrumbList","@id":"https:\/\/www.editorialjuventud.es\/atlas-como-funciona-el-mundo-9788426145598\/#breadcrumb","itemListElement":[{"@type":"ListItem","position":1,"name":"Portada","item":"https:\/\/www.editorialjuventud.es\/"},{"@type":"ListItem","position":2,"name":"cat\u00e1logo","item":"https:\/\/www.editorialjuventud.es\/coleccion\/catalogo\/"},{"@type":"ListItem","position":3,"name":"castellano","item":"https:\/\/www.editorialjuventud.es\/coleccion\/castellano\/"},{"@type":"ListItem","position":4,"name":"Atlas \u00bfC\u00f3mo funciona el mundo?"}]},{"@type":"WebSite","@id":"https:\/\/www.editorialjuventud.es\/#website","url":"https:\/\/www.editorialjuventud.es\/","name":"Editorial Juventud","description":"","potentialAction":[{"@type":"SearchAction","target":{"@type":"EntryPoint","urlTemplate":"https:\/\/www.editorialjuventud.es\/?s={search_term_string}"},"query-input":{"@type":"PropertyValueSpecification","valueRequired":true,"valueName":"search_term_string"}}],"inLanguage":"ca"}]}},"_links":{"self":[{"href":"https:\/\/www.editorialjuventud.es\/ca\/wp-json\/wp\/v2\/product\/20199","targetHints":{"allow":["GET"]}}],"collection":[{"href":"https:\/\/www.editorialjuventud.es\/ca\/wp-json\/wp\/v2\/product"}],"about":[{"href":"https:\/\/www.editorialjuventud.es\/ca\/wp-json\/wp\/v2\/types\/product"}],"wp:featuredmedia":[{"embeddable":true,"href":"https:\/\/www.editorialjuventud.es\/ca\/wp-json\/wp\/v2\/media\/25114"}],"wp:attachment":[{"href":"https:\/\/www.editorialjuventud.es\/ca\/wp-json\/wp\/v2\/media?parent=20199"}],"wp:term":[{"taxonomy":"product_brand","embeddable":true,"href":"https:\/\/www.editorialjuventud.es\/ca\/wp-json\/wp\/v2\/product_brand?post=20199"},{"taxonomy":"product_cat","embeddable":true,"href":"https:\/\/www.editorialjuventud.es\/ca\/wp-json\/wp\/v2\/product_cat?post=20199"},{"taxonomy":"product_tag","embeddable":true,"href":"https:\/\/www.editorialjuventud.es\/ca\/wp-json\/wp\/v2\/product_tag?post=20199"},{"taxonomy":"coleccion","embeddable":true,"href":"https:\/\/www.editorialjuventud.es\/ca\/wp-json\/wp\/v2\/coleccion?post=20199"}],"curies":[{"name":"wp","href":"https:\/\/api.w.org\/{rel}","templated":true}]}}