{"id":19556,"date":"2018-11-20T15:16:11","date_gmt":"2018-11-20T13:16:11","guid":{"rendered":"http:\/\/www.editorialjuventud.es\/el-principe-que-todo-lo-aprendio-en-los-libros-9788426144065\/"},"modified":"2024-07-29T21:56:08","modified_gmt":"2024-07-29T19:56:08","slug":"el-principe-que-todo-lo-aprendio-en-los-libros-9788426144065","status":"publish","type":"product","link":"https:\/\/www.editorialjuventud.es\/ca\/el-principe-que-todo-lo-aprendio-en-los-libros-9788426144065\/","title":{"rendered":"El pr\u00edncipe que todo lo aprendi\u00f3 en los libros"},"content":{"rendered":"<p>Esta obra maestra va sobre un pr\u00edncipe que, de tanto leer cuentos de hadas, se cree un pr\u00edncipe azul. Su padre, el Rey, para hacerle ver que la vida no tiene que ver con los libros que el pr\u00edncipe lee, le encomienda emprender un viaje para sacarlo de su enga\u00f1o. Pero en el trascurso del viaje, el pr\u00edncipe lo confunde todo con seres fantasiosos y situaciones como las que ha le\u00eddo en sus libros de cuentos. Una vieja es un hada madrina, un se\u00f1or gru\u00f1\u00f3n y gordo es un ogro, la hija de un rey es la mejor de las princesas, etc. Parece que el pr\u00edncipe ha perdido la cabeza completamente, y sus dos acompa\u00f1antes en el viaje tampoco parecen mucho m\u00e1s cuerdos&#8230; Pero al final de su aventura, quiz\u00e1 estaremos de acuerdo con el pr\u00edncipe cuando dice: \u00abAprend\u00ed que es preciso so\u00f1ar cosas bellas para realizar cosas buenas. \u00a1Gloria a mis cuentos de hadas! \u00a1No maldecir\u00e9 nunca de ellos! \u00a1Felices los que saben hacer de su vida un bello cuento!\u00bb.<br \/>\nUna comedia teatral perfecta para ser representada para ni\u00f1os o por ni\u00f1os.<\/p>\n","protected":false},"excerpt":{"rendered":"Esta obra maestra va sobre un pr\u00edncipe que, de tanto leer cuentos de hadas, se cree un pr\u00edncipe azul. Su padre, el Rey, para hacerle ver que la vida no tiene que ver con los libros que el pr\u00edncipe lee, [&hellip;]","protected":false},"featured_media":79016,"template":"","meta":{"_acf_changed":false,"_exactmetrics_skip_tracking":false,"_exactmetrics_sitenote_active":false,"_exactmetrics_sitenote_note":"","_exactmetrics_sitenote_category":0},"product_brand":[],"product_cat":[902,892,1115,1119,1224,1128],"product_tag":[],"coleccion":[916,1025,1086],"class_list":{"0":"post-19556","1":"product","2":"type-product","3":"status-publish","4":"has-post-thumbnail","6":"product_cat-a-partir-de-7-anos","7":"product_cat-edades","8":"product_cat-generos","9":"product_cat-narrativa-juvenil","10":"product_cat-teatro","11":"product_cat-tematica","12":"coleccion-castellano","13":"coleccion-coleccion-juventud","14":"coleccion-narrativa-juvenil-castellano","16":"first","17":"instock","18":"taxable","19":"shipping-taxable","20":"purchasable","21":"product-type-simple"},"acf":{"indice":"","autor":"BENAVENTE, JACINTO","codart":"4406","ediciones":"4","encuadernacion":"Carton\u00e9","fecha_de_publicacion":"01\/10\/2016","novedad":"0","paginas":"96","subtitulo":"","texto_web_adicional":"","autores-libros":[16221],"ilustradores-libros":[17459],"texto_web_novedad":"","orden":"999","portada":"0","texto_web_resaltado":"","traductores-libros":"","descripcion_corta":"","recomendamos":"","mas_vendido":"","titulo-fr":"","texto-fr":"","color":false,"formato":"","mas_informacion_del_producto":false,"premios":false,"texto_enlace_cubierta":"","enlace_cubierta":false,"texto_enlace_ficha_tecnica":"","enlace_ficha_tecnica":{"ID":33881,"id":33881,"title":"El pr\u00edncipe que todo lo aprendi\u00f3 en los libros","filename":"El-pr\u00edncipe-que-todo-lo-aprendi\u00f3-en-los-libros.pdf","filesize":341232,"url":"https:\/\/www.editorialjuventud.es\/wp-content\/uploads\/El-pr\u00edncipe-que-todo-lo-aprendi\u00f3-en-los-libros.pdf","link":"https:\/\/www.editorialjuventud.es\/ca\/?attachment_id=33881","alt":"","author":"47","description":"","caption":"","name":"el-principe-que-todo-lo-aprendio-en-los-libros","status":"inherit","uploaded_to":19556,"date":"2019-10-31 09:23:22","modified":"2019-10-31 09:23:22","menu_order":0,"mime_type":"application\/pdf","type":"application","subtype":"pdf","icon":"https:\/\/www.editorialjuventud.es\/wp-includes\/images\/media\/document.png"},"ficheros":false,"fecha_de_reimpresion":"01\/11\/2023","idioma-libro":"","deshabilitar_compra":[]},"yoast_head":"<!-- This site is optimized with the Yoast SEO plugin v27.5 - https:\/\/yoast.com\/product\/yoast-seo-wordpress\/ -->\n<title>El pr\u00edncipe que todo lo aprendi\u00f3 en los libros - Editorial Juventud<\/title>\n<meta name=\"description\" content=\"Esta obra maestra va sobre un pr\u00edncipe que, de tanto leer cuentos de hadas, se cree un pr\u00edncipe azul. Su padre, el Rey, para hacerle ver que la vida no\" \/>\n<meta name=\"robots\" content=\"index, follow, max-snippet:-1, max-image-preview:large, max-video-preview:-1\" \/>\n<link rel=\"canonical\" href=\"https:\/\/www.editorialjuventud.es\/el-principe-que-todo-lo-aprendio-en-los-libros-9788426144065\/\" \/>\n<meta property=\"og:locale\" content=\"ca_ES\" \/>\n<meta property=\"og:type\" content=\"article\" \/>\n<meta property=\"og:title\" content=\"El pr\u00edncipe que todo lo aprendi\u00f3 en los libros - Editorial Juventud\" \/>\n<meta property=\"og:description\" content=\"Esta obra maestra va sobre un pr\u00edncipe que, de tanto leer cuentos de hadas, se cree un pr\u00edncipe azul. Su padre, el Rey, para hacerle ver que la vida no\" \/>\n<meta property=\"og:url\" content=\"https:\/\/www.editorialjuventud.es\/el-principe-que-todo-lo-aprendio-en-los-libros-9788426144065\/\" \/>\n<meta property=\"og:site_name\" content=\"Editorial Juventud\" \/>\n<meta property=\"article:modified_time\" content=\"2024-07-29T19:56:08+00:00\" \/>\n<meta property=\"og:image\" content=\"https:\/\/www.editorialjuventud.es\/wp-content\/uploads\/9788426144065-1.jpg\" \/>\n\t<meta property=\"og:image:width\" content=\"735\" \/>\n\t<meta property=\"og:image:height\" content=\"1200\" \/>\n\t<meta property=\"og:image:type\" content=\"image\/jpeg\" \/>\n<meta name=\"twitter:card\" content=\"summary_large_image\" \/>\n<meta name=\"twitter:label1\" content=\"Temps estimat de lectura\" \/>\n\t<meta name=\"twitter:data1\" content=\"2 minuts\" \/>\n<script type=\"application\/ld+json\" class=\"yoast-schema-graph\">{\"@context\":\"https:\\\/\\\/schema.org\",\"@graph\":[{\"@type\":\"WebPage\",\"@id\":\"https:\\\/\\\/www.editorialjuventud.es\\\/el-principe-que-todo-lo-aprendio-en-los-libros-9788426144065\\\/\",\"url\":\"https:\\\/\\\/www.editorialjuventud.es\\\/el-principe-que-todo-lo-aprendio-en-los-libros-9788426144065\\\/\",\"name\":\"El pr\u00edncipe que todo lo aprendi\u00f3 en los libros - Editorial Juventud\",\"isPartOf\":{\"@id\":\"https:\\\/\\\/www.editorialjuventud.es\\\/#website\"},\"primaryImageOfPage\":{\"@id\":\"https:\\\/\\\/www.editorialjuventud.es\\\/el-principe-que-todo-lo-aprendio-en-los-libros-9788426144065\\\/#primaryimage\"},\"image\":{\"@id\":\"https:\\\/\\\/www.editorialjuventud.es\\\/el-principe-que-todo-lo-aprendio-en-los-libros-9788426144065\\\/#primaryimage\"},\"thumbnailUrl\":\"https:\\\/\\\/www.editorialjuventud.es\\\/wp-content\\\/uploads\\\/9788426144065-1.jpg\",\"datePublished\":\"2018-11-20T13:16:11+00:00\",\"dateModified\":\"2024-07-29T19:56:08+00:00\",\"description\":\"Esta obra maestra va sobre un pr\u00edncipe que, de tanto leer cuentos de hadas, se cree un pr\u00edncipe azul. Su padre, el Rey, para hacerle ver que la vida no\",\"breadcrumb\":{\"@id\":\"https:\\\/\\\/www.editorialjuventud.es\\\/el-principe-que-todo-lo-aprendio-en-los-libros-9788426144065\\\/#breadcrumb\"},\"inLanguage\":\"ca\",\"potentialAction\":[{\"@type\":\"ReadAction\",\"target\":[\"https:\\\/\\\/www.editorialjuventud.es\\\/el-principe-que-todo-lo-aprendio-en-los-libros-9788426144065\\\/\"]}]},{\"@type\":\"ImageObject\",\"inLanguage\":\"ca\",\"@id\":\"https:\\\/\\\/www.editorialjuventud.es\\\/el-principe-que-todo-lo-aprendio-en-los-libros-9788426144065\\\/#primaryimage\",\"url\":\"https:\\\/\\\/www.editorialjuventud.es\\\/wp-content\\\/uploads\\\/9788426144065-1.jpg\",\"contentUrl\":\"https:\\\/\\\/www.editorialjuventud.es\\\/wp-content\\\/uploads\\\/9788426144065-1.jpg\",\"width\":735,\"height\":1200},{\"@type\":\"BreadcrumbList\",\"@id\":\"https:\\\/\\\/www.editorialjuventud.es\\\/el-principe-que-todo-lo-aprendio-en-los-libros-9788426144065\\\/#breadcrumb\",\"itemListElement\":[{\"@type\":\"ListItem\",\"position\":1,\"name\":\"Portada\",\"item\":\"https:\\\/\\\/www.editorialjuventud.es\\\/\"},{\"@type\":\"ListItem\",\"position\":2,\"name\":\"cat\u00e1logo\",\"item\":\"https:\\\/\\\/www.editorialjuventud.es\\\/coleccion\\\/catalogo\\\/\"},{\"@type\":\"ListItem\",\"position\":3,\"name\":\"castellano\",\"item\":\"https:\\\/\\\/www.editorialjuventud.es\\\/coleccion\\\/castellano\\\/\"},{\"@type\":\"ListItem\",\"position\":4,\"name\":\"Narrativa Juvenil\",\"item\":\"https:\\\/\\\/www.editorialjuventud.es\\\/coleccion\\\/narrativa-juvenil-castellano\\\/\"},{\"@type\":\"ListItem\",\"position\":5,\"name\":\"Colecci\u00f3n Juventud\",\"item\":\"https:\\\/\\\/www.editorialjuventud.es\\\/coleccion\\\/coleccion-juventud\\\/\"},{\"@type\":\"ListItem\",\"position\":6,\"name\":\"El pr\u00edncipe que todo lo aprendi\u00f3 en los libros\"}]},{\"@type\":\"WebSite\",\"@id\":\"https:\\\/\\\/www.editorialjuventud.es\\\/#website\",\"url\":\"https:\\\/\\\/www.editorialjuventud.es\\\/\",\"name\":\"Editorial Juventud\",\"description\":\"\",\"potentialAction\":[{\"@type\":\"SearchAction\",\"target\":{\"@type\":\"EntryPoint\",\"urlTemplate\":\"https:\\\/\\\/www.editorialjuventud.es\\\/?s={search_term_string}\"},\"query-input\":{\"@type\":\"PropertyValueSpecification\",\"valueRequired\":true,\"valueName\":\"search_term_string\"}}],\"inLanguage\":\"ca\"}]}<\/script>\n<!-- \/ Yoast SEO plugin. -->","yoast_head_json":{"title":"El pr\u00edncipe que todo lo aprendi\u00f3 en los libros - Editorial Juventud","description":"Esta obra maestra va sobre un pr\u00edncipe que, de tanto leer cuentos de hadas, se cree un pr\u00edncipe azul. Su padre, el Rey, para hacerle ver que la vida no","robots":{"index":"index","follow":"follow","max-snippet":"max-snippet:-1","max-image-preview":"max-image-preview:large","max-video-preview":"max-video-preview:-1"},"canonical":"https:\/\/www.editorialjuventud.es\/el-principe-que-todo-lo-aprendio-en-los-libros-9788426144065\/","og_locale":"ca_ES","og_type":"article","og_title":"El pr\u00edncipe que todo lo aprendi\u00f3 en los libros - Editorial Juventud","og_description":"Esta obra maestra va sobre un pr\u00edncipe que, de tanto leer cuentos de hadas, se cree un pr\u00edncipe azul. Su padre, el Rey, para hacerle ver que la vida no","og_url":"https:\/\/www.editorialjuventud.es\/el-principe-que-todo-lo-aprendio-en-los-libros-9788426144065\/","og_site_name":"Editorial Juventud","article_modified_time":"2024-07-29T19:56:08+00:00","og_image":[{"width":735,"height":1200,"url":"https:\/\/www.editorialjuventud.es\/wp-content\/uploads\/9788426144065-1.jpg","type":"image\/jpeg"}],"twitter_card":"summary_large_image","twitter_misc":{"Temps estimat de lectura":"2 minuts"},"schema":{"@context":"https:\/\/schema.org","@graph":[{"@type":"WebPage","@id":"https:\/\/www.editorialjuventud.es\/el-principe-que-todo-lo-aprendio-en-los-libros-9788426144065\/","url":"https:\/\/www.editorialjuventud.es\/el-principe-que-todo-lo-aprendio-en-los-libros-9788426144065\/","name":"El pr\u00edncipe que todo lo aprendi\u00f3 en los libros - Editorial Juventud","isPartOf":{"@id":"https:\/\/www.editorialjuventud.es\/#website"},"primaryImageOfPage":{"@id":"https:\/\/www.editorialjuventud.es\/el-principe-que-todo-lo-aprendio-en-los-libros-9788426144065\/#primaryimage"},"image":{"@id":"https:\/\/www.editorialjuventud.es\/el-principe-que-todo-lo-aprendio-en-los-libros-9788426144065\/#primaryimage"},"thumbnailUrl":"https:\/\/www.editorialjuventud.es\/wp-content\/uploads\/9788426144065-1.jpg","datePublished":"2018-11-20T13:16:11+00:00","dateModified":"2024-07-29T19:56:08+00:00","description":"Esta obra maestra va sobre un pr\u00edncipe que, de tanto leer cuentos de hadas, se cree un pr\u00edncipe azul. Su padre, el Rey, para hacerle ver que la vida no","breadcrumb":{"@id":"https:\/\/www.editorialjuventud.es\/el-principe-que-todo-lo-aprendio-en-los-libros-9788426144065\/#breadcrumb"},"inLanguage":"ca","potentialAction":[{"@type":"ReadAction","target":["https:\/\/www.editorialjuventud.es\/el-principe-que-todo-lo-aprendio-en-los-libros-9788426144065\/"]}]},{"@type":"ImageObject","inLanguage":"ca","@id":"https:\/\/www.editorialjuventud.es\/el-principe-que-todo-lo-aprendio-en-los-libros-9788426144065\/#primaryimage","url":"https:\/\/www.editorialjuventud.es\/wp-content\/uploads\/9788426144065-1.jpg","contentUrl":"https:\/\/www.editorialjuventud.es\/wp-content\/uploads\/9788426144065-1.jpg","width":735,"height":1200},{"@type":"BreadcrumbList","@id":"https:\/\/www.editorialjuventud.es\/el-principe-que-todo-lo-aprendio-en-los-libros-9788426144065\/#breadcrumb","itemListElement":[{"@type":"ListItem","position":1,"name":"Portada","item":"https:\/\/www.editorialjuventud.es\/"},{"@type":"ListItem","position":2,"name":"cat\u00e1logo","item":"https:\/\/www.editorialjuventud.es\/coleccion\/catalogo\/"},{"@type":"ListItem","position":3,"name":"castellano","item":"https:\/\/www.editorialjuventud.es\/coleccion\/castellano\/"},{"@type":"ListItem","position":4,"name":"Narrativa Juvenil","item":"https:\/\/www.editorialjuventud.es\/coleccion\/narrativa-juvenil-castellano\/"},{"@type":"ListItem","position":5,"name":"Colecci\u00f3n Juventud","item":"https:\/\/www.editorialjuventud.es\/coleccion\/coleccion-juventud\/"},{"@type":"ListItem","position":6,"name":"El pr\u00edncipe que todo lo aprendi\u00f3 en los libros"}]},{"@type":"WebSite","@id":"https:\/\/www.editorialjuventud.es\/#website","url":"https:\/\/www.editorialjuventud.es\/","name":"Editorial Juventud","description":"","potentialAction":[{"@type":"SearchAction","target":{"@type":"EntryPoint","urlTemplate":"https:\/\/www.editorialjuventud.es\/?s={search_term_string}"},"query-input":{"@type":"PropertyValueSpecification","valueRequired":true,"valueName":"search_term_string"}}],"inLanguage":"ca"}]}},"_links":{"self":[{"href":"https:\/\/www.editorialjuventud.es\/ca\/wp-json\/wp\/v2\/product\/19556","targetHints":{"allow":["GET"]}}],"collection":[{"href":"https:\/\/www.editorialjuventud.es\/ca\/wp-json\/wp\/v2\/product"}],"about":[{"href":"https:\/\/www.editorialjuventud.es\/ca\/wp-json\/wp\/v2\/types\/product"}],"wp:featuredmedia":[{"embeddable":true,"href":"https:\/\/www.editorialjuventud.es\/ca\/wp-json\/wp\/v2\/media\/79016"}],"wp:attachment":[{"href":"https:\/\/www.editorialjuventud.es\/ca\/wp-json\/wp\/v2\/media?parent=19556"}],"wp:term":[{"taxonomy":"product_brand","embeddable":true,"href":"https:\/\/www.editorialjuventud.es\/ca\/wp-json\/wp\/v2\/product_brand?post=19556"},{"taxonomy":"product_cat","embeddable":true,"href":"https:\/\/www.editorialjuventud.es\/ca\/wp-json\/wp\/v2\/product_cat?post=19556"},{"taxonomy":"product_tag","embeddable":true,"href":"https:\/\/www.editorialjuventud.es\/ca\/wp-json\/wp\/v2\/product_tag?post=19556"},{"taxonomy":"coleccion","embeddable":true,"href":"https:\/\/www.editorialjuventud.es\/ca\/wp-json\/wp\/v2\/coleccion?post=19556"}],"curies":[{"name":"wp","href":"https:\/\/api.w.org\/{rel}","templated":true}]}}