{"id":19553,"date":"2018-11-20T14:12:42","date_gmt":"2018-11-20T13:12:42","guid":{"rendered":"http:\/\/www.editorialjuventud.es\/imagina-un-mundo-9788426145154\/"},"modified":"2025-01-22T12:58:40","modified_gmt":"2025-01-22T11:58:40","slug":"imagina-un-mundo-9788426145154","status":"publish","type":"product","link":"https:\/\/www.editorialjuventud.es\/ca\/imagina-un-mundo-9788426145154\/","title":{"rendered":"Imagina un mundo"},"content":{"rendered":"<p>Rob Gonsalves, maestro del realismo m\u00e1gico, nos presenta otra obra fascinante de su colecci\u00f3n Imagina? que nos estimula la imaginaci\u00f3n y que nos traslada a unmundo m\u00e1gico. Imagina un mundo donde las hojas que caen en oto\u00f1o emprenden el vuelo transformadas en mariposas, donde las luces escapan de la ciudad para iluminar tu camino, donde todo lo que nos rodea se convierte en extraordinario; un mundo ilimitado y de infinitas posibilidades?  Este es el mundo que ha creado Rob Gonsalves para compartir su visi\u00f3n inspiradora y asombrosa de todo lo que nos rodea. Este \u00e1lbum nos lleva a un mundo lleno de posibilidades gracias a los murales trompe-l?oeil de este artista a menudo comparado con Escher.<\/p>\n","protected":false},"excerpt":{"rendered":"Rob Gonsalves, maestro del realismo m\u00e1gico, nos presenta otra obra fascinante de su colecci\u00f3n Imagina? que nos estimula la imaginaci\u00f3n y que nos traslada a unmundo m\u00e1gico. Imagina un mundo donde las hojas que caen en oto\u00f1o emprenden el vuelo [&hellip;]","protected":false},"featured_media":19554,"template":"","meta":{"_acf_changed":false,"_exactmetrics_skip_tracking":false,"_exactmetrics_sitenote_active":false,"_exactmetrics_sitenote_note":"","_exactmetrics_sitenote_category":0},"product_brand":[],"product_cat":[902,1121,1125,1140],"product_tag":[],"coleccion":[986,1091],"class_list":{"0":"post-19553","1":"product","2":"type-product","3":"status-publish","4":"has-post-thumbnail","6":"product_cat-a-partir-de-7-anos","7":"product_cat-albumes-ilustrados","8":"product_cat-arte","9":"product_cat-arte-y-creatividad","10":"coleccion-arte-y-creatividad","11":"coleccion-imagina-arte-y-creatividad","13":"first","14":"instock","15":"taxable","16":"shipping-taxable","17":"purchasable","18":"product-type-simple"},"acf":{"indice":"","autor":"Gonsalves, Rob","codart":"4515","ediciones":"1","encuadernacion":"Carton\u00e9","fecha_de_publicacion":"01\/11\/2018","novedad":"0","paginas":"48","subtitulo":"","texto_web_adicional":"","autores-libros":[17717],"ilustradores-libros":[17717],"texto_web_novedad":"","orden":"999","portada":"0","texto_web_resaltado":"","traductores-libros":[58416],"descripcion_corta":"","recomendamos":"","mas_vendido":"","color":false,"formato":"","mas_informacion_del_producto":false,"premios":false,"texto_enlace_cubierta":"","enlace_cubierta":{"ID":23830,"id":23830,"title":"cover9788426145154","filename":"cover9788426145154.jpg","filesize":179440,"url":"https:\/\/www.editorialjuventud.es\/wp-content\/uploads\/cover9788426145154.jpg","link":"https:\/\/www.editorialjuventud.es\/ca\/?attachment_id=23830","alt":"","author":"47","description":"","caption":"","name":"cover9788426145154","status":"inherit","uploaded_to":19553,"date":"2019-04-10 18:19:25","modified":"2019-04-10 18:19:25","menu_order":0,"mime_type":"image\/jpeg","type":"image","subtype":"jpeg","icon":"https:\/\/www.editorialjuventud.es\/wp-includes\/images\/media\/default.png","width":709,"height":709,"sizes":{"thumbnail":"https:\/\/www.editorialjuventud.es\/wp-content\/uploads\/cover9788426145154-200x200.jpg","thumbnail-width":200,"thumbnail-height":200,"medium":"https:\/\/www.editorialjuventud.es\/wp-content\/uploads\/cover9788426145154.jpg","medium-width":709,"medium-height":709,"medium_large":"https:\/\/www.editorialjuventud.es\/wp-content\/uploads\/cover9788426145154.jpg","medium_large-width":709,"medium_large-height":709,"large":"https:\/\/www.editorialjuventud.es\/wp-content\/uploads\/cover9788426145154.jpg","large-width":709,"large-height":709,"1536x1536":"https:\/\/www.editorialjuventud.es\/wp-content\/uploads\/cover9788426145154.jpg","1536x1536-width":709,"1536x1536-height":709,"2048x2048":"https:\/\/www.editorialjuventud.es\/wp-content\/uploads\/cover9788426145154.jpg","2048x2048-width":709,"2048x2048-height":709,"woocommerce_thumbnail":"https:\/\/www.editorialjuventud.es\/wp-content\/uploads\/cover9788426145154-350x350.jpg","woocommerce_thumbnail-width":350,"woocommerce_thumbnail-height":350,"woocommerce_single":"https:\/\/www.editorialjuventud.es\/wp-content\/uploads\/cover9788426145154.jpg","woocommerce_single-width":709,"woocommerce_single-height":709,"woocommerce_gallery_thumbnail":"https:\/\/www.editorialjuventud.es\/wp-content\/uploads\/cover9788426145154-100x100.jpg","woocommerce_gallery_thumbnail-width":100,"woocommerce_gallery_thumbnail-height":100,"ppec_logo_image_size":"https:\/\/www.editorialjuventud.es\/wp-content\/uploads\/cover9788426145154.jpg","ppec_logo_image_size-width":60,"ppec_logo_image_size-height":60,"ppec_header_image_size":"https:\/\/www.editorialjuventud.es\/wp-content\/uploads\/cover9788426145154.jpg","ppec_header_image_size-width":90,"ppec_header_image_size-height":90}},"texto_enlace_ficha_tecnica":"","enlace_ficha_tecnica":{"ID":33671,"id":33671,"title":"Ficha Imagina un mundo","filename":"Ficha-Imagina-un-mundo-1.pdf","filesize":535249,"url":"https:\/\/www.editorialjuventud.es\/wp-content\/uploads\/Ficha-Imagina-un-mundo-1.pdf","link":"https:\/\/www.editorialjuventud.es\/ca\/?attachment_id=33671","alt":"","author":"47","description":"","caption":"","name":"ficha-imagina-un-mundo-2","status":"inherit","uploaded_to":19553,"date":"2019-10-28 11:17:38","modified":"2019-10-28 11:17:38","menu_order":0,"mime_type":"application\/pdf","type":"application","subtype":"pdf","icon":"https:\/\/www.editorialjuventud.es\/wp-includes\/images\/media\/document.png"},"ficheros":false,"titulo-fr":"","texto-fr":"","idioma-libro":"","fecha_de_reimpresion":""},"yoast_head":"<!-- This site is optimized with the Yoast SEO plugin v27.5 - https:\/\/yoast.com\/product\/yoast-seo-wordpress\/ -->\n<title>Imagina un mundo - Editorial Juventud<\/title>\n<meta name=\"description\" content=\"Rob Gonsalves, maestro del realismo m\u00e1gico, nos presenta otra obra fascinante de su colecci\u00f3n Imagina? que nos estimula la imaginaci\u00f3n y que nos traslada\" \/>\n<meta name=\"robots\" content=\"index, follow, max-snippet:-1, max-image-preview:large, max-video-preview:-1\" \/>\n<link rel=\"canonical\" href=\"https:\/\/www.editorialjuventud.es\/imagina-un-mundo-9788426145154\/\" \/>\n<meta property=\"og:locale\" content=\"ca_ES\" \/>\n<meta property=\"og:type\" content=\"article\" \/>\n<meta property=\"og:title\" content=\"Imagina un mundo - Editorial Juventud\" \/>\n<meta property=\"og:description\" content=\"Rob Gonsalves, maestro del realismo m\u00e1gico, nos presenta otra obra fascinante de su colecci\u00f3n Imagina? que nos estimula la imaginaci\u00f3n y que nos traslada\" \/>\n<meta property=\"og:url\" content=\"https:\/\/www.editorialjuventud.es\/imagina-un-mundo-9788426145154\/\" \/>\n<meta property=\"og:site_name\" content=\"Editorial Juventud\" \/>\n<meta property=\"article:modified_time\" content=\"2025-01-22T11:58:40+00:00\" \/>\n<meta property=\"og:image\" content=\"https:\/\/www.editorialjuventud.es\/wp-content\/uploads\/9788426145154.jpg\" \/>\n\t<meta property=\"og:image:width\" content=\"709\" \/>\n\t<meta property=\"og:image:height\" content=\"709\" \/>\n\t<meta property=\"og:image:type\" content=\"image\/jpeg\" \/>\n<meta name=\"twitter:card\" content=\"summary_large_image\" \/>\n<meta name=\"twitter:label1\" content=\"Temps estimat de lectura\" \/>\n\t<meta name=\"twitter:data1\" content=\"1 minut\" \/>\n<script type=\"application\/ld+json\" class=\"yoast-schema-graph\">{\"@context\":\"https:\\\/\\\/schema.org\",\"@graph\":[{\"@type\":\"WebPage\",\"@id\":\"https:\\\/\\\/www.editorialjuventud.es\\\/imagina-un-mundo-9788426145154\\\/\",\"url\":\"https:\\\/\\\/www.editorialjuventud.es\\\/imagina-un-mundo-9788426145154\\\/\",\"name\":\"Imagina un mundo - Editorial Juventud\",\"isPartOf\":{\"@id\":\"https:\\\/\\\/www.editorialjuventud.es\\\/#website\"},\"primaryImageOfPage\":{\"@id\":\"https:\\\/\\\/www.editorialjuventud.es\\\/imagina-un-mundo-9788426145154\\\/#primaryimage\"},\"image\":{\"@id\":\"https:\\\/\\\/www.editorialjuventud.es\\\/imagina-un-mundo-9788426145154\\\/#primaryimage\"},\"thumbnailUrl\":\"https:\\\/\\\/www.editorialjuventud.es\\\/wp-content\\\/uploads\\\/9788426145154.jpg\",\"datePublished\":\"2018-11-20T13:12:42+00:00\",\"dateModified\":\"2025-01-22T11:58:40+00:00\",\"description\":\"Rob Gonsalves, maestro del realismo m\u00e1gico, nos presenta otra obra fascinante de su colecci\u00f3n Imagina? que nos estimula la imaginaci\u00f3n y que nos traslada\",\"breadcrumb\":{\"@id\":\"https:\\\/\\\/www.editorialjuventud.es\\\/imagina-un-mundo-9788426145154\\\/#breadcrumb\"},\"inLanguage\":\"ca\",\"potentialAction\":[{\"@type\":\"ReadAction\",\"target\":[\"https:\\\/\\\/www.editorialjuventud.es\\\/imagina-un-mundo-9788426145154\\\/\"]}]},{\"@type\":\"ImageObject\",\"inLanguage\":\"ca\",\"@id\":\"https:\\\/\\\/www.editorialjuventud.es\\\/imagina-un-mundo-9788426145154\\\/#primaryimage\",\"url\":\"https:\\\/\\\/www.editorialjuventud.es\\\/wp-content\\\/uploads\\\/9788426145154.jpg\",\"contentUrl\":\"https:\\\/\\\/www.editorialjuventud.es\\\/wp-content\\\/uploads\\\/9788426145154.jpg\",\"width\":709,\"height\":709,\"caption\":\"9788426145154.jpg\"},{\"@type\":\"BreadcrumbList\",\"@id\":\"https:\\\/\\\/www.editorialjuventud.es\\\/imagina-un-mundo-9788426145154\\\/#breadcrumb\",\"itemListElement\":[{\"@type\":\"ListItem\",\"position\":1,\"name\":\"Portada\",\"item\":\"https:\\\/\\\/www.editorialjuventud.es\\\/\"},{\"@type\":\"ListItem\",\"position\":2,\"name\":\"cat\u00e1logo\",\"item\":\"https:\\\/\\\/www.editorialjuventud.es\\\/coleccion\\\/catalogo\\\/\"},{\"@type\":\"ListItem\",\"position\":3,\"name\":\"castellano\",\"item\":\"https:\\\/\\\/www.editorialjuventud.es\\\/coleccion\\\/castellano\\\/\"},{\"@type\":\"ListItem\",\"position\":4,\"name\":\"\u00c1lbumes Ilustrados\",\"item\":\"https:\\\/\\\/www.editorialjuventud.es\\\/coleccion\\\/albumes-ilustrados\\\/\"},{\"@type\":\"ListItem\",\"position\":5,\"name\":\"Arte y Creatividad\",\"item\":\"https:\\\/\\\/www.editorialjuventud.es\\\/ca\\\/coleccion\\\/arte-y-creatividad\\\/\"},{\"@type\":\"ListItem\",\"position\":6,\"name\":\"Imagina\u2026\",\"item\":\"https:\\\/\\\/www.editorialjuventud.es\\\/ca\\\/coleccion\\\/imagina-arte-y-creatividad\\\/\"},{\"@type\":\"ListItem\",\"position\":7,\"name\":\"Imagina un mundo\"}]},{\"@type\":\"WebSite\",\"@id\":\"https:\\\/\\\/www.editorialjuventud.es\\\/#website\",\"url\":\"https:\\\/\\\/www.editorialjuventud.es\\\/\",\"name\":\"Editorial Juventud\",\"description\":\"\",\"potentialAction\":[{\"@type\":\"SearchAction\",\"target\":{\"@type\":\"EntryPoint\",\"urlTemplate\":\"https:\\\/\\\/www.editorialjuventud.es\\\/?s={search_term_string}\"},\"query-input\":{\"@type\":\"PropertyValueSpecification\",\"valueRequired\":true,\"valueName\":\"search_term_string\"}}],\"inLanguage\":\"ca\"}]}<\/script>\n<!-- \/ Yoast SEO plugin. -->","yoast_head_json":{"title":"Imagina un mundo - Editorial Juventud","description":"Rob Gonsalves, maestro del realismo m\u00e1gico, nos presenta otra obra fascinante de su colecci\u00f3n Imagina? que nos estimula la imaginaci\u00f3n y que nos traslada","robots":{"index":"index","follow":"follow","max-snippet":"max-snippet:-1","max-image-preview":"max-image-preview:large","max-video-preview":"max-video-preview:-1"},"canonical":"https:\/\/www.editorialjuventud.es\/imagina-un-mundo-9788426145154\/","og_locale":"ca_ES","og_type":"article","og_title":"Imagina un mundo - Editorial Juventud","og_description":"Rob Gonsalves, maestro del realismo m\u00e1gico, nos presenta otra obra fascinante de su colecci\u00f3n Imagina? que nos estimula la imaginaci\u00f3n y que nos traslada","og_url":"https:\/\/www.editorialjuventud.es\/imagina-un-mundo-9788426145154\/","og_site_name":"Editorial Juventud","article_modified_time":"2025-01-22T11:58:40+00:00","og_image":[{"width":709,"height":709,"url":"https:\/\/www.editorialjuventud.es\/wp-content\/uploads\/9788426145154.jpg","type":"image\/jpeg"}],"twitter_card":"summary_large_image","twitter_misc":{"Temps estimat de lectura":"1 minut"},"schema":{"@context":"https:\/\/schema.org","@graph":[{"@type":"WebPage","@id":"https:\/\/www.editorialjuventud.es\/imagina-un-mundo-9788426145154\/","url":"https:\/\/www.editorialjuventud.es\/imagina-un-mundo-9788426145154\/","name":"Imagina un mundo - Editorial Juventud","isPartOf":{"@id":"https:\/\/www.editorialjuventud.es\/#website"},"primaryImageOfPage":{"@id":"https:\/\/www.editorialjuventud.es\/imagina-un-mundo-9788426145154\/#primaryimage"},"image":{"@id":"https:\/\/www.editorialjuventud.es\/imagina-un-mundo-9788426145154\/#primaryimage"},"thumbnailUrl":"https:\/\/www.editorialjuventud.es\/wp-content\/uploads\/9788426145154.jpg","datePublished":"2018-11-20T13:12:42+00:00","dateModified":"2025-01-22T11:58:40+00:00","description":"Rob Gonsalves, maestro del realismo m\u00e1gico, nos presenta otra obra fascinante de su colecci\u00f3n Imagina? que nos estimula la imaginaci\u00f3n y que nos traslada","breadcrumb":{"@id":"https:\/\/www.editorialjuventud.es\/imagina-un-mundo-9788426145154\/#breadcrumb"},"inLanguage":"ca","potentialAction":[{"@type":"ReadAction","target":["https:\/\/www.editorialjuventud.es\/imagina-un-mundo-9788426145154\/"]}]},{"@type":"ImageObject","inLanguage":"ca","@id":"https:\/\/www.editorialjuventud.es\/imagina-un-mundo-9788426145154\/#primaryimage","url":"https:\/\/www.editorialjuventud.es\/wp-content\/uploads\/9788426145154.jpg","contentUrl":"https:\/\/www.editorialjuventud.es\/wp-content\/uploads\/9788426145154.jpg","width":709,"height":709,"caption":"9788426145154.jpg"},{"@type":"BreadcrumbList","@id":"https:\/\/www.editorialjuventud.es\/imagina-un-mundo-9788426145154\/#breadcrumb","itemListElement":[{"@type":"ListItem","position":1,"name":"Portada","item":"https:\/\/www.editorialjuventud.es\/"},{"@type":"ListItem","position":2,"name":"cat\u00e1logo","item":"https:\/\/www.editorialjuventud.es\/coleccion\/catalogo\/"},{"@type":"ListItem","position":3,"name":"castellano","item":"https:\/\/www.editorialjuventud.es\/coleccion\/castellano\/"},{"@type":"ListItem","position":4,"name":"\u00c1lbumes Ilustrados","item":"https:\/\/www.editorialjuventud.es\/coleccion\/albumes-ilustrados\/"},{"@type":"ListItem","position":5,"name":"Arte y Creatividad","item":"https:\/\/www.editorialjuventud.es\/ca\/coleccion\/arte-y-creatividad\/"},{"@type":"ListItem","position":6,"name":"Imagina\u2026","item":"https:\/\/www.editorialjuventud.es\/ca\/coleccion\/imagina-arte-y-creatividad\/"},{"@type":"ListItem","position":7,"name":"Imagina un mundo"}]},{"@type":"WebSite","@id":"https:\/\/www.editorialjuventud.es\/#website","url":"https:\/\/www.editorialjuventud.es\/","name":"Editorial Juventud","description":"","potentialAction":[{"@type":"SearchAction","target":{"@type":"EntryPoint","urlTemplate":"https:\/\/www.editorialjuventud.es\/?s={search_term_string}"},"query-input":{"@type":"PropertyValueSpecification","valueRequired":true,"valueName":"search_term_string"}}],"inLanguage":"ca"}]}},"_links":{"self":[{"href":"https:\/\/www.editorialjuventud.es\/ca\/wp-json\/wp\/v2\/product\/19553","targetHints":{"allow":["GET"]}}],"collection":[{"href":"https:\/\/www.editorialjuventud.es\/ca\/wp-json\/wp\/v2\/product"}],"about":[{"href":"https:\/\/www.editorialjuventud.es\/ca\/wp-json\/wp\/v2\/types\/product"}],"wp:featuredmedia":[{"embeddable":true,"href":"https:\/\/www.editorialjuventud.es\/ca\/wp-json\/wp\/v2\/media\/19554"}],"wp:attachment":[{"href":"https:\/\/www.editorialjuventud.es\/ca\/wp-json\/wp\/v2\/media?parent=19553"}],"wp:term":[{"taxonomy":"product_brand","embeddable":true,"href":"https:\/\/www.editorialjuventud.es\/ca\/wp-json\/wp\/v2\/product_brand?post=19553"},{"taxonomy":"product_cat","embeddable":true,"href":"https:\/\/www.editorialjuventud.es\/ca\/wp-json\/wp\/v2\/product_cat?post=19553"},{"taxonomy":"product_tag","embeddable":true,"href":"https:\/\/www.editorialjuventud.es\/ca\/wp-json\/wp\/v2\/product_tag?post=19553"},{"taxonomy":"coleccion","embeddable":true,"href":"https:\/\/www.editorialjuventud.es\/ca\/wp-json\/wp\/v2\/coleccion?post=19553"}],"curies":[{"name":"wp","href":"https:\/\/api.w.org\/{rel}","templated":true}]}}