{"id":18962,"date":"2018-10-26T11:35:18","date_gmt":"2018-10-26T07:35:18","guid":{"rendered":"http:\/\/www.editorialjuventud.es\/mira-al-cielo-9788426145390\/"},"modified":"2025-01-22T12:57:14","modified_gmt":"2025-01-22T11:57:14","slug":"mira-al-cielo-9788426145390","status":"publish","type":"product","link":"https:\/\/www.editorialjuventud.es\/ca\/mira-al-cielo-9788426145390\/","title":{"rendered":"\u00a1Mira al cielo!"},"content":{"rendered":"<p>\u00bfCu\u00e1ntas estrellas hay en el universo? \u00bfQui\u00e9n invent\u00f3 el primer telescopio? \u00bfQu\u00e9 animales han viajado al espacio? \u00bfDe qu\u00e9 color es el cielo de Neptuno? \u00bfCu\u00e1ntas lunas tiene Saturno? \u00bfQui\u00e9n no ha so\u00f1ado con ser astronauta? \u00a1Mira al cielo y viaja a las estrellas! En este \u00e1lbum, con divertidas y did\u00e1cticas ilustraciones, hallar\u00e1s las respuestas a estas preguntas y a muchas otras sobre el fascinante mundo de la exploraci\u00f3n espacial. Una primera aproximaci\u00f3n al estudio del universo.<\/p>\n","protected":false},"excerpt":{"rendered":"\u00bfCu\u00e1ntas estrellas hay en el universo? \u00bfQui\u00e9n invent\u00f3 el primer telescopio? \u00bfQu\u00e9 animales han viajado al espacio? \u00bfDe qu\u00e9 color es el cielo de Neptuno? \u00bfCu\u00e1ntas lunas tiene Saturno? \u00bfQui\u00e9n no ha so\u00f1ado con ser astronauta? \u00a1Mira al cielo y [&hellip;]","protected":false},"featured_media":18963,"template":"","meta":{"_acf_changed":false,"_exactmetrics_skip_tracking":false,"_exactmetrics_sitenote_active":false,"_exactmetrics_sitenote_note":"","_exactmetrics_sitenote_category":0},"product_brand":[],"product_cat":[902,1121,1149,1123,1212,1228],"product_tag":[],"coleccion":[928,916,987],"class_list":{"0":"post-18962","1":"product","2":"type-product","3":"status-publish","4":"has-post-thumbnail","6":"product_cat-a-partir-de-7-anos","7":"product_cat-albumes-ilustrados","8":"product_cat-ciencia","9":"product_cat-libros-informativos-infantil","10":"product_cat-prevencion","11":"product_cat-universo-espacio","12":"coleccion-albumes-ilustrados","13":"coleccion-castellano","14":"coleccion-conocer-y-comprender","16":"first","17":"instock","18":"taxable","19":"shipping-taxable","20":"purchasable","21":"product-type-simple"},"acf":{"indice":"","autor":"Ram\u00f3n Alonso, Jos\u00e9","codart":"4539","ediciones":"1","encuadernacion":"Carton\u00e9","fecha_de_publicacion":"01\/07\/2018","novedad":"0","paginas":"40","subtitulo":"","texto_web_adicional":"","autores-libros":[80230],"ilustradores-libros":[17384],"texto_web_novedad":"","orden":"999","portada":"0","texto_web_resaltado":"","traductores-libros":"","descripcion_corta":"","recomendamos":"","mas_vendido":"","idioma-libro":"","color":false,"formato":"","mas_informacion_del_producto":false,"premios":false,"texto_enlace_cubierta":"","enlace_cubierta":{"ID":33826,"id":33826,"title":"(nueva) MIRA AL CIELO_cover.indd","filename":"mira-al-cielo-nuevo-cover.jpg","filesize":77823,"url":"https:\/\/www.editorialjuventud.es\/wp-content\/uploads\/mira-al-cielo-nuevo-cover.jpg","link":"https:\/\/www.editorialjuventud.es\/ca\/?attachment_id=33826","alt":"","author":"47","description":"","caption":"","name":"nueva-mira-al-cielo_cover-indd-3","status":"inherit","uploaded_to":18962,"date":"2019-10-30 10:15:51","modified":"2019-10-30 10:15:51","menu_order":0,"mime_type":"image\/jpeg","type":"image","subtype":"jpeg","icon":"https:\/\/www.editorialjuventud.es\/wp-includes\/images\/media\/default.png","width":488,"height":650,"sizes":{"thumbnail":"https:\/\/www.editorialjuventud.es\/wp-content\/uploads\/mira-al-cielo-nuevo-cover-200x200.jpg","thumbnail-width":200,"thumbnail-height":200,"medium":"https:\/\/www.editorialjuventud.es\/wp-content\/uploads\/mira-al-cielo-nuevo-cover.jpg","medium-width":488,"medium-height":650,"medium_large":"https:\/\/www.editorialjuventud.es\/wp-content\/uploads\/mira-al-cielo-nuevo-cover.jpg","medium_large-width":488,"medium_large-height":650,"large":"https:\/\/www.editorialjuventud.es\/wp-content\/uploads\/mira-al-cielo-nuevo-cover.jpg","large-width":488,"large-height":650,"1536x1536":"https:\/\/www.editorialjuventud.es\/wp-content\/uploads\/mira-al-cielo-nuevo-cover.jpg","1536x1536-width":488,"1536x1536-height":650,"2048x2048":"https:\/\/www.editorialjuventud.es\/wp-content\/uploads\/mira-al-cielo-nuevo-cover.jpg","2048x2048-width":488,"2048x2048-height":650,"woocommerce_thumbnail":"https:\/\/www.editorialjuventud.es\/wp-content\/uploads\/mira-al-cielo-nuevo-cover-350x466.jpg","woocommerce_thumbnail-width":350,"woocommerce_thumbnail-height":466,"woocommerce_single":"https:\/\/www.editorialjuventud.es\/wp-content\/uploads\/mira-al-cielo-nuevo-cover.jpg","woocommerce_single-width":488,"woocommerce_single-height":650,"woocommerce_gallery_thumbnail":"https:\/\/www.editorialjuventud.es\/wp-content\/uploads\/mira-al-cielo-nuevo-cover-100x100.jpg","woocommerce_gallery_thumbnail-width":100,"woocommerce_gallery_thumbnail-height":100,"ppec_logo_image_size":"https:\/\/www.editorialjuventud.es\/wp-content\/uploads\/mira-al-cielo-nuevo-cover.jpg","ppec_logo_image_size-width":45,"ppec_logo_image_size-height":60,"ppec_header_image_size":"https:\/\/www.editorialjuventud.es\/wp-content\/uploads\/mira-al-cielo-nuevo-cover.jpg","ppec_header_image_size-width":68,"ppec_header_image_size-height":90}},"texto_enlace_ficha_tecnica":"","enlace_ficha_tecnica":{"ID":33830,"id":33830,"title":"Ficha Mira al cielo","filename":"Ficha-Mira-al-cielo-1.pdf","filesize":313029,"url":"https:\/\/www.editorialjuventud.es\/wp-content\/uploads\/Ficha-Mira-al-cielo-1.pdf","link":"https:\/\/www.editorialjuventud.es\/ca\/?attachment_id=33830","alt":"","author":"47","description":"","caption":"","name":"ficha-mira-al-cielo-2","status":"inherit","uploaded_to":18962,"date":"2019-10-30 10:24:59","modified":"2019-10-30 10:24:59","menu_order":0,"mime_type":"application\/pdf","type":"application","subtype":"pdf","icon":"https:\/\/www.editorialjuventud.es\/wp-includes\/images\/media\/document.png"},"ficheros":false,"titulo-fr":"Look At The Sky!","texto-fr":"<p>How many stars are there in the universe? Who invented the first telescope? What does Neptune\u2019s sky look like? How many moons does Saturn have? What animals have traveled to space? What do astronauts do in the International Space Station?<\/p>\n<p>In this book you will find the answers to these questions and much more about the fascinating world of space exploration. Who has not dreamed of being an astronaut? Come on! Look at the sky and travel to the stars!<\/p>\n<h5><span style=\"color: #008080;\"><em>\u203a Rights sold: Italy, Turkey and Azerbaijan.<\/em><\/span><\/h5>\n<ul>\n<li>\n<h5><a href=\"https:\/\/www.editorialjuventud.es\/wp-content\/uploads\/Look-at-the-sky_Fact-Sheet.pdf\">Fact Sheet<\/a><\/h5>\n<\/li>\n<\/ul>\n<h4>Jos\u00e9 Ramon Alonso<\/h4>\n<p>is a biologist and professor at the University of Salamanca. He likes space toys and playing chess. He also likes reading and writing, because it\u2019s the only way to keep learning every day. He thinks that science is the great adventure of our time and he loves sharing it with anyone who is curious about it. He has written many science books, both for children and adults, and he has a blog which has some of the most fascinating stories of neuroscience.<\/p>\n","fecha_de_reimpresion":"","deshabilitar_compra":[]},"yoast_head":"<!-- This site is optimized with the Yoast SEO plugin v27.3 - https:\/\/yoast.com\/product\/yoast-seo-wordpress\/ -->\n<title>\u00a1Mira al cielo! - Editorial Juventud<\/title>\n<meta name=\"description\" content=\"\u00bfCu\u00e1ntas estrellas hay en el universo? \u00bfQui\u00e9n invent\u00f3 el primer telescopio? \u00bfQu\u00e9 animales han viajado al espacio? \u00bfDe qu\u00e9 color es el cielo de Neptuno?\" \/>\n<meta name=\"robots\" content=\"index, follow, max-snippet:-1, max-image-preview:large, max-video-preview:-1\" \/>\n<link rel=\"canonical\" href=\"https:\/\/www.editorialjuventud.es\/mira-al-cielo-9788426145390\/\" \/>\n<meta property=\"og:locale\" content=\"ca_ES\" \/>\n<meta property=\"og:type\" content=\"article\" \/>\n<meta property=\"og:title\" content=\"\u00a1Mira al cielo! - Editorial Juventud\" \/>\n<meta property=\"og:description\" content=\"\u00bfCu\u00e1ntas estrellas hay en el universo? \u00bfQui\u00e9n invent\u00f3 el primer telescopio? \u00bfQu\u00e9 animales han viajado al espacio? \u00bfDe qu\u00e9 color es el cielo de Neptuno?\" \/>\n<meta property=\"og:url\" content=\"https:\/\/www.editorialjuventud.es\/mira-al-cielo-9788426145390\/\" \/>\n<meta property=\"og:site_name\" content=\"Editorial Juventud\" \/>\n<meta property=\"article:modified_time\" content=\"2025-01-22T11:57:14+00:00\" \/>\n<meta property=\"og:image\" content=\"https:\/\/www.editorialjuventud.es\/wp-content\/uploads\/9788426145390.jpg\" \/>\n\t<meta property=\"og:image:width\" content=\"488\" \/>\n\t<meta property=\"og:image:height\" content=\"650\" \/>\n\t<meta property=\"og:image:type\" content=\"image\/jpeg\" \/>\n<meta name=\"twitter:card\" content=\"summary_large_image\" \/>\n<script type=\"application\/ld+json\" class=\"yoast-schema-graph\">{\"@context\":\"https:\\\/\\\/schema.org\",\"@graph\":[{\"@type\":\"WebPage\",\"@id\":\"https:\\\/\\\/www.editorialjuventud.es\\\/mira-al-cielo-9788426145390\\\/\",\"url\":\"https:\\\/\\\/www.editorialjuventud.es\\\/mira-al-cielo-9788426145390\\\/\",\"name\":\"\u00a1Mira al cielo! - Editorial Juventud\",\"isPartOf\":{\"@id\":\"https:\\\/\\\/www.editorialjuventud.es\\\/#website\"},\"primaryImageOfPage\":{\"@id\":\"https:\\\/\\\/www.editorialjuventud.es\\\/mira-al-cielo-9788426145390\\\/#primaryimage\"},\"image\":{\"@id\":\"https:\\\/\\\/www.editorialjuventud.es\\\/mira-al-cielo-9788426145390\\\/#primaryimage\"},\"thumbnailUrl\":\"https:\\\/\\\/www.editorialjuventud.es\\\/wp-content\\\/uploads\\\/9788426145390.jpg\",\"datePublished\":\"2018-10-26T07:35:18+00:00\",\"dateModified\":\"2025-01-22T11:57:14+00:00\",\"description\":\"\u00bfCu\u00e1ntas estrellas hay en el universo? \u00bfQui\u00e9n invent\u00f3 el primer telescopio? \u00bfQu\u00e9 animales han viajado al espacio? \u00bfDe qu\u00e9 color es el cielo de Neptuno?\",\"breadcrumb\":{\"@id\":\"https:\\\/\\\/www.editorialjuventud.es\\\/mira-al-cielo-9788426145390\\\/#breadcrumb\"},\"inLanguage\":\"ca\",\"potentialAction\":[{\"@type\":\"ReadAction\",\"target\":[\"https:\\\/\\\/www.editorialjuventud.es\\\/mira-al-cielo-9788426145390\\\/\"]}]},{\"@type\":\"ImageObject\",\"inLanguage\":\"ca\",\"@id\":\"https:\\\/\\\/www.editorialjuventud.es\\\/mira-al-cielo-9788426145390\\\/#primaryimage\",\"url\":\"https:\\\/\\\/www.editorialjuventud.es\\\/wp-content\\\/uploads\\\/9788426145390.jpg\",\"contentUrl\":\"https:\\\/\\\/www.editorialjuventud.es\\\/wp-content\\\/uploads\\\/9788426145390.jpg\",\"width\":488,\"height\":650,\"caption\":\"9788426145390.jpg\"},{\"@type\":\"BreadcrumbList\",\"@id\":\"https:\\\/\\\/www.editorialjuventud.es\\\/mira-al-cielo-9788426145390\\\/#breadcrumb\",\"itemListElement\":[{\"@type\":\"ListItem\",\"position\":1,\"name\":\"Portada\",\"item\":\"https:\\\/\\\/www.editorialjuventud.es\\\/\"},{\"@type\":\"ListItem\",\"position\":2,\"name\":\"cat\u00e1logo\",\"item\":\"https:\\\/\\\/www.editorialjuventud.es\\\/coleccion\\\/catalogo\\\/\"},{\"@type\":\"ListItem\",\"position\":3,\"name\":\"castellano\",\"item\":\"https:\\\/\\\/www.editorialjuventud.es\\\/coleccion\\\/castellano\\\/\"},{\"@type\":\"ListItem\",\"position\":4,\"name\":\"\u00c1lbumes Ilustrados\",\"item\":\"https:\\\/\\\/www.editorialjuventud.es\\\/coleccion\\\/albumes-ilustrados\\\/\"},{\"@type\":\"ListItem\",\"position\":5,\"name\":\"Conocer y Comprender\",\"item\":\"https:\\\/\\\/www.editorialjuventud.es\\\/coleccion\\\/conocer-y-comprender\\\/\"},{\"@type\":\"ListItem\",\"position\":6,\"name\":\"\u00a1Mira al cielo!\"}]},{\"@type\":\"WebSite\",\"@id\":\"https:\\\/\\\/www.editorialjuventud.es\\\/#website\",\"url\":\"https:\\\/\\\/www.editorialjuventud.es\\\/\",\"name\":\"Editorial Juventud\",\"description\":\"\",\"potentialAction\":[{\"@type\":\"SearchAction\",\"target\":{\"@type\":\"EntryPoint\",\"urlTemplate\":\"https:\\\/\\\/www.editorialjuventud.es\\\/?s={search_term_string}\"},\"query-input\":{\"@type\":\"PropertyValueSpecification\",\"valueRequired\":true,\"valueName\":\"search_term_string\"}}],\"inLanguage\":\"ca\"}]}<\/script>\n<!-- \/ Yoast SEO plugin. -->","yoast_head_json":{"title":"\u00a1Mira al cielo! - Editorial Juventud","description":"\u00bfCu\u00e1ntas estrellas hay en el universo? \u00bfQui\u00e9n invent\u00f3 el primer telescopio? \u00bfQu\u00e9 animales han viajado al espacio? \u00bfDe qu\u00e9 color es el cielo de Neptuno?","robots":{"index":"index","follow":"follow","max-snippet":"max-snippet:-1","max-image-preview":"max-image-preview:large","max-video-preview":"max-video-preview:-1"},"canonical":"https:\/\/www.editorialjuventud.es\/mira-al-cielo-9788426145390\/","og_locale":"ca_ES","og_type":"article","og_title":"\u00a1Mira al cielo! - Editorial Juventud","og_description":"\u00bfCu\u00e1ntas estrellas hay en el universo? \u00bfQui\u00e9n invent\u00f3 el primer telescopio? \u00bfQu\u00e9 animales han viajado al espacio? \u00bfDe qu\u00e9 color es el cielo de Neptuno?","og_url":"https:\/\/www.editorialjuventud.es\/mira-al-cielo-9788426145390\/","og_site_name":"Editorial Juventud","article_modified_time":"2025-01-22T11:57:14+00:00","og_image":[{"width":488,"height":650,"url":"https:\/\/www.editorialjuventud.es\/wp-content\/uploads\/9788426145390.jpg","type":"image\/jpeg"}],"twitter_card":"summary_large_image","schema":{"@context":"https:\/\/schema.org","@graph":[{"@type":"WebPage","@id":"https:\/\/www.editorialjuventud.es\/mira-al-cielo-9788426145390\/","url":"https:\/\/www.editorialjuventud.es\/mira-al-cielo-9788426145390\/","name":"\u00a1Mira al cielo! - Editorial Juventud","isPartOf":{"@id":"https:\/\/www.editorialjuventud.es\/#website"},"primaryImageOfPage":{"@id":"https:\/\/www.editorialjuventud.es\/mira-al-cielo-9788426145390\/#primaryimage"},"image":{"@id":"https:\/\/www.editorialjuventud.es\/mira-al-cielo-9788426145390\/#primaryimage"},"thumbnailUrl":"https:\/\/www.editorialjuventud.es\/wp-content\/uploads\/9788426145390.jpg","datePublished":"2018-10-26T07:35:18+00:00","dateModified":"2025-01-22T11:57:14+00:00","description":"\u00bfCu\u00e1ntas estrellas hay en el universo? \u00bfQui\u00e9n invent\u00f3 el primer telescopio? \u00bfQu\u00e9 animales han viajado al espacio? \u00bfDe qu\u00e9 color es el cielo de Neptuno?","breadcrumb":{"@id":"https:\/\/www.editorialjuventud.es\/mira-al-cielo-9788426145390\/#breadcrumb"},"inLanguage":"ca","potentialAction":[{"@type":"ReadAction","target":["https:\/\/www.editorialjuventud.es\/mira-al-cielo-9788426145390\/"]}]},{"@type":"ImageObject","inLanguage":"ca","@id":"https:\/\/www.editorialjuventud.es\/mira-al-cielo-9788426145390\/#primaryimage","url":"https:\/\/www.editorialjuventud.es\/wp-content\/uploads\/9788426145390.jpg","contentUrl":"https:\/\/www.editorialjuventud.es\/wp-content\/uploads\/9788426145390.jpg","width":488,"height":650,"caption":"9788426145390.jpg"},{"@type":"BreadcrumbList","@id":"https:\/\/www.editorialjuventud.es\/mira-al-cielo-9788426145390\/#breadcrumb","itemListElement":[{"@type":"ListItem","position":1,"name":"Portada","item":"https:\/\/www.editorialjuventud.es\/"},{"@type":"ListItem","position":2,"name":"cat\u00e1logo","item":"https:\/\/www.editorialjuventud.es\/coleccion\/catalogo\/"},{"@type":"ListItem","position":3,"name":"castellano","item":"https:\/\/www.editorialjuventud.es\/coleccion\/castellano\/"},{"@type":"ListItem","position":4,"name":"\u00c1lbumes Ilustrados","item":"https:\/\/www.editorialjuventud.es\/coleccion\/albumes-ilustrados\/"},{"@type":"ListItem","position":5,"name":"Conocer y Comprender","item":"https:\/\/www.editorialjuventud.es\/coleccion\/conocer-y-comprender\/"},{"@type":"ListItem","position":6,"name":"\u00a1Mira al cielo!"}]},{"@type":"WebSite","@id":"https:\/\/www.editorialjuventud.es\/#website","url":"https:\/\/www.editorialjuventud.es\/","name":"Editorial Juventud","description":"","potentialAction":[{"@type":"SearchAction","target":{"@type":"EntryPoint","urlTemplate":"https:\/\/www.editorialjuventud.es\/?s={search_term_string}"},"query-input":{"@type":"PropertyValueSpecification","valueRequired":true,"valueName":"search_term_string"}}],"inLanguage":"ca"}]}},"_links":{"self":[{"href":"https:\/\/www.editorialjuventud.es\/ca\/wp-json\/wp\/v2\/product\/18962","targetHints":{"allow":["GET"]}}],"collection":[{"href":"https:\/\/www.editorialjuventud.es\/ca\/wp-json\/wp\/v2\/product"}],"about":[{"href":"https:\/\/www.editorialjuventud.es\/ca\/wp-json\/wp\/v2\/types\/product"}],"wp:featuredmedia":[{"embeddable":true,"href":"https:\/\/www.editorialjuventud.es\/ca\/wp-json\/wp\/v2\/media\/18963"}],"wp:attachment":[{"href":"https:\/\/www.editorialjuventud.es\/ca\/wp-json\/wp\/v2\/media?parent=18962"}],"wp:term":[{"taxonomy":"product_brand","embeddable":true,"href":"https:\/\/www.editorialjuventud.es\/ca\/wp-json\/wp\/v2\/product_brand?post=18962"},{"taxonomy":"product_cat","embeddable":true,"href":"https:\/\/www.editorialjuventud.es\/ca\/wp-json\/wp\/v2\/product_cat?post=18962"},{"taxonomy":"product_tag","embeddable":true,"href":"https:\/\/www.editorialjuventud.es\/ca\/wp-json\/wp\/v2\/product_tag?post=18962"},{"taxonomy":"coleccion","embeddable":true,"href":"https:\/\/www.editorialjuventud.es\/ca\/wp-json\/wp\/v2\/coleccion?post=18962"}],"curies":[{"name":"wp","href":"https:\/\/api.w.org\/{rel}","templated":true}]}}