{"id":18959,"date":"2018-10-26T11:34:50","date_gmt":"2018-10-26T07:34:50","guid":{"rendered":"http:\/\/www.editorialjuventud.es\/saps-com-funciona-9788426145383\/"},"modified":"2023-04-13T14:09:39","modified_gmt":"2023-04-13T12:09:39","slug":"saps-com-funciona-9788426145383","status":"publish","type":"product","link":"https:\/\/www.editorialjuventud.es\/ca\/saps-com-funciona-9788426145383\/","title":{"rendered":"Saps com funciona?"},"content":{"rendered":"<p>D&#8217;on ve el cot\u00f3 de la meva camisa? Com es condueix un cotxe? D&#8217;on ve l&#8217;electricitat? Qui ha fet el meu llibre?&#8230; La curiositat dels nens i nenes arriba a ser insaciable i no tot \u00e9s tan senzill d&#8217;explicar i fer entendre. Per aix\u00f2, aquest llibre, amb 50 preguntes de 6 \u00e0mbits diferents del m\u00f3n quotidi\u00e0 (menjar, roba, entreteniment, la llar, la ciutat i els transports) \u00e9s de gran utilitat. Cadascuna de les preguntes es respon en una doble p\u00e0gina, amb un text clar i conc\u00eds i il\u00b7lustracions per a cada pas. A m\u00e9s es suggereixen uns quants jocs perqu\u00e8 els nens es diverteixin alhora que aprenen.<br \/>\nAquest llibre a tot color, ple de preguntes i respostes, de vegades inesperades, a vegades sorprenents, per\u00f2 molt habituals en els nens, captivar\u00e0 l&#8217;atenci\u00f3 dels m\u00e9s petits, i tamb\u00e9 dels grans!<\/p>\n","protected":false},"excerpt":{"rendered":"D&#8217;on ve el cot\u00f3 de la meva camisa? Com es condueix un cotxe? D&#8217;on ve l&#8217;electricitat? Qui ha fet el meu llibre?&#8230; La curiositat dels nens i nenes arriba a ser insaciable i no tot \u00e9s tan senzill d&#8217;explicar i [&hellip;]","protected":false},"featured_media":18960,"template":"","meta":{"_acf_changed":false,"_exactmetrics_skip_tracking":false,"_exactmetrics_sitenote_active":false,"_exactmetrics_sitenote_note":"","_exactmetrics_sitenote_category":0},"product_brand":[],"product_cat":[900,1121,892,1177,1115,1123,1128],"product_tag":[],"coleccion":[917,915,946,1249],"class_list":{"0":"post-18959","1":"product","2":"type-product","3":"status-publish","4":"has-post-thumbnail","6":"product_cat-a-partir-de-5-anos","7":"product_cat-albumes-ilustrados","8":"product_cat-edades","9":"product_cat-funcionamiento-de-las-cosas","10":"product_cat-generos","11":"product_cat-libros-informativos-infantil","12":"product_cat-tematica","13":"coleccion-albums-illustrats","14":"coleccion-catala","15":"coleccion-com-i-per-que","16":"coleccion-petits-curiosos","18":"first","19":"instock","20":"taxable","21":"shipping-taxable","22":"purchasable","23":"product-type-simple"},"acf":{"indice":"","autor":"Jugla, C\u00e9cile","codart":"4538","ediciones":"3","encuadernacion":"Carton\u00e9","fecha_de_publicacion":"01\/05\/2018","novedad":"0","paginas":"120","subtitulo":"","texto_web_adicional":"","autores-libros":[16438],"ilustradores-libros":[16438],"texto_web_novedad":"","orden":"999","portada":"0","texto_web_resaltado":"","traductores-libros":[18265],"descripcion_corta":"","recomendamos":"","mas_vendido":"","idioma-libro":"","color":false,"formato":"","mas_informacion_del_producto":false,"premios":false,"texto_enlace_cubierta":"","enlace_cubierta":false,"texto_enlace_ficha_tecnica":"","enlace_ficha_tecnica":{"ID":26778,"id":26778,"title":"Saps com funciona FITXA","filename":"Saps-com-funciona-FITXA.pdf","filesize":1271996,"url":"https:\/\/www.editorialjuventud.es\/wp-content\/uploads\/Saps-com-funciona-FITXA.pdf","link":"https:\/\/www.editorialjuventud.es\/ca\/?attachment_id=26778","alt":"","author":"47","description":"","caption":"","name":"saps-com-funciona-fitxa","status":"inherit","uploaded_to":18959,"date":"2019-06-03 15:51:10","modified":"2019-06-03 15:51:10","menu_order":0,"mime_type":"application\/pdf","type":"application","subtype":"pdf","icon":"https:\/\/www.editorialjuventud.es\/wp-includes\/images\/media\/document.png"},"ficheros":false,"titulo-fr":"","texto-fr":"","fecha_de_reimpresion":"01\/01\/2022","deshabilitar_compra":[]},"yoast_head":"<!-- This site is optimized with the Yoast SEO plugin v27.5 - https:\/\/yoast.com\/product\/yoast-seo-wordpress\/ -->\n<title>Saps com funciona? - Editorial Juventud<\/title>\n<meta name=\"description\" content=\"D&#039;on ve el cot\u00f3 de la meva camisa? Com es condueix un cotxe? D&#039;on ve l&#039;electricitat? Qui ha fet el meu llibre?... La curiositat dels nens i nenes arriba a\" \/>\n<meta name=\"robots\" content=\"index, follow, max-snippet:-1, max-image-preview:large, max-video-preview:-1\" \/>\n<link rel=\"canonical\" href=\"https:\/\/www.editorialjuventud.es\/saps-com-funciona-9788426145383\/\" \/>\n<meta property=\"og:locale\" content=\"ca_ES\" \/>\n<meta property=\"og:type\" content=\"article\" \/>\n<meta property=\"og:title\" content=\"Saps com funciona? - Editorial Juventud\" \/>\n<meta property=\"og:description\" content=\"D&#039;on ve el cot\u00f3 de la meva camisa? Com es condueix un cotxe? D&#039;on ve l&#039;electricitat? Qui ha fet el meu llibre?... La curiositat dels nens i nenes arriba a\" \/>\n<meta property=\"og:url\" content=\"https:\/\/www.editorialjuventud.es\/saps-com-funciona-9788426145383\/\" \/>\n<meta property=\"og:site_name\" content=\"Editorial Juventud\" \/>\n<meta property=\"article:modified_time\" content=\"2023-04-13T12:09:39+00:00\" \/>\n<meta property=\"og:image\" content=\"https:\/\/www.editorialjuventud.es\/wp-content\/uploads\/9788426145383.jpg\" \/>\n\t<meta property=\"og:image:width\" content=\"1088\" \/>\n\t<meta property=\"og:image:height\" content=\"1200\" \/>\n\t<meta property=\"og:image:type\" content=\"image\/jpeg\" \/>\n<meta name=\"twitter:card\" content=\"summary_large_image\" \/>\n<meta name=\"twitter:label1\" content=\"Temps estimat de lectura\" \/>\n\t<meta name=\"twitter:data1\" content=\"1 minut\" \/>\n<script type=\"application\/ld+json\" class=\"yoast-schema-graph\">{\"@context\":\"https:\\\/\\\/schema.org\",\"@graph\":[{\"@type\":\"WebPage\",\"@id\":\"https:\\\/\\\/www.editorialjuventud.es\\\/saps-com-funciona-9788426145383\\\/\",\"url\":\"https:\\\/\\\/www.editorialjuventud.es\\\/saps-com-funciona-9788426145383\\\/\",\"name\":\"Saps com funciona? - Editorial Juventud\",\"isPartOf\":{\"@id\":\"https:\\\/\\\/www.editorialjuventud.es\\\/#website\"},\"primaryImageOfPage\":{\"@id\":\"https:\\\/\\\/www.editorialjuventud.es\\\/saps-com-funciona-9788426145383\\\/#primaryimage\"},\"image\":{\"@id\":\"https:\\\/\\\/www.editorialjuventud.es\\\/saps-com-funciona-9788426145383\\\/#primaryimage\"},\"thumbnailUrl\":\"https:\\\/\\\/www.editorialjuventud.es\\\/wp-content\\\/uploads\\\/9788426145383.jpg\",\"datePublished\":\"2018-10-26T07:34:50+00:00\",\"dateModified\":\"2023-04-13T12:09:39+00:00\",\"description\":\"D'on ve el cot\u00f3 de la meva camisa? Com es condueix un cotxe? D'on ve l'electricitat? Qui ha fet el meu llibre?... La curiositat dels nens i nenes arriba a\",\"breadcrumb\":{\"@id\":\"https:\\\/\\\/www.editorialjuventud.es\\\/saps-com-funciona-9788426145383\\\/#breadcrumb\"},\"inLanguage\":\"ca\",\"potentialAction\":[{\"@type\":\"ReadAction\",\"target\":[\"https:\\\/\\\/www.editorialjuventud.es\\\/saps-com-funciona-9788426145383\\\/\"]}]},{\"@type\":\"ImageObject\",\"inLanguage\":\"ca\",\"@id\":\"https:\\\/\\\/www.editorialjuventud.es\\\/saps-com-funciona-9788426145383\\\/#primaryimage\",\"url\":\"https:\\\/\\\/www.editorialjuventud.es\\\/wp-content\\\/uploads\\\/9788426145383.jpg\",\"contentUrl\":\"https:\\\/\\\/www.editorialjuventud.es\\\/wp-content\\\/uploads\\\/9788426145383.jpg\",\"width\":1088,\"height\":1200,\"caption\":\"9788426145383.jpg\"},{\"@type\":\"BreadcrumbList\",\"@id\":\"https:\\\/\\\/www.editorialjuventud.es\\\/saps-com-funciona-9788426145383\\\/#breadcrumb\",\"itemListElement\":[{\"@type\":\"ListItem\",\"position\":1,\"name\":\"Portada\",\"item\":\"https:\\\/\\\/www.editorialjuventud.es\\\/\"},{\"@type\":\"ListItem\",\"position\":2,\"name\":\"cat\u00e1logo\",\"item\":\"https:\\\/\\\/www.editorialjuventud.es\\\/coleccion\\\/catalogo\\\/\"},{\"@type\":\"ListItem\",\"position\":3,\"name\":\"catal\u00e0\",\"item\":\"https:\\\/\\\/www.editorialjuventud.es\\\/coleccion\\\/catala\\\/\"},{\"@type\":\"ListItem\",\"position\":4,\"name\":\"\u00c0lbums Il\u00b7lustrats\",\"item\":\"https:\\\/\\\/www.editorialjuventud.es\\\/coleccion\\\/albums-il%c2%b7lustrats\\\/\"},{\"@type\":\"ListItem\",\"position\":5,\"name\":\"Com i Per qu\u00e8\",\"item\":\"https:\\\/\\\/www.editorialjuventud.es\\\/coleccion\\\/com-i-per-que\\\/\"},{\"@type\":\"ListItem\",\"position\":6,\"name\":\"Petits Curiosos\",\"item\":\"https:\\\/\\\/www.editorialjuventud.es\\\/coleccion\\\/petits-curiosos\\\/\"},{\"@type\":\"ListItem\",\"position\":7,\"name\":\"Saps com funciona?\"}]},{\"@type\":\"WebSite\",\"@id\":\"https:\\\/\\\/www.editorialjuventud.es\\\/#website\",\"url\":\"https:\\\/\\\/www.editorialjuventud.es\\\/\",\"name\":\"Editorial Juventud\",\"description\":\"\",\"potentialAction\":[{\"@type\":\"SearchAction\",\"target\":{\"@type\":\"EntryPoint\",\"urlTemplate\":\"https:\\\/\\\/www.editorialjuventud.es\\\/?s={search_term_string}\"},\"query-input\":{\"@type\":\"PropertyValueSpecification\",\"valueRequired\":true,\"valueName\":\"search_term_string\"}}],\"inLanguage\":\"ca\"}]}<\/script>\n<!-- \/ Yoast SEO plugin. -->","yoast_head_json":{"title":"Saps com funciona? - Editorial Juventud","description":"D'on ve el cot\u00f3 de la meva camisa? Com es condueix un cotxe? D'on ve l'electricitat? Qui ha fet el meu llibre?... La curiositat dels nens i nenes arriba a","robots":{"index":"index","follow":"follow","max-snippet":"max-snippet:-1","max-image-preview":"max-image-preview:large","max-video-preview":"max-video-preview:-1"},"canonical":"https:\/\/www.editorialjuventud.es\/saps-com-funciona-9788426145383\/","og_locale":"ca_ES","og_type":"article","og_title":"Saps com funciona? - Editorial Juventud","og_description":"D'on ve el cot\u00f3 de la meva camisa? Com es condueix un cotxe? D'on ve l'electricitat? Qui ha fet el meu llibre?... La curiositat dels nens i nenes arriba a","og_url":"https:\/\/www.editorialjuventud.es\/saps-com-funciona-9788426145383\/","og_site_name":"Editorial Juventud","article_modified_time":"2023-04-13T12:09:39+00:00","og_image":[{"width":1088,"height":1200,"url":"https:\/\/www.editorialjuventud.es\/wp-content\/uploads\/9788426145383.jpg","type":"image\/jpeg"}],"twitter_card":"summary_large_image","twitter_misc":{"Temps estimat de lectura":"1 minut"},"schema":{"@context":"https:\/\/schema.org","@graph":[{"@type":"WebPage","@id":"https:\/\/www.editorialjuventud.es\/saps-com-funciona-9788426145383\/","url":"https:\/\/www.editorialjuventud.es\/saps-com-funciona-9788426145383\/","name":"Saps com funciona? - Editorial Juventud","isPartOf":{"@id":"https:\/\/www.editorialjuventud.es\/#website"},"primaryImageOfPage":{"@id":"https:\/\/www.editorialjuventud.es\/saps-com-funciona-9788426145383\/#primaryimage"},"image":{"@id":"https:\/\/www.editorialjuventud.es\/saps-com-funciona-9788426145383\/#primaryimage"},"thumbnailUrl":"https:\/\/www.editorialjuventud.es\/wp-content\/uploads\/9788426145383.jpg","datePublished":"2018-10-26T07:34:50+00:00","dateModified":"2023-04-13T12:09:39+00:00","description":"D'on ve el cot\u00f3 de la meva camisa? Com es condueix un cotxe? D'on ve l'electricitat? Qui ha fet el meu llibre?... La curiositat dels nens i nenes arriba a","breadcrumb":{"@id":"https:\/\/www.editorialjuventud.es\/saps-com-funciona-9788426145383\/#breadcrumb"},"inLanguage":"ca","potentialAction":[{"@type":"ReadAction","target":["https:\/\/www.editorialjuventud.es\/saps-com-funciona-9788426145383\/"]}]},{"@type":"ImageObject","inLanguage":"ca","@id":"https:\/\/www.editorialjuventud.es\/saps-com-funciona-9788426145383\/#primaryimage","url":"https:\/\/www.editorialjuventud.es\/wp-content\/uploads\/9788426145383.jpg","contentUrl":"https:\/\/www.editorialjuventud.es\/wp-content\/uploads\/9788426145383.jpg","width":1088,"height":1200,"caption":"9788426145383.jpg"},{"@type":"BreadcrumbList","@id":"https:\/\/www.editorialjuventud.es\/saps-com-funciona-9788426145383\/#breadcrumb","itemListElement":[{"@type":"ListItem","position":1,"name":"Portada","item":"https:\/\/www.editorialjuventud.es\/"},{"@type":"ListItem","position":2,"name":"cat\u00e1logo","item":"https:\/\/www.editorialjuventud.es\/coleccion\/catalogo\/"},{"@type":"ListItem","position":3,"name":"catal\u00e0","item":"https:\/\/www.editorialjuventud.es\/coleccion\/catala\/"},{"@type":"ListItem","position":4,"name":"\u00c0lbums Il\u00b7lustrats","item":"https:\/\/www.editorialjuventud.es\/coleccion\/albums-il%c2%b7lustrats\/"},{"@type":"ListItem","position":5,"name":"Com i Per qu\u00e8","item":"https:\/\/www.editorialjuventud.es\/coleccion\/com-i-per-que\/"},{"@type":"ListItem","position":6,"name":"Petits Curiosos","item":"https:\/\/www.editorialjuventud.es\/coleccion\/petits-curiosos\/"},{"@type":"ListItem","position":7,"name":"Saps com funciona?"}]},{"@type":"WebSite","@id":"https:\/\/www.editorialjuventud.es\/#website","url":"https:\/\/www.editorialjuventud.es\/","name":"Editorial Juventud","description":"","potentialAction":[{"@type":"SearchAction","target":{"@type":"EntryPoint","urlTemplate":"https:\/\/www.editorialjuventud.es\/?s={search_term_string}"},"query-input":{"@type":"PropertyValueSpecification","valueRequired":true,"valueName":"search_term_string"}}],"inLanguage":"ca"}]}},"_links":{"self":[{"href":"https:\/\/www.editorialjuventud.es\/ca\/wp-json\/wp\/v2\/product\/18959","targetHints":{"allow":["GET"]}}],"collection":[{"href":"https:\/\/www.editorialjuventud.es\/ca\/wp-json\/wp\/v2\/product"}],"about":[{"href":"https:\/\/www.editorialjuventud.es\/ca\/wp-json\/wp\/v2\/types\/product"}],"wp:featuredmedia":[{"embeddable":true,"href":"https:\/\/www.editorialjuventud.es\/ca\/wp-json\/wp\/v2\/media\/18960"}],"wp:attachment":[{"href":"https:\/\/www.editorialjuventud.es\/ca\/wp-json\/wp\/v2\/media?parent=18959"}],"wp:term":[{"taxonomy":"product_brand","embeddable":true,"href":"https:\/\/www.editorialjuventud.es\/ca\/wp-json\/wp\/v2\/product_brand?post=18959"},{"taxonomy":"product_cat","embeddable":true,"href":"https:\/\/www.editorialjuventud.es\/ca\/wp-json\/wp\/v2\/product_cat?post=18959"},{"taxonomy":"product_tag","embeddable":true,"href":"https:\/\/www.editorialjuventud.es\/ca\/wp-json\/wp\/v2\/product_tag?post=18959"},{"taxonomy":"coleccion","embeddable":true,"href":"https:\/\/www.editorialjuventud.es\/ca\/wp-json\/wp\/v2\/coleccion?post=18959"}],"curies":[{"name":"wp","href":"https:\/\/api.w.org\/{rel}","templated":true}]}}