{"id":18953,"date":"2018-10-26T09:33:59","date_gmt":"2018-10-26T07:33:59","guid":{"rendered":"http:\/\/www.editorialjuventud.es\/lilla-del-tresor-9788426145338\/"},"modified":"2020-09-03T14:22:09","modified_gmt":"2020-09-03T12:22:09","slug":"lilla-del-tresor-9788426145338","status":"publish","type":"product","link":"https:\/\/www.editorialjuventud.es\/ca\/lilla-del-tresor-9788426145338\/","title":{"rendered":"L&#8217;Illa del Tresor"},"content":{"rendered":"<p>La vida del jove Jim Hawkins va canviar el dia que un vell mariner de poques paraules i gran aficionat al rom, que es feia dir \u00abcapit\u00e0\u00bb, va decidir instal\u00b7lar-se a la posada dels seus pares. Tot i que l&#8217;aventura de deb\u00f2 comen\u00e7a realment quan Jim descobreix el mapa del tresor i coneix John Silver&#8230;<br \/>\nRobert Louis Stevenson va publicar \u00ab<em>L&#8217;Illa del Tresor<\/em>\u00bb el 1883 i, des de llavors, s\u2019ha convertit en la novel\u00b7la d&#8217;aventures per excel\u00b7l\u00e8ncia, en la qual s&#8217;han inspirat tots els autors que han conreat aquest g\u00e8nere literari. La magn\u00edfica traducci\u00f3 de Joan Ar\u00fas i les il\u00b7lustracions de Yorick fan que la lectura d&#8217;aquesta edici\u00f3 esdevingui un veritable plaer per a lectors de totes les edats.<\/p>\n<p>Il\u00b7lustraci\u00f3 de coberta: Albert Asensio<\/p>\n","protected":false},"excerpt":{"rendered":"La vida del jove Jim Hawkins va canviar el dia que un vell mariner de poques paraules i gran aficionat al rom, que es feia dir \u00abcapit\u00e0\u00bb, va decidir instal\u00b7lar-se a la posada dels seus pares. Tot i que l&#8217;aventura [&hellip;]","protected":false},"featured_media":18954,"template":"","meta":{"_acf_changed":false,"_exactmetrics_skip_tracking":false,"_exactmetrics_sitenote_active":false,"_exactmetrics_sitenote_note":"","_exactmetrics_sitenote_category":0},"product_brand":[],"product_cat":[897,1142,1143,892,1115,1118,1193,1119,1128],"product_tag":[],"coleccion":[915,980,926],"class_list":{"0":"post-18953","1":"product","2":"type-product","3":"status-publish","4":"has-post-thumbnail","6":"product_cat-a-partir-de-13-anos","7":"product_cat-aventura","8":"product_cat-barcos","9":"product_cat-edades","10":"product_cat-generos","11":"product_cat-literatura-clasica","12":"product_cat-mar-oceano","13":"product_cat-narrativa-juvenil","14":"product_cat-tematica","15":"coleccion-catala","16":"coleccion-colleccio-joventut","17":"coleccion-narrativa-juvenil","19":"first","20":"instock","21":"taxable","22":"shipping-taxable","23":"purchasable","24":"product-type-simple"},"acf":{"indice":"","autor":"STEVENSON, ROBERT L.","codart":"4533","ediciones":"1","encuadernacion":"Carton\u00e9","fecha_de_publicacion":"07\/05\/2018","novedad":"0","paginas":"296","subtitulo":"","texto_web_adicional":"","autores-libros":[16627],"ilustradores-libros":[35969],"texto_web_novedad":"","orden":"999","portada":"0","texto_web_resaltado":"","traductores-libros":[35971],"descripcion_corta":"","recomendamos":"","mas_vendido":"","idioma-libro":"","color":false,"formato":"","mas_informacion_del_producto":false,"premios":false,"texto_enlace_cubierta":"","enlace_cubierta":false,"texto_enlace_ficha_tecnica":"","enlace_ficha_tecnica":{"ID":26944,"id":26944,"title":"L'illa del tresor Fitxa","filename":"Lilla-del-tresor-Fitxa.pdf","filesize":217236,"url":"https:\/\/www.editorialjuventud.es\/wp-content\/uploads\/Lilla-del-tresor-Fitxa.pdf","link":"https:\/\/www.editorialjuventud.es\/ca\/?attachment_id=26944","alt":"","author":"47","description":"","caption":"","name":"lilla-del-tresor-fitxa","status":"inherit","uploaded_to":18953,"date":"2019-06-07 10:00:21","modified":"2019-06-07 10:00:21","menu_order":0,"mime_type":"application\/pdf","type":"application","subtype":"pdf","icon":"https:\/\/www.editorialjuventud.es\/wp-includes\/images\/media\/document.png"},"ficheros":false,"titulo-fr":"","texto-fr":"","fecha_de_reimpresion":""},"yoast_head":"<!-- This site is optimized with the Yoast SEO plugin v27.5 - https:\/\/yoast.com\/product\/yoast-seo-wordpress\/ -->\n<title>L&#039;Illa del Tresor - Editorial Juventud<\/title>\n<meta name=\"description\" content=\"La vida del jove Jim Hawkins va canviar el dia que un vell mariner de poques paraules i gran aficionat al rom, que es feia dir \u00abcapit\u00e0\u00bb, va decidir\" \/>\n<meta name=\"robots\" content=\"index, follow, max-snippet:-1, max-image-preview:large, max-video-preview:-1\" \/>\n<link rel=\"canonical\" href=\"https:\/\/www.editorialjuventud.es\/ca\/lilla-del-tresor-9788426145338\/\" \/>\n<meta property=\"og:locale\" content=\"ca_ES\" \/>\n<meta property=\"og:type\" content=\"article\" \/>\n<meta property=\"og:title\" content=\"L&#039;Illa del Tresor - Editorial Juventud\" \/>\n<meta property=\"og:description\" content=\"La vida del jove Jim Hawkins va canviar el dia que un vell mariner de poques paraules i gran aficionat al rom, que es feia dir \u00abcapit\u00e0\u00bb, va decidir\" \/>\n<meta property=\"og:url\" content=\"https:\/\/www.editorialjuventud.es\/ca\/lilla-del-tresor-9788426145338\/\" \/>\n<meta property=\"og:site_name\" content=\"Editorial Juventud\" \/>\n<meta property=\"article:modified_time\" content=\"2020-09-03T12:22:09+00:00\" \/>\n<meta property=\"og:image\" content=\"https:\/\/www.editorialjuventud.es\/wp-content\/uploads\/9788426145338.jpg\" \/>\n\t<meta property=\"og:image:width\" content=\"753\" \/>\n\t<meta property=\"og:image:height\" content=\"1200\" \/>\n\t<meta property=\"og:image:type\" content=\"image\/jpeg\" \/>\n<meta name=\"twitter:card\" content=\"summary_large_image\" \/>\n<meta name=\"twitter:label1\" content=\"Temps estimat de lectura\" \/>\n\t<meta name=\"twitter:data1\" content=\"1 minut\" \/>\n<script type=\"application\/ld+json\" class=\"yoast-schema-graph\">{\"@context\":\"https:\\\/\\\/schema.org\",\"@graph\":[{\"@type\":\"WebPage\",\"@id\":\"https:\\\/\\\/www.editorialjuventud.es\\\/ca\\\/lilla-del-tresor-9788426145338\\\/\",\"url\":\"https:\\\/\\\/www.editorialjuventud.es\\\/ca\\\/lilla-del-tresor-9788426145338\\\/\",\"name\":\"L'Illa del Tresor - Editorial Juventud\",\"isPartOf\":{\"@id\":\"https:\\\/\\\/www.editorialjuventud.es\\\/#website\"},\"primaryImageOfPage\":{\"@id\":\"https:\\\/\\\/www.editorialjuventud.es\\\/ca\\\/lilla-del-tresor-9788426145338\\\/#primaryimage\"},\"image\":{\"@id\":\"https:\\\/\\\/www.editorialjuventud.es\\\/ca\\\/lilla-del-tresor-9788426145338\\\/#primaryimage\"},\"thumbnailUrl\":\"https:\\\/\\\/www.editorialjuventud.es\\\/wp-content\\\/uploads\\\/9788426145338.jpg\",\"datePublished\":\"2018-10-26T07:33:59+00:00\",\"dateModified\":\"2020-09-03T12:22:09+00:00\",\"description\":\"La vida del jove Jim Hawkins va canviar el dia que un vell mariner de poques paraules i gran aficionat al rom, que es feia dir \u00abcapit\u00e0\u00bb, va decidir\",\"breadcrumb\":{\"@id\":\"https:\\\/\\\/www.editorialjuventud.es\\\/ca\\\/lilla-del-tresor-9788426145338\\\/#breadcrumb\"},\"inLanguage\":\"ca\",\"potentialAction\":[{\"@type\":\"ReadAction\",\"target\":[\"https:\\\/\\\/www.editorialjuventud.es\\\/ca\\\/lilla-del-tresor-9788426145338\\\/\"]}]},{\"@type\":\"ImageObject\",\"inLanguage\":\"ca\",\"@id\":\"https:\\\/\\\/www.editorialjuventud.es\\\/ca\\\/lilla-del-tresor-9788426145338\\\/#primaryimage\",\"url\":\"https:\\\/\\\/www.editorialjuventud.es\\\/wp-content\\\/uploads\\\/9788426145338.jpg\",\"contentUrl\":\"https:\\\/\\\/www.editorialjuventud.es\\\/wp-content\\\/uploads\\\/9788426145338.jpg\",\"width\":753,\"height\":1200,\"caption\":\"9788426145338.jpg\"},{\"@type\":\"BreadcrumbList\",\"@id\":\"https:\\\/\\\/www.editorialjuventud.es\\\/ca\\\/lilla-del-tresor-9788426145338\\\/#breadcrumb\",\"itemListElement\":[{\"@type\":\"ListItem\",\"position\":1,\"name\":\"Portada\",\"item\":\"https:\\\/\\\/www.editorialjuventud.es\\\/\"},{\"@type\":\"ListItem\",\"position\":2,\"name\":\"cat\u00e1logo\",\"item\":\"https:\\\/\\\/www.editorialjuventud.es\\\/coleccion\\\/catalogo\\\/\"},{\"@type\":\"ListItem\",\"position\":3,\"name\":\"catal\u00e0\",\"item\":\"https:\\\/\\\/www.editorialjuventud.es\\\/coleccion\\\/catala\\\/\"},{\"@type\":\"ListItem\",\"position\":4,\"name\":\"Narrativa Juvenil\",\"item\":\"https:\\\/\\\/www.editorialjuventud.es\\\/ca\\\/coleccion\\\/narrativa-juvenil\\\/\"},{\"@type\":\"ListItem\",\"position\":5,\"name\":\"Col\u00b7lecci\u00f3 Joventut\",\"item\":\"https:\\\/\\\/www.editorialjuventud.es\\\/ca\\\/coleccion\\\/col%c2%b7leccio-joventut\\\/\"},{\"@type\":\"ListItem\",\"position\":6,\"name\":\"L&#8217;Illa del Tresor\"}]},{\"@type\":\"WebSite\",\"@id\":\"https:\\\/\\\/www.editorialjuventud.es\\\/#website\",\"url\":\"https:\\\/\\\/www.editorialjuventud.es\\\/\",\"name\":\"Editorial Juventud\",\"description\":\"\",\"potentialAction\":[{\"@type\":\"SearchAction\",\"target\":{\"@type\":\"EntryPoint\",\"urlTemplate\":\"https:\\\/\\\/www.editorialjuventud.es\\\/?s={search_term_string}\"},\"query-input\":{\"@type\":\"PropertyValueSpecification\",\"valueRequired\":true,\"valueName\":\"search_term_string\"}}],\"inLanguage\":\"ca\"}]}<\/script>\n<!-- \/ Yoast SEO plugin. -->","yoast_head_json":{"title":"L'Illa del Tresor - Editorial Juventud","description":"La vida del jove Jim Hawkins va canviar el dia que un vell mariner de poques paraules i gran aficionat al rom, que es feia dir \u00abcapit\u00e0\u00bb, va decidir","robots":{"index":"index","follow":"follow","max-snippet":"max-snippet:-1","max-image-preview":"max-image-preview:large","max-video-preview":"max-video-preview:-1"},"canonical":"https:\/\/www.editorialjuventud.es\/ca\/lilla-del-tresor-9788426145338\/","og_locale":"ca_ES","og_type":"article","og_title":"L'Illa del Tresor - Editorial Juventud","og_description":"La vida del jove Jim Hawkins va canviar el dia que un vell mariner de poques paraules i gran aficionat al rom, que es feia dir \u00abcapit\u00e0\u00bb, va decidir","og_url":"https:\/\/www.editorialjuventud.es\/ca\/lilla-del-tresor-9788426145338\/","og_site_name":"Editorial Juventud","article_modified_time":"2020-09-03T12:22:09+00:00","og_image":[{"width":753,"height":1200,"url":"https:\/\/www.editorialjuventud.es\/wp-content\/uploads\/9788426145338.jpg","type":"image\/jpeg"}],"twitter_card":"summary_large_image","twitter_misc":{"Temps estimat de lectura":"1 minut"},"schema":{"@context":"https:\/\/schema.org","@graph":[{"@type":"WebPage","@id":"https:\/\/www.editorialjuventud.es\/ca\/lilla-del-tresor-9788426145338\/","url":"https:\/\/www.editorialjuventud.es\/ca\/lilla-del-tresor-9788426145338\/","name":"L'Illa del Tresor - Editorial Juventud","isPartOf":{"@id":"https:\/\/www.editorialjuventud.es\/#website"},"primaryImageOfPage":{"@id":"https:\/\/www.editorialjuventud.es\/ca\/lilla-del-tresor-9788426145338\/#primaryimage"},"image":{"@id":"https:\/\/www.editorialjuventud.es\/ca\/lilla-del-tresor-9788426145338\/#primaryimage"},"thumbnailUrl":"https:\/\/www.editorialjuventud.es\/wp-content\/uploads\/9788426145338.jpg","datePublished":"2018-10-26T07:33:59+00:00","dateModified":"2020-09-03T12:22:09+00:00","description":"La vida del jove Jim Hawkins va canviar el dia que un vell mariner de poques paraules i gran aficionat al rom, que es feia dir \u00abcapit\u00e0\u00bb, va decidir","breadcrumb":{"@id":"https:\/\/www.editorialjuventud.es\/ca\/lilla-del-tresor-9788426145338\/#breadcrumb"},"inLanguage":"ca","potentialAction":[{"@type":"ReadAction","target":["https:\/\/www.editorialjuventud.es\/ca\/lilla-del-tresor-9788426145338\/"]}]},{"@type":"ImageObject","inLanguage":"ca","@id":"https:\/\/www.editorialjuventud.es\/ca\/lilla-del-tresor-9788426145338\/#primaryimage","url":"https:\/\/www.editorialjuventud.es\/wp-content\/uploads\/9788426145338.jpg","contentUrl":"https:\/\/www.editorialjuventud.es\/wp-content\/uploads\/9788426145338.jpg","width":753,"height":1200,"caption":"9788426145338.jpg"},{"@type":"BreadcrumbList","@id":"https:\/\/www.editorialjuventud.es\/ca\/lilla-del-tresor-9788426145338\/#breadcrumb","itemListElement":[{"@type":"ListItem","position":1,"name":"Portada","item":"https:\/\/www.editorialjuventud.es\/"},{"@type":"ListItem","position":2,"name":"cat\u00e1logo","item":"https:\/\/www.editorialjuventud.es\/coleccion\/catalogo\/"},{"@type":"ListItem","position":3,"name":"catal\u00e0","item":"https:\/\/www.editorialjuventud.es\/coleccion\/catala\/"},{"@type":"ListItem","position":4,"name":"Narrativa Juvenil","item":"https:\/\/www.editorialjuventud.es\/ca\/coleccion\/narrativa-juvenil\/"},{"@type":"ListItem","position":5,"name":"Col\u00b7lecci\u00f3 Joventut","item":"https:\/\/www.editorialjuventud.es\/ca\/coleccion\/col%c2%b7leccio-joventut\/"},{"@type":"ListItem","position":6,"name":"L&#8217;Illa del Tresor"}]},{"@type":"WebSite","@id":"https:\/\/www.editorialjuventud.es\/#website","url":"https:\/\/www.editorialjuventud.es\/","name":"Editorial Juventud","description":"","potentialAction":[{"@type":"SearchAction","target":{"@type":"EntryPoint","urlTemplate":"https:\/\/www.editorialjuventud.es\/?s={search_term_string}"},"query-input":{"@type":"PropertyValueSpecification","valueRequired":true,"valueName":"search_term_string"}}],"inLanguage":"ca"}]}},"_links":{"self":[{"href":"https:\/\/www.editorialjuventud.es\/ca\/wp-json\/wp\/v2\/product\/18953","targetHints":{"allow":["GET"]}}],"collection":[{"href":"https:\/\/www.editorialjuventud.es\/ca\/wp-json\/wp\/v2\/product"}],"about":[{"href":"https:\/\/www.editorialjuventud.es\/ca\/wp-json\/wp\/v2\/types\/product"}],"wp:featuredmedia":[{"embeddable":true,"href":"https:\/\/www.editorialjuventud.es\/ca\/wp-json\/wp\/v2\/media\/18954"}],"wp:attachment":[{"href":"https:\/\/www.editorialjuventud.es\/ca\/wp-json\/wp\/v2\/media?parent=18953"}],"wp:term":[{"taxonomy":"product_brand","embeddable":true,"href":"https:\/\/www.editorialjuventud.es\/ca\/wp-json\/wp\/v2\/product_brand?post=18953"},{"taxonomy":"product_cat","embeddable":true,"href":"https:\/\/www.editorialjuventud.es\/ca\/wp-json\/wp\/v2\/product_cat?post=18953"},{"taxonomy":"product_tag","embeddable":true,"href":"https:\/\/www.editorialjuventud.es\/ca\/wp-json\/wp\/v2\/product_tag?post=18953"},{"taxonomy":"coleccion","embeddable":true,"href":"https:\/\/www.editorialjuventud.es\/ca\/wp-json\/wp\/v2\/coleccion?post=18953"}],"curies":[{"name":"wp","href":"https:\/\/api.w.org\/{rel}","templated":true}]}}