{"id":18947,"date":"2018-10-26T09:33:17","date_gmt":"2018-10-26T07:33:17","guid":{"rendered":"http:\/\/www.editorialjuventud.es\/supernarval-i-medu-shock-9788426145260\/"},"modified":"2025-01-22T12:58:04","modified_gmt":"2025-01-22T11:58:04","slug":"supernarval-i-medu-shock-9788426145260","status":"publish","type":"product","link":"https:\/\/www.editorialjuventud.es\/ca\/supernarval-i-medu-shock-9788426145260\/","title":{"rendered":"Supernarval i Medu Shock"},"content":{"rendered":"<p>Ja tenim aqu\u00ed el segon llibre de Narval i Medu. Una magn\u00edfica s\u00e8rie perqu\u00e8 els m\u00e9s petits comencin a ser lectors aut\u00f2noms, descobrint algunes de les infinites curiositats del mar i contagiant-se de la m\u00e0gia d\u2019aquests entranyables personatges que no deixen ning\u00fa indiferent.<br \/>En aquesta ocasi\u00f3 Narval i Medu es converteixen en superherois, amb els seus supervestits, les seves identitats secretes i els seus superpoders! Per\u00f2, quin ser\u00e0 el superpoder de Narval? Gaudeix amb les aventures submarines d\u2019aquesta supercolla i les dels seus alteregos Supergofra i Megadol\u00e7a.<\/p>\n","protected":false},"excerpt":{"rendered":"Ja tenim aqu\u00ed el segon llibre de Narval i Medu. Una magn\u00edfica s\u00e8rie perqu\u00e8 els m\u00e9s petits comencin a ser lectors aut\u00f2noms, descobrint algunes de les infinites curiositats del mar i contagiant-se de la m\u00e0gia d\u2019aquests entranyables personatges que no [&hellip;]","protected":false},"featured_media":18948,"template":"","meta":{"_acf_changed":false,"_exactmetrics_skip_tracking":false,"_exactmetrics_sitenote_active":false,"_exactmetrics_sitenote_note":"","_exactmetrics_sitenote_category":0},"product_brand":[],"product_cat":[902,1136,1142,1127,1193],"product_tag":[],"coleccion":[977],"class_list":{"0":"post-18947","1":"product","2":"type-product","3":"status-publish","4":"has-post-thumbnail","6":"product_cat-a-partir-de-7-anos","7":"product_cat-amistad","8":"product_cat-aventura","9":"product_cat-comic","10":"product_cat-mar-oceano","11":"coleccion-llibres-de-narval-i-medu","13":"first","14":"instock","15":"taxable","16":"shipping-taxable","17":"purchasable","18":"product-type-simple"},"acf":{"indice":"","autor":"Clanton, Ben","codart":"4526","ediciones":"5","encuadernacion":"Carton\u00e9","fecha_de_publicacion":"01\/07\/2018","novedad":"0","paginas":"64","subtitulo":"","texto_web_adicional":"","autores-libros":[16284],"ilustradores-libros":[16284],"texto_web_novedad":"","orden":"999","portada":"0","texto_web_resaltado":"","traductores-libros":[58416,21449],"descripcion_corta":"","recomendamos":"","mas_vendido":"","color":false,"formato":"","mas_informacion_del_producto":false,"premios":false,"texto_enlace_cubierta":"","enlace_cubierta":{"ID":24747,"id":24747,"title":"COVER #2 CAT supernarval y MEDU SHOCK.indd","filename":"supernarval-i-medu-shock-cat-cover.jpg","filesize":82946,"url":"https:\/\/www.editorialjuventud.es\/wp-content\/uploads\/supernarval-i-medu-shock-cat-cover.jpg","link":"https:\/\/www.editorialjuventud.es\/ca\/?attachment_id=24747","alt":"","author":"47","description":"","caption":"","name":"cover-2-cat-supernarval-y-medu-shock-indd-3","status":"inherit","uploaded_to":18947,"date":"2019-04-26 07:37:26","modified":"2019-04-26 07:37:26","menu_order":0,"mime_type":"image\/jpeg","type":"image","subtype":"jpeg","icon":"https:\/\/www.editorialjuventud.es\/wp-includes\/images\/media\/default.png","width":477,"height":650,"sizes":{"thumbnail":"https:\/\/www.editorialjuventud.es\/wp-content\/uploads\/supernarval-i-medu-shock-cat-cover-200x200.jpg","thumbnail-width":200,"thumbnail-height":200,"medium":"https:\/\/www.editorialjuventud.es\/wp-content\/uploads\/supernarval-i-medu-shock-cat-cover.jpg","medium-width":477,"medium-height":650,"medium_large":"https:\/\/www.editorialjuventud.es\/wp-content\/uploads\/supernarval-i-medu-shock-cat-cover.jpg","medium_large-width":477,"medium_large-height":650,"large":"https:\/\/www.editorialjuventud.es\/wp-content\/uploads\/supernarval-i-medu-shock-cat-cover.jpg","large-width":477,"large-height":650,"1536x1536":"https:\/\/www.editorialjuventud.es\/wp-content\/uploads\/supernarval-i-medu-shock-cat-cover.jpg","1536x1536-width":477,"1536x1536-height":650,"2048x2048":"https:\/\/www.editorialjuventud.es\/wp-content\/uploads\/supernarval-i-medu-shock-cat-cover.jpg","2048x2048-width":477,"2048x2048-height":650,"woocommerce_thumbnail":"https:\/\/www.editorialjuventud.es\/wp-content\/uploads\/supernarval-i-medu-shock-cat-cover-350x477.jpg","woocommerce_thumbnail-width":350,"woocommerce_thumbnail-height":477,"woocommerce_single":"https:\/\/www.editorialjuventud.es\/wp-content\/uploads\/supernarval-i-medu-shock-cat-cover.jpg","woocommerce_single-width":477,"woocommerce_single-height":650,"woocommerce_gallery_thumbnail":"https:\/\/www.editorialjuventud.es\/wp-content\/uploads\/supernarval-i-medu-shock-cat-cover-100x100.jpg","woocommerce_gallery_thumbnail-width":100,"woocommerce_gallery_thumbnail-height":100,"ppec_logo_image_size":"https:\/\/www.editorialjuventud.es\/wp-content\/uploads\/supernarval-i-medu-shock-cat-cover.jpg","ppec_logo_image_size-width":44,"ppec_logo_image_size-height":60,"ppec_header_image_size":"https:\/\/www.editorialjuventud.es\/wp-content\/uploads\/supernarval-i-medu-shock-cat-cover.jpg","ppec_header_image_size-width":66,"ppec_header_image_size-height":90}},"texto_enlace_ficha_tecnica":"","enlace_ficha_tecnica":{"ID":24749,"id":24749,"title":"FITXA_Narval i Medu Shock_CAT","filename":"FITXA_Narval-i-Medu-Shock_CAT.pdf","filesize":1436526,"url":"https:\/\/www.editorialjuventud.es\/wp-content\/uploads\/FITXA_Narval-i-Medu-Shock_CAT.pdf","link":"https:\/\/www.editorialjuventud.es\/ca\/?attachment_id=24749","alt":"","author":"47","description":"","caption":"","name":"fitxa_narval-i-medu-shock_cat","status":"inherit","uploaded_to":18947,"date":"2019-04-26 07:37:39","modified":"2019-04-26 07:37:39","menu_order":0,"mime_type":"application\/pdf","type":"application","subtype":"pdf","icon":"https:\/\/www.editorialjuventud.es\/wp-includes\/images\/media\/document.png"},"ficheros":false,"titulo-fr":"","texto-fr":"","idioma-libro":"","fecha_de_reimpresion":"01\/11\/2022","deshabilitar_compra":[]},"yoast_head":"<!-- This site is optimized with the Yoast SEO plugin v27.3 - https:\/\/yoast.com\/product\/yoast-seo-wordpress\/ -->\n<title>Supernarval i Medu Shock - Editorial Juventud<\/title>\n<meta name=\"description\" content=\"Ja tenim aqu\u00ed el segon llibre de Narval i Medu. Una magn\u00edfica s\u00e8rie perqu\u00e8 els m\u00e9s petits comencin a ser lectors aut\u00f2noms, descobrint algunes de les\" \/>\n<meta name=\"robots\" content=\"index, follow, max-snippet:-1, max-image-preview:large, max-video-preview:-1\" \/>\n<link rel=\"canonical\" href=\"https:\/\/www.editorialjuventud.es\/supernarval-i-medu-shock-9788426145260\/\" \/>\n<meta property=\"og:locale\" content=\"ca_ES\" \/>\n<meta property=\"og:type\" content=\"article\" \/>\n<meta property=\"og:title\" content=\"Supernarval i Medu Shock - Editorial Juventud\" \/>\n<meta property=\"og:description\" content=\"Ja tenim aqu\u00ed el segon llibre de Narval i Medu. Una magn\u00edfica s\u00e8rie perqu\u00e8 els m\u00e9s petits comencin a ser lectors aut\u00f2noms, descobrint algunes de les\" \/>\n<meta property=\"og:url\" content=\"https:\/\/www.editorialjuventud.es\/supernarval-i-medu-shock-9788426145260\/\" \/>\n<meta property=\"og:site_name\" content=\"Editorial Juventud\" \/>\n<meta property=\"article:modified_time\" content=\"2025-01-22T11:58:04+00:00\" \/>\n<meta property=\"og:image\" content=\"https:\/\/www.editorialjuventud.es\/wp-content\/uploads\/9788426145260.jpg\" \/>\n\t<meta property=\"og:image:width\" content=\"477\" \/>\n\t<meta property=\"og:image:height\" content=\"650\" \/>\n\t<meta property=\"og:image:type\" content=\"image\/jpeg\" \/>\n<meta name=\"twitter:card\" content=\"summary_large_image\" \/>\n<script type=\"application\/ld+json\" class=\"yoast-schema-graph\">{\"@context\":\"https:\\\/\\\/schema.org\",\"@graph\":[{\"@type\":\"WebPage\",\"@id\":\"https:\\\/\\\/www.editorialjuventud.es\\\/supernarval-i-medu-shock-9788426145260\\\/\",\"url\":\"https:\\\/\\\/www.editorialjuventud.es\\\/supernarval-i-medu-shock-9788426145260\\\/\",\"name\":\"Supernarval i Medu Shock - Editorial Juventud\",\"isPartOf\":{\"@id\":\"https:\\\/\\\/www.editorialjuventud.es\\\/#website\"},\"primaryImageOfPage\":{\"@id\":\"https:\\\/\\\/www.editorialjuventud.es\\\/supernarval-i-medu-shock-9788426145260\\\/#primaryimage\"},\"image\":{\"@id\":\"https:\\\/\\\/www.editorialjuventud.es\\\/supernarval-i-medu-shock-9788426145260\\\/#primaryimage\"},\"thumbnailUrl\":\"https:\\\/\\\/www.editorialjuventud.es\\\/wp-content\\\/uploads\\\/9788426145260.jpg\",\"datePublished\":\"2018-10-26T07:33:17+00:00\",\"dateModified\":\"2025-01-22T11:58:04+00:00\",\"description\":\"Ja tenim aqu\u00ed el segon llibre de Narval i Medu. Una magn\u00edfica s\u00e8rie perqu\u00e8 els m\u00e9s petits comencin a ser lectors aut\u00f2noms, descobrint algunes de les\",\"breadcrumb\":{\"@id\":\"https:\\\/\\\/www.editorialjuventud.es\\\/supernarval-i-medu-shock-9788426145260\\\/#breadcrumb\"},\"inLanguage\":\"ca\",\"potentialAction\":[{\"@type\":\"ReadAction\",\"target\":[\"https:\\\/\\\/www.editorialjuventud.es\\\/supernarval-i-medu-shock-9788426145260\\\/\"]}]},{\"@type\":\"ImageObject\",\"inLanguage\":\"ca\",\"@id\":\"https:\\\/\\\/www.editorialjuventud.es\\\/supernarval-i-medu-shock-9788426145260\\\/#primaryimage\",\"url\":\"https:\\\/\\\/www.editorialjuventud.es\\\/wp-content\\\/uploads\\\/9788426145260.jpg\",\"contentUrl\":\"https:\\\/\\\/www.editorialjuventud.es\\\/wp-content\\\/uploads\\\/9788426145260.jpg\",\"width\":477,\"height\":650,\"caption\":\"9788426145260.jpg\"},{\"@type\":\"BreadcrumbList\",\"@id\":\"https:\\\/\\\/www.editorialjuventud.es\\\/supernarval-i-medu-shock-9788426145260\\\/#breadcrumb\",\"itemListElement\":[{\"@type\":\"ListItem\",\"position\":1,\"name\":\"Portada\",\"item\":\"https:\\\/\\\/www.editorialjuventud.es\\\/\"},{\"@type\":\"ListItem\",\"position\":2,\"name\":\"cat\u00e1logo\",\"item\":\"https:\\\/\\\/www.editorialjuventud.es\\\/coleccion\\\/catalogo\\\/\"},{\"@type\":\"ListItem\",\"position\":3,\"name\":\"catal\u00e0\",\"item\":\"https:\\\/\\\/www.editorialjuventud.es\\\/coleccion\\\/catala\\\/\"},{\"@type\":\"ListItem\",\"position\":4,\"name\":\"Joventut C\u00f2mic\",\"item\":\"https:\\\/\\\/www.editorialjuventud.es\\\/ca\\\/coleccion\\\/joventut-comic\\\/\"},{\"@type\":\"ListItem\",\"position\":5,\"name\":\"Llibres de Narval i Medu\",\"item\":\"https:\\\/\\\/www.editorialjuventud.es\\\/ca\\\/coleccion\\\/llibres-de-narval-i-medu\\\/\"},{\"@type\":\"ListItem\",\"position\":6,\"name\":\"Supernarval i Medu Shock\"}]},{\"@type\":\"WebSite\",\"@id\":\"https:\\\/\\\/www.editorialjuventud.es\\\/#website\",\"url\":\"https:\\\/\\\/www.editorialjuventud.es\\\/\",\"name\":\"Editorial Juventud\",\"description\":\"\",\"potentialAction\":[{\"@type\":\"SearchAction\",\"target\":{\"@type\":\"EntryPoint\",\"urlTemplate\":\"https:\\\/\\\/www.editorialjuventud.es\\\/?s={search_term_string}\"},\"query-input\":{\"@type\":\"PropertyValueSpecification\",\"valueRequired\":true,\"valueName\":\"search_term_string\"}}],\"inLanguage\":\"ca\"}]}<\/script>\n<!-- \/ Yoast SEO plugin. -->","yoast_head_json":{"title":"Supernarval i Medu Shock - Editorial Juventud","description":"Ja tenim aqu\u00ed el segon llibre de Narval i Medu. Una magn\u00edfica s\u00e8rie perqu\u00e8 els m\u00e9s petits comencin a ser lectors aut\u00f2noms, descobrint algunes de les","robots":{"index":"index","follow":"follow","max-snippet":"max-snippet:-1","max-image-preview":"max-image-preview:large","max-video-preview":"max-video-preview:-1"},"canonical":"https:\/\/www.editorialjuventud.es\/supernarval-i-medu-shock-9788426145260\/","og_locale":"ca_ES","og_type":"article","og_title":"Supernarval i Medu Shock - Editorial Juventud","og_description":"Ja tenim aqu\u00ed el segon llibre de Narval i Medu. Una magn\u00edfica s\u00e8rie perqu\u00e8 els m\u00e9s petits comencin a ser lectors aut\u00f2noms, descobrint algunes de les","og_url":"https:\/\/www.editorialjuventud.es\/supernarval-i-medu-shock-9788426145260\/","og_site_name":"Editorial Juventud","article_modified_time":"2025-01-22T11:58:04+00:00","og_image":[{"width":477,"height":650,"url":"https:\/\/www.editorialjuventud.es\/wp-content\/uploads\/9788426145260.jpg","type":"image\/jpeg"}],"twitter_card":"summary_large_image","schema":{"@context":"https:\/\/schema.org","@graph":[{"@type":"WebPage","@id":"https:\/\/www.editorialjuventud.es\/supernarval-i-medu-shock-9788426145260\/","url":"https:\/\/www.editorialjuventud.es\/supernarval-i-medu-shock-9788426145260\/","name":"Supernarval i Medu Shock - Editorial Juventud","isPartOf":{"@id":"https:\/\/www.editorialjuventud.es\/#website"},"primaryImageOfPage":{"@id":"https:\/\/www.editorialjuventud.es\/supernarval-i-medu-shock-9788426145260\/#primaryimage"},"image":{"@id":"https:\/\/www.editorialjuventud.es\/supernarval-i-medu-shock-9788426145260\/#primaryimage"},"thumbnailUrl":"https:\/\/www.editorialjuventud.es\/wp-content\/uploads\/9788426145260.jpg","datePublished":"2018-10-26T07:33:17+00:00","dateModified":"2025-01-22T11:58:04+00:00","description":"Ja tenim aqu\u00ed el segon llibre de Narval i Medu. Una magn\u00edfica s\u00e8rie perqu\u00e8 els m\u00e9s petits comencin a ser lectors aut\u00f2noms, descobrint algunes de les","breadcrumb":{"@id":"https:\/\/www.editorialjuventud.es\/supernarval-i-medu-shock-9788426145260\/#breadcrumb"},"inLanguage":"ca","potentialAction":[{"@type":"ReadAction","target":["https:\/\/www.editorialjuventud.es\/supernarval-i-medu-shock-9788426145260\/"]}]},{"@type":"ImageObject","inLanguage":"ca","@id":"https:\/\/www.editorialjuventud.es\/supernarval-i-medu-shock-9788426145260\/#primaryimage","url":"https:\/\/www.editorialjuventud.es\/wp-content\/uploads\/9788426145260.jpg","contentUrl":"https:\/\/www.editorialjuventud.es\/wp-content\/uploads\/9788426145260.jpg","width":477,"height":650,"caption":"9788426145260.jpg"},{"@type":"BreadcrumbList","@id":"https:\/\/www.editorialjuventud.es\/supernarval-i-medu-shock-9788426145260\/#breadcrumb","itemListElement":[{"@type":"ListItem","position":1,"name":"Portada","item":"https:\/\/www.editorialjuventud.es\/"},{"@type":"ListItem","position":2,"name":"cat\u00e1logo","item":"https:\/\/www.editorialjuventud.es\/coleccion\/catalogo\/"},{"@type":"ListItem","position":3,"name":"catal\u00e0","item":"https:\/\/www.editorialjuventud.es\/coleccion\/catala\/"},{"@type":"ListItem","position":4,"name":"Joventut C\u00f2mic","item":"https:\/\/www.editorialjuventud.es\/ca\/coleccion\/joventut-comic\/"},{"@type":"ListItem","position":5,"name":"Llibres de Narval i Medu","item":"https:\/\/www.editorialjuventud.es\/ca\/coleccion\/llibres-de-narval-i-medu\/"},{"@type":"ListItem","position":6,"name":"Supernarval i Medu Shock"}]},{"@type":"WebSite","@id":"https:\/\/www.editorialjuventud.es\/#website","url":"https:\/\/www.editorialjuventud.es\/","name":"Editorial Juventud","description":"","potentialAction":[{"@type":"SearchAction","target":{"@type":"EntryPoint","urlTemplate":"https:\/\/www.editorialjuventud.es\/?s={search_term_string}"},"query-input":{"@type":"PropertyValueSpecification","valueRequired":true,"valueName":"search_term_string"}}],"inLanguage":"ca"}]}},"_links":{"self":[{"href":"https:\/\/www.editorialjuventud.es\/ca\/wp-json\/wp\/v2\/product\/18947","targetHints":{"allow":["GET"]}}],"collection":[{"href":"https:\/\/www.editorialjuventud.es\/ca\/wp-json\/wp\/v2\/product"}],"about":[{"href":"https:\/\/www.editorialjuventud.es\/ca\/wp-json\/wp\/v2\/types\/product"}],"wp:featuredmedia":[{"embeddable":true,"href":"https:\/\/www.editorialjuventud.es\/ca\/wp-json\/wp\/v2\/media\/18948"}],"wp:attachment":[{"href":"https:\/\/www.editorialjuventud.es\/ca\/wp-json\/wp\/v2\/media?parent=18947"}],"wp:term":[{"taxonomy":"product_brand","embeddable":true,"href":"https:\/\/www.editorialjuventud.es\/ca\/wp-json\/wp\/v2\/product_brand?post=18947"},{"taxonomy":"product_cat","embeddable":true,"href":"https:\/\/www.editorialjuventud.es\/ca\/wp-json\/wp\/v2\/product_cat?post=18947"},{"taxonomy":"product_tag","embeddable":true,"href":"https:\/\/www.editorialjuventud.es\/ca\/wp-json\/wp\/v2\/product_tag?post=18947"},{"taxonomy":"coleccion","embeddable":true,"href":"https:\/\/www.editorialjuventud.es\/ca\/wp-json\/wp\/v2\/coleccion?post=18947"}],"curies":[{"name":"wp","href":"https:\/\/api.w.org\/{rel}","templated":true}]}}