{"id":18941,"date":"2018-10-26T11:32:32","date_gmt":"2018-10-26T07:32:32","guid":{"rendered":"http:\/\/www.editorialjuventud.es\/aquest-llibre-es-magic-9788426145246\/"},"modified":"2024-04-03T13:47:10","modified_gmt":"2024-04-03T11:47:10","slug":"aquest-llibre-es-magic-9788426145246","status":"publish","type":"product","link":"https:\/\/www.editorialjuventud.es\/ca\/aquest-llibre-es-magic-9788426145246\/","title":{"rendered":"Aquest llibre \u00e9s m\u00e0gic"},"content":{"rendered":"<p>Tens poders m\u00e0gics, ho sabies? Amb un sol dit podr\u00e0s realitzar trucs de m\u00e0gia incre\u00efbles en aquest llibre sorprenent. Dona uns tocs m\u00e0gics a un barret perqu\u00e8 en surti un conill; pronuncia un encanteri per convertir una granota en princesa, mou el dit i fes desapar\u00e8ixer un vaixell&#8230; Per\u00f2, ves amb compte: els trucs de m\u00e0gia no sempre surten com s\u2019espera!<br \/>\nRememorant els jocs de m\u00e0gia que tothom ha vist alguna vegada, grans i petits podran llegir i rellegir aquest llibre una vegada i una altra a mesura que vagin perfeccionant les seves habilitats m\u00e0giques.<\/p>\n","protected":false},"excerpt":{"rendered":"Tens poders m\u00e0gics, ho sabies? Amb un sol dit podr\u00e0s realitzar trucs de m\u00e0gia incre\u00efbles en aquest llibre sorprenent. Dona uns tocs m\u00e0gics a un barret perqu\u00e8 en surti un conill; pronuncia un encanteri per convertir una granota en princesa, [&hellip;]","protected":false},"featured_media":18942,"template":"","meta":{"_acf_changed":false,"_exactmetrics_skip_tracking":false,"_exactmetrics_sitenote_active":false,"_exactmetrics_sitenote_note":"","_exactmetrics_sitenote_category":0},"product_brand":[],"product_cat":[899,1121,892,1115,1291,1292,1128],"product_tag":[],"coleccion":[917,915,951],"class_list":{"0":"post-18941","1":"product","2":"type-product","3":"status-publish","4":"has-post-thumbnail","6":"product_cat-a-partir-de-3-anos","7":"product_cat-albumes-ilustrados","8":"product_cat-edades","9":"product_cat-generos","10":"product_cat-libro-juego","11":"product_cat-magia","12":"product_cat-tematica","13":"coleccion-albums-illustrats","14":"coleccion-catala","15":"coleccion-els-meus-primers-contes","17":"first","18":"instock","19":"taxable","20":"shipping-taxable","21":"purchasable","22":"product-type-simple"},"acf":{"indice":"","autor":"EVANSON, ASHLEY","codart":"4524","ediciones":"1","encuadernacion":"Carton\u00e9","fecha_de_publicacion":"07\/05\/2018","novedad":"0","paginas":"32","subtitulo":"","texto_web_adicional":"","autores-libros":[80227],"ilustradores-libros":[80227],"texto_web_novedad":"","orden":"999","portada":"0","texto_web_resaltado":"","traductores-libros":"","descripcion_corta":"","recomendamos":"","mas_vendido":"","idioma-libro":"","color":false,"formato":"","mas_informacion_del_producto":false,"premios":false,"texto_enlace_cubierta":"","enlace_cubierta":{"ID":24224,"id":24224,"title":"aquest_llibre_es_magic_cat_cover_300","filename":"aquest_llibre_es_magic_cat_cover_300.jpg","filesize":417722,"url":"https:\/\/www.editorialjuventud.es\/wp-content\/uploads\/aquest_llibre_es_magic_cat_cover_300.jpg","link":"https:\/\/www.editorialjuventud.es\/ca\/?attachment_id=24224","alt":"","author":"47","description":"","caption":"","name":"aquest_llibre_es_magic_cat_cover_300","status":"inherit","uploaded_to":18941,"date":"2019-04-15 17:28:48","modified":"2019-04-15 17:28:48","menu_order":0,"mime_type":"image\/jpeg","type":"image","subtype":"jpeg","icon":"https:\/\/www.editorialjuventud.es\/wp-includes\/images\/media\/default.png","width":2794,"height":2946,"sizes":{"thumbnail":"https:\/\/www.editorialjuventud.es\/wp-content\/uploads\/aquest_llibre_es_magic_cat_cover_300-200x200.jpg","thumbnail-width":200,"thumbnail-height":200,"medium":"https:\/\/www.editorialjuventud.es\/wp-content\/uploads\/aquest_llibre_es_magic_cat_cover_300.jpg","medium-width":2794,"medium-height":2946,"medium_large":"https:\/\/www.editorialjuventud.es\/wp-content\/uploads\/aquest_llibre_es_magic_cat_cover_300-768x810.jpg","medium_large-width":768,"medium_large-height":810,"large":"https:\/\/www.editorialjuventud.es\/wp-content\/uploads\/aquest_llibre_es_magic_cat_cover_300.jpg","large-width":2794,"large-height":2946,"1536x1536":"https:\/\/www.editorialjuventud.es\/wp-content\/uploads\/aquest_llibre_es_magic_cat_cover_300.jpg","1536x1536-width":1457,"1536x1536-height":1536,"2048x2048":"https:\/\/www.editorialjuventud.es\/wp-content\/uploads\/aquest_llibre_es_magic_cat_cover_300.jpg","2048x2048-width":1942,"2048x2048-height":2048,"woocommerce_thumbnail":"https:\/\/www.editorialjuventud.es\/wp-content\/uploads\/aquest_llibre_es_magic_cat_cover_300-350x369.jpg","woocommerce_thumbnail-width":350,"woocommerce_thumbnail-height":369,"woocommerce_single":"https:\/\/www.editorialjuventud.es\/wp-content\/uploads\/aquest_llibre_es_magic_cat_cover_300-900x949.jpg","woocommerce_single-width":900,"woocommerce_single-height":949,"woocommerce_gallery_thumbnail":"https:\/\/www.editorialjuventud.es\/wp-content\/uploads\/aquest_llibre_es_magic_cat_cover_300-100x100.jpg","woocommerce_gallery_thumbnail-width":100,"woocommerce_gallery_thumbnail-height":100,"ppec_logo_image_size":"https:\/\/www.editorialjuventud.es\/wp-content\/uploads\/aquest_llibre_es_magic_cat_cover_300.jpg","ppec_logo_image_size-width":57,"ppec_logo_image_size-height":60,"ppec_header_image_size":"https:\/\/www.editorialjuventud.es\/wp-content\/uploads\/aquest_llibre_es_magic_cat_cover_300.jpg","ppec_header_image_size-width":85,"ppec_header_image_size-height":90}},"texto_enlace_ficha_tecnica":"","enlace_ficha_tecnica":{"ID":24226,"id":24226,"title":"Aquest llibre es magic Fitxa","filename":"Aquest-llibre-es-magic-Fitxa.pdf","filesize":432975,"url":"https:\/\/www.editorialjuventud.es\/wp-content\/uploads\/Aquest-llibre-es-magic-Fitxa.pdf","link":"https:\/\/www.editorialjuventud.es\/ca\/?attachment_id=24226","alt":"","author":"47","description":"","caption":"","name":"aquest-llibre-es-magic-fitxa","status":"inherit","uploaded_to":18941,"date":"2019-04-15 17:29:01","modified":"2019-04-15 17:29:01","menu_order":0,"mime_type":"application\/pdf","type":"application","subtype":"pdf","icon":"https:\/\/www.editorialjuventud.es\/wp-includes\/images\/media\/document.png"},"ficheros":false,"titulo-fr":"","texto-fr":""},"yoast_head":"<!-- This site is optimized with the Yoast SEO plugin v27.3 - https:\/\/yoast.com\/product\/yoast-seo-wordpress\/ -->\n<title>Aquest llibre \u00e9s m\u00e0gic - Editorial Juventud<\/title>\n<meta name=\"description\" content=\"Tens poders m\u00e0gics, ho sabies? Amb un sol dit podr\u00e0s realitzar trucs de m\u00e0gia incre\u00efbles en aquest llibre sorprenent. Dona uns tocs m\u00e0gics a un barret\" \/>\n<meta name=\"robots\" content=\"index, follow, max-snippet:-1, max-image-preview:large, max-video-preview:-1\" \/>\n<link rel=\"canonical\" href=\"https:\/\/www.editorialjuventud.es\/aquest-llibre-es-magic-9788426145246\/\" \/>\n<meta property=\"og:locale\" content=\"ca_ES\" \/>\n<meta property=\"og:type\" content=\"article\" \/>\n<meta property=\"og:title\" content=\"Aquest llibre \u00e9s m\u00e0gic - Editorial Juventud\" \/>\n<meta property=\"og:description\" content=\"Tens poders m\u00e0gics, ho sabies? Amb un sol dit podr\u00e0s realitzar trucs de m\u00e0gia incre\u00efbles en aquest llibre sorprenent. Dona uns tocs m\u00e0gics a un barret\" \/>\n<meta property=\"og:url\" content=\"https:\/\/www.editorialjuventud.es\/aquest-llibre-es-magic-9788426145246\/\" \/>\n<meta property=\"og:site_name\" content=\"Editorial Juventud\" \/>\n<meta property=\"article:modified_time\" content=\"2024-04-03T11:47:10+00:00\" \/>\n<meta property=\"og:image\" content=\"https:\/\/www.editorialjuventud.es\/wp-content\/uploads\/9788426145246.jpg\" \/>\n\t<meta property=\"og:image:width\" content=\"2794\" \/>\n\t<meta property=\"og:image:height\" content=\"2946\" \/>\n\t<meta property=\"og:image:type\" content=\"image\/jpeg\" \/>\n<meta name=\"twitter:card\" content=\"summary_large_image\" \/>\n<meta name=\"twitter:label1\" content=\"Temps estimat de lectura\" \/>\n\t<meta name=\"twitter:data1\" content=\"1 minut\" \/>\n<script type=\"application\/ld+json\" class=\"yoast-schema-graph\">{\"@context\":\"https:\\\/\\\/schema.org\",\"@graph\":[{\"@type\":\"WebPage\",\"@id\":\"https:\\\/\\\/www.editorialjuventud.es\\\/aquest-llibre-es-magic-9788426145246\\\/\",\"url\":\"https:\\\/\\\/www.editorialjuventud.es\\\/aquest-llibre-es-magic-9788426145246\\\/\",\"name\":\"Aquest llibre \u00e9s m\u00e0gic - Editorial Juventud\",\"isPartOf\":{\"@id\":\"https:\\\/\\\/www.editorialjuventud.es\\\/#website\"},\"primaryImageOfPage\":{\"@id\":\"https:\\\/\\\/www.editorialjuventud.es\\\/aquest-llibre-es-magic-9788426145246\\\/#primaryimage\"},\"image\":{\"@id\":\"https:\\\/\\\/www.editorialjuventud.es\\\/aquest-llibre-es-magic-9788426145246\\\/#primaryimage\"},\"thumbnailUrl\":\"https:\\\/\\\/www.editorialjuventud.es\\\/wp-content\\\/uploads\\\/9788426145246.jpg\",\"datePublished\":\"2018-10-26T07:32:32+00:00\",\"dateModified\":\"2024-04-03T11:47:10+00:00\",\"description\":\"Tens poders m\u00e0gics, ho sabies? Amb un sol dit podr\u00e0s realitzar trucs de m\u00e0gia incre\u00efbles en aquest llibre sorprenent. Dona uns tocs m\u00e0gics a un barret\",\"breadcrumb\":{\"@id\":\"https:\\\/\\\/www.editorialjuventud.es\\\/aquest-llibre-es-magic-9788426145246\\\/#breadcrumb\"},\"inLanguage\":\"ca\",\"potentialAction\":[{\"@type\":\"ReadAction\",\"target\":[\"https:\\\/\\\/www.editorialjuventud.es\\\/aquest-llibre-es-magic-9788426145246\\\/\"]}]},{\"@type\":\"ImageObject\",\"inLanguage\":\"ca\",\"@id\":\"https:\\\/\\\/www.editorialjuventud.es\\\/aquest-llibre-es-magic-9788426145246\\\/#primaryimage\",\"url\":\"https:\\\/\\\/www.editorialjuventud.es\\\/wp-content\\\/uploads\\\/9788426145246.jpg\",\"contentUrl\":\"https:\\\/\\\/www.editorialjuventud.es\\\/wp-content\\\/uploads\\\/9788426145246.jpg\",\"width\":2794,\"height\":2946,\"caption\":\"9788426145246.jpg\"},{\"@type\":\"BreadcrumbList\",\"@id\":\"https:\\\/\\\/www.editorialjuventud.es\\\/aquest-llibre-es-magic-9788426145246\\\/#breadcrumb\",\"itemListElement\":[{\"@type\":\"ListItem\",\"position\":1,\"name\":\"Portada\",\"item\":\"https:\\\/\\\/www.editorialjuventud.es\\\/\"},{\"@type\":\"ListItem\",\"position\":2,\"name\":\"cat\u00e1logo\",\"item\":\"https:\\\/\\\/www.editorialjuventud.es\\\/coleccion\\\/catalogo\\\/\"},{\"@type\":\"ListItem\",\"position\":3,\"name\":\"catal\u00e0\",\"item\":\"https:\\\/\\\/www.editorialjuventud.es\\\/coleccion\\\/catala\\\/\"},{\"@type\":\"ListItem\",\"position\":4,\"name\":\"Aquest llibre \u00e9s m\u00e0gic\"}]},{\"@type\":\"WebSite\",\"@id\":\"https:\\\/\\\/www.editorialjuventud.es\\\/#website\",\"url\":\"https:\\\/\\\/www.editorialjuventud.es\\\/\",\"name\":\"Editorial Juventud\",\"description\":\"\",\"potentialAction\":[{\"@type\":\"SearchAction\",\"target\":{\"@type\":\"EntryPoint\",\"urlTemplate\":\"https:\\\/\\\/www.editorialjuventud.es\\\/?s={search_term_string}\"},\"query-input\":{\"@type\":\"PropertyValueSpecification\",\"valueRequired\":true,\"valueName\":\"search_term_string\"}}],\"inLanguage\":\"ca\"}]}<\/script>\n<!-- \/ Yoast SEO plugin. -->","yoast_head_json":{"title":"Aquest llibre \u00e9s m\u00e0gic - Editorial Juventud","description":"Tens poders m\u00e0gics, ho sabies? Amb un sol dit podr\u00e0s realitzar trucs de m\u00e0gia incre\u00efbles en aquest llibre sorprenent. Dona uns tocs m\u00e0gics a un barret","robots":{"index":"index","follow":"follow","max-snippet":"max-snippet:-1","max-image-preview":"max-image-preview:large","max-video-preview":"max-video-preview:-1"},"canonical":"https:\/\/www.editorialjuventud.es\/aquest-llibre-es-magic-9788426145246\/","og_locale":"ca_ES","og_type":"article","og_title":"Aquest llibre \u00e9s m\u00e0gic - Editorial Juventud","og_description":"Tens poders m\u00e0gics, ho sabies? Amb un sol dit podr\u00e0s realitzar trucs de m\u00e0gia incre\u00efbles en aquest llibre sorprenent. Dona uns tocs m\u00e0gics a un barret","og_url":"https:\/\/www.editorialjuventud.es\/aquest-llibre-es-magic-9788426145246\/","og_site_name":"Editorial Juventud","article_modified_time":"2024-04-03T11:47:10+00:00","og_image":[{"width":2794,"height":2946,"url":"https:\/\/www.editorialjuventud.es\/wp-content\/uploads\/9788426145246.jpg","type":"image\/jpeg"}],"twitter_card":"summary_large_image","twitter_misc":{"Temps estimat de lectura":"1 minut"},"schema":{"@context":"https:\/\/schema.org","@graph":[{"@type":"WebPage","@id":"https:\/\/www.editorialjuventud.es\/aquest-llibre-es-magic-9788426145246\/","url":"https:\/\/www.editorialjuventud.es\/aquest-llibre-es-magic-9788426145246\/","name":"Aquest llibre \u00e9s m\u00e0gic - Editorial Juventud","isPartOf":{"@id":"https:\/\/www.editorialjuventud.es\/#website"},"primaryImageOfPage":{"@id":"https:\/\/www.editorialjuventud.es\/aquest-llibre-es-magic-9788426145246\/#primaryimage"},"image":{"@id":"https:\/\/www.editorialjuventud.es\/aquest-llibre-es-magic-9788426145246\/#primaryimage"},"thumbnailUrl":"https:\/\/www.editorialjuventud.es\/wp-content\/uploads\/9788426145246.jpg","datePublished":"2018-10-26T07:32:32+00:00","dateModified":"2024-04-03T11:47:10+00:00","description":"Tens poders m\u00e0gics, ho sabies? Amb un sol dit podr\u00e0s realitzar trucs de m\u00e0gia incre\u00efbles en aquest llibre sorprenent. Dona uns tocs m\u00e0gics a un barret","breadcrumb":{"@id":"https:\/\/www.editorialjuventud.es\/aquest-llibre-es-magic-9788426145246\/#breadcrumb"},"inLanguage":"ca","potentialAction":[{"@type":"ReadAction","target":["https:\/\/www.editorialjuventud.es\/aquest-llibre-es-magic-9788426145246\/"]}]},{"@type":"ImageObject","inLanguage":"ca","@id":"https:\/\/www.editorialjuventud.es\/aquest-llibre-es-magic-9788426145246\/#primaryimage","url":"https:\/\/www.editorialjuventud.es\/wp-content\/uploads\/9788426145246.jpg","contentUrl":"https:\/\/www.editorialjuventud.es\/wp-content\/uploads\/9788426145246.jpg","width":2794,"height":2946,"caption":"9788426145246.jpg"},{"@type":"BreadcrumbList","@id":"https:\/\/www.editorialjuventud.es\/aquest-llibre-es-magic-9788426145246\/#breadcrumb","itemListElement":[{"@type":"ListItem","position":1,"name":"Portada","item":"https:\/\/www.editorialjuventud.es\/"},{"@type":"ListItem","position":2,"name":"cat\u00e1logo","item":"https:\/\/www.editorialjuventud.es\/coleccion\/catalogo\/"},{"@type":"ListItem","position":3,"name":"catal\u00e0","item":"https:\/\/www.editorialjuventud.es\/coleccion\/catala\/"},{"@type":"ListItem","position":4,"name":"Aquest llibre \u00e9s m\u00e0gic"}]},{"@type":"WebSite","@id":"https:\/\/www.editorialjuventud.es\/#website","url":"https:\/\/www.editorialjuventud.es\/","name":"Editorial Juventud","description":"","potentialAction":[{"@type":"SearchAction","target":{"@type":"EntryPoint","urlTemplate":"https:\/\/www.editorialjuventud.es\/?s={search_term_string}"},"query-input":{"@type":"PropertyValueSpecification","valueRequired":true,"valueName":"search_term_string"}}],"inLanguage":"ca"}]}},"_links":{"self":[{"href":"https:\/\/www.editorialjuventud.es\/ca\/wp-json\/wp\/v2\/product\/18941","targetHints":{"allow":["GET"]}}],"collection":[{"href":"https:\/\/www.editorialjuventud.es\/ca\/wp-json\/wp\/v2\/product"}],"about":[{"href":"https:\/\/www.editorialjuventud.es\/ca\/wp-json\/wp\/v2\/types\/product"}],"wp:featuredmedia":[{"embeddable":true,"href":"https:\/\/www.editorialjuventud.es\/ca\/wp-json\/wp\/v2\/media\/18942"}],"wp:attachment":[{"href":"https:\/\/www.editorialjuventud.es\/ca\/wp-json\/wp\/v2\/media?parent=18941"}],"wp:term":[{"taxonomy":"product_brand","embeddable":true,"href":"https:\/\/www.editorialjuventud.es\/ca\/wp-json\/wp\/v2\/product_brand?post=18941"},{"taxonomy":"product_cat","embeddable":true,"href":"https:\/\/www.editorialjuventud.es\/ca\/wp-json\/wp\/v2\/product_cat?post=18941"},{"taxonomy":"product_tag","embeddable":true,"href":"https:\/\/www.editorialjuventud.es\/ca\/wp-json\/wp\/v2\/product_tag?post=18941"},{"taxonomy":"coleccion","embeddable":true,"href":"https:\/\/www.editorialjuventud.es\/ca\/wp-json\/wp\/v2\/coleccion?post=18941"}],"curies":[{"name":"wp","href":"https:\/\/api.w.org\/{rel}","templated":true}]}}