{"id":18935,"date":"2018-10-26T09:31:53","date_gmt":"2018-10-26T07:31:53","guid":{"rendered":"http:\/\/www.editorialjuventud.es\/com-construir-un-germa-9788426145222\/"},"modified":"2025-01-22T12:58:28","modified_gmt":"2025-01-22T11:58:28","slug":"com-construir-un-germa-gran-9788426145222","status":"publish","type":"product","link":"https:\/\/www.editorialjuventud.es\/ca\/com-construir-un-germa-gran-9788426145222\/","title":{"rendered":"Com construir un germ\u00e0 gran"},"content":{"rendered":"<p>Qu\u00e8 pots fer si vols un germ\u00e0 gran i el vols ara mateix? Doncs, construir-ne un, naturalment!, i aprofitar l\u2019ocasi\u00f3 per aprendre, pas a pas, com funciona el cos hum\u00e0. La Zuza sap exactament com vol que sigui el seu germ\u00e0 gran, i el construir\u00e0 amb l\u2019ajuda dels seus amics i d\u2019una enciclop\u00e8dia, fent servir fustes per als ossos, cinta el\u00e0stica per als lligaments, qu\u00e8txup per a sang&#8230; Per\u00f2 un cop estigui enllestit, com aconseguir\u00e0 fer que es mogui i que parli?<br \/>Un \u00e0lbum d\u2019anatomia i bricolatge!<\/p>\n","protected":false},"excerpt":{"rendered":"Qu\u00e8 pots fer si vols un germ\u00e0 gran i el vols ara mateix? Doncs, construir-ne un, naturalment!, i aprofitar l\u2019ocasi\u00f3 per aprendre, pas a pas, com funciona el cos hum\u00e0. La Zuza sap exactament com vol que sigui el seu [&hellip;]","protected":false},"featured_media":21872,"template":"","meta":{"_acf_changed":false,"_exactmetrics_skip_tracking":false,"_exactmetrics_sitenote_active":false,"_exactmetrics_sitenote_note":"","_exactmetrics_sitenote_category":0},"product_brand":[],"product_cat":[904,1121,1159,1123,1126,1192],"product_tag":[],"coleccion":[917,915,946],"class_list":{"0":"post-18935","1":"product","2":"type-product","3":"status-publish","4":"has-post-thumbnail","6":"product_cat-a-partir-de-9-anos","7":"product_cat-albumes-ilustrados","8":"product_cat-cuerpo-humano-anatomia","9":"product_cat-libros-informativos-infantil","10":"product_cat-manualidades","11":"product_cat-manualidades-tematica","12":"coleccion-albums-illustrats","13":"coleccion-catala","14":"coleccion-com-i-per-que","16":"first","17":"instock","18":"taxable","19":"shipping-taxable","20":"purchasable","21":"product-type-simple"},"acf":{"indice":"","autor":"Vaugelade, Ana\u00efs","codart":"4522","ediciones":"1","encuadernacion":"Carton\u00e9","fecha_de_publicacion":"01\/05\/2018","novedad":"0","paginas":"64","subtitulo":"","texto_web_adicional":"","autores-libros":[21178],"ilustradores-libros":[21178],"texto_web_novedad":"","orden":"999","portada":"0","texto_web_resaltado":"","traductores-libros":[18265],"descripcion_corta":"","recomendamos":"","mas_vendido":"","idioma-libro":"","color":false,"formato":"","mas_informacion_del_producto":false,"premios":false,"texto_enlace_cubierta":"","enlace_cubierta":false,"texto_enlace_ficha_tecnica":"","enlace_ficha_tecnica":{"ID":33890,"id":33890,"title":"Com construir un germ\u00e0 gran FITXA","filename":"Com-construir-un-germ\u00e0-gran-FITXA.pdf","filesize":573054,"url":"https:\/\/www.editorialjuventud.es\/wp-content\/uploads\/Com-construir-un-germ\u00e0-gran-FITXA.pdf","link":"https:\/\/www.editorialjuventud.es\/ca\/?attachment_id=33890","alt":"","author":"47","description":"","caption":"","name":"com-construir-un-germa-gran-fitxa","status":"inherit","uploaded_to":18935,"date":"2019-10-31 10:09:32","modified":"2019-10-31 10:09:32","menu_order":0,"mime_type":"application\/pdf","type":"application","subtype":"pdf","icon":"https:\/\/www.editorialjuventud.es\/wp-includes\/images\/media\/document.png"},"ficheros":false,"titulo-fr":"","texto-fr":"","fecha_de_reimpresion":""},"yoast_head":"<!-- This site is optimized with the Yoast SEO plugin v27.3 - https:\/\/yoast.com\/product\/yoast-seo-wordpress\/ -->\n<title>Com construir un germ\u00e0 gran - Editorial Juventud<\/title>\n<meta name=\"description\" content=\"Qu\u00e8 pots fer si vols un germ\u00e0 gran i el vols ara mateix? Doncs, construir-ne un, naturalment!, i aprofitar l\u2019ocasi\u00f3 per aprendre, pas a pas, com funciona\" \/>\n<meta name=\"robots\" content=\"index, follow, max-snippet:-1, max-image-preview:large, max-video-preview:-1\" \/>\n<link rel=\"canonical\" href=\"https:\/\/www.editorialjuventud.es\/com-construir-un-germa-gran-9788426145222\/\" \/>\n<meta property=\"og:locale\" content=\"ca_ES\" \/>\n<meta property=\"og:type\" content=\"article\" \/>\n<meta property=\"og:title\" content=\"Com construir un germ\u00e0 gran - Editorial Juventud\" \/>\n<meta property=\"og:description\" content=\"Qu\u00e8 pots fer si vols un germ\u00e0 gran i el vols ara mateix? Doncs, construir-ne un, naturalment!, i aprofitar l\u2019ocasi\u00f3 per aprendre, pas a pas, com funciona\" \/>\n<meta property=\"og:url\" content=\"https:\/\/www.editorialjuventud.es\/com-construir-un-germa-gran-9788426145222\/\" \/>\n<meta property=\"og:site_name\" content=\"Editorial Juventud\" \/>\n<meta property=\"article:modified_time\" content=\"2025-01-22T11:58:28+00:00\" \/>\n<meta property=\"og:image\" content=\"https:\/\/www.editorialjuventud.es\/wp-content\/uploads\/9788426145222.jpg\" \/>\n\t<meta property=\"og:image:width\" content=\"967\" \/>\n\t<meta property=\"og:image:height\" content=\"1200\" \/>\n\t<meta property=\"og:image:type\" content=\"image\/jpeg\" \/>\n<meta name=\"twitter:card\" content=\"summary_large_image\" \/>\n<script type=\"application\/ld+json\" class=\"yoast-schema-graph\">{\"@context\":\"https:\\\/\\\/schema.org\",\"@graph\":[{\"@type\":\"WebPage\",\"@id\":\"https:\\\/\\\/www.editorialjuventud.es\\\/com-construir-un-germa-gran-9788426145222\\\/\",\"url\":\"https:\\\/\\\/www.editorialjuventud.es\\\/com-construir-un-germa-gran-9788426145222\\\/\",\"name\":\"Com construir un germ\u00e0 gran - Editorial Juventud\",\"isPartOf\":{\"@id\":\"https:\\\/\\\/www.editorialjuventud.es\\\/#website\"},\"primaryImageOfPage\":{\"@id\":\"https:\\\/\\\/www.editorialjuventud.es\\\/com-construir-un-germa-gran-9788426145222\\\/#primaryimage\"},\"image\":{\"@id\":\"https:\\\/\\\/www.editorialjuventud.es\\\/com-construir-un-germa-gran-9788426145222\\\/#primaryimage\"},\"thumbnailUrl\":\"https:\\\/\\\/www.editorialjuventud.es\\\/wp-content\\\/uploads\\\/9788426145222.jpg\",\"datePublished\":\"2018-10-26T07:31:53+00:00\",\"dateModified\":\"2025-01-22T11:58:28+00:00\",\"description\":\"Qu\u00e8 pots fer si vols un germ\u00e0 gran i el vols ara mateix? Doncs, construir-ne un, naturalment!, i aprofitar l\u2019ocasi\u00f3 per aprendre, pas a pas, com funciona\",\"breadcrumb\":{\"@id\":\"https:\\\/\\\/www.editorialjuventud.es\\\/com-construir-un-germa-gran-9788426145222\\\/#breadcrumb\"},\"inLanguage\":\"ca\",\"potentialAction\":[{\"@type\":\"ReadAction\",\"target\":[\"https:\\\/\\\/www.editorialjuventud.es\\\/com-construir-un-germa-gran-9788426145222\\\/\"]}]},{\"@type\":\"ImageObject\",\"inLanguage\":\"ca\",\"@id\":\"https:\\\/\\\/www.editorialjuventud.es\\\/com-construir-un-germa-gran-9788426145222\\\/#primaryimage\",\"url\":\"https:\\\/\\\/www.editorialjuventud.es\\\/wp-content\\\/uploads\\\/9788426145222.jpg\",\"contentUrl\":\"https:\\\/\\\/www.editorialjuventud.es\\\/wp-content\\\/uploads\\\/9788426145222.jpg\",\"width\":967,\"height\":1200,\"caption\":\"9788426145222.jpg\"},{\"@type\":\"BreadcrumbList\",\"@id\":\"https:\\\/\\\/www.editorialjuventud.es\\\/com-construir-un-germa-gran-9788426145222\\\/#breadcrumb\",\"itemListElement\":[{\"@type\":\"ListItem\",\"position\":1,\"name\":\"Portada\",\"item\":\"https:\\\/\\\/www.editorialjuventud.es\\\/\"},{\"@type\":\"ListItem\",\"position\":2,\"name\":\"cat\u00e1logo\",\"item\":\"https:\\\/\\\/www.editorialjuventud.es\\\/coleccion\\\/catalogo\\\/\"},{\"@type\":\"ListItem\",\"position\":3,\"name\":\"catal\u00e0\",\"item\":\"https:\\\/\\\/www.editorialjuventud.es\\\/coleccion\\\/catala\\\/\"},{\"@type\":\"ListItem\",\"position\":4,\"name\":\"\u00c0lbums Il\u00b7lustrats\",\"item\":\"https:\\\/\\\/www.editorialjuventud.es\\\/coleccion\\\/albums-il%c2%b7lustrats\\\/\"},{\"@type\":\"ListItem\",\"position\":5,\"name\":\"Com i Per qu\u00e8\",\"item\":\"https:\\\/\\\/www.editorialjuventud.es\\\/coleccion\\\/com-i-per-que\\\/\"},{\"@type\":\"ListItem\",\"position\":6,\"name\":\"Com construir un germ\u00e0 gran\"}]},{\"@type\":\"WebSite\",\"@id\":\"https:\\\/\\\/www.editorialjuventud.es\\\/#website\",\"url\":\"https:\\\/\\\/www.editorialjuventud.es\\\/\",\"name\":\"Editorial Juventud\",\"description\":\"\",\"potentialAction\":[{\"@type\":\"SearchAction\",\"target\":{\"@type\":\"EntryPoint\",\"urlTemplate\":\"https:\\\/\\\/www.editorialjuventud.es\\\/?s={search_term_string}\"},\"query-input\":{\"@type\":\"PropertyValueSpecification\",\"valueRequired\":true,\"valueName\":\"search_term_string\"}}],\"inLanguage\":\"ca\"}]}<\/script>\n<!-- \/ Yoast SEO plugin. -->","yoast_head_json":{"title":"Com construir un germ\u00e0 gran - Editorial Juventud","description":"Qu\u00e8 pots fer si vols un germ\u00e0 gran i el vols ara mateix? Doncs, construir-ne un, naturalment!, i aprofitar l\u2019ocasi\u00f3 per aprendre, pas a pas, com funciona","robots":{"index":"index","follow":"follow","max-snippet":"max-snippet:-1","max-image-preview":"max-image-preview:large","max-video-preview":"max-video-preview:-1"},"canonical":"https:\/\/www.editorialjuventud.es\/com-construir-un-germa-gran-9788426145222\/","og_locale":"ca_ES","og_type":"article","og_title":"Com construir un germ\u00e0 gran - Editorial Juventud","og_description":"Qu\u00e8 pots fer si vols un germ\u00e0 gran i el vols ara mateix? Doncs, construir-ne un, naturalment!, i aprofitar l\u2019ocasi\u00f3 per aprendre, pas a pas, com funciona","og_url":"https:\/\/www.editorialjuventud.es\/com-construir-un-germa-gran-9788426145222\/","og_site_name":"Editorial Juventud","article_modified_time":"2025-01-22T11:58:28+00:00","og_image":[{"width":967,"height":1200,"url":"https:\/\/www.editorialjuventud.es\/wp-content\/uploads\/9788426145222.jpg","type":"image\/jpeg"}],"twitter_card":"summary_large_image","schema":{"@context":"https:\/\/schema.org","@graph":[{"@type":"WebPage","@id":"https:\/\/www.editorialjuventud.es\/com-construir-un-germa-gran-9788426145222\/","url":"https:\/\/www.editorialjuventud.es\/com-construir-un-germa-gran-9788426145222\/","name":"Com construir un germ\u00e0 gran - Editorial Juventud","isPartOf":{"@id":"https:\/\/www.editorialjuventud.es\/#website"},"primaryImageOfPage":{"@id":"https:\/\/www.editorialjuventud.es\/com-construir-un-germa-gran-9788426145222\/#primaryimage"},"image":{"@id":"https:\/\/www.editorialjuventud.es\/com-construir-un-germa-gran-9788426145222\/#primaryimage"},"thumbnailUrl":"https:\/\/www.editorialjuventud.es\/wp-content\/uploads\/9788426145222.jpg","datePublished":"2018-10-26T07:31:53+00:00","dateModified":"2025-01-22T11:58:28+00:00","description":"Qu\u00e8 pots fer si vols un germ\u00e0 gran i el vols ara mateix? Doncs, construir-ne un, naturalment!, i aprofitar l\u2019ocasi\u00f3 per aprendre, pas a pas, com funciona","breadcrumb":{"@id":"https:\/\/www.editorialjuventud.es\/com-construir-un-germa-gran-9788426145222\/#breadcrumb"},"inLanguage":"ca","potentialAction":[{"@type":"ReadAction","target":["https:\/\/www.editorialjuventud.es\/com-construir-un-germa-gran-9788426145222\/"]}]},{"@type":"ImageObject","inLanguage":"ca","@id":"https:\/\/www.editorialjuventud.es\/com-construir-un-germa-gran-9788426145222\/#primaryimage","url":"https:\/\/www.editorialjuventud.es\/wp-content\/uploads\/9788426145222.jpg","contentUrl":"https:\/\/www.editorialjuventud.es\/wp-content\/uploads\/9788426145222.jpg","width":967,"height":1200,"caption":"9788426145222.jpg"},{"@type":"BreadcrumbList","@id":"https:\/\/www.editorialjuventud.es\/com-construir-un-germa-gran-9788426145222\/#breadcrumb","itemListElement":[{"@type":"ListItem","position":1,"name":"Portada","item":"https:\/\/www.editorialjuventud.es\/"},{"@type":"ListItem","position":2,"name":"cat\u00e1logo","item":"https:\/\/www.editorialjuventud.es\/coleccion\/catalogo\/"},{"@type":"ListItem","position":3,"name":"catal\u00e0","item":"https:\/\/www.editorialjuventud.es\/coleccion\/catala\/"},{"@type":"ListItem","position":4,"name":"\u00c0lbums Il\u00b7lustrats","item":"https:\/\/www.editorialjuventud.es\/coleccion\/albums-il%c2%b7lustrats\/"},{"@type":"ListItem","position":5,"name":"Com i Per qu\u00e8","item":"https:\/\/www.editorialjuventud.es\/coleccion\/com-i-per-que\/"},{"@type":"ListItem","position":6,"name":"Com construir un germ\u00e0 gran"}]},{"@type":"WebSite","@id":"https:\/\/www.editorialjuventud.es\/#website","url":"https:\/\/www.editorialjuventud.es\/","name":"Editorial Juventud","description":"","potentialAction":[{"@type":"SearchAction","target":{"@type":"EntryPoint","urlTemplate":"https:\/\/www.editorialjuventud.es\/?s={search_term_string}"},"query-input":{"@type":"PropertyValueSpecification","valueRequired":true,"valueName":"search_term_string"}}],"inLanguage":"ca"}]}},"_links":{"self":[{"href":"https:\/\/www.editorialjuventud.es\/ca\/wp-json\/wp\/v2\/product\/18935","targetHints":{"allow":["GET"]}}],"collection":[{"href":"https:\/\/www.editorialjuventud.es\/ca\/wp-json\/wp\/v2\/product"}],"about":[{"href":"https:\/\/www.editorialjuventud.es\/ca\/wp-json\/wp\/v2\/types\/product"}],"wp:featuredmedia":[{"embeddable":true,"href":"https:\/\/www.editorialjuventud.es\/ca\/wp-json\/wp\/v2\/media\/21872"}],"wp:attachment":[{"href":"https:\/\/www.editorialjuventud.es\/ca\/wp-json\/wp\/v2\/media?parent=18935"}],"wp:term":[{"taxonomy":"product_brand","embeddable":true,"href":"https:\/\/www.editorialjuventud.es\/ca\/wp-json\/wp\/v2\/product_brand?post=18935"},{"taxonomy":"product_cat","embeddable":true,"href":"https:\/\/www.editorialjuventud.es\/ca\/wp-json\/wp\/v2\/product_cat?post=18935"},{"taxonomy":"product_tag","embeddable":true,"href":"https:\/\/www.editorialjuventud.es\/ca\/wp-json\/wp\/v2\/product_tag?post=18935"},{"taxonomy":"coleccion","embeddable":true,"href":"https:\/\/www.editorialjuventud.es\/ca\/wp-json\/wp\/v2\/coleccion?post=18935"}],"curies":[{"name":"wp","href":"https:\/\/api.w.org\/{rel}","templated":true}]}}