{"id":18929,"date":"2018-10-26T13:31:07","date_gmt":"2018-10-26T11:31:07","guid":{"rendered":"http:\/\/www.editorialjuventud.es\/bjorn-sis-histories-dun-os-9788426145017\/"},"modified":"2025-01-22T12:58:57","modified_gmt":"2025-01-22T11:58:57","slug":"bjorn-sis-histories-dun-os-9788426145017","status":"publish","type":"product","link":"https:\/\/www.editorialjuventud.es\/ca\/bjorn-sis-histories-dun-os-9788426145017\/","title":{"rendered":"Bj\u00f6rn. Sis hist\u00f2ries d&#8217;un os"},"content":{"rendered":"<p>Bj\u00f6rn \u00e9s un os que viu al bosc, on hi viuen tamb\u00e9 els seus amics: la guineu, la llebre&#8230;<br \/>En aquesta recopilaci\u00f3 de sis hist\u00f2ries curtes plenes de tendresa descobrirem la simplicitat de la vida a la natura, l\u2019amistat i la contemplaci\u00f3 de les coses quotidianes que es converteixen en coses extraordin\u00e0ries.<br \/>Delphine Perret ens parla d\u2019aquestes petites coses amb delicadesa i molt d\u2019humor. Bj\u00f6rn \u00e9s una oda a la naturalesa i a la vida contemplativa.<\/p>\n","protected":false},"excerpt":{"rendered":"Bj\u00f6rn \u00e9s un os que viu al bosc, on hi viuen tamb\u00e9 els seus amics: la guineu, la llebre&#8230;En aquesta recopilaci\u00f3 de sis hist\u00f2ries curtes plenes de tendresa descobrirem la simplicitat de la vida a la natura, l\u2019amistat i la [&hellip;]","protected":false},"featured_media":18930,"template":"","meta":{"_acf_changed":false,"_exactmetrics_skip_tracking":false,"_exactmetrics_sitenote_active":false,"_exactmetrics_sitenote_note":"","_exactmetrics_sitenote_category":0},"product_brand":[],"product_cat":[902,1121,1184,1201,893],"product_tag":[],"coleccion":[952],"class_list":{"0":"post-18929","1":"product","2":"type-product","3":"status-publish","4":"has-post-thumbnail","6":"product_cat-a-partir-de-7-anos","7":"product_cat-albumes-ilustrados","8":"product_cat-humor","9":"product_cat-naturaleza-biodiversidad","10":"product_cat-novedades","11":"coleccion-ja-llegeixo-sol","13":"first","14":"instock","15":"taxable","16":"shipping-taxable","17":"purchasable","18":"product-type-simple"},"acf":{"indice":"","autor":"Perret, Delphine","codart":"4501","ediciones":"2","encuadernacion":"Carton\u00e9","fecha_de_publicacion":"01\/03\/2018","novedad":"0","paginas":"64","subtitulo":"","texto_web_adicional":"","autores-libros":[16548],"ilustradores-libros":[16548],"texto_web_novedad":"","orden":"999","portada":"0","texto_web_resaltado":"","traductores-libros":[17515],"descripcion_corta":"","recomendamos":"","mas_vendido":"","idioma-libro":"","color":false,"formato":"","mas_informacion_del_producto":false,"premios":[{"premio":"Prix Sorci\u00e8res de Primeres Lectures","anyo_del_premio":"2017","pais_del_premio":"Fran\u00e7a"},{"premio":"White Ravens","anyo_del_premio":"2017","pais_del_premio":"Alemanya"},{"premio":"Els millors llibres per a nens segons la New York Public Library","anyo_del_premio":"2020","pais_del_premio":"EE.UU."},{"premio":"","anyo_del_premio":"","pais_del_premio":""}],"texto_enlace_cubierta":"","enlace_cubierta":{"ID":27013,"id":27013,"title":"(NUEVO LOGO) cover BJORN (2 idiomas).indd","filename":"Bjo\u0308rn.-Seis-historias-de-un-oso_Cover_150_CAT.jpg","filesize":203082,"url":"https:\/\/www.editorialjuventud.es\/wp-content\/uploads\/Bjo\u0308rn.-Seis-historias-de-un-oso_Cover_150_CAT.jpg","link":"https:\/\/www.editorialjuventud.es\/ca\/?attachment_id=27013","alt":"","author":"50","description":"","caption":"","name":"nuevo-logo-cover-bjorn-2-idiomas-indd-3","status":"inherit","uploaded_to":18929,"date":"2019-06-10 22:14:04","modified":"2019-06-10 22:14:04","menu_order":0,"mime_type":"image\/jpeg","type":"image","subtype":"jpeg","icon":"https:\/\/www.editorialjuventud.es\/wp-includes\/images\/media\/default.png","width":1831,"height":2550,"sizes":{"thumbnail":"https:\/\/www.editorialjuventud.es\/wp-content\/uploads\/Bjo\u0308rn.-Seis-historias-de-un-oso_Cover_150_CAT-200x200.jpg","thumbnail-width":200,"thumbnail-height":200,"medium":"https:\/\/www.editorialjuventud.es\/wp-content\/uploads\/Bjo\u0308rn.-Seis-historias-de-un-oso_Cover_150_CAT.jpg","medium-width":1831,"medium-height":2550,"medium_large":"https:\/\/www.editorialjuventud.es\/wp-content\/uploads\/Bjo\u0308rn.-Seis-historias-de-un-oso_Cover_150_CAT-768x1070.jpg","medium_large-width":768,"medium_large-height":1070,"large":"https:\/\/www.editorialjuventud.es\/wp-content\/uploads\/Bjo\u0308rn.-Seis-historias-de-un-oso_Cover_150_CAT.jpg","large-width":1831,"large-height":2550,"1536x1536":"https:\/\/www.editorialjuventud.es\/wp-content\/uploads\/Bjo\u0308rn.-Seis-historias-de-un-oso_Cover_150_CAT.jpg","1536x1536-width":1103,"1536x1536-height":1536,"2048x2048":"https:\/\/www.editorialjuventud.es\/wp-content\/uploads\/Bjo\u0308rn.-Seis-historias-de-un-oso_Cover_150_CAT.jpg","2048x2048-width":1471,"2048x2048-height":2048,"woocommerce_thumbnail":"https:\/\/www.editorialjuventud.es\/wp-content\/uploads\/Bjo\u0308rn.-Seis-historias-de-un-oso_Cover_150_CAT-350x487.jpg","woocommerce_thumbnail-width":350,"woocommerce_thumbnail-height":487,"woocommerce_single":"https:\/\/www.editorialjuventud.es\/wp-content\/uploads\/Bjo\u0308rn.-Seis-historias-de-un-oso_Cover_150_CAT-900x1253.jpg","woocommerce_single-width":900,"woocommerce_single-height":1253,"woocommerce_gallery_thumbnail":"https:\/\/www.editorialjuventud.es\/wp-content\/uploads\/Bjo\u0308rn.-Seis-historias-de-un-oso_Cover_150_CAT-100x100.jpg","woocommerce_gallery_thumbnail-width":100,"woocommerce_gallery_thumbnail-height":100,"ppec_logo_image_size":"https:\/\/www.editorialjuventud.es\/wp-content\/uploads\/Bjo\u0308rn.-Seis-historias-de-un-oso_Cover_150_CAT.jpg","ppec_logo_image_size-width":43,"ppec_logo_image_size-height":60,"ppec_header_image_size":"https:\/\/www.editorialjuventud.es\/wp-content\/uploads\/Bjo\u0308rn.-Seis-historias-de-un-oso_Cover_150_CAT.jpg","ppec_header_image_size-width":65,"ppec_header_image_size-height":90}},"texto_enlace_ficha_tecnica":"","enlace_ficha_tecnica":{"ID":25917,"id":25917,"title":"Bj\u00f6rn. Sis hist\u00f2ries d'un os Fitxa","filename":"Bj\u00f6rn.-Sis-hist\u00f2ries-dun-os-Fitxa.pdf","filesize":294585,"url":"https:\/\/www.editorialjuventud.es\/wp-content\/uploads\/Bj\u00f6rn.-Sis-hist\u00f2ries-dun-os-Fitxa.pdf","link":"https:\/\/www.editorialjuventud.es\/ca\/?attachment_id=25917","alt":"","author":"47","description":"","caption":"","name":"bjorn-sis-histories-dun-os-fitxa","status":"inherit","uploaded_to":18929,"date":"2019-05-22 08:05:51","modified":"2019-05-22 08:05:51","menu_order":0,"mime_type":"application\/pdf","type":"application","subtype":"pdf","icon":"https:\/\/www.editorialjuventud.es\/wp-includes\/images\/media\/document.png"},"ficheros":false,"titulo-fr":"","texto-fr":"","fecha_de_reimpresion":"01\/06\/2019","deshabilitar_compra":[]},"yoast_head":"<!-- This site is optimized with the Yoast SEO plugin v27.5 - https:\/\/yoast.com\/product\/yoast-seo-wordpress\/ -->\n<title>Bj\u00f6rn. Sis hist\u00f2ries d&#039;un os - Editorial Juventud<\/title>\n<meta name=\"description\" content=\"Bj\u00f6rn \u00e9s un os que viu al bosc, on hi viuen tamb\u00e9 els seus amics: la guineu, la llebre...En aquesta recopilaci\u00f3 de sis hist\u00f2ries curtes plenes de tendresa\" \/>\n<meta name=\"robots\" content=\"index, follow, max-snippet:-1, max-image-preview:large, max-video-preview:-1\" \/>\n<link rel=\"canonical\" href=\"https:\/\/www.editorialjuventud.es\/bjorn-sis-histories-dun-os-9788426145017\/\" \/>\n<meta property=\"og:locale\" content=\"ca_ES\" \/>\n<meta property=\"og:type\" content=\"article\" \/>\n<meta property=\"og:title\" content=\"Bj\u00f6rn. Sis hist\u00f2ries d&#039;un os - Editorial Juventud\" \/>\n<meta property=\"og:description\" content=\"Bj\u00f6rn \u00e9s un os que viu al bosc, on hi viuen tamb\u00e9 els seus amics: la guineu, la llebre...En aquesta recopilaci\u00f3 de sis hist\u00f2ries curtes plenes de tendresa\" \/>\n<meta property=\"og:url\" content=\"https:\/\/www.editorialjuventud.es\/bjorn-sis-histories-dun-os-9788426145017\/\" \/>\n<meta property=\"og:site_name\" content=\"Editorial Juventud\" \/>\n<meta property=\"article:modified_time\" content=\"2025-01-22T11:58:57+00:00\" \/>\n<meta property=\"og:image\" content=\"https:\/\/www.editorialjuventud.es\/wp-content\/uploads\/9788426145017.jpg\" \/>\n\t<meta property=\"og:image:width\" content=\"2700\" \/>\n\t<meta property=\"og:image:height\" content=\"3783\" \/>\n\t<meta property=\"og:image:type\" content=\"image\/jpeg\" \/>\n<meta name=\"twitter:card\" content=\"summary_large_image\" \/>\n<script type=\"application\/ld+json\" class=\"yoast-schema-graph\">{\"@context\":\"https:\\\/\\\/schema.org\",\"@graph\":[{\"@type\":\"WebPage\",\"@id\":\"https:\\\/\\\/www.editorialjuventud.es\\\/bjorn-sis-histories-dun-os-9788426145017\\\/\",\"url\":\"https:\\\/\\\/www.editorialjuventud.es\\\/bjorn-sis-histories-dun-os-9788426145017\\\/\",\"name\":\"Bj\u00f6rn. Sis hist\u00f2ries d'un os - Editorial Juventud\",\"isPartOf\":{\"@id\":\"https:\\\/\\\/www.editorialjuventud.es\\\/#website\"},\"primaryImageOfPage\":{\"@id\":\"https:\\\/\\\/www.editorialjuventud.es\\\/bjorn-sis-histories-dun-os-9788426145017\\\/#primaryimage\"},\"image\":{\"@id\":\"https:\\\/\\\/www.editorialjuventud.es\\\/bjorn-sis-histories-dun-os-9788426145017\\\/#primaryimage\"},\"thumbnailUrl\":\"https:\\\/\\\/www.editorialjuventud.es\\\/wp-content\\\/uploads\\\/9788426145017.jpg\",\"datePublished\":\"2018-10-26T11:31:07+00:00\",\"dateModified\":\"2025-01-22T11:58:57+00:00\",\"description\":\"Bj\u00f6rn \u00e9s un os que viu al bosc, on hi viuen tamb\u00e9 els seus amics: la guineu, la llebre...En aquesta recopilaci\u00f3 de sis hist\u00f2ries curtes plenes de tendresa\",\"breadcrumb\":{\"@id\":\"https:\\\/\\\/www.editorialjuventud.es\\\/bjorn-sis-histories-dun-os-9788426145017\\\/#breadcrumb\"},\"inLanguage\":\"ca\",\"potentialAction\":[{\"@type\":\"ReadAction\",\"target\":[\"https:\\\/\\\/www.editorialjuventud.es\\\/bjorn-sis-histories-dun-os-9788426145017\\\/\"]}]},{\"@type\":\"ImageObject\",\"inLanguage\":\"ca\",\"@id\":\"https:\\\/\\\/www.editorialjuventud.es\\\/bjorn-sis-histories-dun-os-9788426145017\\\/#primaryimage\",\"url\":\"https:\\\/\\\/www.editorialjuventud.es\\\/wp-content\\\/uploads\\\/9788426145017.jpg\",\"contentUrl\":\"https:\\\/\\\/www.editorialjuventud.es\\\/wp-content\\\/uploads\\\/9788426145017.jpg\",\"width\":2700,\"height\":3783,\"caption\":\"9788426145017.jpg\"},{\"@type\":\"BreadcrumbList\",\"@id\":\"https:\\\/\\\/www.editorialjuventud.es\\\/bjorn-sis-histories-dun-os-9788426145017\\\/#breadcrumb\",\"itemListElement\":[{\"@type\":\"ListItem\",\"position\":1,\"name\":\"Portada\",\"item\":\"https:\\\/\\\/www.editorialjuventud.es\\\/\"},{\"@type\":\"ListItem\",\"position\":2,\"name\":\"cat\u00e1logo\",\"item\":\"https:\\\/\\\/www.editorialjuventud.es\\\/coleccion\\\/catalogo\\\/\"},{\"@type\":\"ListItem\",\"position\":3,\"name\":\"catal\u00e0\",\"item\":\"https:\\\/\\\/www.editorialjuventud.es\\\/coleccion\\\/catala\\\/\"},{\"@type\":\"ListItem\",\"position\":4,\"name\":\"\u00c0lbums Il\u00b7lustrats\",\"item\":\"https:\\\/\\\/www.editorialjuventud.es\\\/coleccion\\\/albums-il%c2%b7lustrats\\\/\"},{\"@type\":\"ListItem\",\"position\":5,\"name\":\"Ja Llegeixo Sol!\",\"item\":\"https:\\\/\\\/www.editorialjuventud.es\\\/coleccion\\\/ja-llegeixo-sol\\\/\"},{\"@type\":\"ListItem\",\"position\":6,\"name\":\"Bj\u00f6rn. Sis hist\u00f2ries d'un os\"}]},{\"@type\":\"WebSite\",\"@id\":\"https:\\\/\\\/www.editorialjuventud.es\\\/#website\",\"url\":\"https:\\\/\\\/www.editorialjuventud.es\\\/\",\"name\":\"Editorial Juventud\",\"description\":\"\",\"potentialAction\":[{\"@type\":\"SearchAction\",\"target\":{\"@type\":\"EntryPoint\",\"urlTemplate\":\"https:\\\/\\\/www.editorialjuventud.es\\\/?s={search_term_string}\"},\"query-input\":{\"@type\":\"PropertyValueSpecification\",\"valueRequired\":true,\"valueName\":\"search_term_string\"}}],\"inLanguage\":\"ca\"}]}<\/script>\n<!-- \/ Yoast SEO plugin. -->","yoast_head_json":{"title":"Bj\u00f6rn. Sis hist\u00f2ries d'un os - Editorial Juventud","description":"Bj\u00f6rn \u00e9s un os que viu al bosc, on hi viuen tamb\u00e9 els seus amics: la guineu, la llebre...En aquesta recopilaci\u00f3 de sis hist\u00f2ries curtes plenes de tendresa","robots":{"index":"index","follow":"follow","max-snippet":"max-snippet:-1","max-image-preview":"max-image-preview:large","max-video-preview":"max-video-preview:-1"},"canonical":"https:\/\/www.editorialjuventud.es\/bjorn-sis-histories-dun-os-9788426145017\/","og_locale":"ca_ES","og_type":"article","og_title":"Bj\u00f6rn. Sis hist\u00f2ries d'un os - Editorial Juventud","og_description":"Bj\u00f6rn \u00e9s un os que viu al bosc, on hi viuen tamb\u00e9 els seus amics: la guineu, la llebre...En aquesta recopilaci\u00f3 de sis hist\u00f2ries curtes plenes de tendresa","og_url":"https:\/\/www.editorialjuventud.es\/bjorn-sis-histories-dun-os-9788426145017\/","og_site_name":"Editorial Juventud","article_modified_time":"2025-01-22T11:58:57+00:00","og_image":[{"width":2700,"height":3783,"url":"https:\/\/www.editorialjuventud.es\/wp-content\/uploads\/9788426145017.jpg","type":"image\/jpeg"}],"twitter_card":"summary_large_image","schema":{"@context":"https:\/\/schema.org","@graph":[{"@type":"WebPage","@id":"https:\/\/www.editorialjuventud.es\/bjorn-sis-histories-dun-os-9788426145017\/","url":"https:\/\/www.editorialjuventud.es\/bjorn-sis-histories-dun-os-9788426145017\/","name":"Bj\u00f6rn. Sis hist\u00f2ries d'un os - Editorial Juventud","isPartOf":{"@id":"https:\/\/www.editorialjuventud.es\/#website"},"primaryImageOfPage":{"@id":"https:\/\/www.editorialjuventud.es\/bjorn-sis-histories-dun-os-9788426145017\/#primaryimage"},"image":{"@id":"https:\/\/www.editorialjuventud.es\/bjorn-sis-histories-dun-os-9788426145017\/#primaryimage"},"thumbnailUrl":"https:\/\/www.editorialjuventud.es\/wp-content\/uploads\/9788426145017.jpg","datePublished":"2018-10-26T11:31:07+00:00","dateModified":"2025-01-22T11:58:57+00:00","description":"Bj\u00f6rn \u00e9s un os que viu al bosc, on hi viuen tamb\u00e9 els seus amics: la guineu, la llebre...En aquesta recopilaci\u00f3 de sis hist\u00f2ries curtes plenes de tendresa","breadcrumb":{"@id":"https:\/\/www.editorialjuventud.es\/bjorn-sis-histories-dun-os-9788426145017\/#breadcrumb"},"inLanguage":"ca","potentialAction":[{"@type":"ReadAction","target":["https:\/\/www.editorialjuventud.es\/bjorn-sis-histories-dun-os-9788426145017\/"]}]},{"@type":"ImageObject","inLanguage":"ca","@id":"https:\/\/www.editorialjuventud.es\/bjorn-sis-histories-dun-os-9788426145017\/#primaryimage","url":"https:\/\/www.editorialjuventud.es\/wp-content\/uploads\/9788426145017.jpg","contentUrl":"https:\/\/www.editorialjuventud.es\/wp-content\/uploads\/9788426145017.jpg","width":2700,"height":3783,"caption":"9788426145017.jpg"},{"@type":"BreadcrumbList","@id":"https:\/\/www.editorialjuventud.es\/bjorn-sis-histories-dun-os-9788426145017\/#breadcrumb","itemListElement":[{"@type":"ListItem","position":1,"name":"Portada","item":"https:\/\/www.editorialjuventud.es\/"},{"@type":"ListItem","position":2,"name":"cat\u00e1logo","item":"https:\/\/www.editorialjuventud.es\/coleccion\/catalogo\/"},{"@type":"ListItem","position":3,"name":"catal\u00e0","item":"https:\/\/www.editorialjuventud.es\/coleccion\/catala\/"},{"@type":"ListItem","position":4,"name":"\u00c0lbums Il\u00b7lustrats","item":"https:\/\/www.editorialjuventud.es\/coleccion\/albums-il%c2%b7lustrats\/"},{"@type":"ListItem","position":5,"name":"Ja Llegeixo Sol!","item":"https:\/\/www.editorialjuventud.es\/coleccion\/ja-llegeixo-sol\/"},{"@type":"ListItem","position":6,"name":"Bj\u00f6rn. Sis hist\u00f2ries d'un os"}]},{"@type":"WebSite","@id":"https:\/\/www.editorialjuventud.es\/#website","url":"https:\/\/www.editorialjuventud.es\/","name":"Editorial Juventud","description":"","potentialAction":[{"@type":"SearchAction","target":{"@type":"EntryPoint","urlTemplate":"https:\/\/www.editorialjuventud.es\/?s={search_term_string}"},"query-input":{"@type":"PropertyValueSpecification","valueRequired":true,"valueName":"search_term_string"}}],"inLanguage":"ca"}]}},"_links":{"self":[{"href":"https:\/\/www.editorialjuventud.es\/ca\/wp-json\/wp\/v2\/product\/18929","targetHints":{"allow":["GET"]}}],"collection":[{"href":"https:\/\/www.editorialjuventud.es\/ca\/wp-json\/wp\/v2\/product"}],"about":[{"href":"https:\/\/www.editorialjuventud.es\/ca\/wp-json\/wp\/v2\/types\/product"}],"wp:featuredmedia":[{"embeddable":true,"href":"https:\/\/www.editorialjuventud.es\/ca\/wp-json\/wp\/v2\/media\/18930"}],"wp:attachment":[{"href":"https:\/\/www.editorialjuventud.es\/ca\/wp-json\/wp\/v2\/media?parent=18929"}],"wp:term":[{"taxonomy":"product_brand","embeddable":true,"href":"https:\/\/www.editorialjuventud.es\/ca\/wp-json\/wp\/v2\/product_brand?post=18929"},{"taxonomy":"product_cat","embeddable":true,"href":"https:\/\/www.editorialjuventud.es\/ca\/wp-json\/wp\/v2\/product_cat?post=18929"},{"taxonomy":"product_tag","embeddable":true,"href":"https:\/\/www.editorialjuventud.es\/ca\/wp-json\/wp\/v2\/product_tag?post=18929"},{"taxonomy":"coleccion","embeddable":true,"href":"https:\/\/www.editorialjuventud.es\/ca\/wp-json\/wp\/v2\/coleccion?post=18929"}],"curies":[{"name":"wp","href":"https:\/\/api.w.org\/{rel}","templated":true}]}}