{"id":18923,"date":"2018-10-26T11:30:14","date_gmt":"2018-10-26T07:30:14","guid":{"rendered":"http:\/\/www.editorialjuventud.es\/el-gran-llibre-del-mar-9788426144935\/"},"modified":"2026-02-10T13:15:21","modified_gmt":"2026-02-10T12:15:21","slug":"el-gran-llibre-del-mar-9788426144935","status":"publish","type":"product","link":"https:\/\/www.editorialjuventud.es\/ca\/el-gran-llibre-del-mar-9788426144935\/","title":{"rendered":"El gran llibre del mar"},"content":{"rendered":"<p>Despr\u00e9s del gran \u00e8xit de <em>El gran llibre de les cuques<\/em> i <em>El gran llibre de les b\u00e8sties<\/em>, ara arriba <em>El gran llibre del mar<\/em>. Per qu\u00e8 el cranc camina de gairell? Per qu\u00e8 els ping\u00fcins no es congelen? L&#8217;estrella de mar \u00e9s un peix? En aquest llibre trobar\u00e0s les respostes a aquestes i a moltes altres preguntes sobre la fauna marina.<br \/>\nTamb\u00e9 podr\u00e0s jugar a buscar i trobar en les imatges algun peix especial.<br \/>\nDescobreix tota mena de criatures marines esmunyedisses, lluents, fortes i estranyes en aquest primer llibre sobre el mar, i deixa&#8217;t sorprendre per les curiositats del m\u00f3n submar\u00ed.<\/p>\n","protected":false},"excerpt":{"rendered":"Despr\u00e9s del gran \u00e8xit de El gran llibre de les cuques i El gran llibre de les b\u00e8sties, ara arriba El gran llibre del mar. Per qu\u00e8 el cranc camina de gairell? Per qu\u00e8 els ping\u00fcins no es congelen? L&#8217;estrella [&hellip;]","protected":false},"featured_media":18924,"template":"","meta":{"_acf_changed":false,"_exactmetrics_skip_tracking":false,"_exactmetrics_sitenote_active":false,"_exactmetrics_sitenote_note":"","_exactmetrics_sitenote_category":0},"product_brand":[],"product_cat":[900,1121,1138,1123,1193],"product_tag":[],"coleccion":[1032],"class_list":{"0":"post-18923","1":"product","2":"type-product","3":"status-publish","4":"has-post-thumbnail","6":"product_cat-a-partir-de-5-anos","7":"product_cat-albumes-ilustrados","8":"product_cat-animales","9":"product_cat-libros-informativos-infantil","10":"product_cat-mar-oceano","11":"coleccion-fauna-i-flora","13":"first","14":"instock","15":"taxable","16":"shipping-taxable","17":"purchasable","18":"product-type-simple"},"acf":{"indice":"","autor":"Zommer, Yuval","codart":"4493","ediciones":"4","encuadernacion":"Carton\u00e9","fecha_de_publicacion":"01\/05\/2018","novedad":"0","paginas":"64","subtitulo":"","texto_web_adicional":"","autores-libros":[16700],"ilustradores-libros":[16700],"texto_web_novedad":"","orden":"999","portada":"0","texto_web_resaltado":"","traductores-libros":[18265],"descripcion_corta":"","recomendamos":"","mas_vendido":"","color":false,"formato":"","mas_informacion_del_producto":false,"premios":false,"texto_enlace_cubierta":"","enlace_cubierta":{"ID":24848,"id":24848,"title":"Big_Book_Blue_PLC_CAT_CS6.indd","filename":"el_gran_llibre_del_mar_cover-300-1.jpg","filesize":1386277,"url":"https:\/\/www.editorialjuventud.es\/wp-content\/uploads\/el_gran_llibre_del_mar_cover-300-1.jpg","link":"https:\/\/www.editorialjuventud.es\/ca\/?attachment_id=24848","alt":"","author":"47","description":"","caption":"","name":"big_book_blue_plc_cat_cs6-indd-2","status":"inherit","uploaded_to":18923,"date":"2019-04-30 08:39:27","modified":"2019-04-30 08:39:27","menu_order":0,"mime_type":"image\/jpeg","type":"image","subtype":"jpeg","icon":"https:\/\/www.editorialjuventud.es\/wp-includes\/images\/media\/default.png","width":2810,"height":4115,"sizes":{"thumbnail":"https:\/\/www.editorialjuventud.es\/wp-content\/uploads\/el_gran_llibre_del_mar_cover-300-1-200x200.jpg","thumbnail-width":200,"thumbnail-height":200,"medium":"https:\/\/www.editorialjuventud.es\/wp-content\/uploads\/el_gran_llibre_del_mar_cover-300-1.jpg","medium-width":2810,"medium-height":4115,"medium_large":"https:\/\/www.editorialjuventud.es\/wp-content\/uploads\/el_gran_llibre_del_mar_cover-300-1-768x1125.jpg","medium_large-width":768,"medium_large-height":1125,"large":"https:\/\/www.editorialjuventud.es\/wp-content\/uploads\/el_gran_llibre_del_mar_cover-300-1.jpg","large-width":2810,"large-height":4115,"1536x1536":"https:\/\/www.editorialjuventud.es\/wp-content\/uploads\/el_gran_llibre_del_mar_cover-300-1.jpg","1536x1536-width":1049,"1536x1536-height":1536,"2048x2048":"https:\/\/www.editorialjuventud.es\/wp-content\/uploads\/el_gran_llibre_del_mar_cover-300-1.jpg","2048x2048-width":1399,"2048x2048-height":2048,"woocommerce_thumbnail":"https:\/\/www.editorialjuventud.es\/wp-content\/uploads\/el_gran_llibre_del_mar_cover-300-1-350x513.jpg","woocommerce_thumbnail-width":350,"woocommerce_thumbnail-height":513,"woocommerce_single":"https:\/\/www.editorialjuventud.es\/wp-content\/uploads\/el_gran_llibre_del_mar_cover-300-1-900x1318.jpg","woocommerce_single-width":900,"woocommerce_single-height":1318,"woocommerce_gallery_thumbnail":"https:\/\/www.editorialjuventud.es\/wp-content\/uploads\/el_gran_llibre_del_mar_cover-300-1-100x100.jpg","woocommerce_gallery_thumbnail-width":100,"woocommerce_gallery_thumbnail-height":100,"ppec_logo_image_size":"https:\/\/www.editorialjuventud.es\/wp-content\/uploads\/el_gran_llibre_del_mar_cover-300-1.jpg","ppec_logo_image_size-width":41,"ppec_logo_image_size-height":60,"ppec_header_image_size":"https:\/\/www.editorialjuventud.es\/wp-content\/uploads\/el_gran_llibre_del_mar_cover-300-1.jpg","ppec_header_image_size-width":61,"ppec_header_image_size-height":90}},"texto_enlace_ficha_tecnica":"","enlace_ficha_tecnica":{"ID":24844,"id":24844,"title":"El gran llibre del Mar Fitxa","filename":"El-gran-llibre-del-Mar-Fitxa.pdf","filesize":545768,"url":"https:\/\/www.editorialjuventud.es\/wp-content\/uploads\/El-gran-llibre-del-Mar-Fitxa.pdf","link":"https:\/\/www.editorialjuventud.es\/ca\/?attachment_id=24844","alt":"","author":"47","description":"","caption":"","name":"el-gran-llibre-del-mar-fitxa","status":"inherit","uploaded_to":18923,"date":"2019-04-30 08:32:20","modified":"2019-04-30 08:32:20","menu_order":0,"mime_type":"application\/pdf","type":"application","subtype":"pdf","icon":"https:\/\/www.editorialjuventud.es\/wp-includes\/images\/media\/document.png"},"ficheros":false,"titulo-fr":"","texto-fr":"","idioma-libro":"","fecha_de_reimpresion":"01\/02\/2022","deshabilitar_compra":[]},"yoast_head":"<!-- This site is optimized with the Yoast SEO plugin v27.3 - https:\/\/yoast.com\/product\/yoast-seo-wordpress\/ -->\n<title>El gran llibre del mar - Editorial Juventud<\/title>\n<meta name=\"description\" content=\"Despr\u00e9s del gran \u00e8xit de El gran llibre de les cuques i El gran llibre de les b\u00e8sties, ara arriba El gran llibre del mar. Per qu\u00e8 el cranc camina de\" \/>\n<meta name=\"robots\" content=\"index, follow, max-snippet:-1, max-image-preview:large, max-video-preview:-1\" \/>\n<link rel=\"canonical\" href=\"https:\/\/www.editorialjuventud.es\/el-gran-llibre-del-mar-9788426144935\/\" \/>\n<meta property=\"og:locale\" content=\"ca_ES\" \/>\n<meta property=\"og:type\" content=\"article\" \/>\n<meta property=\"og:title\" content=\"El gran llibre del mar - Editorial Juventud\" \/>\n<meta property=\"og:description\" content=\"Despr\u00e9s del gran \u00e8xit de El gran llibre de les cuques i El gran llibre de les b\u00e8sties, ara arriba El gran llibre del mar. Per qu\u00e8 el cranc camina de\" \/>\n<meta property=\"og:url\" content=\"https:\/\/www.editorialjuventud.es\/el-gran-llibre-del-mar-9788426144935\/\" \/>\n<meta property=\"og:site_name\" content=\"Editorial Juventud\" \/>\n<meta property=\"article:modified_time\" content=\"2026-02-10T12:15:21+00:00\" \/>\n<meta property=\"og:image\" content=\"https:\/\/www.editorialjuventud.es\/wp-content\/uploads\/9788426144935.jpg\" \/>\n\t<meta property=\"og:image:width\" content=\"824\" \/>\n\t<meta property=\"og:image:height\" content=\"1200\" \/>\n\t<meta property=\"og:image:type\" content=\"image\/jpeg\" \/>\n<meta name=\"twitter:card\" content=\"summary_large_image\" \/>\n<meta name=\"twitter:label1\" content=\"Temps estimat de lectura\" \/>\n\t<meta name=\"twitter:data1\" content=\"1 minut\" \/>\n<script type=\"application\/ld+json\" class=\"yoast-schema-graph\">{\"@context\":\"https:\\\/\\\/schema.org\",\"@graph\":[{\"@type\":\"WebPage\",\"@id\":\"https:\\\/\\\/www.editorialjuventud.es\\\/el-gran-llibre-del-mar-9788426144935\\\/\",\"url\":\"https:\\\/\\\/www.editorialjuventud.es\\\/el-gran-llibre-del-mar-9788426144935\\\/\",\"name\":\"El gran llibre del mar - Editorial Juventud\",\"isPartOf\":{\"@id\":\"https:\\\/\\\/www.editorialjuventud.es\\\/#website\"},\"primaryImageOfPage\":{\"@id\":\"https:\\\/\\\/www.editorialjuventud.es\\\/el-gran-llibre-del-mar-9788426144935\\\/#primaryimage\"},\"image\":{\"@id\":\"https:\\\/\\\/www.editorialjuventud.es\\\/el-gran-llibre-del-mar-9788426144935\\\/#primaryimage\"},\"thumbnailUrl\":\"https:\\\/\\\/www.editorialjuventud.es\\\/wp-content\\\/uploads\\\/9788426144935.jpg\",\"datePublished\":\"2018-10-26T07:30:14+00:00\",\"dateModified\":\"2026-02-10T12:15:21+00:00\",\"description\":\"Despr\u00e9s del gran \u00e8xit de El gran llibre de les cuques i El gran llibre de les b\u00e8sties, ara arriba El gran llibre del mar. Per qu\u00e8 el cranc camina de\",\"breadcrumb\":{\"@id\":\"https:\\\/\\\/www.editorialjuventud.es\\\/el-gran-llibre-del-mar-9788426144935\\\/#breadcrumb\"},\"inLanguage\":\"ca\",\"potentialAction\":[{\"@type\":\"ReadAction\",\"target\":[\"https:\\\/\\\/www.editorialjuventud.es\\\/el-gran-llibre-del-mar-9788426144935\\\/\"]}]},{\"@type\":\"ImageObject\",\"inLanguage\":\"ca\",\"@id\":\"https:\\\/\\\/www.editorialjuventud.es\\\/el-gran-llibre-del-mar-9788426144935\\\/#primaryimage\",\"url\":\"https:\\\/\\\/www.editorialjuventud.es\\\/wp-content\\\/uploads\\\/9788426144935.jpg\",\"contentUrl\":\"https:\\\/\\\/www.editorialjuventud.es\\\/wp-content\\\/uploads\\\/9788426144935.jpg\",\"width\":824,\"height\":1200,\"caption\":\"9788426144935.jpg\"},{\"@type\":\"BreadcrumbList\",\"@id\":\"https:\\\/\\\/www.editorialjuventud.es\\\/el-gran-llibre-del-mar-9788426144935\\\/#breadcrumb\",\"itemListElement\":[{\"@type\":\"ListItem\",\"position\":1,\"name\":\"Portada\",\"item\":\"https:\\\/\\\/www.editorialjuventud.es\\\/\"},{\"@type\":\"ListItem\",\"position\":2,\"name\":\"cat\u00e1logo\",\"item\":\"https:\\\/\\\/www.editorialjuventud.es\\\/coleccion\\\/catalogo\\\/\"},{\"@type\":\"ListItem\",\"position\":3,\"name\":\"catal\u00e0\",\"item\":\"https:\\\/\\\/www.editorialjuventud.es\\\/coleccion\\\/catala\\\/\"},{\"@type\":\"ListItem\",\"position\":4,\"name\":\"\u00c0lbums Il\u00b7lustrats\",\"item\":\"https:\\\/\\\/www.editorialjuventud.es\\\/coleccion\\\/albums-il%c2%b7lustrats\\\/\"},{\"@type\":\"ListItem\",\"position\":5,\"name\":\"Com i Per qu\u00e8\",\"item\":\"https:\\\/\\\/www.editorialjuventud.es\\\/coleccion\\\/com-i-per-que\\\/\"},{\"@type\":\"ListItem\",\"position\":6,\"name\":\"Fauna i Flora\",\"item\":\"https:\\\/\\\/www.editorialjuventud.es\\\/coleccion\\\/fauna-i-flora\\\/\"},{\"@type\":\"ListItem\",\"position\":7,\"name\":\"El gran llibre del mar\"}]},{\"@type\":\"WebSite\",\"@id\":\"https:\\\/\\\/www.editorialjuventud.es\\\/#website\",\"url\":\"https:\\\/\\\/www.editorialjuventud.es\\\/\",\"name\":\"Editorial Juventud\",\"description\":\"\",\"potentialAction\":[{\"@type\":\"SearchAction\",\"target\":{\"@type\":\"EntryPoint\",\"urlTemplate\":\"https:\\\/\\\/www.editorialjuventud.es\\\/?s={search_term_string}\"},\"query-input\":{\"@type\":\"PropertyValueSpecification\",\"valueRequired\":true,\"valueName\":\"search_term_string\"}}],\"inLanguage\":\"ca\"}]}<\/script>\n<!-- \/ Yoast SEO plugin. -->","yoast_head_json":{"title":"El gran llibre del mar - Editorial Juventud","description":"Despr\u00e9s del gran \u00e8xit de El gran llibre de les cuques i El gran llibre de les b\u00e8sties, ara arriba El gran llibre del mar. Per qu\u00e8 el cranc camina de","robots":{"index":"index","follow":"follow","max-snippet":"max-snippet:-1","max-image-preview":"max-image-preview:large","max-video-preview":"max-video-preview:-1"},"canonical":"https:\/\/www.editorialjuventud.es\/el-gran-llibre-del-mar-9788426144935\/","og_locale":"ca_ES","og_type":"article","og_title":"El gran llibre del mar - Editorial Juventud","og_description":"Despr\u00e9s del gran \u00e8xit de El gran llibre de les cuques i El gran llibre de les b\u00e8sties, ara arriba El gran llibre del mar. Per qu\u00e8 el cranc camina de","og_url":"https:\/\/www.editorialjuventud.es\/el-gran-llibre-del-mar-9788426144935\/","og_site_name":"Editorial Juventud","article_modified_time":"2026-02-10T12:15:21+00:00","og_image":[{"width":824,"height":1200,"url":"https:\/\/www.editorialjuventud.es\/wp-content\/uploads\/9788426144935.jpg","type":"image\/jpeg"}],"twitter_card":"summary_large_image","twitter_misc":{"Temps estimat de lectura":"1 minut"},"schema":{"@context":"https:\/\/schema.org","@graph":[{"@type":"WebPage","@id":"https:\/\/www.editorialjuventud.es\/el-gran-llibre-del-mar-9788426144935\/","url":"https:\/\/www.editorialjuventud.es\/el-gran-llibre-del-mar-9788426144935\/","name":"El gran llibre del mar - Editorial Juventud","isPartOf":{"@id":"https:\/\/www.editorialjuventud.es\/#website"},"primaryImageOfPage":{"@id":"https:\/\/www.editorialjuventud.es\/el-gran-llibre-del-mar-9788426144935\/#primaryimage"},"image":{"@id":"https:\/\/www.editorialjuventud.es\/el-gran-llibre-del-mar-9788426144935\/#primaryimage"},"thumbnailUrl":"https:\/\/www.editorialjuventud.es\/wp-content\/uploads\/9788426144935.jpg","datePublished":"2018-10-26T07:30:14+00:00","dateModified":"2026-02-10T12:15:21+00:00","description":"Despr\u00e9s del gran \u00e8xit de El gran llibre de les cuques i El gran llibre de les b\u00e8sties, ara arriba El gran llibre del mar. Per qu\u00e8 el cranc camina de","breadcrumb":{"@id":"https:\/\/www.editorialjuventud.es\/el-gran-llibre-del-mar-9788426144935\/#breadcrumb"},"inLanguage":"ca","potentialAction":[{"@type":"ReadAction","target":["https:\/\/www.editorialjuventud.es\/el-gran-llibre-del-mar-9788426144935\/"]}]},{"@type":"ImageObject","inLanguage":"ca","@id":"https:\/\/www.editorialjuventud.es\/el-gran-llibre-del-mar-9788426144935\/#primaryimage","url":"https:\/\/www.editorialjuventud.es\/wp-content\/uploads\/9788426144935.jpg","contentUrl":"https:\/\/www.editorialjuventud.es\/wp-content\/uploads\/9788426144935.jpg","width":824,"height":1200,"caption":"9788426144935.jpg"},{"@type":"BreadcrumbList","@id":"https:\/\/www.editorialjuventud.es\/el-gran-llibre-del-mar-9788426144935\/#breadcrumb","itemListElement":[{"@type":"ListItem","position":1,"name":"Portada","item":"https:\/\/www.editorialjuventud.es\/"},{"@type":"ListItem","position":2,"name":"cat\u00e1logo","item":"https:\/\/www.editorialjuventud.es\/coleccion\/catalogo\/"},{"@type":"ListItem","position":3,"name":"catal\u00e0","item":"https:\/\/www.editorialjuventud.es\/coleccion\/catala\/"},{"@type":"ListItem","position":4,"name":"\u00c0lbums Il\u00b7lustrats","item":"https:\/\/www.editorialjuventud.es\/coleccion\/albums-il%c2%b7lustrats\/"},{"@type":"ListItem","position":5,"name":"Com i Per qu\u00e8","item":"https:\/\/www.editorialjuventud.es\/coleccion\/com-i-per-que\/"},{"@type":"ListItem","position":6,"name":"Fauna i Flora","item":"https:\/\/www.editorialjuventud.es\/coleccion\/fauna-i-flora\/"},{"@type":"ListItem","position":7,"name":"El gran llibre del mar"}]},{"@type":"WebSite","@id":"https:\/\/www.editorialjuventud.es\/#website","url":"https:\/\/www.editorialjuventud.es\/","name":"Editorial Juventud","description":"","potentialAction":[{"@type":"SearchAction","target":{"@type":"EntryPoint","urlTemplate":"https:\/\/www.editorialjuventud.es\/?s={search_term_string}"},"query-input":{"@type":"PropertyValueSpecification","valueRequired":true,"valueName":"search_term_string"}}],"inLanguage":"ca"}]}},"_links":{"self":[{"href":"https:\/\/www.editorialjuventud.es\/ca\/wp-json\/wp\/v2\/product\/18923","targetHints":{"allow":["GET"]}}],"collection":[{"href":"https:\/\/www.editorialjuventud.es\/ca\/wp-json\/wp\/v2\/product"}],"about":[{"href":"https:\/\/www.editorialjuventud.es\/ca\/wp-json\/wp\/v2\/types\/product"}],"wp:featuredmedia":[{"embeddable":true,"href":"https:\/\/www.editorialjuventud.es\/ca\/wp-json\/wp\/v2\/media\/18924"}],"wp:attachment":[{"href":"https:\/\/www.editorialjuventud.es\/ca\/wp-json\/wp\/v2\/media?parent=18923"}],"wp:term":[{"taxonomy":"product_brand","embeddable":true,"href":"https:\/\/www.editorialjuventud.es\/ca\/wp-json\/wp\/v2\/product_brand?post=18923"},{"taxonomy":"product_cat","embeddable":true,"href":"https:\/\/www.editorialjuventud.es\/ca\/wp-json\/wp\/v2\/product_cat?post=18923"},{"taxonomy":"product_tag","embeddable":true,"href":"https:\/\/www.editorialjuventud.es\/ca\/wp-json\/wp\/v2\/product_tag?post=18923"},{"taxonomy":"coleccion","embeddable":true,"href":"https:\/\/www.editorialjuventud.es\/ca\/wp-json\/wp\/v2\/coleccion?post=18923"}],"curies":[{"name":"wp","href":"https:\/\/api.w.org\/{rel}","templated":true}]}}