{"id":18914,"date":"2018-10-26T09:29:09","date_gmt":"2018-10-26T07:29:09","guid":{"rendered":"http:\/\/www.editorialjuventud.es\/como-ser-un-leon-9788426144881\/"},"modified":"2025-01-22T12:59:31","modified_gmt":"2025-01-22T11:59:31","slug":"como-ser-un-leon-9788426144881","status":"publish","type":"product","link":"https:\/\/www.editorialjuventud.es\/ca\/como-ser-un-leon-9788426144881\/","title":{"rendered":"C\u00f3mo ser un le\u00f3n"},"content":{"rendered":"<p>\u00bfQui\u00e9n dice que todos los leones tienen que ser feroces? Ser\u00e1n aquellos que no conocen a Leonard. A Leonard le encanta sentir el c\u00e1lido sol sobre su espalda, pensar, componer poemas, conversar y ser agradable con el resto de los animales. Gracias a su nueva amiga, la pata Petra, aprender\u00e1 una lecci\u00f3n muy importante: tanto da que los dem\u00e1s digan que solo hay una forma correcta de ser. Cada uno tiene que ser un mismo, cada uno a su manera.<br \/>Un \u00e1lbum muy necesario para aprender a respetar la diferencia y a contraponerse a cualquier forma de totalitarismo.<\/p>\n","protected":false},"excerpt":{"rendered":"\u00bfQui\u00e9n dice que todos los leones tienen que ser feroces? Ser\u00e1n aquellos que no conocen a Leonard. A Leonard le encanta sentir el c\u00e1lido sol sobre su espalda, pensar, componer poemas, conversar y ser agradable con el resto de los [&hellip;]","protected":false},"featured_media":18915,"template":"","meta":{"_acf_changed":false,"_exactmetrics_skip_tracking":false,"_exactmetrics_sitenote_active":false,"_exactmetrics_sitenote_note":"","_exactmetrics_sitenote_category":0},"product_brand":[],"product_cat":[900,1121,1136],"product_tag":[],"coleccion":[928,916,989],"class_list":{"0":"post-18914","1":"product","2":"type-product","3":"status-publish","4":"has-post-thumbnail","6":"product_cat-a-partir-de-5-anos","7":"product_cat-albumes-ilustrados","8":"product_cat-amistad","9":"coleccion-albumes-ilustrados","10":"coleccion-castellano","11":"coleccion-crecer-en-valores","13":"first","14":"instock","15":"taxable","16":"shipping-taxable","17":"purchasable","18":"product-type-simple"},"acf":{"indice":"","autor":"Vere, Ed","codart":"4488","ediciones":"2","encuadernacion":"Carton\u00e9","fecha_de_publicacion":"01\/06\/2018","novedad":"0","paginas":"32","subtitulo":"","texto_web_adicional":"","autores-libros":[33004],"ilustradores-libros":[33004],"texto_web_novedad":"","orden":"999","portada":"0","texto_web_resaltado":"","traductores-libros":[58416],"descripcion_corta":"","recomendamos":"","mas_vendido":"","idioma-libro":"","color":false,"formato":"","mas_informacion_del_producto":false,"premios":false,"texto_enlace_cubierta":"","enlace_cubierta":{"ID":26104,"id":26104,"title":"Co\u0301mo ser un leo\u0301n cover_250","filename":"Co\u0301mo-ser-un-leo\u0301n-cover_250.jpg","filesize":364564,"url":"https:\/\/www.editorialjuventud.es\/wp-content\/uploads\/Co\u0301mo-ser-un-leo\u0301n-cover_250.jpg","link":"https:\/\/www.editorialjuventud.es\/ca\/?attachment_id=26104","alt":"","author":"50","description":"","caption":"","name":"como-ser-un-leon-cover_250","status":"inherit","uploaded_to":18914,"date":"2019-05-24 12:47:51","modified":"2019-05-24 12:47:51","menu_order":0,"mime_type":"image\/jpeg","type":"image","subtype":"jpeg","icon":"https:\/\/www.editorialjuventud.es\/wp-includes\/images\/media\/default.png","width":1870,"height":2460,"sizes":{"thumbnail":"https:\/\/www.editorialjuventud.es\/wp-content\/uploads\/Co\u0301mo-ser-un-leo\u0301n-cover_250-200x200.jpg","thumbnail-width":200,"thumbnail-height":200,"medium":"https:\/\/www.editorialjuventud.es\/wp-content\/uploads\/Co\u0301mo-ser-un-leo\u0301n-cover_250.jpg","medium-width":1870,"medium-height":2460,"medium_large":"https:\/\/www.editorialjuventud.es\/wp-content\/uploads\/Co\u0301mo-ser-un-leo\u0301n-cover_250-768x1010.jpg","medium_large-width":768,"medium_large-height":1010,"large":"https:\/\/www.editorialjuventud.es\/wp-content\/uploads\/Co\u0301mo-ser-un-leo\u0301n-cover_250.jpg","large-width":1870,"large-height":2460,"1536x1536":"https:\/\/www.editorialjuventud.es\/wp-content\/uploads\/Co\u0301mo-ser-un-leo\u0301n-cover_250.jpg","1536x1536-width":1168,"1536x1536-height":1536,"2048x2048":"https:\/\/www.editorialjuventud.es\/wp-content\/uploads\/Co\u0301mo-ser-un-leo\u0301n-cover_250.jpg","2048x2048-width":1557,"2048x2048-height":2048,"woocommerce_thumbnail":"https:\/\/www.editorialjuventud.es\/wp-content\/uploads\/Co\u0301mo-ser-un-leo\u0301n-cover_250-350x460.jpg","woocommerce_thumbnail-width":350,"woocommerce_thumbnail-height":460,"woocommerce_single":"https:\/\/www.editorialjuventud.es\/wp-content\/uploads\/Co\u0301mo-ser-un-leo\u0301n-cover_250-900x1184.jpg","woocommerce_single-width":900,"woocommerce_single-height":1184,"woocommerce_gallery_thumbnail":"https:\/\/www.editorialjuventud.es\/wp-content\/uploads\/Co\u0301mo-ser-un-leo\u0301n-cover_250-100x100.jpg","woocommerce_gallery_thumbnail-width":100,"woocommerce_gallery_thumbnail-height":100,"ppec_logo_image_size":"https:\/\/www.editorialjuventud.es\/wp-content\/uploads\/Co\u0301mo-ser-un-leo\u0301n-cover_250.jpg","ppec_logo_image_size-width":46,"ppec_logo_image_size-height":60,"ppec_header_image_size":"https:\/\/www.editorialjuventud.es\/wp-content\/uploads\/Co\u0301mo-ser-un-leo\u0301n-cover_250.jpg","ppec_header_image_size-width":68,"ppec_header_image_size-height":90}},"texto_enlace_ficha_tecnica":"","enlace_ficha_tecnica":{"ID":25586,"id":25586,"title":"C\u00f3mo ser un le\u00f3n Ficha","filename":"C\u00f3mo-ser-un-le\u00f3n-Ficha.pdf","filesize":275220,"url":"https:\/\/www.editorialjuventud.es\/wp-content\/uploads\/C\u00f3mo-ser-un-le\u00f3n-Ficha.pdf","link":"https:\/\/www.editorialjuventud.es\/ca\/?attachment_id=25586","alt":"","author":"47","description":"","caption":"","name":"como-ser-un-leon-ficha","status":"inherit","uploaded_to":18914,"date":"2019-05-17 09:05:41","modified":"2019-05-17 09:05:41","menu_order":0,"mime_type":"application\/pdf","type":"application","subtype":"pdf","icon":"https:\/\/www.editorialjuventud.es\/wp-includes\/images\/media\/document.png"},"ficheros":false,"titulo-fr":"","texto-fr":""},"yoast_head":"<!-- This site is optimized with the Yoast SEO plugin v27.5 - https:\/\/yoast.com\/product\/yoast-seo-wordpress\/ -->\n<title>C\u00f3mo ser un le\u00f3n - Editorial Juventud<\/title>\n<meta name=\"description\" content=\"\u00bfQui\u00e9n dice que todos los leones tienen que ser feroces? Ser\u00e1n aquellos que no conocen a Leonard. A Leonard le encanta sentir el c\u00e1lido sol sobre su\" \/>\n<meta name=\"robots\" content=\"index, follow, max-snippet:-1, max-image-preview:large, max-video-preview:-1\" \/>\n<link rel=\"canonical\" href=\"https:\/\/www.editorialjuventud.es\/como-ser-un-leon-9788426144881\/\" \/>\n<meta property=\"og:locale\" content=\"ca_ES\" \/>\n<meta property=\"og:type\" content=\"article\" \/>\n<meta property=\"og:title\" content=\"C\u00f3mo ser un le\u00f3n - Editorial Juventud\" \/>\n<meta property=\"og:description\" content=\"\u00bfQui\u00e9n dice que todos los leones tienen que ser feroces? Ser\u00e1n aquellos que no conocen a Leonard. A Leonard le encanta sentir el c\u00e1lido sol sobre su\" \/>\n<meta property=\"og:url\" content=\"https:\/\/www.editorialjuventud.es\/como-ser-un-leon-9788426144881\/\" \/>\n<meta property=\"og:site_name\" content=\"Editorial Juventud\" \/>\n<meta property=\"article:modified_time\" content=\"2025-01-22T11:59:31+00:00\" \/>\n<meta property=\"og:image\" content=\"https:\/\/www.editorialjuventud.es\/wp-content\/uploads\/9788426144881.jpg\" \/>\n\t<meta property=\"og:image:width\" content=\"1284\" \/>\n\t<meta property=\"og:image:height\" content=\"1689\" \/>\n\t<meta property=\"og:image:type\" content=\"image\/jpeg\" \/>\n<meta name=\"twitter:card\" content=\"summary_large_image\" \/>\n<meta name=\"twitter:label1\" content=\"Temps estimat de lectura\" \/>\n\t<meta name=\"twitter:data1\" content=\"1 minut\" \/>\n<script type=\"application\/ld+json\" class=\"yoast-schema-graph\">{\"@context\":\"https:\\\/\\\/schema.org\",\"@graph\":[{\"@type\":\"WebPage\",\"@id\":\"https:\\\/\\\/www.editorialjuventud.es\\\/como-ser-un-leon-9788426144881\\\/\",\"url\":\"https:\\\/\\\/www.editorialjuventud.es\\\/como-ser-un-leon-9788426144881\\\/\",\"name\":\"C\u00f3mo ser un le\u00f3n - Editorial Juventud\",\"isPartOf\":{\"@id\":\"https:\\\/\\\/www.editorialjuventud.es\\\/#website\"},\"primaryImageOfPage\":{\"@id\":\"https:\\\/\\\/www.editorialjuventud.es\\\/como-ser-un-leon-9788426144881\\\/#primaryimage\"},\"image\":{\"@id\":\"https:\\\/\\\/www.editorialjuventud.es\\\/como-ser-un-leon-9788426144881\\\/#primaryimage\"},\"thumbnailUrl\":\"https:\\\/\\\/www.editorialjuventud.es\\\/wp-content\\\/uploads\\\/9788426144881.jpg\",\"datePublished\":\"2018-10-26T07:29:09+00:00\",\"dateModified\":\"2025-01-22T11:59:31+00:00\",\"description\":\"\u00bfQui\u00e9n dice que todos los leones tienen que ser feroces? Ser\u00e1n aquellos que no conocen a Leonard. A Leonard le encanta sentir el c\u00e1lido sol sobre su\",\"breadcrumb\":{\"@id\":\"https:\\\/\\\/www.editorialjuventud.es\\\/como-ser-un-leon-9788426144881\\\/#breadcrumb\"},\"inLanguage\":\"ca\",\"potentialAction\":[{\"@type\":\"ReadAction\",\"target\":[\"https:\\\/\\\/www.editorialjuventud.es\\\/como-ser-un-leon-9788426144881\\\/\"]}]},{\"@type\":\"ImageObject\",\"inLanguage\":\"ca\",\"@id\":\"https:\\\/\\\/www.editorialjuventud.es\\\/como-ser-un-leon-9788426144881\\\/#primaryimage\",\"url\":\"https:\\\/\\\/www.editorialjuventud.es\\\/wp-content\\\/uploads\\\/9788426144881.jpg\",\"contentUrl\":\"https:\\\/\\\/www.editorialjuventud.es\\\/wp-content\\\/uploads\\\/9788426144881.jpg\",\"width\":1284,\"height\":1689,\"caption\":\"9788426144881.jpg\"},{\"@type\":\"BreadcrumbList\",\"@id\":\"https:\\\/\\\/www.editorialjuventud.es\\\/como-ser-un-leon-9788426144881\\\/#breadcrumb\",\"itemListElement\":[{\"@type\":\"ListItem\",\"position\":1,\"name\":\"Portada\",\"item\":\"https:\\\/\\\/www.editorialjuventud.es\\\/\"},{\"@type\":\"ListItem\",\"position\":2,\"name\":\"cat\u00e1logo\",\"item\":\"https:\\\/\\\/www.editorialjuventud.es\\\/coleccion\\\/catalogo\\\/\"},{\"@type\":\"ListItem\",\"position\":3,\"name\":\"castellano\",\"item\":\"https:\\\/\\\/www.editorialjuventud.es\\\/coleccion\\\/castellano\\\/\"},{\"@type\":\"ListItem\",\"position\":4,\"name\":\"\u00c1lbumes Ilustrados\",\"item\":\"https:\\\/\\\/www.editorialjuventud.es\\\/coleccion\\\/albumes-ilustrados\\\/\"},{\"@type\":\"ListItem\",\"position\":5,\"name\":\"Crecer en Valores\",\"item\":\"https:\\\/\\\/www.editorialjuventud.es\\\/coleccion\\\/crecer-en-valores\\\/\"},{\"@type\":\"ListItem\",\"position\":6,\"name\":\"C\u00f3mo ser un le\u00f3n\"}]},{\"@type\":\"WebSite\",\"@id\":\"https:\\\/\\\/www.editorialjuventud.es\\\/#website\",\"url\":\"https:\\\/\\\/www.editorialjuventud.es\\\/\",\"name\":\"Editorial Juventud\",\"description\":\"\",\"potentialAction\":[{\"@type\":\"SearchAction\",\"target\":{\"@type\":\"EntryPoint\",\"urlTemplate\":\"https:\\\/\\\/www.editorialjuventud.es\\\/?s={search_term_string}\"},\"query-input\":{\"@type\":\"PropertyValueSpecification\",\"valueRequired\":true,\"valueName\":\"search_term_string\"}}],\"inLanguage\":\"ca\"}]}<\/script>\n<!-- \/ Yoast SEO plugin. -->","yoast_head_json":{"title":"C\u00f3mo ser un le\u00f3n - Editorial Juventud","description":"\u00bfQui\u00e9n dice que todos los leones tienen que ser feroces? Ser\u00e1n aquellos que no conocen a Leonard. A Leonard le encanta sentir el c\u00e1lido sol sobre su","robots":{"index":"index","follow":"follow","max-snippet":"max-snippet:-1","max-image-preview":"max-image-preview:large","max-video-preview":"max-video-preview:-1"},"canonical":"https:\/\/www.editorialjuventud.es\/como-ser-un-leon-9788426144881\/","og_locale":"ca_ES","og_type":"article","og_title":"C\u00f3mo ser un le\u00f3n - Editorial Juventud","og_description":"\u00bfQui\u00e9n dice que todos los leones tienen que ser feroces? Ser\u00e1n aquellos que no conocen a Leonard. A Leonard le encanta sentir el c\u00e1lido sol sobre su","og_url":"https:\/\/www.editorialjuventud.es\/como-ser-un-leon-9788426144881\/","og_site_name":"Editorial Juventud","article_modified_time":"2025-01-22T11:59:31+00:00","og_image":[{"width":1284,"height":1689,"url":"https:\/\/www.editorialjuventud.es\/wp-content\/uploads\/9788426144881.jpg","type":"image\/jpeg"}],"twitter_card":"summary_large_image","twitter_misc":{"Temps estimat de lectura":"1 minut"},"schema":{"@context":"https:\/\/schema.org","@graph":[{"@type":"WebPage","@id":"https:\/\/www.editorialjuventud.es\/como-ser-un-leon-9788426144881\/","url":"https:\/\/www.editorialjuventud.es\/como-ser-un-leon-9788426144881\/","name":"C\u00f3mo ser un le\u00f3n - Editorial Juventud","isPartOf":{"@id":"https:\/\/www.editorialjuventud.es\/#website"},"primaryImageOfPage":{"@id":"https:\/\/www.editorialjuventud.es\/como-ser-un-leon-9788426144881\/#primaryimage"},"image":{"@id":"https:\/\/www.editorialjuventud.es\/como-ser-un-leon-9788426144881\/#primaryimage"},"thumbnailUrl":"https:\/\/www.editorialjuventud.es\/wp-content\/uploads\/9788426144881.jpg","datePublished":"2018-10-26T07:29:09+00:00","dateModified":"2025-01-22T11:59:31+00:00","description":"\u00bfQui\u00e9n dice que todos los leones tienen que ser feroces? Ser\u00e1n aquellos que no conocen a Leonard. A Leonard le encanta sentir el c\u00e1lido sol sobre su","breadcrumb":{"@id":"https:\/\/www.editorialjuventud.es\/como-ser-un-leon-9788426144881\/#breadcrumb"},"inLanguage":"ca","potentialAction":[{"@type":"ReadAction","target":["https:\/\/www.editorialjuventud.es\/como-ser-un-leon-9788426144881\/"]}]},{"@type":"ImageObject","inLanguage":"ca","@id":"https:\/\/www.editorialjuventud.es\/como-ser-un-leon-9788426144881\/#primaryimage","url":"https:\/\/www.editorialjuventud.es\/wp-content\/uploads\/9788426144881.jpg","contentUrl":"https:\/\/www.editorialjuventud.es\/wp-content\/uploads\/9788426144881.jpg","width":1284,"height":1689,"caption":"9788426144881.jpg"},{"@type":"BreadcrumbList","@id":"https:\/\/www.editorialjuventud.es\/como-ser-un-leon-9788426144881\/#breadcrumb","itemListElement":[{"@type":"ListItem","position":1,"name":"Portada","item":"https:\/\/www.editorialjuventud.es\/"},{"@type":"ListItem","position":2,"name":"cat\u00e1logo","item":"https:\/\/www.editorialjuventud.es\/coleccion\/catalogo\/"},{"@type":"ListItem","position":3,"name":"castellano","item":"https:\/\/www.editorialjuventud.es\/coleccion\/castellano\/"},{"@type":"ListItem","position":4,"name":"\u00c1lbumes Ilustrados","item":"https:\/\/www.editorialjuventud.es\/coleccion\/albumes-ilustrados\/"},{"@type":"ListItem","position":5,"name":"Crecer en Valores","item":"https:\/\/www.editorialjuventud.es\/coleccion\/crecer-en-valores\/"},{"@type":"ListItem","position":6,"name":"C\u00f3mo ser un le\u00f3n"}]},{"@type":"WebSite","@id":"https:\/\/www.editorialjuventud.es\/#website","url":"https:\/\/www.editorialjuventud.es\/","name":"Editorial Juventud","description":"","potentialAction":[{"@type":"SearchAction","target":{"@type":"EntryPoint","urlTemplate":"https:\/\/www.editorialjuventud.es\/?s={search_term_string}"},"query-input":{"@type":"PropertyValueSpecification","valueRequired":true,"valueName":"search_term_string"}}],"inLanguage":"ca"}]}},"_links":{"self":[{"href":"https:\/\/www.editorialjuventud.es\/ca\/wp-json\/wp\/v2\/product\/18914","targetHints":{"allow":["GET"]}}],"collection":[{"href":"https:\/\/www.editorialjuventud.es\/ca\/wp-json\/wp\/v2\/product"}],"about":[{"href":"https:\/\/www.editorialjuventud.es\/ca\/wp-json\/wp\/v2\/types\/product"}],"wp:featuredmedia":[{"embeddable":true,"href":"https:\/\/www.editorialjuventud.es\/ca\/wp-json\/wp\/v2\/media\/18915"}],"wp:attachment":[{"href":"https:\/\/www.editorialjuventud.es\/ca\/wp-json\/wp\/v2\/media?parent=18914"}],"wp:term":[{"taxonomy":"product_brand","embeddable":true,"href":"https:\/\/www.editorialjuventud.es\/ca\/wp-json\/wp\/v2\/product_brand?post=18914"},{"taxonomy":"product_cat","embeddable":true,"href":"https:\/\/www.editorialjuventud.es\/ca\/wp-json\/wp\/v2\/product_cat?post=18914"},{"taxonomy":"product_tag","embeddable":true,"href":"https:\/\/www.editorialjuventud.es\/ca\/wp-json\/wp\/v2\/product_tag?post=18914"},{"taxonomy":"coleccion","embeddable":true,"href":"https:\/\/www.editorialjuventud.es\/ca\/wp-json\/wp\/v2\/coleccion?post=18914"}],"curies":[{"name":"wp","href":"https:\/\/api.w.org\/{rel}","templated":true}]}}