{"id":18908,"date":"2018-10-26T09:28:12","date_gmt":"2018-10-26T07:28:12","guid":{"rendered":"http:\/\/www.editorialjuventud.es\/muy-dormido-muy-despierto-9788426144607\/"},"modified":"2025-01-22T13:01:18","modified_gmt":"2025-01-22T12:01:18","slug":"muy-dormido-muy-despierto-9788426144607","status":"publish","type":"product","link":"https:\/\/www.editorialjuventud.es\/ca\/muy-dormido-muy-despierto-9788426144607\/","title":{"rendered":"Muy dormido, muy despierto"},"content":{"rendered":"<p>Cansado, pero muuuy despierto: \u00a1la eterna batalla de la hora de acostarse! Hay muchos personajes en este alegre libro de cart\u00f3n que no pueden quedarse dormidos ni con la mejor de sus intenciones.<br \/>El erizo, el zorro, el burro, el pel\u00edcano y el cocodrilo est\u00e1n muuuy dormidos. Pero la foca est\u00e1 muuuy despierta. Salta de la cama porque necesita hacer pip\u00ed. Ahora es el cocodrilo quien est\u00e1 muuuy despierto, porque se ha olvidado de lavarse los dientes&#8230;<br \/>Uno a uno, los animales saltan de la cama y salen de la habitaci\u00f3n. La puerta se abre, la puerta se cierra.<br \/>Esta divertida fuga de la cama solo puede terminar con un beso de buenas noches. Y al final una broma que har\u00e1 que la diversi\u00f3n comience de nuevo&#8230;<br \/>\u00a1Un divertido libro de antes de ir a dormir para ni\u00f1os muuuy despiertos!<\/p>\n","protected":false},"excerpt":{"rendered":"Cansado, pero muuuy despierto: \u00a1la eterna batalla de la hora de acostarse! Hay muchos personajes en este alegre libro de cart\u00f3n que no pueden quedarse dormidos ni con la mejor de sus intenciones.El erizo, el zorro, el burro, el pel\u00edcano [&hellip;]","protected":false},"featured_media":18909,"template":"","meta":{"_acf_changed":false,"_exactmetrics_skip_tracking":false,"_exactmetrics_sitenote_active":false,"_exactmetrics_sitenote_note":"","_exactmetrics_sitenote_category":0},"product_brand":[],"product_cat":[898,1136,907,1165,1184,1122],"product_tag":[],"coleccion":[916,1322,1296],"class_list":{"0":"post-18908","1":"product","2":"type-product","3":"status-publish","4":"has-post-thumbnail","6":"product_cat-a-partir-de-2-anos","7":"product_cat-amistad","8":"product_cat-de-0-a-2-anos","9":"product_cat-dormir-sueno","10":"product_cat-humor","11":"product_cat-libros-de-carton","12":"coleccion-castellano","13":"coleccion-mejor-con-amigos","14":"coleccion-mis-primeros-libros","16":"first","17":"instock","18":"taxable","19":"shipping-taxable","20":"purchasable","21":"product-type-simple"},"acf":{"indice":"","autor":"Stra\u00dfer, Susanne","codart":"4460","ediciones":"3","encuadernacion":"Cart\u00f3n","fecha_de_publicacion":"01\/02\/2018","novedad":"0","paginas":"24","subtitulo":"","texto_web_adicional":"","autores-libros":[16631],"ilustradores-libros":[16631],"texto_web_novedad":"","orden":"999","portada":"0","texto_web_resaltado":"","traductores-libros":[18265],"descripcion_corta":"","recomendamos":"","mas_vendido":"","idioma-libro":"","color":false,"formato":"","mas_informacion_del_producto":false,"premios":false,"texto_enlace_cubierta":"","enlace_cubierta":{"ID":24200,"id":24200,"title":"muy-dormido-muy-despierto-cover","filename":"muy-dormido-muy-despierto-cover.jpg","filesize":221510,"url":"https:\/\/www.editorialjuventud.es\/wp-content\/uploads\/muy-dormido-muy-despierto-cover.jpg","link":"https:\/\/www.editorialjuventud.es\/ca\/?attachment_id=24200","alt":"","author":"47","description":"","caption":"","name":"muy-dormido-muy-despierto-cover","status":"inherit","uploaded_to":18908,"date":"2019-04-15 16:52:20","modified":"2019-04-15 16:52:20","menu_order":0,"mime_type":"image\/jpeg","type":"image","subtype":"jpeg","icon":"https:\/\/www.editorialjuventud.es\/wp-includes\/images\/media\/default.png","width":1200,"height":902,"sizes":{"thumbnail":"https:\/\/www.editorialjuventud.es\/wp-content\/uploads\/muy-dormido-muy-despierto-cover-200x200.jpg","thumbnail-width":200,"thumbnail-height":200,"medium":"https:\/\/www.editorialjuventud.es\/wp-content\/uploads\/muy-dormido-muy-despierto-cover.jpg","medium-width":1200,"medium-height":902,"medium_large":"https:\/\/www.editorialjuventud.es\/wp-content\/uploads\/muy-dormido-muy-despierto-cover-768x577.jpg","medium_large-width":768,"medium_large-height":577,"large":"https:\/\/www.editorialjuventud.es\/wp-content\/uploads\/muy-dormido-muy-despierto-cover.jpg","large-width":1200,"large-height":902,"1536x1536":"https:\/\/www.editorialjuventud.es\/wp-content\/uploads\/muy-dormido-muy-despierto-cover.jpg","1536x1536-width":1200,"1536x1536-height":902,"2048x2048":"https:\/\/www.editorialjuventud.es\/wp-content\/uploads\/muy-dormido-muy-despierto-cover.jpg","2048x2048-width":1200,"2048x2048-height":902,"woocommerce_thumbnail":"https:\/\/www.editorialjuventud.es\/wp-content\/uploads\/muy-dormido-muy-despierto-cover-350x263.jpg","woocommerce_thumbnail-width":350,"woocommerce_thumbnail-height":263,"woocommerce_single":"https:\/\/www.editorialjuventud.es\/wp-content\/uploads\/muy-dormido-muy-despierto-cover-900x677.jpg","woocommerce_single-width":900,"woocommerce_single-height":677,"woocommerce_gallery_thumbnail":"https:\/\/www.editorialjuventud.es\/wp-content\/uploads\/muy-dormido-muy-despierto-cover-100x100.jpg","woocommerce_gallery_thumbnail-width":100,"woocommerce_gallery_thumbnail-height":100,"ppec_logo_image_size":"https:\/\/www.editorialjuventud.es\/wp-content\/uploads\/muy-dormido-muy-despierto-cover.jpg","ppec_logo_image_size-width":80,"ppec_logo_image_size-height":60,"ppec_header_image_size":"https:\/\/www.editorialjuventud.es\/wp-content\/uploads\/muy-dormido-muy-despierto-cover.jpg","ppec_header_image_size-width":120,"ppec_header_image_size-height":90}},"texto_enlace_ficha_tecnica":"","enlace_ficha_tecnica":{"ID":24202,"id":24202,"title":"Muy dormido, muy despierto Ficha","filename":"Muy-dormido-muy-despierto-Ficha.pdf","filesize":275798,"url":"https:\/\/www.editorialjuventud.es\/wp-content\/uploads\/Muy-dormido-muy-despierto-Ficha.pdf","link":"https:\/\/www.editorialjuventud.es\/ca\/?attachment_id=24202","alt":"","author":"47","description":"","caption":"","name":"muy-dormido-muy-despierto-ficha","status":"inherit","uploaded_to":18908,"date":"2019-04-15 16:52:37","modified":"2019-04-15 16:52:37","menu_order":0,"mime_type":"application\/pdf","type":"application","subtype":"pdf","icon":"https:\/\/www.editorialjuventud.es\/wp-includes\/images\/media\/document.png"},"ficheros":false,"titulo-fr":"","texto-fr":"","fecha_de_reimpresion":"01\/11\/2019","deshabilitar_compra":[]},"yoast_head":"<!-- This site is optimized with the Yoast SEO plugin v27.5 - https:\/\/yoast.com\/product\/yoast-seo-wordpress\/ -->\n<title>Muy dormido, muy despierto - Editorial Juventud<\/title>\n<meta name=\"description\" content=\"Cansado, pero muuuy despierto: \u00a1la eterna batalla de la hora de acostarse! Hay muchos personajes en este alegre libro de cart\u00f3n que no pueden quedarse\" \/>\n<meta name=\"robots\" content=\"index, follow, max-snippet:-1, max-image-preview:large, max-video-preview:-1\" \/>\n<link rel=\"canonical\" href=\"https:\/\/www.editorialjuventud.es\/muy-dormido-muy-despierto-9788426144607\/\" \/>\n<meta property=\"og:locale\" content=\"ca_ES\" \/>\n<meta property=\"og:type\" content=\"article\" \/>\n<meta property=\"og:title\" content=\"Muy dormido, muy despierto - Editorial Juventud\" \/>\n<meta property=\"og:description\" content=\"Cansado, pero muuuy despierto: \u00a1la eterna batalla de la hora de acostarse! Hay muchos personajes en este alegre libro de cart\u00f3n que no pueden quedarse\" \/>\n<meta property=\"og:url\" content=\"https:\/\/www.editorialjuventud.es\/muy-dormido-muy-despierto-9788426144607\/\" \/>\n<meta property=\"og:site_name\" content=\"Editorial Juventud\" \/>\n<meta property=\"article:modified_time\" content=\"2025-01-22T12:01:18+00:00\" \/>\n<meta property=\"og:image\" content=\"https:\/\/www.editorialjuventud.es\/wp-content\/uploads\/9788426144607.jpg\" \/>\n\t<meta property=\"og:image:width\" content=\"1200\" \/>\n\t<meta property=\"og:image:height\" content=\"902\" \/>\n\t<meta property=\"og:image:type\" content=\"image\/jpeg\" \/>\n<meta name=\"twitter:card\" content=\"summary_large_image\" \/>\n<meta name=\"twitter:label1\" content=\"Temps estimat de lectura\" \/>\n\t<meta name=\"twitter:data1\" content=\"1 minut\" \/>\n<script type=\"application\/ld+json\" class=\"yoast-schema-graph\">{\"@context\":\"https:\\\/\\\/schema.org\",\"@graph\":[{\"@type\":\"WebPage\",\"@id\":\"https:\\\/\\\/www.editorialjuventud.es\\\/muy-dormido-muy-despierto-9788426144607\\\/\",\"url\":\"https:\\\/\\\/www.editorialjuventud.es\\\/muy-dormido-muy-despierto-9788426144607\\\/\",\"name\":\"Muy dormido, muy despierto - Editorial Juventud\",\"isPartOf\":{\"@id\":\"https:\\\/\\\/www.editorialjuventud.es\\\/#website\"},\"primaryImageOfPage\":{\"@id\":\"https:\\\/\\\/www.editorialjuventud.es\\\/muy-dormido-muy-despierto-9788426144607\\\/#primaryimage\"},\"image\":{\"@id\":\"https:\\\/\\\/www.editorialjuventud.es\\\/muy-dormido-muy-despierto-9788426144607\\\/#primaryimage\"},\"thumbnailUrl\":\"https:\\\/\\\/www.editorialjuventud.es\\\/wp-content\\\/uploads\\\/9788426144607.jpg\",\"datePublished\":\"2018-10-26T07:28:12+00:00\",\"dateModified\":\"2025-01-22T12:01:18+00:00\",\"description\":\"Cansado, pero muuuy despierto: \u00a1la eterna batalla de la hora de acostarse! Hay muchos personajes en este alegre libro de cart\u00f3n que no pueden quedarse\",\"breadcrumb\":{\"@id\":\"https:\\\/\\\/www.editorialjuventud.es\\\/muy-dormido-muy-despierto-9788426144607\\\/#breadcrumb\"},\"inLanguage\":\"ca\",\"potentialAction\":[{\"@type\":\"ReadAction\",\"target\":[\"https:\\\/\\\/www.editorialjuventud.es\\\/muy-dormido-muy-despierto-9788426144607\\\/\"]}]},{\"@type\":\"ImageObject\",\"inLanguage\":\"ca\",\"@id\":\"https:\\\/\\\/www.editorialjuventud.es\\\/muy-dormido-muy-despierto-9788426144607\\\/#primaryimage\",\"url\":\"https:\\\/\\\/www.editorialjuventud.es\\\/wp-content\\\/uploads\\\/9788426144607.jpg\",\"contentUrl\":\"https:\\\/\\\/www.editorialjuventud.es\\\/wp-content\\\/uploads\\\/9788426144607.jpg\",\"width\":1200,\"height\":902,\"caption\":\"9788426144607.jpg\"},{\"@type\":\"BreadcrumbList\",\"@id\":\"https:\\\/\\\/www.editorialjuventud.es\\\/muy-dormido-muy-despierto-9788426144607\\\/#breadcrumb\",\"itemListElement\":[{\"@type\":\"ListItem\",\"position\":1,\"name\":\"Portada\",\"item\":\"https:\\\/\\\/www.editorialjuventud.es\\\/\"},{\"@type\":\"ListItem\",\"position\":2,\"name\":\"cat\u00e1logo\",\"item\":\"https:\\\/\\\/www.editorialjuventud.es\\\/coleccion\\\/catalogo\\\/\"},{\"@type\":\"ListItem\",\"position\":3,\"name\":\"castellano\",\"item\":\"https:\\\/\\\/www.editorialjuventud.es\\\/coleccion\\\/castellano\\\/\"},{\"@type\":\"ListItem\",\"position\":4,\"name\":\"Mis Primeros Libros\",\"item\":\"https:\\\/\\\/www.editorialjuventud.es\\\/coleccion\\\/mis-primeros-libros\\\/\"},{\"@type\":\"ListItem\",\"position\":5,\"name\":\"Mejor con Amigos\",\"item\":\"https:\\\/\\\/www.editorialjuventud.es\\\/ca\\\/coleccion\\\/mejor-con-amigos\\\/\"},{\"@type\":\"ListItem\",\"position\":6,\"name\":\"Muy dormido, muy despierto\"}]},{\"@type\":\"WebSite\",\"@id\":\"https:\\\/\\\/www.editorialjuventud.es\\\/#website\",\"url\":\"https:\\\/\\\/www.editorialjuventud.es\\\/\",\"name\":\"Editorial Juventud\",\"description\":\"\",\"potentialAction\":[{\"@type\":\"SearchAction\",\"target\":{\"@type\":\"EntryPoint\",\"urlTemplate\":\"https:\\\/\\\/www.editorialjuventud.es\\\/?s={search_term_string}\"},\"query-input\":{\"@type\":\"PropertyValueSpecification\",\"valueRequired\":true,\"valueName\":\"search_term_string\"}}],\"inLanguage\":\"ca\"}]}<\/script>\n<!-- \/ Yoast SEO plugin. -->","yoast_head_json":{"title":"Muy dormido, muy despierto - Editorial Juventud","description":"Cansado, pero muuuy despierto: \u00a1la eterna batalla de la hora de acostarse! Hay muchos personajes en este alegre libro de cart\u00f3n que no pueden quedarse","robots":{"index":"index","follow":"follow","max-snippet":"max-snippet:-1","max-image-preview":"max-image-preview:large","max-video-preview":"max-video-preview:-1"},"canonical":"https:\/\/www.editorialjuventud.es\/muy-dormido-muy-despierto-9788426144607\/","og_locale":"ca_ES","og_type":"article","og_title":"Muy dormido, muy despierto - Editorial Juventud","og_description":"Cansado, pero muuuy despierto: \u00a1la eterna batalla de la hora de acostarse! Hay muchos personajes en este alegre libro de cart\u00f3n que no pueden quedarse","og_url":"https:\/\/www.editorialjuventud.es\/muy-dormido-muy-despierto-9788426144607\/","og_site_name":"Editorial Juventud","article_modified_time":"2025-01-22T12:01:18+00:00","og_image":[{"width":1200,"height":902,"url":"https:\/\/www.editorialjuventud.es\/wp-content\/uploads\/9788426144607.jpg","type":"image\/jpeg"}],"twitter_card":"summary_large_image","twitter_misc":{"Temps estimat de lectura":"1 minut"},"schema":{"@context":"https:\/\/schema.org","@graph":[{"@type":"WebPage","@id":"https:\/\/www.editorialjuventud.es\/muy-dormido-muy-despierto-9788426144607\/","url":"https:\/\/www.editorialjuventud.es\/muy-dormido-muy-despierto-9788426144607\/","name":"Muy dormido, muy despierto - Editorial Juventud","isPartOf":{"@id":"https:\/\/www.editorialjuventud.es\/#website"},"primaryImageOfPage":{"@id":"https:\/\/www.editorialjuventud.es\/muy-dormido-muy-despierto-9788426144607\/#primaryimage"},"image":{"@id":"https:\/\/www.editorialjuventud.es\/muy-dormido-muy-despierto-9788426144607\/#primaryimage"},"thumbnailUrl":"https:\/\/www.editorialjuventud.es\/wp-content\/uploads\/9788426144607.jpg","datePublished":"2018-10-26T07:28:12+00:00","dateModified":"2025-01-22T12:01:18+00:00","description":"Cansado, pero muuuy despierto: \u00a1la eterna batalla de la hora de acostarse! Hay muchos personajes en este alegre libro de cart\u00f3n que no pueden quedarse","breadcrumb":{"@id":"https:\/\/www.editorialjuventud.es\/muy-dormido-muy-despierto-9788426144607\/#breadcrumb"},"inLanguage":"ca","potentialAction":[{"@type":"ReadAction","target":["https:\/\/www.editorialjuventud.es\/muy-dormido-muy-despierto-9788426144607\/"]}]},{"@type":"ImageObject","inLanguage":"ca","@id":"https:\/\/www.editorialjuventud.es\/muy-dormido-muy-despierto-9788426144607\/#primaryimage","url":"https:\/\/www.editorialjuventud.es\/wp-content\/uploads\/9788426144607.jpg","contentUrl":"https:\/\/www.editorialjuventud.es\/wp-content\/uploads\/9788426144607.jpg","width":1200,"height":902,"caption":"9788426144607.jpg"},{"@type":"BreadcrumbList","@id":"https:\/\/www.editorialjuventud.es\/muy-dormido-muy-despierto-9788426144607\/#breadcrumb","itemListElement":[{"@type":"ListItem","position":1,"name":"Portada","item":"https:\/\/www.editorialjuventud.es\/"},{"@type":"ListItem","position":2,"name":"cat\u00e1logo","item":"https:\/\/www.editorialjuventud.es\/coleccion\/catalogo\/"},{"@type":"ListItem","position":3,"name":"castellano","item":"https:\/\/www.editorialjuventud.es\/coleccion\/castellano\/"},{"@type":"ListItem","position":4,"name":"Mis Primeros Libros","item":"https:\/\/www.editorialjuventud.es\/coleccion\/mis-primeros-libros\/"},{"@type":"ListItem","position":5,"name":"Mejor con Amigos","item":"https:\/\/www.editorialjuventud.es\/ca\/coleccion\/mejor-con-amigos\/"},{"@type":"ListItem","position":6,"name":"Muy dormido, muy despierto"}]},{"@type":"WebSite","@id":"https:\/\/www.editorialjuventud.es\/#website","url":"https:\/\/www.editorialjuventud.es\/","name":"Editorial Juventud","description":"","potentialAction":[{"@type":"SearchAction","target":{"@type":"EntryPoint","urlTemplate":"https:\/\/www.editorialjuventud.es\/?s={search_term_string}"},"query-input":{"@type":"PropertyValueSpecification","valueRequired":true,"valueName":"search_term_string"}}],"inLanguage":"ca"}]}},"_links":{"self":[{"href":"https:\/\/www.editorialjuventud.es\/ca\/wp-json\/wp\/v2\/product\/18908","targetHints":{"allow":["GET"]}}],"collection":[{"href":"https:\/\/www.editorialjuventud.es\/ca\/wp-json\/wp\/v2\/product"}],"about":[{"href":"https:\/\/www.editorialjuventud.es\/ca\/wp-json\/wp\/v2\/types\/product"}],"wp:featuredmedia":[{"embeddable":true,"href":"https:\/\/www.editorialjuventud.es\/ca\/wp-json\/wp\/v2\/media\/18909"}],"wp:attachment":[{"href":"https:\/\/www.editorialjuventud.es\/ca\/wp-json\/wp\/v2\/media?parent=18908"}],"wp:term":[{"taxonomy":"product_brand","embeddable":true,"href":"https:\/\/www.editorialjuventud.es\/ca\/wp-json\/wp\/v2\/product_brand?post=18908"},{"taxonomy":"product_cat","embeddable":true,"href":"https:\/\/www.editorialjuventud.es\/ca\/wp-json\/wp\/v2\/product_cat?post=18908"},{"taxonomy":"product_tag","embeddable":true,"href":"https:\/\/www.editorialjuventud.es\/ca\/wp-json\/wp\/v2\/product_tag?post=18908"},{"taxonomy":"coleccion","embeddable":true,"href":"https:\/\/www.editorialjuventud.es\/ca\/wp-json\/wp\/v2\/coleccion?post=18908"}],"curies":[{"name":"wp","href":"https:\/\/api.w.org\/{rel}","templated":true}]}}