{"id":18817,"date":"2018-10-24T11:57:40","date_gmt":"2018-10-24T09:57:40","guid":{"rendered":"http:\/\/www.editorialjuventud.es\/escampar-la-boira-9788426145413\/"},"modified":"2025-01-22T12:56:52","modified_gmt":"2025-01-22T11:56:52","slug":"escampar-la-boira-9788426145413","status":"publish","type":"product","link":"https:\/\/www.editorialjuventud.es\/ca\/escampar-la-boira-9788426145413\/","title":{"rendered":"Escampar la boira"},"content":{"rendered":"<p>Aquest c\u00f2mic de gran format ens narra les aventures d?una colla d?amics que, tot buscant un lloc lluny\u00e0 on escapar-se es trobaran amb una situaci\u00f3 inesperada que els far\u00e0 canviar d?opini\u00f3. Un llibre que amb subtilesa, humor i en el format d?aventures m\u00e9s preferit per els nens serveix per parlar de l?empatia, de trobar el lloc en d?un mateix en el m\u00f3n i per donar-se compte que, a vegades, canviant una mica de perspectiva es veuen les coses d?una manera molt diferent. Al final del llibre trobem un joc final amb el que es pot construir el rai de la historia gr\u00e0cies a una maqueta retallable i les instruccions de com muntar-la.<\/p>\n","protected":false},"excerpt":{"rendered":"Aquest c\u00f2mic de gran format ens narra les aventures d?una colla d?amics que, tot buscant un lloc lluny\u00e0 on escapar-se es trobaran amb una situaci\u00f3 inesperada que els far\u00e0 canviar d?opini\u00f3. Un llibre que amb subtilesa, humor i en el [&hellip;]","protected":false},"featured_media":18818,"template":"","meta":{"_acf_changed":false,"_exactmetrics_skip_tracking":false,"_exactmetrics_sitenote_active":false,"_exactmetrics_sitenote_note":"","_exactmetrics_sitenote_category":0},"product_brand":[],"product_cat":[902,1136,1142,1143,1127,1156,1291,1126,1192],"product_tag":[],"coleccion":[922],"class_list":{"0":"post-18817","1":"product","2":"type-product","3":"status-publish","4":"has-post-thumbnail","6":"product_cat-a-partir-de-7-anos","7":"product_cat-amistad","8":"product_cat-aventura","9":"product_cat-barcos","10":"product_cat-comic","11":"product_cat-cooperacion","12":"product_cat-libro-juego","13":"product_cat-manualidades","14":"product_cat-manualidades-tematica","15":"coleccion-joventut-comic","17":"first","18":"instock","19":"taxable","20":"shipping-taxable","21":"purchasable","22":"product-type-simple"},"acf":{"indice":"","autor":"Cruchaudet, Chole","codart":"4541","ediciones":"1","encuadernacion":"","fecha_de_publicacion":"01\/10\/2018","novedad":"0","paginas":"28","subtitulo":"","texto_web_adicional":"","autores-libros":[18441],"ilustradores-libros":[18441],"texto_web_novedad":"","orden":"999","portada":"0","texto_web_resaltado":"","traductores-libros":[18265],"descripcion_corta":"","recomendamos":"","mas_vendido":"","color":false,"formato":"","mas_informacion_del_producto":false,"premios":false,"texto_enlace_cubierta":"","enlace_cubierta":{"ID":19031,"id":19031,"title":"cover ESCAMPAR LA BOIRA.indd","filename":"Escampar-la-boira-ok-Cover.jpg","filesize":640992,"url":"https:\/\/www.editorialjuventud.es\/wp-content\/uploads\/Escampar-la-boira-ok-Cover.jpg","link":"https:\/\/www.editorialjuventud.es\/ca\/?attachment_id=19031","alt":"","author":"47","description":"","caption":"","name":"cover-escampar-la-boira-indd-2","status":"inherit","uploaded_to":18817,"date":"2018-10-29 11:12:21","modified":"2018-10-29 11:12:21","menu_order":0,"mime_type":"image\/jpeg","type":"image","subtype":"jpeg","icon":"https:\/\/www.editorialjuventud.es\/wp-includes\/images\/media\/default.png","width":1356,"height":1772,"sizes":{"thumbnail":"https:\/\/www.editorialjuventud.es\/wp-content\/uploads\/Escampar-la-boira-ok-Cover-200x200.jpg","thumbnail-width":200,"thumbnail-height":200,"medium":"https:\/\/www.editorialjuventud.es\/wp-content\/uploads\/Escampar-la-boira-ok-Cover.jpg","medium-width":1356,"medium-height":1772,"medium_large":"https:\/\/www.editorialjuventud.es\/wp-content\/uploads\/Escampar-la-boira-ok-Cover-768x1004.jpg","medium_large-width":768,"medium_large-height":1004,"large":"https:\/\/www.editorialjuventud.es\/wp-content\/uploads\/Escampar-la-boira-ok-Cover.jpg","large-width":1356,"large-height":1772,"1536x1536":"https:\/\/www.editorialjuventud.es\/wp-content\/uploads\/Escampar-la-boira-ok-Cover.jpg","1536x1536-width":1175,"1536x1536-height":1536,"2048x2048":"https:\/\/www.editorialjuventud.es\/wp-content\/uploads\/Escampar-la-boira-ok-Cover.jpg","2048x2048-width":1356,"2048x2048-height":1772,"woocommerce_thumbnail":"https:\/\/www.editorialjuventud.es\/wp-content\/uploads\/Escampar-la-boira-ok-Cover-350x457.jpg","woocommerce_thumbnail-width":350,"woocommerce_thumbnail-height":457,"woocommerce_single":"https:\/\/www.editorialjuventud.es\/wp-content\/uploads\/Escampar-la-boira-ok-Cover-900x1176.jpg","woocommerce_single-width":900,"woocommerce_single-height":1176,"woocommerce_gallery_thumbnail":"https:\/\/www.editorialjuventud.es\/wp-content\/uploads\/Escampar-la-boira-ok-Cover-100x100.jpg","woocommerce_gallery_thumbnail-width":100,"woocommerce_gallery_thumbnail-height":100,"ppec_logo_image_size":"https:\/\/www.editorialjuventud.es\/wp-content\/uploads\/Escampar-la-boira-ok-Cover.jpg","ppec_logo_image_size-width":46,"ppec_logo_image_size-height":60,"ppec_header_image_size":"https:\/\/www.editorialjuventud.es\/wp-content\/uploads\/Escampar-la-boira-ok-Cover.jpg","ppec_header_image_size-width":69,"ppec_header_image_size-height":90}},"texto_enlace_ficha_tecnica":"Fitxa t\u00e8cnica","enlace_ficha_tecnica":{"ID":19004,"id":19004,"title":"Fitxa Escampant la boira CAT","filename":"Fitxa-Escampant-la-boira-CAT.pdf","filesize":375547,"url":"https:\/\/www.editorialjuventud.es\/wp-content\/uploads\/Fitxa-Escampant-la-boira-CAT.pdf","link":"https:\/\/www.editorialjuventud.es\/ca\/?attachment_id=19004","alt":"","author":"47","description":"","caption":"","name":"fitxa-escampant-la-boira-cat","status":"inherit","uploaded_to":18805,"date":"2018-10-26 09:42:48","modified":"2018-10-26 09:42:48","menu_order":0,"mime_type":"application\/pdf","type":"application","subtype":"pdf","icon":"https:\/\/www.editorialjuventud.es\/wp-includes\/images\/media\/document.png"},"ficheros":false,"titulo-fr":"","texto-fr":""},"yoast_head":"<!-- This site is optimized with the Yoast SEO plugin v27.3 - https:\/\/yoast.com\/product\/yoast-seo-wordpress\/ -->\n<title>Escampar la boira - Editorial Juventud<\/title>\n<meta name=\"description\" content=\"Aquest c\u00f2mic de gran format ens narra les aventures d?una colla d?amics que, tot buscant un lloc lluny\u00e0 on escapar-se es trobaran amb una situaci\u00f3\" \/>\n<meta name=\"robots\" content=\"index, follow, max-snippet:-1, max-image-preview:large, max-video-preview:-1\" \/>\n<link rel=\"canonical\" href=\"https:\/\/www.editorialjuventud.es\/escampar-la-boira-9788426145413\/\" \/>\n<meta property=\"og:locale\" content=\"ca_ES\" \/>\n<meta property=\"og:type\" content=\"article\" \/>\n<meta property=\"og:title\" content=\"Escampar la boira - Editorial Juventud\" \/>\n<meta property=\"og:description\" content=\"Aquest c\u00f2mic de gran format ens narra les aventures d?una colla d?amics que, tot buscant un lloc lluny\u00e0 on escapar-se es trobaran amb una situaci\u00f3\" \/>\n<meta property=\"og:url\" content=\"https:\/\/www.editorialjuventud.es\/escampar-la-boira-9788426145413\/\" \/>\n<meta property=\"og:site_name\" content=\"Editorial Juventud\" \/>\n<meta property=\"article:modified_time\" content=\"2025-01-22T11:56:52+00:00\" \/>\n<meta property=\"og:image\" content=\"https:\/\/www.editorialjuventud.es\/wp-content\/uploads\/4541cover.jpg\" \/>\n\t<meta property=\"og:image:width\" content=\"678\" \/>\n\t<meta property=\"og:image:height\" content=\"886\" \/>\n\t<meta property=\"og:image:type\" content=\"image\/jpeg\" \/>\n<meta name=\"twitter:card\" content=\"summary_large_image\" \/>\n<meta name=\"twitter:label1\" content=\"Temps estimat de lectura\" \/>\n\t<meta name=\"twitter:data1\" content=\"1 minut\" \/>\n<script type=\"application\/ld+json\" class=\"yoast-schema-graph\">{\"@context\":\"https:\\\/\\\/schema.org\",\"@graph\":[{\"@type\":\"WebPage\",\"@id\":\"https:\\\/\\\/www.editorialjuventud.es\\\/escampar-la-boira-9788426145413\\\/\",\"url\":\"https:\\\/\\\/www.editorialjuventud.es\\\/escampar-la-boira-9788426145413\\\/\",\"name\":\"Escampar la boira - Editorial Juventud\",\"isPartOf\":{\"@id\":\"https:\\\/\\\/www.editorialjuventud.es\\\/#website\"},\"primaryImageOfPage\":{\"@id\":\"https:\\\/\\\/www.editorialjuventud.es\\\/escampar-la-boira-9788426145413\\\/#primaryimage\"},\"image\":{\"@id\":\"https:\\\/\\\/www.editorialjuventud.es\\\/escampar-la-boira-9788426145413\\\/#primaryimage\"},\"thumbnailUrl\":\"https:\\\/\\\/www.editorialjuventud.es\\\/wp-content\\\/uploads\\\/4541cover.jpg\",\"datePublished\":\"2018-10-24T09:57:40+00:00\",\"dateModified\":\"2025-01-22T11:56:52+00:00\",\"description\":\"Aquest c\u00f2mic de gran format ens narra les aventures d?una colla d?amics que, tot buscant un lloc lluny\u00e0 on escapar-se es trobaran amb una situaci\u00f3\",\"breadcrumb\":{\"@id\":\"https:\\\/\\\/www.editorialjuventud.es\\\/escampar-la-boira-9788426145413\\\/#breadcrumb\"},\"inLanguage\":\"ca\",\"potentialAction\":[{\"@type\":\"ReadAction\",\"target\":[\"https:\\\/\\\/www.editorialjuventud.es\\\/escampar-la-boira-9788426145413\\\/\"]}]},{\"@type\":\"ImageObject\",\"inLanguage\":\"ca\",\"@id\":\"https:\\\/\\\/www.editorialjuventud.es\\\/escampar-la-boira-9788426145413\\\/#primaryimage\",\"url\":\"https:\\\/\\\/www.editorialjuventud.es\\\/wp-content\\\/uploads\\\/4541cover.jpg\",\"contentUrl\":\"https:\\\/\\\/www.editorialjuventud.es\\\/wp-content\\\/uploads\\\/4541cover.jpg\",\"width\":678,\"height\":886,\"caption\":\"4541cover.jpg\"},{\"@type\":\"BreadcrumbList\",\"@id\":\"https:\\\/\\\/www.editorialjuventud.es\\\/escampar-la-boira-9788426145413\\\/#breadcrumb\",\"itemListElement\":[{\"@type\":\"ListItem\",\"position\":1,\"name\":\"Portada\",\"item\":\"https:\\\/\\\/www.editorialjuventud.es\\\/\"},{\"@type\":\"ListItem\",\"position\":2,\"name\":\"cat\u00e1logo\",\"item\":\"https:\\\/\\\/www.editorialjuventud.es\\\/coleccion\\\/catalogo\\\/\"},{\"@type\":\"ListItem\",\"position\":3,\"name\":\"catal\u00e0\",\"item\":\"https:\\\/\\\/www.editorialjuventud.es\\\/coleccion\\\/catala\\\/\"},{\"@type\":\"ListItem\",\"position\":4,\"name\":\"Joventut C\u00f2mic\",\"item\":\"https:\\\/\\\/www.editorialjuventud.es\\\/ca\\\/coleccion\\\/joventut-comic\\\/\"},{\"@type\":\"ListItem\",\"position\":5,\"name\":\"Escampar la boira\"}]},{\"@type\":\"WebSite\",\"@id\":\"https:\\\/\\\/www.editorialjuventud.es\\\/#website\",\"url\":\"https:\\\/\\\/www.editorialjuventud.es\\\/\",\"name\":\"Editorial Juventud\",\"description\":\"\",\"potentialAction\":[{\"@type\":\"SearchAction\",\"target\":{\"@type\":\"EntryPoint\",\"urlTemplate\":\"https:\\\/\\\/www.editorialjuventud.es\\\/?s={search_term_string}\"},\"query-input\":{\"@type\":\"PropertyValueSpecification\",\"valueRequired\":true,\"valueName\":\"search_term_string\"}}],\"inLanguage\":\"ca\"}]}<\/script>\n<!-- \/ Yoast SEO plugin. -->","yoast_head_json":{"title":"Escampar la boira - Editorial Juventud","description":"Aquest c\u00f2mic de gran format ens narra les aventures d?una colla d?amics que, tot buscant un lloc lluny\u00e0 on escapar-se es trobaran amb una situaci\u00f3","robots":{"index":"index","follow":"follow","max-snippet":"max-snippet:-1","max-image-preview":"max-image-preview:large","max-video-preview":"max-video-preview:-1"},"canonical":"https:\/\/www.editorialjuventud.es\/escampar-la-boira-9788426145413\/","og_locale":"ca_ES","og_type":"article","og_title":"Escampar la boira - Editorial Juventud","og_description":"Aquest c\u00f2mic de gran format ens narra les aventures d?una colla d?amics que, tot buscant un lloc lluny\u00e0 on escapar-se es trobaran amb una situaci\u00f3","og_url":"https:\/\/www.editorialjuventud.es\/escampar-la-boira-9788426145413\/","og_site_name":"Editorial Juventud","article_modified_time":"2025-01-22T11:56:52+00:00","og_image":[{"width":678,"height":886,"url":"https:\/\/www.editorialjuventud.es\/wp-content\/uploads\/4541cover.jpg","type":"image\/jpeg"}],"twitter_card":"summary_large_image","twitter_misc":{"Temps estimat de lectura":"1 minut"},"schema":{"@context":"https:\/\/schema.org","@graph":[{"@type":"WebPage","@id":"https:\/\/www.editorialjuventud.es\/escampar-la-boira-9788426145413\/","url":"https:\/\/www.editorialjuventud.es\/escampar-la-boira-9788426145413\/","name":"Escampar la boira - Editorial Juventud","isPartOf":{"@id":"https:\/\/www.editorialjuventud.es\/#website"},"primaryImageOfPage":{"@id":"https:\/\/www.editorialjuventud.es\/escampar-la-boira-9788426145413\/#primaryimage"},"image":{"@id":"https:\/\/www.editorialjuventud.es\/escampar-la-boira-9788426145413\/#primaryimage"},"thumbnailUrl":"https:\/\/www.editorialjuventud.es\/wp-content\/uploads\/4541cover.jpg","datePublished":"2018-10-24T09:57:40+00:00","dateModified":"2025-01-22T11:56:52+00:00","description":"Aquest c\u00f2mic de gran format ens narra les aventures d?una colla d?amics que, tot buscant un lloc lluny\u00e0 on escapar-se es trobaran amb una situaci\u00f3","breadcrumb":{"@id":"https:\/\/www.editorialjuventud.es\/escampar-la-boira-9788426145413\/#breadcrumb"},"inLanguage":"ca","potentialAction":[{"@type":"ReadAction","target":["https:\/\/www.editorialjuventud.es\/escampar-la-boira-9788426145413\/"]}]},{"@type":"ImageObject","inLanguage":"ca","@id":"https:\/\/www.editorialjuventud.es\/escampar-la-boira-9788426145413\/#primaryimage","url":"https:\/\/www.editorialjuventud.es\/wp-content\/uploads\/4541cover.jpg","contentUrl":"https:\/\/www.editorialjuventud.es\/wp-content\/uploads\/4541cover.jpg","width":678,"height":886,"caption":"4541cover.jpg"},{"@type":"BreadcrumbList","@id":"https:\/\/www.editorialjuventud.es\/escampar-la-boira-9788426145413\/#breadcrumb","itemListElement":[{"@type":"ListItem","position":1,"name":"Portada","item":"https:\/\/www.editorialjuventud.es\/"},{"@type":"ListItem","position":2,"name":"cat\u00e1logo","item":"https:\/\/www.editorialjuventud.es\/coleccion\/catalogo\/"},{"@type":"ListItem","position":3,"name":"catal\u00e0","item":"https:\/\/www.editorialjuventud.es\/coleccion\/catala\/"},{"@type":"ListItem","position":4,"name":"Joventut C\u00f2mic","item":"https:\/\/www.editorialjuventud.es\/ca\/coleccion\/joventut-comic\/"},{"@type":"ListItem","position":5,"name":"Escampar la boira"}]},{"@type":"WebSite","@id":"https:\/\/www.editorialjuventud.es\/#website","url":"https:\/\/www.editorialjuventud.es\/","name":"Editorial Juventud","description":"","potentialAction":[{"@type":"SearchAction","target":{"@type":"EntryPoint","urlTemplate":"https:\/\/www.editorialjuventud.es\/?s={search_term_string}"},"query-input":{"@type":"PropertyValueSpecification","valueRequired":true,"valueName":"search_term_string"}}],"inLanguage":"ca"}]}},"_links":{"self":[{"href":"https:\/\/www.editorialjuventud.es\/ca\/wp-json\/wp\/v2\/product\/18817","targetHints":{"allow":["GET"]}}],"collection":[{"href":"https:\/\/www.editorialjuventud.es\/ca\/wp-json\/wp\/v2\/product"}],"about":[{"href":"https:\/\/www.editorialjuventud.es\/ca\/wp-json\/wp\/v2\/types\/product"}],"wp:featuredmedia":[{"embeddable":true,"href":"https:\/\/www.editorialjuventud.es\/ca\/wp-json\/wp\/v2\/media\/18818"}],"wp:attachment":[{"href":"https:\/\/www.editorialjuventud.es\/ca\/wp-json\/wp\/v2\/media?parent=18817"}],"wp:term":[{"taxonomy":"product_brand","embeddable":true,"href":"https:\/\/www.editorialjuventud.es\/ca\/wp-json\/wp\/v2\/product_brand?post=18817"},{"taxonomy":"product_cat","embeddable":true,"href":"https:\/\/www.editorialjuventud.es\/ca\/wp-json\/wp\/v2\/product_cat?post=18817"},{"taxonomy":"product_tag","embeddable":true,"href":"https:\/\/www.editorialjuventud.es\/ca\/wp-json\/wp\/v2\/product_tag?post=18817"},{"taxonomy":"coleccion","embeddable":true,"href":"https:\/\/www.editorialjuventud.es\/ca\/wp-json\/wp\/v2\/coleccion?post=18817"}],"curies":[{"name":"wp","href":"https:\/\/api.w.org\/{rel}","templated":true}]}}