{"id":18814,"date":"2018-10-24T11:57:13","date_gmt":"2018-10-24T09:57:13","guid":{"rendered":"http:\/\/www.editorialjuventud.es\/la-gallineta-xerrapeta-i-lelefant-sorpresa-9788426145147\/"},"modified":"2019-10-13T22:00:51","modified_gmt":"2019-10-13T20:00:51","slug":"la-gallineta-xerrapeta-i-lelefant-sorpresa-9788426145147","status":"publish","type":"product","link":"https:\/\/www.editorialjuventud.es\/ca\/la-gallineta-xerrapeta-i-lelefant-sorpresa-9788426145147\/","title":{"rendered":"La gallineta Xerrapeta i l&#8217;elefant sorpresa"},"content":{"rendered":"<p>\u00c9s l&#8217;hora de fer els deures de l&#8217;escola per la gallineta, que acaba d&#8217;aprendre a l&#8217;escola que tots els contes tenen un elefant sorpresa. O era un element sorpresa? Mentre es submergeixen a un conte rere un altre?, Uala! No m&#8217;imaginava que anava a passar aix\u00f2, el pare est\u00e0 segur que pot conv\u00e8ncer a la gallineta Xerrapeta que t\u00e9 ra\u00f3. Al cap i a la fi, no hi ha elefants a L?aneguet lleig, Rapunzel, o La Sireneta? O s\u00ed? Sigui un elefant o un element, cada historia depara alguna sorpresa pel pare i quelcom inesperat per la gallineta. Aquest delici\u00f3s \u00e0lbum ben segur que agradar\u00e0 a aquells que estimen els contes, les sorpreses i els elefants per igual.<\/p>\n","protected":false},"excerpt":{"rendered":"\u00c9s l&#8217;hora de fer els deures de l&#8217;escola per la gallineta, que acaba d&#8217;aprendre a l&#8217;escola que tots els contes tenen un elefant sorpresa. O era un element sorpresa? Mentre es submergeixen a un conte rere un altre?, Uala! No [&hellip;]","protected":false},"featured_media":18815,"template":"","meta":{"_acf_changed":false,"_exactmetrics_skip_tracking":false,"_exactmetrics_sitenote_active":false,"_exactmetrics_sitenote_note":"","_exactmetrics_sitenote_category":0},"product_brand":[],"product_cat":[900,1121,1144,892,1115,1184,1128],"product_tag":[],"coleccion":[917,915,955],"class_list":{"0":"post-18814","1":"product","2":"type-product","3":"status-publish","4":"has-post-thumbnail","6":"product_cat-a-partir-de-5-anos","7":"product_cat-albumes-ilustrados","8":"product_cat-bibliotecas-libros-sobre-libros","9":"product_cat-edades","10":"product_cat-generos","11":"product_cat-humor","12":"product_cat-tematica","13":"coleccion-albums-illustrats","14":"coleccion-catala","15":"coleccion-llibres-i-biblioteques","17":"first","18":"instock","19":"taxable","20":"shipping-taxable","21":"purchasable","22":"product-type-simple"},"acf":{"indice":"","autor":"EZRA STEIN, DAVID","codart":"4514","ediciones":"0","encuadernacion":"Carton\u00e9","fecha_de_publicacion":"10\/01\/2018","novedad":"0","paginas":"40","subtitulo":"","texto_web_adicional":"","autores-libros":[16352],"ilustradores-libros":[16352],"texto_web_novedad":"","orden":"999","portada":"0","texto_web_resaltado":"","traductores-libros":[18265],"descripcion_corta":"","recomendamos":"","mas_vendido":"","titulo-fr":"","texto-fr":"","color":false,"formato":"","mas_informacion_del_producto":false,"premios":false,"texto_enlace_cubierta":"","enlace_cubierta":{"ID":19033,"id":19033,"title":"La gallineta xerrapeta i l'elefant sorpresa COVER","filename":"La-gallineta-xerrapeta-i-lelefant-sorpresa-COVER.jpg","filesize":413480,"url":"https:\/\/www.editorialjuventud.es\/wp-content\/uploads\/La-gallineta-xerrapeta-i-lelefant-sorpresa-COVER.jpg","link":"https:\/\/www.editorialjuventud.es\/ca\/?attachment_id=19033","alt":"","author":"47","description":"","caption":"","name":"la-gallineta-xerrapeta-i-lelefant-sorpresa-cover","status":"inherit","uploaded_to":18814,"date":"2018-10-29 11:16:24","modified":"2018-10-29 11:16:24","menu_order":0,"mime_type":"image\/jpeg","type":"image","subtype":"jpeg","icon":"https:\/\/www.editorialjuventud.es\/wp-includes\/images\/media\/default.png","width":1420,"height":1181,"sizes":{"thumbnail":"https:\/\/www.editorialjuventud.es\/wp-content\/uploads\/La-gallineta-xerrapeta-i-lelefant-sorpresa-COVER-200x200.jpg","thumbnail-width":200,"thumbnail-height":200,"medium":"https:\/\/www.editorialjuventud.es\/wp-content\/uploads\/La-gallineta-xerrapeta-i-lelefant-sorpresa-COVER.jpg","medium-width":1420,"medium-height":1181,"medium_large":"https:\/\/www.editorialjuventud.es\/wp-content\/uploads\/La-gallineta-xerrapeta-i-lelefant-sorpresa-COVER-768x639.jpg","medium_large-width":768,"medium_large-height":639,"large":"https:\/\/www.editorialjuventud.es\/wp-content\/uploads\/La-gallineta-xerrapeta-i-lelefant-sorpresa-COVER.jpg","large-width":1420,"large-height":1181,"1536x1536":"https:\/\/www.editorialjuventud.es\/wp-content\/uploads\/La-gallineta-xerrapeta-i-lelefant-sorpresa-COVER.jpg","1536x1536-width":1420,"1536x1536-height":1181,"2048x2048":"https:\/\/www.editorialjuventud.es\/wp-content\/uploads\/La-gallineta-xerrapeta-i-lelefant-sorpresa-COVER.jpg","2048x2048-width":1420,"2048x2048-height":1181,"woocommerce_thumbnail":"https:\/\/www.editorialjuventud.es\/wp-content\/uploads\/La-gallineta-xerrapeta-i-lelefant-sorpresa-COVER-350x291.jpg","woocommerce_thumbnail-width":350,"woocommerce_thumbnail-height":291,"woocommerce_single":"https:\/\/www.editorialjuventud.es\/wp-content\/uploads\/La-gallineta-xerrapeta-i-lelefant-sorpresa-COVER-900x749.jpg","woocommerce_single-width":900,"woocommerce_single-height":749,"woocommerce_gallery_thumbnail":"https:\/\/www.editorialjuventud.es\/wp-content\/uploads\/La-gallineta-xerrapeta-i-lelefant-sorpresa-COVER-100x100.jpg","woocommerce_gallery_thumbnail-width":100,"woocommerce_gallery_thumbnail-height":100,"ppec_logo_image_size":"https:\/\/www.editorialjuventud.es\/wp-content\/uploads\/La-gallineta-xerrapeta-i-lelefant-sorpresa-COVER.jpg","ppec_logo_image_size-width":72,"ppec_logo_image_size-height":60,"ppec_header_image_size":"https:\/\/www.editorialjuventud.es\/wp-content\/uploads\/La-gallineta-xerrapeta-i-lelefant-sorpresa-COVER.jpg","ppec_header_image_size-width":108,"ppec_header_image_size-height":90}},"texto_enlace_ficha_tecnica":"Fitxa t\u00e8cnica","enlace_ficha_tecnica":{"ID":19006,"id":19006,"title":"Fitxa La gallineta xerrapeta i lelefant CAT","filename":"Fitxa-La-gallineta-xerrapeta-i-lelefant-CAT.pdf","filesize":265915,"url":"https:\/\/www.editorialjuventud.es\/wp-content\/uploads\/Fitxa-La-gallineta-xerrapeta-i-lelefant-CAT.pdf","link":"https:\/\/www.editorialjuventud.es\/ca\/?attachment_id=19006","alt":"","author":"47","description":"","caption":"","name":"fitxa-la-gallineta-xerrapeta-i-lelefant-cat","status":"inherit","uploaded_to":18805,"date":"2018-10-26 09:42:50","modified":"2018-10-26 09:42:50","menu_order":0,"mime_type":"application\/pdf","type":"application","subtype":"pdf","icon":"https:\/\/www.editorialjuventud.es\/wp-includes\/images\/media\/document.png"},"ficheros":false},"yoast_head":"<!-- This site is optimized with the Yoast SEO plugin v27.3 - https:\/\/yoast.com\/product\/yoast-seo-wordpress\/ -->\n<title>La gallineta Xerrapeta i l&#039;elefant sorpresa - Editorial Juventud<\/title>\n<meta name=\"description\" content=\"\u00c9s l&#039;hora de fer els deures de l&#039;escola per la gallineta, que acaba d&#039;aprendre a l&#039;escola que tots els contes tenen un elefant sorpresa. O era un element\" \/>\n<meta name=\"robots\" content=\"index, follow, max-snippet:-1, max-image-preview:large, max-video-preview:-1\" \/>\n<link rel=\"canonical\" href=\"https:\/\/www.editorialjuventud.es\/ca\/la-gallineta-xerrapeta-i-lelefant-sorpresa-9788426145147\/\" \/>\n<meta property=\"og:locale\" content=\"ca_ES\" \/>\n<meta property=\"og:type\" content=\"article\" \/>\n<meta property=\"og:title\" content=\"La gallineta Xerrapeta i l&#039;elefant sorpresa - Editorial Juventud\" \/>\n<meta property=\"og:description\" content=\"\u00c9s l&#039;hora de fer els deures de l&#039;escola per la gallineta, que acaba d&#039;aprendre a l&#039;escola que tots els contes tenen un elefant sorpresa. O era un element\" \/>\n<meta property=\"og:url\" content=\"https:\/\/www.editorialjuventud.es\/ca\/la-gallineta-xerrapeta-i-lelefant-sorpresa-9788426145147\/\" \/>\n<meta property=\"og:site_name\" content=\"Editorial Juventud\" \/>\n<meta property=\"article:modified_time\" content=\"2019-10-13T20:00:51+00:00\" \/>\n<meta property=\"og:image\" content=\"https:\/\/www.editorialjuventud.es\/wp-content\/uploads\/4514cover.jpg\" \/>\n\t<meta property=\"og:image:width\" content=\"1200\" \/>\n\t<meta property=\"og:image:height\" content=\"998\" \/>\n\t<meta property=\"og:image:type\" content=\"image\/jpeg\" \/>\n<meta name=\"twitter:card\" content=\"summary_large_image\" \/>\n<meta name=\"twitter:label1\" content=\"Temps estimat de lectura\" \/>\n\t<meta name=\"twitter:data1\" content=\"1 minut\" \/>\n<script type=\"application\/ld+json\" class=\"yoast-schema-graph\">{\"@context\":\"https:\\\/\\\/schema.org\",\"@graph\":[{\"@type\":\"WebPage\",\"@id\":\"https:\\\/\\\/www.editorialjuventud.es\\\/ca\\\/la-gallineta-xerrapeta-i-lelefant-sorpresa-9788426145147\\\/\",\"url\":\"https:\\\/\\\/www.editorialjuventud.es\\\/ca\\\/la-gallineta-xerrapeta-i-lelefant-sorpresa-9788426145147\\\/\",\"name\":\"La gallineta Xerrapeta i l'elefant sorpresa - Editorial Juventud\",\"isPartOf\":{\"@id\":\"https:\\\/\\\/www.editorialjuventud.es\\\/#website\"},\"primaryImageOfPage\":{\"@id\":\"https:\\\/\\\/www.editorialjuventud.es\\\/ca\\\/la-gallineta-xerrapeta-i-lelefant-sorpresa-9788426145147\\\/#primaryimage\"},\"image\":{\"@id\":\"https:\\\/\\\/www.editorialjuventud.es\\\/ca\\\/la-gallineta-xerrapeta-i-lelefant-sorpresa-9788426145147\\\/#primaryimage\"},\"thumbnailUrl\":\"https:\\\/\\\/www.editorialjuventud.es\\\/wp-content\\\/uploads\\\/4514cover.jpg\",\"datePublished\":\"2018-10-24T09:57:13+00:00\",\"dateModified\":\"2019-10-13T20:00:51+00:00\",\"description\":\"\u00c9s l'hora de fer els deures de l'escola per la gallineta, que acaba d'aprendre a l'escola que tots els contes tenen un elefant sorpresa. O era un element\",\"breadcrumb\":{\"@id\":\"https:\\\/\\\/www.editorialjuventud.es\\\/ca\\\/la-gallineta-xerrapeta-i-lelefant-sorpresa-9788426145147\\\/#breadcrumb\"},\"inLanguage\":\"ca\",\"potentialAction\":[{\"@type\":\"ReadAction\",\"target\":[\"https:\\\/\\\/www.editorialjuventud.es\\\/ca\\\/la-gallineta-xerrapeta-i-lelefant-sorpresa-9788426145147\\\/\"]}]},{\"@type\":\"ImageObject\",\"inLanguage\":\"ca\",\"@id\":\"https:\\\/\\\/www.editorialjuventud.es\\\/ca\\\/la-gallineta-xerrapeta-i-lelefant-sorpresa-9788426145147\\\/#primaryimage\",\"url\":\"https:\\\/\\\/www.editorialjuventud.es\\\/wp-content\\\/uploads\\\/4514cover.jpg\",\"contentUrl\":\"https:\\\/\\\/www.editorialjuventud.es\\\/wp-content\\\/uploads\\\/4514cover.jpg\",\"width\":1200,\"height\":998,\"caption\":\"4514cover.jpg\"},{\"@type\":\"BreadcrumbList\",\"@id\":\"https:\\\/\\\/www.editorialjuventud.es\\\/ca\\\/la-gallineta-xerrapeta-i-lelefant-sorpresa-9788426145147\\\/#breadcrumb\",\"itemListElement\":[{\"@type\":\"ListItem\",\"position\":1,\"name\":\"Portada\",\"item\":\"https:\\\/\\\/www.editorialjuventud.es\\\/\"},{\"@type\":\"ListItem\",\"position\":2,\"name\":\"cat\u00e1logo\",\"item\":\"https:\\\/\\\/www.editorialjuventud.es\\\/coleccion\\\/catalogo\\\/\"},{\"@type\":\"ListItem\",\"position\":3,\"name\":\"catal\u00e0\",\"item\":\"https:\\\/\\\/www.editorialjuventud.es\\\/coleccion\\\/catala\\\/\"},{\"@type\":\"ListItem\",\"position\":4,\"name\":\"\u00c0lbums Il\u00b7lustrats\",\"item\":\"https:\\\/\\\/www.editorialjuventud.es\\\/coleccion\\\/albums-il%c2%b7lustrats\\\/\"},{\"@type\":\"ListItem\",\"position\":5,\"name\":\"Llibres i Biblioteques\",\"item\":\"https:\\\/\\\/www.editorialjuventud.es\\\/coleccion\\\/llibres-i-biblioteques\\\/\"},{\"@type\":\"ListItem\",\"position\":6,\"name\":\"La gallineta Xerrapeta i l&#8217;elefant sorpresa\"}]},{\"@type\":\"WebSite\",\"@id\":\"https:\\\/\\\/www.editorialjuventud.es\\\/#website\",\"url\":\"https:\\\/\\\/www.editorialjuventud.es\\\/\",\"name\":\"Editorial Juventud\",\"description\":\"\",\"potentialAction\":[{\"@type\":\"SearchAction\",\"target\":{\"@type\":\"EntryPoint\",\"urlTemplate\":\"https:\\\/\\\/www.editorialjuventud.es\\\/?s={search_term_string}\"},\"query-input\":{\"@type\":\"PropertyValueSpecification\",\"valueRequired\":true,\"valueName\":\"search_term_string\"}}],\"inLanguage\":\"ca\"}]}<\/script>\n<!-- \/ Yoast SEO plugin. -->","yoast_head_json":{"title":"La gallineta Xerrapeta i l'elefant sorpresa - Editorial Juventud","description":"\u00c9s l'hora de fer els deures de l'escola per la gallineta, que acaba d'aprendre a l'escola que tots els contes tenen un elefant sorpresa. O era un element","robots":{"index":"index","follow":"follow","max-snippet":"max-snippet:-1","max-image-preview":"max-image-preview:large","max-video-preview":"max-video-preview:-1"},"canonical":"https:\/\/www.editorialjuventud.es\/ca\/la-gallineta-xerrapeta-i-lelefant-sorpresa-9788426145147\/","og_locale":"ca_ES","og_type":"article","og_title":"La gallineta Xerrapeta i l'elefant sorpresa - Editorial Juventud","og_description":"\u00c9s l'hora de fer els deures de l'escola per la gallineta, que acaba d'aprendre a l'escola que tots els contes tenen un elefant sorpresa. O era un element","og_url":"https:\/\/www.editorialjuventud.es\/ca\/la-gallineta-xerrapeta-i-lelefant-sorpresa-9788426145147\/","og_site_name":"Editorial Juventud","article_modified_time":"2019-10-13T20:00:51+00:00","og_image":[{"width":1200,"height":998,"url":"https:\/\/www.editorialjuventud.es\/wp-content\/uploads\/4514cover.jpg","type":"image\/jpeg"}],"twitter_card":"summary_large_image","twitter_misc":{"Temps estimat de lectura":"1 minut"},"schema":{"@context":"https:\/\/schema.org","@graph":[{"@type":"WebPage","@id":"https:\/\/www.editorialjuventud.es\/ca\/la-gallineta-xerrapeta-i-lelefant-sorpresa-9788426145147\/","url":"https:\/\/www.editorialjuventud.es\/ca\/la-gallineta-xerrapeta-i-lelefant-sorpresa-9788426145147\/","name":"La gallineta Xerrapeta i l'elefant sorpresa - Editorial Juventud","isPartOf":{"@id":"https:\/\/www.editorialjuventud.es\/#website"},"primaryImageOfPage":{"@id":"https:\/\/www.editorialjuventud.es\/ca\/la-gallineta-xerrapeta-i-lelefant-sorpresa-9788426145147\/#primaryimage"},"image":{"@id":"https:\/\/www.editorialjuventud.es\/ca\/la-gallineta-xerrapeta-i-lelefant-sorpresa-9788426145147\/#primaryimage"},"thumbnailUrl":"https:\/\/www.editorialjuventud.es\/wp-content\/uploads\/4514cover.jpg","datePublished":"2018-10-24T09:57:13+00:00","dateModified":"2019-10-13T20:00:51+00:00","description":"\u00c9s l'hora de fer els deures de l'escola per la gallineta, que acaba d'aprendre a l'escola que tots els contes tenen un elefant sorpresa. O era un element","breadcrumb":{"@id":"https:\/\/www.editorialjuventud.es\/ca\/la-gallineta-xerrapeta-i-lelefant-sorpresa-9788426145147\/#breadcrumb"},"inLanguage":"ca","potentialAction":[{"@type":"ReadAction","target":["https:\/\/www.editorialjuventud.es\/ca\/la-gallineta-xerrapeta-i-lelefant-sorpresa-9788426145147\/"]}]},{"@type":"ImageObject","inLanguage":"ca","@id":"https:\/\/www.editorialjuventud.es\/ca\/la-gallineta-xerrapeta-i-lelefant-sorpresa-9788426145147\/#primaryimage","url":"https:\/\/www.editorialjuventud.es\/wp-content\/uploads\/4514cover.jpg","contentUrl":"https:\/\/www.editorialjuventud.es\/wp-content\/uploads\/4514cover.jpg","width":1200,"height":998,"caption":"4514cover.jpg"},{"@type":"BreadcrumbList","@id":"https:\/\/www.editorialjuventud.es\/ca\/la-gallineta-xerrapeta-i-lelefant-sorpresa-9788426145147\/#breadcrumb","itemListElement":[{"@type":"ListItem","position":1,"name":"Portada","item":"https:\/\/www.editorialjuventud.es\/"},{"@type":"ListItem","position":2,"name":"cat\u00e1logo","item":"https:\/\/www.editorialjuventud.es\/coleccion\/catalogo\/"},{"@type":"ListItem","position":3,"name":"catal\u00e0","item":"https:\/\/www.editorialjuventud.es\/coleccion\/catala\/"},{"@type":"ListItem","position":4,"name":"\u00c0lbums Il\u00b7lustrats","item":"https:\/\/www.editorialjuventud.es\/coleccion\/albums-il%c2%b7lustrats\/"},{"@type":"ListItem","position":5,"name":"Llibres i Biblioteques","item":"https:\/\/www.editorialjuventud.es\/coleccion\/llibres-i-biblioteques\/"},{"@type":"ListItem","position":6,"name":"La gallineta Xerrapeta i l&#8217;elefant sorpresa"}]},{"@type":"WebSite","@id":"https:\/\/www.editorialjuventud.es\/#website","url":"https:\/\/www.editorialjuventud.es\/","name":"Editorial Juventud","description":"","potentialAction":[{"@type":"SearchAction","target":{"@type":"EntryPoint","urlTemplate":"https:\/\/www.editorialjuventud.es\/?s={search_term_string}"},"query-input":{"@type":"PropertyValueSpecification","valueRequired":true,"valueName":"search_term_string"}}],"inLanguage":"ca"}]}},"_links":{"self":[{"href":"https:\/\/www.editorialjuventud.es\/ca\/wp-json\/wp\/v2\/product\/18814","targetHints":{"allow":["GET"]}}],"collection":[{"href":"https:\/\/www.editorialjuventud.es\/ca\/wp-json\/wp\/v2\/product"}],"about":[{"href":"https:\/\/www.editorialjuventud.es\/ca\/wp-json\/wp\/v2\/types\/product"}],"wp:featuredmedia":[{"embeddable":true,"href":"https:\/\/www.editorialjuventud.es\/ca\/wp-json\/wp\/v2\/media\/18815"}],"wp:attachment":[{"href":"https:\/\/www.editorialjuventud.es\/ca\/wp-json\/wp\/v2\/media?parent=18814"}],"wp:term":[{"taxonomy":"product_brand","embeddable":true,"href":"https:\/\/www.editorialjuventud.es\/ca\/wp-json\/wp\/v2\/product_brand?post=18814"},{"taxonomy":"product_cat","embeddable":true,"href":"https:\/\/www.editorialjuventud.es\/ca\/wp-json\/wp\/v2\/product_cat?post=18814"},{"taxonomy":"product_tag","embeddable":true,"href":"https:\/\/www.editorialjuventud.es\/ca\/wp-json\/wp\/v2\/product_tag?post=18814"},{"taxonomy":"coleccion","embeddable":true,"href":"https:\/\/www.editorialjuventud.es\/ca\/wp-json\/wp\/v2\/coleccion?post=18814"}],"curies":[{"name":"wp","href":"https:\/\/api.w.org\/{rel}","templated":true}]}}