{"id":18808,"date":"2018-10-24T11:56:20","date_gmt":"2018-10-24T09:56:20","guid":{"rendered":"http:\/\/www.editorialjuventud.es\/el-petit-cocodril-esta-content-9788426145086\/"},"modified":"2025-05-07T10:01:33","modified_gmt":"2025-05-07T08:01:33","slug":"el-petit-cocodril-esta-content-9788426145086","status":"publish","type":"product","link":"https:\/\/www.editorialjuventud.es\/ca\/el-petit-cocodril-esta-content-9788426145086\/","title":{"rendered":"El petit cocodril est\u00e0 content"},"content":{"rendered":"<p>Una col\u00b7lecci\u00f3 que t\u00e9 com a protagonistes un grup d&#8217;amics de la sabana i on cadascun dels personatges s&#8217;associa amb una emoci\u00f3 com l&#8217;enuig, la por, l&#8217;orgull o la felicitat. En molt poques p\u00e0gines, l&#8217;autora aconsegueix presentar una situaci\u00f3 d&#8217;on neix una emoci\u00f3 i d\u00f3na recursos f\u00e0cils d&#8217;entendre pel nens per saber gestionar-la. Quatre llibres de cartr\u00f3 encunyat i resistents pensats per ser manipulats pels m\u00e9s petits, on els conviden a aprendre de manera l\u00fadica quines s\u00f3n les seves emocions.<\/p>\n","protected":false},"excerpt":{"rendered":"Una col\u00b7lecci\u00f3 que t\u00e9 com a protagonistes un grup d&#8217;amics de la sabana i on cadascun dels personatges s&#8217;associa amb una emoci\u00f3 com l&#8217;enuig, la por, l&#8217;orgull o la felicitat. En molt poques p\u00e0gines, l&#8217;autora aconsegueix presentar una situaci\u00f3 d&#8217;on [&hellip;]","protected":false},"featured_media":19331,"template":"","meta":{"_acf_changed":false,"_exactmetrics_skip_tracking":false,"_exactmetrics_sitenote_active":false,"_exactmetrics_sitenote_note":"","_exactmetrics_sitenote_category":0},"product_brand":[],"product_cat":[1138,907,892,1172,1115,1122,1213,1128],"product_tag":[],"coleccion":[915,920,1237],"class_list":{"0":"post-18808","1":"product","2":"type-product","3":"status-publish","4":"has-post-thumbnail","6":"product_cat-animales","7":"product_cat-de-0-a-2-anos","8":"product_cat-edades","9":"product_cat-emociones","10":"product_cat-generos","11":"product_cat-libros-de-carton","12":"product_cat-primeros-conceptos","13":"product_cat-tematica","14":"coleccion-catala","15":"coleccion-els-meus-primers-llibres","16":"coleccion-les-grans-emocions","18":"first","19":"instock","20":"taxable","21":"shipping-taxable","22":"purchasable","23":"product-type-simple"},"acf":{"indice":"","autor":"Billet, Marion","codart":"4508","ediciones":"1","encuadernacion":"Cart\u00f3n","fecha_de_publicacion":"01\/09\/2018","novedad":"0","paginas":"14","subtitulo":"","texto_web_adicional":"","autores-libros":[18444],"ilustradores-libros":[18444],"texto_web_novedad":"","orden":"999","portada":"0","texto_web_resaltado":"","traductores-libros":[58416],"descripcion_corta":"","recomendamos":"","mas_vendido":"","color":false,"formato":"","mas_informacion_del_producto":false,"premios":false,"texto_enlace_cubierta":"","enlace_cubierta":false,"texto_enlace_ficha_tecnica":"Fitxa t\u00e8cnica","enlace_ficha_tecnica":{"ID":19014,"id":19014,"title":"Fitxa Petit Cocodril CAT","filename":"Fitxa-Petit-Cocodril-CAT.pdf","filesize":289923,"url":"https:\/\/www.editorialjuventud.es\/wp-content\/uploads\/Fitxa-Petit-Cocodril-CAT.pdf","link":"https:\/\/www.editorialjuventud.es\/ca\/?attachment_id=19014","alt":"","author":"47","description":"","caption":"","name":"fitxa-petit-cocodril-cat","status":"inherit","uploaded_to":18805,"date":"2018-10-26 09:42:58","modified":"2018-10-26 09:42:58","menu_order":0,"mime_type":"application\/pdf","type":"application","subtype":"pdf","icon":"https:\/\/www.editorialjuventud.es\/wp-includes\/images\/media\/document.png"},"ficheros":false,"titulo-fr":"","texto-fr":"","fecha_de_reimpresion":"","idioma-libro":"","deshabilitar_compra":["deshabilitar"]},"yoast_head":"<!-- This site is optimized with the Yoast SEO plugin v27.5 - https:\/\/yoast.com\/product\/yoast-seo-wordpress\/ -->\n<title>El petit cocodril est\u00e0 content - Editorial Juventud<\/title>\n<meta name=\"description\" content=\"Una col\u00b7lecci\u00f3 que t\u00e9 com a protagonistes un grup d&#039;amics de la sabana i on cadascun dels personatges s&#039;associa amb una emoci\u00f3 com l&#039;enuig, la por,\" \/>\n<meta name=\"robots\" content=\"index, follow, max-snippet:-1, max-image-preview:large, max-video-preview:-1\" \/>\n<link rel=\"canonical\" href=\"https:\/\/www.editorialjuventud.es\/el-petit-cocodril-esta-content-9788426145086\/\" \/>\n<meta property=\"og:locale\" content=\"ca_ES\" \/>\n<meta property=\"og:type\" content=\"article\" \/>\n<meta property=\"og:title\" content=\"El petit cocodril est\u00e0 content - Editorial Juventud\" \/>\n<meta property=\"og:description\" content=\"Una col\u00b7lecci\u00f3 que t\u00e9 com a protagonistes un grup d&#039;amics de la sabana i on cadascun dels personatges s&#039;associa amb una emoci\u00f3 com l&#039;enuig, la por,\" \/>\n<meta property=\"og:url\" content=\"https:\/\/www.editorialjuventud.es\/el-petit-cocodril-esta-content-9788426145086\/\" \/>\n<meta property=\"og:site_name\" content=\"Editorial Juventud\" \/>\n<meta property=\"article:modified_time\" content=\"2025-05-07T08:01:33+00:00\" \/>\n<meta property=\"og:image\" content=\"https:\/\/www.editorialjuventud.es\/wp-content\/uploads\/4508.png\" \/>\n\t<meta property=\"og:image:width\" content=\"1455\" \/>\n\t<meta property=\"og:image:height\" content=\"1654\" \/>\n\t<meta property=\"og:image:type\" content=\"image\/png\" \/>\n<meta name=\"twitter:card\" content=\"summary_large_image\" \/>\n<meta name=\"twitter:label1\" content=\"Temps estimat de lectura\" \/>\n\t<meta name=\"twitter:data1\" content=\"1 minut\" \/>\n<script type=\"application\/ld+json\" class=\"yoast-schema-graph\">{\"@context\":\"https:\\\/\\\/schema.org\",\"@graph\":[{\"@type\":\"WebPage\",\"@id\":\"https:\\\/\\\/www.editorialjuventud.es\\\/el-petit-cocodril-esta-content-9788426145086\\\/\",\"url\":\"https:\\\/\\\/www.editorialjuventud.es\\\/el-petit-cocodril-esta-content-9788426145086\\\/\",\"name\":\"El petit cocodril est\u00e0 content - Editorial Juventud\",\"isPartOf\":{\"@id\":\"https:\\\/\\\/www.editorialjuventud.es\\\/#website\"},\"primaryImageOfPage\":{\"@id\":\"https:\\\/\\\/www.editorialjuventud.es\\\/el-petit-cocodril-esta-content-9788426145086\\\/#primaryimage\"},\"image\":{\"@id\":\"https:\\\/\\\/www.editorialjuventud.es\\\/el-petit-cocodril-esta-content-9788426145086\\\/#primaryimage\"},\"thumbnailUrl\":\"https:\\\/\\\/www.editorialjuventud.es\\\/wp-content\\\/uploads\\\/4508.png\",\"datePublished\":\"2018-10-24T09:56:20+00:00\",\"dateModified\":\"2025-05-07T08:01:33+00:00\",\"description\":\"Una col\u00b7lecci\u00f3 que t\u00e9 com a protagonistes un grup d'amics de la sabana i on cadascun dels personatges s'associa amb una emoci\u00f3 com l'enuig, la por,\",\"breadcrumb\":{\"@id\":\"https:\\\/\\\/www.editorialjuventud.es\\\/el-petit-cocodril-esta-content-9788426145086\\\/#breadcrumb\"},\"inLanguage\":\"ca\",\"potentialAction\":[{\"@type\":\"ReadAction\",\"target\":[\"https:\\\/\\\/www.editorialjuventud.es\\\/el-petit-cocodril-esta-content-9788426145086\\\/\"]}]},{\"@type\":\"ImageObject\",\"inLanguage\":\"ca\",\"@id\":\"https:\\\/\\\/www.editorialjuventud.es\\\/el-petit-cocodril-esta-content-9788426145086\\\/#primaryimage\",\"url\":\"https:\\\/\\\/www.editorialjuventud.es\\\/wp-content\\\/uploads\\\/4508.png\",\"contentUrl\":\"https:\\\/\\\/www.editorialjuventud.es\\\/wp-content\\\/uploads\\\/4508.png\",\"width\":1455,\"height\":1654},{\"@type\":\"BreadcrumbList\",\"@id\":\"https:\\\/\\\/www.editorialjuventud.es\\\/el-petit-cocodril-esta-content-9788426145086\\\/#breadcrumb\",\"itemListElement\":[{\"@type\":\"ListItem\",\"position\":1,\"name\":\"Portada\",\"item\":\"https:\\\/\\\/www.editorialjuventud.es\\\/\"},{\"@type\":\"ListItem\",\"position\":2,\"name\":\"cat\u00e1logo\",\"item\":\"https:\\\/\\\/www.editorialjuventud.es\\\/coleccion\\\/catalogo\\\/\"},{\"@type\":\"ListItem\",\"position\":3,\"name\":\"catal\u00e0\",\"item\":\"https:\\\/\\\/www.editorialjuventud.es\\\/coleccion\\\/catala\\\/\"},{\"@type\":\"ListItem\",\"position\":4,\"name\":\"Els Meus Primers Llibres\",\"item\":\"https:\\\/\\\/www.editorialjuventud.es\\\/ca\\\/coleccion\\\/els-meus-primers-llibres\\\/\"},{\"@type\":\"ListItem\",\"position\":5,\"name\":\"Les Grans Emocions\",\"item\":\"https:\\\/\\\/www.editorialjuventud.es\\\/coleccion\\\/les-grans-emocions\\\/\"},{\"@type\":\"ListItem\",\"position\":6,\"name\":\"El petit cocodril est\u00e0 content\"}]},{\"@type\":\"WebSite\",\"@id\":\"https:\\\/\\\/www.editorialjuventud.es\\\/#website\",\"url\":\"https:\\\/\\\/www.editorialjuventud.es\\\/\",\"name\":\"Editorial Juventud\",\"description\":\"\",\"potentialAction\":[{\"@type\":\"SearchAction\",\"target\":{\"@type\":\"EntryPoint\",\"urlTemplate\":\"https:\\\/\\\/www.editorialjuventud.es\\\/?s={search_term_string}\"},\"query-input\":{\"@type\":\"PropertyValueSpecification\",\"valueRequired\":true,\"valueName\":\"search_term_string\"}}],\"inLanguage\":\"ca\"}]}<\/script>\n<!-- \/ Yoast SEO plugin. -->","yoast_head_json":{"title":"El petit cocodril est\u00e0 content - Editorial Juventud","description":"Una col\u00b7lecci\u00f3 que t\u00e9 com a protagonistes un grup d'amics de la sabana i on cadascun dels personatges s'associa amb una emoci\u00f3 com l'enuig, la por,","robots":{"index":"index","follow":"follow","max-snippet":"max-snippet:-1","max-image-preview":"max-image-preview:large","max-video-preview":"max-video-preview:-1"},"canonical":"https:\/\/www.editorialjuventud.es\/el-petit-cocodril-esta-content-9788426145086\/","og_locale":"ca_ES","og_type":"article","og_title":"El petit cocodril est\u00e0 content - Editorial Juventud","og_description":"Una col\u00b7lecci\u00f3 que t\u00e9 com a protagonistes un grup d'amics de la sabana i on cadascun dels personatges s'associa amb una emoci\u00f3 com l'enuig, la por,","og_url":"https:\/\/www.editorialjuventud.es\/el-petit-cocodril-esta-content-9788426145086\/","og_site_name":"Editorial Juventud","article_modified_time":"2025-05-07T08:01:33+00:00","og_image":[{"width":1455,"height":1654,"url":"https:\/\/www.editorialjuventud.es\/wp-content\/uploads\/4508.png","type":"image\/png"}],"twitter_card":"summary_large_image","twitter_misc":{"Temps estimat de lectura":"1 minut"},"schema":{"@context":"https:\/\/schema.org","@graph":[{"@type":"WebPage","@id":"https:\/\/www.editorialjuventud.es\/el-petit-cocodril-esta-content-9788426145086\/","url":"https:\/\/www.editorialjuventud.es\/el-petit-cocodril-esta-content-9788426145086\/","name":"El petit cocodril est\u00e0 content - Editorial Juventud","isPartOf":{"@id":"https:\/\/www.editorialjuventud.es\/#website"},"primaryImageOfPage":{"@id":"https:\/\/www.editorialjuventud.es\/el-petit-cocodril-esta-content-9788426145086\/#primaryimage"},"image":{"@id":"https:\/\/www.editorialjuventud.es\/el-petit-cocodril-esta-content-9788426145086\/#primaryimage"},"thumbnailUrl":"https:\/\/www.editorialjuventud.es\/wp-content\/uploads\/4508.png","datePublished":"2018-10-24T09:56:20+00:00","dateModified":"2025-05-07T08:01:33+00:00","description":"Una col\u00b7lecci\u00f3 que t\u00e9 com a protagonistes un grup d'amics de la sabana i on cadascun dels personatges s'associa amb una emoci\u00f3 com l'enuig, la por,","breadcrumb":{"@id":"https:\/\/www.editorialjuventud.es\/el-petit-cocodril-esta-content-9788426145086\/#breadcrumb"},"inLanguage":"ca","potentialAction":[{"@type":"ReadAction","target":["https:\/\/www.editorialjuventud.es\/el-petit-cocodril-esta-content-9788426145086\/"]}]},{"@type":"ImageObject","inLanguage":"ca","@id":"https:\/\/www.editorialjuventud.es\/el-petit-cocodril-esta-content-9788426145086\/#primaryimage","url":"https:\/\/www.editorialjuventud.es\/wp-content\/uploads\/4508.png","contentUrl":"https:\/\/www.editorialjuventud.es\/wp-content\/uploads\/4508.png","width":1455,"height":1654},{"@type":"BreadcrumbList","@id":"https:\/\/www.editorialjuventud.es\/el-petit-cocodril-esta-content-9788426145086\/#breadcrumb","itemListElement":[{"@type":"ListItem","position":1,"name":"Portada","item":"https:\/\/www.editorialjuventud.es\/"},{"@type":"ListItem","position":2,"name":"cat\u00e1logo","item":"https:\/\/www.editorialjuventud.es\/coleccion\/catalogo\/"},{"@type":"ListItem","position":3,"name":"catal\u00e0","item":"https:\/\/www.editorialjuventud.es\/coleccion\/catala\/"},{"@type":"ListItem","position":4,"name":"Els Meus Primers Llibres","item":"https:\/\/www.editorialjuventud.es\/ca\/coleccion\/els-meus-primers-llibres\/"},{"@type":"ListItem","position":5,"name":"Les Grans Emocions","item":"https:\/\/www.editorialjuventud.es\/coleccion\/les-grans-emocions\/"},{"@type":"ListItem","position":6,"name":"El petit cocodril est\u00e0 content"}]},{"@type":"WebSite","@id":"https:\/\/www.editorialjuventud.es\/#website","url":"https:\/\/www.editorialjuventud.es\/","name":"Editorial Juventud","description":"","potentialAction":[{"@type":"SearchAction","target":{"@type":"EntryPoint","urlTemplate":"https:\/\/www.editorialjuventud.es\/?s={search_term_string}"},"query-input":{"@type":"PropertyValueSpecification","valueRequired":true,"valueName":"search_term_string"}}],"inLanguage":"ca"}]}},"_links":{"self":[{"href":"https:\/\/www.editorialjuventud.es\/ca\/wp-json\/wp\/v2\/product\/18808","targetHints":{"allow":["GET"]}}],"collection":[{"href":"https:\/\/www.editorialjuventud.es\/ca\/wp-json\/wp\/v2\/product"}],"about":[{"href":"https:\/\/www.editorialjuventud.es\/ca\/wp-json\/wp\/v2\/types\/product"}],"wp:featuredmedia":[{"embeddable":true,"href":"https:\/\/www.editorialjuventud.es\/ca\/wp-json\/wp\/v2\/media\/19331"}],"wp:attachment":[{"href":"https:\/\/www.editorialjuventud.es\/ca\/wp-json\/wp\/v2\/media?parent=18808"}],"wp:term":[{"taxonomy":"product_brand","embeddable":true,"href":"https:\/\/www.editorialjuventud.es\/ca\/wp-json\/wp\/v2\/product_brand?post=18808"},{"taxonomy":"product_cat","embeddable":true,"href":"https:\/\/www.editorialjuventud.es\/ca\/wp-json\/wp\/v2\/product_cat?post=18808"},{"taxonomy":"product_tag","embeddable":true,"href":"https:\/\/www.editorialjuventud.es\/ca\/wp-json\/wp\/v2\/product_tag?post=18808"},{"taxonomy":"coleccion","embeddable":true,"href":"https:\/\/www.editorialjuventud.es\/ca\/wp-json\/wp\/v2\/coleccion?post=18808"}],"curies":[{"name":"wp","href":"https:\/\/api.w.org\/{rel}","templated":true}]}}