{"id":18802,"date":"2018-10-24T11:55:29","date_gmt":"2018-10-24T09:55:29","guid":{"rendered":"http:\/\/www.editorialjuventud.es\/el-llop-lanec-i-el-ratoli-9788426144966\/"},"modified":"2019-10-21T13:43:32","modified_gmt":"2019-10-21T11:43:32","slug":"el-llop-lanec-i-el-ratoli-9788426144966","status":"publish","type":"product","link":"https:\/\/www.editorialjuventud.es\/ca\/el-llop-lanec-i-el-ratoli-9788426144966\/","title":{"rendered":"El llop, l&#8217;\u00e0nec i el ratol\u00ed"},"content":{"rendered":"<p>Un mat\u00ed ben d&#8217;hora, un ratol\u00ed es va topar amb un llop i va ser r\u00e0pidament engolit. El pobre ratol\u00ed pensava que all\u00f2 era la fi, per\u00f2 aviat va descobrir que all\u00e0 dins, no estava sol! Un \u00e0nec estava vivint all\u00e0 dins, i \u00f2ndia, qu\u00e8 b\u00e9 s&#8217;ho havia muntat! Realment no s&#8217;estava gens malament all\u00e0 dins, amb menjar delici\u00f3s i elegants jocs de taula, cortesia de la goluderia desenfrenada del llop. I encara hi havia una cosa millor: no tenir por de ser menjar pel llop! De fet, la vida dins la panxa del llop era molt plaent i tranquil\u00b7la, fins que va arribar un ca\u00e7ador?<\/p>\n<p>&nbsp;<\/p>\n<p>Aquest llibre ha estat publicat amb el suport de:<\/p>\n<p><img loading=\"lazy\" decoding=\"async\" class=\"alignnone size-full wp-image-33299\" src=\"http:\/\/www.editorialjuventud.es\/wp-content\/uploads\/0.png\" alt=\"\" width=\"198\" height=\"57\" \/><\/p>\n","protected":false},"excerpt":{"rendered":"Un mat\u00ed ben d&#8217;hora, un ratol\u00ed es va topar amb un llop i va ser r\u00e0pidament engolit. El pobre ratol\u00ed pensava que all\u00f2 era la fi, per\u00f2 aviat va descobrir que all\u00e0 dins, no estava sol! Un \u00e0nec estava vivint [&hellip;]","protected":false},"featured_media":18803,"template":"","meta":{"_acf_changed":false,"_exactmetrics_skip_tracking":false,"_exactmetrics_sitenote_active":false,"_exactmetrics_sitenote_note":"","_exactmetrics_sitenote_category":0},"product_brand":[],"product_cat":[900,1121,1136,1138,1156,892,1115,1184,1290,1128],"product_tag":[],"coleccion":[917,915,960],"class_list":{"0":"post-18802","1":"product","2":"type-product","3":"status-publish","4":"has-post-thumbnail","6":"product_cat-a-partir-de-5-anos","7":"product_cat-albumes-ilustrados","8":"product_cat-amistad","9":"product_cat-animales","10":"product_cat-cooperacion","11":"product_cat-edades","12":"product_cat-generos","13":"product_cat-humor","14":"product_cat-lobo","15":"product_cat-tematica","16":"coleccion-albums-illustrats","17":"coleccion-catala","18":"coleccion-un-milio-damics","20":"first","21":"instock","22":"taxable","23":"shipping-taxable","24":"purchasable","25":"product-type-simple"},"acf":{"indice":"","autor":"Barnett, Mac","codart":"4496","ediciones":"0","encuadernacion":"Carton\u00e9","fecha_de_publicacion":"10\/01\/2018","novedad":"0","paginas":"40","subtitulo":"","texto_web_adicional":"","autores-libros":[16210],"ilustradores-libros":[16445],"texto_web_novedad":"","orden":"999","portada":"0","texto_web_resaltado":"","traductores-libros":[18265],"descripcion_corta":"","recomendamos":"","mas_vendido":"","color":false,"formato":"","mas_informacion_del_producto":false,"premios":false,"texto_enlace_cubierta":"Cubierta","enlace_cubierta":{"ID":19020,"id":19020,"title":"WOLFDUCK_CS6_HC_NT.indd","filename":"El-llop-l-anec-i-el-ratoli-COVER.jpg","filesize":350606,"url":"https:\/\/www.editorialjuventud.es\/wp-content\/uploads\/El-llop-l-anec-i-el-ratoli-COVER.jpg","link":"https:\/\/www.editorialjuventud.es\/ca\/?attachment_id=19020","alt":"","author":"47","description":"","caption":"","name":"wolfduck_cs6_hc_nt-indd","status":"inherit","uploaded_to":18802,"date":"2018-10-26 11:32:01","modified":"2018-10-26 11:32:01","menu_order":0,"mime_type":"image\/jpeg","type":"image","subtype":"jpeg","icon":"https:\/\/www.editorialjuventud.es\/wp-includes\/images\/media\/default.png","width":1317,"height":1772,"sizes":{"thumbnail":"https:\/\/www.editorialjuventud.es\/wp-content\/uploads\/El-llop-l-anec-i-el-ratoli-COVER-200x200.jpg","thumbnail-width":200,"thumbnail-height":200,"medium":"https:\/\/www.editorialjuventud.es\/wp-content\/uploads\/El-llop-l-anec-i-el-ratoli-COVER.jpg","medium-width":1317,"medium-height":1772,"medium_large":"https:\/\/www.editorialjuventud.es\/wp-content\/uploads\/El-llop-l-anec-i-el-ratoli-COVER-768x1033.jpg","medium_large-width":768,"medium_large-height":1033,"large":"https:\/\/www.editorialjuventud.es\/wp-content\/uploads\/El-llop-l-anec-i-el-ratoli-COVER.jpg","large-width":1317,"large-height":1772,"1536x1536":"https:\/\/www.editorialjuventud.es\/wp-content\/uploads\/El-llop-l-anec-i-el-ratoli-COVER.jpg","1536x1536-width":1142,"1536x1536-height":1536,"2048x2048":"https:\/\/www.editorialjuventud.es\/wp-content\/uploads\/El-llop-l-anec-i-el-ratoli-COVER.jpg","2048x2048-width":1317,"2048x2048-height":1772,"woocommerce_thumbnail":"https:\/\/www.editorialjuventud.es\/wp-content\/uploads\/El-llop-l-anec-i-el-ratoli-COVER-350x471.jpg","woocommerce_thumbnail-width":350,"woocommerce_thumbnail-height":471,"woocommerce_single":"https:\/\/www.editorialjuventud.es\/wp-content\/uploads\/El-llop-l-anec-i-el-ratoli-COVER-900x1211.jpg","woocommerce_single-width":900,"woocommerce_single-height":1211,"woocommerce_gallery_thumbnail":"https:\/\/www.editorialjuventud.es\/wp-content\/uploads\/El-llop-l-anec-i-el-ratoli-COVER-100x100.jpg","woocommerce_gallery_thumbnail-width":100,"woocommerce_gallery_thumbnail-height":100,"ppec_logo_image_size":"https:\/\/www.editorialjuventud.es\/wp-content\/uploads\/El-llop-l-anec-i-el-ratoli-COVER.jpg","ppec_logo_image_size-width":45,"ppec_logo_image_size-height":60,"ppec_header_image_size":"https:\/\/www.editorialjuventud.es\/wp-content\/uploads\/El-llop-l-anec-i-el-ratoli-COVER.jpg","ppec_header_image_size-width":67,"ppec_header_image_size-height":90}},"texto_enlace_ficha_tecnica":"Fitxa t\u00e8cnica","enlace_ficha_tecnica":{"ID":33473,"id":33473,"title":"Fitxa-El-Llop-lanec-i-el-Ratoli-CAT","filename":"Fitxa-El-Llop-lanec-i-el-Ratoli-CAT-1.pdf","filesize":385334,"url":"https:\/\/www.editorialjuventud.es\/wp-content\/uploads\/Fitxa-El-Llop-lanec-i-el-Ratoli-CAT-1.pdf","link":"https:\/\/www.editorialjuventud.es\/ca\/?attachment_id=33473","alt":"","author":"49","description":"","caption":"","name":"fitxa-el-llop-lanec-i-el-ratoli-cat-2","status":"inherit","uploaded_to":18802,"date":"2019-10-21 11:43:10","modified":"2019-10-21 11:43:10","menu_order":0,"mime_type":"application\/pdf","type":"application","subtype":"pdf","icon":"https:\/\/www.editorialjuventud.es\/wp-includes\/images\/media\/document.png"},"ficheros":false,"titulo-fr":"","texto-fr":"","idioma-libro":"","fecha_de_reimpresion":""},"yoast_head":"<!-- This site is optimized with the Yoast SEO plugin v27.5 - https:\/\/yoast.com\/product\/yoast-seo-wordpress\/ -->\n<title>El llop, l&#039;\u00e0nec i el ratol\u00ed - Editorial Juventud<\/title>\n<meta name=\"description\" content=\"Un mat\u00ed ben d&#039;hora, un ratol\u00ed es va topar amb un llop i va ser r\u00e0pidament engolit. El pobre ratol\u00ed pensava que all\u00f2 era la fi, per\u00f2 aviat va descobrir que\" \/>\n<meta name=\"robots\" content=\"index, follow, max-snippet:-1, max-image-preview:large, max-video-preview:-1\" \/>\n<link rel=\"canonical\" href=\"https:\/\/www.editorialjuventud.es\/el-llop-lanec-i-el-ratoli-9788426144966\/\" \/>\n<meta property=\"og:locale\" content=\"ca_ES\" \/>\n<meta property=\"og:type\" content=\"article\" \/>\n<meta property=\"og:title\" content=\"El llop, l&#039;\u00e0nec i el ratol\u00ed - Editorial Juventud\" \/>\n<meta property=\"og:description\" content=\"Un mat\u00ed ben d&#039;hora, un ratol\u00ed es va topar amb un llop i va ser r\u00e0pidament engolit. El pobre ratol\u00ed pensava que all\u00f2 era la fi, per\u00f2 aviat va descobrir que\" \/>\n<meta property=\"og:url\" content=\"https:\/\/www.editorialjuventud.es\/el-llop-lanec-i-el-ratoli-9788426144966\/\" \/>\n<meta property=\"og:site_name\" content=\"Editorial Juventud\" \/>\n<meta property=\"article:modified_time\" content=\"2019-10-21T11:43:32+00:00\" \/>\n<meta property=\"og:image\" content=\"https:\/\/www.editorialjuventud.es\/wp-content\/uploads\/4496cover.jpg\" \/>\n\t<meta property=\"og:image:width\" content=\"572\" \/>\n\t<meta property=\"og:image:height\" content=\"770\" \/>\n\t<meta property=\"og:image:type\" content=\"image\/jpeg\" \/>\n<meta name=\"twitter:card\" content=\"summary_large_image\" \/>\n<meta name=\"twitter:label1\" content=\"Temps estimat de lectura\" \/>\n\t<meta name=\"twitter:data1\" content=\"1 minut\" \/>\n<script type=\"application\/ld+json\" class=\"yoast-schema-graph\">{\"@context\":\"https:\\\/\\\/schema.org\",\"@graph\":[{\"@type\":\"WebPage\",\"@id\":\"https:\\\/\\\/www.editorialjuventud.es\\\/el-llop-lanec-i-el-ratoli-9788426144966\\\/\",\"url\":\"https:\\\/\\\/www.editorialjuventud.es\\\/el-llop-lanec-i-el-ratoli-9788426144966\\\/\",\"name\":\"El llop, l'\u00e0nec i el ratol\u00ed - Editorial Juventud\",\"isPartOf\":{\"@id\":\"https:\\\/\\\/www.editorialjuventud.es\\\/#website\"},\"primaryImageOfPage\":{\"@id\":\"https:\\\/\\\/www.editorialjuventud.es\\\/el-llop-lanec-i-el-ratoli-9788426144966\\\/#primaryimage\"},\"image\":{\"@id\":\"https:\\\/\\\/www.editorialjuventud.es\\\/el-llop-lanec-i-el-ratoli-9788426144966\\\/#primaryimage\"},\"thumbnailUrl\":\"https:\\\/\\\/www.editorialjuventud.es\\\/wp-content\\\/uploads\\\/4496cover.jpg\",\"datePublished\":\"2018-10-24T09:55:29+00:00\",\"dateModified\":\"2019-10-21T11:43:32+00:00\",\"description\":\"Un mat\u00ed ben d'hora, un ratol\u00ed es va topar amb un llop i va ser r\u00e0pidament engolit. El pobre ratol\u00ed pensava que all\u00f2 era la fi, per\u00f2 aviat va descobrir que\",\"breadcrumb\":{\"@id\":\"https:\\\/\\\/www.editorialjuventud.es\\\/el-llop-lanec-i-el-ratoli-9788426144966\\\/#breadcrumb\"},\"inLanguage\":\"ca\",\"potentialAction\":[{\"@type\":\"ReadAction\",\"target\":[\"https:\\\/\\\/www.editorialjuventud.es\\\/el-llop-lanec-i-el-ratoli-9788426144966\\\/\"]}]},{\"@type\":\"ImageObject\",\"inLanguage\":\"ca\",\"@id\":\"https:\\\/\\\/www.editorialjuventud.es\\\/el-llop-lanec-i-el-ratoli-9788426144966\\\/#primaryimage\",\"url\":\"https:\\\/\\\/www.editorialjuventud.es\\\/wp-content\\\/uploads\\\/4496cover.jpg\",\"contentUrl\":\"https:\\\/\\\/www.editorialjuventud.es\\\/wp-content\\\/uploads\\\/4496cover.jpg\",\"width\":572,\"height\":770,\"caption\":\"4496cover.jpg\"},{\"@type\":\"BreadcrumbList\",\"@id\":\"https:\\\/\\\/www.editorialjuventud.es\\\/el-llop-lanec-i-el-ratoli-9788426144966\\\/#breadcrumb\",\"itemListElement\":[{\"@type\":\"ListItem\",\"position\":1,\"name\":\"Portada\",\"item\":\"https:\\\/\\\/www.editorialjuventud.es\\\/\"},{\"@type\":\"ListItem\",\"position\":2,\"name\":\"cat\u00e1logo\",\"item\":\"https:\\\/\\\/www.editorialjuventud.es\\\/coleccion\\\/catalogo\\\/\"},{\"@type\":\"ListItem\",\"position\":3,\"name\":\"catal\u00e0\",\"item\":\"https:\\\/\\\/www.editorialjuventud.es\\\/coleccion\\\/catala\\\/\"},{\"@type\":\"ListItem\",\"position\":4,\"name\":\"\u00c0lbums Il\u00b7lustrats\",\"item\":\"https:\\\/\\\/www.editorialjuventud.es\\\/coleccion\\\/albums-il%c2%b7lustrats\\\/\"},{\"@type\":\"ListItem\",\"position\":5,\"name\":\"Un Mili\u00f3 d'Amics\",\"item\":\"https:\\\/\\\/www.editorialjuventud.es\\\/coleccion\\\/un-milio-damics\\\/\"},{\"@type\":\"ListItem\",\"position\":6,\"name\":\"El llop, l&#8217;\u00e0nec i el ratol\u00ed\"}]},{\"@type\":\"WebSite\",\"@id\":\"https:\\\/\\\/www.editorialjuventud.es\\\/#website\",\"url\":\"https:\\\/\\\/www.editorialjuventud.es\\\/\",\"name\":\"Editorial Juventud\",\"description\":\"\",\"potentialAction\":[{\"@type\":\"SearchAction\",\"target\":{\"@type\":\"EntryPoint\",\"urlTemplate\":\"https:\\\/\\\/www.editorialjuventud.es\\\/?s={search_term_string}\"},\"query-input\":{\"@type\":\"PropertyValueSpecification\",\"valueRequired\":true,\"valueName\":\"search_term_string\"}}],\"inLanguage\":\"ca\"}]}<\/script>\n<!-- \/ Yoast SEO plugin. -->","yoast_head_json":{"title":"El llop, l'\u00e0nec i el ratol\u00ed - Editorial Juventud","description":"Un mat\u00ed ben d'hora, un ratol\u00ed es va topar amb un llop i va ser r\u00e0pidament engolit. El pobre ratol\u00ed pensava que all\u00f2 era la fi, per\u00f2 aviat va descobrir que","robots":{"index":"index","follow":"follow","max-snippet":"max-snippet:-1","max-image-preview":"max-image-preview:large","max-video-preview":"max-video-preview:-1"},"canonical":"https:\/\/www.editorialjuventud.es\/el-llop-lanec-i-el-ratoli-9788426144966\/","og_locale":"ca_ES","og_type":"article","og_title":"El llop, l'\u00e0nec i el ratol\u00ed - Editorial Juventud","og_description":"Un mat\u00ed ben d'hora, un ratol\u00ed es va topar amb un llop i va ser r\u00e0pidament engolit. El pobre ratol\u00ed pensava que all\u00f2 era la fi, per\u00f2 aviat va descobrir que","og_url":"https:\/\/www.editorialjuventud.es\/el-llop-lanec-i-el-ratoli-9788426144966\/","og_site_name":"Editorial Juventud","article_modified_time":"2019-10-21T11:43:32+00:00","og_image":[{"width":572,"height":770,"url":"https:\/\/www.editorialjuventud.es\/wp-content\/uploads\/4496cover.jpg","type":"image\/jpeg"}],"twitter_card":"summary_large_image","twitter_misc":{"Temps estimat de lectura":"1 minut"},"schema":{"@context":"https:\/\/schema.org","@graph":[{"@type":"WebPage","@id":"https:\/\/www.editorialjuventud.es\/el-llop-lanec-i-el-ratoli-9788426144966\/","url":"https:\/\/www.editorialjuventud.es\/el-llop-lanec-i-el-ratoli-9788426144966\/","name":"El llop, l'\u00e0nec i el ratol\u00ed - Editorial Juventud","isPartOf":{"@id":"https:\/\/www.editorialjuventud.es\/#website"},"primaryImageOfPage":{"@id":"https:\/\/www.editorialjuventud.es\/el-llop-lanec-i-el-ratoli-9788426144966\/#primaryimage"},"image":{"@id":"https:\/\/www.editorialjuventud.es\/el-llop-lanec-i-el-ratoli-9788426144966\/#primaryimage"},"thumbnailUrl":"https:\/\/www.editorialjuventud.es\/wp-content\/uploads\/4496cover.jpg","datePublished":"2018-10-24T09:55:29+00:00","dateModified":"2019-10-21T11:43:32+00:00","description":"Un mat\u00ed ben d'hora, un ratol\u00ed es va topar amb un llop i va ser r\u00e0pidament engolit. El pobre ratol\u00ed pensava que all\u00f2 era la fi, per\u00f2 aviat va descobrir que","breadcrumb":{"@id":"https:\/\/www.editorialjuventud.es\/el-llop-lanec-i-el-ratoli-9788426144966\/#breadcrumb"},"inLanguage":"ca","potentialAction":[{"@type":"ReadAction","target":["https:\/\/www.editorialjuventud.es\/el-llop-lanec-i-el-ratoli-9788426144966\/"]}]},{"@type":"ImageObject","inLanguage":"ca","@id":"https:\/\/www.editorialjuventud.es\/el-llop-lanec-i-el-ratoli-9788426144966\/#primaryimage","url":"https:\/\/www.editorialjuventud.es\/wp-content\/uploads\/4496cover.jpg","contentUrl":"https:\/\/www.editorialjuventud.es\/wp-content\/uploads\/4496cover.jpg","width":572,"height":770,"caption":"4496cover.jpg"},{"@type":"BreadcrumbList","@id":"https:\/\/www.editorialjuventud.es\/el-llop-lanec-i-el-ratoli-9788426144966\/#breadcrumb","itemListElement":[{"@type":"ListItem","position":1,"name":"Portada","item":"https:\/\/www.editorialjuventud.es\/"},{"@type":"ListItem","position":2,"name":"cat\u00e1logo","item":"https:\/\/www.editorialjuventud.es\/coleccion\/catalogo\/"},{"@type":"ListItem","position":3,"name":"catal\u00e0","item":"https:\/\/www.editorialjuventud.es\/coleccion\/catala\/"},{"@type":"ListItem","position":4,"name":"\u00c0lbums Il\u00b7lustrats","item":"https:\/\/www.editorialjuventud.es\/coleccion\/albums-il%c2%b7lustrats\/"},{"@type":"ListItem","position":5,"name":"Un Mili\u00f3 d'Amics","item":"https:\/\/www.editorialjuventud.es\/coleccion\/un-milio-damics\/"},{"@type":"ListItem","position":6,"name":"El llop, l&#8217;\u00e0nec i el ratol\u00ed"}]},{"@type":"WebSite","@id":"https:\/\/www.editorialjuventud.es\/#website","url":"https:\/\/www.editorialjuventud.es\/","name":"Editorial Juventud","description":"","potentialAction":[{"@type":"SearchAction","target":{"@type":"EntryPoint","urlTemplate":"https:\/\/www.editorialjuventud.es\/?s={search_term_string}"},"query-input":{"@type":"PropertyValueSpecification","valueRequired":true,"valueName":"search_term_string"}}],"inLanguage":"ca"}]}},"_links":{"self":[{"href":"https:\/\/www.editorialjuventud.es\/ca\/wp-json\/wp\/v2\/product\/18802","targetHints":{"allow":["GET"]}}],"collection":[{"href":"https:\/\/www.editorialjuventud.es\/ca\/wp-json\/wp\/v2\/product"}],"about":[{"href":"https:\/\/www.editorialjuventud.es\/ca\/wp-json\/wp\/v2\/types\/product"}],"wp:featuredmedia":[{"embeddable":true,"href":"https:\/\/www.editorialjuventud.es\/ca\/wp-json\/wp\/v2\/media\/18803"}],"wp:attachment":[{"href":"https:\/\/www.editorialjuventud.es\/ca\/wp-json\/wp\/v2\/media?parent=18802"}],"wp:term":[{"taxonomy":"product_brand","embeddable":true,"href":"https:\/\/www.editorialjuventud.es\/ca\/wp-json\/wp\/v2\/product_brand?post=18802"},{"taxonomy":"product_cat","embeddable":true,"href":"https:\/\/www.editorialjuventud.es\/ca\/wp-json\/wp\/v2\/product_cat?post=18802"},{"taxonomy":"product_tag","embeddable":true,"href":"https:\/\/www.editorialjuventud.es\/ca\/wp-json\/wp\/v2\/product_tag?post=18802"},{"taxonomy":"coleccion","embeddable":true,"href":"https:\/\/www.editorialjuventud.es\/ca\/wp-json\/wp\/v2\/coleccion?post=18802"}],"curies":[{"name":"wp","href":"https:\/\/api.w.org\/{rel}","templated":true}]}}